
{"id":125519,"date":"2025-05-13T16:30:28","date_gmt":"2025-05-13T16:30:28","guid":{"rendered":"https:\/\/mypalmleaf.com\/otazky-a-odpovedi-k-vykladum-z-palmovych-listu\/"},"modified":"2026-02-22T02:41:54","modified_gmt":"2026-02-22T02:41:54","slug":"otazky-a-odpovedi-k-vykladum-z-palmovych-listu","status":"publish","type":"page","link":"https:\/\/mypalmleaf.com\/cs\/otazky-a-odpovedi-k-vykladum-z-palmovych-listu\/","title":{"rendered":"Ot\u00e1zky a odpov\u011bdi k v\u00fdklad\u016fm z palmov\u00fdch list\u016f"},"content":{"rendered":"\n<div class=\"container py-5 mt-4\">\n    <h1 class=\"fw-bold my-3\">Ve\u010der ot\u00e1zek a odpov\u011bd\u00ed: Va\u0161e ot\u00e1zky o palmov\u00fdch listech<\/h1>\n    <p class=\"text-muted fs-5 mb-5\">Zaj\u00edm\u00e1 v\u00e1s mystick\u00fd sv\u011bt palmov\u00fdch list\u016f? Chcete se dozv\u011bd\u011bt v\u00edce o v\u00fdznamu v\u00fdklad\u016f z palmov\u00fdch list\u016f? Pak v\u00e1s srde\u010dn\u011b zvu na n\u00e1\u0161 ve\u010der ot\u00e1zek a odpov\u011bd\u00ed!  <\/p>\n\n    <div class=\"row align-items-center mb-5 py-4\" style=\"border-bottom: 2px solid #a0a0a0; border-top: 2px solid #a0a0a0;\">\n      <div class=\"col-md-3 text-center\">\n        <img decoding=\"async\" src=\"\/wp-content\/uploads\/2024\/08\/team-thumb-1.jpg\" alt=\"Stephan\" class=\"img-fluid rounded shadow\"\/>\n      <\/div>\n      <div class=\"col-md-9\">\n        <h5 class=\"fw-bold\">O p\u0159edn\u00e1\u0161ej\u00edc\u00edm: Stephan, zakladatel spole\u010dnosti Mypalmleaf<\/h5>\n        <p>Ve\u010der s ot\u00e1zkami a odpov\u011b\u010fmi povede Stephan, zakladatel spole\u010dnosti Mypalmleaf. Stephan je zku\u0161en\u00fd odborn\u00edk na v\u00fdklady z listu dlan\u011b a astrologii n\u00e1d\u00ed. Pot\u00e9, co str\u00e1vil n\u011bkolik let v Indii a nav\u0161t\u00edvil v\u00edce ne\u017e 30 v\u00fdklad\u016f z palmov\u00fdch list\u016f, z\u00edskal hlubok\u00e9 znalosti o t\u00e9to starobyl\u00e9 tradici.  <\/p>\n        <p>Stephan je zap\u00e1len\u00fd pro zp\u0159\u00edstupn\u011bn\u00ed znalost\u00ed o \u010dten\u00ed z palmov\u00fdch list\u016f a jejich duchovn\u00edm v\u00fdznamu v\u0161em. B\u011bhem ve\u010dera ot\u00e1zek a odpov\u011bd\u00ed r\u00e1d zodpov\u00ed v\u0161echny ot\u00e1zky t\u00fdkaj\u00edc\u00ed se tohoto fascinuj\u00edc\u00edho t\u00e9matu a pod\u011bl\u00ed se o sv\u00e9 cenn\u00e9 zku\u0161enosti. <\/p>\n      <\/div>\n    <\/div>\n\n<div class=\"mb-4\">\n      <h3 class=\"fw-bold\">Zeptejte se na cokoli p\u0159ed nebo po \u010dten\u00ed\n\n\n<\/h3>\n    <\/div>\n\n    <div class=\"mb-4\">\n      <p>Tento ve\u010der je pro v\u00e1s p\u0159\u00edle\u017eitost\u00ed polo\u017eit jak\u00e9koli ot\u00e1zky t\u00fdkaj\u00edc\u00ed se \u010dten\u00ed z palmov\u00fdch list\u016f &#8211; a\u0165 u\u017e p\u0159ed vlastn\u00edm \u010dten\u00edm, nebo po n\u011bm. Ka\u017ed\u00fd je v\u00edt\u00e1n, aby se p\u0159ipojil a zjistil, jak v\u00e1m tato starobyl\u00e1 moudrost m\u016f\u017ee pomoci l\u00e9pe porozum\u011bt va\u0161emu \u017eivotu. <\/p>\n    <\/div>\n\n    <div class=\"mb-4\">\n      <h5 class=\"fw-bold\">Kde?<\/h5>\n      <p>Ve\u010der ot\u00e1zek a odpov\u011bd\u00ed se uskute\u010dn\u00ed online prost\u0159ednictv\u00edm slu\u017eby Zoom.<\/p>\n    <\/div>\n\n    <div class=\"mb-4\">\n      <h5 class=\"fw-bold\">Kdy?<\/h5>\n      <p id=\"qa-event-date\">P\u0159\u00ed\u0161t\u00ed setk\u00e1n\u00ed s ot\u00e1zkami a odpov\u011b\u010fmi se kon\u00e1 4. b\u0159ezna od 19:00 do 19:30 hodin st\u0159edoevropsk\u00e9ho \u010dasu.<\/p>\n    <\/div>\n\n    <div class=\"mb-4\">\n      <h5 class=\"fw-bold\">Jak to funguje?<\/h5>\n      <p><strong>Otev\u0159eno pro v\u0161echny:<\/strong> M\u016f\u017eete p\u0159ich\u00e1zet a odch\u00e1zet podle pot\u0159eby. Jednodu\u0161e se p\u0159ipojte, kdykoli se v\u00e1m to hod\u00ed! <br\/>       <strong>Ptejte se:<\/strong> B\u011bhem akce budete m\u00edt mo\u017enost napsat sv\u00e9 ot\u00e1zky do chatu nebo zvednout ruku a mluvit se mnou \u017eiv\u011b. <br\/>     <strong>Kamera:<\/strong> Je \u017e\u00e1douc\u00ed, abyste si zapnuli kameru, a vytvo\u0159ili tak osobn\u011bj\u0161\u00ed atmosf\u00e9ru. Zejm\u00e9na pokud pokl\u00e1d\u00e1te ot\u00e1zku, zapn\u011bte si pros\u00edm kameru.  <\/p>\n    <\/div>\n\n    <div class=\"mb-4\">\n      <h5 class=\"fw-bold\">Pro\u010d byste se m\u011bli z\u00fa\u010dastnit?<\/h5>\n      <ul>\n        <li><strong>Dal\u0161\u00ed informace:<\/strong> Zjist\u011bte, jak\u00fd v\u00fdznam maj\u00ed v\u00fdklady z listu dlan\u011b, astrologie n\u00e1d\u00ed a jak v\u00e1s mohou nasm\u011brovat k pozitivn\u00edmu \u017eivotn\u00edmu sm\u011bru.<\/li>\n        <li><strong>Polo\u017ete sv\u00e9 ot\u00e1zky:<\/strong> Toto je va\u0161e p\u0159\u00edle\u017eitost polo\u017eit mi jak\u00e9koli ot\u00e1zky t\u00fdkaj\u00edc\u00ed se Palmov\u00fdch list\u016f a cel\u00e9ho procesu &#8211; p\u0159\u00edmo!<\/li>\n        <li><strong>Spole\u010denstv\u00ed:<\/strong> Setk\u00e1vejte se s dal\u0161\u00edmi z\u00e1jemci o v\u00fdklady z palmov\u00fdch list\u016f a sd\u00edlejte sv\u00e9 my\u0161lenky a zku\u0161enosti v respektuj\u00edc\u00edm a otev\u0159en\u00e9m prost\u0159ed\u00ed.<\/li>\n      <\/ul>\n    <\/div>\n\n    <div class=\"mb-5\">\n      <h5 class=\"fw-bold\">Jak se m\u016f\u017eete zapojit?<\/h5>\n      <p>Zaregistrujte se a z\u00edskejte odkaz na ud\u00e1lost ve form\u00e1tu Zoom.  <br\/>  P\u0159ihlaste se v ur\u010den\u00fd \u010das a bu\u010fte p\u0159ipraveni kl\u00e1st ot\u00e1zky nebo jen poslouchat.  <br\/>  Nev\u00e1hejte se p\u0159ipojit a odej\u00edt, jak si p\u0159ejete.<\/p>\n      <p>T\u011b\u0161\u00edm se na setk\u00e1n\u00ed s v\u00e1mi na ve\u010deru ot\u00e1zek a odpov\u011bd\u00ed a na v\u0161echny va\u0161e ot\u00e1zky!<\/p>\n    <\/div>\n\n    <div class=\"text-center\">\n      <a href=\"https:\/\/calendly.com\/onlinemeditationroom\/palm-leaf-reading-q-a\" class=\"btn btn-primary btn-lg\">Chci se z\u00fa\u010dastnit ve\u010dera Palm Leaf Q+A<\/a>\n    <\/div>\n  <\/div>\n\n<script>\ndocument.addEventListener(\"DOMContentLoaded\", function () {\n\n    const params = new URLSearchParams(window.location.search);\n    const eventDate = params.get(\"date\");\n\n    if (!eventDate) return;\n\n    const dateElement = document.getElementById(\"qa-event-date\");\n\n    dateElement.innerText =\n        `The next Q&A is on ${eventDate} 7:00\u20137:30 PM (Central European Time)`;\n\n});\n<\/script>\n","protected":false},"excerpt":{"rendered":"<p>Ve\u010der ot\u00e1zek a odpov\u011bd\u00ed: Va\u0161e ot\u00e1zky o palmov\u00fdch listech Zaj\u00edm\u00e1 v\u00e1s mystick\u00fd sv\u011bt palmov\u00fdch list\u016f? Chcete se dozv\u011bd\u011bt v\u00edce o v\u00fdznamu v\u00fdklad\u016f z palmov\u00fdch list\u016f? Pak v\u00e1s srde\u010dn\u011b zvu na n\u00e1\u0161 ve\u010der ot\u00e1zek a odpov\u011bd\u00ed! O p\u0159edn\u00e1\u0161ej\u00edc\u00edm: Stephan, zakladatel spole\u010dnosti Mypalmleaf Ve\u010der s ot\u00e1zkami a odpov\u011b\u010fmi povede Stephan, zakladatel spole\u010dnosti Mypalmleaf. Stephan je zku\u0161en\u00fd odborn\u00edk [&hellip;]<\/p>\n","protected":false},"author":406,"featured_media":0,"parent":0,"menu_order":0,"comment_status":"closed","ping_status":"closed","template":"","meta":{"_acf_changed":false,"footnotes":""},"class_list":["post-125519","page","type-page","status-publish","hentry"],"acf":[],"yoast_head":"<!-- This site is optimized with the Yoast SEO plugin v26.4 - https:\/\/yoast.com\/wordpress\/plugins\/seo\/ -->\n<title>Ot\u00e1zky a odpov\u011bdi k v\u00fdklad\u016fm z palmov\u00fdch list\u016f - My Palm Leaf<\/title>\n<meta name=\"robots\" content=\"index, follow, max-snippet:-1, max-image-preview:large, max-video-preview:-1\" \/>\n<link rel=\"canonical\" href=\"https:\/\/mypalmleaf.com\/cs\/otazky-a-odpovedi-k-vykladum-z-palmovych-listu\/\" \/>\n<meta property=\"og:locale\" content=\"cs_CZ\" \/>\n<meta property=\"og:type\" content=\"article\" \/>\n<meta property=\"og:title\" content=\"Ot\u00e1zky a odpov\u011bdi k v\u00fdklad\u016fm z palmov\u00fdch list\u016f - My Palm Leaf\" \/>\n<meta property=\"og:description\" content=\"Ve\u010der ot\u00e1zek a odpov\u011bd\u00ed: Va\u0161e ot\u00e1zky o palmov\u00fdch listech Zaj\u00edm\u00e1 v\u00e1s mystick\u00fd sv\u011bt palmov\u00fdch list\u016f? Chcete se dozv\u011bd\u011bt v\u00edce o v\u00fdznamu v\u00fdklad\u016f z palmov\u00fdch list\u016f? Pak v\u00e1s srde\u010dn\u011b zvu na n\u00e1\u0161 ve\u010der ot\u00e1zek a odpov\u011bd\u00ed! O p\u0159edn\u00e1\u0161ej\u00edc\u00edm: Stephan, zakladatel spole\u010dnosti Mypalmleaf Ve\u010der s ot\u00e1zkami a odpov\u011b\u010fmi povede Stephan, zakladatel spole\u010dnosti Mypalmleaf. Stephan je zku\u0161en\u00fd odborn\u00edk [&hellip;]\" \/>\n<meta property=\"og:url\" content=\"https:\/\/mypalmleaf.com\/cs\/otazky-a-odpovedi-k-vykladum-z-palmovych-listu\/\" \/>\n<meta property=\"og:site_name\" content=\"My Palm Leaf\" \/>\n<meta property=\"article:modified_time\" content=\"2026-02-22T02:41:54+00:00\" \/>\n<meta property=\"og:image\" content=\"https:\/\/mypalmleaf.com\/wp-content\/uploads\/2025\/08\/mpl-circle-logo.jpg\" \/>\n\t<meta property=\"og:image:width\" content=\"1200\" \/>\n\t<meta property=\"og:image:height\" content=\"1196\" \/>\n\t<meta property=\"og:image:type\" content=\"image\/jpeg\" \/>\n<meta name=\"twitter:card\" content=\"summary_large_image\" \/>\n<meta name=\"twitter:label1\" content=\"Odhadovan\u00e1 doba \u010dten\u00ed\" \/>\n\t<meta name=\"twitter:data1\" content=\"3 minuty\" \/>\n<script type=\"application\/ld+json\" class=\"yoast-schema-graph\">{\"@context\":\"https:\/\/schema.org\",\"@graph\":[{\"@type\":\"WebPage\",\"@id\":\"https:\/\/mypalmleaf.com\/cs\/otazky-a-odpovedi-k-vykladum-z-palmovych-listu\/\",\"url\":\"https:\/\/mypalmleaf.com\/cs\/otazky-a-odpovedi-k-vykladum-z-palmovych-listu\/\",\"name\":\"Ot\u00e1zky a odpov\u011bdi k v\u00fdklad\u016fm z palmov\u00fdch list\u016f - My Palm Leaf\",\"isPartOf\":{\"@id\":\"https:\/\/mypalmleaf.com\/#website\"},\"datePublished\":\"2025-05-13T16:30:28+00:00\",\"dateModified\":\"2026-02-22T02:41:54+00:00\",\"breadcrumb\":{\"@id\":\"https:\/\/mypalmleaf.com\/cs\/otazky-a-odpovedi-k-vykladum-z-palmovych-listu\/#breadcrumb\"},\"inLanguage\":\"cs\",\"potentialAction\":[{\"@type\":\"ReadAction\",\"target\":[\"https:\/\/mypalmleaf.com\/cs\/otazky-a-odpovedi-k-vykladum-z-palmovych-listu\/\"]}]},{\"@type\":\"BreadcrumbList\",\"@id\":\"https:\/\/mypalmleaf.com\/cs\/otazky-a-odpovedi-k-vykladum-z-palmovych-listu\/#breadcrumb\",\"itemListElement\":[{\"@type\":\"ListItem\",\"position\":1,\"name\":\"Home\",\"item\":\"https:\/\/mypalmleaf.com\/cs\/\"},{\"@type\":\"ListItem\",\"position\":2,\"name\":\"Ot\u00e1zky a odpov\u011bdi k v\u00fdklad\u016fm z palmov\u00fdch list\u016f\"}]},{\"@type\":\"WebSite\",\"@id\":\"https:\/\/mypalmleaf.com\/#website\",\"url\":\"https:\/\/mypalmleaf.com\/\",\"name\":\"My Palm Leaf\",\"description\":\"\",\"potentialAction\":[{\"@type\":\"SearchAction\",\"target\":{\"@type\":\"EntryPoint\",\"urlTemplate\":\"https:\/\/mypalmleaf.com\/?s={search_term_string}\"},\"query-input\":{\"@type\":\"PropertyValueSpecification\",\"valueRequired\":true,\"valueName\":\"search_term_string\"}}],\"inLanguage\":\"cs\"}]}<\/script>\n<!-- \/ Yoast SEO plugin. -->","yoast_head_json":{"title":"Ot\u00e1zky a odpov\u011bdi k v\u00fdklad\u016fm z palmov\u00fdch list\u016f - My Palm Leaf","robots":{"index":"index","follow":"follow","max-snippet":"max-snippet:-1","max-image-preview":"max-image-preview:large","max-video-preview":"max-video-preview:-1"},"canonical":"https:\/\/mypalmleaf.com\/cs\/otazky-a-odpovedi-k-vykladum-z-palmovych-listu\/","og_locale":"cs_CZ","og_type":"article","og_title":"Ot\u00e1zky a odpov\u011bdi k v\u00fdklad\u016fm z palmov\u00fdch list\u016f - My Palm Leaf","og_description":"Ve\u010der ot\u00e1zek a odpov\u011bd\u00ed: Va\u0161e ot\u00e1zky o palmov\u00fdch listech Zaj\u00edm\u00e1 v\u00e1s mystick\u00fd sv\u011bt palmov\u00fdch list\u016f? Chcete se dozv\u011bd\u011bt v\u00edce o v\u00fdznamu v\u00fdklad\u016f z palmov\u00fdch list\u016f? Pak v\u00e1s srde\u010dn\u011b zvu na n\u00e1\u0161 ve\u010der ot\u00e1zek a odpov\u011bd\u00ed! O p\u0159edn\u00e1\u0161ej\u00edc\u00edm: Stephan, zakladatel spole\u010dnosti Mypalmleaf Ve\u010der s ot\u00e1zkami a odpov\u011b\u010fmi povede Stephan, zakladatel spole\u010dnosti Mypalmleaf. Stephan je zku\u0161en\u00fd odborn\u00edk [&hellip;]","og_url":"https:\/\/mypalmleaf.com\/cs\/otazky-a-odpovedi-k-vykladum-z-palmovych-listu\/","og_site_name":"My Palm Leaf","article_modified_time":"2026-02-22T02:41:54+00:00","og_image":[{"width":1200,"height":1196,"url":"https:\/\/mypalmleaf.com\/wp-content\/uploads\/2025\/08\/mpl-circle-logo.jpg","type":"image\/jpeg"}],"twitter_card":"summary_large_image","twitter_misc":{"Odhadovan\u00e1 doba \u010dten\u00ed":"3 minuty"},"schema":{"@context":"https:\/\/schema.org","@graph":[{"@type":"WebPage","@id":"https:\/\/mypalmleaf.com\/cs\/otazky-a-odpovedi-k-vykladum-z-palmovych-listu\/","url":"https:\/\/mypalmleaf.com\/cs\/otazky-a-odpovedi-k-vykladum-z-palmovych-listu\/","name":"Ot\u00e1zky a odpov\u011bdi k v\u00fdklad\u016fm z palmov\u00fdch list\u016f - My Palm Leaf","isPartOf":{"@id":"https:\/\/mypalmleaf.com\/#website"},"datePublished":"2025-05-13T16:30:28+00:00","dateModified":"2026-02-22T02:41:54+00:00","breadcrumb":{"@id":"https:\/\/mypalmleaf.com\/cs\/otazky-a-odpovedi-k-vykladum-z-palmovych-listu\/#breadcrumb"},"inLanguage":"cs","potentialAction":[{"@type":"ReadAction","target":["https:\/\/mypalmleaf.com\/cs\/otazky-a-odpovedi-k-vykladum-z-palmovych-listu\/"]}]},{"@type":"BreadcrumbList","@id":"https:\/\/mypalmleaf.com\/cs\/otazky-a-odpovedi-k-vykladum-z-palmovych-listu\/#breadcrumb","itemListElement":[{"@type":"ListItem","position":1,"name":"Home","item":"https:\/\/mypalmleaf.com\/cs\/"},{"@type":"ListItem","position":2,"name":"Ot\u00e1zky a odpov\u011bdi k v\u00fdklad\u016fm z palmov\u00fdch list\u016f"}]},{"@type":"WebSite","@id":"https:\/\/mypalmleaf.com\/#website","url":"https:\/\/mypalmleaf.com\/","name":"My Palm Leaf","description":"","potentialAction":[{"@type":"SearchAction","target":{"@type":"EntryPoint","urlTemplate":"https:\/\/mypalmleaf.com\/?s={search_term_string}"},"query-input":{"@type":"PropertyValueSpecification","valueRequired":true,"valueName":"search_term_string"}}],"inLanguage":"cs"}]}},"_links":{"self":[{"href":"https:\/\/mypalmleaf.com\/cs\/wp-json\/wp\/v2\/pages\/125519","targetHints":{"allow":["GET"]}}],"collection":[{"href":"https:\/\/mypalmleaf.com\/cs\/wp-json\/wp\/v2\/pages"}],"about":[{"href":"https:\/\/mypalmleaf.com\/cs\/wp-json\/wp\/v2\/types\/page"}],"author":[{"embeddable":true,"href":"https:\/\/mypalmleaf.com\/cs\/wp-json\/wp\/v2\/users\/406"}],"replies":[{"embeddable":true,"href":"https:\/\/mypalmleaf.com\/cs\/wp-json\/wp\/v2\/comments?post=125519"}],"version-history":[{"count":1,"href":"https:\/\/mypalmleaf.com\/cs\/wp-json\/wp\/v2\/pages\/125519\/revisions"}],"predecessor-version":[{"id":125521,"href":"https:\/\/mypalmleaf.com\/cs\/wp-json\/wp\/v2\/pages\/125519\/revisions\/125521"}],"wp:attachment":[{"href":"https:\/\/mypalmleaf.com\/cs\/wp-json\/wp\/v2\/media?parent=125519"}],"curies":[{"name":"wp","href":"https:\/\/api.w.org\/{rel}","templated":true}]}}