
{"id":33274,"date":"2024-08-14T06:28:52","date_gmt":"2024-08-14T06:28:52","guid":{"rendered":"https:\/\/mypalmleaf.com\/blogy\/"},"modified":"2025-08-05T06:40:44","modified_gmt":"2025-08-05T06:40:44","slug":"blogy","status":"publish","type":"page","link":"https:\/\/mypalmleaf.com\/cs\/blogy\/","title":{"rendered":"Blogy"},"content":{"rendered":"<section class=\"spotlight-single top-gap\">\n  <div class=\"content-wrap\">\n    <div class=\"image\">\n      <picture>\n        <source media=\"(max-width: 999px)\" srcset=\"https:\/\/mypalmleaf.com\/wp-content\/uploads\/2024\/08\/blogs-spotlight-mob.jpg\" \/>\n        <source media=\"(min-width: 1000px)\" srcset=\"https:\/\/mypalmleaf.com\/wp-content\/uploads\/2024\/08\/blogs-spotlight.jpg\" \/>\n        <img decoding=\"async\" src=\"https:\/\/mypalmleaf.com\/wp-content\/uploads\/2024\/08\/blogs-spotlight.jpg\" class=\"img-fluid\" alt=\"\" \/>\n      <\/picture>\n    <\/div>\n    <div class=\"content\">\n      <div data-aos=\"fade-up\" data-aos-duration=\"1000\">\n        <h1>Blog a \u010dl\u00e1nky<\/h1>\n              <\/div>\n    <\/div>\n  <\/div>\n<\/section>\n\n  <section class=\"blog-card-wrap my-4\" data-aos=\"fade-up\" data-aos-duration=\"1000\">\n    <div class=\"container-xl\">\n      <div class=\"row gx-md-5\">\n                  <div class=\"col-lg-6 my-4\">\n            <div class=\"wrap\">\n              <div class=\"image\">\n                <div class=\"rounded-asset\"><img decoding=\"async\" src=\"https:\/\/mypalmleaf.com\/wp-content\/uploads\/2024\/08\/blog-thumb-1.jpg\" class=\"img-fluid\" alt=\"\"><\/div>\n              <\/div>\n              <div class=\"date\">28 prosince, 2024<\/div>\n              <div class=\"title\">Vedic &#038; Western Astrology:<\/div>\n              <div class=\"desc\"><p>Astrology, a celestial science, has been a significant aspect of various cultures, guiding individuals in understanding their destinies and the mysteries of the universe. Two prominent branches of astrology, Vedic and Western, have intrigued scholars and enthusiasts alike, each offering a unique lens through which to view the cosmos and human existence. ORIgins and philosophical [&hellip;]<\/p>\n<\/div>\n              <a href=\"https:\/\/mypalmleaf.com\/cs\/vedic-western-astrology\/\" class=\"stretched-link\"><\/a>\n            <\/div>\n          <\/div>\n                  <div class=\"col-lg-6 my-4\">\n            <div class=\"wrap\">\n              <div class=\"image\">\n                <div class=\"rounded-asset\"><img decoding=\"async\" src=\"https:\/\/mypalmleaf.com\/wp-content\/uploads\/2024\/08\/blog-15-1.jpg\" class=\"img-fluid\" alt=\"\"><\/div>\n              <\/div>\n              <div class=\"date\">23 prosince, 2024<\/div>\n              <div class=\"title\">P\u0159\u00edprava na \u010dten\u00ed z dlan\u011b<\/div>\n              <div class=\"desc\"><p>Hled\u00e1n\u00ed palmov\u00e9ho listu je hlubok\u00fd a kr\u00e1sn\u00fd proces. Tento proces se naplno rozvine sv\u00fdm transforma\u010dn\u00edm \u00fa\u010dinkem, kdy\u017e zv\u00e1\u017e\u00edte spr\u00e1vnou p\u0159\u00edpravu na \u010dten\u00ed z dlan\u011b. Proto se v tomto \u010dl\u00e1nku budeme v\u011bnovat vnit\u0159n\u00ed i praktick\u00e9 p\u0159\u00edprav\u011b na \u010dten\u00ed. Proces za\u010d\u00edn\u00e1 uv\u011bdom\u011bn\u00edm Za\u010d\u00edn\u00e1 to p\u0159edev\u0161\u00edm t\u00edm, \u017ee si uv\u011bdom\u00edte komplexn\u00ed kr\u00e1su tohoto procesu. Jak dojemn\u00e9 je, \u017ee [&hellip;]<\/p>\n<\/div>\n              <a href=\"https:\/\/mypalmleaf.com\/cs\/preparing-for-your-palm-leaf-reading\/\" class=\"stretched-link\"><\/a>\n            <\/div>\n          <\/div>\n                  <div class=\"col-lg-6 my-4\">\n            <div class=\"wrap\">\n              <div class=\"image\">\n                <div class=\"rounded-asset\"><img decoding=\"async\" src=\"https:\/\/mypalmleaf.com\/wp-content\/uploads\/2024\/08\/blog_a_comparative_study_main-listing.jpg\" class=\"img-fluid\" alt=\"\"><\/div>\n              <\/div>\n              <div class=\"date\">3 \u0159\u00edjna, 2023<\/div>\n              <div class=\"title\">Bo\u017esk\u00e9 spojen\u00ed: Hanuman, Saturn a va\u0161e \u010dten\u00ed z dlan\u011b.<\/div>\n              <div class=\"desc\"><p>Bo\u017esk\u00e9 spojen\u00ed: Hanuman, Saturn a va\u0161e \u010dten\u00ed z dlan\u011b. Pokud jste v ned\u00e1vn\u00e9 dob\u011b m\u011bli jedine\u010dnou zku\u0161enost s v\u00fdkladem z ruky prost\u0159ednictv\u00edm na\u0161ich specializovan\u00fdch slu\u017eeb, mo\u017en\u00e1 jste se setkali s doporu\u010den\u00edmi t\u00fdkaj\u00edc\u00edmi se P\u00e1na Hanumana a planety Saturn. Nejedn\u00e1 se o n\u00e1hodn\u00e9 doporu\u010den\u00ed. Je to hluboce zako\u0159en\u011bn\u00fd aspekt v\u00e9dsk\u00e9 astrologie a spirituality. V tomto \u010dl\u00e1nku [&hellip;]<\/p>\n<\/div>\n              <a href=\"https:\/\/mypalmleaf.com\/cs\/the-divine-connection-hanuman-saturn-your-palm-leaf-reading-journey\/\" class=\"stretched-link\"><\/a>\n            <\/div>\n          <\/div>\n                  <div class=\"col-lg-6 my-4\">\n            <div class=\"wrap\">\n              <div class=\"image\">\n                <div class=\"rounded-asset\"><img decoding=\"async\" src=\"https:\/\/mypalmleaf.com\/wp-content\/uploads\/2022\/11\/blog-3.jpg\" class=\"img-fluid\" alt=\"\"><\/div>\n              <\/div>\n              <div class=\"date\">15 listopadu, 2022<\/div>\n              <div class=\"title\">The Sacred Realm of Shambhala<\/div>\n              <div class=\"desc\"><p>Shambala is an oasis of compassion, love, freedom and light in a desert of ignorance and materialism. &#8211; Sahajananda There are many legends surrounding the sacred realm of Shambhala. Some saw it as a physical location. A paradise\/eutopia hidden high in the Himalaya. To others, it is a mysterious land inside the (apparently) hollow earth, [&hellip;]<\/p>\n<\/div>\n              <a href=\"https:\/\/mypalmleaf.com\/cs\/the-sacred-realm-of-shambhala\/\" class=\"stretched-link\"><\/a>\n            <\/div>\n          <\/div>\n                  <div class=\"col-lg-6 my-4\">\n            <div class=\"wrap\">\n              <div class=\"image\">\n                <div class=\"rounded-asset\"><img decoding=\"async\" src=\"https:\/\/mypalmleaf.com\/wp-content\/uploads\/2022\/08\/Adobe-Express-file-2-1.png\" class=\"img-fluid\" alt=\"\"><\/div>\n              <\/div>\n              <div class=\"date\">25 srpna, 2022<\/div>\n              <div class=\"title\">The Saptarishi \u2013 The 7 Great Vedic Sages<\/div>\n              <div class=\"desc\"><p>The Vedas are the earliest known works of spiritual literature on the planet. These and other great scriptures, for instance, Mahabharata and Ramayana, contain the stories of the Saptarishi, or seven great sages. These sages are the sons of the mighty Brahma. He sent them to earth, thus supporting the spiritual evolution of humanity and [&hellip;]<\/p>\n<\/div>\n              <a href=\"https:\/\/mypalmleaf.com\/cs\/the-saptarishi-the-7-great-vedic-sages\/\" class=\"stretched-link\"><\/a>\n            <\/div>\n          <\/div>\n                  <div class=\"col-lg-6 my-4\">\n            <div class=\"wrap\">\n              <div class=\"image\">\n                <div class=\"rounded-asset\"><img decoding=\"async\" src=\"https:\/\/mypalmleaf.com\/wp-content\/uploads\/2024\/08\/blog-23-2.jpg\" class=\"img-fluid\" alt=\"\"><\/div>\n              <\/div>\n              <div class=\"date\">26 \u010dervna, 2022<\/div>\n              <div class=\"title\">Kdo je \u0160r\u00ed Agastja Mah\u00e1ri\u0161i?<\/div>\n              <div class=\"desc\"><p>Kdo je \u0160r\u00ed Agastja Mah\u00e1ri\u0161i? \u0160r\u00ed Agastja (n\u011bkdy ps\u00e1no Agathiyar nebo Agasti) je principem mezi Saptari\u0161i. Saptari\u0161i je 7 velmi v\u00fdznamn\u00fdch duchovn\u00edch mistr\u016f z v\u00e9dsk\u00e9ho obdob\u00ed v Indii. Byli autory rukopis\u016f na palmov\u00fdch listech, p\u0159isp\u011bli k medic\u00edn\u011b, astrologii, gramatice, dokonce i k bojov\u00fdm um\u011bn\u00edm a vytvo\u0159ili mnoho d\u016fle\u017eit\u00fdch text\u016f. Vzhledem k tomu, \u017ee \u0160r\u00ed Agastja [&hellip;]<\/p>\n<\/div>\n              <a href=\"https:\/\/mypalmleaf.com\/cs\/kdo-je-sri-agastja-maharisi\/\" class=\"stretched-link\"><\/a>\n            <\/div>\n          <\/div>\n                  <div class=\"col-lg-6 my-4\">\n            <div class=\"wrap\">\n              <div class=\"image\">\n                <div class=\"rounded-asset\"><img decoding=\"async\" src=\"https:\/\/mypalmleaf.com\/wp-content\/uploads\/2022\/06\/Adobe-Express-file-17.jpg\" class=\"img-fluid\" alt=\"\"><\/div>\n              <\/div>\n              <div class=\"date\">15 \u010dervna, 2022<\/div>\n              <div class=\"title\">The Grace of the Palm Leaf Prophecies<\/div>\n              <div class=\"desc\"><p>\u201cWhat if you could consciously connect with [the subtle level of this reality] and feel it unconditionally holding you, supporting, guiding and loving you in every aspect of your life?\u201d Subtle Dimension of Grace?What if there was a subtle dimension of this reality that literally emanated love and support for this world and everyone in [&hellip;]<\/p>\n<\/div>\n              <a href=\"https:\/\/mypalmleaf.com\/cs\/the-grace-of-the-palm-leaf-prophecies\/\" class=\"stretched-link\"><\/a>\n            <\/div>\n          <\/div>\n                  <div class=\"col-lg-6 my-4\">\n            <div class=\"wrap\">\n              <div class=\"image\">\n                <div class=\"rounded-asset\"><img decoding=\"async\" src=\"https:\/\/mypalmleaf.com\/wp-content\/uploads\/2021\/09\/Adobe-Express-file-6-1.png\" class=\"img-fluid\" alt=\"\"><\/div>\n              <\/div>\n              <div class=\"date\">2 z\u00e1\u0159\u00ed, 2021<\/div>\n              <div class=\"title\">Maharishis and Nadi Astrology<\/div>\n              <div class=\"desc\"><p>The palm leaf manuscripts and the Nadi astrology predictions they contain were written by Siddhas, Maharishis and scholars. They wrote these texts were written in several different languages. We know that scholars are specialists in a particular field of study or academics, but who are these Siddhas or rishis? SIDDHAS, MAHARISHIS, AND NADI ASTROLOGY Siddhas [&hellip;]<\/p>\n<\/div>\n              <a href=\"https:\/\/mypalmleaf.com\/cs\/maharishis-and-nadi-astrology\/\" class=\"stretched-link\"><\/a>\n            <\/div>\n          <\/div>\n              <\/div>\n          <\/div>\n  <\/section>\n\n\n\n<section class=\"find-your-palm-leaf-block\" data-aos=\"fade-up\" data-aos-duration=\"1000\">\n  <div class=\"container-fluid px-0\">\n    <div class=\"row g-0\">\n      <div class=\"col\">\n        <div class=\"find-your-leaf-bg\">\n          <picture>\n            <source media=\"(max-width: 999px)\" srcset=\"https:\/\/mypalmleaf.com\/wp-content\/uploads\/2024\/08\/Find-your-Palm-Leaf-mob.jpg\" \/>\n            <source media=\"(min-width: 1000px)\" srcset=\"https:\/\/mypalmleaf.com\/wp-content\/uploads\/2024\/08\/Find-your-Palm-Leaf.jpg\" \/>\n            <img decoding=\"async\" src=\"https:\/\/mypalmleaf.com\/wp-content\/uploads\/2024\/08\/Find-your-Palm-Leaf.jpg\" class=\"img-fluid\" alt=\"\" \/>\n          <\/picture>\n        <\/div>\n      <\/div>\n    <\/div>\n    <div class=\"content\">\n      <div class=\"container-xl\" data-aos=\"fade-up\" data-aos-duration=\"1000\">\n        <div class=\"row py-4\">\n          <div class=\"col-lg-8 mx-auto\">\n            <h2 class=\"mb-2\">Najd\u011bte sv\u016fj palmov\u00fd list!<\/h2>\n            <ul>\n<li>K tomu, abyste mohli za\u010d\u00edt hledat sv\u016fj list dlan\u011b, sta\u010d\u00ed otisk palce.<\/li>\n<li>Pokud pot\u0159ebujete p\u0159eklad do jin\u00e9ho jazyka, m\u016f\u017eeme v\u00e1m ho poskytnout.<\/li>\n<li>Pokud v\u00e1\u0161 palmov\u00fd list nenajdeme ve 3 vhodn\u00fdch term\u00ednech, vr\u00e1t\u00edme v\u00e1m celou \u010d\u00e1stku.<\/li>\n<\/ul>\n          <\/div>\n        <\/div>\n        <div class=\"row mt-4\">\n          <div class=\"col text-center\">\n            <a href=\"\/cs\/prices\/find-your-palm-leaf-and-read-the-general-chapter\/\" class=\"btn btn-primary\">Naj\u00edt m\u016fj list<\/a>\n          <\/div>\n        <\/div>\n      <\/div>\n    <\/div>\n  <\/div>\n<\/section>","protected":false},"excerpt":{"rendered":"","protected":false},"author":1,"featured_media":0,"parent":0,"menu_order":0,"comment_status":"closed","ping_status":"closed","template":"","meta":{"_acf_changed":false,"footnotes":""},"class_list":["post-33274","page","type-page","status-publish","hentry"],"acf":[],"yoast_head":"<!-- This site is optimized with the Yoast SEO plugin v26.4 - https:\/\/yoast.com\/wordpress\/plugins\/seo\/ -->\n<title>Blogy - My Palm Leaf<\/title>\n<meta name=\"description\" content=\"Exploreaz\u0103 bloguri din comunitatea noastr\u0103 ce \u00eemp\u0103rt\u0103\u0219esc experien\u021be \u0219i \u00een\u021belepciune spiritual\u0103 prin citirea frunzelor de palmier.\" \/>\n<meta name=\"robots\" content=\"index, follow, max-snippet:-1, max-image-preview:large, max-video-preview:-1\" \/>\n<link rel=\"canonical\" href=\"https:\/\/mypalmleaf.com\/cs\/blogy\/\" \/>\n<meta property=\"og:locale\" content=\"cs_CZ\" \/>\n<meta property=\"og:type\" content=\"article\" \/>\n<meta property=\"og:title\" content=\"Blogy - My Palm Leaf\" \/>\n<meta property=\"og:description\" content=\"Exploreaz\u0103 bloguri din comunitatea noastr\u0103 ce \u00eemp\u0103rt\u0103\u0219esc experien\u021be \u0219i \u00een\u021belepciune spiritual\u0103 prin citirea frunzelor de palmier.\" \/>\n<meta property=\"og:url\" content=\"https:\/\/mypalmleaf.com\/cs\/blogy\/\" \/>\n<meta property=\"og:site_name\" content=\"My Palm Leaf\" \/>\n<meta property=\"article:modified_time\" content=\"2025-08-05T06:40:44+00:00\" \/>\n<meta property=\"og:image\" content=\"https:\/\/mypalmleaf.com\/wp-content\/uploads\/2025\/08\/mpl-circle-logo.jpg\" \/>\n\t<meta property=\"og:image:width\" content=\"1200\" \/>\n\t<meta property=\"og:image:height\" content=\"1196\" \/>\n\t<meta property=\"og:image:type\" content=\"image\/jpeg\" \/>\n<meta name=\"twitter:card\" content=\"summary_large_image\" \/>\n<script type=\"application\/ld+json\" class=\"yoast-schema-graph\">{\"@context\":\"https:\/\/schema.org\",\"@graph\":[{\"@type\":\"WebPage\",\"@id\":\"https:\/\/mypalmleaf.com\/cs\/blogy\/\",\"url\":\"https:\/\/mypalmleaf.com\/cs\/blogy\/\",\"name\":\"Blogy - My Palm Leaf\",\"isPartOf\":{\"@id\":\"https:\/\/mypalmleaf.com\/#website\"},\"datePublished\":\"2024-08-14T06:28:52+00:00\",\"dateModified\":\"2025-08-05T06:40:44+00:00\",\"description\":\"Exploreaz\u0103 bloguri din comunitatea noastr\u0103 ce \u00eemp\u0103rt\u0103\u0219esc experien\u021be \u0219i \u00een\u021belepciune spiritual\u0103 prin citirea frunzelor de palmier.\",\"breadcrumb\":{\"@id\":\"https:\/\/mypalmleaf.com\/cs\/blogy\/#breadcrumb\"},\"inLanguage\":\"cs\",\"potentialAction\":[{\"@type\":\"ReadAction\",\"target\":[\"https:\/\/mypalmleaf.com\/cs\/blogy\/\"]}]},{\"@type\":\"BreadcrumbList\",\"@id\":\"https:\/\/mypalmleaf.com\/cs\/blogy\/#breadcrumb\",\"itemListElement\":[{\"@type\":\"ListItem\",\"position\":1,\"name\":\"Home\",\"item\":\"https:\/\/mypalmleaf.com\/cs\/\"},{\"@type\":\"ListItem\",\"position\":2,\"name\":\"Blogy\"}]},{\"@type\":\"WebSite\",\"@id\":\"https:\/\/mypalmleaf.com\/#website\",\"url\":\"https:\/\/mypalmleaf.com\/\",\"name\":\"My Palm Leaf\",\"description\":\"\",\"potentialAction\":[{\"@type\":\"SearchAction\",\"target\":{\"@type\":\"EntryPoint\",\"urlTemplate\":\"https:\/\/mypalmleaf.com\/?s={search_term_string}\"},\"query-input\":{\"@type\":\"PropertyValueSpecification\",\"valueRequired\":true,\"valueName\":\"search_term_string\"}}],\"inLanguage\":\"cs\"}]}<\/script>\n<!-- \/ Yoast SEO plugin. -->","yoast_head_json":{"title":"Blogy - My Palm Leaf","description":"Exploreaz\u0103 bloguri din comunitatea noastr\u0103 ce \u00eemp\u0103rt\u0103\u0219esc experien\u021be \u0219i \u00een\u021belepciune spiritual\u0103 prin citirea frunzelor de palmier.","robots":{"index":"index","follow":"follow","max-snippet":"max-snippet:-1","max-image-preview":"max-image-preview:large","max-video-preview":"max-video-preview:-1"},"canonical":"https:\/\/mypalmleaf.com\/cs\/blogy\/","og_locale":"cs_CZ","og_type":"article","og_title":"Blogy - My Palm Leaf","og_description":"Exploreaz\u0103 bloguri din comunitatea noastr\u0103 ce \u00eemp\u0103rt\u0103\u0219esc experien\u021be \u0219i \u00een\u021belepciune spiritual\u0103 prin citirea frunzelor de palmier.","og_url":"https:\/\/mypalmleaf.com\/cs\/blogy\/","og_site_name":"My Palm Leaf","article_modified_time":"2025-08-05T06:40:44+00:00","og_image":[{"width":1200,"height":1196,"url":"https:\/\/mypalmleaf.com\/wp-content\/uploads\/2025\/08\/mpl-circle-logo.jpg","type":"image\/jpeg"}],"twitter_card":"summary_large_image","schema":{"@context":"https:\/\/schema.org","@graph":[{"@type":"WebPage","@id":"https:\/\/mypalmleaf.com\/cs\/blogy\/","url":"https:\/\/mypalmleaf.com\/cs\/blogy\/","name":"Blogy - My Palm Leaf","isPartOf":{"@id":"https:\/\/mypalmleaf.com\/#website"},"datePublished":"2024-08-14T06:28:52+00:00","dateModified":"2025-08-05T06:40:44+00:00","description":"Exploreaz\u0103 bloguri din comunitatea noastr\u0103 ce \u00eemp\u0103rt\u0103\u0219esc experien\u021be \u0219i \u00een\u021belepciune spiritual\u0103 prin citirea frunzelor de palmier.","breadcrumb":{"@id":"https:\/\/mypalmleaf.com\/cs\/blogy\/#breadcrumb"},"inLanguage":"cs","potentialAction":[{"@type":"ReadAction","target":["https:\/\/mypalmleaf.com\/cs\/blogy\/"]}]},{"@type":"BreadcrumbList","@id":"https:\/\/mypalmleaf.com\/cs\/blogy\/#breadcrumb","itemListElement":[{"@type":"ListItem","position":1,"name":"Home","item":"https:\/\/mypalmleaf.com\/cs\/"},{"@type":"ListItem","position":2,"name":"Blogy"}]},{"@type":"WebSite","@id":"https:\/\/mypalmleaf.com\/#website","url":"https:\/\/mypalmleaf.com\/","name":"My Palm Leaf","description":"","potentialAction":[{"@type":"SearchAction","target":{"@type":"EntryPoint","urlTemplate":"https:\/\/mypalmleaf.com\/?s={search_term_string}"},"query-input":{"@type":"PropertyValueSpecification","valueRequired":true,"valueName":"search_term_string"}}],"inLanguage":"cs"}]}},"_links":{"self":[{"href":"https:\/\/mypalmleaf.com\/cs\/wp-json\/wp\/v2\/pages\/33274","targetHints":{"allow":["GET"]}}],"collection":[{"href":"https:\/\/mypalmleaf.com\/cs\/wp-json\/wp\/v2\/pages"}],"about":[{"href":"https:\/\/mypalmleaf.com\/cs\/wp-json\/wp\/v2\/types\/page"}],"author":[{"embeddable":true,"href":"https:\/\/mypalmleaf.com\/cs\/wp-json\/wp\/v2\/users\/1"}],"replies":[{"embeddable":true,"href":"https:\/\/mypalmleaf.com\/cs\/wp-json\/wp\/v2\/comments?post=33274"}],"version-history":[{"count":0,"href":"https:\/\/mypalmleaf.com\/cs\/wp-json\/wp\/v2\/pages\/33274\/revisions"}],"wp:attachment":[{"href":"https:\/\/mypalmleaf.com\/cs\/wp-json\/wp\/v2\/media?parent=33274"}],"curies":[{"name":"wp","href":"https:\/\/api.w.org\/{rel}","templated":true}]}}