
{"id":33322,"date":"2024-08-14T18:58:17","date_gmt":"2024-08-14T18:58:17","guid":{"rendered":"https:\/\/mypalmleaf.com\/text\/"},"modified":"2024-10-17T19:30:07","modified_gmt":"2024-10-17T19:30:07","slug":"text","status":"publish","type":"page","link":"https:\/\/mypalmleaf.com\/cs\/text\/","title":{"rendered":"Text"},"content":{"rendered":"\n<section class=\"testimonial-block my-6 pt-5 pt-md-0 mb-4 mt-xs-4\">\n  <div class=\"container-xl\">\n    <div class=\"row\">\n      <div class=\"col text-center\">\n        <h1 class=\"py-4\">Zku\u0161enosti<\/h1>\n      <\/div>\n    <\/div>\n    <div class=\"row\">\n      <div class=\"col text-center\">\n        <div class=\"tetimonial-tabs\">\n          <ul>\n            <li>\n              <ul>\n                                                  <li><a href=\"https:\/\/mypalmleaf.com\/cs\/video\/\" class=\"\">Video<\/a><\/li>\n                                                    <li><a href=\"javascript:;\" class=\"active\">Text<\/a><\/li>\n                                                <\/ul>\n            <\/li>\n          <\/ul>\n        <\/div>\n      <\/div>\n    <\/div>\n    <div class=\"row\">\n              <div class=\"col-lg-6 slider-wrap inner my-5\">\n          <div class=\"slides\">\n            <div class=\"wrap\">\n              <div class=\"user-img\"><img decoding=\"async\" src=\"https:\/\/mypalmleaf.com\/wp-content\/uploads\/2024\/09\/testimonials_crystal.jpg\" class=\"img-fluid rounded-circle\" alt=\"\"><\/div>\n              <div class=\"text\">\n                <p>\u201eM\u00e9 \u010dten\u00ed z palmov\u00fdch list\u016f bylo pou\u010dn\u00e9 a inspiruj\u00edc\u00ed. Od za\u010d\u00e1tku jsem pro\u017e\u00edval mnoho emoc\u00ed souvisej\u00edc\u00edch s m\u00fdm \u010dten\u00edm \u2013 nervozitu z procesu zad\u00e1n\u00ed, nad\u0161en\u00ed z objevov\u00e1n\u00ed m\u00e9ho listu a \u00fadiv nad obsahem.\u201c<\/p>\n              <\/div>\n              <div class=\"name\">Crystal<\/div>\n            <\/div>\n          <\/div>\n        <\/div>\n              <div class=\"col-lg-6 slider-wrap inner my-5\">\n          <div class=\"slides\">\n            <div class=\"wrap\">\n              <div class=\"user-img\"><img decoding=\"async\" src=\"https:\/\/mypalmleaf.com\/wp-content\/uploads\/2024\/09\/testimonials_ricky.jpg\" class=\"img-fluid rounded-circle\" alt=\"\"><\/div>\n              <div class=\"text\">\n                <p>\u201e\u010cten\u00ed z dlan\u011b bylo vz\u00e1cn\u00fdm a v\u00fd\u017eivn\u00fdm darem pro mou du\u0161i. Post\u0159ehy a veden\u00ed rishis, stejn\u011b jako l\u00e9ky, byly kr\u00e1sn\u00fdm potvrzen\u00edm, \u017ee jsem na spr\u00e1vn\u00e9 cest\u011b. Spr\u0161ka v\u00edry a d\u016fv\u011bry, kter\u00e1 mi poslou\u017eila jako velk\u00e1 podpora.<\/p>\n<p>N\u011bkolik t\u00fddn\u016f po \u010dten\u00ed z dlan\u011b c\u00edt\u00edm po\u017eehn\u00e1n\u00ed \u010dten\u00ed, spojen\u00ed s touto starod\u00e1vnou tradic\u00ed a vid\u00edm, jak prob\u00edhaj\u00ed ur\u010dit\u00e9 transformace.\u201c<\/p>\n              <\/div>\n              <div class=\"name\">Ricky<\/div>\n            <\/div>\n          <\/div>\n        <\/div>\n              <div class=\"col-lg-6 slider-wrap inner my-5\">\n          <div class=\"slides\">\n            <div class=\"wrap\">\n              <div class=\"user-img\"><img decoding=\"async\" src=\"https:\/\/mypalmleaf.com\/wp-content\/uploads\/2024\/09\/testimonials_aimee.jpg\" class=\"img-fluid rounded-circle\" alt=\"\"><\/div>\n              <div class=\"text\">\n                <p>Nalezen\u00ed m\u00e9ho palmov\u00e9ho listu bylo \u0161okuj\u00edc\u00ed a posv\u00e1tn\u011bj\u0161\u00ed, ne\u017e bych \u010dekal. V\u0161ichni z\u00fa\u010dastn\u011bn\u00ed byli opravdu up\u0159\u00edmn\u00ed a c\u00edtil jsem se po\u017eehn\u00e1n, \u017ee m\u00e1m jejich podporu. \u010cten\u00ed mi pomohlo v\u00edce si v\u011b\u0159it a odevzdat se l\u00e1sce. Potvrdilo mi to, jakou karmu a jak\u00e9 v\u00fdzvy mus\u00edm ve sv\u00e9m \u017eivot\u011b p\u0159ekonat, co\u017e mi ji\u017e nyn\u00ed umo\u017e\u0148uje v\u011bt\u0161\u00ed plynulost a otev\u0159enost v \u017eivot\u011b.<\/p>\n              <\/div>\n              <div class=\"name\">Aimee<\/div>\n            <\/div>\n          <\/div>\n        <\/div>\n              <div class=\"col-lg-6 slider-wrap inner my-5\">\n          <div class=\"slides\">\n            <div class=\"wrap\">\n              <div class=\"user-img\"><img decoding=\"async\" src=\"https:\/\/mypalmleaf.com\/wp-content\/uploads\/2024\/09\/testimonials_jair.jpg\" class=\"img-fluid rounded-circle\" alt=\"\"><\/div>\n              <div class=\"text\">\n                <p>Moje zku\u0161enost se \u010dten\u00edm palmov\u00fdch list\u016f byla velmi siln\u00e1. Kdy\u017e jsem o tom poprv\u00e9 sly\u0161el, byl jsem skeptick\u00fd, ale pozd\u011bji, kdy\u017e jsem si pov\u00eddal na Zoomu s br\u00e1hmansk\u00fdm a tamilsk\u00fdm p\u0159ekladatelem, jasn\u011b jsem c\u00edtil p\u0159esnost informac\u00ed, kter\u00e9 jsem dost\u00e1val, a otev\u0159el se po\u017eehn\u00e1n\u00edm rishi a posv\u00e1tnosti. za t\u00edmto. Velice v\u00e1m d\u011bkuji za tento z\u00e1\u017eitek, kter\u00fd v\u00e1m otev\u0159el o\u010di.<\/p>\n              <\/div>\n              <div class=\"name\">Jair<\/div>\n            <\/div>\n          <\/div>\n        <\/div>\n              <div class=\"col-lg-6 slider-wrap inner my-5\">\n          <div class=\"slides\">\n            <div class=\"wrap\">\n              <div class=\"user-img\"><img decoding=\"async\" src=\"https:\/\/mypalmleaf.com\/wp-content\/uploads\/2024\/08\/thomas.jpg\" class=\"img-fluid rounded-circle\" alt=\"\"><\/div>\n              <div class=\"text\">\n                <p>Jsem v\u00edc ne\u017e \u0161\u0165astn\u00fd, \u017ee m\u011b palmov\u00fd list na\u0161el. Na sv\u00e9 cest\u011b m\u011b v\u017edy p\u0159itahuje j\u00edt hloub\u011bji do sebe a tento palmov\u00fd list je k tomu neuv\u011b\u0159iteln\u00fd n\u00e1stroj. Nem\u016f\u017eu se do\u010dkat, a\u017e za p\u00e1r dn\u00ed pou\u017eiji l\u00e9ky na nadch\u00e1zej\u00edc\u00ed \u00fapln\u011bk.<\/p>\n<p>D\u011bkuji Stephane za koordinaci a usnadn\u011bn\u00ed p\u0159\u00edstupu k palmov\u00e9mu listu pro v\u0161echny, je to velk\u00fd dar pro lidstvo.<\/p>\n              <\/div>\n              <div class=\"name\">Thomas<\/div>\n            <\/div>\n          <\/div>\n        <\/div>\n              <div class=\"col-lg-6 slider-wrap inner my-5\">\n          <div class=\"slides\">\n            <div class=\"wrap\">\n              <div class=\"user-img\"><img decoding=\"async\" src=\"https:\/\/mypalmleaf.com\/wp-content\/uploads\/2024\/08\/casey.jpg\" class=\"img-fluid rounded-circle\" alt=\"\"><\/div>\n              <div class=\"text\">\n                <p>Nalezen\u00ed m\u00e9ho palmov\u00e9ho listu mi pomohlo v\u00edce v\u011b\u0159it \u017eivotu a tomu, jak se v\u011bci d\u011bj\u00ed. V\u017edycky jsem byl n\u011bkdo, kdo p\u0159em\u00fd\u0161lel, jestli jsem na spr\u00e1vn\u00e9 cest\u011b, co\u017e mi v mnoha ohledech br\u00e1nilo posouvat se vp\u0159ed. Veden\u00ed, kter\u00e9 jsem obdr\u017eel od rishi\u016f, mi dalo pocit \u201esvolen\u00ed\u201c \u017e\u00edt \u017eivotn\u00ed cestu, po kter\u00e9 jsem byl v\u017edy povol\u00e1n, a m\u00edt v\u011bt\u0161\u00ed d\u016fv\u011bru ve sv\u016fj proces a zp\u016fsob, jak\u00fdm se v\u011bci vyv\u00edjej\u00ed. Obdr\u017eet po\u017eehn\u00e1n\u00ed od rishi\u016f bylo velk\u00fdm darem.<\/p>\n              <\/div>\n              <div class=\"name\">Casey<\/div>\n            <\/div>\n          <\/div>\n        <\/div>\n          <\/div>\n        <\/div>\n  <\/div>\n      <div class=\"parallax-item-5 parallax-item\" data-speed=\"parallax-item-7\"><img decoding=\"async\" src=\"https:\/\/mypalmleaf.com\/wp-content\/uploads\/2024\/08\/parallax-item-5-2.png\" class=\"img-fluid\" alt=\"\"><\/div>\n  <\/section>","protected":false},"excerpt":{"rendered":"","protected":false},"author":1,"featured_media":0,"parent":0,"menu_order":0,"comment_status":"closed","ping_status":"closed","template":"","meta":{"_acf_changed":false,"footnotes":""},"class_list":["post-33322","page","type-page","status-publish","hentry"],"acf":[],"yoast_head":"<!-- This site is optimized with the Yoast SEO plugin v26.4 - https:\/\/yoast.com\/wordpress\/plugins\/seo\/ -->\n<title>Text - My Palm Leaf<\/title>\n<meta name=\"robots\" content=\"index, follow, max-snippet:-1, max-image-preview:large, max-video-preview:-1\" \/>\n<link rel=\"canonical\" href=\"https:\/\/mypalmleaf.com\/cs\/text\/\" \/>\n<meta property=\"og:locale\" content=\"cs_CZ\" \/>\n<meta property=\"og:type\" content=\"article\" \/>\n<meta property=\"og:title\" content=\"Text - My Palm Leaf\" \/>\n<meta property=\"og:url\" content=\"https:\/\/mypalmleaf.com\/cs\/text\/\" \/>\n<meta property=\"og:site_name\" content=\"My Palm Leaf\" \/>\n<meta property=\"article:modified_time\" content=\"2024-10-17T19:30:07+00:00\" \/>\n<meta property=\"og:image\" content=\"https:\/\/mypalmleaf.com\/wp-content\/uploads\/2025\/08\/mpl-circle-logo.jpg\" \/>\n\t<meta property=\"og:image:width\" content=\"1200\" \/>\n\t<meta property=\"og:image:height\" content=\"1196\" \/>\n\t<meta property=\"og:image:type\" content=\"image\/jpeg\" \/>\n<meta name=\"twitter:card\" content=\"summary_large_image\" \/>\n<script type=\"application\/ld+json\" class=\"yoast-schema-graph\">{\"@context\":\"https:\/\/schema.org\",\"@graph\":[{\"@type\":\"WebPage\",\"@id\":\"https:\/\/mypalmleaf.com\/cs\/text\/\",\"url\":\"https:\/\/mypalmleaf.com\/cs\/text\/\",\"name\":\"Text - My Palm Leaf\",\"isPartOf\":{\"@id\":\"https:\/\/mypalmleaf.com\/#website\"},\"datePublished\":\"2024-08-14T18:58:17+00:00\",\"dateModified\":\"2024-10-17T19:30:07+00:00\",\"breadcrumb\":{\"@id\":\"https:\/\/mypalmleaf.com\/cs\/text\/#breadcrumb\"},\"inLanguage\":\"cs\",\"potentialAction\":[{\"@type\":\"ReadAction\",\"target\":[\"https:\/\/mypalmleaf.com\/cs\/text\/\"]}]},{\"@type\":\"BreadcrumbList\",\"@id\":\"https:\/\/mypalmleaf.com\/cs\/text\/#breadcrumb\",\"itemListElement\":[{\"@type\":\"ListItem\",\"position\":1,\"name\":\"Home\",\"item\":\"https:\/\/mypalmleaf.com\/cs\/\"},{\"@type\":\"ListItem\",\"position\":2,\"name\":\"Text\"}]},{\"@type\":\"WebSite\",\"@id\":\"https:\/\/mypalmleaf.com\/#website\",\"url\":\"https:\/\/mypalmleaf.com\/\",\"name\":\"My Palm Leaf\",\"description\":\"\",\"potentialAction\":[{\"@type\":\"SearchAction\",\"target\":{\"@type\":\"EntryPoint\",\"urlTemplate\":\"https:\/\/mypalmleaf.com\/?s={search_term_string}\"},\"query-input\":{\"@type\":\"PropertyValueSpecification\",\"valueRequired\":true,\"valueName\":\"search_term_string\"}}],\"inLanguage\":\"cs\"}]}<\/script>\n<!-- \/ Yoast SEO plugin. -->","yoast_head_json":{"title":"Text - My Palm Leaf","robots":{"index":"index","follow":"follow","max-snippet":"max-snippet:-1","max-image-preview":"max-image-preview:large","max-video-preview":"max-video-preview:-1"},"canonical":"https:\/\/mypalmleaf.com\/cs\/text\/","og_locale":"cs_CZ","og_type":"article","og_title":"Text - My Palm Leaf","og_url":"https:\/\/mypalmleaf.com\/cs\/text\/","og_site_name":"My Palm Leaf","article_modified_time":"2024-10-17T19:30:07+00:00","og_image":[{"width":1200,"height":1196,"url":"https:\/\/mypalmleaf.com\/wp-content\/uploads\/2025\/08\/mpl-circle-logo.jpg","type":"image\/jpeg"}],"twitter_card":"summary_large_image","schema":{"@context":"https:\/\/schema.org","@graph":[{"@type":"WebPage","@id":"https:\/\/mypalmleaf.com\/cs\/text\/","url":"https:\/\/mypalmleaf.com\/cs\/text\/","name":"Text - My Palm Leaf","isPartOf":{"@id":"https:\/\/mypalmleaf.com\/#website"},"datePublished":"2024-08-14T18:58:17+00:00","dateModified":"2024-10-17T19:30:07+00:00","breadcrumb":{"@id":"https:\/\/mypalmleaf.com\/cs\/text\/#breadcrumb"},"inLanguage":"cs","potentialAction":[{"@type":"ReadAction","target":["https:\/\/mypalmleaf.com\/cs\/text\/"]}]},{"@type":"BreadcrumbList","@id":"https:\/\/mypalmleaf.com\/cs\/text\/#breadcrumb","itemListElement":[{"@type":"ListItem","position":1,"name":"Home","item":"https:\/\/mypalmleaf.com\/cs\/"},{"@type":"ListItem","position":2,"name":"Text"}]},{"@type":"WebSite","@id":"https:\/\/mypalmleaf.com\/#website","url":"https:\/\/mypalmleaf.com\/","name":"My Palm Leaf","description":"","potentialAction":[{"@type":"SearchAction","target":{"@type":"EntryPoint","urlTemplate":"https:\/\/mypalmleaf.com\/?s={search_term_string}"},"query-input":{"@type":"PropertyValueSpecification","valueRequired":true,"valueName":"search_term_string"}}],"inLanguage":"cs"}]}},"_links":{"self":[{"href":"https:\/\/mypalmleaf.com\/cs\/wp-json\/wp\/v2\/pages\/33322","targetHints":{"allow":["GET"]}}],"collection":[{"href":"https:\/\/mypalmleaf.com\/cs\/wp-json\/wp\/v2\/pages"}],"about":[{"href":"https:\/\/mypalmleaf.com\/cs\/wp-json\/wp\/v2\/types\/page"}],"author":[{"embeddable":true,"href":"https:\/\/mypalmleaf.com\/cs\/wp-json\/wp\/v2\/users\/1"}],"replies":[{"embeddable":true,"href":"https:\/\/mypalmleaf.com\/cs\/wp-json\/wp\/v2\/comments?post=33322"}],"version-history":[{"count":0,"href":"https:\/\/mypalmleaf.com\/cs\/wp-json\/wp\/v2\/pages\/33322\/revisions"}],"wp:attachment":[{"href":"https:\/\/mypalmleaf.com\/cs\/wp-json\/wp\/v2\/media?parent=33322"}],"curies":[{"name":"wp","href":"https:\/\/api.w.org\/{rel}","templated":true}]}}