
{"id":36473,"date":"2024-08-15T02:38:41","date_gmt":"2024-08-15T02:38:41","guid":{"rendered":"https:\/\/mypalmleaf.com\/palmove-listy\/"},"modified":"2025-04-21T08:58:54","modified_gmt":"2025-04-21T08:58:54","slug":"palmove-listy","status":"publish","type":"page","link":"https:\/\/mypalmleaf.com\/cs\/palmove-listy\/","title":{"rendered":"Palmov\u00e9 listy"},"content":{"rendered":"\n<section class=\"spotlight-main small top-gap\">\n    <!-- <div class=\"slider-wrap\" data-flickity='{ \"cellAlign\": \"left\", \"contain\": true, \"wrapAround\": true, \"setGallerySize\": false }'> -->\n    <div class=\"slider-wrap\" data-flickity='{ \"cellAlign\": \"left\", \"contain\": true, \"wrapAround\": true, \"setGallerySize\": false  }'>\n            <div class=\"slides\">\n        <div class=\"content-wrap\">\n          <div class=\"image\">\n            <picture>\n              <source media=\"(max-width: 999px)\" srcset=\"https:\/\/mypalmleaf.com\/wp-content\/uploads\/2024\/08\/indian-palm-leaf-spotlight-mob.webp\" \/>\n              <source media=\"(min-width: 1000px)\" srcset=\"https:\/\/mypalmleaf.com\/wp-content\/uploads\/2024\/08\/indian-palm-leaf-spotlight.webp\" \/>\n              <img decoding=\"async\" src=\"https:\/\/mypalmleaf.com\/wp-content\/uploads\/2024\/08\/indian-palm-leaf-spotlight.webp\" class=\"img-fluid\" alt=\"\" \/>\n            <\/picture>\n          <\/div>\n          <div class=\"content\">\n            <div data-aos=\"fade-up\" data-aos-duration=\"1000\">\n              <h2 class=\"\">Indick\u00e9 palmov\u00e9 listy<\/h2>\n                                 \n            <\/div>\n          <\/div>\n        <\/div>\n      <\/div>\n          <\/div>\n<\/section><section class=\"faq-top-section my-6 mb-4 mt-xs-4 position-relative\">\n    <div class=\"container\">\n      <div class=\"row\">\n        <div class=\"col-lg-10 mx-auto\">\n            <div class=\"row justify-content-between align-items-center\">\n                <div class=\"col-lg-7\">\n                    <div class=\"rounded-asset\">\n                        <img decoding=\"async\" src=\"https:\/\/mypalmleaf.com\/wp-content\/uploads\/2024\/09\/What-Are-Palm-Leaves.jpg\" class=\"img-fluid\" alt=\"\"><div class=\"play-icon\"><\/div>\n                        <a href=\"https:\/\/www.youtube.com\/watch?v=9GdNX4SAHCA\" class=\"stretched-link\" data-lity><\/a>\n                      <\/div>\n                <\/div>\n                <div class=\"col-lg-5\">\n                    <h3>Najd\u011bte si sv\u016fj osobn\u00ed palmov\u00fd list: Br\u00e1na do va\u0161\u00ed minulosti, p\u0159\u00edtomnosti a budoucnosti.<\/h3>\n                <\/div>\n            <\/div>\n        <\/div>\n        \n        <div class=\"col-lg-12 text-center my-5\" data-aos=\"fade-up\" data-aos-duration=\"1000\">\n            <p class=\"mb-3\">Indick\u00e9 palmov\u00e9 listy, zn\u00e1m\u00e9 tak\u00e9 jako palmov\u00e9 listy Nadi, jsou starobyl\u00e9 rukopisy, o nich\u017e se v\u011b\u0159\u00ed, \u017ee obsahuj\u00ed \u017eivotn\u00ed p\u0159\u00edb\u011bhy a osudy jednotliv\u00fdch lid\u00ed. Tyto posv\u00e1tn\u00e9 texty, psan\u00e9 star\u00fdm tamilsk\u00fdm p\u00edsmem, zapsali osv\u00edcen\u00ed mudrci zvan\u00ed ri\u0161iov\u00e9 p\u0159ed tis\u00edci lety. <strong>  Ri\u0161iov\u00e9 vyu\u017e\u00edvali sv\u016fj hlubok\u00fd duchovn\u00ed vhled k zaznamen\u00e1v\u00e1n\u00ed podrobn\u00fdch informac\u00ed o \u017eivot\u011b jednotlivc\u016f, v\u010detn\u011b aspekt\u016f, jako je kari\u00e9ra, vztahy, zdrav\u00ed a duchovn\u00ed r\u016fst.<\/strong><\/p>\n<p>&nbsp;<\/p>\n<p class=\"mb-3\">Ka\u017ed\u00fd palmov\u00fd list je jedine\u010dn\u00fd a odpov\u00edd\u00e1 konkr\u00e9tn\u00edmu \u010dlov\u011bku, kter\u00fd jej m\u00e1 naj\u00edt ve spr\u00e1vn\u00fd \u010das, kdy je p\u0159ipraven p\u0159ijmout veden\u00ed a moudrost, je\u017e obsahuje. Tyto listy jsou uchov\u00e1v\u00e1ny v knihovn\u00e1ch Nadi, kter\u00e9 se nach\u00e1zej\u00ed p\u0159edev\u0161\u00edm v ji\u017en\u00ed Indii. \u010cten\u00ed z n\u00e1d\u00ed zahrnuje p\u0159i\u0159azen\u00ed otisku palce nebo z\u00e1kladn\u00edch \u00fadaj\u016f osoby k odpov\u00eddaj\u00edc\u00edmu listu, \u010d\u00edm\u017e se odhal\u00ed individu\u00e1ln\u00ed vhledy a rady pro jej\u00ed \u017eivotn\u00ed cestu.  <\/p>\n<p class=\"mb-3\"><strong>Ve spole\u010dnosti Mypalmleaf pom\u00e1h\u00e1me jednotlivc\u016fm spojit se s t\u011bmito starobyl\u00fdmi rukopisy a nab\u00edz\u00edme jedine\u010dnou kombinaci tradice a modern\u00ed p\u0159\u00edstupnosti pro zkoum\u00e1n\u00ed moudrosti a veden\u00ed ri\u0161i\u016f.<br \/>\n<\/strong><\/p>\n<h4 class=\"my-3\"><strong>R\u016fzn\u00e9 druhy p\u00edsem z palmov\u00fdch list\u016f<\/strong><\/h4>\n<p>Krom\u011b palmov\u00fdch list\u016f, kter\u00e9 obsahuj\u00ed \u017eivotn\u00ed p\u0159\u00edb\u011bhy jednotliv\u00fdch lid\u00ed, je na palmov\u00fdch listech naps\u00e1no tak\u00e9 mnoho starov\u011bk\u00fdch spis\u016f, nap\u0159\u00edklad texty o \u00e1jurv\u00e9d\u011b, duchovnu, astrologii atd. P\u016fvodn\u011b byla v\u011bt\u0161ina staroindick\u00fdch p\u00edsem naps\u00e1na na palmov\u00e9 listy, kter\u00e9 se pou\u017e\u00edvaly jako dne\u0161n\u00ed pap\u00edr. <\/p>\n        <\/div>\n      <\/div>\n    <\/div>\n                  <div class=\"parallax-item-3 parallax-item\" data-speed=\".08\"><img decoding=\"async\" src=\"https:\/\/mypalmleaf.com\/wp-content\/uploads\/2024\/08\/parallax-item-3-3.png\" class=\"img-fluid\" alt=\"\"><\/div>\n          <\/section><section class=\"how-palm-leaves-written-block my-6 mt-0\">\n  <div class=\"container\">\n    <div class=\"row text-center\" data-aos=\"fade-up\" data-aos-duration=\"1000\">\n      <div class=\"col-lg-12\">\n        <h3>Jak jsou palmov\u00e9 listy ps\u00e1ny a uchov\u00e1v\u00e1ny?<\/h3>\n        <h5 class=\"mt-4\"><strong>  Psan\u00ed palmov\u00fdch list\u016f<\/strong><\/h5>\n      <\/div>\n    <\/div>\n\n    <div class=\"row justify-content-center my-4\">\n      <div class=\"col-lg-12 writing-the-palm-leaf-block\">\n        <ul class=\"foldable-leaf\">\n                                <li data-aos=\"flip-up\" data-aos-duration=\"1000\" data-aos-offset=\"10\"   class=\"aos-init aos-animate\">\n              <div class=\"image\"><img decoding=\"async\" src=\"https:\/\/mypalmleaf.com\/wp-content\/uploads\/2024\/09\/writing-the-palm-leaves.png\" class=\"img-fluid\" alt=\"\"><\/div>\n              <div class=\"content\">\n                <div class=\"desc\">\n                  <div class=\"title\">Materi\u00e1l<\/div>\n                  <p>Rukopisy jsou vytvo\u0159eny z list\u016f palmy Talipot, stromu zn\u00e1m\u00e9ho sv\u00fdmi velk\u00fdmi a odoln\u00fdmi listy. Tyto listy jsou vyb\u00edr\u00e1ny pro svou dlouhou \u017eivotnost a odolnost. <\/p>\n                <\/div>\n              <\/div>\n            <\/li>\n                                  <li data-aos=\"flip-up\" data-aos-duration=\"1000\" data-aos-offset=\"10\" data-aos-delay=\"100\"  class=\"aos-init aos-animate\">\n              <div class=\"image\"><img decoding=\"async\" src=\"https:\/\/mypalmleaf.com\/wp-content\/uploads\/2024\/09\/writing-the-palm-leaves.png\" class=\"img-fluid\" alt=\"\"><\/div>\n              <div class=\"content\">\n                <div class=\"desc\">\n                  <div class=\"title\">P\u0159\u00edprava<\/div>\n                  <p>Listy se nejprve sb\u00edraj\u00ed a pot\u00e9 se su\u0161\u00ed, aby se odstranila vlhkost, \u010d\u00edm\u017e se stanou dostate\u010dn\u011b pevn\u00fdmi pro psan\u00ed. Po usu\u0161en\u00ed se nakr\u00e1j\u00ed na prou\u017eky stejn\u00e9 velikosti. <\/p>\n                <\/div>\n              <\/div>\n            <\/li>\n                                  <li data-aos=\"flip-up\" data-aos-duration=\"1000\" data-aos-offset=\"10\" data-aos-delay=\"200\"  class=\"aos-init aos-animate\">\n              <div class=\"image\"><img decoding=\"async\" src=\"https:\/\/mypalmleaf.com\/wp-content\/uploads\/2024\/09\/writing-the-palm-leaves.png\" class=\"img-fluid\" alt=\"\"><\/div>\n              <div class=\"content\">\n                <div class=\"desc\">\n                  <div class=\"title\">N\u00e1pis<\/div>\n                  <p>Text se zapisuje ostr\u00fdm perem, kter\u00e9 p\u00edsmo vyr\u00fdv\u00e1 do list\u016f. P\u00edsmo je vytvo\u0159eno starobyl\u00fdm p\u00edsmem zvan\u00fdm tamilsk\u00e9 Vattezhuthu neboli star\u00e1 tamil\u0161tina, kter\u00e9 je zn\u00e1m\u00e9 svou kr\u00e1sou a slo\u017eitost\u00ed. <\/p>\n                <\/div>\n              <\/div>\n            <\/li>\n                                  <li data-aos=\"flip-up\" data-aos-duration=\"1000\" data-aos-offset=\"10\" data-aos-delay=\"300\"  class=\"aos-init aos-animate\">\n              <div class=\"image\"><img decoding=\"async\" src=\"https:\/\/mypalmleaf.com\/wp-content\/uploads\/2024\/09\/writing-the-palm-leaves.png\" class=\"img-fluid\" alt=\"\"><\/div>\n              <div class=\"content\">\n                <div class=\"desc\">\n                  <div class=\"title\">Inkoust<\/div>\n                  <p>Aby byly n\u00e1pisy l\u00e9pe viditeln\u00e9, nan\u00e1\u0161\u00ed se na n\u011b inkoust z p\u0159\u00edrodn\u00edch l\u00e1tek, jako je d\u0159ev\u011bn\u00e9 uhl\u00ed nebo kurkuma. Inkoust se usazuje v r\u00fdh\u00e1ch a zv\u00fdraz\u0148uje text na povrchu listu. <\/p>\n                <\/div>\n              <\/div>\n            <\/li>\n                              <\/ul>\n      <\/div>\n    <\/div>\n  <\/div>\n<\/section>\n<section class=\"preservation-of-palm-leaf\">\n  <div class=\"container\">\n    <div class=\"row\">\n      <div class=\"col-lg-12\" data-aos=\"fade-up\" data-aos-duration=\"1000\">\n        <h4 class=\"my-4 text-center\"><strong>Konzervace palmov\u00fdch list\u016f<\/strong><\/h4>\n      <\/div>\n    <\/div>\n    <div class=\"row text-center justify-content-between my-4\">\n              <div class=\"col-lg-5 my-4\" data-aos=\"fade-up\" data-aos-duration=\"1000\">\n          <div class=\"icon\"><img decoding=\"async\" src=\"https:\/\/mypalmleaf.com\/wp-content\/uploads\/2024\/09\/preserve-palm-leaf-icon-1.png\" alt=\"\"><\/div>\n          <div class=\"title\">\u0158\u00edzen\u00ed klimatu<\/div>\n          <div class=\"desc\">\n            <p>Palmov\u00e9 listy se skladuj\u00ed ve speci\u00e1ln\u00edch podm\u00ednk\u00e1ch, aby byly chr\u00e1n\u011bny p\u0159ed vlhkost\u00ed, hmyzem a dal\u0161\u00edmi \u0161kodliv\u00fdmi vlivy. V knihovn\u00e1ch Nadi, kter\u00e9 se nach\u00e1zej\u00ed p\u0159edev\u0161\u00edm v ji\u017en\u00ed Indii, se udr\u017euje kontrolovan\u00e9 prost\u0159ed\u00ed, kter\u00e9 zahrnuje vhodnou \u00farove\u0148 vlhkosti a teploty. <\/p>\n          <\/div>\n        <\/div>\n              <div class=\"col-lg-5 my-4\" data-aos=\"fade-up\" data-aos-duration=\"1000\">\n          <div class=\"icon\"><img decoding=\"async\" src=\"https:\/\/mypalmleaf.com\/wp-content\/uploads\/2024\/09\/preserve-palm-leaf-icon-2.png\" alt=\"\"><\/div>\n          <div class=\"title\">O\u0161et\u0159en\u00ed oleji<\/div>\n          <div class=\"desc\">\n            <p>Listy se \u010dasto o\u0161et\u0159uj\u00ed p\u0159\u00edrodn\u00edmi oleji, jako je kafr nebo neemov\u00fd olej, aby se zabr\u00e1nilo znehodnocen\u00ed a napaden\u00ed hmyzem. Tato tradi\u010dn\u00ed metoda pom\u00e1h\u00e1 uchovat listy po stalet\u00ed. <\/p>\n          <\/div>\n        <\/div>\n              <div class=\"col-lg-5 my-4\" data-aos=\"fade-up\" data-aos-duration=\"1000\">\n          <div class=\"icon\"><img decoding=\"async\" src=\"https:\/\/mypalmleaf.com\/wp-content\/uploads\/2024\/09\/preserve-palm-leaf-icon-3.png\" alt=\"\"><\/div>\n          <div class=\"title\">Pravideln\u00e1 \u00fadr\u017eba<\/div>\n          <div class=\"desc\">\n            <p>Palmov\u00e9 listy se skladuj\u00ed ve speci\u00e1ln\u00edch podm\u00ednk\u00e1ch, aby byly chr\u00e1n\u011bny p\u0159ed vlhkost\u00ed, hmyzem a dal\u0161\u00edmi \u0161kodliv\u00fdmi vlivy. V knihovn\u00e1ch Nadi, kter\u00e9 se nach\u00e1zej\u00ed p\u0159edev\u0161\u00edm v ji\u017en\u00ed Indii, se udr\u017euje kontrolovan\u00e9 prost\u0159ed\u00ed, kter\u00e9 zahrnuje vhodnou \u00farove\u0148 vlhkosti a teploty. <\/p>\n          <\/div>\n        <\/div>\n              <div class=\"col-lg-5 my-4\" data-aos=\"fade-up\" data-aos-duration=\"1000\">\n          <div class=\"icon\"><img decoding=\"async\" src=\"https:\/\/mypalmleaf.com\/wp-content\/uploads\/2024\/09\/preserve-palm-leaf-icon-4.png\" alt=\"\"><\/div>\n          <div class=\"title\">\u00dalo\u017ei\u0161t\u011b<\/div>\n          <div class=\"desc\">\n            <p>Listy jsou ulo\u017eeny ve svazc\u00edch, kter\u00e9 jsou sv\u00e1z\u00e1ny dohromady a ozna\u010deny podle kategorie nebo typu \u010dten\u00ed, kter\u00e9 obsahuj\u00ed. Tyto svazky jsou ulo\u017eeny v d\u0159ev\u011bn\u00fdch nebo kovov\u00fdch krabic\u00edch, aby byly chr\u00e1n\u011bny p\u0159ed fyzick\u00fdm po\u0161kozen\u00edm a vlivy prost\u0159ed\u00ed. <\/p>\n          <\/div>\n        <\/div>\n          <\/div>\n  <\/div>\n<\/section><section class=\"who-are-rishis my-5 position-relative\">\n  <div class=\"container\">\n    <div class=\"row\">\n      <div class=\"col-lg-12 text-center\">\n        <h3 class=\"my-5 mt-0\">Kdo jsou ri\u0161iov\u00e9?<\/h3>\n        <div class=\"banner rounded-asset my-4\"><img decoding=\"async\" src=\"https:\/\/mypalmleaf.com\/wp-content\/uploads\/2024\/09\/who-are-the-rishis-1.jpg\" alt=\"\" class=\"img-fluid\"><\/div>\n        <p>Ri\u0161iov\u00e9 jsou legend\u00e1rn\u00ed mudrci a v\u011b\u0161tci starov\u011bk\u00e9 Indie, proslul\u00ed svou neuv\u011b\u0159itelnou duchovn\u00ed moudrost\u00ed a v\u00fdjime\u010dn\u00fdm vhledem. P\u0159edstavte si, \u017ee m\u016f\u017eete proniknout do \u0159\u00ed\u0161e bo\u017esk\u00e9ho pozn\u00e1n\u00ed a univerz\u00e1ln\u00edch pravd &#8211; to je sv\u011bt ri\u0161i\u016f. Tyto osv\u00edcen\u00e9 bytosti jsou \u010dasto pova\u017eov\u00e1ny za duchovn\u00ed pr\u016fkopn\u00edky lidstva, kte\u0159\u00ed zkoumaj\u00ed hlubiny v\u011bdom\u00ed a vesm\u00edru.<\/p>\n<h4 class=\"mt-4\"><strong>Vizion\u00e1\u0159i starov\u011bk\u00e9 moudrosti<\/strong><\/h4>\n<p>Slovo &#8222;ri\u0161i&#8220; poch\u00e1z\u00ed ze sanskrtsk\u00e9ho v\u00fdrazu &#8222;\u1e5b\u1e63&#8220;, co\u017e znamen\u00e1 &#8222;vid\u011bt&#8220; nebo &#8222;vn\u00edmat&#8220;. Nejedn\u00e1 se o ledajak\u00e9 vid\u011bn\u00ed; ri\u0161iov\u00e9 jsou vizion\u00e1\u0159i, kte\u0159\u00ed dok\u00e1\u017e\u00ed vn\u00edmat neviditeln\u00e9 a ch\u00e1pou hlubok\u00e1 tajemstv\u00ed \u017eivota a vesm\u00edru. Jsou jako duchovn\u00ed astronauti d\u00e1vn\u00fdch dob, kte\u0159\u00ed cestuj\u00ed do bo\u017esk\u00fdch sf\u00e9r a p\u0159in\u00e1\u0161ej\u00ed zp\u011bt poklady pozn\u00e1n\u00ed.  <\/p>\n<h4 class=\"mt-4\"><strong>Ri\u0161iov\u00e9 tady a te\u010f<\/strong><\/h4>\n<p>I kdy\u017e Ri\u0161iov\u00e9 \u017eili na t\u00e9to planet\u011b v lidsk\u00e9 podob\u011b p\u0159ed tis\u00edci lety, st\u00e1le podporuj\u00ed lidstvo a Zemi z jemnohmotn\u00fdch dimenz\u00ed. Jejich p\u0159\u00edtomnost je nad\u010dasov\u00e1, a \u010d\u00edm v\u00edce jsme si v\u011bdomi jejich p\u0159\u00edtomnosti a \u010d\u00edm v\u00edce jsme j\u00ed otev\u0159eni, t\u00edm v\u00edce jejich po\u017eehn\u00e1n\u00ed m\u016f\u017ee proudit do na\u0161ich \u017eivot\u016f. To je tak\u00e9 \u00fa\u010delem palmov\u00fdch list\u016f. Jsou v\u00edce ne\u017e jen p\u0159edpov\u011bd\u00ed, ale duchovn\u00edm n\u00e1strojem, kter\u00fd n\u00e1m pom\u00e1h\u00e1 utv\u00e1\u0159et n\u00e1\u0161 \u017eivot, a to prost\u0159ednictv\u00edm energetick\u00e9 podpory ri\u0161i\u016f.   <\/p>\n<h4 class=\"mt-4\"><strong>Spojen\u00ed mezi ri\u0161i a palmov\u00fdmi listy<\/strong><\/h4>\n<p>Ri\u0161iov\u00e9, starov\u011bc\u00ed indi\u010dt\u00ed mudrci a v\u011b\u0161tci, jsou bo\u017esk\u00fdmi autory rukopis\u016f na palmov\u00fdch listech, zn\u00e1m\u00fdch jako texty n\u00e1d\u00ed. Tyto osv\u00edcen\u00e9 bytosti d\u00edky hlubok\u00e9 meditaci a duchovn\u00edmu vhledu zaznamenaly p\u0159ed tis\u00edci lety osudy jednotlivc\u016f na palmov\u00e9 listy. Pomoc\u00ed starobyl\u00e9ho tamilsk\u00e9ho p\u00edsma zaznamen\u00e1vali podrobnosti o \u017eivot\u011b lid\u00ed a nab\u00edzeli jim duchovn\u00ed veden\u00ed a vhled do jejich minulosti, p\u0159\u00edtomnosti i budoucnosti. Tyto palmov\u00e9 listy jsou uchov\u00e1v\u00e1ny v knihovn\u00e1ch Nadi a jsou \u010dteny astrology Nadi, kte\u0159\u00ed p\u0159i\u0159azuj\u00ed otisk palce nebo \u00fadaje jednotlivce k odpov\u00eddaj\u00edc\u00edmu listu. Tato posv\u00e1tn\u00e1 tradice, kterou ct\u00ed Mypalmleaf, nad\u00e1le poskytuje nad\u010dasovou moudrost a jasnost a pom\u00e1h\u00e1 hledaj\u00edc\u00edm pochopit jejich \u017eivotn\u00ed cestu o\u010dima ri\u0161i\u016f.  <\/p>\n      <\/div>\n    <\/div>\n  <\/div>\n\n<\/section>","protected":false},"excerpt":{"rendered":"","protected":false},"author":1,"featured_media":0,"parent":0,"menu_order":0,"comment_status":"closed","ping_status":"closed","template":"","meta":{"_acf_changed":false,"footnotes":""},"class_list":["post-36473","page","type-page","status-publish","hentry"],"acf":[],"yoast_head":"<!-- This site is optimized with the Yoast SEO plugin v26.4 - https:\/\/yoast.com\/wordpress\/plugins\/seo\/ -->\n<title>Palmov\u00e9 listy - My Palm Leaf<\/title>\n<meta name=\"description\" content=\"Odhalte tajemstv\u00ed palmov\u00fdch list\u016f \u2013 starod\u00e1vn\u00e9 texty, kter\u00e9 odhaluj\u00ed vhled do va\u0161eho osudu, karmy a \u017eivotn\u00ed cesty. Za\u010dn\u011bte duchovn\u00ed cestu. Kontaktujte n\u00e1s.\" \/>\n<meta name=\"robots\" content=\"index, follow, max-snippet:-1, max-image-preview:large, max-video-preview:-1\" \/>\n<link rel=\"canonical\" href=\"https:\/\/mypalmleaf.com\/cs\/palmove-listy\/\" \/>\n<meta property=\"og:locale\" content=\"cs_CZ\" \/>\n<meta property=\"og:type\" content=\"article\" \/>\n<meta property=\"og:title\" content=\"Palmov\u00e9 listy - My Palm Leaf\" \/>\n<meta property=\"og:description\" content=\"Odhalte tajemstv\u00ed palmov\u00fdch list\u016f \u2013 starod\u00e1vn\u00e9 texty, kter\u00e9 odhaluj\u00ed vhled do va\u0161eho osudu, karmy a \u017eivotn\u00ed cesty. Za\u010dn\u011bte duchovn\u00ed cestu. Kontaktujte n\u00e1s.\" \/>\n<meta property=\"og:url\" content=\"https:\/\/mypalmleaf.com\/cs\/palmove-listy\/\" \/>\n<meta property=\"og:site_name\" content=\"My Palm Leaf\" \/>\n<meta property=\"article:modified_time\" content=\"2025-04-21T08:58:54+00:00\" \/>\n<meta property=\"og:image\" content=\"https:\/\/mypalmleaf.com\/wp-content\/uploads\/2025\/08\/mpl-circle-logo.jpg\" \/>\n\t<meta property=\"og:image:width\" content=\"1200\" \/>\n\t<meta property=\"og:image:height\" content=\"1196\" \/>\n\t<meta property=\"og:image:type\" content=\"image\/jpeg\" \/>\n<meta name=\"twitter:card\" content=\"summary_large_image\" \/>\n<script type=\"application\/ld+json\" class=\"yoast-schema-graph\">{\"@context\":\"https:\/\/schema.org\",\"@graph\":[{\"@type\":\"WebPage\",\"@id\":\"https:\/\/mypalmleaf.com\/cs\/palmove-listy\/\",\"url\":\"https:\/\/mypalmleaf.com\/cs\/palmove-listy\/\",\"name\":\"Palmov\u00e9 listy - My Palm Leaf\",\"isPartOf\":{\"@id\":\"https:\/\/mypalmleaf.com\/#website\"},\"datePublished\":\"2024-08-15T02:38:41+00:00\",\"dateModified\":\"2025-04-21T08:58:54+00:00\",\"description\":\"Odhalte tajemstv\u00ed palmov\u00fdch list\u016f \u2013 starod\u00e1vn\u00e9 texty, kter\u00e9 odhaluj\u00ed vhled do va\u0161eho osudu, karmy a \u017eivotn\u00ed cesty. Za\u010dn\u011bte duchovn\u00ed cestu. Kontaktujte n\u00e1s.\",\"breadcrumb\":{\"@id\":\"https:\/\/mypalmleaf.com\/cs\/palmove-listy\/#breadcrumb\"},\"inLanguage\":\"cs\",\"potentialAction\":[{\"@type\":\"ReadAction\",\"target\":[\"https:\/\/mypalmleaf.com\/cs\/palmove-listy\/\"]}]},{\"@type\":\"BreadcrumbList\",\"@id\":\"https:\/\/mypalmleaf.com\/cs\/palmove-listy\/#breadcrumb\",\"itemListElement\":[{\"@type\":\"ListItem\",\"position\":1,\"name\":\"Home\",\"item\":\"https:\/\/mypalmleaf.com\/cs\/\"},{\"@type\":\"ListItem\",\"position\":2,\"name\":\"Palmov\u00e9 listy\"}]},{\"@type\":\"WebSite\",\"@id\":\"https:\/\/mypalmleaf.com\/#website\",\"url\":\"https:\/\/mypalmleaf.com\/\",\"name\":\"My Palm Leaf\",\"description\":\"\",\"potentialAction\":[{\"@type\":\"SearchAction\",\"target\":{\"@type\":\"EntryPoint\",\"urlTemplate\":\"https:\/\/mypalmleaf.com\/?s={search_term_string}\"},\"query-input\":{\"@type\":\"PropertyValueSpecification\",\"valueRequired\":true,\"valueName\":\"search_term_string\"}}],\"inLanguage\":\"cs\"}]}<\/script>\n<!-- \/ Yoast SEO plugin. -->","yoast_head_json":{"title":"Palmov\u00e9 listy - My Palm Leaf","description":"Odhalte tajemstv\u00ed palmov\u00fdch list\u016f \u2013 starod\u00e1vn\u00e9 texty, kter\u00e9 odhaluj\u00ed vhled do va\u0161eho osudu, karmy a \u017eivotn\u00ed cesty. Za\u010dn\u011bte duchovn\u00ed cestu. Kontaktujte n\u00e1s.","robots":{"index":"index","follow":"follow","max-snippet":"max-snippet:-1","max-image-preview":"max-image-preview:large","max-video-preview":"max-video-preview:-1"},"canonical":"https:\/\/mypalmleaf.com\/cs\/palmove-listy\/","og_locale":"cs_CZ","og_type":"article","og_title":"Palmov\u00e9 listy - My Palm Leaf","og_description":"Odhalte tajemstv\u00ed palmov\u00fdch list\u016f \u2013 starod\u00e1vn\u00e9 texty, kter\u00e9 odhaluj\u00ed vhled do va\u0161eho osudu, karmy a \u017eivotn\u00ed cesty. Za\u010dn\u011bte duchovn\u00ed cestu. Kontaktujte n\u00e1s.","og_url":"https:\/\/mypalmleaf.com\/cs\/palmove-listy\/","og_site_name":"My Palm Leaf","article_modified_time":"2025-04-21T08:58:54+00:00","og_image":[{"width":1200,"height":1196,"url":"https:\/\/mypalmleaf.com\/wp-content\/uploads\/2025\/08\/mpl-circle-logo.jpg","type":"image\/jpeg"}],"twitter_card":"summary_large_image","schema":{"@context":"https:\/\/schema.org","@graph":[{"@type":"WebPage","@id":"https:\/\/mypalmleaf.com\/cs\/palmove-listy\/","url":"https:\/\/mypalmleaf.com\/cs\/palmove-listy\/","name":"Palmov\u00e9 listy - My Palm Leaf","isPartOf":{"@id":"https:\/\/mypalmleaf.com\/#website"},"datePublished":"2024-08-15T02:38:41+00:00","dateModified":"2025-04-21T08:58:54+00:00","description":"Odhalte tajemstv\u00ed palmov\u00fdch list\u016f \u2013 starod\u00e1vn\u00e9 texty, kter\u00e9 odhaluj\u00ed vhled do va\u0161eho osudu, karmy a \u017eivotn\u00ed cesty. Za\u010dn\u011bte duchovn\u00ed cestu. Kontaktujte n\u00e1s.","breadcrumb":{"@id":"https:\/\/mypalmleaf.com\/cs\/palmove-listy\/#breadcrumb"},"inLanguage":"cs","potentialAction":[{"@type":"ReadAction","target":["https:\/\/mypalmleaf.com\/cs\/palmove-listy\/"]}]},{"@type":"BreadcrumbList","@id":"https:\/\/mypalmleaf.com\/cs\/palmove-listy\/#breadcrumb","itemListElement":[{"@type":"ListItem","position":1,"name":"Home","item":"https:\/\/mypalmleaf.com\/cs\/"},{"@type":"ListItem","position":2,"name":"Palmov\u00e9 listy"}]},{"@type":"WebSite","@id":"https:\/\/mypalmleaf.com\/#website","url":"https:\/\/mypalmleaf.com\/","name":"My Palm Leaf","description":"","potentialAction":[{"@type":"SearchAction","target":{"@type":"EntryPoint","urlTemplate":"https:\/\/mypalmleaf.com\/?s={search_term_string}"},"query-input":{"@type":"PropertyValueSpecification","valueRequired":true,"valueName":"search_term_string"}}],"inLanguage":"cs"}]}},"_links":{"self":[{"href":"https:\/\/mypalmleaf.com\/cs\/wp-json\/wp\/v2\/pages\/36473","targetHints":{"allow":["GET"]}}],"collection":[{"href":"https:\/\/mypalmleaf.com\/cs\/wp-json\/wp\/v2\/pages"}],"about":[{"href":"https:\/\/mypalmleaf.com\/cs\/wp-json\/wp\/v2\/types\/page"}],"author":[{"embeddable":true,"href":"https:\/\/mypalmleaf.com\/cs\/wp-json\/wp\/v2\/users\/1"}],"replies":[{"embeddable":true,"href":"https:\/\/mypalmleaf.com\/cs\/wp-json\/wp\/v2\/comments?post=36473"}],"version-history":[{"count":0,"href":"https:\/\/mypalmleaf.com\/cs\/wp-json\/wp\/v2\/pages\/36473\/revisions"}],"wp:attachment":[{"href":"https:\/\/mypalmleaf.com\/cs\/wp-json\/wp\/v2\/media?parent=36473"}],"curies":[{"name":"wp","href":"https:\/\/api.w.org\/{rel}","templated":true}]}}