
{"id":36517,"date":"2024-09-05T05:42:23","date_gmt":"2024-09-05T05:42:23","guid":{"rendered":"https:\/\/mypalmleaf.com\/podminky-a-pravidla\/"},"modified":"2025-04-24T11:23:19","modified_gmt":"2025-04-24T11:23:19","slug":"podminky-a-pravidla","status":"publish","type":"page","link":"https:\/\/mypalmleaf.com\/cs\/podminky-a-pravidla\/","title":{"rendered":"Podm\u00ednky a pravidla"},"content":{"rendered":"\n<h2 class=\"wp-block-heading has-text-align-left\">Posledn\u00ed aktualizace: Listopad 22, 2024<\/h2>\n\n<p><strong>SOUHLAS S PODM\u00cdNKAMI<\/strong><\/p>\n\n<p><strong>Souhlas s podm\u00ednkami<\/strong> Tyto podm\u00ednky (&#8222;Podm\u00ednky&#8220;) p\u0159edstavuj\u00ed pr\u00e1vn\u011b z\u00e1vaznou dohodu uzav\u0159enou mezi v\u00e1mi, a\u0165 u\u017e osobn\u011b nebo jm\u00e9nem subjektu (&#8222;vy&#8220;), a spole\u010dnost\u00ed Conscious Innovation Lab O\u00dc, p\u016fsob\u00edc\u00ed pod n\u00e1zvem MyPalmLeaf (&#8222;MyPalmLeaf&#8220;, &#8222;my&#8220;, &#8222;n\u00e1s&#8220; nebo &#8222;na\u0161e&#8220;), t\u00fdkaj\u00edc\u00ed se va\u0161eho p\u0159\u00edstupu na webov\u00e9 str\u00e1nky www.mypalmleaf.com a jejich pou\u017e\u00edv\u00e1n\u00ed a jak\u00fdchkoli dal\u0161\u00edch souvisej\u00edc\u00edch medi\u00e1ln\u00edch formul\u00e1\u0159\u016f, kan\u00e1l\u016f, mobiln\u00edch webov\u00fdch str\u00e1nek nebo aplikac\u00ed (souhrnn\u011b &#8222;str\u00e1nky&#8220;). P\u0159\u00edstupem na str\u00e1nky nebo jejich pou\u017e\u00edv\u00e1n\u00edm souhlas\u00edte s t\u00edm, \u017ee jste si tyto podm\u00ednky p\u0159e\u010detli, porozum\u011bli jim a souhlas\u00edte s nimi. Pokud s t\u011bmito Podm\u00ednkami nesouhlas\u00edte, okam\u017eit\u011b p\u0159esta\u0148te Str\u00e1nky pou\u017e\u00edvat.  <\/p>\n\n<p>Spole\u010dnost MyPalmLeaf je registrov\u00e1na v Estonsku, jej\u00ed s\u00eddlo je na adrese Sakala tn 7-2, Tallinn, Harju 10141.<span id=\"docs-internal-guid-39601ff5-7fff-94b4-2e21-c11b3f240ebd\"><div><span style=\"font-size: 12pt; font-family: Arial, sans-serif; color: rgb(13, 13, 13); background-color: transparent; font-variant-numeric: normal; font-variant-east-asian: normal; font-variant-alternates: normal; font-variant-position: normal; vertical-align: baseline;\"><\/span><\/div><\/span><strong>Dopl\u0148kov\u00e9 podm\u00ednky<\/strong> Na Str\u00e1nk\u00e1ch mohou b\u00fdt zve\u0159ejn\u011bny dopl\u0148kov\u00e9 podm\u00ednky nebo dokumenty, kter\u00e9 jsou sou\u010d\u00e1st\u00ed t\u011bchto Podm\u00ednek formou odkazu. Vyhrazujeme si pr\u00e1vo tyto Podm\u00ednky kdykoli aktualizovat nebo upravit. Zm\u011bny budou ozna\u010deny datem &#8222;Posledn\u00ed aktualizace&#8220; v horn\u00ed \u010d\u00e1sti tohoto dokumentu. Pokra\u010dov\u00e1n\u00ed v pou\u017e\u00edv\u00e1n\u00ed Str\u00e1nek po jak\u00e9koli aktualizaci znamen\u00e1 souhlas s upraven\u00fdmi Podm\u00ednkami. Doporu\u010dujeme tyto Podm\u00ednky pravideln\u011b kontrolovat.<br\/>Informace uveden\u00e9 na Str\u00e1nk\u00e1ch nejsou ur\u010deny k distribuci nebo pou\u017eit\u00ed jakoukoli osobou nebo subjektem v jak\u00e9koli jurisdikci nebo zemi, kde by takov\u00e1 distribuce nebo pou\u017eit\u00ed byly v rozporu se z\u00e1konem nebo na\u0159\u00edzen\u00edm nebo kter\u00e9 by n\u00e1s v takov\u00e9 jurisdikci nebo zemi vystavily jak\u00e9mukoli po\u017eadavku na registraci. Osoby, kter\u00e9 se rozhodnou p\u0159istupovat na Str\u00e1nky z jin\u00fdch m\u00edst, tak proto \u010din\u00ed z vlastn\u00ed iniciativy a jsou v\u00fdhradn\u011b odpov\u011bdn\u00e9 za dodr\u017eov\u00e1n\u00ed m\u00edstn\u00edch z\u00e1kon\u016f, pokud a v jak\u00e9m rozsahu se na n\u011b m\u00edstn\u00ed z\u00e1kony vztahuj\u00ed.     <\/p>\n\n<p><strong>Dodr\u017eov\u00e1n\u00ed pr\u00e1vn\u00edch p\u0159edpis\u016f<\/strong> Str\u00e1nky jsou ur\u010deny pro u\u017eivatele star\u0161\u00ed 18 let. U\u017eivatel\u00e9, kte\u0159\u00ed na Str\u00e1nky p\u0159istupuj\u00ed ze zem\u00ed mimo Estonsko, mus\u00ed zajistit dodr\u017eov\u00e1n\u00ed platn\u00fdch m\u00edstn\u00edch z\u00e1kon\u016f. Spole\u010dnost MyPalmLeaf nenese odpov\u011bdnost za pou\u017e\u00edv\u00e1n\u00ed Str\u00e1nek v jurisdikc\u00edch, kde jejich obsah nebo funkce mohou poru\u0161ovat m\u00edstn\u00ed p\u0159edpisy. Pozn\u00e1mka: \u017d\u00e1dn\u00e9 ustanoven\u00ed t\u011bchto Podm\u00ednek nem\u00e1 p\u0159ednost p\u0159ed z\u00e1kony na ochranu spot\u0159ebitele platn\u00fdmi v zemi va\u0161eho bydli\u0161t\u011b v r\u00e1mci Evropsk\u00e9 unie.   <\/p>\n\n<p><strong>Pr\u00e1va k du\u0161evn\u00edmu vlastnictv\u00ed<\/strong> Str\u00e1nky a cel\u00fd jejich obsah, mimo jin\u00e9 v\u010detn\u011b textu, grafiky, log, obr\u00e1zk\u016f, vide\u00ed a softwaru (souhrnn\u011b &#8222;obsah&#8220;), jsou vlastnictv\u00edm spole\u010dnosti MyPalmLeaf nebo jsou j\u00ed licencov\u00e1ny a jsou chr\u00e1n\u011bny mezin\u00e1rodn\u00edmi z\u00e1kony o autorsk\u00fdch pr\u00e1vech a ochrann\u00fdch zn\u00e1mk\u00e1ch. Je v\u00e1m ud\u011blena omezen\u00e1, nev\u00fdhradn\u00ed, nep\u0159enosn\u00e1 a odvolateln\u00e1 licence k pou\u017e\u00edv\u00e1n\u00ed Str\u00e1nek pro osobn\u00ed, nekomer\u010dn\u00ed \u00fa\u010dely. Neopr\u00e1vn\u011bn\u00e1 reprodukce, distribuce, \u00fapravy nebo vyu\u017e\u00edv\u00e1n\u00ed obsahu jsou p\u0159\u00edsn\u011b zak\u00e1z\u00e1ny.  <br\/><\/p>\n\n<p>Na obsah t\u0159et\u00edch stran se vztahuj\u00ed p\u0159\u00edslu\u0161n\u00e9 licen\u010dn\u00ed podm\u00ednky, za kter\u00e9 je odpov\u011bdn\u00e1 t\u0159et\u00ed strana.<\/p>\n\n<p><strong>Prohl\u00e1\u0161en\u00ed u\u017eivatele<\/strong> Pou\u017e\u00edv\u00e1n\u00edm Str\u00e1nek prohla\u0161ujete, \u017ee:<\/p>\n\n<ul class=\"wp-block-list\">\n<li>V\u0161echny v\u00e1mi poskytnut\u00e9 registra\u010dn\u00ed \u00fadaje jsou p\u0159esn\u00e9 a aktu\u00e1ln\u00ed.<\/li>\n\n\n\n<li>Zachov\u00e1te bezpe\u010dnost sv\u00fdch p\u0159ihla\u0161ovac\u00edch \u00fadaj\u016f k \u00fa\u010dtu.<\/li>\n\n\n\n<li>Str\u00e1nky nebudete pou\u017e\u00edvat k \u017e\u00e1dn\u00fdm nez\u00e1konn\u00fdm \u00fa\u010del\u016fm nebo v rozporu s platn\u00fdmi z\u00e1kony.<\/li>\n\n\n\n<li>Jste zp\u016fsobil\u00ed k pr\u00e1vn\u00edm \u00fakon\u016fm a souhlas\u00edte s t\u011bmito podm\u00ednkami.<\/li>\n<\/ul>\n\n<p>Nedodr\u017een\u00ed t\u011bchto prohl\u00e1\u0161en\u00ed m\u016f\u017ee m\u00edt za n\u00e1sledek zru\u0161en\u00ed va\u0161eho \u00fa\u010dtu.<\/p>\n\n<p><strong>Ochrana osobn\u00edch \u00fadaj\u016f<\/strong> Respektujeme va\u0161e soukrom\u00ed a zpracov\u00e1v\u00e1me va\u0161e osobn\u00ed \u00fadaje v souladu s na\u0161imi Z\u00e1sadami ochrany osobn\u00edch \u00fadaj\u016f, kter\u00e9 jsou sou\u010d\u00e1st\u00ed t\u011bchto podm\u00ednek. Pou\u017e\u00edv\u00e1n\u00edm str\u00e1nek souhlas\u00edte se shroma\u017e\u010fov\u00e1n\u00edm, pou\u017e\u00edv\u00e1n\u00edm a zpracov\u00e1n\u00edm va\u0161ich \u00fadaj\u016f, jak je pops\u00e1no v Z\u00e1sad\u00e1ch ochrany osobn\u00edch \u00fadaj\u016f. Pokud se nach\u00e1z\u00edte v Evropsk\u00e9 unii, budou va\u0161e \u00fadaje zpracov\u00e1v\u00e1ny v souladu s obecn\u00fdm na\u0159\u00edzen\u00edm o ochran\u011b osobn\u00edch \u00fadaj\u016f (GDPR).  <\/p>\n\n<p>Mezi hlavn\u00ed z\u00e1sady GDPR, kter\u00e9 dodr\u017eujeme, pat\u0159\u00ed:<\/p>\n\n<ul class=\"wp-block-list\">\n<li>Transparentnost: Jasn\u00e9 a srozumiteln\u00e9 vysv\u011btlen\u00ed, jak jsou va\u0161e \u00fadaje shroma\u017e\u010fov\u00e1ny, zpracov\u00e1v\u00e1ny a uchov\u00e1v\u00e1ny.<\/li>\n\n\n\n<li>Pr\u00e1vo na p\u0159\u00edstup: M\u016f\u017eete po\u017e\u00e1dat o p\u0159\u00edstup k \u00fadaj\u016fm, kter\u00e9 o v\u00e1s uchov\u00e1v\u00e1me.<\/li>\n\n\n\n<li>Pr\u00e1vo na opravu a v\u00fdmaz: M\u016f\u017eete po\u017e\u00e1dat o opravu nebo v\u00fdmaz sv\u00fdch osobn\u00edch \u00fadaj\u016f.<\/li>\n\n\n\n<li>P\u0159enositelnost \u00fadaj\u016f: M\u016f\u017eete si vy\u017e\u00e1dat kopii sv\u00fdch \u00fadaj\u016f v p\u0159enosn\u00e9m form\u00e1tu.<\/li>\n\n\n\n<li>Pr\u00e1vo na odvol\u00e1n\u00ed souhlasu: Sv\u016fj souhlas se zpracov\u00e1n\u00edm \u00fadaj\u016f m\u016f\u017eete kdykoli odvolat.<\/li>\n\n\n\n<li>Udr\u017een\u00ed: \u00dadaje jsou uchov\u00e1v\u00e1ny pouze po dobu nezbytnou k napln\u011bn\u00ed \u00fa\u010delu, pro kter\u00fd byly shrom\u00e1\u017ed\u011bny, pokud z\u00e1kon nestanov\u00ed jinak.<\/li>\n<\/ul>\n\n<p>V p\u0159\u00edpad\u011b dotaz\u016f t\u00fdkaj\u00edc\u00edch se ochrany osobn\u00edch \u00fadaj\u016f n\u00e1s kontaktujte na adrese info@mypalmleaf.com. Poskytovatel\u00e9 t\u0159et\u00edch stran, kte\u0159\u00ed zpracov\u00e1vaj\u00ed va\u0161e \u00fadaje, dodr\u017euj\u00ed platn\u00e9 p\u0159edpisy, zejm\u00e9na pokud se nach\u00e1zej\u00ed mimo EU. <br\/><\/p>\n\n<p><strong>Produkty a slu\u017eby<\/strong> Sna\u017e\u00edme se poskytovat p\u0159esn\u00e9 popisy na\u0161ich produkt\u016f a slu\u017eeb. Nezaru\u010dujeme v\u0161ak, \u017ee popisy, ceny nebo jin\u00fd obsah jsou bezchybn\u00e9. Dostupnost produkt\u016f a slu\u017eeb z\u00e1vis\u00ed na jejich dostupnosti a ceny se mohou zm\u011bnit bez p\u0159edchoz\u00edho upozorn\u011bn\u00ed. V\u0161echny platby jsou zpracov\u00e1v\u00e1ny bezpe\u010dn\u011b a podrobnosti o p\u0159ij\u00edman\u00fdch platebn\u00edch metod\u00e1ch naleznete na str\u00e1nk\u00e1ch.   <br\/><\/p>\n\n<p><strong>Vr\u00e1cen\u00ed pen\u011bz a vr\u00e1cen\u00ed zbo\u017e\u00ed<\/strong> V\u0161echny prodeje jsou kone\u010dn\u00e9. N\u00e1hrady se neposkytuj\u00ed s v\u00fdjimkou p\u0159\u00edpad\u016f vy\u017eadovan\u00fdch p\u0159\u00edslu\u0161n\u00fdmi z\u00e1kony na ochranu spot\u0159ebitele. <br\/><\/p>\n\n<p><strong>V\u00fdjimka:<\/strong> Pokud se v\u00e1m nepoda\u0159\u00ed naj\u00edt palmov\u00fd list b\u011bhem 3 sch\u016fzek, m\u00e1te n\u00e1rok na vr\u00e1cen\u00ed cel\u00e9 \u010d\u00e1stky.<br\/><\/p>\n\n<p>Slu\u017eby poskytovan\u00e9 spole\u010dnost\u00ed MyPalmLeaf jsou vysoce personalizovan\u00e9 a p\u0159izp\u016fsoben\u00e9 ka\u017ed\u00e9mu jednotlivci na z\u00e1klad\u011b jeho jedine\u010dn\u00e9ho otisku palce. Odesl\u00e1n\u00edm otisku palce berete na v\u011bdom\u00ed a souhlas\u00edte s t\u00edm, \u017ee poskytovan\u00e9 slu\u017eby jsou p\u0159izp\u016fsobeny pr\u00e1v\u011b v\u00e1m. <br\/><\/p>\n\n<p>V souladu s pr\u00e1vn\u00edmi p\u0159edpisy EU na ochranu spot\u0159ebitele jsou personalizovan\u00e9 slu\u017eby vy\u0148aty ze standardn\u00edho pr\u00e1va na odstoupen\u00ed od smlouvy. Proto po odesl\u00e1n\u00ed otisku palce a zah\u00e1jen\u00ed procesu personalizace ji\u017e nen\u00ed mo\u017en\u00e9 vr\u00e1cen\u00ed pen\u011bz nebo zru\u0161en\u00ed. <br\/><\/p>\n\n<p><strong>Zak\u00e1zan\u00e9 \u010dinnosti<\/strong> Souhlas\u00edte s t\u00edm, \u017ee nebudete:<\/p>\n\n<p>Pou\u017e\u00edvat Str\u00e1nky k neautorizovan\u00fdm komer\u010dn\u00edm \u00fa\u010del\u016fm.<\/p>\n\n<p>\u0161\u00ed\u0159it \u0161kodliv\u00fd software, nap\u0159\u00edklad viry nebo malware.<\/p>\n\n<p>zasahovat do bezpe\u010dnostn\u00edch funkc\u00ed Str\u00e1nek.<\/p>\n\n<p>shroma\u017e\u010fovat nebo shroma\u017e\u010fovat u\u017eivatelsk\u00e1 data ze Str\u00e1nek bez povolen\u00ed.<\/p>\n\n<ul class=\"wp-block-list\">\n<li>Pou\u017e\u00edvat Str\u00e1nky k neautorizovan\u00fdm komer\u010dn\u00edm \u00fa\u010del\u016fm.<\/li>\n\n\n\n<li>\u0161\u00ed\u0159it \u0161kodliv\u00fd software, nap\u0159\u00edklad viry nebo malware.<\/li>\n\n\n\n<li>zasahovat do bezpe\u010dnostn\u00edch funkc\u00ed Str\u00e1nek.<\/li>\n\n\n\n<li>shroma\u017e\u010fovat nebo shroma\u017e\u010fovat u\u017eivatelsk\u00e1 data ze Str\u00e1nek bez povolen\u00ed.<\/li>\n\n\n\n<li>Pod\u00edlet se na \u010dinnostech, kter\u00e9 po\u0161kozuj\u00ed funk\u010dnost nebo pov\u011bst Str\u00e1nek.<\/li>\n<\/ul>\n\n<p>Poru\u0161en\u00ed m\u016f\u017ee m\u00edt za n\u00e1sledek okam\u017eit\u00e9 pozastaven\u00ed \u00fa\u010dtu nebo pr\u00e1vn\u00ed kroky. Vyhrazujeme si pr\u00e1vo monitorovat aktivity na Str\u00e1nk\u00e1ch, abychom odhalili zak\u00e1zan\u00e9 \u010dinnosti a zabr\u00e1nili jim. <\/p>\n\n<p><strong>P\u0159\u00edsp\u011bvky vytv\u00e1\u0159en\u00e9 u\u017eivateli<\/strong> Pokud Str\u00e1nky umo\u017e\u0148uj\u00ed obsah vytv\u00e1\u0159en\u00fd u\u017eivateli (&#8222;P\u0159\u00edsp\u011bvky&#8220;), souhlas\u00edte s t\u00edm, \u017ee:<\/p>\n\n<ul class=\"wp-block-list\">\n<li>Va\u0161e p\u0159\u00edsp\u011bvky neporu\u0161uj\u00ed pr\u00e1va t\u0159et\u00edch stran, v\u010detn\u011b pr\u00e1v du\u0161evn\u00edho vlastnictv\u00ed.<\/li>\n\n\n\n<li>Va\u0161e p\u0159\u00edsp\u011bvky nejsou hanliv\u00e9, obsc\u00e9nn\u00ed ani jinak protipr\u00e1vn\u00ed.<\/li>\n\n\n\n<li>Spole\u010dnosti MyPalmLeaf ud\u011blujete nev\u00fdhradn\u00ed, bezplatnou a celosv\u011btovou licenci k pou\u017e\u00edv\u00e1n\u00ed, reprodukci a distribuci va\u0161ich p\u0159\u00edsp\u011bvk\u016f.<\/li>\n<\/ul>\n\n<p>Vyhrazujeme si pr\u00e1vo upravovat nebo odstra\u0148ovat p\u0159\u00edsp\u011bvky, kter\u00e9 poru\u0161uj\u00ed tyto podm\u00ednky.<\/p>\n\n<p><strong>\u0158e\u0161en\u00ed spor\u016f<\/strong><\/p>\n\n<ul class=\"wp-block-list\">\n<li><strong>Neform\u00e1ln\u00ed usnesen\u00ed:<\/strong> Podporujeme neform\u00e1ln\u00ed \u0159e\u0161en\u00ed spor\u016f. V p\u0159\u00edpad\u011b jak\u00fdchkoli probl\u00e9m\u016f n\u00e1s kontaktujte na adrese info@mypalmleaf.com. <\/li>\n\n\n\n<li><strong>Rozhod\u010d\u00ed \u0159\u00edzen\u00ed:<\/strong> V p\u0159\u00edpad\u011b ne\u00fasp\u011bchu neform\u00e1ln\u00edho \u0159e\u0161en\u00ed budou spory \u0159e\u0161eny prost\u0159ednictv\u00edm z\u00e1vazn\u00e9ho rozhod\u010d\u00edho \u0159\u00edzen\u00ed veden\u00e9ho podle pravidel Evropsk\u00e9ho rozhod\u010d\u00edho soudu. S\u00eddlo rozhod\u010d\u00edho soudu bude v Berl\u00edn\u011b v N\u011bmecku a \u0159\u00edzen\u00ed bude vedeno v angli\u010dtin\u011b. Ka\u017ed\u00e1 strana ponese sv\u00e9 vlastn\u00ed n\u00e1klady, pokud rozhodce neur\u010d\u00ed jinak.  <\/li>\n<\/ul>\n\n<p><strong>V\u00fdjimky:<\/strong><\/p>\n\n<ul class=\"wp-block-list\">\n<li>N\u00e1roky z du\u0161evn\u00edho vlastnictv\u00ed.<\/li>\n\n\n\n<li>N\u00e1roky souvisej\u00edc\u00ed s \u00fadajnou trestnou \u010dinnost\u00ed nebo poru\u0161en\u00edm ochrany osobn\u00edch \u00fadaj\u016f.<\/li>\n\n\n\n<li>N\u00e1roky, u nich\u017e m\u00edstn\u00ed z\u00e1vazn\u00e9 pr\u00e1vn\u00ed p\u0159edpisy vy\u017eaduj\u00ed \u0159e\u0161en\u00ed u m\u00edstn\u00edch soud\u016f.<\/li>\n<\/ul>\n\n<p><strong>Omezen\u00ed odpov\u011bdnosti<\/strong> V rozsahu povolen\u00e9m z\u00e1konem spole\u010dnost MyPalmLeaf a jej\u00ed p\u0159idru\u017een\u00e9 spole\u010dnosti nenesou odpov\u011bdnost za nep\u0159\u00edm\u00e9, n\u00e1hodn\u00e9 nebo n\u00e1sledn\u00e9 \u0161kody vznikl\u00e9 v d\u016fsledku pou\u017e\u00edv\u00e1n\u00ed t\u011bchto str\u00e1nek. Na\u0161e celkov\u00e1 odpov\u011bdnost je omezena na \u010d\u00e1stku, kterou jste zaplatili za produkty nebo slu\u017eby. <\/p>\n\n<p>Toto omezen\u00ed se nevztahuje na odpov\u011bdnost za podvod, \u00fajmu na zdrav\u00ed nebo hrubou nedbalost v p\u0159\u00edpadech, kdy je takov\u00e9 vylou\u010den\u00ed zak\u00e1z\u00e1no z\u00e1konem.<\/p>\n\n<p><strong>\u00dapravy a p\u0159eru\u0161en\u00ed<\/strong> Vyhrazujeme si pr\u00e1vo kdykoli bez p\u0159edchoz\u00edho upozorn\u011bn\u00ed upravit, pozastavit nebo p\u0159eru\u0161it provoz Str\u00e1nek nebo jejich slu\u017eeb. Neneseme odpov\u011bdnost za p\u0159eru\u0161en\u00ed nebo chyby, v\u010detn\u011b t\u011bch, kter\u00e9 jsou zp\u016fsobeny vn\u011bj\u0161\u00edmi faktory mimo na\u0161i kontrolu. U\u017eivatel\u00e9 jsou odpov\u011bdn\u00ed za p\u0159\u00edpadn\u00e9 z\u00e1lohov\u00e1n\u00ed sv\u00fdch vlastn\u00edch dat.  <br\/><\/p>\n\n<p><strong>Specifick\u00e9 podm\u00ednky pro \u010dten\u00ed a opravn\u00e9 prost\u0159edky<\/strong><\/p>\n\n<ul class=\"wp-block-list\">\n<li>MyPalmLeaf funguje pouze jako zprost\u0159edkovatel, kter\u00fd spojuje klienty se zku\u0161en\u00fdmi \u010dten\u00e1\u0159i list\u016f z ruky v Indii. Nejsme zodpov\u011bdn\u00ed za obsah, v\u00fdklad ani v\u00fdsledky \u010dten\u00ed. <\/li>\n\n\n\n<li>P\u0159edpov\u011bdi uveden\u00e9 ve v\u00fdkladech nejsou z\u00e1rukou a m\u011bly by b\u00fdt pova\u017eov\u00e1ny sp\u00ed\u0161e za vod\u00edtko ne\u017e za jistotu.<\/li>\n\n\n\n<li>Klienti nesou plnou odpov\u011bdnost za sv\u016fj \u017eivot, rozhodnut\u00ed a \u010diny bez ohledu na informace z\u00edskan\u00e9 b\u011bhem v\u00fdkladu.<\/li>\n\n\n\n<li>Vyu\u017eit\u00edm na\u0161ich slu\u017eeb klienti potvrzuj\u00ed, \u017ee pln\u011b p\u0159ij\u00edmaj\u00ed odpov\u011bdnost za sv\u016fj \u017eivot a vzd\u00e1vaj\u00ed se v\u0161ech pr\u00e1v \u010dinit spole\u010dnost MyPalmLeaf odpov\u011bdnou za sv\u00e1 rozhodnut\u00ed, obsah v\u00fdklad\u016f nebo jak\u00e9koli \u00fa\u010dinky, kter\u00e9 na n\u011b v\u00fdklady mohou m\u00edt.<\/li>\n\n\n\n<li>N\u00e1pravn\u00e1 opat\u0159en\u00ed navrhovan\u00e1 b\u011bhem \u010dten\u00ed jsou doporu\u010den\u00edmi nab\u00edzen\u00fdmi v dobr\u00e9 v\u00ed\u0159e. A\u010dkoli jsou tyto prost\u0159edky zako\u0159en\u011bny v tradici, nep\u0159edstavuj\u00ed p\u0159\u00edslib fyzick\u00e9ho, emocion\u00e1ln\u00edho nebo duchovn\u00edho uzdraven\u00ed. <\/li>\n<\/ul>\n\n<p><strong>Rozhodn\u00e9 pr\u00e1vo<\/strong> Tyto podm\u00ednky se \u0159\u00edd\u00ed estonsk\u00fdmi z\u00e1kony. Pokud jste obyvatelem Evropsk\u00e9 unie, m\u016f\u017eete se \u0159\u00eddit tak\u00e9 z\u00e1kony na ochranu spot\u0159ebitele platn\u00fdmi v zemi va\u0161eho bydli\u0161t\u011b. \u017d\u00e1dn\u00e9 ustanoven\u00ed t\u011bchto Podm\u00ednek neomezuje z\u00e1vazn\u00e1 pr\u00e1va p\u0159iznan\u00e1 p\u0159edpisy EU o ochran\u011b spot\u0159ebitele.  <br\/><\/p>\n\n<p>Pokud m\u00e1te jak\u00e9koli dotazy nebo st\u00ed\u017enosti, m\u016f\u017eete n\u00e1s <strong>kontaktovat<\/strong> na adrese:<br\/><\/p>\n\n<p>Conscious Innovation Lab O\u00dc<br\/>Sakala tn 7-2, Tallinn, Harju 10141, Estonsko<br\/>E-mail: info@mypalmleaf.com<br\/>Tel: +49 1575 3142393<\/p>\n\n<p><\/p>\n","protected":false},"excerpt":{"rendered":"<p>Posledn\u00ed aktualizace: Listopad 22, 2024 SOUHLAS S PODM\u00cdNKAMI Souhlas s podm\u00ednkami Tyto podm\u00ednky (&#8222;Podm\u00ednky&#8220;) p\u0159edstavuj\u00ed pr\u00e1vn\u011b z\u00e1vaznou dohodu uzav\u0159enou mezi v\u00e1mi, a\u0165 u\u017e osobn\u011b nebo jm\u00e9nem subjektu (&#8222;vy&#8220;), a spole\u010dnost\u00ed Conscious Innovation Lab O\u00dc, p\u016fsob\u00edc\u00ed pod n\u00e1zvem MyPalmLeaf (&#8222;MyPalmLeaf&#8220;, &#8222;my&#8220;, &#8222;n\u00e1s&#8220; nebo &#8222;na\u0161e&#8220;), t\u00fdkaj\u00edc\u00ed se va\u0161eho p\u0159\u00edstupu na webov\u00e9 str\u00e1nky www.mypalmleaf.com a jejich pou\u017e\u00edv\u00e1n\u00ed a [&hellip;]<\/p>\n","protected":false},"author":1,"featured_media":0,"parent":0,"menu_order":0,"comment_status":"closed","ping_status":"closed","template":"static-template-page.php","meta":{"_acf_changed":false,"footnotes":""},"class_list":["post-36517","page","type-page","status-publish","hentry"],"acf":[],"yoast_head":"<!-- This site is optimized with the Yoast SEO plugin v26.4 - https:\/\/yoast.com\/wordpress\/plugins\/seo\/ -->\n<title>Podm\u00ednky a pravidla - My Palm Leaf<\/title>\n<meta name=\"description\" content=\"P\u0159e\u010dt\u011bte si d\u016fle\u017eit\u00e9 informace o podm\u00ednk\u00e1ch pou\u017e\u00edv\u00e1n\u00ed na\u0161ich slu\u017eeb, z\u00e1sad\u00e1ch ochrany soukrom\u00ed a pravidlech pro rezervace \u010dten\u00ed palmov\u00fdch list\u016f.\" \/>\n<meta name=\"robots\" content=\"index, follow, max-snippet:-1, max-image-preview:large, max-video-preview:-1\" \/>\n<link rel=\"canonical\" href=\"https:\/\/mypalmleaf.com\/terms-and-conditions\/\" \/>\n<meta property=\"og:locale\" content=\"cs_CZ\" \/>\n<meta property=\"og:type\" content=\"article\" \/>\n<meta property=\"og:title\" content=\"Podm\u00ednky a pravidla - My Palm Leaf\" \/>\n<meta property=\"og:description\" content=\"P\u0159e\u010dt\u011bte si d\u016fle\u017eit\u00e9 informace o podm\u00ednk\u00e1ch pou\u017e\u00edv\u00e1n\u00ed na\u0161ich slu\u017eeb, z\u00e1sad\u00e1ch ochrany soukrom\u00ed a pravidlech pro rezervace \u010dten\u00ed palmov\u00fdch list\u016f.\" \/>\n<meta property=\"og:url\" content=\"https:\/\/mypalmleaf.com\/terms-and-conditions\/\" \/>\n<meta property=\"og:site_name\" content=\"My Palm Leaf\" \/>\n<meta property=\"article:modified_time\" content=\"2025-04-24T11:23:19+00:00\" \/>\n<meta property=\"og:image\" content=\"https:\/\/mypalmleaf.com\/wp-content\/uploads\/2025\/08\/mpl-circle-logo.jpg\" \/>\n\t<meta property=\"og:image:width\" content=\"1200\" \/>\n\t<meta property=\"og:image:height\" content=\"1196\" \/>\n\t<meta property=\"og:image:type\" content=\"image\/jpeg\" \/>\n<meta name=\"twitter:card\" content=\"summary_large_image\" \/>\n<meta name=\"twitter:label1\" content=\"Odhadovan\u00e1 doba \u010dten\u00ed\" \/>\n\t<meta name=\"twitter:data1\" content=\"6 minut\" \/>\n<script type=\"application\/ld+json\" class=\"yoast-schema-graph\">{\"@context\":\"https:\/\/schema.org\",\"@graph\":[{\"@type\":\"WebPage\",\"@id\":\"https:\/\/mypalmleaf.com\/terms-and-conditions\/\",\"url\":\"https:\/\/mypalmleaf.com\/terms-and-conditions\/\",\"name\":\"Podm\u00ednky a pravidla - My Palm Leaf\",\"isPartOf\":{\"@id\":\"https:\/\/mypalmleaf.com\/#website\"},\"datePublished\":\"2024-09-05T05:42:23+00:00\",\"dateModified\":\"2025-04-24T11:23:19+00:00\",\"description\":\"P\u0159e\u010dt\u011bte si d\u016fle\u017eit\u00e9 informace o podm\u00ednk\u00e1ch pou\u017e\u00edv\u00e1n\u00ed na\u0161ich slu\u017eeb, z\u00e1sad\u00e1ch ochrany soukrom\u00ed a pravidlech pro rezervace \u010dten\u00ed palmov\u00fdch list\u016f.\",\"breadcrumb\":{\"@id\":\"https:\/\/mypalmleaf.com\/terms-and-conditions\/#breadcrumb\"},\"inLanguage\":\"cs\",\"potentialAction\":[{\"@type\":\"ReadAction\",\"target\":[\"https:\/\/mypalmleaf.com\/terms-and-conditions\/\"]}]},{\"@type\":\"BreadcrumbList\",\"@id\":\"https:\/\/mypalmleaf.com\/terms-and-conditions\/#breadcrumb\",\"itemListElement\":[{\"@type\":\"ListItem\",\"position\":1,\"name\":\"Home\",\"item\":\"https:\/\/mypalmleaf.com\/cs\/\"},{\"@type\":\"ListItem\",\"position\":2,\"name\":\"Podm\u00ednky a pravidla\"}]},{\"@type\":\"WebSite\",\"@id\":\"https:\/\/mypalmleaf.com\/#website\",\"url\":\"https:\/\/mypalmleaf.com\/\",\"name\":\"My Palm Leaf\",\"description\":\"\",\"potentialAction\":[{\"@type\":\"SearchAction\",\"target\":{\"@type\":\"EntryPoint\",\"urlTemplate\":\"https:\/\/mypalmleaf.com\/?s={search_term_string}\"},\"query-input\":{\"@type\":\"PropertyValueSpecification\",\"valueRequired\":true,\"valueName\":\"search_term_string\"}}],\"inLanguage\":\"cs\"}]}<\/script>\n<!-- \/ Yoast SEO plugin. -->","yoast_head_json":{"title":"Podm\u00ednky a pravidla - My Palm Leaf","description":"P\u0159e\u010dt\u011bte si d\u016fle\u017eit\u00e9 informace o podm\u00ednk\u00e1ch pou\u017e\u00edv\u00e1n\u00ed na\u0161ich slu\u017eeb, z\u00e1sad\u00e1ch ochrany soukrom\u00ed a pravidlech pro rezervace \u010dten\u00ed palmov\u00fdch list\u016f.","robots":{"index":"index","follow":"follow","max-snippet":"max-snippet:-1","max-image-preview":"max-image-preview:large","max-video-preview":"max-video-preview:-1"},"canonical":"https:\/\/mypalmleaf.com\/terms-and-conditions\/","og_locale":"cs_CZ","og_type":"article","og_title":"Podm\u00ednky a pravidla - My Palm Leaf","og_description":"P\u0159e\u010dt\u011bte si d\u016fle\u017eit\u00e9 informace o podm\u00ednk\u00e1ch pou\u017e\u00edv\u00e1n\u00ed na\u0161ich slu\u017eeb, z\u00e1sad\u00e1ch ochrany soukrom\u00ed a pravidlech pro rezervace \u010dten\u00ed palmov\u00fdch list\u016f.","og_url":"https:\/\/mypalmleaf.com\/terms-and-conditions\/","og_site_name":"My Palm Leaf","article_modified_time":"2025-04-24T11:23:19+00:00","og_image":[{"width":1200,"height":1196,"url":"https:\/\/mypalmleaf.com\/wp-content\/uploads\/2025\/08\/mpl-circle-logo.jpg","type":"image\/jpeg"}],"twitter_card":"summary_large_image","twitter_misc":{"Odhadovan\u00e1 doba \u010dten\u00ed":"6 minut"},"schema":{"@context":"https:\/\/schema.org","@graph":[{"@type":"WebPage","@id":"https:\/\/mypalmleaf.com\/terms-and-conditions\/","url":"https:\/\/mypalmleaf.com\/terms-and-conditions\/","name":"Podm\u00ednky a pravidla - My Palm Leaf","isPartOf":{"@id":"https:\/\/mypalmleaf.com\/#website"},"datePublished":"2024-09-05T05:42:23+00:00","dateModified":"2025-04-24T11:23:19+00:00","description":"P\u0159e\u010dt\u011bte si d\u016fle\u017eit\u00e9 informace o podm\u00ednk\u00e1ch pou\u017e\u00edv\u00e1n\u00ed na\u0161ich slu\u017eeb, z\u00e1sad\u00e1ch ochrany soukrom\u00ed a pravidlech pro rezervace \u010dten\u00ed palmov\u00fdch list\u016f.","breadcrumb":{"@id":"https:\/\/mypalmleaf.com\/terms-and-conditions\/#breadcrumb"},"inLanguage":"cs","potentialAction":[{"@type":"ReadAction","target":["https:\/\/mypalmleaf.com\/terms-and-conditions\/"]}]},{"@type":"BreadcrumbList","@id":"https:\/\/mypalmleaf.com\/terms-and-conditions\/#breadcrumb","itemListElement":[{"@type":"ListItem","position":1,"name":"Home","item":"https:\/\/mypalmleaf.com\/cs\/"},{"@type":"ListItem","position":2,"name":"Podm\u00ednky a pravidla"}]},{"@type":"WebSite","@id":"https:\/\/mypalmleaf.com\/#website","url":"https:\/\/mypalmleaf.com\/","name":"My Palm Leaf","description":"","potentialAction":[{"@type":"SearchAction","target":{"@type":"EntryPoint","urlTemplate":"https:\/\/mypalmleaf.com\/?s={search_term_string}"},"query-input":{"@type":"PropertyValueSpecification","valueRequired":true,"valueName":"search_term_string"}}],"inLanguage":"cs"}]}},"_links":{"self":[{"href":"https:\/\/mypalmleaf.com\/cs\/wp-json\/wp\/v2\/pages\/36517","targetHints":{"allow":["GET"]}}],"collection":[{"href":"https:\/\/mypalmleaf.com\/cs\/wp-json\/wp\/v2\/pages"}],"about":[{"href":"https:\/\/mypalmleaf.com\/cs\/wp-json\/wp\/v2\/types\/page"}],"author":[{"embeddable":true,"href":"https:\/\/mypalmleaf.com\/cs\/wp-json\/wp\/v2\/users\/1"}],"replies":[{"embeddable":true,"href":"https:\/\/mypalmleaf.com\/cs\/wp-json\/wp\/v2\/comments?post=36517"}],"version-history":[{"count":0,"href":"https:\/\/mypalmleaf.com\/cs\/wp-json\/wp\/v2\/pages\/36517\/revisions"}],"wp:attachment":[{"href":"https:\/\/mypalmleaf.com\/cs\/wp-json\/wp\/v2\/media?parent=36517"}],"curies":[{"name":"wp","href":"https:\/\/api.w.org\/{rel}","templated":true}]}}