
{"id":37111,"date":"2024-08-28T02:03:41","date_gmt":"2024-08-28T02:03:41","guid":{"rendered":"https:\/\/mypalmleaf.com\/partnerstvi\/"},"modified":"2025-04-16T04:34:19","modified_gmt":"2025-04-16T04:34:19","slug":"partnerstvi","status":"publish","type":"page","link":"https:\/\/mypalmleaf.com\/cs\/partnerstvi\/","title":{"rendered":"Partnerstv\u00ed"},"content":{"rendered":"\n<section class=\"spotlight-main small top-gap\">\n    <!-- <div class=\"slider-wrap\" data-flickity='{ \"cellAlign\": \"left\", \"contain\": true, \"wrapAround\": true, \"setGallerySize\": false }'> -->\n    <div class=\"slider-wrap\" data-flickity='{ \"cellAlign\": \"left\", \"contain\": true, \"wrapAround\": true, \"setGallerySize\": false  }'>\n            <div class=\"slides\">\n        <div class=\"content-wrap\">\n          <div class=\"image\">\n            <picture>\n              <source media=\"(max-width: 999px)\" srcset=\"https:\/\/mypalmleaf.com\/wp-content\/uploads\/2024\/09\/partnershi-spotlight-mob.jpg\" \/>\n              <source media=\"(min-width: 1000px)\" srcset=\"https:\/\/mypalmleaf.com\/wp-content\/uploads\/2024\/09\/partnershi-spotlight.jpg\" \/>\n              <img decoding=\"async\" src=\"https:\/\/mypalmleaf.com\/wp-content\/uploads\/2024\/09\/partnershi-spotlight.jpg\" class=\"img-fluid\" alt=\"\" \/>\n            <\/picture>\n          <\/div>\n          <div class=\"content\">\n            <div data-aos=\"fade-up\" data-aos-duration=\"1000\">\n              <h2 class=\"\">Partnerstv\u00ed<\/h2>\n                                 \n            <\/div>\n          <\/div>\n        <\/div>\n      <\/div>\n          <\/div>\n<\/section>\n\n<section class=\"partnerships-block my-6 position-relative\" data-aos=\"fade-up\" data-aos-duration=\"1000\">\n  <div class=\"container-xl\">\n    <div class=\"row mb-4 justify-content-center\">\n      <div class=\"col-lg-12 text-center\" data-aos=\"fade-up\" data-aos-duration=\"1000\">\n        <div class=\"row align-items-center justify-content-between\">\n                            <div class=\"col-lg-5\"><img decoding=\"async\" src=\"https:\/\/mypalmleaf.com\/wp-content\/uploads\/2024\/08\/mpl-partnership-logo.png\" alt=\"\" class=\"img-fluid\"><\/div>\n                      <div class=\"col-lg-7 mt-4 mt-md-0 pl-4\">\n            <div class=\"partners-program-details\">\n              <h4>Sd\u00edlejte slovo jako partner<\/h4>\n              <p>Jako affiliate partner obdr\u017e\u00edte sv\u016fj jedine\u010dn\u00fd odkaz, pomoc\u00ed kter\u00e9ho m\u016f\u017eete pozvat ostatn\u00ed, aby se dozv\u011bd\u011bli o palmov\u00fdch listech.<\/p>\n                                <a href=\"\/cs\/affiliates-new\/\" class=\"btn btn-primary\">Zaregistrujte se nyn\u00ed<\/a>\n                          <\/div>\n          <\/div>\n                  <\/div>\n      <\/div>\n    <\/div>\n  <\/div>\n      <div class=\"parallax-item-3 parallax-item\" data-speed=\".08\"><img decoding=\"async\" src=\"https:\/\/mypalmleaf.com\/wp-content\/uploads\/2024\/08\/parallax-item-3-4.png\" class=\"img-fluid\" alt=\"\"><\/div>\n  <\/section>\n\n<section class=\"collaborate-with-mypalmleaf my-6 mt-0\" data-aos=\"fade-up\" data-aos-duration=\"1000\">\n  <div class=\"container-xl\">\n    <div class=\"row\">\n      <div class=\"col-lg-12 text-center\">\n        <h3 class=\"mb-4\">Spolupracovat s Mypalmleaf<\/h3>\n        <p>P\u0159ipojte se k Mypalmleaf na cest\u011b sd\u00edlen\u00ed po\u017eehn\u00e1n\u00ed ri\u0161i\u016f a p\u0159isp\u011bjte k budov\u00e1n\u00ed nov\u00e9ho sv\u011bta.<br \/>\n<strong>V\u011b\u0159\u00edme ve vz\u00e1jemn\u011b v\u00fdhodn\u00e1 partnerstv\u00ed, <\/strong> co\u017e znamen\u00e1:<\/p>\n        <div class=\"collab\">\n          <ul>\n                              <li>\n                  <img decoding=\"async\" src=\"https:\/\/mypalmleaf.com\/wp-content\/themes\/mypalmleaf\/html\/img\/collab-bg.png\" alt=\"\" class=\"img-fluid\">\n                  <div class=\"text\">V\u00fdhra pro v\u00e1s(r) Organizace<\/div>\n                <\/li>\n                              <li>\n                  <img decoding=\"async\" src=\"https:\/\/mypalmleaf.com\/wp-content\/themes\/mypalmleaf\/html\/img\/collab-bg.png\" alt=\"\" class=\"img-fluid\">\n                  <div class=\"text\">V\u00fdhra pro Mypalmleaf<\/div>\n                <\/li>\n                              <li>\n                  <img decoding=\"async\" src=\"https:\/\/mypalmleaf.com\/wp-content\/themes\/mypalmleaf\/html\/img\/collab-bg.png\" alt=\"\" class=\"img-fluid\">\n                  <div class=\"text\">V\u00edt\u011bzstv\u00ed pro lidstvo a Zemi<\/div>\n                <\/li>\n                        <\/ul>\n        <\/div>\n        <p>Pokud se va\u0161e posl\u00e1n\u00ed shoduje s prac\u00ed Mypalmleaf a cht\u011bli byste navrhnout spolupr\u00e1ci, kontaktujte n\u00e1s.  <\/p>\n      <\/div>\n    <\/div>\n  <\/div>\n<\/section>\n\n<section class=\"faq-top-section my-6 mt-xs-4\">\n  <div class=\"container-xl\">\n    <div class=\"row\">\n      <div class=\"col-lg-12 mx-auto\">\n        <div class=\"row justify-content-between align-items-center\">\n          <div class=\"col-lg-6\" data-aos=\"fade-up\" data-aos-duration=\"1000\">\n            <div class=\"rounded-asset\">\n              <img decoding=\"async\" src=\"https:\/\/mypalmleaf.com\/wp-content\/uploads\/2024\/08\/yt-podcast-thumb.png\" class=\"img-fluid\" alt=\"\">\n            <\/div>\n          <\/div>\n          <div class=\"col-lg-6\" data-aos=\"fade-up\" data-aos-duration=\"1000\">\n            <div class=\"yt-podcast\">\n              <h4>Spolupr\u00e1ce s YouTube\/Podcast<\/h4>\n              <p>P\u0159ipojte se k Mypalmleaf na cest\u011b sd\u00edlen\u00ed po\u017eehn\u00e1n\u00ed ri\u0161i\u016f a p\u0159isp\u011bjte k budov\u00e1n\u00ed nov\u00e9ho sv\u011bta.<\/p>\n              <a href=\"https:\/\/docs.google.com\/forms\/d\/e\/1FAIpQLSc9R58TIP7gA73G6m7X0yQ3vVx9MXk40ErG990x-I6BylmJNg\/formrestricted\" class=\"btn btn-primary\" target=\"_new\">Pou\u017e\u00edt nyn\u00ed<\/a>\n            <\/div>\n          <\/div>\n        <\/div>\n      <\/div>\n    <\/div>\n  <\/div>\n<\/section>","protected":false},"excerpt":{"rendered":"","protected":false},"author":1,"featured_media":0,"parent":0,"menu_order":0,"comment_status":"closed","ping_status":"closed","template":"","meta":{"_acf_changed":false,"footnotes":""},"class_list":["post-37111","page","type-page","status-publish","hentry"],"acf":[],"yoast_head":"<!-- This site is optimized with the Yoast SEO plugin v26.4 - https:\/\/yoast.com\/wordpress\/plugins\/seo\/ -->\n<title>Partnerstv\u00ed - My Palm Leaf<\/title>\n<meta name=\"description\" content=\"Discover sacred partnerships and spiritual connections to deepen your journey and create meaningful bonds with ancient wisdom and spiritual teachings.\" \/>\n<meta name=\"robots\" content=\"index, follow, max-snippet:-1, max-image-preview:large, max-video-preview:-1\" \/>\n<link rel=\"canonical\" href=\"https:\/\/mypalmleaf.com\/collaborate\/\" \/>\n<meta property=\"og:locale\" content=\"cs_CZ\" \/>\n<meta property=\"og:type\" content=\"article\" \/>\n<meta property=\"og:title\" content=\"Partnerstv\u00ed - My Palm Leaf\" \/>\n<meta property=\"og:description\" content=\"Discover sacred partnerships and spiritual connections to deepen your journey and create meaningful bonds with ancient wisdom and spiritual teachings.\" \/>\n<meta property=\"og:url\" content=\"https:\/\/mypalmleaf.com\/collaborate\/\" \/>\n<meta property=\"og:site_name\" content=\"My Palm Leaf\" \/>\n<meta property=\"article:modified_time\" content=\"2025-04-16T04:34:19+00:00\" \/>\n<meta property=\"og:image\" content=\"https:\/\/mypalmleaf.com\/wp-content\/uploads\/2025\/08\/mpl-circle-logo.jpg\" \/>\n\t<meta property=\"og:image:width\" content=\"1200\" \/>\n\t<meta property=\"og:image:height\" content=\"1196\" \/>\n\t<meta property=\"og:image:type\" content=\"image\/jpeg\" \/>\n<meta name=\"twitter:card\" content=\"summary_large_image\" \/>\n<script type=\"application\/ld+json\" class=\"yoast-schema-graph\">{\"@context\":\"https:\/\/schema.org\",\"@graph\":[{\"@type\":\"WebPage\",\"@id\":\"https:\/\/mypalmleaf.com\/collaborate\/\",\"url\":\"https:\/\/mypalmleaf.com\/collaborate\/\",\"name\":\"Partnerstv\u00ed - My Palm Leaf\",\"isPartOf\":{\"@id\":\"https:\/\/mypalmleaf.com\/#website\"},\"datePublished\":\"2024-08-28T02:03:41+00:00\",\"dateModified\":\"2025-04-16T04:34:19+00:00\",\"description\":\"Discover sacred partnerships and spiritual connections to deepen your journey and create meaningful bonds with ancient wisdom and spiritual teachings.\",\"breadcrumb\":{\"@id\":\"https:\/\/mypalmleaf.com\/collaborate\/#breadcrumb\"},\"inLanguage\":\"cs\",\"potentialAction\":[{\"@type\":\"ReadAction\",\"target\":[\"https:\/\/mypalmleaf.com\/collaborate\/\"]}]},{\"@type\":\"BreadcrumbList\",\"@id\":\"https:\/\/mypalmleaf.com\/collaborate\/#breadcrumb\",\"itemListElement\":[{\"@type\":\"ListItem\",\"position\":1,\"name\":\"Home\",\"item\":\"https:\/\/mypalmleaf.com\/cs\/\"},{\"@type\":\"ListItem\",\"position\":2,\"name\":\"Partnerstv\u00ed\"}]},{\"@type\":\"WebSite\",\"@id\":\"https:\/\/mypalmleaf.com\/#website\",\"url\":\"https:\/\/mypalmleaf.com\/\",\"name\":\"My Palm Leaf\",\"description\":\"\",\"potentialAction\":[{\"@type\":\"SearchAction\",\"target\":{\"@type\":\"EntryPoint\",\"urlTemplate\":\"https:\/\/mypalmleaf.com\/?s={search_term_string}\"},\"query-input\":{\"@type\":\"PropertyValueSpecification\",\"valueRequired\":true,\"valueName\":\"search_term_string\"}}],\"inLanguage\":\"cs\"}]}<\/script>\n<!-- \/ Yoast SEO plugin. -->","yoast_head_json":{"title":"Partnerstv\u00ed - My Palm Leaf","description":"Discover sacred partnerships and spiritual connections to deepen your journey and create meaningful bonds with ancient wisdom and spiritual teachings.","robots":{"index":"index","follow":"follow","max-snippet":"max-snippet:-1","max-image-preview":"max-image-preview:large","max-video-preview":"max-video-preview:-1"},"canonical":"https:\/\/mypalmleaf.com\/collaborate\/","og_locale":"cs_CZ","og_type":"article","og_title":"Partnerstv\u00ed - My Palm Leaf","og_description":"Discover sacred partnerships and spiritual connections to deepen your journey and create meaningful bonds with ancient wisdom and spiritual teachings.","og_url":"https:\/\/mypalmleaf.com\/collaborate\/","og_site_name":"My Palm Leaf","article_modified_time":"2025-04-16T04:34:19+00:00","og_image":[{"width":1200,"height":1196,"url":"https:\/\/mypalmleaf.com\/wp-content\/uploads\/2025\/08\/mpl-circle-logo.jpg","type":"image\/jpeg"}],"twitter_card":"summary_large_image","schema":{"@context":"https:\/\/schema.org","@graph":[{"@type":"WebPage","@id":"https:\/\/mypalmleaf.com\/collaborate\/","url":"https:\/\/mypalmleaf.com\/collaborate\/","name":"Partnerstv\u00ed - My Palm Leaf","isPartOf":{"@id":"https:\/\/mypalmleaf.com\/#website"},"datePublished":"2024-08-28T02:03:41+00:00","dateModified":"2025-04-16T04:34:19+00:00","description":"Discover sacred partnerships and spiritual connections to deepen your journey and create meaningful bonds with ancient wisdom and spiritual teachings.","breadcrumb":{"@id":"https:\/\/mypalmleaf.com\/collaborate\/#breadcrumb"},"inLanguage":"cs","potentialAction":[{"@type":"ReadAction","target":["https:\/\/mypalmleaf.com\/collaborate\/"]}]},{"@type":"BreadcrumbList","@id":"https:\/\/mypalmleaf.com\/collaborate\/#breadcrumb","itemListElement":[{"@type":"ListItem","position":1,"name":"Home","item":"https:\/\/mypalmleaf.com\/cs\/"},{"@type":"ListItem","position":2,"name":"Partnerstv\u00ed"}]},{"@type":"WebSite","@id":"https:\/\/mypalmleaf.com\/#website","url":"https:\/\/mypalmleaf.com\/","name":"My Palm Leaf","description":"","potentialAction":[{"@type":"SearchAction","target":{"@type":"EntryPoint","urlTemplate":"https:\/\/mypalmleaf.com\/?s={search_term_string}"},"query-input":{"@type":"PropertyValueSpecification","valueRequired":true,"valueName":"search_term_string"}}],"inLanguage":"cs"}]}},"_links":{"self":[{"href":"https:\/\/mypalmleaf.com\/cs\/wp-json\/wp\/v2\/pages\/37111","targetHints":{"allow":["GET"]}}],"collection":[{"href":"https:\/\/mypalmleaf.com\/cs\/wp-json\/wp\/v2\/pages"}],"about":[{"href":"https:\/\/mypalmleaf.com\/cs\/wp-json\/wp\/v2\/types\/page"}],"author":[{"embeddable":true,"href":"https:\/\/mypalmleaf.com\/cs\/wp-json\/wp\/v2\/users\/1"}],"replies":[{"embeddable":true,"href":"https:\/\/mypalmleaf.com\/cs\/wp-json\/wp\/v2\/comments?post=37111"}],"version-history":[{"count":0,"href":"https:\/\/mypalmleaf.com\/cs\/wp-json\/wp\/v2\/pages\/37111\/revisions"}],"wp:attachment":[{"href":"https:\/\/mypalmleaf.com\/cs\/wp-json\/wp\/v2\/media?parent=37111"}],"curies":[{"name":"wp","href":"https:\/\/api.w.org\/{rel}","templated":true}]}}