{"id":37128,"date":"2024-08-28T03:20:58","date_gmt":"2024-08-28T03:20:58","guid":{"rendered":"https:\/\/mypalmleaf.com\/partnersky-program\/"},"modified":"2025-04-21T08:59:54","modified_gmt":"2025-04-21T08:59:54","slug":"partnersky-program","status":"publish","type":"page","link":"https:\/\/mypalmleaf.com\/cs\/partnersky-program\/","title":{"rendered":"Partnersk\u00fd program"},"content":{"rendered":"\n<section class=\"spotlight-main small top-gap\">\n    <!-- <div class=\"slider-wrap\" data-flickity='{ \"cellAlign\": \"left\", \"contain\": true, \"wrapAround\": true, \"setGallerySize\": false }'> -->\n    <div class=\"slider-wrap\" data-flickity='{ \"cellAlign\": \"left\", \"contain\": true, \"wrapAround\": true, \"setGallerySize\": false  }'>\n            <div class=\"slides\">\n        <div class=\"content-wrap\">\n          <div class=\"image\">\n            <picture>\n              <source media=\"(max-width: 999px)\" srcset=\"https:\/\/mypalmleaf.com\/wp-content\/uploads\/2024\/09\/affliate-program-spotlight-mob.jpg\" \/>\n              <source media=\"(min-width: 1000px)\" srcset=\"https:\/\/mypalmleaf.com\/wp-content\/uploads\/2024\/09\/affliate-program-spotlight.jpg\" \/>\n              <img decoding=\"async\" src=\"https:\/\/mypalmleaf.com\/wp-content\/uploads\/2024\/09\/affliate-program-spotlight.jpg\" class=\"img-fluid\" alt=\"\" \/>\n            <\/picture>\n          <\/div>\n          <div class=\"content\">\n            <div data-aos=\"fade-up\" data-aos-duration=\"1000\">\n              <h2 class=\"\">Partnersk\u00fd program Mypalmleaf<\/h2>\n                                 \n            <\/div>\n          <\/div>\n        <\/div>\n      <\/div>\n          <\/div>\n<\/section>\n\n<section class=\"partnerships-block my-6 position-relative\" data-aos=\"fade-up\" data-aos-duration=\"1000\">\n  <div class=\"container-xl\">\n    <div class=\"row mb-4 justify-content-center\">\n      <div class=\"col-lg-12 text-center\" data-aos=\"fade-up\" data-aos-duration=\"1000\">\n        <div class=\"row align-items-center justify-content-between\">\n                      <div class=\"col-lg-7 mt-4 mt-md-0 \">\n            <div class=\"partners-program-details\">\n              <h4>Sd\u00edlejte slovo jako partner<\/h4>\n              <p>Na\u0161\u00edm posl\u00e1n\u00edm je zp\u0159\u00edstupnit knihovny indick\u00fdch palmov\u00fdch list\u016f lidem z cel\u00e9ho sv\u011bta a spojit je s moudrost\u00ed ri\u0161i\u016f. A my v\u00e1s zveme, abyste se stali sou\u010d\u00e1st\u00ed tohoto posl\u00e1n\u00ed t\u00edm, \u017ee se zapoj\u00edte do partnersk\u00e9ho programu Mypalmleaf.   <\/p>\n                                <a href=\"https:\/\/mypalmleaf.com\/cs\/partnersky-portal\/\" class=\"btn btn-primary\">Registrace\/p\u0159ihl\u00e1\u0161en\u00ed na partnersk\u00fd port\u00e1l<\/a>\n                          <\/div>\n          <\/div>\n                        <div class=\"col-lg-5\"><img decoding=\"async\" src=\"https:\/\/mypalmleaf.com\/wp-content\/uploads\/2024\/08\/mpl-partnership-logo-1.png\" alt=\"\" class=\"img-fluid\"><\/div>\n                  <\/div>\n      <\/div>\n    <\/div>\n  <\/div>\n      <div class=\"parallax-item-3 parallax-item\" data-speed=\".08\"><img decoding=\"async\" src=\"https:\/\/mypalmleaf.com\/wp-content\/uploads\/2024\/08\/parallax-item-3-4.png\" class=\"img-fluid\" alt=\"\"><\/div>\n  <\/section>\n\n<section class=\"photo-gallery my-5\">\n  <div class=\"container-xl\" data-aos=\"fade-up\" data-aos-duration=\"1000\">\n            <div class=\"row\">\n      <div class=\"col-lg-10 mx-auto\">\n        <div class=\"exibition\">\n          <ul>\n                                      <li data-aos=\"fade-up\" data-aos-duration=\"800\"><img decoding=\"async\" src=\"https:\/\/mypalmleaf.com\/wp-content\/uploads\/2024\/09\/affiliate-img-1-1.jpg\" alt=\"\"><\/li>\n                                        <li data-aos=\"fade-up\" data-aos-duration=\"1000\"><img decoding=\"async\" src=\"https:\/\/mypalmleaf.com\/wp-content\/uploads\/2024\/09\/affiliate-img-2.jpg\" alt=\"\"><\/li>\n                                        <li data-aos=\"fade-up\" data-aos-duration=\"1200\"><img decoding=\"async\" src=\"https:\/\/mypalmleaf.com\/wp-content\/uploads\/2024\/09\/affiliate-img-3.jpg\" alt=\"\"><\/li>\n                                        <li data-aos=\"fade-up\" data-aos-duration=\"1400\"><img decoding=\"async\" src=\"https:\/\/mypalmleaf.com\/wp-content\/uploads\/2024\/09\/affiliate-img-4.jpg\" alt=\"\"><\/li>\n                                    <\/ul>\n        <\/div>\n      <\/div>\n    <\/div>\n          <\/div>\n<\/section>\n\n<section class=\"affiliate\">\n  <div class=\"container-xl\">\n    <div class=\"row\">\n      <div class=\"col-lg-12\">\n        <h3 class=\"mb-4\">Jak to funguje?<\/h3>\n        <div class=\"affiliate-cont\">\n          <ul>\n                          <li>\n                <div class=\"title\">1. Zaregistrujte <a href=\"https:\/\/mypalmleaf.com\/cs\/partnersky-portal\/\" class=\"btn btn-primary\">se zde do<\/a> na\u0161eho partnersk\u00e9ho programu.<\/div>\n                <div class=\"desc\"><\/div>\n              <\/li>\n                          <li>\n                <div class=\"title\">2. Z\u00edskejte sv\u016fj osobn\u00ed odkaz v affiliate panelu<\/div>\n                <div class=\"desc\"><p>Sv\u016fj partnersk\u00fd odkaz najdete na sv\u00e9m partnersk\u00e9m panelu.  <\/p>\n<\/div>\n              <\/li>\n                          <li>\n                <div class=\"title\">3. Jak p\u0159epnout jazyk odkazu?<\/div>\n                <div class=\"desc\">\n<p>Ve v\u00fdchoz\u00edm nastaven\u00ed odkaz v\u017edy sm\u011b\u0159uje na na\u0161i anglickou domovskou str\u00e1nku, nap\u0159\u00edklad <strong> https:\/\/mypalmleaf.com\/?mpl=51 <\/strong>.  <\/p>\n<p>Pokud chcete, aby se p\u0159epnul na n\u011bmeckou domovskou str\u00e1nku (nebo jin\u00e9 jazyky) ,<strong> sta\u010d\u00ed p\u0159idat \/de\/ after.com, aby byl <\/strong>https:\/\/mypalmleaf.com\/de\/?mpl=51.  <\/p>\n<\/div>\n              <\/li>\n                          <li>\n                <div class=\"title\">4. Sd\u00edlejte odkaz s ostatn\u00edmi  <\/div>\n                <div class=\"desc\"><p>Odkaz pak m\u016f\u017eete sd\u00edlet s ostatn\u00edmi. Kdy\u017e jednou nav\u0161t\u00edv\u00ed str\u00e1nky prost\u0159ednictv\u00edm va\u0161eho partnersk\u00e9ho odkazu, do jejich prohl\u00ed\u017ee\u010de se ulo\u017e\u00ed soubor cookie. Pokud se na web vr\u00e1t\u00ed o n\u011bkolik t\u00fddn\u016f pozd\u011bji, ani\u017e by p\u0159i\u0161li p\u0159es v\u00e1\u0161 odkaz, a pot\u00e9 provedou rezervaci, bude to pro v\u00e1s st\u00e1le pova\u017eov\u00e1no za doporu\u010den\u00ed.    <\/p>\n<\/div>\n              <\/li>\n                          <li>\n                <div class=\"title\">5. Z\u00edskejte odm\u011bnu<\/div>\n                <div class=\"desc\"><p>Za ka\u017edou doporu\u010denou rezervaci v\u00e1s odm\u011bn\u00edme \u010d\u00e1stkou 30 \u20ac.  <br \/>  Bude v\u00e1m vypl\u00e1cena m\u011bs\u00ed\u010dn\u011b na v\u00e1mi zvolen\u00fd bankovn\u00ed \u00fa\u010det nebo \u00fa\u010det Paypal.  <\/p>\n<\/div>\n              <\/li>\n                          <li>\n                <div class=\"title\">6. Zkontrolujte sv\u00e9 doporu\u010den\u00ed<\/div>\n                <div class=\"desc\"><p>Po\u010dty sv\u00fdch doporu\u010den\u00ed a n\u00e1v\u0161t\u011bv webov\u00fdch str\u00e1nek m\u016f\u017eete v\u017edy vid\u011bt na sv\u00e9m partnersk\u00e9m panelu.  <\/p>\n<\/div>\n              <\/li>\n                          <li>\n                <div class=\"title\"><\/div>\n                <div class=\"desc\"><p><a href=\"https:\/\/mypalmleaf.com\/prices\/find-your-palm-leaf-and-read-the-general-chapter\/\" class=\"btn btn-primary\">Naj\u00edt m\u016fj list<\/a><\/p>\n<\/div>\n              <\/li>\n                      <\/ul>\n          <div class=\"btm-contact\"><div class=\"btm-contact\">M\u00e1te-li jak\u00e9koli dotazy t\u00fdkaj\u00edc\u00ed se partnersk\u00e9ho programu, napi\u0161te n\u00e1m na adresu <a href=\"mailto:support@mypalmleaf.com\">support@mypalmleaf.com<\/a>.<\/div>\n<\/div>\n        <\/div>\n      <\/div>\n    <\/div>\n  <\/div>\n<\/section>","protected":false},"excerpt":{"rendered":"","protected":false},"author":1,"featured_media":0,"parent":0,"menu_order":0,"comment_status":"closed","ping_status":"closed","template":"","meta":{"_acf_changed":false,"footnotes":""},"class_list":["post-37128","page","type-page","status-publish","hentry"],"acf":[],"yoast_head":"<!-- This site is optimized with the Yoast SEO plugin v26.4 - https:\/\/yoast.com\/wordpress\/plugins\/seo\/ -->\n<title>Partnersk\u00fd program - My Palm Leaf<\/title>\n<meta name=\"description\" content=\"Zapojte se do partnersk\u00e9ho programu a pomozte sd\u00edlet prastarou tradici \u010dten\u00ed z palmov\u00fdch list\u016f. Podpo\u0159te hledaj\u00edc\u00ed p\u0159i objevov\u00e1n\u00ed smyslu \u017eivota a osudu.\" \/>\n<meta name=\"robots\" content=\"index, follow, max-snippet:-1, max-image-preview:large, max-video-preview:-1\" \/>\n<link rel=\"canonical\" href=\"https:\/\/mypalmleaf.com\/cs\/partnersky-program\/\" \/>\n<meta property=\"og:locale\" content=\"cs_CZ\" \/>\n<meta property=\"og:type\" content=\"article\" \/>\n<meta property=\"og:title\" content=\"Partnersk\u00fd program - My Palm Leaf\" \/>\n<meta property=\"og:description\" content=\"Zapojte se do partnersk\u00e9ho programu a pomozte sd\u00edlet prastarou tradici \u010dten\u00ed z palmov\u00fdch list\u016f. Podpo\u0159te hledaj\u00edc\u00ed p\u0159i objevov\u00e1n\u00ed smyslu \u017eivota a osudu.\" \/>\n<meta property=\"og:url\" content=\"https:\/\/mypalmleaf.com\/cs\/partnersky-program\/\" \/>\n<meta property=\"og:site_name\" content=\"My Palm Leaf\" \/>\n<meta property=\"article:modified_time\" content=\"2025-04-21T08:59:54+00:00\" \/>\n<meta property=\"og:image\" content=\"https:\/\/mypalmleaf.com\/wp-content\/uploads\/2025\/08\/mpl-circle-logo.jpg\" \/>\n\t<meta property=\"og:image:width\" content=\"1200\" \/>\n\t<meta property=\"og:image:height\" content=\"1196\" \/>\n\t<meta property=\"og:image:type\" content=\"image\/jpeg\" \/>\n<meta name=\"twitter:card\" content=\"summary_large_image\" \/>\n<script type=\"application\/ld+json\" class=\"yoast-schema-graph\">{\"@context\":\"https:\/\/schema.org\",\"@graph\":[{\"@type\":\"WebPage\",\"@id\":\"https:\/\/mypalmleaf.com\/cs\/partnersky-program\/\",\"url\":\"https:\/\/mypalmleaf.com\/cs\/partnersky-program\/\",\"name\":\"Partnersk\u00fd program - My Palm Leaf\",\"isPartOf\":{\"@id\":\"https:\/\/mypalmleaf.com\/#website\"},\"datePublished\":\"2024-08-28T03:20:58+00:00\",\"dateModified\":\"2025-04-21T08:59:54+00:00\",\"description\":\"Zapojte se do partnersk\u00e9ho programu a pomozte sd\u00edlet prastarou tradici \u010dten\u00ed z palmov\u00fdch list\u016f. Podpo\u0159te hledaj\u00edc\u00ed p\u0159i objevov\u00e1n\u00ed smyslu \u017eivota a osudu.\",\"breadcrumb\":{\"@id\":\"https:\/\/mypalmleaf.com\/cs\/partnersky-program\/#breadcrumb\"},\"inLanguage\":\"cs\",\"potentialAction\":[{\"@type\":\"ReadAction\",\"target\":[\"https:\/\/mypalmleaf.com\/cs\/partnersky-program\/\"]}]},{\"@type\":\"BreadcrumbList\",\"@id\":\"https:\/\/mypalmleaf.com\/cs\/partnersky-program\/#breadcrumb\",\"itemListElement\":[{\"@type\":\"ListItem\",\"position\":1,\"name\":\"Home\",\"item\":\"https:\/\/mypalmleaf.com\/cs\/\"},{\"@type\":\"ListItem\",\"position\":2,\"name\":\"Partnersk\u00fd program\"}]},{\"@type\":\"WebSite\",\"@id\":\"https:\/\/mypalmleaf.com\/#website\",\"url\":\"https:\/\/mypalmleaf.com\/\",\"name\":\"My Palm Leaf\",\"description\":\"\",\"potentialAction\":[{\"@type\":\"SearchAction\",\"target\":{\"@type\":\"EntryPoint\",\"urlTemplate\":\"https:\/\/mypalmleaf.com\/?s={search_term_string}\"},\"query-input\":{\"@type\":\"PropertyValueSpecification\",\"valueRequired\":true,\"valueName\":\"search_term_string\"}}],\"inLanguage\":\"cs\"}]}<\/script>\n<!-- \/ Yoast SEO plugin. -->","yoast_head_json":{"title":"Partnersk\u00fd program - My Palm Leaf","description":"Zapojte se do partnersk\u00e9ho programu a pomozte sd\u00edlet prastarou tradici \u010dten\u00ed z palmov\u00fdch list\u016f. Podpo\u0159te hledaj\u00edc\u00ed p\u0159i objevov\u00e1n\u00ed smyslu \u017eivota a osudu.","robots":{"index":"index","follow":"follow","max-snippet":"max-snippet:-1","max-image-preview":"max-image-preview:large","max-video-preview":"max-video-preview:-1"},"canonical":"https:\/\/mypalmleaf.com\/cs\/partnersky-program\/","og_locale":"cs_CZ","og_type":"article","og_title":"Partnersk\u00fd program - My Palm Leaf","og_description":"Zapojte se do partnersk\u00e9ho programu a pomozte sd\u00edlet prastarou tradici \u010dten\u00ed z palmov\u00fdch list\u016f. Podpo\u0159te hledaj\u00edc\u00ed p\u0159i objevov\u00e1n\u00ed smyslu \u017eivota a osudu.","og_url":"https:\/\/mypalmleaf.com\/cs\/partnersky-program\/","og_site_name":"My Palm Leaf","article_modified_time":"2025-04-21T08:59:54+00:00","og_image":[{"width":1200,"height":1196,"url":"https:\/\/mypalmleaf.com\/wp-content\/uploads\/2025\/08\/mpl-circle-logo.jpg","type":"image\/jpeg"}],"twitter_card":"summary_large_image","schema":{"@context":"https:\/\/schema.org","@graph":[{"@type":"WebPage","@id":"https:\/\/mypalmleaf.com\/cs\/partnersky-program\/","url":"https:\/\/mypalmleaf.com\/cs\/partnersky-program\/","name":"Partnersk\u00fd program - My Palm Leaf","isPartOf":{"@id":"https:\/\/mypalmleaf.com\/#website"},"datePublished":"2024-08-28T03:20:58+00:00","dateModified":"2025-04-21T08:59:54+00:00","description":"Zapojte se do partnersk\u00e9ho programu a pomozte sd\u00edlet prastarou tradici \u010dten\u00ed z palmov\u00fdch list\u016f. Podpo\u0159te hledaj\u00edc\u00ed p\u0159i objevov\u00e1n\u00ed smyslu \u017eivota a osudu.","breadcrumb":{"@id":"https:\/\/mypalmleaf.com\/cs\/partnersky-program\/#breadcrumb"},"inLanguage":"cs","potentialAction":[{"@type":"ReadAction","target":["https:\/\/mypalmleaf.com\/cs\/partnersky-program\/"]}]},{"@type":"BreadcrumbList","@id":"https:\/\/mypalmleaf.com\/cs\/partnersky-program\/#breadcrumb","itemListElement":[{"@type":"ListItem","position":1,"name":"Home","item":"https:\/\/mypalmleaf.com\/cs\/"},{"@type":"ListItem","position":2,"name":"Partnersk\u00fd program"}]},{"@type":"WebSite","@id":"https:\/\/mypalmleaf.com\/#website","url":"https:\/\/mypalmleaf.com\/","name":"My Palm Leaf","description":"","potentialAction":[{"@type":"SearchAction","target":{"@type":"EntryPoint","urlTemplate":"https:\/\/mypalmleaf.com\/?s={search_term_string}"},"query-input":{"@type":"PropertyValueSpecification","valueRequired":true,"valueName":"search_term_string"}}],"inLanguage":"cs"}]}},"_links":{"self":[{"href":"https:\/\/mypalmleaf.com\/cs\/wp-json\/wp\/v2\/pages\/37128","targetHints":{"allow":["GET"]}}],"collection":[{"href":"https:\/\/mypalmleaf.com\/cs\/wp-json\/wp\/v2\/pages"}],"about":[{"href":"https:\/\/mypalmleaf.com\/cs\/wp-json\/wp\/v2\/types\/page"}],"author":[{"embeddable":true,"href":"https:\/\/mypalmleaf.com\/cs\/wp-json\/wp\/v2\/users\/1"}],"replies":[{"embeddable":true,"href":"https:\/\/mypalmleaf.com\/cs\/wp-json\/wp\/v2\/comments?post=37128"}],"version-history":[{"count":0,"href":"https:\/\/mypalmleaf.com\/cs\/wp-json\/wp\/v2\/pages\/37128\/revisions"}],"wp:attachment":[{"href":"https:\/\/mypalmleaf.com\/cs\/wp-json\/wp\/v2\/media?parent=37128"}],"curies":[{"name":"wp","href":"https:\/\/api.w.org\/{rel}","templated":true}]}}