{"id":37165,"date":"2024-09-01T09:48:00","date_gmt":"2024-09-01T09:48:00","guid":{"rendered":"https:\/\/mypalmleaf.com\/dary\/"},"modified":"2025-06-21T08:55:55","modified_gmt":"2025-06-21T08:55:55","slug":"dary","status":"publish","type":"page","link":"https:\/\/mypalmleaf.com\/cs\/dary\/","title":{"rendered":"Dary"},"content":{"rendered":"\n<section class=\"spotlight-main small top-gap\">\n    <!-- <div class=\"slider-wrap\" data-flickity='{ \"cellAlign\": \"left\", \"contain\": true, \"wrapAround\": true, \"setGallerySize\": false }'> -->\n    <div class=\"slider-wrap\" data-flickity='{ \"cellAlign\": \"left\", \"contain\": true, \"wrapAround\": true, \"setGallerySize\": false  }'>\n            <div class=\"slides\">\n        <div class=\"content-wrap\">\n          <div class=\"image\">\n            <picture>\n              <source media=\"(max-width: 999px)\" srcset=\"https:\/\/mypalmleaf.com\/wp-content\/uploads\/2024\/09\/donation-spotlight-mobile.jpg\" \/>\n              <source media=\"(min-width: 1000px)\" srcset=\"https:\/\/mypalmleaf.com\/wp-content\/uploads\/2024\/09\/donation-spotlight-1.jpg\" \/>\n              <img decoding=\"async\" src=\"https:\/\/mypalmleaf.com\/wp-content\/uploads\/2024\/09\/donation-spotlight-1.jpg\" class=\"img-fluid\" alt=\"\" \/>\n            <\/picture>\n          <\/div>\n          <div class=\"content\">\n            <div data-aos=\"fade-up\" data-aos-duration=\"1000\">\n              <h2 class=\"\">Dary<\/h2>\n                                 \n            <\/div>\n          <\/div>\n        <\/div>\n      <\/div>\n          <\/div>\n<\/section><section class=\"donation-bottom-block text-center\">\n  <div class=\"container-xl\">\n  <div class=\"row pt-5 donation-top-icon\">\n        <div class=\"col-lg-10 mx-auto\">\n        <ul>\n          <li class=\"text-lg-end\"><img decoding=\"async\" src=\"https:\/\/mypalmleaf.com\/wp-content\/uploads\/2024\/09\/donation-harmony-icon.png\" alt=\"\" class=\"img-fluid\"><\/li>\n          <li><h3>Va\u0161ich dar\u016f si v\u00e1\u017e\u00edme<\/h3><\/li>\n          <li class=\"text-lg-start\"><img decoding=\"async\" src=\"https:\/\/mypalmleaf.com\/wp-content\/uploads\/2024\/09\/mpl-circle-logo.png\" alt=\"\" class=\"img-fluid\"><\/li>\n        <\/ul>\n      <\/div>\n      <\/div>\n    <div class=\"row\">\n      <div class=\"col-lg-10 my-5 mx-auto\">\n        <p>Mypalmleaf a na\u0161e partnersk\u00e1 nevl\u00e1dn\u00ed organizace In Harmony with Nature e.V. se v\u011bnuj\u00ed spoluvytv\u00e1\u0159en\u00ed nov\u00e9ho sv\u011bta zalo\u017een\u00e9ho na l\u00e1sce, probuzen\u00ed a skute\u010dn\u00fdch hodnot\u00e1ch.<\/p>\n<p>Jsme jen malou sou\u010d\u00e1st\u00ed obrovsk\u00e9 glob\u00e1ln\u00ed s\u00edt\u011b projekt\u016f a jednotlivc\u016f, kte\u0159\u00ed se v\u011bnuj\u00ed uskute\u010dn\u011bn\u00ed tohoto spole\u010dn\u00e9ho snu.<\/p>\n<p>Va\u0161e dary n\u00e1m pom\u00e1haj\u00ed v\u011bnovat se t\u00e9to pr\u00e1ci.<\/p>\n<p>V\u011b\u0159\u00edme, \u017ee tato pr\u00e1ce je nezbytn\u00e1 pro vytvo\u0159en\u00ed sv\u011bta zalo\u017een\u00e9ho na l\u00e1sce, probuzen\u00ed a prav\u00fdch hodnot\u00e1ch. P\u0159isp\u011bjte pros\u00edm na\u0161\u00ed partnersk\u00e9 organizaci V harmonii s p\u0159\u00edrodou, kter\u00e1 je rozd\u011bl\u00ed mezi \u010dten\u00e1\u0159e palmov\u00fdch list\u016f, p\u0159ekladatele a vytvo\u0159\u00ed projekty na budov\u00e1n\u00ed nov\u00e9ho sv\u011bta. <\/p>\n<p>Prost\u0159ednictv\u00edm na\u0161eho partnerstv\u00ed se sna\u017e\u00edme propagovat udr\u017eiteln\u00fd \u017eivot, chr\u00e1nit a obnovovat p\u0159\u00edrodn\u00ed prost\u0159ed\u00ed, podporovat m\u00edstn\u00ed komunity a \u0161\u00ed\u0159it pov\u011bdom\u00ed o vz\u00e1jemn\u00e9 prov\u00e1zanosti v\u0161eho \u017eiv\u00e9ho.<\/p>\n<p>Jsme vd\u011b\u010dn\u00ed za podporu na\u0161ich d\u00e1rc\u016f, jejich\u017e p\u0159\u00edsp\u011bvky n\u00e1m umo\u017e\u0148uj\u00ed pokra\u010dovat v t\u00e9to d\u016fle\u017eit\u00e9 pr\u00e1ci. Va\u0161e dary n\u00e1m pom\u00e1haj\u00ed financovat na\u0161e projekty a iniciativy, oslovovat v\u00edce lid\u00ed na\u0161\u00edm poselstv\u00edm a pozitivn\u011b ovliv\u0148ovat sv\u011bt. <\/p>\n\n        <a href=\"https:\/\/spenden.twingle.de\/in-harmony-with-nature-e-v\/in-harmony-with-nature-e-v-en-kopie\/tw643cd4fb53874\/page\"  target=\"_blank\" class=\"btn btn-primary btn-lg mt-4\">P\u0159isp\u011bjte na sd\u00edlen\u00ed moudrosti ri\u0161i\u016f<\/a>\n      <\/div>\n    <\/div>\n  <\/div>\n<\/section><section class=\"donation-top-block text-center\">\n  <div class=\"container-xl\">\n    <div class=\"row\">\n      <div class=\"col-lg-8 mx-auto my-5 text-center\">\n        <div class=\"col-lg-12 text-center\">\n          <div class=\"video-place-holder my-4\">\n            <div class=\"heading mb-3\">P\u0159edstavujeme In Harmony with Nature | Partnersk\u00e1 organizace Mypalmleaf<\/div>\n            <div class=\"video rounded-asset\">\n              <img decoding=\"async\" src=\"https:\/\/mypalmleaf.com\/wp-content\/uploads\/2024\/09\/donation-video-thumb.png\" class=\"img-fluid\" alt=\"\"><div class=\"play-icon\"><\/div>\n              <a href=\"https:\/\/www.youtube.com\/watch?v=IyDUBCgcutc\" class=\"stretched-link\" data-lity><\/a>\n            <\/div>\n          <\/div>\n          <a href=\"https:\/\/spenden.twingle.de\/in-harmony-with-nature-e-v\/in-harmony-with-nature-e-v-en-kopie\/tw643cd4fb53874\/page\" target=\"_blank\" class=\"btn btn-primary btn-lg my-2\">P\u0159isp\u011bjte na sd\u00edlen\u00ed moudrosti ri\u0161i\u016f<\/a>\n        <\/div>\n      <\/div>\n    <\/div>\n  <\/div>\n<\/section>\n<div class=\"container my-5\">\n  <div class=\"row\">\n    <!-- First Column -->\n    <div class=\"col-md-6 mb-4\">\n      <div class=\"video-place-holder my-4\">\n          \n            <div class=\"video rounded-asset\">\n              <img decoding=\"async\" src=\"\/wp-content\/uploads\/2025\/06\/bali-donation-video-thumb.jpg\" class=\"img-fluid\" alt=\"\"\/><div class=\"play-icon\"><\/div>\n              <a href=\"https:\/\/youtube.com\/watch?v=CZg0nTW-ZNc\" class=\"stretched-link\" data-lity=\"\"><\/a>\n            <\/div>\n  <div class=\"heading my-3\">Jak va\u0161e v\u00fdklady z list\u016f dlan\u011b pom\u00e1haj\u00ed m\u011bnit \u017eivoty: Podpora d\u011btsk\u00e9ho domova Ananda Seva Dharma\n<\/div>\n          <\/div>\n    <\/div>\n\n    <!-- Second Column -->\n    <div class=\"col-md-6 mb-4\">\n      <div class=\"video-place-holder my-4\">\n            <div class=\"video rounded-asset\">\n              <img decoding=\"async\" src=\"\/wp-content\/uploads\/2025\/06\/india-donation-video-thumb.jpg\" class=\"img-fluid\" alt=\"\"\/><div class=\"play-icon\"><\/div>\n              <a href=\"https:\/\/www.youtube.com\/watch?v=OPTRiyZWTa0\" class=\"stretched-link\" data-lity=\"\"><\/a>\n            <\/div>\n            <div class=\"heading my-3\">20 000 darovan\u00fdch j\u00eddel &#8211; d\u00edky v\u00e1m! | Na\u0161e cesta do chr\u00e1mu Navagraha <\/div>\n\n          <\/div>\n    <\/div>\n  <\/div>\n<\/div>\n\n","protected":false},"excerpt":{"rendered":"<p>Jak va\u0161e v\u00fdklady z list\u016f dlan\u011b pom\u00e1haj\u00ed m\u011bnit \u017eivoty: Podpora d\u011btsk\u00e9ho domova Ananda Seva Dharma 20 000 darovan\u00fdch j\u00eddel &#8211; d\u00edky v\u00e1m! | Na\u0161e cesta do chr\u00e1mu Navagraha<\/p>\n","protected":false},"author":1,"featured_media":0,"parent":0,"menu_order":0,"comment_status":"closed","ping_status":"closed","template":"","meta":{"_acf_changed":false,"footnotes":""},"class_list":["post-37165","page","type-page","status-publish","hentry"],"acf":[],"yoast_head":"<!-- This site is optimized with the Yoast SEO plugin v26.4 - https:\/\/yoast.com\/wordpress\/plugins\/seo\/ -->\n<title>Dary - My Palm Leaf<\/title>\n<meta name=\"description\" content=\"Podpo\u0159te posl\u00e1n\u00ed My Palm Leaf darem. Pomozte zachovat tuto starod\u00e1vnou moudrost a zp\u0159\u00edstupnit \u010dten\u00ed palmov\u00fdch list\u016f hledaj\u00edc\u00edm po cel\u00e9m sv\u011bt\u011b. Kontaktujte n\u00e1s\" \/>\n<meta name=\"robots\" content=\"index, follow, max-snippet:-1, max-image-preview:large, max-video-preview:-1\" \/>\n<link rel=\"canonical\" href=\"https:\/\/mypalmleaf.com\/cs\/dary\/\" \/>\n<meta property=\"og:locale\" content=\"cs_CZ\" \/>\n<meta property=\"og:type\" content=\"article\" \/>\n<meta property=\"og:title\" content=\"Dary - My Palm Leaf\" \/>\n<meta property=\"og:description\" content=\"Podpo\u0159te posl\u00e1n\u00ed My Palm Leaf darem. Pomozte zachovat tuto starod\u00e1vnou moudrost a zp\u0159\u00edstupnit \u010dten\u00ed palmov\u00fdch list\u016f hledaj\u00edc\u00edm po cel\u00e9m sv\u011bt\u011b. Kontaktujte n\u00e1s\" \/>\n<meta property=\"og:url\" content=\"https:\/\/mypalmleaf.com\/cs\/dary\/\" \/>\n<meta property=\"og:site_name\" content=\"My Palm Leaf\" \/>\n<meta property=\"article:modified_time\" content=\"2025-06-21T08:55:55+00:00\" \/>\n<meta property=\"og:image\" content=\"https:\/\/mypalmleaf.com\/wp-content\/uploads\/2025\/08\/mpl-circle-logo.jpg\" \/>\n\t<meta property=\"og:image:width\" content=\"1200\" \/>\n\t<meta property=\"og:image:height\" content=\"1196\" \/>\n\t<meta property=\"og:image:type\" content=\"image\/jpeg\" \/>\n<meta name=\"twitter:card\" content=\"summary_large_image\" \/>\n<script type=\"application\/ld+json\" class=\"yoast-schema-graph\">{\"@context\":\"https:\/\/schema.org\",\"@graph\":[{\"@type\":\"WebPage\",\"@id\":\"https:\/\/mypalmleaf.com\/cs\/dary\/\",\"url\":\"https:\/\/mypalmleaf.com\/cs\/dary\/\",\"name\":\"Dary - My Palm Leaf\",\"isPartOf\":{\"@id\":\"https:\/\/mypalmleaf.com\/#website\"},\"datePublished\":\"2024-09-01T09:48:00+00:00\",\"dateModified\":\"2025-06-21T08:55:55+00:00\",\"description\":\"Podpo\u0159te posl\u00e1n\u00ed My Palm Leaf darem. Pomozte zachovat tuto starod\u00e1vnou moudrost a zp\u0159\u00edstupnit \u010dten\u00ed palmov\u00fdch list\u016f hledaj\u00edc\u00edm po cel\u00e9m sv\u011bt\u011b. Kontaktujte n\u00e1s\",\"breadcrumb\":{\"@id\":\"https:\/\/mypalmleaf.com\/cs\/dary\/#breadcrumb\"},\"inLanguage\":\"cs\",\"potentialAction\":[{\"@type\":\"ReadAction\",\"target\":[\"https:\/\/mypalmleaf.com\/cs\/dary\/\"]}]},{\"@type\":\"BreadcrumbList\",\"@id\":\"https:\/\/mypalmleaf.com\/cs\/dary\/#breadcrumb\",\"itemListElement\":[{\"@type\":\"ListItem\",\"position\":1,\"name\":\"Home\",\"item\":\"https:\/\/mypalmleaf.com\/cs\/\"},{\"@type\":\"ListItem\",\"position\":2,\"name\":\"Dary\"}]},{\"@type\":\"WebSite\",\"@id\":\"https:\/\/mypalmleaf.com\/#website\",\"url\":\"https:\/\/mypalmleaf.com\/\",\"name\":\"My Palm Leaf\",\"description\":\"\",\"potentialAction\":[{\"@type\":\"SearchAction\",\"target\":{\"@type\":\"EntryPoint\",\"urlTemplate\":\"https:\/\/mypalmleaf.com\/?s={search_term_string}\"},\"query-input\":{\"@type\":\"PropertyValueSpecification\",\"valueRequired\":true,\"valueName\":\"search_term_string\"}}],\"inLanguage\":\"cs\"}]}<\/script>\n<!-- \/ Yoast SEO plugin. -->","yoast_head_json":{"title":"Dary - My Palm Leaf","description":"Podpo\u0159te posl\u00e1n\u00ed My Palm Leaf darem. Pomozte zachovat tuto starod\u00e1vnou moudrost a zp\u0159\u00edstupnit \u010dten\u00ed palmov\u00fdch list\u016f hledaj\u00edc\u00edm po cel\u00e9m sv\u011bt\u011b. Kontaktujte n\u00e1s","robots":{"index":"index","follow":"follow","max-snippet":"max-snippet:-1","max-image-preview":"max-image-preview:large","max-video-preview":"max-video-preview:-1"},"canonical":"https:\/\/mypalmleaf.com\/cs\/dary\/","og_locale":"cs_CZ","og_type":"article","og_title":"Dary - My Palm Leaf","og_description":"Podpo\u0159te posl\u00e1n\u00ed My Palm Leaf darem. Pomozte zachovat tuto starod\u00e1vnou moudrost a zp\u0159\u00edstupnit \u010dten\u00ed palmov\u00fdch list\u016f hledaj\u00edc\u00edm po cel\u00e9m sv\u011bt\u011b. Kontaktujte n\u00e1s","og_url":"https:\/\/mypalmleaf.com\/cs\/dary\/","og_site_name":"My Palm Leaf","article_modified_time":"2025-06-21T08:55:55+00:00","og_image":[{"width":1200,"height":1196,"url":"https:\/\/mypalmleaf.com\/wp-content\/uploads\/2025\/08\/mpl-circle-logo.jpg","type":"image\/jpeg"}],"twitter_card":"summary_large_image","schema":{"@context":"https:\/\/schema.org","@graph":[{"@type":"WebPage","@id":"https:\/\/mypalmleaf.com\/cs\/dary\/","url":"https:\/\/mypalmleaf.com\/cs\/dary\/","name":"Dary - My Palm Leaf","isPartOf":{"@id":"https:\/\/mypalmleaf.com\/#website"},"datePublished":"2024-09-01T09:48:00+00:00","dateModified":"2025-06-21T08:55:55+00:00","description":"Podpo\u0159te posl\u00e1n\u00ed My Palm Leaf darem. Pomozte zachovat tuto starod\u00e1vnou moudrost a zp\u0159\u00edstupnit \u010dten\u00ed palmov\u00fdch list\u016f hledaj\u00edc\u00edm po cel\u00e9m sv\u011bt\u011b. Kontaktujte n\u00e1s","breadcrumb":{"@id":"https:\/\/mypalmleaf.com\/cs\/dary\/#breadcrumb"},"inLanguage":"cs","potentialAction":[{"@type":"ReadAction","target":["https:\/\/mypalmleaf.com\/cs\/dary\/"]}]},{"@type":"BreadcrumbList","@id":"https:\/\/mypalmleaf.com\/cs\/dary\/#breadcrumb","itemListElement":[{"@type":"ListItem","position":1,"name":"Home","item":"https:\/\/mypalmleaf.com\/cs\/"},{"@type":"ListItem","position":2,"name":"Dary"}]},{"@type":"WebSite","@id":"https:\/\/mypalmleaf.com\/#website","url":"https:\/\/mypalmleaf.com\/","name":"My Palm Leaf","description":"","potentialAction":[{"@type":"SearchAction","target":{"@type":"EntryPoint","urlTemplate":"https:\/\/mypalmleaf.com\/?s={search_term_string}"},"query-input":{"@type":"PropertyValueSpecification","valueRequired":true,"valueName":"search_term_string"}}],"inLanguage":"cs"}]}},"_links":{"self":[{"href":"https:\/\/mypalmleaf.com\/cs\/wp-json\/wp\/v2\/pages\/37165","targetHints":{"allow":["GET"]}}],"collection":[{"href":"https:\/\/mypalmleaf.com\/cs\/wp-json\/wp\/v2\/pages"}],"about":[{"href":"https:\/\/mypalmleaf.com\/cs\/wp-json\/wp\/v2\/types\/page"}],"author":[{"embeddable":true,"href":"https:\/\/mypalmleaf.com\/cs\/wp-json\/wp\/v2\/users\/1"}],"replies":[{"embeddable":true,"href":"https:\/\/mypalmleaf.com\/cs\/wp-json\/wp\/v2\/comments?post=37165"}],"version-history":[{"count":0,"href":"https:\/\/mypalmleaf.com\/cs\/wp-json\/wp\/v2\/pages\/37165\/revisions"}],"wp:attachment":[{"href":"https:\/\/mypalmleaf.com\/cs\/wp-json\/wp\/v2\/media?parent=37165"}],"curies":[{"name":"wp","href":"https:\/\/api.w.org\/{rel}","templated":true}]}}