
{"id":45201,"date":"2024-10-26T17:42:47","date_gmt":"2024-10-26T17:42:47","guid":{"rendered":"https:\/\/mypalmleaf.com\/manazer-pro-partnerske-vztahy-a-partnerstvi\/"},"modified":"2025-04-21T08:55:19","modified_gmt":"2025-04-21T08:55:19","slug":"manazer-pro-partnerske-vztahy-a-partnerstvi","status":"publish","type":"page","link":"https:\/\/mypalmleaf.com\/cs\/manazer-pro-partnerske-vztahy-a-partnerstvi\/","title":{"rendered":"Mana\u017eer pro partnersk\u00e9 vztahy a partnerstv\u00ed"},"content":{"rendered":"\n<section class=\"spotlight-main small top-gap\">\n    <!-- <div class=\"slider-wrap\" data-flickity='{ \"cellAlign\": \"left\", \"contain\": true, \"wrapAround\": true, \"setGallerySize\": false }'> -->\n    <div class=\"slider-wrap\" data-flickity='{ \"cellAlign\": \"left\", \"contain\": true, \"wrapAround\": true, \"setGallerySize\": false  }'>\n            <div class=\"slides\">\n        <div class=\"content-wrap\">\n          <div class=\"image\">\n            <picture>\n              <source media=\"(max-width: 999px)\" srcset=\"https:\/\/mypalmleaf.com\/wp-content\/uploads\/2024\/09\/join-us-spotlight-new-mob.jpg\" \/>\n              <source media=\"(min-width: 1000px)\" srcset=\"https:\/\/mypalmleaf.com\/wp-content\/uploads\/2024\/09\/join-us-spotlight-new.jpg\" \/>\n              <img decoding=\"async\" src=\"https:\/\/mypalmleaf.com\/wp-content\/uploads\/2024\/09\/join-us-spotlight-new.jpg\" class=\"img-fluid\" alt=\"\" \/>\n            <\/picture>\n          <\/div>\n          <div class=\"content\">\n            <div data-aos=\"fade-up\" data-aos-duration=\"1000\">\n              <h2 class=\"\">Mana\u017eer pro partnery a partnerstv\u00ed<\/h2>\n                                 \n            <\/div>\n          <\/div>\n        <\/div>\n      <\/div>\n          <\/div>\n<\/section><section class=\"join-us-block my-6 position-relative\">\n  <div class=\"container-xl\">\n    <div class=\"row mb-4 justify-content-center\">\n      <div class=\"col-lg-10 text-center\" data-aos=\"fade-up\" data-aos-duration=\"1000\">\n        <p>Spole\u010dnost MyPalmLeaf hled\u00e1 nad\u0161en\u00e9ho a vysoce motivovan\u00e9ho mana\u017eera pro partnerstv\u00ed a partnersk\u00e9 vztahy (APM), kter\u00fd bude posilovat st\u00e1vaj\u00edc\u00ed partnerstv\u00ed a navazovat nov\u00e1 spojen\u00ed a sd\u00edlet starobylou moudrost \u010dten\u00ed z palmov\u00fdch list\u016f s cel\u00fdm sv\u011btem.<\/p>\n      <\/div>\n    <\/div>\n    <div class=\"row my-5 justify-content-between\" data-aos=\"fade-up\" data-aos-duration=\"1000\">\n          <\/div>\n  <\/div>\n  <\/section><section class=\"tabs-wrapper my-6 mt-0\">\n  <div class=\"container-xl\">\n    <div class=\"row\">\n      <div class=\"tabs-container\" data-aos=\"fade-up\" data-aos-duration=\"1000\">\n        <ul class=\"tabs\">\n                                <li class=\"tab-button active\" data-target=\"tab1\">Co od v\u00e1s o\u010dek\u00e1v\u00e1me<\/li>\n                                  <li class=\"tab-button active\" data-target=\"tab2\">C\u00edle APM<\/li>\n                                  <li class=\"tab-button active\" data-target=\"tab3\">Jak vypad\u00e1 va\u0161e role?<\/li>\n                                  <li class=\"tab-button active\" data-target=\"tab4\">Co nab\u00edz\u00edme<\/li>\n                              <\/ul>\n        <div class=\"tab-content\">\n                                <div id=\"tab1\" class=\"tab-pane active\">\n              <ul>\n<li><strong>Soulad s na\u0161\u00edm posl\u00e1n\u00edm:<\/strong> Jste hluboce spojeni s posl\u00e1n\u00edm MyPalmLeaf, kter\u00fdm je celosv\u011btov\u00e9 sd\u00edlen\u00ed \u010dten\u00ed, kter\u00e9 m\u011bn\u00ed \u017eivot.<\/li>\n<li><strong>Plynul\u00e1 znalost angli\u010dtiny a n\u011bm\u010diny:<\/strong> komunikujete srozumiteln\u011b a efektivn\u011b v obou jazyc\u00edch.<\/li>\n<li><strong>T\u00fdmov\u00fd duch:<\/strong> R\u00e1di jste sou\u010d\u00e1st\u00ed t\u00fdmu, kter\u00fd v\u00e1s podporuje a jeho\u017e posl\u00e1n\u00edm je plnit \u00fakoly, a da\u0159\u00ed se v\u00e1m v prost\u0159ed\u00ed, kde je kl\u00ed\u010dov\u00e1 spolupr\u00e1ce a vz\u00e1jemn\u00e1 podpora.<\/li>\n<li><strong>Integrita:<\/strong> V\u017edycky jdete p\u0159\u00edkladem a dr\u017e\u00edte se sv\u00e9ho slova.<\/li>\n<li><strong>Samostatn\u011b \u0159\u00edzen\u00e9:<\/strong> M\u00e1te schopnost pracovat samostatn\u011b, iniciativn\u011b rozv\u00edjet a v\u00e9st projekty a z\u00e1rove\u0148 jste siln\u00fdm t\u00fdmov\u00fdm hr\u00e1\u010dem s rozv\u00edjej\u00edc\u00edmi se v\u016fd\u010d\u00edmi schopnostmi.\n<\/li>\n<li><strong>Neochv\u011bjn\u00fd z\u00e1vazek:<\/strong> Vynakl\u00e1d\u00e1te 150 % \u00fasil\u00ed a prokazujete vytrvalost a odhodl\u00e1n\u00ed ve v\u0161em, co d\u011bl\u00e1te.<\/li>\n<li><strong>Celo\u017eivotn\u00ed vzd\u011bl\u00e1v\u00e1n\u00ed:<\/strong> Jste odhodl\u00e1ni neust\u00e1le se osobn\u011b a profesn\u011b rozv\u00edjet.<\/li>\n<\/ul>\n            <\/div>\n                                  <div id=\"tab2\" class=\"tab-pane active\">\n              <p>Va\u0161\u00edm hlavn\u00edm c\u00edlem bude vytv\u00e1\u0159et <strong>oboustrann\u011b v\u00fdhodn\u00e1 partnerstv\u00ed s<\/strong> organizacemi a jednotlivci, kte\u0159\u00ed se shoduj\u00ed s posl\u00e1n\u00edm spole\u010dnosti MyPalmLeaf. Va\u0161e \u00fasil\u00ed bude zam\u011b\u0159eno na: <\/p>\n<ul>\n<li>Zv\u00fd\u0161en\u00ed po\u010dtu rezervac\u00ed \u010dten\u00ed z dlan\u011b.<\/li>\n<li>Zvy\u0161te celosv\u011btov\u00e9 pov\u011bdom\u00ed o zna\u010dce MyPalmLeaf.<\/li>\n<\/ul>\n            <\/div>\n                                  <div id=\"tab3\" class=\"tab-pane active\">\n              <p>Jako APM budete:<\/p>\n<ul>\n<li>Aktivn\u011b oslovujte potenci\u00e1ln\u00ed partnery, a to jak jednotlivce, tak i organizace, s c\u00edlem rozv\u00edjet vz\u00e1jemn\u011b v\u00fdhodn\u00e1 partnerstv\u00ed.<\/li>\n<li>P\u011bstovat a spravovat partnersk\u00fd program spole\u010dnosti MyPalmLeaf.<\/li>\n<li>Spolupr\u00e1ce s influencersk\u00fdmi agenturami na roz\u0161\u00ed\u0159en\u00ed na\u0161\u00ed p\u0159\u00edtomnosti v n\u011bm\u010din\u011b, angli\u010dtin\u011b, japon\u0161tin\u011b, \u010d\u00edn\u0161tin\u011b a na rozv\u00edjej\u00edc\u00edch se trz\u00edch.<\/li>\n<\/ul>\n            <\/div>\n                                  <div id=\"tab4\" class=\"tab-pane active\">\n              <p>Po obdr\u017een\u00ed \u017e\u00e1dosti v\u00e1m za\u0161leme podrobn\u00e9 vysv\u011btlen\u00ed platby.<\/p>\n<ul>\n<li><strong>\u00da\u010deln\u00e9 posl\u00e1n\u00ed:<\/strong> Bu\u010fte sou\u010d\u00e1st\u00ed duchovn\u011b motivovan\u00e9 a smyslupln\u00e9 mise, kter\u00e1 je zam\u011b\u0159ena na prosp\u011bch sv\u011bta.<\/li>\n<li>Podp\u016frn\u00e9 t\u00fdmov\u00e9 prost\u0159ed\u00ed: P\u0159ipojte se k nad\u0161en\u00e9mu t\u00fdmu, kter\u00fd podporuje v\u00e1\u0161 osobn\u00ed i profesn\u00ed r\u016fst.<\/li>\n<li>Flexibilita: Vychutnejte si flexibiln\u00ed, na m\u00edst\u011b nez\u00e1vislou pr\u00e1ci s mo\u017enost\u00ed spoluvytv\u00e1\u0159et v rychle rostouc\u00ed duchovn\u00ed organizaci.<\/li>\n<li>Konkuren\u010dn\u00ed odm\u011b\u0148ov\u00e1n\u00ed: Z\u00edskejte konkurenceschopn\u00fd bal\u00ed\u010dek, kter\u00fd zahrnuje z\u00e1kladn\u00ed mzdu a bonusy zalo\u017een\u00e9 na v\u00fdkonu.<\/li>\n<\/ul>\n            <\/div>\n                              <\/div>\n      <\/div>\n    <\/div>\n  <\/div>\n<\/section><section class=\"how-to-apply my-6 mt-0\">\n  <div class=\"container-xl\">\n    <div class=\"row\">\n      <div class=\"col-lg-10 mx-auto\" >\n        <div class=\"dual-col \">\n          <div class=\"title\">\n            <img decoding=\"async\" src=\"https:\/\/mypalmleaf.com\/wp-content\/uploads\/2024\/08\/title-bg.png\" alt=\"\" class=\"img-fluid\">\n            <div class=\"text\">Jak se p\u0159ihl\u00e1sit<\/div>\n          <\/div>\n          <div class=\"desc\">\n            <p>Chcete-li se p\u0159ihl\u00e1sit, sta\u010d\u00ed nahr\u00e1t 1-4minutov\u00e9 video, ve kter\u00e9m se p\u0159edstav\u00edte. Ve videu n\u00e1m \u0159ekn\u011bte: <\/p>\n<ul>\n<li>1) N\u011bco m\u00e1lo o sob\u011b.<\/li>\n<li>2) Pro\u010d chcete b\u00fdt sou\u010d\u00e1st\u00ed MyPalmLeaf.<\/li>\n<li>3) Pro\u010d si mysl\u00edte, \u017ee jste ide\u00e1ln\u00edm kandid\u00e1tem na tuto pozici.<\/li>\n<\/ul>\n<p>Po\u0161lete sv\u00e9 video na adresu <a href=\"mailto:info@mypalmleaf.com\">info@mypalmleaf.com<\/a>. Toto je jedin\u00fd zp\u016fsob, jak se p\u0159ihl\u00e1sit. Upozor\u0148ujeme, \u017ee nebudeme reagovat na \u017e\u00e1dosti o &#8222;v\u00edce informac\u00ed&#8220; nebo zasl\u00e1n\u00ed \u017eivotopisu, proto\u017ee hled\u00e1me proaktivn\u00ed jedince, kte\u0159\u00ed jsou p\u0159ipraveni jednat. Uka\u017ete n\u00e1m svou energii a nad\u0161en\u00ed prost\u0159ednictv\u00edm sv\u00e9ho videa! <\/p>\n<div class=\"btm-contact\">Nem\u016f\u017eeme se do\u010dkat, a\u017e se n\u00e1m ozvete!<\/div>\n          <\/div>\n        <\/div>\n      <\/div>\n    <\/div>\n  <\/div>\n<\/section>","protected":false},"excerpt":{"rendered":"","protected":false},"author":1,"featured_media":0,"parent":0,"menu_order":0,"comment_status":"closed","ping_status":"closed","template":"","meta":{"_acf_changed":false,"footnotes":""},"class_list":["post-45201","page","type-page","status-publish","hentry"],"acf":[],"yoast_head":"<!-- This site is optimized with the Yoast SEO plugin v26.4 - https:\/\/yoast.com\/wordpress\/plugins\/seo\/ -->\n<title>Mana\u017eer pro partnersk\u00e9 vztahy a partnerstv\u00ed - My Palm Leaf<\/title>\n<meta name=\"description\" content=\"P\u0159idejte se k n\u00e1m jako Affiliate a Partnership mana\u017eer. Pomozte \u0161\u00ed\u0159it starov\u011bkou moudrost \u010dten\u00ed z palmov\u00fdch list\u016f a ve\u010fte hledaj\u00edc\u00ed na jejich duchovn\u00ed cest\u011b.\" \/>\n<meta name=\"robots\" content=\"index, follow, max-snippet:-1, max-image-preview:large, max-video-preview:-1\" \/>\n<link rel=\"canonical\" href=\"https:\/\/mypalmleaf.com\/cs\/manazer-pro-partnerske-vztahy-a-partnerstvi\/\" \/>\n<meta property=\"og:locale\" content=\"cs_CZ\" \/>\n<meta property=\"og:type\" content=\"article\" \/>\n<meta property=\"og:title\" content=\"Mana\u017eer pro partnersk\u00e9 vztahy a partnerstv\u00ed - My Palm Leaf\" \/>\n<meta property=\"og:description\" content=\"P\u0159idejte se k n\u00e1m jako Affiliate a Partnership mana\u017eer. Pomozte \u0161\u00ed\u0159it starov\u011bkou moudrost \u010dten\u00ed z palmov\u00fdch list\u016f a ve\u010fte hledaj\u00edc\u00ed na jejich duchovn\u00ed cest\u011b.\" \/>\n<meta property=\"og:url\" content=\"https:\/\/mypalmleaf.com\/cs\/manazer-pro-partnerske-vztahy-a-partnerstvi\/\" \/>\n<meta property=\"og:site_name\" content=\"My Palm Leaf\" \/>\n<meta property=\"article:modified_time\" content=\"2025-04-21T08:55:19+00:00\" \/>\n<meta property=\"og:image\" content=\"https:\/\/mypalmleaf.com\/wp-content\/uploads\/2025\/08\/mpl-circle-logo.jpg\" \/>\n\t<meta property=\"og:image:width\" content=\"1200\" \/>\n\t<meta property=\"og:image:height\" content=\"1196\" \/>\n\t<meta property=\"og:image:type\" content=\"image\/jpeg\" \/>\n<meta name=\"twitter:card\" content=\"summary_large_image\" \/>\n<script type=\"application\/ld+json\" class=\"yoast-schema-graph\">{\"@context\":\"https:\/\/schema.org\",\"@graph\":[{\"@type\":\"WebPage\",\"@id\":\"https:\/\/mypalmleaf.com\/cs\/manazer-pro-partnerske-vztahy-a-partnerstvi\/\",\"url\":\"https:\/\/mypalmleaf.com\/cs\/manazer-pro-partnerske-vztahy-a-partnerstvi\/\",\"name\":\"Mana\u017eer pro partnersk\u00e9 vztahy a partnerstv\u00ed - My Palm Leaf\",\"isPartOf\":{\"@id\":\"https:\/\/mypalmleaf.com\/#website\"},\"datePublished\":\"2024-10-26T17:42:47+00:00\",\"dateModified\":\"2025-04-21T08:55:19+00:00\",\"description\":\"P\u0159idejte se k n\u00e1m jako Affiliate a Partnership mana\u017eer. Pomozte \u0161\u00ed\u0159it starov\u011bkou moudrost \u010dten\u00ed z palmov\u00fdch list\u016f a ve\u010fte hledaj\u00edc\u00ed na jejich duchovn\u00ed cest\u011b.\",\"breadcrumb\":{\"@id\":\"https:\/\/mypalmleaf.com\/cs\/manazer-pro-partnerske-vztahy-a-partnerstvi\/#breadcrumb\"},\"inLanguage\":\"cs\",\"potentialAction\":[{\"@type\":\"ReadAction\",\"target\":[\"https:\/\/mypalmleaf.com\/cs\/manazer-pro-partnerske-vztahy-a-partnerstvi\/\"]}]},{\"@type\":\"BreadcrumbList\",\"@id\":\"https:\/\/mypalmleaf.com\/cs\/manazer-pro-partnerske-vztahy-a-partnerstvi\/#breadcrumb\",\"itemListElement\":[{\"@type\":\"ListItem\",\"position\":1,\"name\":\"Home\",\"item\":\"https:\/\/mypalmleaf.com\/cs\/\"},{\"@type\":\"ListItem\",\"position\":2,\"name\":\"Mana\u017eer pro partnersk\u00e9 vztahy a partnerstv\u00ed\"}]},{\"@type\":\"WebSite\",\"@id\":\"https:\/\/mypalmleaf.com\/#website\",\"url\":\"https:\/\/mypalmleaf.com\/\",\"name\":\"My Palm Leaf\",\"description\":\"\",\"potentialAction\":[{\"@type\":\"SearchAction\",\"target\":{\"@type\":\"EntryPoint\",\"urlTemplate\":\"https:\/\/mypalmleaf.com\/?s={search_term_string}\"},\"query-input\":{\"@type\":\"PropertyValueSpecification\",\"valueRequired\":true,\"valueName\":\"search_term_string\"}}],\"inLanguage\":\"cs\"}]}<\/script>\n<!-- \/ Yoast SEO plugin. -->","yoast_head_json":{"title":"Mana\u017eer pro partnersk\u00e9 vztahy a partnerstv\u00ed - My Palm Leaf","description":"P\u0159idejte se k n\u00e1m jako Affiliate a Partnership mana\u017eer. Pomozte \u0161\u00ed\u0159it starov\u011bkou moudrost \u010dten\u00ed z palmov\u00fdch list\u016f a ve\u010fte hledaj\u00edc\u00ed na jejich duchovn\u00ed cest\u011b.","robots":{"index":"index","follow":"follow","max-snippet":"max-snippet:-1","max-image-preview":"max-image-preview:large","max-video-preview":"max-video-preview:-1"},"canonical":"https:\/\/mypalmleaf.com\/cs\/manazer-pro-partnerske-vztahy-a-partnerstvi\/","og_locale":"cs_CZ","og_type":"article","og_title":"Mana\u017eer pro partnersk\u00e9 vztahy a partnerstv\u00ed - My Palm Leaf","og_description":"P\u0159idejte se k n\u00e1m jako Affiliate a Partnership mana\u017eer. Pomozte \u0161\u00ed\u0159it starov\u011bkou moudrost \u010dten\u00ed z palmov\u00fdch list\u016f a ve\u010fte hledaj\u00edc\u00ed na jejich duchovn\u00ed cest\u011b.","og_url":"https:\/\/mypalmleaf.com\/cs\/manazer-pro-partnerske-vztahy-a-partnerstvi\/","og_site_name":"My Palm Leaf","article_modified_time":"2025-04-21T08:55:19+00:00","og_image":[{"width":1200,"height":1196,"url":"https:\/\/mypalmleaf.com\/wp-content\/uploads\/2025\/08\/mpl-circle-logo.jpg","type":"image\/jpeg"}],"twitter_card":"summary_large_image","schema":{"@context":"https:\/\/schema.org","@graph":[{"@type":"WebPage","@id":"https:\/\/mypalmleaf.com\/cs\/manazer-pro-partnerske-vztahy-a-partnerstvi\/","url":"https:\/\/mypalmleaf.com\/cs\/manazer-pro-partnerske-vztahy-a-partnerstvi\/","name":"Mana\u017eer pro partnersk\u00e9 vztahy a partnerstv\u00ed - My Palm Leaf","isPartOf":{"@id":"https:\/\/mypalmleaf.com\/#website"},"datePublished":"2024-10-26T17:42:47+00:00","dateModified":"2025-04-21T08:55:19+00:00","description":"P\u0159idejte se k n\u00e1m jako Affiliate a Partnership mana\u017eer. Pomozte \u0161\u00ed\u0159it starov\u011bkou moudrost \u010dten\u00ed z palmov\u00fdch list\u016f a ve\u010fte hledaj\u00edc\u00ed na jejich duchovn\u00ed cest\u011b.","breadcrumb":{"@id":"https:\/\/mypalmleaf.com\/cs\/manazer-pro-partnerske-vztahy-a-partnerstvi\/#breadcrumb"},"inLanguage":"cs","potentialAction":[{"@type":"ReadAction","target":["https:\/\/mypalmleaf.com\/cs\/manazer-pro-partnerske-vztahy-a-partnerstvi\/"]}]},{"@type":"BreadcrumbList","@id":"https:\/\/mypalmleaf.com\/cs\/manazer-pro-partnerske-vztahy-a-partnerstvi\/#breadcrumb","itemListElement":[{"@type":"ListItem","position":1,"name":"Home","item":"https:\/\/mypalmleaf.com\/cs\/"},{"@type":"ListItem","position":2,"name":"Mana\u017eer pro partnersk\u00e9 vztahy a partnerstv\u00ed"}]},{"@type":"WebSite","@id":"https:\/\/mypalmleaf.com\/#website","url":"https:\/\/mypalmleaf.com\/","name":"My Palm Leaf","description":"","potentialAction":[{"@type":"SearchAction","target":{"@type":"EntryPoint","urlTemplate":"https:\/\/mypalmleaf.com\/?s={search_term_string}"},"query-input":{"@type":"PropertyValueSpecification","valueRequired":true,"valueName":"search_term_string"}}],"inLanguage":"cs"}]}},"_links":{"self":[{"href":"https:\/\/mypalmleaf.com\/cs\/wp-json\/wp\/v2\/pages\/45201","targetHints":{"allow":["GET"]}}],"collection":[{"href":"https:\/\/mypalmleaf.com\/cs\/wp-json\/wp\/v2\/pages"}],"about":[{"href":"https:\/\/mypalmleaf.com\/cs\/wp-json\/wp\/v2\/types\/page"}],"author":[{"embeddable":true,"href":"https:\/\/mypalmleaf.com\/cs\/wp-json\/wp\/v2\/users\/1"}],"replies":[{"embeddable":true,"href":"https:\/\/mypalmleaf.com\/cs\/wp-json\/wp\/v2\/comments?post=45201"}],"version-history":[{"count":0,"href":"https:\/\/mypalmleaf.com\/cs\/wp-json\/wp\/v2\/pages\/45201\/revisions"}],"wp:attachment":[{"href":"https:\/\/mypalmleaf.com\/cs\/wp-json\/wp\/v2\/media?parent=45201"}],"curies":[{"name":"wp","href":"https:\/\/api.w.org\/{rel}","templated":true}]}}