
{"id":45485,"date":"2024-11-10T05:53:12","date_gmt":"2024-11-10T05:53:12","guid":{"rendered":"https:\/\/mypalmleaf.com\/homa\/"},"modified":"2025-04-18T08:57:57","modified_gmt":"2025-04-18T08:57:57","slug":"homa","status":"publish","type":"page","link":"https:\/\/mypalmleaf.com\/cs\/homa\/","title":{"rendered":"Homa"},"content":{"rendered":"\n<section class=\"spotlight-main small top-gap\">\n    <!-- <div class=\"slider-wrap\" data-flickity='{ \"cellAlign\": \"left\", \"contain\": true, \"wrapAround\": true, \"setGallerySize\": false }'> -->\n    <div class=\"slider-wrap\" data-flickity='{ \"cellAlign\": \"left\", \"contain\": true, \"wrapAround\": true, \"setGallerySize\": false  }'>\n            <div class=\"slides\">\n        <div class=\"content-wrap\">\n          <div class=\"image\">\n            <picture>\n              <source media=\"(max-width: 999px)\" srcset=\"https:\/\/mypalmleaf.com\/wp-content\/uploads\/2024\/11\/homas-spotlight-mob.jpg\" \/>\n              <source media=\"(min-width: 1000px)\" srcset=\"https:\/\/mypalmleaf.com\/wp-content\/uploads\/2024\/11\/homas-spotlight.jpg\" \/>\n              <img decoding=\"async\" src=\"https:\/\/mypalmleaf.com\/wp-content\/uploads\/2024\/11\/homas-spotlight.jpg\" class=\"img-fluid\" alt=\"\" \/>\n            <\/picture>\n          <\/div>\n          <div class=\"content\">\n            <div data-aos=\"fade-up\" data-aos-duration=\"1000\">\n              <h2 class=\"\">Homas: Ob\u0159ady posv\u00e1tn\u00e9ho ohn\u011b pro karmickou transformaci<\/h2>\n              <p>Vyzkou\u0161ejte si starobyl\u00e9 v\u00e9dsk\u00e9 ritu\u00e1ly, kter\u00e9 v\u00e1m maj\u00ed p\u0159in\u00e9st po\u017eehn\u00e1n\u00ed, o\u010distu a harmonii do \u017eivota.  <\/p>\n                                  <a href=\"\/prices\/fire-ceremony-homa\/\" class=\"btn btn-primary\">Rezervujte si sv\u016fj Homas<\/a>\n                   \n            <\/div>\n          <\/div>\n        <\/div>\n      <\/div>\n          <\/div>\n<\/section>\n<section class=\"my-6 position-relative\">\n    <div class=\"container-xl\" data-aos=\"fade-up\" data-aos-duration=\"1000\">\n      <div class=\"row align-items-center\">\n        <div class=\"col-lg-5 mb-4 mb-lg-0\">\n          <div class=\"rounded-asset\">\n            <img decoding=\"async\" src=\"https:\/\/mypalmleaf.com\/wp-content\/uploads\/2024\/11\/yt-thumb-homa.jpg\" class=\"img-fluid\" alt=\"\"><div class=\"play-icon\"><\/div>\n            <a href=\"https:\/\/www.youtube.com\/watch?v=63svn4g1Z5U\" class=\"stretched-link\" data-lity><\/a>\n          <\/div>\n        <\/div>\n        <div class=\"col-lg-7\">\n          <h2 class=\"mb-4\">Co jsou oh\u0148ov\u00e9 ob\u0159ady homa?<\/h2>\n          <p>H\u00f3my, zn\u00e1m\u00e9 tak\u00e9 jako oh\u0148ov\u00e9 ob\u0159ady, jsou mocn\u00e9 v\u00e9dsk\u00e9 ritu\u00e1ly prov\u00e1d\u011bn\u00e9 za \u00fa\u010delem vyvol\u00e1n\u00ed bo\u017esk\u00fdch energi\u00ed, odstran\u011bn\u00ed negativn\u00edch karmick\u00fdch vliv\u016f a nastolen\u00ed rovnov\u00e1hy v r\u016fzn\u00fdch aspektech \u017eivota. Prost\u0159ednictv\u00edm posv\u00e1tn\u00e9ho prvku ohn\u011b se p\u0159in\u00e1\u0161ej\u00ed ob\u011bti bo\u017estv\u016fm a transforma\u010dn\u00ed energie ritu\u00e1lu p\u0159in\u00e1\u0161\u00ed po\u017eehn\u00e1n\u00ed, o\u010distu a uzdraven\u00ed. <\/p>\n<p>Tyto ob\u0159ady vedou zku\u0161en\u00ed v\u00e9d\u0161t\u00ed kn\u011b\u017e\u00ed, kte\u0159\u00ed zp\u00edvaj\u00ed posv\u00e1tn\u00e9 mantry a p\u0159in\u00e1\u0161ej\u00ed ob\u011bti do posv\u00e1tn\u00e9ho ohn\u011b, \u010d\u00edm\u017e umoc\u0148uj\u00ed z\u00e1m\u011br a \u00fa\u010dinek ritu\u00e1lu.<\/p>\n        <\/div>\n      <\/div>\n    <\/div>\n    <\/section>\n<section class=\"my-6 position-relative\">\n  <div class=\"container-xl aos-init aos-animate\" data-aos=\"fade-up\" data-aos-duration=\"1000\">\n    <div class=\"row align-items-center\">\n      <div class=\"col-lg-7\">\n        <h2 class=\"mb-4\">Jak v\u00e1m m\u016f\u017ee b\u00fdt Ham\u00e1s prosp\u011b\u0161n\u00fd?<\/h2>\n<p>Ka\u017ed\u00fd ob\u0159ad homa m\u00e1 jedine\u010dn\u00fd \u00fa\u010del, a\u0165 u\u017e jde o p\u0159ekon\u00e1n\u00ed p\u0159ek\u00e1\u017eek, zlep\u0161en\u00ed zdrav\u00ed, p\u0159ivol\u00e1n\u00ed prosperity nebo o\u010di\u0161t\u011bn\u00ed negativn\u00ed karmy.<\/p>\n<p>Zde se dozv\u00edte, jak m\u016f\u017ee Tom\u00e1\u0161 zm\u011bnit v\u00e1\u0161 \u017eivot:  <\/p>\n        <ul>\n<li>Karmick\u00e9 l\u00e9\u010den\u00ed: Uvoln\u011bte karmick\u00e9 dluhy z minulosti a p\u0159it\u00e1hn\u011bte pozitivn\u00ed karmick\u00e9 vlivy.  <\/li>\n<li>\u010ci\u0161t\u011bn\u00ed: O\u010dist\u011bte svou auru a okol\u00ed od negativn\u00edch energi\u00ed.  <\/li>\n<li>Po\u017eehn\u00e1n\u00ed a prosperita: P\u0159ivol\u00e1vejte po\u017eehn\u00e1n\u00ed pro zdrav\u00ed, bohatstv\u00ed, vztahy a celkovou pohodu.  <\/li>\n<li>Ochrana a harmonie: Posilte duchovn\u00ed ochranu a vneste do sv\u00e9ho \u017eivota harmonii.  <\/li>\n<\/ul>\n<div class=\"dual-btn-cont mt-4\">\n<ul>\n<li><a href=\"https:\/\/mypalmleaf.com\/cs\/prices\/obrad-ohne-homa\/\" class=\"btn btn-primary\">Rezervujte si sv\u016fj oh\u0148ov\u00fd ob\u0159ad nyn\u00ed<\/a><\/li>\n<\/ul>\n<\/div>\n      <\/div>\n      <div class=\"col-lg-5 mb-4 mb-lg-0\">\n        <div class=\"rounded-asset\">\n          <img decoding=\"async\" src=\"https:\/\/mypalmleaf.com\/wp-content\/uploads\/2024\/11\/homas-thumb.jpg\" class=\"img-fluid\" alt=\"\"\/>\n        <\/div>\n      <\/div>\n    <\/div>\n  <\/div>\n       \n  <\/section>\n\n<section class=\"my-6 position-relative\">\n  <div class=\"container-xl aos-init aos-animate\" data-aos=\"fade-up\" data-aos-duration=\"1000\">\n    <div class=\"row align-items-center\">\n      <div class=\"col-lg-5 mb-4 mb-lg-0\">\n        <div class=\"rounded-asset\">\n          <img decoding=\"async\" src=\"https:\/\/mypalmleaf.com\/wp-content\/uploads\/2024\/11\/homas-thumb2.jpg\" class=\"img-fluid\" alt=\"\"\/>\n        <\/div>\n      <\/div>\n      <div class=\"col-lg-7\">\n        <h2 class=\"mb-4\">Jak to funguje<\/h2>\n        <p><strong>Krok 1: Rezervujte si ob\u0159ad Homa<\/strong><br\/> Ob\u0159ad ohn\u011b Homa si rezervujte na na\u0161ich webov\u00fdch str\u00e1nk\u00e1ch.<\/p> \n<p><strong>Krok 2: Rezervace sch\u016fzky<\/strong><br\/> Po proveden\u00ed rezervace obdr\u017e\u00edte odkaz na kalend\u00e1\u0159 a m\u016f\u017eete si rezervovat spr\u00e1vn\u00fd den a \u010das, kdy chcete, aby byla Homa provedena.  <\/p>\n<p><strong>Krok 3: Z\u00fa\u010dastn\u011bte se a p\u0159ijm\u011bte po\u017eehn\u00e1n\u00ed<\/strong><br\/> M\u016f\u017eete se rozhodnout, zda se k ob\u0159adu p\u0159ipoj\u00edte \u017eiv\u011b prost\u0159ednictv\u00edm slu\u017eby Zoom, nebo zda budete p\u0159ij\u00edmat energii a po\u017eehn\u00e1n\u00ed odkudkoli. B\u011bhem h\u00f3my v\u00e1s bude doprov\u00e1zet jeden z na\u0161ich moder\u00e1tor\u016f a v\u0161e v\u00e1m vysv\u011btl\u00ed.   <\/p>\n<div class=\"dual-btn-cont mt-4\">\n<ul>\n<li><a href=\"https:\/\/mypalmleaf.com\/cs\/prices\/obrad-ohne-homa\/\" class=\"btn btn-primary\">Rezervujte si sv\u016fj oh\u0148ov\u00fd ob\u0159ad nyn\u00ed<\/a><\/li>\n<\/ul>\n<\/div>\n      <\/div>\n      \n    <\/div>\n  <\/div>\n       \n  <\/section>\n\n<figure class=\"wp-block-gallery has-nested-images columns-default is-cropped wp-block-gallery-1 is-layout-flex wp-block-gallery-is-layout-flex\">\n<figure class=\"wp-block-image size-full\"><img loading=\"lazy\" decoding=\"async\" width=\"1024\" height=\"576\" data-id=\"45429\" src=\"https:\/\/mypalmleaf.com\/wp-content\/uploads\/2024\/11\/3-1.jpg\" alt=\"\" class=\"wp-image-45429\" srcset=\"https:\/\/mypalmleaf.com\/wp-content\/uploads\/2024\/11\/3-1.jpg 1024w, https:\/\/mypalmleaf.com\/wp-content\/uploads\/2024\/11\/3-1-600x338.jpg 600w, https:\/\/mypalmleaf.com\/wp-content\/uploads\/2024\/11\/3-1-300x169.jpg 300w, https:\/\/mypalmleaf.com\/wp-content\/uploads\/2024\/11\/3-1-768x432.jpg 768w\" sizes=\"auto, (max-width: 1024px) 100vw, 1024px\" \/><\/figure>\n\n\n\n<figure class=\"wp-block-image size-large\"><img loading=\"lazy\" decoding=\"async\" width=\"1024\" height=\"576\" data-id=\"45407\" src=\"https:\/\/mypalmleaf.com\/wp-content\/uploads\/2024\/11\/2.jpg\" alt=\"\" class=\"wp-image-45407\" srcset=\"https:\/\/mypalmleaf.com\/wp-content\/uploads\/2024\/11\/2.jpg 1024w, https:\/\/mypalmleaf.com\/wp-content\/uploads\/2024\/11\/2-600x338.jpg 600w, https:\/\/mypalmleaf.com\/wp-content\/uploads\/2024\/11\/2-300x169.jpg 300w, https:\/\/mypalmleaf.com\/wp-content\/uploads\/2024\/11\/2-768x432.jpg 768w\" sizes=\"auto, (max-width: 1024px) 100vw, 1024px\" \/><\/figure>\n\n\n\n<figure class=\"wp-block-image size-large\"><img loading=\"lazy\" decoding=\"async\" width=\"1024\" height=\"576\" data-id=\"45386\" src=\"https:\/\/mypalmleaf.com\/wp-content\/uploads\/2024\/11\/1.jpg\" alt=\"\" class=\"wp-image-45386\" srcset=\"https:\/\/mypalmleaf.com\/wp-content\/uploads\/2024\/11\/1.jpg 1024w, https:\/\/mypalmleaf.com\/wp-content\/uploads\/2024\/11\/1-600x338.jpg 600w, https:\/\/mypalmleaf.com\/wp-content\/uploads\/2024\/11\/1-300x169.jpg 300w, https:\/\/mypalmleaf.com\/wp-content\/uploads\/2024\/11\/1-768x432.jpg 768w\" sizes=\"auto, (max-width: 1024px) 100vw, 1024px\" \/><\/figure>\n<\/figure>\n<section class=\"accordion-container position-relative \" data-aos=\"fade-up\" data-aos-duration=\"1000\" id=\"general-questions\">\n  <div class=\"container-xl\">\n    <div class=\"row\">\n      <h3>\u010casto kladen\u00e9 ot\u00e1zky<\/h3>\n      <div class=\"accr-wrap\">\n                  <div class=\"head\">Mus\u00edm b\u00fdt fyzicky p\u0159\u00edtomen, aby byl ob\u0159ad homa \u00fa\u010dinn\u00fd?<\/div>\n          <div class=\"content\">\n            <p>Ne, aby byla homa \u00fa\u010dinn\u00e1, nemus\u00edte b\u00fdt fyzicky p\u0159\u00edtomni. Energie a po\u017eehn\u00e1n\u00ed ob\u0159adu jsou vys\u00edl\u00e1ny prost\u0159ednictv\u00edm vibrac\u00ed posv\u00e1tn\u00fdch manter a ohn\u011b. Pokud chcete, m\u016f\u017eete se k ob\u0159adu p\u0159ipojit \u017eiv\u011b prost\u0159ednictv\u00edm Zoomu, ale blahod\u00e1rn\u00e9 \u00fa\u010dinky se k v\u00e1m dostanou, i kdy\u017e se ob\u0159adu nem\u016f\u017eete z\u00fa\u010dastnit.  <\/p>\n          <\/div>\n                  <div class=\"head\">Jak se m\u00e1m p\u0159ipravit na ob\u0159ad homa?<\/div>\n          <div class=\"content\">\n            <p>Pro p\u0159\u00edpravu na h\u00f3mu je nejlep\u0161\u00ed stanovit si jasn\u00fd z\u00e1m\u011br, co si p\u0159ejete od ritu\u00e1lu z\u00edskat. Mo\u017en\u00e1 si tak\u00e9 budete cht\u00edt doma vytvo\u0159it klidn\u00e9 m\u00edsto bez ru\u0161iv\u00fdch vliv\u016f, kde budete moci v klidu sed\u011bt a p\u0159ij\u00edmat energii ob\u0159adu. Pokud se ob\u0159adu \u00fa\u010dastn\u00edte \u017eiv\u011b, zajist\u011bte si stabiln\u00ed internetov\u00e9 p\u0159ipojen\u00ed a klidn\u00e9 prost\u0159ed\u00ed.  <\/p>\n          <\/div>\n                  <div class=\"head\">Lze prov\u00e9st h\u00f3mu za n\u011bkoho jin\u00e9ho?<\/div>\n          <div class=\"content\">\n            <p>Ano, hom\u00e1lii lze vykonat za n\u011bkoho jin\u00e9ho, a\u0165 u\u017e za n\u011bkoho bl\u00edzk\u00e9ho, \u010dlena rodiny nebo p\u0159\u00edtele. Sta\u010d\u00ed, kdy\u017e uvedete jeho jm\u00e9no a z\u00e1m\u011br ob\u0159adu, a energie a po\u017eehn\u00e1n\u00ed budou sm\u011b\u0159ovat k n\u011bmu. <\/p>\n          <\/div>\n                  <div class=\"head\">Jak\u00e9 v\u00fdsledky mohu od homa terapie o\u010dek\u00e1vat?<\/div>\n          <div class=\"content\">\n            <p>\u00da\u010dinky h\u00f3my se mohou li\u0161it v z\u00e1vislosti na va\u0161em z\u00e1m\u011bru a typu prov\u00e1d\u011bn\u00e9ho ob\u0159adu. Lid\u00e9 \u010dasto uv\u00e1d\u011bj\u00ed, \u017ee poci\u0165uj\u00ed klid, emocion\u00e1ln\u00ed \u00falevu a jasnost, stejn\u011b jako hmatateln\u00e9 pozitivn\u00ed zm\u011bny ve sv\u00e9m \u017eivot\u011b, jako je zlep\u0161en\u00ed vztah\u016f, zdrav\u00ed nebo \u00fasp\u011bch. Po\u017eehn\u00e1n\u00ed a karmick\u00e9 v\u00fdhody se \u010dasto projevuj\u00ed v pr\u016fb\u011bhu \u010dasu.  <\/p>\n          <\/div>\n                  <div class=\"head\">Jak si mohu vybrat, kter\u00fd typ Homy si objedn\u00e1m?<\/div>\n          <div class=\"content\">\n            <p>Pokud v\u00e1m bylo p\u0159i \u010dten\u00ed z palmov\u00e9ho listu doporu\u010deno h\u00f3ma, bude pro v\u00e1s proveden tento typ h\u00f3my. V opa\u010dn\u00e9m p\u0159\u00edpad\u011b n\u00e1m m\u016f\u017eete p\u0159i rezervaci sd\u011blit i celkov\u00fd \u00fa\u010del Homy a kn\u011b\u017e\u00ed vyberou konkr\u00e9tn\u00ed ob\u0159ad pro tento \u00fa\u010del.   <\/p>\n          <\/div>\n                  <div class=\"head\">Jsou homy vhodn\u00e9 pro v\u0161echny v\u00edry a duchovn\u00ed p\u0159esv\u011bd\u010den\u00ed?<\/div>\n          <div class=\"content\">\n            <p>Ano, h\u00f3my jsou duchovn\u00ed ritu\u00e1ly, kter\u00e9 maj\u00ed ko\u0159eny ve starobyl\u00fdch v\u00e9dsk\u00fdch tradic\u00edch, ale jsou otev\u0159en\u00e9 lidem v\u0161ech vyzn\u00e1n\u00ed a p\u0159esv\u011bd\u010den\u00ed. Ob\u0159ady se zam\u011b\u0159uj\u00ed na univerz\u00e1ln\u00ed energie, jako jsou \u017eivly a bo\u017esk\u00e1 po\u017eehn\u00e1n\u00ed, co\u017e m\u016f\u017ee b\u00fdt prosp\u011b\u0161n\u00e9 bez ohledu na va\u0161e duchovn\u00ed z\u00e1zem\u00ed.   <\/p>\n          <\/div>\n                  <div class=\"head\">Jak dlouho obvykle trv\u00e1 ob\u0159ad homa?<\/div>\n          <div class=\"content\">\n            <p>Doba trv\u00e1n\u00ed ob\u0159adu homa se m\u016f\u017ee li\u0161it v z\u00e1vislosti na jeho slo\u017eitosti a typu prov\u00e1d\u011bn\u00e9ho ritu\u00e1lu. V\u011bt\u0161ina ob\u0159ad\u016f trv\u00e1 od 30 minut do 1 hodiny.   <\/p>\n          <\/div>\n                  <div class=\"head\">Mohu si vy\u017e\u00e1dat konkr\u00e9tn\u00ed datum nebo \u010das pro h\u00f3mu?<\/div>\n          <div class=\"content\">\n            <p>Ano, m\u016f\u017eete si vy\u017e\u00e1dat konkr\u00e9tn\u00ed datum a \u010das pro sv\u016fj ob\u0159ad h\u00f3ma v z\u00e1vislosti na dostupnosti na\u0161ich v\u00e9dsk\u00fdch kn\u011b\u017e\u00ed a p\u0159\u00edzniv\u00e9m \u010dase pro proveden\u00ed ob\u0159adu. Ud\u011bl\u00e1me v\u0161e pro to, abychom se p\u0159izp\u016fsobili va\u0161im preferenc\u00edm.   <\/p>\n          <\/div>\n                  <div class=\"head\">Jak prob\u00edh\u00e1 ob\u011btov\u00e1n\u00ed b\u011bhem h\u00f3my?<\/div>\n          <div class=\"content\">\n            <p>Ob\u011bti, jako je gh\u00ed, byliny, obil\u00ed a dal\u0161\u00ed posv\u00e1tn\u00e9 p\u0159edm\u011bty, vkl\u00e1daj\u00ed do ohn\u011b na\u0161i v\u00e9d\u0161t\u00ed kn\u011b\u017e\u00ed za zp\u011bvu mocn\u00fdch manter. Ka\u017ed\u00e1 ob\u011b\u0165 symbolizuje o\u010di\u0161t\u011bn\u00ed, transformaci a uvoln\u011bn\u00ed po\u017eehn\u00e1n\u00ed do vesm\u00edru.   <\/p>\n          <\/div>\n                  <div class=\"head\">Bude m\u011b doprov\u00e1zet moder\u00e1tor z Mypalmleaf?<\/div>\n          <div class=\"content\">\n            <p>Ano, jeden z na\u0161ich moder\u00e1tor\u016f bude p\u0159\u00edtomen v Homa. Budou v\u00e1s prov\u00e1zet a v p\u0159\u00edpad\u011b pot\u0159eby v\u00e1m v\u0161e vysv\u011btl\u00ed.   <\/p>\n          <\/div>\n              <\/div>\n    <\/div>\n  <\/div>\n  \n<\/section>\n<\/div>\n<p><\/p>\n","protected":false},"excerpt":{"rendered":"<p>Jak v\u00e1m m\u016f\u017ee b\u00fdt Ham\u00e1s prosp\u011b\u0161n\u00fd? Ka\u017ed\u00fd ob\u0159ad homa m\u00e1 jedine\u010dn\u00fd \u00fa\u010del, a\u0165 u\u017e jde o p\u0159ekon\u00e1n\u00ed p\u0159ek\u00e1\u017eek, zlep\u0161en\u00ed zdrav\u00ed, p\u0159ivol\u00e1n\u00ed prosperity nebo o\u010di\u0161t\u011bn\u00ed negativn\u00ed karmy. Zde se dozv\u00edte, jak m\u016f\u017ee Tom\u00e1\u0161 zm\u011bnit v\u00e1\u0161 \u017eivot: Karmick\u00e9 l\u00e9\u010den\u00ed: Uvoln\u011bte karmick\u00e9 dluhy z minulosti a p\u0159it\u00e1hn\u011bte pozitivn\u00ed karmick\u00e9 vlivy. \u010ci\u0161t\u011bn\u00ed: O\u010dist\u011bte svou auru a okol\u00ed od negativn\u00edch [&hellip;]<\/p>\n","protected":false},"author":1,"featured_media":0,"parent":0,"menu_order":0,"comment_status":"closed","ping_status":"closed","template":"","meta":{"_acf_changed":false,"footnotes":""},"class_list":["post-45485","page","type-page","status-publish","hentry"],"acf":[],"yoast_head":"<!-- This site is optimized with the Yoast SEO plugin v26.4 - https:\/\/yoast.com\/wordpress\/plugins\/seo\/ -->\n<title>Homa - My Palm Leaf<\/title>\n<meta name=\"description\" content=\"Za\u017eijte posv\u00e1tn\u00fd oh\u0148ov\u00fd ritu\u00e1l Homa \u2013 mocn\u00fd ob\u0159ad pro o\u010distu, l\u00e9\u010den\u00ed a duchovn\u00ed propojen\u00ed, zako\u0159en\u011bn\u00fd ve starov\u011bk\u00fdch v\u00e9dsk\u00fdch tradic\u00edch. Kontaktujte n\u00e1s\" \/>\n<meta name=\"robots\" content=\"index, follow, max-snippet:-1, max-image-preview:large, max-video-preview:-1\" \/>\n<link rel=\"canonical\" href=\"https:\/\/mypalmleaf.com\/cs\/homa\/\" \/>\n<meta property=\"og:locale\" content=\"cs_CZ\" \/>\n<meta property=\"og:type\" content=\"article\" \/>\n<meta property=\"og:title\" content=\"Homa - My Palm Leaf\" \/>\n<meta property=\"og:description\" content=\"Za\u017eijte posv\u00e1tn\u00fd oh\u0148ov\u00fd ritu\u00e1l Homa \u2013 mocn\u00fd ob\u0159ad pro o\u010distu, l\u00e9\u010den\u00ed a duchovn\u00ed propojen\u00ed, zako\u0159en\u011bn\u00fd ve starov\u011bk\u00fdch v\u00e9dsk\u00fdch tradic\u00edch. Kontaktujte n\u00e1s\" \/>\n<meta property=\"og:url\" content=\"https:\/\/mypalmleaf.com\/cs\/homa\/\" \/>\n<meta property=\"og:site_name\" content=\"My Palm Leaf\" \/>\n<meta property=\"article:modified_time\" content=\"2025-04-18T08:57:57+00:00\" \/>\n<meta property=\"og:image\" content=\"https:\/\/mypalmleaf.com\/wp-content\/uploads\/2024\/11\/homas-thumb.jpg\" \/>\n<meta name=\"twitter:card\" content=\"summary_large_image\" \/>\n<meta name=\"twitter:label1\" content=\"Odhadovan\u00e1 doba \u010dten\u00ed\" \/>\n\t<meta name=\"twitter:data1\" content=\"2 minuty\" \/>\n<script type=\"application\/ld+json\" class=\"yoast-schema-graph\">{\"@context\":\"https:\/\/schema.org\",\"@graph\":[{\"@type\":\"WebPage\",\"@id\":\"https:\/\/mypalmleaf.com\/cs\/homa\/\",\"url\":\"https:\/\/mypalmleaf.com\/cs\/homa\/\",\"name\":\"Homa - My Palm Leaf\",\"isPartOf\":{\"@id\":\"https:\/\/mypalmleaf.com\/#website\"},\"primaryImageOfPage\":{\"@id\":\"https:\/\/mypalmleaf.com\/cs\/homa\/#primaryimage\"},\"image\":{\"@id\":\"https:\/\/mypalmleaf.com\/cs\/homa\/#primaryimage\"},\"thumbnailUrl\":\"https:\/\/mypalmleaf.com\/wp-content\/uploads\/2024\/11\/homas-thumb.jpg\",\"datePublished\":\"2024-11-10T05:53:12+00:00\",\"dateModified\":\"2025-04-18T08:57:57+00:00\",\"description\":\"Za\u017eijte posv\u00e1tn\u00fd oh\u0148ov\u00fd ritu\u00e1l Homa \u2013 mocn\u00fd ob\u0159ad pro o\u010distu, l\u00e9\u010den\u00ed a duchovn\u00ed propojen\u00ed, zako\u0159en\u011bn\u00fd ve starov\u011bk\u00fdch v\u00e9dsk\u00fdch tradic\u00edch. Kontaktujte n\u00e1s\",\"breadcrumb\":{\"@id\":\"https:\/\/mypalmleaf.com\/cs\/homa\/#breadcrumb\"},\"inLanguage\":\"cs\",\"potentialAction\":[{\"@type\":\"ReadAction\",\"target\":[\"https:\/\/mypalmleaf.com\/cs\/homa\/\"]}]},{\"@type\":\"ImageObject\",\"inLanguage\":\"cs\",\"@id\":\"https:\/\/mypalmleaf.com\/cs\/homa\/#primaryimage\",\"url\":\"https:\/\/mypalmleaf.com\/wp-content\/uploads\/2024\/11\/homas-thumb.jpg\",\"contentUrl\":\"https:\/\/mypalmleaf.com\/wp-content\/uploads\/2024\/11\/homas-thumb.jpg\"},{\"@type\":\"BreadcrumbList\",\"@id\":\"https:\/\/mypalmleaf.com\/cs\/homa\/#breadcrumb\",\"itemListElement\":[{\"@type\":\"ListItem\",\"position\":1,\"name\":\"Home\",\"item\":\"https:\/\/mypalmleaf.com\/cs\/\"},{\"@type\":\"ListItem\",\"position\":2,\"name\":\"Homa\"}]},{\"@type\":\"WebSite\",\"@id\":\"https:\/\/mypalmleaf.com\/#website\",\"url\":\"https:\/\/mypalmleaf.com\/\",\"name\":\"My Palm Leaf\",\"description\":\"\",\"potentialAction\":[{\"@type\":\"SearchAction\",\"target\":{\"@type\":\"EntryPoint\",\"urlTemplate\":\"https:\/\/mypalmleaf.com\/?s={search_term_string}\"},\"query-input\":{\"@type\":\"PropertyValueSpecification\",\"valueRequired\":true,\"valueName\":\"search_term_string\"}}],\"inLanguage\":\"cs\"}]}<\/script>\n<!-- \/ Yoast SEO plugin. -->","yoast_head_json":{"title":"Homa - My Palm Leaf","description":"Za\u017eijte posv\u00e1tn\u00fd oh\u0148ov\u00fd ritu\u00e1l Homa \u2013 mocn\u00fd ob\u0159ad pro o\u010distu, l\u00e9\u010den\u00ed a duchovn\u00ed propojen\u00ed, zako\u0159en\u011bn\u00fd ve starov\u011bk\u00fdch v\u00e9dsk\u00fdch tradic\u00edch. Kontaktujte n\u00e1s","robots":{"index":"index","follow":"follow","max-snippet":"max-snippet:-1","max-image-preview":"max-image-preview:large","max-video-preview":"max-video-preview:-1"},"canonical":"https:\/\/mypalmleaf.com\/cs\/homa\/","og_locale":"cs_CZ","og_type":"article","og_title":"Homa - My Palm Leaf","og_description":"Za\u017eijte posv\u00e1tn\u00fd oh\u0148ov\u00fd ritu\u00e1l Homa \u2013 mocn\u00fd ob\u0159ad pro o\u010distu, l\u00e9\u010den\u00ed a duchovn\u00ed propojen\u00ed, zako\u0159en\u011bn\u00fd ve starov\u011bk\u00fdch v\u00e9dsk\u00fdch tradic\u00edch. Kontaktujte n\u00e1s","og_url":"https:\/\/mypalmleaf.com\/cs\/homa\/","og_site_name":"My Palm Leaf","article_modified_time":"2025-04-18T08:57:57+00:00","og_image":[{"url":"https:\/\/mypalmleaf.com\/wp-content\/uploads\/2024\/11\/homas-thumb.jpg","type":"","width":"","height":""}],"twitter_card":"summary_large_image","twitter_misc":{"Odhadovan\u00e1 doba \u010dten\u00ed":"2 minuty"},"schema":{"@context":"https:\/\/schema.org","@graph":[{"@type":"WebPage","@id":"https:\/\/mypalmleaf.com\/cs\/homa\/","url":"https:\/\/mypalmleaf.com\/cs\/homa\/","name":"Homa - My Palm Leaf","isPartOf":{"@id":"https:\/\/mypalmleaf.com\/#website"},"primaryImageOfPage":{"@id":"https:\/\/mypalmleaf.com\/cs\/homa\/#primaryimage"},"image":{"@id":"https:\/\/mypalmleaf.com\/cs\/homa\/#primaryimage"},"thumbnailUrl":"https:\/\/mypalmleaf.com\/wp-content\/uploads\/2024\/11\/homas-thumb.jpg","datePublished":"2024-11-10T05:53:12+00:00","dateModified":"2025-04-18T08:57:57+00:00","description":"Za\u017eijte posv\u00e1tn\u00fd oh\u0148ov\u00fd ritu\u00e1l Homa \u2013 mocn\u00fd ob\u0159ad pro o\u010distu, l\u00e9\u010den\u00ed a duchovn\u00ed propojen\u00ed, zako\u0159en\u011bn\u00fd ve starov\u011bk\u00fdch v\u00e9dsk\u00fdch tradic\u00edch. Kontaktujte n\u00e1s","breadcrumb":{"@id":"https:\/\/mypalmleaf.com\/cs\/homa\/#breadcrumb"},"inLanguage":"cs","potentialAction":[{"@type":"ReadAction","target":["https:\/\/mypalmleaf.com\/cs\/homa\/"]}]},{"@type":"ImageObject","inLanguage":"cs","@id":"https:\/\/mypalmleaf.com\/cs\/homa\/#primaryimage","url":"https:\/\/mypalmleaf.com\/wp-content\/uploads\/2024\/11\/homas-thumb.jpg","contentUrl":"https:\/\/mypalmleaf.com\/wp-content\/uploads\/2024\/11\/homas-thumb.jpg"},{"@type":"BreadcrumbList","@id":"https:\/\/mypalmleaf.com\/cs\/homa\/#breadcrumb","itemListElement":[{"@type":"ListItem","position":1,"name":"Home","item":"https:\/\/mypalmleaf.com\/cs\/"},{"@type":"ListItem","position":2,"name":"Homa"}]},{"@type":"WebSite","@id":"https:\/\/mypalmleaf.com\/#website","url":"https:\/\/mypalmleaf.com\/","name":"My Palm Leaf","description":"","potentialAction":[{"@type":"SearchAction","target":{"@type":"EntryPoint","urlTemplate":"https:\/\/mypalmleaf.com\/?s={search_term_string}"},"query-input":{"@type":"PropertyValueSpecification","valueRequired":true,"valueName":"search_term_string"}}],"inLanguage":"cs"}]}},"_links":{"self":[{"href":"https:\/\/mypalmleaf.com\/cs\/wp-json\/wp\/v2\/pages\/45485","targetHints":{"allow":["GET"]}}],"collection":[{"href":"https:\/\/mypalmleaf.com\/cs\/wp-json\/wp\/v2\/pages"}],"about":[{"href":"https:\/\/mypalmleaf.com\/cs\/wp-json\/wp\/v2\/types\/page"}],"author":[{"embeddable":true,"href":"https:\/\/mypalmleaf.com\/cs\/wp-json\/wp\/v2\/users\/1"}],"replies":[{"embeddable":true,"href":"https:\/\/mypalmleaf.com\/cs\/wp-json\/wp\/v2\/comments?post=45485"}],"version-history":[{"count":0,"href":"https:\/\/mypalmleaf.com\/cs\/wp-json\/wp\/v2\/pages\/45485\/revisions"}],"wp:attachment":[{"href":"https:\/\/mypalmleaf.com\/cs\/wp-json\/wp\/v2\/media?parent=45485"}],"curies":[{"name":"wp","href":"https:\/\/api.w.org\/{rel}","templated":true}]}}