{"id":45527,"date":"2024-11-10T07:16:42","date_gmt":"2024-11-10T07:16:42","guid":{"rendered":"https:\/\/mypalmleaf.com\/athma-shanthi-puja\/"},"modified":"2025-07-28T09:20:06","modified_gmt":"2025-07-28T09:20:06","slug":"athma-shanthi-puja","status":"publish","type":"page","link":"https:\/\/mypalmleaf.com\/cs\/athma-shanthi-puja\/","title":{"rendered":"Athma Shanthi Puja"},"content":{"rendered":"\n<section class=\"spotlight-main small top-gap\">\n    <!-- <div class=\"slider-wrap\" data-flickity='{ \"cellAlign\": \"left\", \"contain\": true, \"wrapAround\": true, \"setGallerySize\": false }'> -->\n    <div class=\"slider-wrap\" data-flickity='{ \"cellAlign\": \"left\", \"contain\": true, \"wrapAround\": true, \"setGallerySize\": false  }'>\n            <div class=\"slides\">\n        <div class=\"content-wrap\">\n          <div class=\"image\">\n            <picture>\n              <source media=\"(max-width: 999px)\" srcset=\"https:\/\/mypalmleaf.com\/wp-content\/uploads\/2024\/11\/athma-shanti-puja-spotlight.-mob.jpg\" \/>\n              <source media=\"(min-width: 1000px)\" srcset=\"https:\/\/mypalmleaf.com\/wp-content\/uploads\/2024\/11\/athma-shanti-puja-spotlight.jpg\" \/>\n              <img decoding=\"async\" src=\"https:\/\/mypalmleaf.com\/wp-content\/uploads\/2024\/11\/athma-shanti-puja-spotlight.jpg\" class=\"img-fluid\" alt=\"\" \/>\n            <\/picture>\n          <\/div>\n          <div class=\"content\">\n            <div data-aos=\"fade-up\" data-aos-duration=\"1000\">\n              <h2 class=\"\">Athma Shanthi Puja: Posv\u00e1tn\u00fd ritu\u00e1l pro du\u0161e zem\u0159el\u00fdch<\/h2>\n              <p>P\u0159ineste m\u00edr a osvobozen\u00ed du\u0161\u00edm sv\u00fdch bl\u00edzk\u00fdch prost\u0159ednictv\u00edm tohoto hlubok\u00e9ho v\u00e9dsk\u00e9ho ob\u0159adu.<\/p>\n                                  <a href=\"\/prices\/athma-shanthi-puja-special-ritual-to-help-the-soul-of-someone-who-has-passed-away-to-rest-in-peace\/\" class=\"btn btn-primary\">Rezervujte si svou p\u00fad\u017eu<\/a>\n                   \n            <\/div>\n          <\/div>\n        <\/div>\n      <\/div>\n          <\/div>\n<\/section>\n\n\n<section class=\"my-6 position-relative\">\n    <div class=\"container-xl\" data-aos=\"fade-up\" data-aos-duration=\"1000\">\n      <div class=\"row align-items-center\">\n        <div class=\"col-lg-5 mb-4 mb-lg-0\">\n          <div class=\"rounded-asset\">\n            <img decoding=\"async\" src=\"https:\/\/mypalmleaf.com\/wp-content\/uploads\/2024\/11\/yt-thumb-2.jpg\" class=\"img-fluid\" alt=\"\"><div class=\"play-icon\"><\/div>\n            <a href=\"https:\/\/www.youtube.com\/watch?v=nZ0XR1c6lPU\" class=\"stretched-link\" data-lity><\/a>\n          <\/div>\n        <\/div>\n        <div class=\"col-lg-7\">\n          <h2 class=\"mb-4\">Co je Athma Shanthi Puja?<\/h2>\n          <p>Athma Shanthi Puja je posv\u00e1tn\u00fd ritu\u00e1l, kter\u00fd se prov\u00e1d\u00ed k uct\u011bn\u00ed du\u0161\u00ed zesnul\u00fdch bl\u00edzk\u00fdch a k navozen\u00ed m\u00edru. Podle v\u00e9dsk\u00fdch tradic tento ob\u0159ad pom\u00e1h\u00e1 du\u0161i zem\u0159el\u00e9ho nal\u00e9zt osvobozen\u00ed (mok\u0161a) a m\u016f\u017ee vy\u0159e\u0161it jak\u00e9koli p\u0159etrv\u00e1vaj\u00edc\u00ed karmick\u00e9 dluhy nebo poruchy. Je zvl\u00e1\u0161t\u011b v\u00fdznamn\u00fd pro ty, kte\u0159\u00ed zem\u0159eli ne\u010dekan\u011b, tragicky nebo bez mo\u017enosti p\u0159ijmout \u0159\u00e1dn\u00e9 ob\u0159ady.  <\/p>\n<p>B\u011bhem p\u00fad\u017ei na\u0161i zku\u0161en\u00ed v\u00e9d\u0161t\u00ed kn\u011b\u017e\u00ed zp\u00edvaj\u00ed posv\u00e1tn\u00e9 mantry, pron\u00e1\u0161ej\u00ed modlitby a prov\u00e1d\u011bj\u00ed ritu\u00e1ly, kter\u00e9 maj\u00ed p\u0159in\u00e9st harmonii a duchovn\u00ed uvoln\u011bn\u00ed.<\/p>\n        <\/div>\n      <\/div>\n    <\/div>\n    <\/section>\n\n\n<section class=\"my-6 position-relative\">\n  <div class=\"container-xl aos-init aos-animate\" data-aos=\"fade-up\" data-aos-duration=\"1000\">\n    <div class=\"row align-items-center\">\n      <div class=\"col-lg-7\">\n        <h2 class=\"mb-4\">Pro\u010d prov\u00e1d\u011bt Athma Shanthi Puja?<\/h2>\n<p>Athma Shanthi Puja je soucitn\u00fd a mocn\u00fd ritu\u00e1l, kter\u00fd slou\u017e\u00ed jak \u017eiv\u00fdm, tak zem\u0159el\u00fdm. Zde je vysv\u011btleno, pro\u010d je d\u016fle\u017eit\u00fd: <\/p>\n<ul>\n<li>Osvobozen\u00ed du\u0161e: Pomozte du\u0161i zem\u0159el\u00e9ho dos\u00e1hnout klidu a vymanit se z kolob\u011bhu znovuzrozen\u00ed.<\/li>\n<li>Karmick\u00e9 \u0159e\u0161en\u00ed: Uvoln\u011bte negativn\u00ed karmick\u00e9 vlivy zp\u016fsoben\u00e9 nevy\u0159e\u0161en\u00fdmi energiemi p\u0159edk\u016f.<\/li>\n<li>Po\u017eehn\u00e1n\u00ed p\u0159edk\u016f: P\u0159ineste do sv\u00e9ho \u017eivota po\u017eehn\u00e1n\u00ed a ochranu od sv\u00fdch p\u0159edk\u016f.<\/li>\n<li>Uzdraven\u00ed a uzav\u0159en\u00ed: Poskytn\u011bte emo\u010dn\u00ed uzdraven\u00ed a uzav\u0159en\u00ed truchl\u00edc\u00edm rodinn\u00fdm p\u0159\u00edslu\u0161n\u00edk\u016fm.<\/li>\n<\/ul>\n<div class=\"dual-btn-cont mt-4\">\n<ul>\n<li><a href=\"https:\/\/mypalmleaf.com\/cs\/prices\/athma-shanthi-puja-specialni-ritual-ktery-ma-pomoci-dusi-zemreleho-odpocivat-v-pokoji\/\" class=\"btn btn-primary\">Objednejte si Athma Shanti Puja pro du\u0161e va\u0161ich p\u0159edk\u016f<\/a><\/li>\n<\/ul>\n<\/div>\n      <\/div>\n      <div class=\"col-lg-5 mb-4 mb-lg-0\">\n        <div class=\"rounded-asset\">\n          <img decoding=\"async\" src=\"https:\/\/staging.mypalmleaf.com\/wp-content\/uploads\/2024\/11\/atma-shant-thumb1.jpg\" class=\"img-fluid\" alt=\"\"\/>\n        <\/div>\n      <\/div>\n    <\/div>\n  <\/div>\n       \n  <\/section>\n\n\n\n<section class=\"my-6 position-relative\">\n  <div class=\"container-xl aos-init aos-animate\" data-aos=\"fade-up\" data-aos-duration=\"1000\">\n    <div class=\"row align-items-center\">\n      <div class=\"col-lg-5 mb-4 mb-lg-0\">\n        <div class=\"rounded-asset\">\n          <img decoding=\"async\" src=\"https:\/\/staging.mypalmleaf.com\/wp-content\/uploads\/2024\/11\/atma-shant-thumb2.jpg\" class=\"img-fluid\" alt=\"\"\/>\n        <\/div>\n      <\/div>\n      <div class=\"col-lg-7\">\n        <h2 class=\"mb-4\">Kdo by m\u011bl tuto p\u00fad\u017eu zv\u00e1\u017eit?<\/h2>\n        <p>Athma Shanthi Puja se doporu\u010duje v\u0161em, kte\u0159\u00ed ztratili milovanou osobu a cht\u011bj\u00ed p\u0159in\u00e9st klid sv\u00e9 du\u0161i. Je obzvl\u00e1\u0161t\u011b prosp\u011b\u0161n\u00e1, pokud: <\/p>\n        <ul>\n          <li>Du\u0161e zem\u0159el\u00e9ho ode\u0161la za tragick\u00fdch nebo n\u00e1hl\u00fdch okolnost\u00ed.<\/li>\n          <li>Nebyly provedeny \u0159\u00e1dn\u00e9 poh\u0159ebn\u00ed ob\u0159ady nebo existuje pocit nedokon\u010den\u00e9 duchovn\u00ed z\u00e1le\u017eitosti.<\/li>\n          <li>C\u00edt\u00edte ve sv\u00e9m \u017eivot\u011b p\u0159\u00edtomnost poruch p\u0159edk\u016f.<\/li>\n          <li>Chcete uct\u00edt sv\u00e9 p\u0159edky a vyj\u00e1d\u0159it jim vd\u011b\u010dnost.<\/li>\n        <\/ul>\n<div class=\"dual-btn-cont mt-4\">\n<ul>\n<li><a href=\"https:\/\/mypalmleaf.com\/cs\/prices\/athma-shanthi-puja-specialni-ritual-ktery-ma-pomoci-dusi-zemreleho-odpocivat-v-pokoji\/\" class=\"btn btn-primary\">Objednejte si Athma Shanti Puja pro du\u0161e va\u0161ich p\u0159edk\u016f<\/a><\/li>\n<\/ul>\n<\/div>\n      <\/div>\n      \n    <\/div>\n  <\/div>\n       \n  <\/section>\n\n\n\n<section class=\"my-6 position-relative\">\n  <div class=\"container-xl aos-init aos-animate\" data-aos=\"fade-up\" data-aos-duration=\"1000\">\n    <div class=\"row align-items-center\">\n      <div class=\"col-lg-7\">\n        <h2 class=\"mb-4\">Jak se prov\u00e1d\u00ed Athma Shanti Puja?<\/h2>\n<p>Ob\u0159ad se kon\u00e1 podle star\u00fdch v\u00e9dsk\u00fdch tradic a obvykle se odehr\u00e1v\u00e1 u posv\u00e1tn\u00e9ho vodn\u00edho \u00fatvaru nebo olt\u00e1\u0159e. Zde je popis toho, co m\u016f\u017eete o\u010dek\u00e1vat: <\/p>\n<ul>\n<li>Vyvol\u00e1n\u00ed bo\u017esk\u00fdch energi\u00ed: Ritu\u00e1l za\u010d\u00edn\u00e1 zp\u00edv\u00e1n\u00edm manter a modliteb, kter\u00e9 maj\u00ed o\u010distit prostor a p\u0159ivolat bo\u017esk\u00e9 energie.<\/li>\n<li>Posv\u00e1tn\u00e9 ob\u011bti: Ob\u011btiny, v\u010detn\u011b r\u00fd\u017ee, kv\u011btin a posv\u00e1tn\u00fdch p\u0159edm\u011bt\u016f, se p\u0159in\u00e1\u0161ej\u00ed du\u0161i zem\u0159el\u00e9ho.<\/li>\n<li>Modlitby za m\u00edr: Zp\u00edvaj\u00ed se zvl\u00e1\u0161tn\u00ed modlitby a mantry, kter\u00e9 \u017eehnaj\u00ed du\u0161i a vedou ji k osvobozen\u00ed.  <\/li>\n<li>Vodn\u00ed ritu\u00e1ly: Ob\u0159ad m\u016f\u017ee zahrnovat ob\u011btov\u00e1n\u00ed posv\u00e1tn\u00e9 vod\u011b, kter\u00e1 symbolizuje o\u010di\u0161t\u011bn\u00ed a osvobozen\u00ed du\u0161e.<\/li>\n<\/ul>\n<div class=\"dual-btn-cont mt-4\">\n<ul>\n<li><a href=\"https:\/\/mypalmleaf.com\/cs\/prices\/athma-shanthi-puja-specialni-ritual-ktery-ma-pomoci-dusi-zemreleho-odpocivat-v-pokoji\/\" class=\"btn btn-primary\">Objednejte si Athma Shanti Puja pro du\u0161e va\u0161ich p\u0159edk\u016f<\/a><\/li>\n<\/ul>\n<\/div>\n      <\/div>\n      <div class=\"col-lg-5 mb-4 mb-lg-0\">\n        <div class=\"rounded-asset\">\n          <img decoding=\"async\" src=\"https:\/\/staging.mypalmleaf.com\/wp-content\/uploads\/2024\/11\/atma-shant-thumb3-1.jpg\" class=\"img-fluid\" alt=\"\"\/>\n        <\/div>\n      <\/div>\n    <\/div>\n  <\/div>\n       \n  <\/section>\n\n\n<section class=\"accordion-container position-relative \" data-aos=\"fade-up\" data-aos-duration=\"1000\" id=\"general-questions\">\n  <div class=\"container-xl\">\n    <div class=\"row\">\n      <h3>\u010casto kladen\u00e9 ot\u00e1zky<\/h3>\n      <div class=\"accr-wrap\">\n                  <div class=\"head\">Mus\u00edm b\u00fdt p\u0159\u00edtomen na Athma Shanthi Puja?<\/div>\n          <div class=\"content\">\n            <p>Ne, nen\u00ed nutn\u00e9 b\u00fdt fyzicky p\u0159\u00edtomen. Na\u0161i v\u00e9d\u0161t\u00ed kn\u011b\u017e\u00ed provedou ritu\u00e1l se stejnou \u00factou a z\u00e1m\u011brem a po\u017eehn\u00e1n\u00ed a energie dos\u00e1hnou du\u0161e bez ohledu na va\u0161i p\u0159\u00edtomnost. Pokud byste v\u0161ak cht\u011bli b\u00fdt sv\u011bdky ob\u0159adu, m\u016f\u017eete se p\u0159ipojit prost\u0159ednictv\u00edm slu\u017eby Zoom.  <\/p>\n          <\/div>\n                  <div class=\"head\">Lze prov\u00e1d\u011bt p\u00fad\u017eu za n\u011bkoho, kdo ji\u017e d\u00e1vno zem\u0159el?<\/div>\n          <div class=\"content\">\n            <p>Ano, Athma Shanthi p\u00fad\u017ea m\u016f\u017ee b\u00fdt vykon\u00e1na za du\u0161e, kter\u00e9 ode\u0161ly p\u0159ed mnoha lety. Tento ritu\u00e1l je nad\u010dasov\u00fd a m\u016f\u017ee p\u0159in\u00e9st klid a osvobozen\u00ed ka\u017ed\u00e9 du\u0161i bez ohledu na to, kdy ode\u0161la. <\/p>\n          <\/div>\n                  <div class=\"head\">Jak\u00e9 \u00fadaje mus\u00edm poskytnout pro p\u00fad\u017eu?<\/div>\n          <div class=\"content\">\n            <p>Obvykle po\u017eadujeme jm\u00e9no zesnul\u00e9 du\u0161e a v\u00e1\u0161 vztah k n\u00ed. U\u017eite\u010dn\u00e9 mohou b\u00fdt i jak\u00e9koli dal\u0161\u00ed podrobnosti, nap\u0159\u00edklad okolnosti jejich odchodu. <\/p>\n          <\/div>\n                  <div class=\"head\">Lze prov\u00e1d\u011bt Athma Shanthi p\u00fad\u017eu za v\u00edce du\u0161\u00ed najednou?<\/div>\n          <div class=\"content\">\n            <p>Ano, je mo\u017en\u00e9 prov\u00e9st p\u00fad\u017eu za v\u00edce ne\u017e jednu du\u0161i. Uve\u010fte pros\u00edm \u00fadaje o ka\u017ed\u00e9 du\u0161i a na\u0161i kn\u011b\u017e\u00ed zajist\u00ed, aby byl ritu\u00e1l odpov\u00eddaj\u00edc\u00edm zp\u016fsobem p\u0159izp\u016fsoben. <\/p>\n          <\/div>\n                  <div class=\"head\">Co m\u00e1m d\u011blat po p\u00fad\u017ei?<\/div>\n          <div class=\"content\">\n            <p>P\u00fad\u017ea obvykle trv\u00e1 20-60 minut v z\u00e1vislosti na slo\u017eitosti a po\u010dtu uct\u00edvan\u00fdch du\u0161\u00ed. P\u0159\u00edprava ob\u0159adu trv\u00e1 mnoho hodin. <\/p>\n          <\/div>\n                  <div class=\"head\">Jak dlouho trv\u00e1 Athma Shanthi Puja?<\/div>\n          <div class=\"content\">\n            <p>P\u00fad\u017ea obvykle trv\u00e1 20-60 minut v z\u00e1vislosti na slo\u017eitosti a po\u010dtu uct\u00edvan\u00fdch du\u0161\u00ed. P\u0159\u00edprava ob\u0159adu trv\u00e1 mnoho hodin. <\/p>\n          <\/div>\n                  <div class=\"head\">Mohu tuto p\u00fad\u017eu prov\u00e1d\u011bt ve v\u00fdznamn\u00fdch dnech, jako jsou v\u00fdro\u010d\u00ed nebo b\u011bhem Pitru Paksha?<\/div>\n          <div class=\"content\">\n            <p>Ano, prov\u00e1d\u011bn\u00ed Athma Shanthi p\u00fad\u017ei ve v\u00fdznamn\u00e9 dny, jako jsou v\u00fdro\u010d\u00ed \u00famrt\u00ed nebo v obdob\u00ed Pitru Paksha, m\u016f\u017ee pos\u00edlit jej\u00ed p\u0159\u00ednos. M\u016f\u017eeme v\u00e1m pomoci ob\u0159ad vhodn\u011b napl\u00e1novat. <\/p>\n          <\/div>\n                  <div class=\"head\">Je Athma Shanthi Puja vhodn\u00e1 pro v\u0161echny v\u00edry a tradice?<\/div>\n          <div class=\"content\">\n            <p>Ano, a\u010dkoli m\u00e1 p\u00fad\u017ea ko\u0159eny ve v\u00e9dsk\u00e9 tradici, jedn\u00e1 se o univerz\u00e1ln\u00ed ritu\u00e1l, kter\u00fd m\u00e1 zesnul\u00fdm p\u0159in\u00e9st m\u00edr a po\u017eehn\u00e1n\u00ed. M\u016f\u017ee ho prov\u00e1d\u011bt kdokoli bez ohledu na sv\u00e9 duchovn\u00ed nebo n\u00e1bo\u017eensk\u00e9 p\u0159esv\u011bd\u010den\u00ed. <\/p>\n          <\/div>\n                  <div class=\"head\">Bude m\u011b doprov\u00e1zet moder\u00e1tor z Mypalmleaf?<\/div>\n          <div class=\"content\">\n            <p>Ano, jeden z na\u0161ich moder\u00e1tor\u016f bude p\u0159\u00edtomen na Athma Shanti Puja. Budou v\u00e1s prov\u00e1zet a v p\u0159\u00edpad\u011b pot\u0159eby v\u00e1m v\u0161e vysv\u011btl\u00ed. <\/p>\n          <\/div>\n              <\/div>\n    <\/div>\n  <\/div>\n  \n<\/section>\n<\/div>","protected":false},"excerpt":{"rendered":"<p>Pro\u010d prov\u00e1d\u011bt Athma Shanthi Puja? Athma Shanthi Puja je soucitn\u00fd a mocn\u00fd ritu\u00e1l, kter\u00fd slou\u017e\u00ed jak \u017eiv\u00fdm, tak zem\u0159el\u00fdm. Zde je vysv\u011btleno, pro\u010d je d\u016fle\u017eit\u00fd: Osvobozen\u00ed du\u0161e: Pomozte du\u0161i zem\u0159el\u00e9ho dos\u00e1hnout klidu a vymanit se z kolob\u011bhu znovuzrozen\u00ed. Karmick\u00e9 \u0159e\u0161en\u00ed: Uvoln\u011bte negativn\u00ed karmick\u00e9 vlivy zp\u016fsoben\u00e9 nevy\u0159e\u0161en\u00fdmi energiemi p\u0159edk\u016f. Po\u017eehn\u00e1n\u00ed p\u0159edk\u016f: P\u0159ineste do sv\u00e9ho \u017eivota po\u017eehn\u00e1n\u00ed [&hellip;]<\/p>\n","protected":false},"author":1,"featured_media":0,"parent":0,"menu_order":0,"comment_status":"closed","ping_status":"closed","template":"","meta":{"_acf_changed":false,"footnotes":""},"class_list":["post-45527","page","type-page","status-publish","hentry"],"acf":[],"yoast_head":"<!-- This site is optimized with the Yoast SEO plugin v26.4 - https:\/\/yoast.com\/wordpress\/plugins\/seo\/ -->\n<title>Athma Shanthi Puja - My Palm Leaf<\/title>\n<meta name=\"description\" content=\"Athma Shanthi Puja je posv\u00e1tn\u00fd ritu\u00e1l, kter\u00fd pom\u00e1h\u00e1 zesnul\u00fdm du\u0161\u00edm nal\u00e9zt klid. Uct\u011bte sv\u00e9 bl\u00edzk\u00e9 touto silnou ceremoni\u00ed l\u00e1sky, sv\u011btla a osvobozen\u00ed.\" \/>\n<meta name=\"robots\" content=\"index, follow, max-snippet:-1, max-image-preview:large, max-video-preview:-1\" \/>\n<link rel=\"canonical\" href=\"https:\/\/mypalmleaf.com\/cs\/athma-shanthi-puja\/\" \/>\n<meta property=\"og:locale\" content=\"cs_CZ\" \/>\n<meta property=\"og:type\" content=\"article\" \/>\n<meta property=\"og:title\" content=\"Athma Shanthi Puja - My Palm Leaf\" \/>\n<meta property=\"og:description\" content=\"Athma Shanthi Puja je posv\u00e1tn\u00fd ritu\u00e1l, kter\u00fd pom\u00e1h\u00e1 zesnul\u00fdm du\u0161\u00edm nal\u00e9zt klid. Uct\u011bte sv\u00e9 bl\u00edzk\u00e9 touto silnou ceremoni\u00ed l\u00e1sky, sv\u011btla a osvobozen\u00ed.\" \/>\n<meta property=\"og:url\" content=\"https:\/\/mypalmleaf.com\/cs\/athma-shanthi-puja\/\" \/>\n<meta property=\"og:site_name\" content=\"My Palm Leaf\" \/>\n<meta property=\"article:modified_time\" content=\"2025-07-28T09:20:06+00:00\" \/>\n<meta property=\"og:image\" content=\"https:\/\/staging.mypalmleaf.com\/wp-content\/uploads\/2024\/11\/atma-shant-thumb1.jpg\" \/>\n<meta name=\"twitter:card\" content=\"summary_large_image\" \/>\n<meta name=\"twitter:label1\" content=\"Odhadovan\u00e1 doba \u010dten\u00ed\" \/>\n\t<meta name=\"twitter:data1\" content=\"2 minuty\" \/>\n<script type=\"application\/ld+json\" class=\"yoast-schema-graph\">{\"@context\":\"https:\/\/schema.org\",\"@graph\":[{\"@type\":\"WebPage\",\"@id\":\"https:\/\/mypalmleaf.com\/cs\/athma-shanthi-puja\/\",\"url\":\"https:\/\/mypalmleaf.com\/cs\/athma-shanthi-puja\/\",\"name\":\"Athma Shanthi Puja - My Palm Leaf\",\"isPartOf\":{\"@id\":\"https:\/\/mypalmleaf.com\/#website\"},\"primaryImageOfPage\":{\"@id\":\"https:\/\/mypalmleaf.com\/cs\/athma-shanthi-puja\/#primaryimage\"},\"image\":{\"@id\":\"https:\/\/mypalmleaf.com\/cs\/athma-shanthi-puja\/#primaryimage\"},\"thumbnailUrl\":\"https:\/\/staging.mypalmleaf.com\/wp-content\/uploads\/2024\/11\/atma-shant-thumb1.jpg\",\"datePublished\":\"2024-11-10T07:16:42+00:00\",\"dateModified\":\"2025-07-28T09:20:06+00:00\",\"description\":\"Athma Shanthi Puja je posv\u00e1tn\u00fd ritu\u00e1l, kter\u00fd pom\u00e1h\u00e1 zesnul\u00fdm du\u0161\u00edm nal\u00e9zt klid. Uct\u011bte sv\u00e9 bl\u00edzk\u00e9 touto silnou ceremoni\u00ed l\u00e1sky, sv\u011btla a osvobozen\u00ed.\",\"breadcrumb\":{\"@id\":\"https:\/\/mypalmleaf.com\/cs\/athma-shanthi-puja\/#breadcrumb\"},\"inLanguage\":\"cs\",\"potentialAction\":[{\"@type\":\"ReadAction\",\"target\":[\"https:\/\/mypalmleaf.com\/cs\/athma-shanthi-puja\/\"]}]},{\"@type\":\"ImageObject\",\"inLanguage\":\"cs\",\"@id\":\"https:\/\/mypalmleaf.com\/cs\/athma-shanthi-puja\/#primaryimage\",\"url\":\"https:\/\/staging.mypalmleaf.com\/wp-content\/uploads\/2024\/11\/atma-shant-thumb1.jpg\",\"contentUrl\":\"https:\/\/staging.mypalmleaf.com\/wp-content\/uploads\/2024\/11\/atma-shant-thumb1.jpg\"},{\"@type\":\"BreadcrumbList\",\"@id\":\"https:\/\/mypalmleaf.com\/cs\/athma-shanthi-puja\/#breadcrumb\",\"itemListElement\":[{\"@type\":\"ListItem\",\"position\":1,\"name\":\"Home\",\"item\":\"https:\/\/mypalmleaf.com\/cs\/\"},{\"@type\":\"ListItem\",\"position\":2,\"name\":\"Athma Shanthi Puja\"}]},{\"@type\":\"WebSite\",\"@id\":\"https:\/\/mypalmleaf.com\/#website\",\"url\":\"https:\/\/mypalmleaf.com\/\",\"name\":\"My Palm Leaf\",\"description\":\"\",\"potentialAction\":[{\"@type\":\"SearchAction\",\"target\":{\"@type\":\"EntryPoint\",\"urlTemplate\":\"https:\/\/mypalmleaf.com\/?s={search_term_string}\"},\"query-input\":{\"@type\":\"PropertyValueSpecification\",\"valueRequired\":true,\"valueName\":\"search_term_string\"}}],\"inLanguage\":\"cs\"}]}<\/script>\n<!-- \/ Yoast SEO plugin. -->","yoast_head_json":{"title":"Athma Shanthi Puja - My Palm Leaf","description":"Athma Shanthi Puja je posv\u00e1tn\u00fd ritu\u00e1l, kter\u00fd pom\u00e1h\u00e1 zesnul\u00fdm du\u0161\u00edm nal\u00e9zt klid. Uct\u011bte sv\u00e9 bl\u00edzk\u00e9 touto silnou ceremoni\u00ed l\u00e1sky, sv\u011btla a osvobozen\u00ed.","robots":{"index":"index","follow":"follow","max-snippet":"max-snippet:-1","max-image-preview":"max-image-preview:large","max-video-preview":"max-video-preview:-1"},"canonical":"https:\/\/mypalmleaf.com\/cs\/athma-shanthi-puja\/","og_locale":"cs_CZ","og_type":"article","og_title":"Athma Shanthi Puja - My Palm Leaf","og_description":"Athma Shanthi Puja je posv\u00e1tn\u00fd ritu\u00e1l, kter\u00fd pom\u00e1h\u00e1 zesnul\u00fdm du\u0161\u00edm nal\u00e9zt klid. Uct\u011bte sv\u00e9 bl\u00edzk\u00e9 touto silnou ceremoni\u00ed l\u00e1sky, sv\u011btla a osvobozen\u00ed.","og_url":"https:\/\/mypalmleaf.com\/cs\/athma-shanthi-puja\/","og_site_name":"My Palm Leaf","article_modified_time":"2025-07-28T09:20:06+00:00","og_image":[{"url":"https:\/\/staging.mypalmleaf.com\/wp-content\/uploads\/2024\/11\/atma-shant-thumb1.jpg","type":"","width":"","height":""}],"twitter_card":"summary_large_image","twitter_misc":{"Odhadovan\u00e1 doba \u010dten\u00ed":"2 minuty"},"schema":{"@context":"https:\/\/schema.org","@graph":[{"@type":"WebPage","@id":"https:\/\/mypalmleaf.com\/cs\/athma-shanthi-puja\/","url":"https:\/\/mypalmleaf.com\/cs\/athma-shanthi-puja\/","name":"Athma Shanthi Puja - My Palm Leaf","isPartOf":{"@id":"https:\/\/mypalmleaf.com\/#website"},"primaryImageOfPage":{"@id":"https:\/\/mypalmleaf.com\/cs\/athma-shanthi-puja\/#primaryimage"},"image":{"@id":"https:\/\/mypalmleaf.com\/cs\/athma-shanthi-puja\/#primaryimage"},"thumbnailUrl":"https:\/\/staging.mypalmleaf.com\/wp-content\/uploads\/2024\/11\/atma-shant-thumb1.jpg","datePublished":"2024-11-10T07:16:42+00:00","dateModified":"2025-07-28T09:20:06+00:00","description":"Athma Shanthi Puja je posv\u00e1tn\u00fd ritu\u00e1l, kter\u00fd pom\u00e1h\u00e1 zesnul\u00fdm du\u0161\u00edm nal\u00e9zt klid. Uct\u011bte sv\u00e9 bl\u00edzk\u00e9 touto silnou ceremoni\u00ed l\u00e1sky, sv\u011btla a osvobozen\u00ed.","breadcrumb":{"@id":"https:\/\/mypalmleaf.com\/cs\/athma-shanthi-puja\/#breadcrumb"},"inLanguage":"cs","potentialAction":[{"@type":"ReadAction","target":["https:\/\/mypalmleaf.com\/cs\/athma-shanthi-puja\/"]}]},{"@type":"ImageObject","inLanguage":"cs","@id":"https:\/\/mypalmleaf.com\/cs\/athma-shanthi-puja\/#primaryimage","url":"https:\/\/staging.mypalmleaf.com\/wp-content\/uploads\/2024\/11\/atma-shant-thumb1.jpg","contentUrl":"https:\/\/staging.mypalmleaf.com\/wp-content\/uploads\/2024\/11\/atma-shant-thumb1.jpg"},{"@type":"BreadcrumbList","@id":"https:\/\/mypalmleaf.com\/cs\/athma-shanthi-puja\/#breadcrumb","itemListElement":[{"@type":"ListItem","position":1,"name":"Home","item":"https:\/\/mypalmleaf.com\/cs\/"},{"@type":"ListItem","position":2,"name":"Athma Shanthi Puja"}]},{"@type":"WebSite","@id":"https:\/\/mypalmleaf.com\/#website","url":"https:\/\/mypalmleaf.com\/","name":"My Palm Leaf","description":"","potentialAction":[{"@type":"SearchAction","target":{"@type":"EntryPoint","urlTemplate":"https:\/\/mypalmleaf.com\/?s={search_term_string}"},"query-input":{"@type":"PropertyValueSpecification","valueRequired":true,"valueName":"search_term_string"}}],"inLanguage":"cs"}]}},"_links":{"self":[{"href":"https:\/\/mypalmleaf.com\/cs\/wp-json\/wp\/v2\/pages\/45527","targetHints":{"allow":["GET"]}}],"collection":[{"href":"https:\/\/mypalmleaf.com\/cs\/wp-json\/wp\/v2\/pages"}],"about":[{"href":"https:\/\/mypalmleaf.com\/cs\/wp-json\/wp\/v2\/types\/page"}],"author":[{"embeddable":true,"href":"https:\/\/mypalmleaf.com\/cs\/wp-json\/wp\/v2\/users\/1"}],"replies":[{"embeddable":true,"href":"https:\/\/mypalmleaf.com\/cs\/wp-json\/wp\/v2\/comments?post=45527"}],"version-history":[{"count":0,"href":"https:\/\/mypalmleaf.com\/cs\/wp-json\/wp\/v2\/pages\/45527\/revisions"}],"wp:attachment":[{"href":"https:\/\/mypalmleaf.com\/cs\/wp-json\/wp\/v2\/media?parent=45527"}],"curies":[{"name":"wp","href":"https:\/\/api.w.org\/{rel}","templated":true}]}}