{"id":38504,"date":"2024-09-04T10:10:30","date_gmt":"2024-09-04T10:10:30","guid":{"rendered":"https:\/\/mypalmleaf.com\/prices\/darujte-svym-blizkym-vyklad-z-ruky\/"},"modified":"2025-04-24T11:28:08","modified_gmt":"2025-04-24T11:28:08","slug":"darujte-svym-blizkym-vyklad-z-ruky","status":"publish","type":"product","link":"https:\/\/mypalmleaf.com\/cs\/prices\/darujte-svym-blizkym-vyklad-z-ruky\/","title":{"rendered":"Darujte sv\u00fdm bl\u00edzk\u00fdm v\u00fdklad z ruky"},"content":{"rendered":"\n<p>Obdr\u017e\u00edte poukaz na darov\u00e1n\u00ed v\u00fdkladu z palmov\u00e9ho listu n\u011bkomu bl\u00edzk\u00e9mu.  <\/p>\n<ul>\n<li>Vyhled\u00e1n\u00ed svazk\u016f, kter\u00e9 mohou obsahovat v\u00e1\u0161 palmov\u00fd list v Indii<\/li>\n<li>Proveden\u00ed procesu porovn\u00e1v\u00e1n\u00ed online pro identifikaci va\u0161eho listu Palm Leaf<\/li>\n<li>\u010cten\u00ed obecn\u00e9 kapitoly<\/li>\n<li>\u010cten\u00ed kapitoly 14 (energetick\u00e9 prost\u0159edky)<\/li>\n<li>Videoz\u00e1znam va\u0161eho \u010dten\u00ed<\/li>\n<li>Fotografie va\u0161eho palmov\u00e9ho listu.<\/li>\n<li>Z\u00e1ruka vr\u00e1cen\u00ed pen\u011bz, pokud v\u00e1\u0161 list nelze naj\u00edt.<\/li>\n<\/ul>\n","protected":false},"excerpt":{"rendered":"<p><strong>Slu\u017eba zahrnuje<\/strong><\/p>\n<ul>\n<li>Vyhled\u00e1n\u00ed svazk\u016f, kter\u00e9 mohou obsahovat v\u00e1\u0161 palmov\u00fd list v Indii<\/li>\n<li>Prov\u00e1d\u011bn\u00ed p\u00e1rov\u00e1n\u00ed online za \u00fa\u010delem identifikace va\u0161eho Palm Leaf&#8230;<\/li>\n<\/ul>\n","protected":false},"featured_media":14125,"comment_status":"open","ping_status":"closed","template":"","meta":{"_acf_changed":false},"product_brand":[],"product_cat":[354],"product_tag":[],"class_list":{"0":"post-38504","1":"product","2":"type-product","3":"status-publish","4":"has-post-thumbnail","6":"product_cat-nezarazene","8":"first","9":"instock","10":"taxable","11":"shipping-taxable","12":"purchasable","13":"product-type-variable"},"exclude_global_add_ons":false,"addons":[{"name":"Jm\u00e9no p\u0159\u00edjemce daru","type":"custom_text","position":0,"required":true,"title_format":"label","description_enable":false,"description":"","placeholder_enable":false,"placeholder":"","display":"select","restrictions_type":"any_text","adjust_price":false,"price":"","price_type":"flat_fee","restrictions":false,"min":0,"max":0,"options":[],"id":1725954986}],"acf":[],"yoast_head":"<!-- This site is optimized with the Yoast SEO plugin v26.4 - https:\/\/yoast.com\/wordpress\/plugins\/seo\/ -->\n<title>Darujte sv\u00fdm bl\u00edzk\u00fdm v\u00fdklad z ruky - My Palm Leaf<\/title>\n<meta name=\"description\" content=\"Pod\u011blte se o jedine\u010dn\u00fd dar duchovn\u00edho pozn\u00e1n\u00ed! Dop\u0159ejte sv\u00fdm bl\u00edzk\u00fdm mo\u017enost objevit sv\u016fj osud a \u017eivotn\u00ed sm\u011br skrze \u010dten\u00ed palmov\u00fdch list\u016f.\" \/>\n<meta name=\"robots\" content=\"index, follow, max-snippet:-1, max-image-preview:large, max-video-preview:-1\" \/>\n<link rel=\"canonical\" href=\"https:\/\/mypalmleaf.com\/cs\/prices\/darujte-svym-blizkym-vyklad-z-ruky\/\" \/>\n<meta property=\"og:locale\" content=\"cs_CZ\" \/>\n<meta property=\"og:type\" content=\"article\" \/>\n<meta property=\"og:title\" content=\"Darujte sv\u00fdm bl\u00edzk\u00fdm v\u00fdklad z ruky - My Palm Leaf\" \/>\n<meta property=\"og:description\" content=\"Pod\u011blte se o jedine\u010dn\u00fd dar duchovn\u00edho pozn\u00e1n\u00ed! Dop\u0159ejte sv\u00fdm bl\u00edzk\u00fdm mo\u017enost objevit sv\u016fj osud a \u017eivotn\u00ed sm\u011br skrze \u010dten\u00ed palmov\u00fdch list\u016f.\" \/>\n<meta property=\"og:url\" content=\"https:\/\/mypalmleaf.com\/cs\/prices\/darujte-svym-blizkym-vyklad-z-ruky\/\" \/>\n<meta property=\"og:site_name\" content=\"My Palm Leaf\" \/>\n<meta property=\"article:modified_time\" content=\"2025-04-24T11:28:08+00:00\" \/>\n<meta property=\"og:image\" content=\"https:\/\/mypalmleaf.com\/wp-content\/uploads\/2024\/09\/mantra-product-page-21.jpg\" \/>\n\t<meta property=\"og:image:width\" content=\"800\" \/>\n\t<meta property=\"og:image:height\" content=\"444\" \/>\n\t<meta property=\"og:image:type\" content=\"image\/jpeg\" \/>\n<meta name=\"twitter:card\" content=\"summary_large_image\" \/>\n<meta name=\"twitter:label1\" content=\"Odhadovan\u00e1 doba \u010dten\u00ed\" \/>\n\t<meta name=\"twitter:data1\" content=\"1 minuta\" \/>\n<script type=\"application\/ld+json\" class=\"yoast-schema-graph\">{\"@context\":\"https:\/\/schema.org\",\"@graph\":[{\"@type\":\"WebPage\",\"@id\":\"https:\/\/mypalmleaf.com\/cs\/prices\/darujte-svym-blizkym-vyklad-z-ruky\/\",\"url\":\"https:\/\/mypalmleaf.com\/cs\/prices\/darujte-svym-blizkym-vyklad-z-ruky\/\",\"name\":\"Darujte sv\u00fdm bl\u00edzk\u00fdm v\u00fdklad z ruky - My Palm Leaf\",\"isPartOf\":{\"@id\":\"https:\/\/mypalmleaf.com\/#website\"},\"primaryImageOfPage\":{\"@id\":\"https:\/\/mypalmleaf.com\/cs\/prices\/darujte-svym-blizkym-vyklad-z-ruky\/#primaryimage\"},\"image\":{\"@id\":\"https:\/\/mypalmleaf.com\/cs\/prices\/darujte-svym-blizkym-vyklad-z-ruky\/#primaryimage\"},\"thumbnailUrl\":\"https:\/\/mypalmleaf.com\/wp-content\/uploads\/2024\/09\/mantra-product-page-21.jpg\",\"datePublished\":\"2024-09-04T10:10:30+00:00\",\"dateModified\":\"2025-04-24T11:28:08+00:00\",\"description\":\"Pod\u011blte se o jedine\u010dn\u00fd dar duchovn\u00edho pozn\u00e1n\u00ed! Dop\u0159ejte sv\u00fdm bl\u00edzk\u00fdm mo\u017enost objevit sv\u016fj osud a \u017eivotn\u00ed sm\u011br skrze \u010dten\u00ed palmov\u00fdch list\u016f.\",\"breadcrumb\":{\"@id\":\"https:\/\/mypalmleaf.com\/cs\/prices\/darujte-svym-blizkym-vyklad-z-ruky\/#breadcrumb\"},\"inLanguage\":\"cs\",\"potentialAction\":[{\"@type\":\"ReadAction\",\"target\":[\"https:\/\/mypalmleaf.com\/cs\/prices\/darujte-svym-blizkym-vyklad-z-ruky\/\"]}]},{\"@type\":\"ImageObject\",\"inLanguage\":\"cs\",\"@id\":\"https:\/\/mypalmleaf.com\/cs\/prices\/darujte-svym-blizkym-vyklad-z-ruky\/#primaryimage\",\"url\":\"https:\/\/mypalmleaf.com\/wp-content\/uploads\/2024\/09\/mantra-product-page-21.jpg\",\"contentUrl\":\"https:\/\/mypalmleaf.com\/wp-content\/uploads\/2024\/09\/mantra-product-page-21.jpg\",\"width\":800,\"height\":444,\"caption\":\"A gift card for a palm leaf reading for Maria\"},{\"@type\":\"BreadcrumbList\",\"@id\":\"https:\/\/mypalmleaf.com\/cs\/prices\/darujte-svym-blizkym-vyklad-z-ruky\/#breadcrumb\",\"itemListElement\":[{\"@type\":\"ListItem\",\"position\":1,\"name\":\"Home\",\"item\":\"https:\/\/mypalmleaf.com\/cs\/\"},{\"@type\":\"ListItem\",\"position\":2,\"name\":\"Shop\",\"item\":\"https:\/\/mypalmleaf.com\/et\/shop\/\"},{\"@type\":\"ListItem\",\"position\":3,\"name\":\"Darujte sv\u00fdm bl\u00edzk\u00fdm v\u00fdklad z ruky\"}]},{\"@type\":\"WebSite\",\"@id\":\"https:\/\/mypalmleaf.com\/#website\",\"url\":\"https:\/\/mypalmleaf.com\/\",\"name\":\"My Palm Leaf\",\"description\":\"\",\"potentialAction\":[{\"@type\":\"SearchAction\",\"target\":{\"@type\":\"EntryPoint\",\"urlTemplate\":\"https:\/\/mypalmleaf.com\/?s={search_term_string}\"},\"query-input\":{\"@type\":\"PropertyValueSpecification\",\"valueRequired\":true,\"valueName\":\"search_term_string\"}}],\"inLanguage\":\"cs\"}]}<\/script>\n<!-- \/ Yoast SEO plugin. -->","yoast_head_json":{"title":"Darujte sv\u00fdm bl\u00edzk\u00fdm v\u00fdklad z ruky - My Palm Leaf","description":"Pod\u011blte se o jedine\u010dn\u00fd dar duchovn\u00edho pozn\u00e1n\u00ed! Dop\u0159ejte sv\u00fdm bl\u00edzk\u00fdm mo\u017enost objevit sv\u016fj osud a \u017eivotn\u00ed sm\u011br skrze \u010dten\u00ed palmov\u00fdch list\u016f.","robots":{"index":"index","follow":"follow","max-snippet":"max-snippet:-1","max-image-preview":"max-image-preview:large","max-video-preview":"max-video-preview:-1"},"canonical":"https:\/\/mypalmleaf.com\/cs\/prices\/darujte-svym-blizkym-vyklad-z-ruky\/","og_locale":"cs_CZ","og_type":"article","og_title":"Darujte sv\u00fdm bl\u00edzk\u00fdm v\u00fdklad z ruky - My Palm Leaf","og_description":"Pod\u011blte se o jedine\u010dn\u00fd dar duchovn\u00edho pozn\u00e1n\u00ed! Dop\u0159ejte sv\u00fdm bl\u00edzk\u00fdm mo\u017enost objevit sv\u016fj osud a \u017eivotn\u00ed sm\u011br skrze \u010dten\u00ed palmov\u00fdch list\u016f.","og_url":"https:\/\/mypalmleaf.com\/cs\/prices\/darujte-svym-blizkym-vyklad-z-ruky\/","og_site_name":"My Palm Leaf","article_modified_time":"2025-04-24T11:28:08+00:00","og_image":[{"width":800,"height":444,"url":"https:\/\/mypalmleaf.com\/wp-content\/uploads\/2024\/09\/mantra-product-page-21.jpg","type":"image\/jpeg"}],"twitter_card":"summary_large_image","twitter_misc":{"Odhadovan\u00e1 doba \u010dten\u00ed":"1 minuta"},"schema":{"@context":"https:\/\/schema.org","@graph":[{"@type":"WebPage","@id":"https:\/\/mypalmleaf.com\/cs\/prices\/darujte-svym-blizkym-vyklad-z-ruky\/","url":"https:\/\/mypalmleaf.com\/cs\/prices\/darujte-svym-blizkym-vyklad-z-ruky\/","name":"Darujte sv\u00fdm bl\u00edzk\u00fdm v\u00fdklad z ruky - My Palm Leaf","isPartOf":{"@id":"https:\/\/mypalmleaf.com\/#website"},"primaryImageOfPage":{"@id":"https:\/\/mypalmleaf.com\/cs\/prices\/darujte-svym-blizkym-vyklad-z-ruky\/#primaryimage"},"image":{"@id":"https:\/\/mypalmleaf.com\/cs\/prices\/darujte-svym-blizkym-vyklad-z-ruky\/#primaryimage"},"thumbnailUrl":"https:\/\/mypalmleaf.com\/wp-content\/uploads\/2024\/09\/mantra-product-page-21.jpg","datePublished":"2024-09-04T10:10:30+00:00","dateModified":"2025-04-24T11:28:08+00:00","description":"Pod\u011blte se o jedine\u010dn\u00fd dar duchovn\u00edho pozn\u00e1n\u00ed! Dop\u0159ejte sv\u00fdm bl\u00edzk\u00fdm mo\u017enost objevit sv\u016fj osud a \u017eivotn\u00ed sm\u011br skrze \u010dten\u00ed palmov\u00fdch list\u016f.","breadcrumb":{"@id":"https:\/\/mypalmleaf.com\/cs\/prices\/darujte-svym-blizkym-vyklad-z-ruky\/#breadcrumb"},"inLanguage":"cs","potentialAction":[{"@type":"ReadAction","target":["https:\/\/mypalmleaf.com\/cs\/prices\/darujte-svym-blizkym-vyklad-z-ruky\/"]}]},{"@type":"ImageObject","inLanguage":"cs","@id":"https:\/\/mypalmleaf.com\/cs\/prices\/darujte-svym-blizkym-vyklad-z-ruky\/#primaryimage","url":"https:\/\/mypalmleaf.com\/wp-content\/uploads\/2024\/09\/mantra-product-page-21.jpg","contentUrl":"https:\/\/mypalmleaf.com\/wp-content\/uploads\/2024\/09\/mantra-product-page-21.jpg","width":800,"height":444,"caption":"A gift card for a palm leaf reading for Maria"},{"@type":"BreadcrumbList","@id":"https:\/\/mypalmleaf.com\/cs\/prices\/darujte-svym-blizkym-vyklad-z-ruky\/#breadcrumb","itemListElement":[{"@type":"ListItem","position":1,"name":"Home","item":"https:\/\/mypalmleaf.com\/cs\/"},{"@type":"ListItem","position":2,"name":"Shop","item":"https:\/\/mypalmleaf.com\/et\/shop\/"},{"@type":"ListItem","position":3,"name":"Darujte sv\u00fdm bl\u00edzk\u00fdm v\u00fdklad z ruky"}]},{"@type":"WebSite","@id":"https:\/\/mypalmleaf.com\/#website","url":"https:\/\/mypalmleaf.com\/","name":"My Palm Leaf","description":"","potentialAction":[{"@type":"SearchAction","target":{"@type":"EntryPoint","urlTemplate":"https:\/\/mypalmleaf.com\/?s={search_term_string}"},"query-input":{"@type":"PropertyValueSpecification","valueRequired":true,"valueName":"search_term_string"}}],"inLanguage":"cs"}]}},"_links":{"self":[{"href":"https:\/\/mypalmleaf.com\/cs\/wp-json\/wp\/v2\/product\/38504","targetHints":{"allow":["GET"]}}],"collection":[{"href":"https:\/\/mypalmleaf.com\/cs\/wp-json\/wp\/v2\/product"}],"about":[{"href":"https:\/\/mypalmleaf.com\/cs\/wp-json\/wp\/v2\/types\/product"}],"replies":[{"embeddable":true,"href":"https:\/\/mypalmleaf.com\/cs\/wp-json\/wp\/v2\/comments?post=38504"}],"wp:featuredmedia":[{"embeddable":true,"href":"https:\/\/mypalmleaf.com\/cs\/wp-json\/wp\/v2\/media\/14125"}],"wp:attachment":[{"href":"https:\/\/mypalmleaf.com\/cs\/wp-json\/wp\/v2\/media?parent=38504"}],"wp:term":[{"taxonomy":"product_brand","embeddable":true,"href":"https:\/\/mypalmleaf.com\/cs\/wp-json\/wp\/v2\/product_brand?post=38504"},{"taxonomy":"product_cat","embeddable":true,"href":"https:\/\/mypalmleaf.com\/cs\/wp-json\/wp\/v2\/product_cat?post=38504"},{"taxonomy":"product_tag","embeddable":true,"href":"https:\/\/mypalmleaf.com\/cs\/wp-json\/wp\/v2\/product_tag?post=38504"}],"curies":[{"name":"wp","href":"https:\/\/api.w.org\/{rel}","templated":true}]}}