
{"id":38718,"date":"2024-03-04T10:58:10","date_gmt":"2024-03-04T10:58:10","guid":{"rendered":"https:\/\/mypalmleaf.com\/prices\/virtualni-pout\/"},"modified":"2025-04-21T09:16:33","modified_gmt":"2025-04-21T09:16:33","slug":"virtualni-pout","status":"publish","type":"product","link":"https:\/\/mypalmleaf.com\/cs\/prices\/virtualni-pout\/","title":{"rendered":"Virtu\u00e1ln\u00ed pou\u0165"},"content":{"rendered":"<p class=\"mb-4\">Virtu\u00e1ln\u00ed pou\u0165 do chr\u00e1m\u016f Navagraha je navr\u017eena tak, aby v\u00e1m pomohla vy\u010distit karmick\u00e9 bloky t\u00edm, \u017ee v\u00e1s spoj\u00ed s energi\u00ed dev\u00edti planet a harmonizuje jejich vliv na v\u00e1\u0161 \u017eivot.  <\/p>\n<p class=\"mb-4\">Je to mocn\u00fd, ale jednoduch\u00fd zp\u016fsob, jak zlep\u0161it karmick\u00e9 podm\u00ednky a transformovat st\u00e1vaj\u00edc\u00ed blok\u00e1dy. Tuto pou\u0165 m\u016f\u017eete vykonat pro sebe nebo pro n\u011bkoho bl\u00edzk\u00e9ho. <\/p>\n<p>Virtu\u00e1ln\u00ed pou\u0165 zahrnuje:<\/p>\n<ul class=\"mb-4\">\n<li>Ob\u0159ady, kter\u00e9 se pro v\u00e1s konaj\u00ed v chr\u00e1mech Navagraha<\/li>\n<li>p\u0159\u00edstup do skupiny WhatsApp a Telegram s ka\u017edodenn\u00edmi aktualizacemi b\u011bhem pouti<\/li>\n<li>Dary v\u011bnovan\u00e9 va\u0161\u00edm jm\u00e9nem chr\u00e1m\u016fm a t\u011bm, kte\u0159\u00ed je pot\u0159ebuj\u00ed.<\/li>\n<\/ul>\n<p class=\"mb-4\">Posv\u00e1tn\u00e9 suven\u00fdry (druh\u00e1 mo\u017enost):<br \/> Jedn\u00e1 se o po\u017eehnan\u00e9 p\u0159edm\u011bty poch\u00e1zej\u00edc\u00ed z chr\u00e1m\u016f nebo z jejich bl\u00edzkosti, kter\u00e9 jsou prodchnuty jejich energi\u00ed.<br \/> P\u0159esto\u017ee nem\u016f\u017eeme p\u0159edem ur\u010dit p\u0159esn\u00e9 p\u0159edm\u011bty, slou\u017e\u00ed jako most, kter\u00fd v\u00e1s spoj\u00ed s energi\u00ed chr\u00e1mu.<br \/> Pro p\u0159edstavu, co m\u016f\u017eete o\u010dek\u00e1vat, <a href=\"https:\/\/www.youtube.com\/watch?v=09WQJn8M8SA\" class=\"text-body\" data-lity=\"\">se<\/a> m\u016f\u017eete <a href=\"https:\/\/www.youtube.com\/watch?v=09WQJn8M8SA\" class=\"text-body\" data-lity=\"\">pod\u00edvat na toto video<\/a> z p\u0159edchoz\u00ed pouti.<\/p>\n<p><strong>Pozn\u00e1mka:<\/strong> U posv\u00e1tn\u00fdch suven\u00fdr\u016f je zahrnuta doprava zdarma po cel\u00e9m sv\u011bt\u011b.<\/p>\n","protected":false},"excerpt":{"rendered":"<p>Virtu\u00e1ln\u00ed pou\u0165 do chr\u00e1m\u016f Navagraha<\/strong> je navr\u017eena tak, aby v\u00e1m pomohla vy\u010distit karmick\u00e9 bloky t\u00edm, \u017ee v\u00e1s spoj\u00ed s energi\u00ed dev\u00edti planet a harmonizuje jejich vliv na v\u00e1\u0161 \u017eivot&#8230;<\/p>\n","protected":false},"featured_media":3494,"comment_status":"open","ping_status":"closed","template":"","meta":{"_acf_changed":false},"product_brand":[],"product_cat":[354],"product_tag":[],"class_list":{"0":"post-38718","1":"product","2":"type-product","3":"status-publish","4":"has-post-thumbnail","6":"product_cat-nezarazene","8":"first","9":"instock","10":"purchasable","11":"product-type-variable"},"exclude_global_add_ons":[],"addons":[],"acf":[],"yoast_head":"<!-- This site is optimized with the Yoast SEO plugin v26.4 - https:\/\/yoast.com\/wordpress\/plugins\/seo\/ -->\n<title>Virtu\u00e1ln\u00ed pou\u0165 - My Palm Leaf<\/title>\n<meta name=\"description\" content=\"P\u0159ipojte se k virtu\u00e1ln\u00ed pouti z pohodl\u00ed domova. Za\u017eijte posv\u00e1tn\u00e9 ritu\u00e1ly, spojte se s bo\u017esk\u00fdmi energiemi a prohlubte svou duchovn\u00ed cestu. Kontaktujte n\u00e1s.\" \/>\n<meta name=\"robots\" content=\"index, follow, max-snippet:-1, max-image-preview:large, max-video-preview:-1\" \/>\n<link rel=\"canonical\" href=\"https:\/\/mypalmleaf.com\/cs\/prices\/virtualni-pout\/\" \/>\n<meta property=\"og:locale\" content=\"cs_CZ\" \/>\n<meta property=\"og:type\" content=\"article\" \/>\n<meta property=\"og:title\" content=\"Virtu\u00e1ln\u00ed pou\u0165 - My Palm Leaf\" \/>\n<meta property=\"og:description\" content=\"P\u0159ipojte se k virtu\u00e1ln\u00ed pouti z pohodl\u00ed domova. Za\u017eijte posv\u00e1tn\u00e9 ritu\u00e1ly, spojte se s bo\u017esk\u00fdmi energiemi a prohlubte svou duchovn\u00ed cestu. Kontaktujte n\u00e1s.\" \/>\n<meta property=\"og:url\" content=\"https:\/\/mypalmleaf.com\/cs\/prices\/virtualni-pout\/\" \/>\n<meta property=\"og:site_name\" content=\"My Palm Leaf\" \/>\n<meta property=\"article:modified_time\" content=\"2025-04-21T09:16:33+00:00\" \/>\n<meta property=\"og:image\" content=\"https:\/\/mypalmleaf.com\/wp-content\/uploads\/2024\/09\/mantra-product-page-18.jpg\" \/>\n\t<meta property=\"og:image:width\" content=\"1280\" \/>\n\t<meta property=\"og:image:height\" content=\"720\" \/>\n\t<meta property=\"og:image:type\" content=\"image\/jpeg\" \/>\n<meta name=\"twitter:card\" content=\"summary_large_image\" \/>\n<meta name=\"twitter:label1\" content=\"Odhadovan\u00e1 doba \u010dten\u00ed\" \/>\n\t<meta name=\"twitter:data1\" content=\"1 minuta\" \/>\n<script type=\"application\/ld+json\" class=\"yoast-schema-graph\">{\"@context\":\"https:\/\/schema.org\",\"@graph\":[{\"@type\":\"WebPage\",\"@id\":\"https:\/\/mypalmleaf.com\/cs\/prices\/virtualni-pout\/\",\"url\":\"https:\/\/mypalmleaf.com\/cs\/prices\/virtualni-pout\/\",\"name\":\"Virtu\u00e1ln\u00ed pou\u0165 - My Palm Leaf\",\"isPartOf\":{\"@id\":\"https:\/\/mypalmleaf.com\/#website\"},\"primaryImageOfPage\":{\"@id\":\"https:\/\/mypalmleaf.com\/cs\/prices\/virtualni-pout\/#primaryimage\"},\"image\":{\"@id\":\"https:\/\/mypalmleaf.com\/cs\/prices\/virtualni-pout\/#primaryimage\"},\"thumbnailUrl\":\"https:\/\/mypalmleaf.com\/wp-content\/uploads\/2024\/09\/mantra-product-page-18.jpg\",\"datePublished\":\"2024-03-04T10:58:10+00:00\",\"dateModified\":\"2025-04-21T09:16:33+00:00\",\"description\":\"P\u0159ipojte se k virtu\u00e1ln\u00ed pouti z pohodl\u00ed domova. Za\u017eijte posv\u00e1tn\u00e9 ritu\u00e1ly, spojte se s bo\u017esk\u00fdmi energiemi a prohlubte svou duchovn\u00ed cestu. Kontaktujte n\u00e1s.\",\"breadcrumb\":{\"@id\":\"https:\/\/mypalmleaf.com\/cs\/prices\/virtualni-pout\/#breadcrumb\"},\"inLanguage\":\"cs\",\"potentialAction\":[{\"@type\":\"ReadAction\",\"target\":[\"https:\/\/mypalmleaf.com\/cs\/prices\/virtualni-pout\/\"]}]},{\"@type\":\"ImageObject\",\"inLanguage\":\"cs\",\"@id\":\"https:\/\/mypalmleaf.com\/cs\/prices\/virtualni-pout\/#primaryimage\",\"url\":\"https:\/\/mypalmleaf.com\/wp-content\/uploads\/2024\/09\/mantra-product-page-18.jpg\",\"contentUrl\":\"https:\/\/mypalmleaf.com\/wp-content\/uploads\/2024\/09\/mantra-product-page-18.jpg\",\"width\":1280,\"height\":720,\"caption\":\"Statue of Gods\"},{\"@type\":\"BreadcrumbList\",\"@id\":\"https:\/\/mypalmleaf.com\/cs\/prices\/virtualni-pout\/#breadcrumb\",\"itemListElement\":[{\"@type\":\"ListItem\",\"position\":1,\"name\":\"Home\",\"item\":\"https:\/\/mypalmleaf.com\/cs\/\"},{\"@type\":\"ListItem\",\"position\":2,\"name\":\"Shop\",\"item\":\"https:\/\/mypalmleaf.com\/et\/shop\/\"},{\"@type\":\"ListItem\",\"position\":3,\"name\":\"Virtu\u00e1ln\u00ed pou\u0165\"}]},{\"@type\":\"WebSite\",\"@id\":\"https:\/\/mypalmleaf.com\/#website\",\"url\":\"https:\/\/mypalmleaf.com\/\",\"name\":\"My Palm Leaf\",\"description\":\"\",\"potentialAction\":[{\"@type\":\"SearchAction\",\"target\":{\"@type\":\"EntryPoint\",\"urlTemplate\":\"https:\/\/mypalmleaf.com\/?s={search_term_string}\"},\"query-input\":{\"@type\":\"PropertyValueSpecification\",\"valueRequired\":true,\"valueName\":\"search_term_string\"}}],\"inLanguage\":\"cs\"}]}<\/script>\n<!-- \/ Yoast SEO plugin. -->","yoast_head_json":{"title":"Virtu\u00e1ln\u00ed pou\u0165 - My Palm Leaf","description":"P\u0159ipojte se k virtu\u00e1ln\u00ed pouti z pohodl\u00ed domova. Za\u017eijte posv\u00e1tn\u00e9 ritu\u00e1ly, spojte se s bo\u017esk\u00fdmi energiemi a prohlubte svou duchovn\u00ed cestu. Kontaktujte n\u00e1s.","robots":{"index":"index","follow":"follow","max-snippet":"max-snippet:-1","max-image-preview":"max-image-preview:large","max-video-preview":"max-video-preview:-1"},"canonical":"https:\/\/mypalmleaf.com\/cs\/prices\/virtualni-pout\/","og_locale":"cs_CZ","og_type":"article","og_title":"Virtu\u00e1ln\u00ed pou\u0165 - My Palm Leaf","og_description":"P\u0159ipojte se k virtu\u00e1ln\u00ed pouti z pohodl\u00ed domova. Za\u017eijte posv\u00e1tn\u00e9 ritu\u00e1ly, spojte se s bo\u017esk\u00fdmi energiemi a prohlubte svou duchovn\u00ed cestu. Kontaktujte n\u00e1s.","og_url":"https:\/\/mypalmleaf.com\/cs\/prices\/virtualni-pout\/","og_site_name":"My Palm Leaf","article_modified_time":"2025-04-21T09:16:33+00:00","og_image":[{"width":1280,"height":720,"url":"https:\/\/mypalmleaf.com\/wp-content\/uploads\/2024\/09\/mantra-product-page-18.jpg","type":"image\/jpeg"}],"twitter_card":"summary_large_image","twitter_misc":{"Odhadovan\u00e1 doba \u010dten\u00ed":"1 minuta"},"schema":{"@context":"https:\/\/schema.org","@graph":[{"@type":"WebPage","@id":"https:\/\/mypalmleaf.com\/cs\/prices\/virtualni-pout\/","url":"https:\/\/mypalmleaf.com\/cs\/prices\/virtualni-pout\/","name":"Virtu\u00e1ln\u00ed pou\u0165 - My Palm Leaf","isPartOf":{"@id":"https:\/\/mypalmleaf.com\/#website"},"primaryImageOfPage":{"@id":"https:\/\/mypalmleaf.com\/cs\/prices\/virtualni-pout\/#primaryimage"},"image":{"@id":"https:\/\/mypalmleaf.com\/cs\/prices\/virtualni-pout\/#primaryimage"},"thumbnailUrl":"https:\/\/mypalmleaf.com\/wp-content\/uploads\/2024\/09\/mantra-product-page-18.jpg","datePublished":"2024-03-04T10:58:10+00:00","dateModified":"2025-04-21T09:16:33+00:00","description":"P\u0159ipojte se k virtu\u00e1ln\u00ed pouti z pohodl\u00ed domova. Za\u017eijte posv\u00e1tn\u00e9 ritu\u00e1ly, spojte se s bo\u017esk\u00fdmi energiemi a prohlubte svou duchovn\u00ed cestu. Kontaktujte n\u00e1s.","breadcrumb":{"@id":"https:\/\/mypalmleaf.com\/cs\/prices\/virtualni-pout\/#breadcrumb"},"inLanguage":"cs","potentialAction":[{"@type":"ReadAction","target":["https:\/\/mypalmleaf.com\/cs\/prices\/virtualni-pout\/"]}]},{"@type":"ImageObject","inLanguage":"cs","@id":"https:\/\/mypalmleaf.com\/cs\/prices\/virtualni-pout\/#primaryimage","url":"https:\/\/mypalmleaf.com\/wp-content\/uploads\/2024\/09\/mantra-product-page-18.jpg","contentUrl":"https:\/\/mypalmleaf.com\/wp-content\/uploads\/2024\/09\/mantra-product-page-18.jpg","width":1280,"height":720,"caption":"Statue of Gods"},{"@type":"BreadcrumbList","@id":"https:\/\/mypalmleaf.com\/cs\/prices\/virtualni-pout\/#breadcrumb","itemListElement":[{"@type":"ListItem","position":1,"name":"Home","item":"https:\/\/mypalmleaf.com\/cs\/"},{"@type":"ListItem","position":2,"name":"Shop","item":"https:\/\/mypalmleaf.com\/et\/shop\/"},{"@type":"ListItem","position":3,"name":"Virtu\u00e1ln\u00ed pou\u0165"}]},{"@type":"WebSite","@id":"https:\/\/mypalmleaf.com\/#website","url":"https:\/\/mypalmleaf.com\/","name":"My Palm Leaf","description":"","potentialAction":[{"@type":"SearchAction","target":{"@type":"EntryPoint","urlTemplate":"https:\/\/mypalmleaf.com\/?s={search_term_string}"},"query-input":{"@type":"PropertyValueSpecification","valueRequired":true,"valueName":"search_term_string"}}],"inLanguage":"cs"}]}},"_links":{"self":[{"href":"https:\/\/mypalmleaf.com\/cs\/wp-json\/wp\/v2\/product\/38718","targetHints":{"allow":["GET"]}}],"collection":[{"href":"https:\/\/mypalmleaf.com\/cs\/wp-json\/wp\/v2\/product"}],"about":[{"href":"https:\/\/mypalmleaf.com\/cs\/wp-json\/wp\/v2\/types\/product"}],"replies":[{"embeddable":true,"href":"https:\/\/mypalmleaf.com\/cs\/wp-json\/wp\/v2\/comments?post=38718"}],"wp:featuredmedia":[{"embeddable":true,"href":"https:\/\/mypalmleaf.com\/cs\/wp-json\/wp\/v2\/media\/3494"}],"wp:attachment":[{"href":"https:\/\/mypalmleaf.com\/cs\/wp-json\/wp\/v2\/media?parent=38718"}],"wp:term":[{"taxonomy":"product_brand","embeddable":true,"href":"https:\/\/mypalmleaf.com\/cs\/wp-json\/wp\/v2\/product_brand?post=38718"},{"taxonomy":"product_cat","embeddable":true,"href":"https:\/\/mypalmleaf.com\/cs\/wp-json\/wp\/v2\/product_cat?post=38718"},{"taxonomy":"product_tag","embeddable":true,"href":"https:\/\/mypalmleaf.com\/cs\/wp-json\/wp\/v2\/product_tag?post=38718"}],"curies":[{"name":"wp","href":"https:\/\/api.w.org\/{rel}","templated":true}]}}