
{"id":38749,"date":"2024-03-04T10:45:16","date_gmt":"2024-03-04T10:45:16","guid":{"rendered":"https:\/\/mypalmleaf.com\/prices\/pout-navagraha\/"},"modified":"2025-04-21T09:11:45","modified_gmt":"2025-04-21T09:11:45","slug":"pout-navagraha","status":"publish","type":"product","link":"https:\/\/mypalmleaf.com\/cs\/prices\/pout-navagraha\/","title":{"rendered":"Pou\u0165 Navagraha"},"content":{"rendered":"<p>Pou\u0165 Navagraha do Indie je duchovn\u00ed cesta, kter\u00e1 v\u00e1m pom\u016f\u017ee o\u010distit karmu n\u00e1v\u0161t\u011bvou chr\u00e1m\u016f zasv\u011bcen\u00fdch 9 planet\u00e1m.<br \/>\nProb\u00edh\u00e1 v mal\u00e9 skupin\u011b a vede ji jeden z na\u0161ich zku\u0161en\u00fdch pr\u016fvodc\u016f. <\/p>\n<p>Obsahuje:<\/p>\n<ul>\n<li>P\u0159\u00edpravn\u00e1 v\u00fdzva p\u0159ed pout\u00ed<\/li>\n<li>Veden\u00ed a podpora na\u0161ich zku\u0161en\u00fdch pr\u016fvodc\u016f<\/li>\n<li>Ubytov\u00e1n\u00ed v jednol\u016f\u017ekov\u00e9m nebo dvoul\u016f\u017ekov\u00e9m pokoji (dle vlastn\u00edho v\u00fdb\u011bru)<\/li>\n<li>Vstupenky do v\u0161ech pam\u00e1tek<\/li>\n<li>Pozemn\u00ed doprava<\/li>\n<\/ul>\n","protected":false},"excerpt":{"rendered":"<p>Pou\u0165 Navagraha do Indie je duchovn\u00ed cesta, kter\u00e1 v\u00e1m pom\u016f\u017ee o\u010distit karmu n\u00e1v\u0161t\u011bvou chr\u00e1m\u016f zasv\u011bcen\u00fdch 9 planet\u00e1m.<br \/>\nProb\u00edh\u00e1 v mal\u00e9 skupin\u011b a je vedena&#8230; <\/p>\n","protected":false},"featured_media":3407,"comment_status":"open","ping_status":"closed","template":"","meta":{"_acf_changed":false},"product_brand":[],"product_cat":[354],"product_tag":[],"class_list":{"0":"post-38749","1":"product","2":"type-product","3":"status-publish","4":"has-post-thumbnail","6":"product_cat-nezarazene","8":"first","9":"instock","10":"purchasable","11":"product-type-variable"},"exclude_global_add_ons":[],"addons":[],"acf":[],"yoast_head":"<!-- This site is optimized with the Yoast SEO plugin v26.4 - https:\/\/yoast.com\/wordpress\/plugins\/seo\/ -->\n<title>Pou\u0165 Navagraha - My Palm Leaf<\/title>\n<meta name=\"description\" content=\"Vydejte se na posv\u00e1tnou pou\u0165 Navagraha. Nav\u0161tivte siln\u00e9 chr\u00e1my, vyrovnejte planet\u00e1rn\u00ed vlivy a p\u0159ineste harmonii a rovnov\u00e1hu do sv\u00e9ho \u017eivota. Kontaktujte n\u00e1s.\" \/>\n<meta name=\"robots\" content=\"index, follow, max-snippet:-1, max-image-preview:large, max-video-preview:-1\" \/>\n<link rel=\"canonical\" href=\"https:\/\/mypalmleaf.com\/cs\/prices\/pout-navagraha\/\" \/>\n<meta property=\"og:locale\" content=\"cs_CZ\" \/>\n<meta property=\"og:type\" content=\"article\" \/>\n<meta property=\"og:title\" content=\"Pou\u0165 Navagraha - My Palm Leaf\" \/>\n<meta property=\"og:description\" content=\"Vydejte se na posv\u00e1tnou pou\u0165 Navagraha. Nav\u0161tivte siln\u00e9 chr\u00e1my, vyrovnejte planet\u00e1rn\u00ed vlivy a p\u0159ineste harmonii a rovnov\u00e1hu do sv\u00e9ho \u017eivota. Kontaktujte n\u00e1s.\" \/>\n<meta property=\"og:url\" content=\"https:\/\/mypalmleaf.com\/cs\/prices\/pout-navagraha\/\" \/>\n<meta property=\"og:site_name\" content=\"My Palm Leaf\" \/>\n<meta property=\"article:modified_time\" content=\"2025-04-21T09:11:45+00:00\" \/>\n<meta property=\"og:image\" content=\"https:\/\/mypalmleaf.com\/wp-content\/uploads\/2024\/09\/mantra-product-page-13.jpg\" \/>\n\t<meta property=\"og:image:width\" content=\"1280\" \/>\n\t<meta property=\"og:image:height\" content=\"720\" \/>\n\t<meta property=\"og:image:type\" content=\"image\/jpeg\" \/>\n<meta name=\"twitter:card\" content=\"summary_large_image\" \/>\n<meta name=\"twitter:label1\" content=\"Odhadovan\u00e1 doba \u010dten\u00ed\" \/>\n\t<meta name=\"twitter:data1\" content=\"1 minuta\" \/>\n<script type=\"application\/ld+json\" class=\"yoast-schema-graph\">{\"@context\":\"https:\/\/schema.org\",\"@graph\":[{\"@type\":\"WebPage\",\"@id\":\"https:\/\/mypalmleaf.com\/cs\/prices\/pout-navagraha\/\",\"url\":\"https:\/\/mypalmleaf.com\/cs\/prices\/pout-navagraha\/\",\"name\":\"Pou\u0165 Navagraha - My Palm Leaf\",\"isPartOf\":{\"@id\":\"https:\/\/mypalmleaf.com\/#website\"},\"primaryImageOfPage\":{\"@id\":\"https:\/\/mypalmleaf.com\/cs\/prices\/pout-navagraha\/#primaryimage\"},\"image\":{\"@id\":\"https:\/\/mypalmleaf.com\/cs\/prices\/pout-navagraha\/#primaryimage\"},\"thumbnailUrl\":\"https:\/\/mypalmleaf.com\/wp-content\/uploads\/2024\/09\/mantra-product-page-13.jpg\",\"datePublished\":\"2024-03-04T10:45:16+00:00\",\"dateModified\":\"2025-04-21T09:11:45+00:00\",\"description\":\"Vydejte se na posv\u00e1tnou pou\u0165 Navagraha. Nav\u0161tivte siln\u00e9 chr\u00e1my, vyrovnejte planet\u00e1rn\u00ed vlivy a p\u0159ineste harmonii a rovnov\u00e1hu do sv\u00e9ho \u017eivota. Kontaktujte n\u00e1s.\",\"breadcrumb\":{\"@id\":\"https:\/\/mypalmleaf.com\/cs\/prices\/pout-navagraha\/#breadcrumb\"},\"inLanguage\":\"cs\",\"potentialAction\":[{\"@type\":\"ReadAction\",\"target\":[\"https:\/\/mypalmleaf.com\/cs\/prices\/pout-navagraha\/\"]}]},{\"@type\":\"ImageObject\",\"inLanguage\":\"cs\",\"@id\":\"https:\/\/mypalmleaf.com\/cs\/prices\/pout-navagraha\/#primaryimage\",\"url\":\"https:\/\/mypalmleaf.com\/wp-content\/uploads\/2024\/09\/mantra-product-page-13.jpg\",\"contentUrl\":\"https:\/\/mypalmleaf.com\/wp-content\/uploads\/2024\/09\/mantra-product-page-13.jpg\",\"width\":1280,\"height\":720,\"caption\":\"Sri Ranganatha Swamy Temple\"},{\"@type\":\"BreadcrumbList\",\"@id\":\"https:\/\/mypalmleaf.com\/cs\/prices\/pout-navagraha\/#breadcrumb\",\"itemListElement\":[{\"@type\":\"ListItem\",\"position\":1,\"name\":\"Home\",\"item\":\"https:\/\/mypalmleaf.com\/cs\/\"},{\"@type\":\"ListItem\",\"position\":2,\"name\":\"Shop\",\"item\":\"https:\/\/mypalmleaf.com\/et\/shop\/\"},{\"@type\":\"ListItem\",\"position\":3,\"name\":\"Pou\u0165 Navagraha\"}]},{\"@type\":\"WebSite\",\"@id\":\"https:\/\/mypalmleaf.com\/#website\",\"url\":\"https:\/\/mypalmleaf.com\/\",\"name\":\"My Palm Leaf\",\"description\":\"\",\"potentialAction\":[{\"@type\":\"SearchAction\",\"target\":{\"@type\":\"EntryPoint\",\"urlTemplate\":\"https:\/\/mypalmleaf.com\/?s={search_term_string}\"},\"query-input\":{\"@type\":\"PropertyValueSpecification\",\"valueRequired\":true,\"valueName\":\"search_term_string\"}}],\"inLanguage\":\"cs\"}]}<\/script>\n<!-- \/ Yoast SEO plugin. -->","yoast_head_json":{"title":"Pou\u0165 Navagraha - My Palm Leaf","description":"Vydejte se na posv\u00e1tnou pou\u0165 Navagraha. Nav\u0161tivte siln\u00e9 chr\u00e1my, vyrovnejte planet\u00e1rn\u00ed vlivy a p\u0159ineste harmonii a rovnov\u00e1hu do sv\u00e9ho \u017eivota. Kontaktujte n\u00e1s.","robots":{"index":"index","follow":"follow","max-snippet":"max-snippet:-1","max-image-preview":"max-image-preview:large","max-video-preview":"max-video-preview:-1"},"canonical":"https:\/\/mypalmleaf.com\/cs\/prices\/pout-navagraha\/","og_locale":"cs_CZ","og_type":"article","og_title":"Pou\u0165 Navagraha - My Palm Leaf","og_description":"Vydejte se na posv\u00e1tnou pou\u0165 Navagraha. Nav\u0161tivte siln\u00e9 chr\u00e1my, vyrovnejte planet\u00e1rn\u00ed vlivy a p\u0159ineste harmonii a rovnov\u00e1hu do sv\u00e9ho \u017eivota. Kontaktujte n\u00e1s.","og_url":"https:\/\/mypalmleaf.com\/cs\/prices\/pout-navagraha\/","og_site_name":"My Palm Leaf","article_modified_time":"2025-04-21T09:11:45+00:00","og_image":[{"width":1280,"height":720,"url":"https:\/\/mypalmleaf.com\/wp-content\/uploads\/2024\/09\/mantra-product-page-13.jpg","type":"image\/jpeg"}],"twitter_card":"summary_large_image","twitter_misc":{"Odhadovan\u00e1 doba \u010dten\u00ed":"1 minuta"},"schema":{"@context":"https:\/\/schema.org","@graph":[{"@type":"WebPage","@id":"https:\/\/mypalmleaf.com\/cs\/prices\/pout-navagraha\/","url":"https:\/\/mypalmleaf.com\/cs\/prices\/pout-navagraha\/","name":"Pou\u0165 Navagraha - My Palm Leaf","isPartOf":{"@id":"https:\/\/mypalmleaf.com\/#website"},"primaryImageOfPage":{"@id":"https:\/\/mypalmleaf.com\/cs\/prices\/pout-navagraha\/#primaryimage"},"image":{"@id":"https:\/\/mypalmleaf.com\/cs\/prices\/pout-navagraha\/#primaryimage"},"thumbnailUrl":"https:\/\/mypalmleaf.com\/wp-content\/uploads\/2024\/09\/mantra-product-page-13.jpg","datePublished":"2024-03-04T10:45:16+00:00","dateModified":"2025-04-21T09:11:45+00:00","description":"Vydejte se na posv\u00e1tnou pou\u0165 Navagraha. Nav\u0161tivte siln\u00e9 chr\u00e1my, vyrovnejte planet\u00e1rn\u00ed vlivy a p\u0159ineste harmonii a rovnov\u00e1hu do sv\u00e9ho \u017eivota. Kontaktujte n\u00e1s.","breadcrumb":{"@id":"https:\/\/mypalmleaf.com\/cs\/prices\/pout-navagraha\/#breadcrumb"},"inLanguage":"cs","potentialAction":[{"@type":"ReadAction","target":["https:\/\/mypalmleaf.com\/cs\/prices\/pout-navagraha\/"]}]},{"@type":"ImageObject","inLanguage":"cs","@id":"https:\/\/mypalmleaf.com\/cs\/prices\/pout-navagraha\/#primaryimage","url":"https:\/\/mypalmleaf.com\/wp-content\/uploads\/2024\/09\/mantra-product-page-13.jpg","contentUrl":"https:\/\/mypalmleaf.com\/wp-content\/uploads\/2024\/09\/mantra-product-page-13.jpg","width":1280,"height":720,"caption":"Sri Ranganatha Swamy Temple"},{"@type":"BreadcrumbList","@id":"https:\/\/mypalmleaf.com\/cs\/prices\/pout-navagraha\/#breadcrumb","itemListElement":[{"@type":"ListItem","position":1,"name":"Home","item":"https:\/\/mypalmleaf.com\/cs\/"},{"@type":"ListItem","position":2,"name":"Shop","item":"https:\/\/mypalmleaf.com\/et\/shop\/"},{"@type":"ListItem","position":3,"name":"Pou\u0165 Navagraha"}]},{"@type":"WebSite","@id":"https:\/\/mypalmleaf.com\/#website","url":"https:\/\/mypalmleaf.com\/","name":"My Palm Leaf","description":"","potentialAction":[{"@type":"SearchAction","target":{"@type":"EntryPoint","urlTemplate":"https:\/\/mypalmleaf.com\/?s={search_term_string}"},"query-input":{"@type":"PropertyValueSpecification","valueRequired":true,"valueName":"search_term_string"}}],"inLanguage":"cs"}]}},"_links":{"self":[{"href":"https:\/\/mypalmleaf.com\/cs\/wp-json\/wp\/v2\/product\/38749","targetHints":{"allow":["GET"]}}],"collection":[{"href":"https:\/\/mypalmleaf.com\/cs\/wp-json\/wp\/v2\/product"}],"about":[{"href":"https:\/\/mypalmleaf.com\/cs\/wp-json\/wp\/v2\/types\/product"}],"replies":[{"embeddable":true,"href":"https:\/\/mypalmleaf.com\/cs\/wp-json\/wp\/v2\/comments?post=38749"}],"wp:featuredmedia":[{"embeddable":true,"href":"https:\/\/mypalmleaf.com\/cs\/wp-json\/wp\/v2\/media\/3407"}],"wp:attachment":[{"href":"https:\/\/mypalmleaf.com\/cs\/wp-json\/wp\/v2\/media?parent=38749"}],"wp:term":[{"taxonomy":"product_brand","embeddable":true,"href":"https:\/\/mypalmleaf.com\/cs\/wp-json\/wp\/v2\/product_brand?post=38749"},{"taxonomy":"product_cat","embeddable":true,"href":"https:\/\/mypalmleaf.com\/cs\/wp-json\/wp\/v2\/product_cat?post=38749"},{"taxonomy":"product_tag","embeddable":true,"href":"https:\/\/mypalmleaf.com\/cs\/wp-json\/wp\/v2\/product_tag?post=38749"}],"curies":[{"name":"wp","href":"https:\/\/api.w.org\/{rel}","templated":true}]}}