
{"id":38790,"date":"2024-09-04T10:42:32","date_gmt":"2024-09-04T10:42:32","guid":{"rendered":"https:\/\/mypalmleaf.com\/prices\/cteni-s-knihovnou-palmovych-listu-na-bali\/"},"modified":"2025-08-06T15:10:28","modified_gmt":"2025-08-06T15:10:28","slug":"cteni-s-knihovnou-palmovych-listu-na-bali","status":"publish","type":"product","link":"https:\/\/mypalmleaf.com\/cs\/prices\/cteni-s-knihovnou-palmovych-listu-na-bali\/","title":{"rendered":"\u010cten\u00ed s knihovnou palmov\u00fdch list\u016f na Bali"},"content":{"rendered":"<p><strong>Sou\u010dasn\u00e1 \u010dekac\u00ed doba je p\u0159ibli\u017en\u011b 6 m\u011bs\u00edc\u016f<\/strong><\/p>\n<ul>\n<li>V\u00e1\u0161 palmov\u00fd list je pro v\u00e1s p\u0159e\u010dten a zaznamen\u00e1n v knihovn\u011b palmov\u00fdch list\u016f na Bali.<\/li>\n<li>Videoz\u00e1znam va\u0161eho \u010dten\u00ed<\/li>\n<\/ul>\n","protected":false},"excerpt":{"rendered":"<ul>\n<li>V\u00e1\u0161 palmov\u00fd list je pro v\u00e1s p\u0159e\u010dten a zaznamen\u00e1n v knihovn\u011b palmov\u00fdch list\u016f na Bali.<\/li>\n<li>Videoz\u00e1znam va\u0161eho \u010dten\u00ed<\/li>\n<\/ul>\n","protected":false},"featured_media":10125,"comment_status":"open","ping_status":"closed","template":"","meta":{"_acf_changed":false},"product_brand":[],"product_cat":[354],"product_tag":[],"class_list":{"0":"post-38790","1":"product","2":"type-product","3":"status-publish","4":"has-post-thumbnail","6":"product_cat-nezarazene","8":"first","9":"instock","10":"taxable","11":"shipping-taxable","12":"purchasable","13":"product-type-variable"},"exclude_global_add_ons":[],"addons":[],"acf":[],"yoast_head":"<!-- This site is optimized with the Yoast SEO plugin v26.4 - https:\/\/yoast.com\/wordpress\/plugins\/seo\/ -->\n<title>Knihovna palmov\u00fdch list\u016f Bali | My Palm Leaf<\/title>\n<meta name=\"description\" content=\"Objevte posv\u00e1tnou knihovnu palmov\u00fdch list\u016f na Bali a odhalte starobylou moudrost. Prozkoumejte duchovn\u00ed vhledy prost\u0159ednictv\u00edm \u010dten\u00ed z palmov\u00fdch list\u016f - rezervujte si sv\u00e9 transformativn\u00ed sezen\u00ed hned te\u010f!\" \/>\n<meta name=\"robots\" content=\"index, follow, max-snippet:-1, max-image-preview:large, max-video-preview:-1\" \/>\n<link rel=\"canonical\" href=\"https:\/\/mypalmleaf.com\/cs\/prices\/cteni-s-knihovnou-palmovych-listu-na-bali\/\" \/>\n<meta property=\"og:locale\" content=\"cs_CZ\" \/>\n<meta property=\"og:type\" content=\"article\" \/>\n<meta property=\"og:title\" content=\"Knihovna palmov\u00fdch list\u016f Bali | My Palm Leaf\" \/>\n<meta property=\"og:description\" content=\"Objevte posv\u00e1tnou knihovnu palmov\u00fdch list\u016f na Bali a odhalte starobylou moudrost. Prozkoumejte duchovn\u00ed vhledy prost\u0159ednictv\u00edm \u010dten\u00ed z palmov\u00fdch list\u016f - rezervujte si sv\u00e9 transformativn\u00ed sezen\u00ed hned te\u010f!\" \/>\n<meta property=\"og:url\" content=\"https:\/\/mypalmleaf.com\/cs\/prices\/cteni-s-knihovnou-palmovych-listu-na-bali\/\" \/>\n<meta property=\"og:site_name\" content=\"My Palm Leaf\" \/>\n<meta property=\"article:modified_time\" content=\"2025-08-06T15:10:28+00:00\" \/>\n<meta property=\"og:image\" content=\"https:\/\/mypalmleaf.com\/wp-content\/uploads\/2024\/09\/mantra-product-page-7-1.jpg\" \/>\n\t<meta property=\"og:image:width\" content=\"800\" \/>\n\t<meta property=\"og:image:height\" content=\"444\" \/>\n\t<meta property=\"og:image:type\" content=\"image\/jpeg\" \/>\n<meta name=\"twitter:card\" content=\"summary_large_image\" \/>\n<meta name=\"twitter:label1\" content=\"Odhadovan\u00e1 doba \u010dten\u00ed\" \/>\n\t<meta name=\"twitter:data1\" content=\"1 minuta\" \/>\n<script type=\"application\/ld+json\" class=\"yoast-schema-graph\">{\"@context\":\"https:\/\/schema.org\",\"@graph\":[{\"@type\":\"WebPage\",\"@id\":\"https:\/\/mypalmleaf.com\/cs\/prices\/cteni-s-knihovnou-palmovych-listu-na-bali\/\",\"url\":\"https:\/\/mypalmleaf.com\/cs\/prices\/cteni-s-knihovnou-palmovych-listu-na-bali\/\",\"name\":\"Knihovna palmov\u00fdch list\u016f Bali | My Palm Leaf\",\"isPartOf\":{\"@id\":\"https:\/\/mypalmleaf.com\/#website\"},\"primaryImageOfPage\":{\"@id\":\"https:\/\/mypalmleaf.com\/cs\/prices\/cteni-s-knihovnou-palmovych-listu-na-bali\/#primaryimage\"},\"image\":{\"@id\":\"https:\/\/mypalmleaf.com\/cs\/prices\/cteni-s-knihovnou-palmovych-listu-na-bali\/#primaryimage\"},\"thumbnailUrl\":\"https:\/\/mypalmleaf.com\/wp-content\/uploads\/2024\/09\/mantra-product-page-7-1.jpg\",\"datePublished\":\"2024-09-04T10:42:32+00:00\",\"dateModified\":\"2025-08-06T15:10:28+00:00\",\"description\":\"Objevte posv\u00e1tnou knihovnu palmov\u00fdch list\u016f na Bali a odhalte starobylou moudrost. Prozkoumejte duchovn\u00ed vhledy prost\u0159ednictv\u00edm \u010dten\u00ed z palmov\u00fdch list\u016f - rezervujte si sv\u00e9 transformativn\u00ed sezen\u00ed hned te\u010f!\",\"breadcrumb\":{\"@id\":\"https:\/\/mypalmleaf.com\/cs\/prices\/cteni-s-knihovnou-palmovych-listu-na-bali\/#breadcrumb\"},\"inLanguage\":\"cs\",\"potentialAction\":[{\"@type\":\"ReadAction\",\"target\":[\"https:\/\/mypalmleaf.com\/cs\/prices\/cteni-s-knihovnou-palmovych-listu-na-bali\/\"]}]},{\"@type\":\"ImageObject\",\"inLanguage\":\"cs\",\"@id\":\"https:\/\/mypalmleaf.com\/cs\/prices\/cteni-s-knihovnou-palmovych-listu-na-bali\/#primaryimage\",\"url\":\"https:\/\/mypalmleaf.com\/wp-content\/uploads\/2024\/09\/mantra-product-page-7-1.jpg\",\"contentUrl\":\"https:\/\/mypalmleaf.com\/wp-content\/uploads\/2024\/09\/mantra-product-page-7-1.jpg\",\"width\":800,\"height\":444,\"caption\":\"Palm Leaf library in Bali-01\"},{\"@type\":\"BreadcrumbList\",\"@id\":\"https:\/\/mypalmleaf.com\/cs\/prices\/cteni-s-knihovnou-palmovych-listu-na-bali\/#breadcrumb\",\"itemListElement\":[{\"@type\":\"ListItem\",\"position\":1,\"name\":\"Home\",\"item\":\"https:\/\/mypalmleaf.com\/cs\/\"},{\"@type\":\"ListItem\",\"position\":2,\"name\":\"Shop\",\"item\":\"https:\/\/mypalmleaf.com\/et\/shop\/\"},{\"@type\":\"ListItem\",\"position\":3,\"name\":\"\u010cten\u00ed s knihovnou palmov\u00fdch list\u016f na Bali\"}]},{\"@type\":\"WebSite\",\"@id\":\"https:\/\/mypalmleaf.com\/#website\",\"url\":\"https:\/\/mypalmleaf.com\/\",\"name\":\"My Palm Leaf\",\"description\":\"\",\"potentialAction\":[{\"@type\":\"SearchAction\",\"target\":{\"@type\":\"EntryPoint\",\"urlTemplate\":\"https:\/\/mypalmleaf.com\/?s={search_term_string}\"},\"query-input\":{\"@type\":\"PropertyValueSpecification\",\"valueRequired\":true,\"valueName\":\"search_term_string\"}}],\"inLanguage\":\"cs\"}]}<\/script>\n<!-- \/ Yoast SEO plugin. -->","yoast_head_json":{"title":"Knihovna palmov\u00fdch list\u016f Bali | My Palm Leaf","description":"Objevte posv\u00e1tnou knihovnu palmov\u00fdch list\u016f na Bali a odhalte starobylou moudrost. Prozkoumejte duchovn\u00ed vhledy prost\u0159ednictv\u00edm \u010dten\u00ed z palmov\u00fdch list\u016f - rezervujte si sv\u00e9 transformativn\u00ed sezen\u00ed hned te\u010f!","robots":{"index":"index","follow":"follow","max-snippet":"max-snippet:-1","max-image-preview":"max-image-preview:large","max-video-preview":"max-video-preview:-1"},"canonical":"https:\/\/mypalmleaf.com\/cs\/prices\/cteni-s-knihovnou-palmovych-listu-na-bali\/","og_locale":"cs_CZ","og_type":"article","og_title":"Knihovna palmov\u00fdch list\u016f Bali | My Palm Leaf","og_description":"Objevte posv\u00e1tnou knihovnu palmov\u00fdch list\u016f na Bali a odhalte starobylou moudrost. Prozkoumejte duchovn\u00ed vhledy prost\u0159ednictv\u00edm \u010dten\u00ed z palmov\u00fdch list\u016f - rezervujte si sv\u00e9 transformativn\u00ed sezen\u00ed hned te\u010f!","og_url":"https:\/\/mypalmleaf.com\/cs\/prices\/cteni-s-knihovnou-palmovych-listu-na-bali\/","og_site_name":"My Palm Leaf","article_modified_time":"2025-08-06T15:10:28+00:00","og_image":[{"width":800,"height":444,"url":"https:\/\/mypalmleaf.com\/wp-content\/uploads\/2024\/09\/mantra-product-page-7-1.jpg","type":"image\/jpeg"}],"twitter_card":"summary_large_image","twitter_misc":{"Odhadovan\u00e1 doba \u010dten\u00ed":"1 minuta"},"schema":{"@context":"https:\/\/schema.org","@graph":[{"@type":"WebPage","@id":"https:\/\/mypalmleaf.com\/cs\/prices\/cteni-s-knihovnou-palmovych-listu-na-bali\/","url":"https:\/\/mypalmleaf.com\/cs\/prices\/cteni-s-knihovnou-palmovych-listu-na-bali\/","name":"Knihovna palmov\u00fdch list\u016f Bali | My Palm Leaf","isPartOf":{"@id":"https:\/\/mypalmleaf.com\/#website"},"primaryImageOfPage":{"@id":"https:\/\/mypalmleaf.com\/cs\/prices\/cteni-s-knihovnou-palmovych-listu-na-bali\/#primaryimage"},"image":{"@id":"https:\/\/mypalmleaf.com\/cs\/prices\/cteni-s-knihovnou-palmovych-listu-na-bali\/#primaryimage"},"thumbnailUrl":"https:\/\/mypalmleaf.com\/wp-content\/uploads\/2024\/09\/mantra-product-page-7-1.jpg","datePublished":"2024-09-04T10:42:32+00:00","dateModified":"2025-08-06T15:10:28+00:00","description":"Objevte posv\u00e1tnou knihovnu palmov\u00fdch list\u016f na Bali a odhalte starobylou moudrost. Prozkoumejte duchovn\u00ed vhledy prost\u0159ednictv\u00edm \u010dten\u00ed z palmov\u00fdch list\u016f - rezervujte si sv\u00e9 transformativn\u00ed sezen\u00ed hned te\u010f!","breadcrumb":{"@id":"https:\/\/mypalmleaf.com\/cs\/prices\/cteni-s-knihovnou-palmovych-listu-na-bali\/#breadcrumb"},"inLanguage":"cs","potentialAction":[{"@type":"ReadAction","target":["https:\/\/mypalmleaf.com\/cs\/prices\/cteni-s-knihovnou-palmovych-listu-na-bali\/"]}]},{"@type":"ImageObject","inLanguage":"cs","@id":"https:\/\/mypalmleaf.com\/cs\/prices\/cteni-s-knihovnou-palmovych-listu-na-bali\/#primaryimage","url":"https:\/\/mypalmleaf.com\/wp-content\/uploads\/2024\/09\/mantra-product-page-7-1.jpg","contentUrl":"https:\/\/mypalmleaf.com\/wp-content\/uploads\/2024\/09\/mantra-product-page-7-1.jpg","width":800,"height":444,"caption":"Palm Leaf library in Bali-01"},{"@type":"BreadcrumbList","@id":"https:\/\/mypalmleaf.com\/cs\/prices\/cteni-s-knihovnou-palmovych-listu-na-bali\/#breadcrumb","itemListElement":[{"@type":"ListItem","position":1,"name":"Home","item":"https:\/\/mypalmleaf.com\/cs\/"},{"@type":"ListItem","position":2,"name":"Shop","item":"https:\/\/mypalmleaf.com\/et\/shop\/"},{"@type":"ListItem","position":3,"name":"\u010cten\u00ed s knihovnou palmov\u00fdch list\u016f na Bali"}]},{"@type":"WebSite","@id":"https:\/\/mypalmleaf.com\/#website","url":"https:\/\/mypalmleaf.com\/","name":"My Palm Leaf","description":"","potentialAction":[{"@type":"SearchAction","target":{"@type":"EntryPoint","urlTemplate":"https:\/\/mypalmleaf.com\/?s={search_term_string}"},"query-input":{"@type":"PropertyValueSpecification","valueRequired":true,"valueName":"search_term_string"}}],"inLanguage":"cs"}]}},"_links":{"self":[{"href":"https:\/\/mypalmleaf.com\/cs\/wp-json\/wp\/v2\/product\/38790","targetHints":{"allow":["GET"]}}],"collection":[{"href":"https:\/\/mypalmleaf.com\/cs\/wp-json\/wp\/v2\/product"}],"about":[{"href":"https:\/\/mypalmleaf.com\/cs\/wp-json\/wp\/v2\/types\/product"}],"replies":[{"embeddable":true,"href":"https:\/\/mypalmleaf.com\/cs\/wp-json\/wp\/v2\/comments?post=38790"}],"wp:featuredmedia":[{"embeddable":true,"href":"https:\/\/mypalmleaf.com\/cs\/wp-json\/wp\/v2\/media\/10125"}],"wp:attachment":[{"href":"https:\/\/mypalmleaf.com\/cs\/wp-json\/wp\/v2\/media?parent=38790"}],"wp:term":[{"taxonomy":"product_brand","embeddable":true,"href":"https:\/\/mypalmleaf.com\/cs\/wp-json\/wp\/v2\/product_brand?post=38790"},{"taxonomy":"product_cat","embeddable":true,"href":"https:\/\/mypalmleaf.com\/cs\/wp-json\/wp\/v2\/product_cat?post=38790"},{"taxonomy":"product_tag","embeddable":true,"href":"https:\/\/mypalmleaf.com\/cs\/wp-json\/wp\/v2\/product_tag?post=38790"}],"curies":[{"name":"wp","href":"https:\/\/api.w.org\/{rel}","templated":true}]}}