{"id":38840,"date":"2024-09-04T10:44:34","date_gmt":"2024-09-04T10:44:34","guid":{"rendered":"https:\/\/mypalmleaf.com\/prices\/malas-rucne-vyrabene-modlitebni-koralky\/"},"modified":"2025-04-07T11:40:35","modified_gmt":"2025-04-07T11:40:35","slug":"malas-rucne-vyrabene-modlitebni-koralky","status":"publish","type":"product","link":"https:\/\/mypalmleaf.com\/cs\/prices\/malas-rucne-vyrabene-modlitebni-koralky\/","title":{"rendered":"Malas &#8211; ru\u010dn\u011b vyr\u00e1b\u011bn\u00e9 modlitebn\u00ed kor\u00e1lky"},"content":{"rendered":"<p>Mala neboli modlitebn\u00ed kor\u00e1lek je mocn\u00fdm n\u00e1strojem v mantrick\u00e9 praxi, kter\u00fd v\u00e1m pom\u016f\u017ee udr\u017eet si soust\u0159ed\u011bn\u00ed a prohloubit meditaci. Ka\u017ed\u00e1 Mala je napln\u011bna energi\u00ed va\u0161\u00ed praxe a slou\u017e\u00ed jako duchovn\u00ed spole\u010dn\u00edk na va\u0161\u00ed cest\u011b. Nab\u00edz\u00edme dv\u011b jedine\u010dn\u00e9 varianty, z nich\u017e ka\u017ed\u00e1 je vyrobena s pe\u010dlivost\u00ed a z\u00e1m\u011brem:<\/p>\n<ul>\n<li><strong>Rudraksha Mala z Him\u00e1laje<\/strong><br \/>\nTato tradi\u010dn\u00ed Mala je vyrobena z posv\u00e1tn\u00fdch semen Rudraksha, kter\u00e1 jsou uct\u00edv\u00e1na pro sv\u016fj duchovn\u00ed v\u00fdznam a spojen\u00ed se \u0160ivou. Tyto kor\u00e1lky, zn\u00e1m\u00e9 pro svou schopnost podporovat hlubokou meditaci, jsou pe\u010dliv\u011b z\u00edsk\u00e1v\u00e1ny z him\u00e1lajsk\u00e9 oblasti a v\u011b\u0159\u00ed se, \u017ee posiluj\u00ed duchovn\u00ed r\u016fst a ochranu. Va\u0161e Rudraksha Mala v\u00e1m bude zasl\u00e1na a\u017e dom\u016f a ponese v sob\u011b posv\u00e1tnou energii sv\u00e9ho p\u016fvodu.<\/li>\n<li><strong>Ru\u010dn\u011b vyr\u00e1b\u011bn\u00e1 mal\u00e1 od na\u0161\u00ed um\u011blkyn\u011b Spandy<\/strong><br \/>\nChcete-li si dop\u0159\u00e1t osobn\u011bj\u0161\u00ed z\u00e1\u017eitek, vyberte si pr\u00e9miovou, ru\u010dn\u011b vyr\u00e1b\u011bnou malou od na\u0161\u00ed um\u011blkyn\u011b Spandy. Ne\u017e za\u010dne vytv\u00e1\u0159et va\u0161i Malu, Spanda s v\u00e1mi uskute\u010dn\u00ed videohovor, ve kter\u00e9m s v\u00e1mi probere va\u0161e z\u00e1m\u011bry, energie, kter\u00e9 si p\u0159ejete pozvat do sv\u00e9ho \u017eivota, a va\u0161e preference ohledn\u011b polodrahokam\u016f. Pot\u00e9 ru\u010dn\u011b vyrob\u00ed Malu speci\u00e1ln\u011b pro v\u00e1s, napln\u00ed ji po\u017eehn\u00e1n\u00edm a duchovn\u00ed energi\u00ed a po\u0161le ji k v\u00e1m. Tato vlastn\u00ed Mala je v\u00edc ne\u017e jen medita\u010dn\u00ed pom\u016fcka; je odrazem va\u0161\u00ed osobn\u00ed duchovn\u00ed cesty.<\/li>\n<\/ul>\n","protected":false},"excerpt":{"rendered":"<p>Mala neboli modlitebn\u00ed kor\u00e1lek je mocn\u00fdm n\u00e1strojem v mantrick\u00e9 praxi, kter\u00fd v\u00e1m pom\u016f\u017ee udr\u017eet si soust\u0159ed\u011bn\u00ed a prohloubit meditaci.<\/p>\n","protected":false},"featured_media":4177,"comment_status":"open","ping_status":"closed","template":"","meta":{"_acf_changed":false},"product_brand":[],"product_cat":[354],"product_tag":[],"class_list":{"0":"post-38840","1":"product","2":"type-product","3":"status-publish","4":"has-post-thumbnail","6":"product_cat-nezarazene","7":"product_shipping_class-fyzicky-produkt","9":"first","10":"instock","11":"taxable","12":"shipping-taxable","13":"purchasable","14":"product-type-variable"},"exclude_global_add_ons":[],"addons":[],"acf":[],"yoast_head":"<!-- This site is optimized with the Yoast SEO plugin v26.4 - https:\/\/yoast.com\/wordpress\/plugins\/seo\/ -->\n<title>\u200bRu\u010dn\u011b vyr\u00e1b\u011bn\u00e9 modlitebn\u00ed kor\u00e1lky \u2013 ceny a detaily<\/title>\n<meta name=\"description\" content=\"Explore handmade Malas \u2014 prayer beads crafted with care and intention, perfect for meditation, spiritual connection, and personal transformation.\" \/>\n<meta name=\"robots\" content=\"index, follow, max-snippet:-1, max-image-preview:large, max-video-preview:-1\" \/>\n<link rel=\"canonical\" href=\"https:\/\/mypalmleaf.com\/cs\/prices\/malas-rucne-vyrabene-modlitebni-koralky\/\" \/>\n<meta property=\"og:locale\" content=\"cs_CZ\" \/>\n<meta property=\"og:type\" content=\"article\" \/>\n<meta property=\"og:title\" content=\"\u200bRu\u010dn\u011b vyr\u00e1b\u011bn\u00e9 modlitebn\u00ed kor\u00e1lky \u2013 ceny a detaily\" \/>\n<meta property=\"og:description\" content=\"Explore handmade Malas \u2014 prayer beads crafted with care and intention, perfect for meditation, spiritual connection, and personal transformation.\" \/>\n<meta property=\"og:url\" content=\"https:\/\/mypalmleaf.com\/cs\/prices\/malas-rucne-vyrabene-modlitebni-koralky\/\" \/>\n<meta property=\"og:site_name\" content=\"My Palm Leaf\" \/>\n<meta property=\"article:modified_time\" content=\"2025-04-07T11:40:35+00:00\" \/>\n<meta property=\"og:image\" content=\"https:\/\/mypalmleaf.com\/wp-content\/uploads\/2024\/09\/mala.jpg\" \/>\n\t<meta property=\"og:image:width\" content=\"1280\" \/>\n\t<meta property=\"og:image:height\" content=\"720\" \/>\n\t<meta property=\"og:image:type\" content=\"image\/jpeg\" \/>\n<meta name=\"twitter:card\" content=\"summary_large_image\" \/>\n<meta name=\"twitter:label1\" content=\"Odhadovan\u00e1 doba \u010dten\u00ed\" \/>\n\t<meta name=\"twitter:data1\" content=\"2 minuty\" \/>\n<script type=\"application\/ld+json\" class=\"yoast-schema-graph\">{\"@context\":\"https:\/\/schema.org\",\"@graph\":[{\"@type\":\"WebPage\",\"@id\":\"https:\/\/mypalmleaf.com\/cs\/prices\/malas-rucne-vyrabene-modlitebni-koralky\/\",\"url\":\"https:\/\/mypalmleaf.com\/cs\/prices\/malas-rucne-vyrabene-modlitebni-koralky\/\",\"name\":\"\u200bRu\u010dn\u011b vyr\u00e1b\u011bn\u00e9 modlitebn\u00ed kor\u00e1lky \u2013 ceny a detaily\",\"isPartOf\":{\"@id\":\"https:\/\/mypalmleaf.com\/#website\"},\"primaryImageOfPage\":{\"@id\":\"https:\/\/mypalmleaf.com\/cs\/prices\/malas-rucne-vyrabene-modlitebni-koralky\/#primaryimage\"},\"image\":{\"@id\":\"https:\/\/mypalmleaf.com\/cs\/prices\/malas-rucne-vyrabene-modlitebni-koralky\/#primaryimage\"},\"thumbnailUrl\":\"https:\/\/mypalmleaf.com\/wp-content\/uploads\/2024\/09\/mala.jpg\",\"datePublished\":\"2024-09-04T10:44:34+00:00\",\"dateModified\":\"2025-04-07T11:40:35+00:00\",\"description\":\"Explore handmade Malas \u2014 prayer beads crafted with care and intention, perfect for meditation, spiritual connection, and personal transformation.\",\"breadcrumb\":{\"@id\":\"https:\/\/mypalmleaf.com\/cs\/prices\/malas-rucne-vyrabene-modlitebni-koralky\/#breadcrumb\"},\"inLanguage\":\"cs\",\"potentialAction\":[{\"@type\":\"ReadAction\",\"target\":[\"https:\/\/mypalmleaf.com\/cs\/prices\/malas-rucne-vyrabene-modlitebni-koralky\/\"]}]},{\"@type\":\"ImageObject\",\"inLanguage\":\"cs\",\"@id\":\"https:\/\/mypalmleaf.com\/cs\/prices\/malas-rucne-vyrabene-modlitebni-koralky\/#primaryimage\",\"url\":\"https:\/\/mypalmleaf.com\/wp-content\/uploads\/2024\/09\/mala.jpg\",\"contentUrl\":\"https:\/\/mypalmleaf.com\/wp-content\/uploads\/2024\/09\/mala.jpg\",\"width\":1280,\"height\":720,\"caption\":\"mala\"},{\"@type\":\"BreadcrumbList\",\"@id\":\"https:\/\/mypalmleaf.com\/cs\/prices\/malas-rucne-vyrabene-modlitebni-koralky\/#breadcrumb\",\"itemListElement\":[{\"@type\":\"ListItem\",\"position\":1,\"name\":\"Home\",\"item\":\"https:\/\/mypalmleaf.com\/cs\/\"},{\"@type\":\"ListItem\",\"position\":2,\"name\":\"Shop\",\"item\":\"https:\/\/mypalmleaf.com\/et\/shop\/\"},{\"@type\":\"ListItem\",\"position\":3,\"name\":\"Malas &#8211; ru\u010dn\u011b vyr\u00e1b\u011bn\u00e9 modlitebn\u00ed kor\u00e1lky\"}]},{\"@type\":\"WebSite\",\"@id\":\"https:\/\/mypalmleaf.com\/#website\",\"url\":\"https:\/\/mypalmleaf.com\/\",\"name\":\"My Palm Leaf\",\"description\":\"\",\"potentialAction\":[{\"@type\":\"SearchAction\",\"target\":{\"@type\":\"EntryPoint\",\"urlTemplate\":\"https:\/\/mypalmleaf.com\/?s={search_term_string}\"},\"query-input\":{\"@type\":\"PropertyValueSpecification\",\"valueRequired\":true,\"valueName\":\"search_term_string\"}}],\"inLanguage\":\"cs\"}]}<\/script>\n<!-- \/ Yoast SEO plugin. -->","yoast_head_json":{"title":"\u200bRu\u010dn\u011b vyr\u00e1b\u011bn\u00e9 modlitebn\u00ed kor\u00e1lky \u2013 ceny a detaily","description":"Explore handmade Malas \u2014 prayer beads crafted with care and intention, perfect for meditation, spiritual connection, and personal transformation.","robots":{"index":"index","follow":"follow","max-snippet":"max-snippet:-1","max-image-preview":"max-image-preview:large","max-video-preview":"max-video-preview:-1"},"canonical":"https:\/\/mypalmleaf.com\/cs\/prices\/malas-rucne-vyrabene-modlitebni-koralky\/","og_locale":"cs_CZ","og_type":"article","og_title":"\u200bRu\u010dn\u011b vyr\u00e1b\u011bn\u00e9 modlitebn\u00ed kor\u00e1lky \u2013 ceny a detaily","og_description":"Explore handmade Malas \u2014 prayer beads crafted with care and intention, perfect for meditation, spiritual connection, and personal transformation.","og_url":"https:\/\/mypalmleaf.com\/cs\/prices\/malas-rucne-vyrabene-modlitebni-koralky\/","og_site_name":"My Palm Leaf","article_modified_time":"2025-04-07T11:40:35+00:00","og_image":[{"width":1280,"height":720,"url":"https:\/\/mypalmleaf.com\/wp-content\/uploads\/2024\/09\/mala.jpg","type":"image\/jpeg"}],"twitter_card":"summary_large_image","twitter_misc":{"Odhadovan\u00e1 doba \u010dten\u00ed":"2 minuty"},"schema":{"@context":"https:\/\/schema.org","@graph":[{"@type":"WebPage","@id":"https:\/\/mypalmleaf.com\/cs\/prices\/malas-rucne-vyrabene-modlitebni-koralky\/","url":"https:\/\/mypalmleaf.com\/cs\/prices\/malas-rucne-vyrabene-modlitebni-koralky\/","name":"\u200bRu\u010dn\u011b vyr\u00e1b\u011bn\u00e9 modlitebn\u00ed kor\u00e1lky \u2013 ceny a detaily","isPartOf":{"@id":"https:\/\/mypalmleaf.com\/#website"},"primaryImageOfPage":{"@id":"https:\/\/mypalmleaf.com\/cs\/prices\/malas-rucne-vyrabene-modlitebni-koralky\/#primaryimage"},"image":{"@id":"https:\/\/mypalmleaf.com\/cs\/prices\/malas-rucne-vyrabene-modlitebni-koralky\/#primaryimage"},"thumbnailUrl":"https:\/\/mypalmleaf.com\/wp-content\/uploads\/2024\/09\/mala.jpg","datePublished":"2024-09-04T10:44:34+00:00","dateModified":"2025-04-07T11:40:35+00:00","description":"Explore handmade Malas \u2014 prayer beads crafted with care and intention, perfect for meditation, spiritual connection, and personal transformation.","breadcrumb":{"@id":"https:\/\/mypalmleaf.com\/cs\/prices\/malas-rucne-vyrabene-modlitebni-koralky\/#breadcrumb"},"inLanguage":"cs","potentialAction":[{"@type":"ReadAction","target":["https:\/\/mypalmleaf.com\/cs\/prices\/malas-rucne-vyrabene-modlitebni-koralky\/"]}]},{"@type":"ImageObject","inLanguage":"cs","@id":"https:\/\/mypalmleaf.com\/cs\/prices\/malas-rucne-vyrabene-modlitebni-koralky\/#primaryimage","url":"https:\/\/mypalmleaf.com\/wp-content\/uploads\/2024\/09\/mala.jpg","contentUrl":"https:\/\/mypalmleaf.com\/wp-content\/uploads\/2024\/09\/mala.jpg","width":1280,"height":720,"caption":"mala"},{"@type":"BreadcrumbList","@id":"https:\/\/mypalmleaf.com\/cs\/prices\/malas-rucne-vyrabene-modlitebni-koralky\/#breadcrumb","itemListElement":[{"@type":"ListItem","position":1,"name":"Home","item":"https:\/\/mypalmleaf.com\/cs\/"},{"@type":"ListItem","position":2,"name":"Shop","item":"https:\/\/mypalmleaf.com\/et\/shop\/"},{"@type":"ListItem","position":3,"name":"Malas &#8211; ru\u010dn\u011b vyr\u00e1b\u011bn\u00e9 modlitebn\u00ed kor\u00e1lky"}]},{"@type":"WebSite","@id":"https:\/\/mypalmleaf.com\/#website","url":"https:\/\/mypalmleaf.com\/","name":"My Palm Leaf","description":"","potentialAction":[{"@type":"SearchAction","target":{"@type":"EntryPoint","urlTemplate":"https:\/\/mypalmleaf.com\/?s={search_term_string}"},"query-input":{"@type":"PropertyValueSpecification","valueRequired":true,"valueName":"search_term_string"}}],"inLanguage":"cs"}]}},"_links":{"self":[{"href":"https:\/\/mypalmleaf.com\/cs\/wp-json\/wp\/v2\/product\/38840","targetHints":{"allow":["GET"]}}],"collection":[{"href":"https:\/\/mypalmleaf.com\/cs\/wp-json\/wp\/v2\/product"}],"about":[{"href":"https:\/\/mypalmleaf.com\/cs\/wp-json\/wp\/v2\/types\/product"}],"replies":[{"embeddable":true,"href":"https:\/\/mypalmleaf.com\/cs\/wp-json\/wp\/v2\/comments?post=38840"}],"wp:featuredmedia":[{"embeddable":true,"href":"https:\/\/mypalmleaf.com\/cs\/wp-json\/wp\/v2\/media\/4177"}],"wp:attachment":[{"href":"https:\/\/mypalmleaf.com\/cs\/wp-json\/wp\/v2\/media?parent=38840"}],"wp:term":[{"taxonomy":"product_brand","embeddable":true,"href":"https:\/\/mypalmleaf.com\/cs\/wp-json\/wp\/v2\/product_brand?post=38840"},{"taxonomy":"product_cat","embeddable":true,"href":"https:\/\/mypalmleaf.com\/cs\/wp-json\/wp\/v2\/product_cat?post=38840"},{"taxonomy":"product_tag","embeddable":true,"href":"https:\/\/mypalmleaf.com\/cs\/wp-json\/wp\/v2\/product_tag?post=38840"}],"curies":[{"name":"wp","href":"https:\/\/api.w.org\/{rel}","templated":true}]}}