
{"id":38852,"date":"2024-09-04T10:45:22","date_gmt":"2024-09-04T10:45:22","guid":{"rendered":"https:\/\/mypalmleaf.com\/prices\/60minutovy-konzultacni-hovor-s-jednim-z-nasich-moderatoru\/"},"modified":"2025-04-21T13:17:17","modified_gmt":"2025-04-21T13:17:17","slug":"60minutovy-konzultacni-hovor-s-jednim-z-nasich-moderatoru","status":"publish","type":"product","link":"https:\/\/mypalmleaf.com\/cs\/prices\/60minutovy-konzultacni-hovor-s-jednim-z-nasich-moderatoru\/","title":{"rendered":"60minutov\u00fd integra\u010dn\u00ed hovor pro individu\u00e1ln\u00ed podporu"},"content":{"rendered":"<p>V\u00fdklad z dlan\u011b m\u016f\u017ee iniciovat hlubok\u00e9 transforma\u010dn\u00ed procesy, kter\u00e9 v\u00e1s nakonec dovedou k v\u011bt\u0161\u00edmu \u0161t\u011bst\u00ed, ale mohou b\u00fdt i n\u00e1ro\u010dn\u00e9. V p\u0159\u00edpad\u011b, \u017ee byste cht\u011bli podporu p\u0159i integraci informac\u00ed a zku\u0161enost\u00ed do sv\u00e9ho \u017eivota, nab\u00edz\u00edme integra\u010dn\u00ed a kou\u010dovac\u00ed hovory prost\u0159ednictv\u00edm slu\u017eby Zoom. <\/p>\n<p><a href=\"\/integration-and-guidance-calls\/\">Zde se m\u016f\u017eete pod\u00edvat,<\/a> kdo z na\u0161ich pr\u016fvodc\u016f zam\u011b\u0159en\u00fdch na srdce je k dispozici pro integra\u010dn\u00ed hovory. Po rezervaci hovoru obdr\u017e\u00edte odkazy na v\u0161echny jejich kalend\u00e1\u0159e a m\u016f\u017eete si z jejich voln\u00fdch term\u00edn\u016f vybrat, kdy byste cht\u011bli sch\u016fzku uskute\u010dnit. <\/p>\n","protected":false},"excerpt":{"rendered":"<p>V\u00fdklad z dlan\u011b m\u016f\u017ee iniciovat hlubok\u00e9 transforma\u010dn\u00ed procesy, kter\u00e9 v\u00e1s nakonec dovedou k v\u011bt\u0161\u00edmu \u0161t\u011bst\u00ed, ale m\u016f\u017ee b\u00fdt i n\u00e1ro\u010dn\u00fd&#8230;<\/p>\n","protected":false},"featured_media":44413,"comment_status":"open","ping_status":"closed","template":"","meta":{"_acf_changed":false},"product_brand":[],"product_cat":[354],"product_tag":[],"class_list":{"0":"post-38852","1":"product","2":"type-product","3":"status-publish","4":"has-post-thumbnail","6":"product_cat-nezarazene","8":"first","9":"instock","10":"taxable","11":"shipping-taxable","12":"purchasable","13":"product-type-variable"},"exclude_global_add_ons":[],"addons":[],"acf":[],"yoast_head":"<!-- This site is optimized with the Yoast SEO plugin v26.4 - https:\/\/yoast.com\/wordpress\/plugins\/seo\/ -->\n<title>60minutov\u00fd integra\u010dn\u00ed hovor | Individu\u00e1ln\u00ed poradenstv\u00ed na MyPalmLeaf<\/title>\n<meta name=\"description\" content=\"Objednejte si 60minutov\u00fd integra\u010dn\u00ed hovor a z\u00edskejte osobn\u00ed veden\u00ed od odborn\u00edka zam\u011b\u0159en\u00e9ho na srdce. Z\u00edskejte jasno a podporu na sv\u00e9 transforma\u010dn\u00ed cest\u011b. Rezervujte si nyn\u00ed!\" \/>\n<meta name=\"robots\" content=\"index, follow, max-snippet:-1, max-image-preview:large, max-video-preview:-1\" \/>\n<link rel=\"canonical\" href=\"https:\/\/mypalmleaf.com\/prices\/60-min-integration-call\/\" \/>\n<meta property=\"og:locale\" content=\"cs_CZ\" \/>\n<meta property=\"og:type\" content=\"article\" \/>\n<meta property=\"og:title\" content=\"60minutov\u00fd integra\u010dn\u00ed hovor | Individu\u00e1ln\u00ed poradenstv\u00ed na MyPalmLeaf\" \/>\n<meta property=\"og:description\" content=\"Objednejte si 60minutov\u00fd integra\u010dn\u00ed hovor a z\u00edskejte osobn\u00ed veden\u00ed od odborn\u00edka zam\u011b\u0159en\u00e9ho na srdce. Z\u00edskejte jasno a podporu na sv\u00e9 transforma\u010dn\u00ed cest\u011b. Rezervujte si nyn\u00ed!\" \/>\n<meta property=\"og:url\" content=\"https:\/\/mypalmleaf.com\/prices\/60-min-integration-call\/\" \/>\n<meta property=\"og:site_name\" content=\"My Palm Leaf\" \/>\n<meta property=\"article:modified_time\" content=\"2025-04-21T13:17:17+00:00\" \/>\n<meta property=\"og:image\" content=\"https:\/\/mypalmleaf.com\/wp-content\/uploads\/2024\/09\/integrationcall-prd-thumb2.jpg\" \/>\n\t<meta property=\"og:image:width\" content=\"819\" \/>\n\t<meta property=\"og:image:height\" content=\"464\" \/>\n\t<meta property=\"og:image:type\" content=\"image\/jpeg\" \/>\n<meta name=\"twitter:card\" content=\"summary_large_image\" \/>\n<meta name=\"twitter:label1\" content=\"Odhadovan\u00e1 doba \u010dten\u00ed\" \/>\n\t<meta name=\"twitter:data1\" content=\"1 minuta\" \/>\n<script type=\"application\/ld+json\" class=\"yoast-schema-graph\">{\"@context\":\"https:\/\/schema.org\",\"@graph\":[{\"@type\":\"WebPage\",\"@id\":\"https:\/\/mypalmleaf.com\/prices\/60-min-integration-call\/\",\"url\":\"https:\/\/mypalmleaf.com\/prices\/60-min-integration-call\/\",\"name\":\"60minutov\u00fd integra\u010dn\u00ed hovor | Individu\u00e1ln\u00ed poradenstv\u00ed na MyPalmLeaf\",\"isPartOf\":{\"@id\":\"https:\/\/mypalmleaf.com\/#website\"},\"primaryImageOfPage\":{\"@id\":\"https:\/\/mypalmleaf.com\/prices\/60-min-integration-call\/#primaryimage\"},\"image\":{\"@id\":\"https:\/\/mypalmleaf.com\/prices\/60-min-integration-call\/#primaryimage\"},\"thumbnailUrl\":\"https:\/\/mypalmleaf.com\/wp-content\/uploads\/2024\/09\/integrationcall-prd-thumb2.jpg\",\"datePublished\":\"2024-09-04T10:45:22+00:00\",\"dateModified\":\"2025-04-21T13:17:17+00:00\",\"description\":\"Objednejte si 60minutov\u00fd integra\u010dn\u00ed hovor a z\u00edskejte osobn\u00ed veden\u00ed od odborn\u00edka zam\u011b\u0159en\u00e9ho na srdce. Z\u00edskejte jasno a podporu na sv\u00e9 transforma\u010dn\u00ed cest\u011b. Rezervujte si nyn\u00ed!\",\"breadcrumb\":{\"@id\":\"https:\/\/mypalmleaf.com\/prices\/60-min-integration-call\/#breadcrumb\"},\"inLanguage\":\"cs\",\"potentialAction\":[{\"@type\":\"ReadAction\",\"target\":[\"https:\/\/mypalmleaf.com\/prices\/60-min-integration-call\/\"]}]},{\"@type\":\"ImageObject\",\"inLanguage\":\"cs\",\"@id\":\"https:\/\/mypalmleaf.com\/prices\/60-min-integration-call\/#primaryimage\",\"url\":\"https:\/\/mypalmleaf.com\/wp-content\/uploads\/2024\/09\/integrationcall-prd-thumb2.jpg\",\"contentUrl\":\"https:\/\/mypalmleaf.com\/wp-content\/uploads\/2024\/09\/integrationcall-prd-thumb2.jpg\",\"width\":819,\"height\":464,\"caption\":\"listening\"},{\"@type\":\"BreadcrumbList\",\"@id\":\"https:\/\/mypalmleaf.com\/prices\/60-min-integration-call\/#breadcrumb\",\"itemListElement\":[{\"@type\":\"ListItem\",\"position\":1,\"name\":\"Home\",\"item\":\"https:\/\/mypalmleaf.com\/cs\/\"},{\"@type\":\"ListItem\",\"position\":2,\"name\":\"Shop\",\"item\":\"https:\/\/mypalmleaf.com\/et\/shop\/\"},{\"@type\":\"ListItem\",\"position\":3,\"name\":\"60minutov\u00fd integra\u010dn\u00ed hovor pro individu\u00e1ln\u00ed podporu\"}]},{\"@type\":\"WebSite\",\"@id\":\"https:\/\/mypalmleaf.com\/#website\",\"url\":\"https:\/\/mypalmleaf.com\/\",\"name\":\"My Palm Leaf\",\"description\":\"\",\"potentialAction\":[{\"@type\":\"SearchAction\",\"target\":{\"@type\":\"EntryPoint\",\"urlTemplate\":\"https:\/\/mypalmleaf.com\/?s={search_term_string}\"},\"query-input\":{\"@type\":\"PropertyValueSpecification\",\"valueRequired\":true,\"valueName\":\"search_term_string\"}}],\"inLanguage\":\"cs\"}]}<\/script>\n<!-- \/ Yoast SEO plugin. -->","yoast_head_json":{"title":"60minutov\u00fd integra\u010dn\u00ed hovor | Individu\u00e1ln\u00ed poradenstv\u00ed na MyPalmLeaf","description":"Objednejte si 60minutov\u00fd integra\u010dn\u00ed hovor a z\u00edskejte osobn\u00ed veden\u00ed od odborn\u00edka zam\u011b\u0159en\u00e9ho na srdce. Z\u00edskejte jasno a podporu na sv\u00e9 transforma\u010dn\u00ed cest\u011b. Rezervujte si nyn\u00ed!","robots":{"index":"index","follow":"follow","max-snippet":"max-snippet:-1","max-image-preview":"max-image-preview:large","max-video-preview":"max-video-preview:-1"},"canonical":"https:\/\/mypalmleaf.com\/prices\/60-min-integration-call\/","og_locale":"cs_CZ","og_type":"article","og_title":"60minutov\u00fd integra\u010dn\u00ed hovor | Individu\u00e1ln\u00ed poradenstv\u00ed na MyPalmLeaf","og_description":"Objednejte si 60minutov\u00fd integra\u010dn\u00ed hovor a z\u00edskejte osobn\u00ed veden\u00ed od odborn\u00edka zam\u011b\u0159en\u00e9ho na srdce. Z\u00edskejte jasno a podporu na sv\u00e9 transforma\u010dn\u00ed cest\u011b. Rezervujte si nyn\u00ed!","og_url":"https:\/\/mypalmleaf.com\/prices\/60-min-integration-call\/","og_site_name":"My Palm Leaf","article_modified_time":"2025-04-21T13:17:17+00:00","og_image":[{"width":819,"height":464,"url":"https:\/\/mypalmleaf.com\/wp-content\/uploads\/2024\/09\/integrationcall-prd-thumb2.jpg","type":"image\/jpeg"}],"twitter_card":"summary_large_image","twitter_misc":{"Odhadovan\u00e1 doba \u010dten\u00ed":"1 minuta"},"schema":{"@context":"https:\/\/schema.org","@graph":[{"@type":"WebPage","@id":"https:\/\/mypalmleaf.com\/prices\/60-min-integration-call\/","url":"https:\/\/mypalmleaf.com\/prices\/60-min-integration-call\/","name":"60minutov\u00fd integra\u010dn\u00ed hovor | Individu\u00e1ln\u00ed poradenstv\u00ed na MyPalmLeaf","isPartOf":{"@id":"https:\/\/mypalmleaf.com\/#website"},"primaryImageOfPage":{"@id":"https:\/\/mypalmleaf.com\/prices\/60-min-integration-call\/#primaryimage"},"image":{"@id":"https:\/\/mypalmleaf.com\/prices\/60-min-integration-call\/#primaryimage"},"thumbnailUrl":"https:\/\/mypalmleaf.com\/wp-content\/uploads\/2024\/09\/integrationcall-prd-thumb2.jpg","datePublished":"2024-09-04T10:45:22+00:00","dateModified":"2025-04-21T13:17:17+00:00","description":"Objednejte si 60minutov\u00fd integra\u010dn\u00ed hovor a z\u00edskejte osobn\u00ed veden\u00ed od odborn\u00edka zam\u011b\u0159en\u00e9ho na srdce. Z\u00edskejte jasno a podporu na sv\u00e9 transforma\u010dn\u00ed cest\u011b. Rezervujte si nyn\u00ed!","breadcrumb":{"@id":"https:\/\/mypalmleaf.com\/prices\/60-min-integration-call\/#breadcrumb"},"inLanguage":"cs","potentialAction":[{"@type":"ReadAction","target":["https:\/\/mypalmleaf.com\/prices\/60-min-integration-call\/"]}]},{"@type":"ImageObject","inLanguage":"cs","@id":"https:\/\/mypalmleaf.com\/prices\/60-min-integration-call\/#primaryimage","url":"https:\/\/mypalmleaf.com\/wp-content\/uploads\/2024\/09\/integrationcall-prd-thumb2.jpg","contentUrl":"https:\/\/mypalmleaf.com\/wp-content\/uploads\/2024\/09\/integrationcall-prd-thumb2.jpg","width":819,"height":464,"caption":"listening"},{"@type":"BreadcrumbList","@id":"https:\/\/mypalmleaf.com\/prices\/60-min-integration-call\/#breadcrumb","itemListElement":[{"@type":"ListItem","position":1,"name":"Home","item":"https:\/\/mypalmleaf.com\/cs\/"},{"@type":"ListItem","position":2,"name":"Shop","item":"https:\/\/mypalmleaf.com\/et\/shop\/"},{"@type":"ListItem","position":3,"name":"60minutov\u00fd integra\u010dn\u00ed hovor pro individu\u00e1ln\u00ed podporu"}]},{"@type":"WebSite","@id":"https:\/\/mypalmleaf.com\/#website","url":"https:\/\/mypalmleaf.com\/","name":"My Palm Leaf","description":"","potentialAction":[{"@type":"SearchAction","target":{"@type":"EntryPoint","urlTemplate":"https:\/\/mypalmleaf.com\/?s={search_term_string}"},"query-input":{"@type":"PropertyValueSpecification","valueRequired":true,"valueName":"search_term_string"}}],"inLanguage":"cs"}]}},"_links":{"self":[{"href":"https:\/\/mypalmleaf.com\/cs\/wp-json\/wp\/v2\/product\/38852","targetHints":{"allow":["GET"]}}],"collection":[{"href":"https:\/\/mypalmleaf.com\/cs\/wp-json\/wp\/v2\/product"}],"about":[{"href":"https:\/\/mypalmleaf.com\/cs\/wp-json\/wp\/v2\/types\/product"}],"replies":[{"embeddable":true,"href":"https:\/\/mypalmleaf.com\/cs\/wp-json\/wp\/v2\/comments?post=38852"}],"wp:featuredmedia":[{"embeddable":true,"href":"https:\/\/mypalmleaf.com\/cs\/wp-json\/wp\/v2\/media\/44413"}],"wp:attachment":[{"href":"https:\/\/mypalmleaf.com\/cs\/wp-json\/wp\/v2\/media?parent=38852"}],"wp:term":[{"taxonomy":"product_brand","embeddable":true,"href":"https:\/\/mypalmleaf.com\/cs\/wp-json\/wp\/v2\/product_brand?post=38852"},{"taxonomy":"product_cat","embeddable":true,"href":"https:\/\/mypalmleaf.com\/cs\/wp-json\/wp\/v2\/product_cat?post=38852"},{"taxonomy":"product_tag","embeddable":true,"href":"https:\/\/mypalmleaf.com\/cs\/wp-json\/wp\/v2\/product_tag?post=38852"}],"curies":[{"name":"wp","href":"https:\/\/api.w.org\/{rel}","templated":true}]}}