
{"id":38896,"date":"2024-09-04T10:46:48","date_gmt":"2024-09-04T10:46:48","guid":{"rendered":"https:\/\/mypalmleaf.com\/prices\/nechte-si-prepsat-a-shrnout-vyklad-z-ruky\/"},"modified":"2025-04-24T11:29:10","modified_gmt":"2025-04-24T11:29:10","slug":"nechte-si-prepsat-a-shrnout-vyklad-z-ruky","status":"publish","type":"product","link":"https:\/\/mypalmleaf.com\/cs\/prices\/nechte-si-prepsat-a-shrnout-vyklad-z-ruky\/","title":{"rendered":"Nechte si p\u0159epsat a shrnout v\u00fdklad z ruky."},"content":{"rendered":"\n<p>P\u0159epis, \u00fapravu a shrnut\u00ed va\u0161eho \u010dten\u00ed z palmov\u00fdch list\u016f pro v\u00e1s sestav\u00edme jako p\u0159ehledn\u00fd a dob\u0159e strukturovan\u00fd text.<\/p>\n<p>To je velmi u\u017eite\u010dn\u00e9 pro integraci \u010detby a vyhled\u00e1n\u00ed jej\u00edho obsahu, ani\u017e byste museli znovu poslouchat celou nahr\u00e1vku.<\/p>\n<p>Obsahuje tak\u00e9 dal\u0161\u00ed vysv\u011btlen\u00ed.<\/p>\n<p>Tuto slu\u017ebu NEN\u00cd mo\u017en\u00e9 objednat, ani\u017e byste si p\u0159edt\u00edm nechali p\u0159e\u010d\u00edst list z dlan\u011b.<\/p>\n<p>N\u00ed\u017ee si pros\u00edm vyberte, zda si p\u0159ejete p\u0159epsat p\u0159e\u010dtenou obecnou kapitolu nebo p\u0159e\u010dten\u00e9 dal\u0161\u00ed kapitoly.<\/p>\n","protected":false},"excerpt":{"rendered":"<p>P\u0159epis, \u00fapravu a shrnut\u00ed va\u0161eho \u010dten\u00ed z palmov\u00fdch list\u016f pro v\u00e1s sestav\u00edme jako p\u0159ehledn\u00fd a dob\u0159e strukturovan\u00fd text.<br \/>\nTo je mo\u017en\u00e9 pouze po v\u00fdkladu z listu dlan\u011b&#8230; <\/p>\n","protected":false},"featured_media":9957,"comment_status":"open","ping_status":"closed","template":"","meta":{"_acf_changed":false},"product_brand":[],"product_cat":[354],"product_tag":[],"class_list":{"0":"post-38896","1":"product","2":"type-product","3":"status-publish","4":"has-post-thumbnail","6":"product_cat-nezarazene","8":"first","9":"instock","10":"virtual","11":"taxable","12":"purchasable","13":"product-type-simple"},"exclude_global_add_ons":false,"addons":[{"name":"Obecn\u00e1 kapitola","type":"checkbox","position":0,"required":false,"title_format":"label","description_enable":true,"description":"General Chapter","placeholder_enable":false,"placeholder":"","display":"select","restrictions_type":"any_text","adjust_price":false,"price":"","price_type":"flat_fee","restrictions":false,"min":0,"max":0,"options":[{"label":"Angli\u010dtina","price":"59","price_type":"flat_fee","image":0},{"label":"N\u011bm\u010dina","price":"99","price_type":"flat_fee","image":0},{"label":"Japonsk\u00fd","price":"99","price_type":"flat_fee","image":0},{"label":"Italsk\u00fd","price":"99","price_type":"flat_fee","image":0},{"label":"Rusk\u00fd","price":"99","price_type":"flat_fee","image":0},{"label":"Francouz\u0161tina","price":"99","price_type":"flat_fee","image":0},{"label":"\u0160pan\u011bl\u0161tina","price":"99","price_type":"flat_fee","image":0}],"id":1731263144},{"name":"Dal\u0161\u00ed kapitoly","type":"checkbox","position":1,"required":false,"title_format":"label","description_enable":true,"description":"Additional Chapters","placeholder_enable":false,"placeholder":"","display":"select","restrictions_type":"any_text","adjust_price":false,"price":"","price_type":"flat_fee","restrictions":false,"min":0,"max":0,"options":[{"label":"Angli\u010dtina","price":"18","price_type":"flat_fee","image":0},{"label":"N\u011bm\u010dina","price":"27","price_type":"flat_fee","image":0},{"label":"Japonsk\u00fd","price":"27","price_type":"flat_fee","image":0},{"label":"Italsk\u00fd","price":"27","price_type":"flat_fee","image":0},{"label":"Rusk\u00fd","price":"27","price_type":"flat_fee","image":0},{"label":"Francouz\u0161tina","price":"27","price_type":"flat_fee","image":0},{"label":"\u0160pan\u011bl\u0161tina","price":"27","price_type":"flat_fee","image":0}],"id":1731263145},{"name":"Po\u010det kapitol","type":"checkbox","position":2,"required":false,"title_format":"label","description_enable":true,"description":"No of Chapters","placeholder_enable":false,"placeholder":"","display":"select","restrictions_type":"any_text","adjust_price":false,"price":"","price_type":"flat_fee","restrictions":false,"min":0,"max":0,"options":[{"label":"1","price":"","price_type":"flat_fee","image":0},{"label":"2","price":"","price_type":"flat_fee","image":0},{"label":"3","price":"","price_type":"flat_fee","image":0},{"label":"4","price":"","price_type":"flat_fee","image":0},{"label":"5","price":"","price_type":"flat_fee","image":0},{"label":"6","price":"","price_type":"flat_fee","image":0},{"label":"7","price":"","price_type":"flat_fee","image":0},{"label":"8","price":"","price_type":"flat_fee","image":0},{"label":"9","price":"","price_type":"flat_fee","image":0},{"label":"10","price":"","price_type":"flat_fee","image":0},{"label":"11","price":"","price_type":"flat_fee","image":0},{"label":"12","price":"","price_type":"flat_fee","image":0},{"label":"13","price":"","price_type":"flat_fee","image":0},{"label":"14","price":"","price_type":"flat_fee","image":0},{"label":"15","price":"","price_type":"flat_fee","image":0}],"id":1731263146}],"acf":[],"yoast_head":"<!-- This site is optimized with the Yoast SEO plugin v26.4 - https:\/\/yoast.com\/wordpress\/plugins\/seo\/ -->\n<title>Nechte si p\u0159epsat a shrnout v\u00fdklad z ruky. - My Palm Leaf<\/title>\n<meta name=\"description\" content=\"Z\u00edskejte p\u0159epis a shrnut\u00ed sv\u00e9ho v\u00fdkladu palmov\u00e9ho listu pro lep\u0161\u00ed porozum\u011bn\u00ed. Uchovejte si moudrost a veden\u00ed na sv\u00e9 duchovn\u00ed cest\u011b.\" \/>\n<meta name=\"robots\" content=\"index, follow, max-snippet:-1, max-image-preview:large, max-video-preview:-1\" \/>\n<link rel=\"canonical\" href=\"https:\/\/mypalmleaf.com\/cs\/prices\/nechte-si-prepsat-a-shrnout-vyklad-z-ruky\/\" \/>\n<meta property=\"og:locale\" content=\"cs_CZ\" \/>\n<meta property=\"og:type\" content=\"article\" \/>\n<meta property=\"og:title\" content=\"Nechte si p\u0159epsat a shrnout v\u00fdklad z ruky. - My Palm Leaf\" \/>\n<meta property=\"og:description\" content=\"Z\u00edskejte p\u0159epis a shrnut\u00ed sv\u00e9ho v\u00fdkladu palmov\u00e9ho listu pro lep\u0161\u00ed porozum\u011bn\u00ed. Uchovejte si moudrost a veden\u00ed na sv\u00e9 duchovn\u00ed cest\u011b.\" \/>\n<meta property=\"og:url\" content=\"https:\/\/mypalmleaf.com\/cs\/prices\/nechte-si-prepsat-a-shrnout-vyklad-z-ruky\/\" \/>\n<meta property=\"og:site_name\" content=\"My Palm Leaf\" \/>\n<meta property=\"article:modified_time\" content=\"2025-04-24T11:29:10+00:00\" \/>\n<meta property=\"og:image\" content=\"https:\/\/mypalmleaf.com\/wp-content\/uploads\/2024\/09\/mantra-product-page-4-1.jpg\" \/>\n\t<meta property=\"og:image:width\" content=\"800\" \/>\n\t<meta property=\"og:image:height\" content=\"444\" \/>\n\t<meta property=\"og:image:type\" content=\"image\/jpeg\" \/>\n<meta name=\"twitter:card\" content=\"summary_large_image\" \/>\n<meta name=\"twitter:label1\" content=\"Odhadovan\u00e1 doba \u010dten\u00ed\" \/>\n\t<meta name=\"twitter:data1\" content=\"1 minuta\" \/>\n<script type=\"application\/ld+json\" class=\"yoast-schema-graph\">{\"@context\":\"https:\/\/schema.org\",\"@graph\":[{\"@type\":\"WebPage\",\"@id\":\"https:\/\/mypalmleaf.com\/cs\/prices\/nechte-si-prepsat-a-shrnout-vyklad-z-ruky\/\",\"url\":\"https:\/\/mypalmleaf.com\/cs\/prices\/nechte-si-prepsat-a-shrnout-vyklad-z-ruky\/\",\"name\":\"Nechte si p\u0159epsat a shrnout v\u00fdklad z ruky. - My Palm Leaf\",\"isPartOf\":{\"@id\":\"https:\/\/mypalmleaf.com\/#website\"},\"primaryImageOfPage\":{\"@id\":\"https:\/\/mypalmleaf.com\/cs\/prices\/nechte-si-prepsat-a-shrnout-vyklad-z-ruky\/#primaryimage\"},\"image\":{\"@id\":\"https:\/\/mypalmleaf.com\/cs\/prices\/nechte-si-prepsat-a-shrnout-vyklad-z-ruky\/#primaryimage\"},\"thumbnailUrl\":\"https:\/\/mypalmleaf.com\/wp-content\/uploads\/2024\/09\/mantra-product-page-4-1.jpg\",\"datePublished\":\"2024-09-04T10:46:48+00:00\",\"dateModified\":\"2025-04-24T11:29:10+00:00\",\"description\":\"Z\u00edskejte p\u0159epis a shrnut\u00ed sv\u00e9ho v\u00fdkladu palmov\u00e9ho listu pro lep\u0161\u00ed porozum\u011bn\u00ed. Uchovejte si moudrost a veden\u00ed na sv\u00e9 duchovn\u00ed cest\u011b.\",\"breadcrumb\":{\"@id\":\"https:\/\/mypalmleaf.com\/cs\/prices\/nechte-si-prepsat-a-shrnout-vyklad-z-ruky\/#breadcrumb\"},\"inLanguage\":\"cs\",\"potentialAction\":[{\"@type\":\"ReadAction\",\"target\":[\"https:\/\/mypalmleaf.com\/cs\/prices\/nechte-si-prepsat-a-shrnout-vyklad-z-ruky\/\"]}]},{\"@type\":\"ImageObject\",\"inLanguage\":\"cs\",\"@id\":\"https:\/\/mypalmleaf.com\/cs\/prices\/nechte-si-prepsat-a-shrnout-vyklad-z-ruky\/#primaryimage\",\"url\":\"https:\/\/mypalmleaf.com\/wp-content\/uploads\/2024\/09\/mantra-product-page-4-1.jpg\",\"contentUrl\":\"https:\/\/mypalmleaf.com\/wp-content\/uploads\/2024\/09\/mantra-product-page-4-1.jpg\",\"width\":800,\"height\":444,\"caption\":\"Envelope\"},{\"@type\":\"BreadcrumbList\",\"@id\":\"https:\/\/mypalmleaf.com\/cs\/prices\/nechte-si-prepsat-a-shrnout-vyklad-z-ruky\/#breadcrumb\",\"itemListElement\":[{\"@type\":\"ListItem\",\"position\":1,\"name\":\"Home\",\"item\":\"https:\/\/mypalmleaf.com\/cs\/\"},{\"@type\":\"ListItem\",\"position\":2,\"name\":\"Shop\",\"item\":\"https:\/\/mypalmleaf.com\/et\/shop\/\"},{\"@type\":\"ListItem\",\"position\":3,\"name\":\"Nechte si p\u0159epsat a shrnout v\u00fdklad z ruky.\"}]},{\"@type\":\"WebSite\",\"@id\":\"https:\/\/mypalmleaf.com\/#website\",\"url\":\"https:\/\/mypalmleaf.com\/\",\"name\":\"My Palm Leaf\",\"description\":\"\",\"potentialAction\":[{\"@type\":\"SearchAction\",\"target\":{\"@type\":\"EntryPoint\",\"urlTemplate\":\"https:\/\/mypalmleaf.com\/?s={search_term_string}\"},\"query-input\":{\"@type\":\"PropertyValueSpecification\",\"valueRequired\":true,\"valueName\":\"search_term_string\"}}],\"inLanguage\":\"cs\"}]}<\/script>\n<!-- \/ Yoast SEO plugin. -->","yoast_head_json":{"title":"Nechte si p\u0159epsat a shrnout v\u00fdklad z ruky. - My Palm Leaf","description":"Z\u00edskejte p\u0159epis a shrnut\u00ed sv\u00e9ho v\u00fdkladu palmov\u00e9ho listu pro lep\u0161\u00ed porozum\u011bn\u00ed. Uchovejte si moudrost a veden\u00ed na sv\u00e9 duchovn\u00ed cest\u011b.","robots":{"index":"index","follow":"follow","max-snippet":"max-snippet:-1","max-image-preview":"max-image-preview:large","max-video-preview":"max-video-preview:-1"},"canonical":"https:\/\/mypalmleaf.com\/cs\/prices\/nechte-si-prepsat-a-shrnout-vyklad-z-ruky\/","og_locale":"cs_CZ","og_type":"article","og_title":"Nechte si p\u0159epsat a shrnout v\u00fdklad z ruky. - My Palm Leaf","og_description":"Z\u00edskejte p\u0159epis a shrnut\u00ed sv\u00e9ho v\u00fdkladu palmov\u00e9ho listu pro lep\u0161\u00ed porozum\u011bn\u00ed. Uchovejte si moudrost a veden\u00ed na sv\u00e9 duchovn\u00ed cest\u011b.","og_url":"https:\/\/mypalmleaf.com\/cs\/prices\/nechte-si-prepsat-a-shrnout-vyklad-z-ruky\/","og_site_name":"My Palm Leaf","article_modified_time":"2025-04-24T11:29:10+00:00","og_image":[{"width":800,"height":444,"url":"https:\/\/mypalmleaf.com\/wp-content\/uploads\/2024\/09\/mantra-product-page-4-1.jpg","type":"image\/jpeg"}],"twitter_card":"summary_large_image","twitter_misc":{"Odhadovan\u00e1 doba \u010dten\u00ed":"1 minuta"},"schema":{"@context":"https:\/\/schema.org","@graph":[{"@type":"WebPage","@id":"https:\/\/mypalmleaf.com\/cs\/prices\/nechte-si-prepsat-a-shrnout-vyklad-z-ruky\/","url":"https:\/\/mypalmleaf.com\/cs\/prices\/nechte-si-prepsat-a-shrnout-vyklad-z-ruky\/","name":"Nechte si p\u0159epsat a shrnout v\u00fdklad z ruky. - My Palm Leaf","isPartOf":{"@id":"https:\/\/mypalmleaf.com\/#website"},"primaryImageOfPage":{"@id":"https:\/\/mypalmleaf.com\/cs\/prices\/nechte-si-prepsat-a-shrnout-vyklad-z-ruky\/#primaryimage"},"image":{"@id":"https:\/\/mypalmleaf.com\/cs\/prices\/nechte-si-prepsat-a-shrnout-vyklad-z-ruky\/#primaryimage"},"thumbnailUrl":"https:\/\/mypalmleaf.com\/wp-content\/uploads\/2024\/09\/mantra-product-page-4-1.jpg","datePublished":"2024-09-04T10:46:48+00:00","dateModified":"2025-04-24T11:29:10+00:00","description":"Z\u00edskejte p\u0159epis a shrnut\u00ed sv\u00e9ho v\u00fdkladu palmov\u00e9ho listu pro lep\u0161\u00ed porozum\u011bn\u00ed. Uchovejte si moudrost a veden\u00ed na sv\u00e9 duchovn\u00ed cest\u011b.","breadcrumb":{"@id":"https:\/\/mypalmleaf.com\/cs\/prices\/nechte-si-prepsat-a-shrnout-vyklad-z-ruky\/#breadcrumb"},"inLanguage":"cs","potentialAction":[{"@type":"ReadAction","target":["https:\/\/mypalmleaf.com\/cs\/prices\/nechte-si-prepsat-a-shrnout-vyklad-z-ruky\/"]}]},{"@type":"ImageObject","inLanguage":"cs","@id":"https:\/\/mypalmleaf.com\/cs\/prices\/nechte-si-prepsat-a-shrnout-vyklad-z-ruky\/#primaryimage","url":"https:\/\/mypalmleaf.com\/wp-content\/uploads\/2024\/09\/mantra-product-page-4-1.jpg","contentUrl":"https:\/\/mypalmleaf.com\/wp-content\/uploads\/2024\/09\/mantra-product-page-4-1.jpg","width":800,"height":444,"caption":"Envelope"},{"@type":"BreadcrumbList","@id":"https:\/\/mypalmleaf.com\/cs\/prices\/nechte-si-prepsat-a-shrnout-vyklad-z-ruky\/#breadcrumb","itemListElement":[{"@type":"ListItem","position":1,"name":"Home","item":"https:\/\/mypalmleaf.com\/cs\/"},{"@type":"ListItem","position":2,"name":"Shop","item":"https:\/\/mypalmleaf.com\/et\/shop\/"},{"@type":"ListItem","position":3,"name":"Nechte si p\u0159epsat a shrnout v\u00fdklad z ruky."}]},{"@type":"WebSite","@id":"https:\/\/mypalmleaf.com\/#website","url":"https:\/\/mypalmleaf.com\/","name":"My Palm Leaf","description":"","potentialAction":[{"@type":"SearchAction","target":{"@type":"EntryPoint","urlTemplate":"https:\/\/mypalmleaf.com\/?s={search_term_string}"},"query-input":{"@type":"PropertyValueSpecification","valueRequired":true,"valueName":"search_term_string"}}],"inLanguage":"cs"}]}},"_links":{"self":[{"href":"https:\/\/mypalmleaf.com\/cs\/wp-json\/wp\/v2\/product\/38896","targetHints":{"allow":["GET"]}}],"collection":[{"href":"https:\/\/mypalmleaf.com\/cs\/wp-json\/wp\/v2\/product"}],"about":[{"href":"https:\/\/mypalmleaf.com\/cs\/wp-json\/wp\/v2\/types\/product"}],"replies":[{"embeddable":true,"href":"https:\/\/mypalmleaf.com\/cs\/wp-json\/wp\/v2\/comments?post=38896"}],"wp:featuredmedia":[{"embeddable":true,"href":"https:\/\/mypalmleaf.com\/cs\/wp-json\/wp\/v2\/media\/9957"}],"wp:attachment":[{"href":"https:\/\/mypalmleaf.com\/cs\/wp-json\/wp\/v2\/media?parent=38896"}],"wp:term":[{"taxonomy":"product_brand","embeddable":true,"href":"https:\/\/mypalmleaf.com\/cs\/wp-json\/wp\/v2\/product_brand?post=38896"},{"taxonomy":"product_cat","embeddable":true,"href":"https:\/\/mypalmleaf.com\/cs\/wp-json\/wp\/v2\/product_cat?post=38896"},{"taxonomy":"product_tag","embeddable":true,"href":"https:\/\/mypalmleaf.com\/cs\/wp-json\/wp\/v2\/product_tag?post=38896"}],"curies":[{"name":"wp","href":"https:\/\/api.w.org\/{rel}","templated":true}]}}