
{"id":39014,"date":"2024-09-04T10:59:56","date_gmt":"2024-09-04T10:59:56","guid":{"rendered":"https:\/\/mypalmleaf.com\/prices\/hledani-listu-obecne-cteni-kapitol\/"},"modified":"2025-07-31T04:00:19","modified_gmt":"2025-07-31T04:00:19","slug":"hledani-listu-obecne-cteni-kapitol","status":"publish","type":"product","link":"https:\/\/mypalmleaf.com\/cs\/prices\/hledani-listu-obecne-cteni-kapitol\/","title":{"rendered":"Hled\u00e1n\u00ed listu + Obecn\u00e9 \u010dten\u00ed kapitol"},"content":{"rendered":"\n<div class=\"description\">\n<p>            <strong>Slu\u017eba zahrnuje<\/strong><\/p>\n<ul>\n<li>Vyhled\u00e1n\u00ed svazk\u016f, kter\u00e9 mohou obsahovat v\u00e1\u0161 palmov\u00fd list v Indii<\/li>\n<li>Proveden\u00ed procesu porovn\u00e1v\u00e1n\u00ed online pro identifikaci va\u0161eho listu Palm Leaf<\/li>\n<li>\u010cten\u00ed obecn\u00e9 kapitoly<\/li>\n<li>\u010cten\u00ed kapitoly 14 (energetick\u00e9 prost\u0159edky)<\/li>\n<li>Videoz\u00e1znam va\u0161eho \u010dten\u00ed<\/li>\n<li>Fotografie va\u0161eho palmov\u00e9ho listu.<\/li>\n<li>Z\u00e1ruka vr\u00e1cen\u00ed pen\u011bz, pokud v\u00e1\u0161 list nelze naj\u00edt.<\/li>\n<\/ul><\/div>\n","protected":false},"excerpt":{"rendered":"<p>          <strong>Slu\u017eba zahrnuje<\/strong><\/p>\n<ul>\n<li>Vyhled\u00e1n\u00ed svazk\u016f, kter\u00e9 mohou obsahovat v\u00e1\u0161 palmov\u00fd list v Indii<\/li>\n<li>Prov\u00e1d\u011bn\u00ed p\u00e1rov\u00e1n\u00ed online za \u00fa\u010delem identifikace va\u0161eho Palm Leaf&#8230;<\/li>\n<\/ul>\n","protected":false},"featured_media":10067,"comment_status":"open","ping_status":"closed","template":"","meta":{"_acf_changed":false},"product_brand":[],"product_cat":[354],"product_tag":[],"class_list":{"0":"post-39014","1":"product","2":"type-product","3":"status-publish","4":"has-post-thumbnail","6":"product_cat-nezarazene","8":"first","9":"instock","10":"virtual","11":"taxable","12":"purchasable","13":"product-type-simple"},"exclude_global_add_ons":false,"addons":[{"name":"P\u0159eklad","type":"checkbox","position":0,"required":false,"title_format":"label","description_enable":true,"description":"translation","placeholder_enable":false,"placeholder":"","display":"select","restrictions_type":"any_text","adjust_price":false,"price":"","price_type":"flat_fee","restrictions":false,"min":0,"max":0,"options":[{"label":"Angli\u010dtina","price":"0","price_type":"flat_fee","image":0},{"label":"N\u011bm\u010dina","price":"38","price_type":"flat_fee","image":0},{"label":"Rusk\u00fd","price":"38","price_type":"flat_fee","image":0},{"label":"Japonsk\u00fd","price":"38","price_type":"flat_fee","image":0},{"label":"Italsk\u00fd","price":"38","price_type":"flat_fee","image":0},{"label":"Francouz\u0161tina","price":"38","price_type":"flat_fee","image":0},{"label":"\u0160pan\u011bl\u0161tina","price":"38","price_type":"flat_fee","image":0},{"label":"Holandsk\u00fd","price":"38","price_type":"flat_fee","image":0},{"label":"Ostatn\u00ed","price":"38","price_type":"flat_fee","image":0}],"id":1725237117},{"name":"P\u0159epis","type":"checkbox","position":1,"required":false,"title_format":"label","description_enable":true,"description":"transcription","placeholder_enable":false,"placeholder":"","display":"select","restrictions_type":"any_text","adjust_price":false,"price":"","price_type":"flat_fee","restrictions":false,"min":0,"max":0,"options":[{"label":"Angli\u010dtina","price":"59","price_type":"flat_fee","image":0},{"label":"N\u011bm\u010dina","price":"99","price_type":"flat_fee","image":0},{"label":"Rusk\u00fd","price":"99","price_type":"flat_fee","image":0},{"label":"Japonsk\u00fd","price":"99","price_type":"flat_fee","image":0},{"label":"Italsk\u00fd","price":"99","price_type":"flat_fee","image":0},{"label":"Francouz\u0161tina","price":"99","price_type":"flat_fee","image":0},{"label":"\u0160pan\u011bl\u0161tina","price":"99","price_type":"flat_fee","image":0},{"label":"Holandsk\u00fd","price":"99","price_type":"flat_fee","image":0},{"label":"Ostatn\u00ed","price":"99","price_type":"flat_fee","image":0},{"label":"Nen\u00ed pot\u0159eba, mo\u017en\u00e1 pozd\u011bji","price":"","price_type":"flat_fee","image":0}],"id":1725237118}],"acf":[],"yoast_head":"<!-- This site is optimized with the Yoast SEO plugin v26.4 - https:\/\/yoast.com\/wordpress\/plugins\/seo\/ -->\n<title>Hled\u00e1n\u00ed listu + Obecn\u00e9 \u010dten\u00ed kapitol - My Palm Leaf<\/title>\n<meta name=\"description\" content=\"Nechte si naj\u00edt sv\u016fj palmov\u00fd list a objevte poselstv\u00ed napsan\u00e9 p\u0159ed stalet\u00edmi. Obecn\u00e9 \u010dten\u00ed odhal\u00ed kl\u00ed\u010dov\u00e9 momenty va\u0161\u00ed \u017eivotn\u00ed cesty.\" \/>\n<meta name=\"robots\" content=\"index, follow, max-snippet:-1, max-image-preview:large, max-video-preview:-1\" \/>\n<link rel=\"canonical\" href=\"https:\/\/mypalmleaf.com\/cs\/prices\/hledani-listu-obecne-cteni-kapitol\/\" \/>\n<meta property=\"og:locale\" content=\"cs_CZ\" \/>\n<meta property=\"og:type\" content=\"article\" \/>\n<meta property=\"og:title\" content=\"Hled\u00e1n\u00ed listu + Obecn\u00e9 \u010dten\u00ed kapitol - My Palm Leaf\" \/>\n<meta property=\"og:description\" content=\"Nechte si naj\u00edt sv\u016fj palmov\u00fd list a objevte poselstv\u00ed napsan\u00e9 p\u0159ed stalet\u00edmi. Obecn\u00e9 \u010dten\u00ed odhal\u00ed kl\u00ed\u010dov\u00e9 momenty va\u0161\u00ed \u017eivotn\u00ed cesty.\" \/>\n<meta property=\"og:url\" content=\"https:\/\/mypalmleaf.com\/cs\/prices\/hledani-listu-obecne-cteni-kapitol\/\" \/>\n<meta property=\"og:site_name\" content=\"My Palm Leaf\" \/>\n<meta property=\"article:modified_time\" content=\"2025-07-31T04:00:19+00:00\" \/>\n<meta property=\"og:image\" content=\"https:\/\/mypalmleaf.com\/wp-content\/uploads\/2024\/09\/services-thumb-1-1.jpg\" \/>\n\t<meta property=\"og:image:width\" content=\"800\" \/>\n\t<meta property=\"og:image:height\" content=\"444\" \/>\n\t<meta property=\"og:image:type\" content=\"image\/jpeg\" \/>\n<meta name=\"twitter:card\" content=\"summary_large_image\" \/>\n<meta name=\"twitter:label1\" content=\"Odhadovan\u00e1 doba \u010dten\u00ed\" \/>\n\t<meta name=\"twitter:data1\" content=\"1 minuta\" \/>\n<script type=\"application\/ld+json\" class=\"yoast-schema-graph\">{\"@context\":\"https:\/\/schema.org\",\"@graph\":[{\"@type\":\"WebPage\",\"@id\":\"https:\/\/mypalmleaf.com\/cs\/prices\/hledani-listu-obecne-cteni-kapitol\/\",\"url\":\"https:\/\/mypalmleaf.com\/cs\/prices\/hledani-listu-obecne-cteni-kapitol\/\",\"name\":\"Hled\u00e1n\u00ed listu + Obecn\u00e9 \u010dten\u00ed kapitol - My Palm Leaf\",\"isPartOf\":{\"@id\":\"https:\/\/mypalmleaf.com\/#website\"},\"primaryImageOfPage\":{\"@id\":\"https:\/\/mypalmleaf.com\/cs\/prices\/hledani-listu-obecne-cteni-kapitol\/#primaryimage\"},\"image\":{\"@id\":\"https:\/\/mypalmleaf.com\/cs\/prices\/hledani-listu-obecne-cteni-kapitol\/#primaryimage\"},\"thumbnailUrl\":\"https:\/\/mypalmleaf.com\/wp-content\/uploads\/2024\/09\/services-thumb-1-1.jpg\",\"datePublished\":\"2024-09-04T10:59:56+00:00\",\"dateModified\":\"2025-07-31T04:00:19+00:00\",\"description\":\"Nechte si naj\u00edt sv\u016fj palmov\u00fd list a objevte poselstv\u00ed napsan\u00e9 p\u0159ed stalet\u00edmi. Obecn\u00e9 \u010dten\u00ed odhal\u00ed kl\u00ed\u010dov\u00e9 momenty va\u0161\u00ed \u017eivotn\u00ed cesty.\",\"breadcrumb\":{\"@id\":\"https:\/\/mypalmleaf.com\/cs\/prices\/hledani-listu-obecne-cteni-kapitol\/#breadcrumb\"},\"inLanguage\":\"cs\",\"potentialAction\":[{\"@type\":\"ReadAction\",\"target\":[\"https:\/\/mypalmleaf.com\/cs\/prices\/hledani-listu-obecne-cteni-kapitol\/\"]}]},{\"@type\":\"ImageObject\",\"inLanguage\":\"cs\",\"@id\":\"https:\/\/mypalmleaf.com\/cs\/prices\/hledani-listu-obecne-cteni-kapitol\/#primaryimage\",\"url\":\"https:\/\/mypalmleaf.com\/wp-content\/uploads\/2024\/09\/services-thumb-1-1.jpg\",\"contentUrl\":\"https:\/\/mypalmleaf.com\/wp-content\/uploads\/2024\/09\/services-thumb-1-1.jpg\",\"width\":800,\"height\":444,\"caption\":\"Nadi astrology-02\"},{\"@type\":\"BreadcrumbList\",\"@id\":\"https:\/\/mypalmleaf.com\/cs\/prices\/hledani-listu-obecne-cteni-kapitol\/#breadcrumb\",\"itemListElement\":[{\"@type\":\"ListItem\",\"position\":1,\"name\":\"Home\",\"item\":\"https:\/\/mypalmleaf.com\/cs\/\"},{\"@type\":\"ListItem\",\"position\":2,\"name\":\"Shop\",\"item\":\"https:\/\/mypalmleaf.com\/et\/shop\/\"},{\"@type\":\"ListItem\",\"position\":3,\"name\":\"Hled\u00e1n\u00ed listu + Obecn\u00e9 \u010dten\u00ed kapitol\"}]},{\"@type\":\"WebSite\",\"@id\":\"https:\/\/mypalmleaf.com\/#website\",\"url\":\"https:\/\/mypalmleaf.com\/\",\"name\":\"My Palm Leaf\",\"description\":\"\",\"potentialAction\":[{\"@type\":\"SearchAction\",\"target\":{\"@type\":\"EntryPoint\",\"urlTemplate\":\"https:\/\/mypalmleaf.com\/?s={search_term_string}\"},\"query-input\":{\"@type\":\"PropertyValueSpecification\",\"valueRequired\":true,\"valueName\":\"search_term_string\"}}],\"inLanguage\":\"cs\"}]}<\/script>\n<!-- \/ Yoast SEO plugin. -->","yoast_head_json":{"title":"Hled\u00e1n\u00ed listu + Obecn\u00e9 \u010dten\u00ed kapitol - My Palm Leaf","description":"Nechte si naj\u00edt sv\u016fj palmov\u00fd list a objevte poselstv\u00ed napsan\u00e9 p\u0159ed stalet\u00edmi. Obecn\u00e9 \u010dten\u00ed odhal\u00ed kl\u00ed\u010dov\u00e9 momenty va\u0161\u00ed \u017eivotn\u00ed cesty.","robots":{"index":"index","follow":"follow","max-snippet":"max-snippet:-1","max-image-preview":"max-image-preview:large","max-video-preview":"max-video-preview:-1"},"canonical":"https:\/\/mypalmleaf.com\/cs\/prices\/hledani-listu-obecne-cteni-kapitol\/","og_locale":"cs_CZ","og_type":"article","og_title":"Hled\u00e1n\u00ed listu + Obecn\u00e9 \u010dten\u00ed kapitol - My Palm Leaf","og_description":"Nechte si naj\u00edt sv\u016fj palmov\u00fd list a objevte poselstv\u00ed napsan\u00e9 p\u0159ed stalet\u00edmi. Obecn\u00e9 \u010dten\u00ed odhal\u00ed kl\u00ed\u010dov\u00e9 momenty va\u0161\u00ed \u017eivotn\u00ed cesty.","og_url":"https:\/\/mypalmleaf.com\/cs\/prices\/hledani-listu-obecne-cteni-kapitol\/","og_site_name":"My Palm Leaf","article_modified_time":"2025-07-31T04:00:19+00:00","og_image":[{"width":800,"height":444,"url":"https:\/\/mypalmleaf.com\/wp-content\/uploads\/2024\/09\/services-thumb-1-1.jpg","type":"image\/jpeg"}],"twitter_card":"summary_large_image","twitter_misc":{"Odhadovan\u00e1 doba \u010dten\u00ed":"1 minuta"},"schema":{"@context":"https:\/\/schema.org","@graph":[{"@type":"WebPage","@id":"https:\/\/mypalmleaf.com\/cs\/prices\/hledani-listu-obecne-cteni-kapitol\/","url":"https:\/\/mypalmleaf.com\/cs\/prices\/hledani-listu-obecne-cteni-kapitol\/","name":"Hled\u00e1n\u00ed listu + Obecn\u00e9 \u010dten\u00ed kapitol - My Palm Leaf","isPartOf":{"@id":"https:\/\/mypalmleaf.com\/#website"},"primaryImageOfPage":{"@id":"https:\/\/mypalmleaf.com\/cs\/prices\/hledani-listu-obecne-cteni-kapitol\/#primaryimage"},"image":{"@id":"https:\/\/mypalmleaf.com\/cs\/prices\/hledani-listu-obecne-cteni-kapitol\/#primaryimage"},"thumbnailUrl":"https:\/\/mypalmleaf.com\/wp-content\/uploads\/2024\/09\/services-thumb-1-1.jpg","datePublished":"2024-09-04T10:59:56+00:00","dateModified":"2025-07-31T04:00:19+00:00","description":"Nechte si naj\u00edt sv\u016fj palmov\u00fd list a objevte poselstv\u00ed napsan\u00e9 p\u0159ed stalet\u00edmi. Obecn\u00e9 \u010dten\u00ed odhal\u00ed kl\u00ed\u010dov\u00e9 momenty va\u0161\u00ed \u017eivotn\u00ed cesty.","breadcrumb":{"@id":"https:\/\/mypalmleaf.com\/cs\/prices\/hledani-listu-obecne-cteni-kapitol\/#breadcrumb"},"inLanguage":"cs","potentialAction":[{"@type":"ReadAction","target":["https:\/\/mypalmleaf.com\/cs\/prices\/hledani-listu-obecne-cteni-kapitol\/"]}]},{"@type":"ImageObject","inLanguage":"cs","@id":"https:\/\/mypalmleaf.com\/cs\/prices\/hledani-listu-obecne-cteni-kapitol\/#primaryimage","url":"https:\/\/mypalmleaf.com\/wp-content\/uploads\/2024\/09\/services-thumb-1-1.jpg","contentUrl":"https:\/\/mypalmleaf.com\/wp-content\/uploads\/2024\/09\/services-thumb-1-1.jpg","width":800,"height":444,"caption":"Nadi astrology-02"},{"@type":"BreadcrumbList","@id":"https:\/\/mypalmleaf.com\/cs\/prices\/hledani-listu-obecne-cteni-kapitol\/#breadcrumb","itemListElement":[{"@type":"ListItem","position":1,"name":"Home","item":"https:\/\/mypalmleaf.com\/cs\/"},{"@type":"ListItem","position":2,"name":"Shop","item":"https:\/\/mypalmleaf.com\/et\/shop\/"},{"@type":"ListItem","position":3,"name":"Hled\u00e1n\u00ed listu + Obecn\u00e9 \u010dten\u00ed kapitol"}]},{"@type":"WebSite","@id":"https:\/\/mypalmleaf.com\/#website","url":"https:\/\/mypalmleaf.com\/","name":"My Palm Leaf","description":"","potentialAction":[{"@type":"SearchAction","target":{"@type":"EntryPoint","urlTemplate":"https:\/\/mypalmleaf.com\/?s={search_term_string}"},"query-input":{"@type":"PropertyValueSpecification","valueRequired":true,"valueName":"search_term_string"}}],"inLanguage":"cs"}]}},"_links":{"self":[{"href":"https:\/\/mypalmleaf.com\/cs\/wp-json\/wp\/v2\/product\/39014","targetHints":{"allow":["GET"]}}],"collection":[{"href":"https:\/\/mypalmleaf.com\/cs\/wp-json\/wp\/v2\/product"}],"about":[{"href":"https:\/\/mypalmleaf.com\/cs\/wp-json\/wp\/v2\/types\/product"}],"replies":[{"embeddable":true,"href":"https:\/\/mypalmleaf.com\/cs\/wp-json\/wp\/v2\/comments?post=39014"}],"wp:featuredmedia":[{"embeddable":true,"href":"https:\/\/mypalmleaf.com\/cs\/wp-json\/wp\/v2\/media\/10067"}],"wp:attachment":[{"href":"https:\/\/mypalmleaf.com\/cs\/wp-json\/wp\/v2\/media?parent=39014"}],"wp:term":[{"taxonomy":"product_brand","embeddable":true,"href":"https:\/\/mypalmleaf.com\/cs\/wp-json\/wp\/v2\/product_brand?post=39014"},{"taxonomy":"product_cat","embeddable":true,"href":"https:\/\/mypalmleaf.com\/cs\/wp-json\/wp\/v2\/product_cat?post=39014"},{"taxonomy":"product_tag","embeddable":true,"href":"https:\/\/mypalmleaf.com\/cs\/wp-json\/wp\/v2\/product_tag?post=39014"}],"curies":[{"name":"wp","href":"https:\/\/api.w.org\/{rel}","templated":true}]}}