{"id":39029,"date":"2024-09-04T10:57:16","date_gmt":"2024-09-04T10:57:16","guid":{"rendered":"https:\/\/mypalmleaf.com\/prices\/konkretni-mantra-yantra-pooja-provedena-pro-vas-v-indii\/"},"modified":"2025-04-21T09:08:08","modified_gmt":"2025-04-21T09:08:08","slug":"konkretni-mantra-yantra-pooja-provedena-pro-vas-v-indii","status":"publish","type":"product","link":"https:\/\/mypalmleaf.com\/cs\/prices\/konkretni-mantra-yantra-pooja-provedena-pro-vas-v-indii\/","title":{"rendered":"Konkr\u00e9tn\u00ed mantra yantra pooja proveden\u00e1 pro v\u00e1s v Indii"},"content":{"rendered":"<p>Na z\u00e1klad\u011b doporu\u010den\u00ed, kter\u00e9 v\u00e1m dali ri\u0161iov\u00e9 p\u0159i \u010dten\u00ed z palmov\u00fdch list\u016f, pro v\u00e1s kn\u011bz v indick\u00e9m chr\u00e1mu provede velmi specifick\u00fd ob\u0159ad.<\/p>\n<p>Ritu\u00e1l provede dvakr\u00e1t denn\u011b, p\u0159i\u010dem\u017e se bude modlit specifick\u00e9 modlitby a mantry, aby tyto energie a po\u017eehn\u00e1n\u00ed p\u0159ivolal do va\u0161eho \u017eivota.<\/p>\n<p>B\u011bhem ritu\u00e1lu bude m\u011bd\u011bn\u00e1 jantra (posv\u00e1tn\u00fd geometrick\u00fd diagram) nabita energi\u00ed ritu\u00e1lu a po jeho skon\u010den\u00ed v\u00e1m bude zasl\u00e1na.<\/p>\n","protected":false},"excerpt":{"rendered":"<p>Na z\u00e1klad\u011b doporu\u010den\u00ed, kter\u00e9 v\u00e1m daj\u00ed ri\u0161iov\u00e9 p\u0159i \u010dten\u00ed z palmov\u00fdch list\u016f, pro v\u00e1s kn\u011bz v indick\u00e9m chr\u00e1mu vykon\u00e1 velmi specifick\u00fd ob\u0159ad&#8230;<\/p>\n","protected":false},"featured_media":3172,"comment_status":"open","ping_status":"closed","template":"","meta":{"_acf_changed":false},"product_brand":[],"product_cat":[354],"product_tag":[],"class_list":{"0":"post-39029","1":"product","2":"type-product","3":"status-publish","4":"has-post-thumbnail","6":"product_cat-nezarazene","8":"first","9":"instock","10":"purchasable","11":"product-type-variable"},"exclude_global_add_ons":[],"addons":[],"acf":[],"yoast_head":"<!-- This site is optimized with the Yoast SEO plugin v26.4 - https:\/\/yoast.com\/wordpress\/plugins\/seo\/ -->\n<title>Konkr\u00e9tn\u00ed mantra yantra pooja proveden\u00e1 pro v\u00e1s v Indii - My Palm Leaf<\/title>\n<meta name=\"description\" content=\"Z\u00edskejte osobn\u00ed mantru, jantru nebo p\u00fad\u017eu provedenou v Indii. Tyto posv\u00e1tn\u00e9 praktiky vyrovn\u00e1vaj\u00ed energie a vedou v\u00e1s na duchovn\u00ed cest\u011b k harmonii a rovnov\u00e1ze.\" \/>\n<meta name=\"robots\" content=\"index, follow, max-snippet:-1, max-image-preview:large, max-video-preview:-1\" \/>\n<link rel=\"canonical\" href=\"https:\/\/mypalmleaf.com\/prices\/specific-mantra-yantra-pooja-performed-for-you-in-india\/\" \/>\n<meta property=\"og:locale\" content=\"cs_CZ\" \/>\n<meta property=\"og:type\" content=\"article\" \/>\n<meta property=\"og:title\" content=\"Konkr\u00e9tn\u00ed mantra yantra pooja proveden\u00e1 pro v\u00e1s v Indii - My Palm Leaf\" \/>\n<meta property=\"og:description\" content=\"Z\u00edskejte osobn\u00ed mantru, jantru nebo p\u00fad\u017eu provedenou v Indii. Tyto posv\u00e1tn\u00e9 praktiky vyrovn\u00e1vaj\u00ed energie a vedou v\u00e1s na duchovn\u00ed cest\u011b k harmonii a rovnov\u00e1ze.\" \/>\n<meta property=\"og:url\" content=\"https:\/\/mypalmleaf.com\/prices\/specific-mantra-yantra-pooja-performed-for-you-in-india\/\" \/>\n<meta property=\"og:site_name\" content=\"My Palm Leaf\" \/>\n<meta property=\"article:modified_time\" content=\"2025-04-21T09:08:08+00:00\" \/>\n<meta property=\"og:image\" content=\"https:\/\/mypalmleaf.com\/wp-content\/uploads\/2024\/09\/mantra-product-page-1-1.jpg\" \/>\n\t<meta property=\"og:image:width\" content=\"800\" \/>\n\t<meta property=\"og:image:height\" content=\"444\" \/>\n\t<meta property=\"og:image:type\" content=\"image\/jpeg\" \/>\n<meta name=\"twitter:card\" content=\"summary_large_image\" \/>\n<meta name=\"twitter:label1\" content=\"Odhadovan\u00e1 doba \u010dten\u00ed\" \/>\n\t<meta name=\"twitter:data1\" content=\"1 minuta\" \/>\n<script type=\"application\/ld+json\" class=\"yoast-schema-graph\">{\"@context\":\"https:\/\/schema.org\",\"@graph\":[{\"@type\":\"WebPage\",\"@id\":\"https:\/\/mypalmleaf.com\/prices\/specific-mantra-yantra-pooja-performed-for-you-in-india\/\",\"url\":\"https:\/\/mypalmleaf.com\/prices\/specific-mantra-yantra-pooja-performed-for-you-in-india\/\",\"name\":\"Konkr\u00e9tn\u00ed mantra yantra pooja proveden\u00e1 pro v\u00e1s v Indii - My Palm Leaf\",\"isPartOf\":{\"@id\":\"https:\/\/mypalmleaf.com\/#website\"},\"primaryImageOfPage\":{\"@id\":\"https:\/\/mypalmleaf.com\/prices\/specific-mantra-yantra-pooja-performed-for-you-in-india\/#primaryimage\"},\"image\":{\"@id\":\"https:\/\/mypalmleaf.com\/prices\/specific-mantra-yantra-pooja-performed-for-you-in-india\/#primaryimage\"},\"thumbnailUrl\":\"https:\/\/mypalmleaf.com\/wp-content\/uploads\/2024\/09\/mantra-product-page-1-1.jpg\",\"datePublished\":\"2024-09-04T10:57:16+00:00\",\"dateModified\":\"2025-04-21T09:08:08+00:00\",\"description\":\"Z\u00edskejte osobn\u00ed mantru, jantru nebo p\u00fad\u017eu provedenou v Indii. Tyto posv\u00e1tn\u00e9 praktiky vyrovn\u00e1vaj\u00ed energie a vedou v\u00e1s na duchovn\u00ed cest\u011b k harmonii a rovnov\u00e1ze.\",\"breadcrumb\":{\"@id\":\"https:\/\/mypalmleaf.com\/prices\/specific-mantra-yantra-pooja-performed-for-you-in-india\/#breadcrumb\"},\"inLanguage\":\"cs\",\"potentialAction\":[{\"@type\":\"ReadAction\",\"target\":[\"https:\/\/mypalmleaf.com\/prices\/specific-mantra-yantra-pooja-performed-for-you-in-india\/\"]}]},{\"@type\":\"ImageObject\",\"inLanguage\":\"cs\",\"@id\":\"https:\/\/mypalmleaf.com\/prices\/specific-mantra-yantra-pooja-performed-for-you-in-india\/#primaryimage\",\"url\":\"https:\/\/mypalmleaf.com\/wp-content\/uploads\/2024\/09\/mantra-product-page-1-1.jpg\",\"contentUrl\":\"https:\/\/mypalmleaf.com\/wp-content\/uploads\/2024\/09\/mantra-product-page-1-1.jpg\",\"width\":800,\"height\":444,\"caption\":\"Homa procedure-2\"},{\"@type\":\"BreadcrumbList\",\"@id\":\"https:\/\/mypalmleaf.com\/prices\/specific-mantra-yantra-pooja-performed-for-you-in-india\/#breadcrumb\",\"itemListElement\":[{\"@type\":\"ListItem\",\"position\":1,\"name\":\"Home\",\"item\":\"https:\/\/mypalmleaf.com\/cs\/\"},{\"@type\":\"ListItem\",\"position\":2,\"name\":\"Shop\",\"item\":\"https:\/\/mypalmleaf.com\/et\/shop\/\"},{\"@type\":\"ListItem\",\"position\":3,\"name\":\"Konkr\u00e9tn\u00ed mantra yantra pooja proveden\u00e1 pro v\u00e1s v Indii\"}]},{\"@type\":\"WebSite\",\"@id\":\"https:\/\/mypalmleaf.com\/#website\",\"url\":\"https:\/\/mypalmleaf.com\/\",\"name\":\"My Palm Leaf\",\"description\":\"\",\"potentialAction\":[{\"@type\":\"SearchAction\",\"target\":{\"@type\":\"EntryPoint\",\"urlTemplate\":\"https:\/\/mypalmleaf.com\/?s={search_term_string}\"},\"query-input\":{\"@type\":\"PropertyValueSpecification\",\"valueRequired\":true,\"valueName\":\"search_term_string\"}}],\"inLanguage\":\"cs\"}]}<\/script>\n<!-- \/ Yoast SEO plugin. -->","yoast_head_json":{"title":"Konkr\u00e9tn\u00ed mantra yantra pooja proveden\u00e1 pro v\u00e1s v Indii - My Palm Leaf","description":"Z\u00edskejte osobn\u00ed mantru, jantru nebo p\u00fad\u017eu provedenou v Indii. Tyto posv\u00e1tn\u00e9 praktiky vyrovn\u00e1vaj\u00ed energie a vedou v\u00e1s na duchovn\u00ed cest\u011b k harmonii a rovnov\u00e1ze.","robots":{"index":"index","follow":"follow","max-snippet":"max-snippet:-1","max-image-preview":"max-image-preview:large","max-video-preview":"max-video-preview:-1"},"canonical":"https:\/\/mypalmleaf.com\/prices\/specific-mantra-yantra-pooja-performed-for-you-in-india\/","og_locale":"cs_CZ","og_type":"article","og_title":"Konkr\u00e9tn\u00ed mantra yantra pooja proveden\u00e1 pro v\u00e1s v Indii - My Palm Leaf","og_description":"Z\u00edskejte osobn\u00ed mantru, jantru nebo p\u00fad\u017eu provedenou v Indii. Tyto posv\u00e1tn\u00e9 praktiky vyrovn\u00e1vaj\u00ed energie a vedou v\u00e1s na duchovn\u00ed cest\u011b k harmonii a rovnov\u00e1ze.","og_url":"https:\/\/mypalmleaf.com\/prices\/specific-mantra-yantra-pooja-performed-for-you-in-india\/","og_site_name":"My Palm Leaf","article_modified_time":"2025-04-21T09:08:08+00:00","og_image":[{"width":800,"height":444,"url":"https:\/\/mypalmleaf.com\/wp-content\/uploads\/2024\/09\/mantra-product-page-1-1.jpg","type":"image\/jpeg"}],"twitter_card":"summary_large_image","twitter_misc":{"Odhadovan\u00e1 doba \u010dten\u00ed":"1 minuta"},"schema":{"@context":"https:\/\/schema.org","@graph":[{"@type":"WebPage","@id":"https:\/\/mypalmleaf.com\/prices\/specific-mantra-yantra-pooja-performed-for-you-in-india\/","url":"https:\/\/mypalmleaf.com\/prices\/specific-mantra-yantra-pooja-performed-for-you-in-india\/","name":"Konkr\u00e9tn\u00ed mantra yantra pooja proveden\u00e1 pro v\u00e1s v Indii - My Palm Leaf","isPartOf":{"@id":"https:\/\/mypalmleaf.com\/#website"},"primaryImageOfPage":{"@id":"https:\/\/mypalmleaf.com\/prices\/specific-mantra-yantra-pooja-performed-for-you-in-india\/#primaryimage"},"image":{"@id":"https:\/\/mypalmleaf.com\/prices\/specific-mantra-yantra-pooja-performed-for-you-in-india\/#primaryimage"},"thumbnailUrl":"https:\/\/mypalmleaf.com\/wp-content\/uploads\/2024\/09\/mantra-product-page-1-1.jpg","datePublished":"2024-09-04T10:57:16+00:00","dateModified":"2025-04-21T09:08:08+00:00","description":"Z\u00edskejte osobn\u00ed mantru, jantru nebo p\u00fad\u017eu provedenou v Indii. Tyto posv\u00e1tn\u00e9 praktiky vyrovn\u00e1vaj\u00ed energie a vedou v\u00e1s na duchovn\u00ed cest\u011b k harmonii a rovnov\u00e1ze.","breadcrumb":{"@id":"https:\/\/mypalmleaf.com\/prices\/specific-mantra-yantra-pooja-performed-for-you-in-india\/#breadcrumb"},"inLanguage":"cs","potentialAction":[{"@type":"ReadAction","target":["https:\/\/mypalmleaf.com\/prices\/specific-mantra-yantra-pooja-performed-for-you-in-india\/"]}]},{"@type":"ImageObject","inLanguage":"cs","@id":"https:\/\/mypalmleaf.com\/prices\/specific-mantra-yantra-pooja-performed-for-you-in-india\/#primaryimage","url":"https:\/\/mypalmleaf.com\/wp-content\/uploads\/2024\/09\/mantra-product-page-1-1.jpg","contentUrl":"https:\/\/mypalmleaf.com\/wp-content\/uploads\/2024\/09\/mantra-product-page-1-1.jpg","width":800,"height":444,"caption":"Homa procedure-2"},{"@type":"BreadcrumbList","@id":"https:\/\/mypalmleaf.com\/prices\/specific-mantra-yantra-pooja-performed-for-you-in-india\/#breadcrumb","itemListElement":[{"@type":"ListItem","position":1,"name":"Home","item":"https:\/\/mypalmleaf.com\/cs\/"},{"@type":"ListItem","position":2,"name":"Shop","item":"https:\/\/mypalmleaf.com\/et\/shop\/"},{"@type":"ListItem","position":3,"name":"Konkr\u00e9tn\u00ed mantra yantra pooja proveden\u00e1 pro v\u00e1s v Indii"}]},{"@type":"WebSite","@id":"https:\/\/mypalmleaf.com\/#website","url":"https:\/\/mypalmleaf.com\/","name":"My Palm Leaf","description":"","potentialAction":[{"@type":"SearchAction","target":{"@type":"EntryPoint","urlTemplate":"https:\/\/mypalmleaf.com\/?s={search_term_string}"},"query-input":{"@type":"PropertyValueSpecification","valueRequired":true,"valueName":"search_term_string"}}],"inLanguage":"cs"}]}},"_links":{"self":[{"href":"https:\/\/mypalmleaf.com\/cs\/wp-json\/wp\/v2\/product\/39029","targetHints":{"allow":["GET"]}}],"collection":[{"href":"https:\/\/mypalmleaf.com\/cs\/wp-json\/wp\/v2\/product"}],"about":[{"href":"https:\/\/mypalmleaf.com\/cs\/wp-json\/wp\/v2\/types\/product"}],"replies":[{"embeddable":true,"href":"https:\/\/mypalmleaf.com\/cs\/wp-json\/wp\/v2\/comments?post=39029"}],"wp:featuredmedia":[{"embeddable":true,"href":"https:\/\/mypalmleaf.com\/cs\/wp-json\/wp\/v2\/media\/3172"}],"wp:attachment":[{"href":"https:\/\/mypalmleaf.com\/cs\/wp-json\/wp\/v2\/media?parent=39029"}],"wp:term":[{"taxonomy":"product_brand","embeddable":true,"href":"https:\/\/mypalmleaf.com\/cs\/wp-json\/wp\/v2\/product_brand?post=39029"},{"taxonomy":"product_cat","embeddable":true,"href":"https:\/\/mypalmleaf.com\/cs\/wp-json\/wp\/v2\/product_cat?post=39029"},{"taxonomy":"product_tag","embeddable":true,"href":"https:\/\/mypalmleaf.com\/cs\/wp-json\/wp\/v2\/product_tag?post=39029"}],"curies":[{"name":"wp","href":"https:\/\/api.w.org\/{rel}","templated":true}]}}