{"id":39087,"date":"2024-09-04T10:57:26","date_gmt":"2024-09-04T10:57:26","guid":{"rendered":"https:\/\/mypalmleaf.com\/prices\/doplnkova-cetba-ke-kapitole\/"},"modified":"2025-10-09T16:10:22","modified_gmt":"2025-10-09T16:10:22","slug":"doplnkova-cetba-ke-kapitole","status":"publish","type":"product","link":"https:\/\/mypalmleaf.com\/cs\/prices\/doplnkova-cetba-ke-kapitole\/","title":{"rendered":"Dal\u0161\u00ed kapitoly na Mypalmleaf"},"content":{"rendered":"<div class=\"description\">\n<p><strong>Slu\u017eba zahrnuje<\/strong><\/p>\n<ul>\n<li>\u010cten\u00ed vybran\u00fdch kapitol z knihovny palmov\u00fdch list\u016f<\/li>\n<li>Moderov\u00e1n\u00ed \u010dten\u00ed moder\u00e1torem MPL<\/li>\n<li>Z\u00e1znam videa<\/li>\n<\/ul>\n<\/div>\n<div class=\"additional-addons-wrap\">\n<p>Palmov\u00e9 listy obsahuj\u00ed a\u017e 17 kapitol, z nich\u017e ka\u017ed\u00e1 je v\u011bnov\u00e1na ur\u010dit\u00e9mu t\u00e9matu ze \u017eivota \u010dlov\u011bka.<\/p>\n<p>Obecn\u00e1 kapitola je sou\u010d\u00e1st\u00ed \u010dten\u00ed, tak\u017ee dal\u0161\u00ed kapitoly lze <strong>\u010d\u00edst a\u017e po<\/strong> absolvov\u00e1n\u00ed \u010dten\u00ed obecn\u00e9 kapitoly.<\/p>\n<p>Je\u0161t\u011b jste neabsolvovali \u010dten\u00ed obecn\u00e9 kapitoly? <a class=\"fw-bold text-body\" href=\"https:\/\/mypalmleaf.com\/cs\/prices\/hledani-listu-obecne-cteni-kapitol\/\">Z\u00edskejte ji zde<\/a>.<\/p>\n<p>N\u00ed\u017ee si m\u016f\u017eete vybrat slu\u017ebu \u010dten\u00ed libovoln\u00e9 dal\u0161\u00ed kapitoly.<\/p>\n<p>Zvl\u00e1\u0161tn\u00ed kapitoly jsou del\u0161\u00ed a podrobn\u011bj\u0161\u00ed ne\u017e b\u011b\u017en\u00e9 kapitoly.<\/p>\n<\/div>\n","protected":false},"excerpt":{"rendered":"<p><strong>Slu\u017eba zahrnuje<\/strong><\/p>\n<ul>\n<li>\u010cten\u00ed vybran\u00fdch kapitol z knihovny palmov\u00fdch list\u016f<\/li>\n<li>Moderov\u00e1n\u00ed \u010dten\u00ed moder\u00e1torem MPL&#8230;<\/li>\n<\/ul>\n","protected":false},"featured_media":9814,"comment_status":"open","ping_status":"closed","template":"","meta":{"_acf_changed":false},"product_brand":[],"product_cat":[354],"product_tag":[],"class_list":{"0":"post-39087","1":"product","2":"type-product","3":"status-publish","4":"has-post-thumbnail","6":"product_cat-nezarazene","8":"first","9":"instock","10":"virtual","11":"taxable","12":"purchasable","13":"product-type-simple"},"exclude_global_add_ons":false,"addons":[{"name":"Kapitoly","type":"checkbox","position":0,"required":false,"title_format":"label","description_enable":true,"description":"kapitoly","placeholder_enable":false,"placeholder":null,"display":"select","restrictions_type":"any_text","adjust_price":false,"price":"","price_type":"flat_fee","restrictions":false,"min":0,"max":0,"options":[{"label":"1. Obecn\u00e1 kapitola (to u\u017e jste sly\u0161eli v Obecn\u00e9 \u010detb\u011b)","price":"","price_type":"flat_fee","image":0},{"label":"2. Vzd\u011bl\u00e1n\u00ed a bohatstv\u00ed","price":"79","price_type":"flat_fee","image":0},{"label":"3. Sourozenci","price":"79","price_type":"flat_fee","image":0},{"label":"4. Va\u0161e matka, materi\u00e1ln\u00ed aspekty, jako je d\u016fm, pozemek, vozidla a materi\u00e1ln\u00ed pohodl\u00ed.","price":"79","price_type":"flat_fee","image":0},{"label":"5. D\u011bti","price":"79","price_type":"flat_fee","image":0},{"label":"6. Nep\u0159\u00e1tel\u00e9 a nemoci","price":"79","price_type":"flat_fee","image":0},{"label":"7. Man\u017eelstv\u00ed\/vztahy","price":"79","price_type":"flat_fee","image":0},{"label":"8. \u017divotnost","price":"79","price_type":"flat_fee","image":0},{"label":"9. V\u00e1\u0161 otec a va\u0161e duchovn\u00ed cesta","price":"79","price_type":"flat_fee","image":0},{"label":"10. Kari\u00e9ra\/pr\u00e1ce\/podnik\u00e1n\u00ed","price":"79","price_type":"flat_fee","image":0},{"label":"11. \u0160t\u011bst\u00ed, zisky, potenci\u00e1ln\u00ed druh\u00e9 man\u017eelstv\u00ed","price":"79","price_type":"flat_fee","image":0},{"label":"12. Zahrani\u010dn\u00ed spojen\u00ed a dal\u0161\u00ed inkarnace","price":"79","price_type":"flat_fee","image":0},{"label":"13. P\u0159edchoz\u00ed narozen\u00ed a star\u00e1 karma","price":"79","price_type":"flat_fee","image":0},{"label":"14. Energetick\u00e9 prost\u0159edky pro zlep\u0161en\u00ed va\u0161\u00ed \u017eivotn\u00ed cesty (to u\u017e jste sly\u0161eli v Obecn\u00e9m \u010dten\u00ed).","price":"","price_type":"flat_fee","image":0},{"label":"15. \u00c1jurv\u00e9dsk\u00e1 medic\u00edna","price":"130","price_type":"flat_fee","image":0},{"label":"16. Duchovn\u00ed rozvoj","price":"130","price_type":"flat_fee","image":0},{"label":"17. Aktu\u00e1ln\u00ed planet\u00e1rn\u00ed efekty","price":"130","price_type":"flat_fee","image":0}],"id":1725236907},{"name":"P\u0159eklad na kapitolu","type":"checkbox","position":1,"required":false,"title_format":"label","description_enable":true,"description":"p\u0159eklad","placeholder_enable":false,"placeholder":null,"display":"select","restrictions_type":"any_text","adjust_price":false,"price":"","price_type":"flat_fee","restrictions":false,"min":0,"max":0,"options":[{"label":"Angli\u010dtina","price":"","price_type":"flat_fee","image":0},{"label":"N\u011bm\u010dina","price":"12","price_type":"flat_fee","image":0},{"label":"Rusk\u00fd","price":"12","price_type":"flat_fee","image":0},{"label":"Japonsk\u00fd","price":"12","price_type":"flat_fee","image":0},{"label":"Italsk\u00fd","price":"12","price_type":"flat_fee","image":0},{"label":"Francouz\u0161tina","price":"12","price_type":"flat_fee","image":0},{"label":"\u0160pan\u011bl\u0161tina","price":"12","price_type":"flat_fee","image":0},{"label":"Holandsk\u00fd","price":"12","price_type":"flat_fee","image":0},{"label":"Ostatn\u00ed","price":"12","price_type":"flat_fee","image":0}],"id":1725236908},{"name":"P\u0159epis na kapitolu","type":"checkbox","position":2,"required":false,"title_format":"label","description_enable":true,"description":"p\u0159epis","placeholder_enable":false,"placeholder":null,"display":"select","restrictions_type":"any_text","adjust_price":false,"price":"","price_type":"flat_fee","restrictions":false,"min":0,"max":0,"options":[{"label":"Angli\u010dtina","price":"18","price_type":"flat_fee","image":0},{"label":"N\u011bm\u010dina","price":"27","price_type":"flat_fee","image":0},{"label":"Rusk\u00fd","price":"27","price_type":"flat_fee","image":0},{"label":"Japonsk\u00fd","price":"27","price_type":"flat_fee","image":0},{"label":"Italsk\u00fd","price":"27","price_type":"flat_fee","image":0},{"label":"Francouz\u0161tina","price":"27","price_type":"flat_fee","image":0},{"label":"\u0160pan\u011bl\u0161tina","price":"27","price_type":"flat_fee","image":0},{"label":"Holandsk\u00fd","price":"27","price_type":"flat_fee","image":0},{"label":"Ostatn\u00ed","price":"27","price_type":"flat_fee","image":0}],"id":1725236909}],"acf":[],"yoast_head":"<!-- This site is optimized with the Yoast SEO plugin v26.4 - https:\/\/yoast.com\/wordpress\/plugins\/seo\/ -->\n<title>\u010cten\u00ed dal\u0161\u00edch kapitol | My Palm Leaf - od 79 \u20ac<\/title>\n<meta name=\"description\" content=\"Prozkoumejte hlub\u0161\u00ed vhledy d\u00edky dal\u0161\u00edm kapitol\u00e1m o palmov\u00fdch listech. Z\u00edskejte jasno v ot\u00e1zk\u00e1ch l\u00e1sky, kari\u00e9ry a \u017eivotn\u00ed cesty. Objednejte si osobn\u00ed v\u00fdklad je\u0161t\u011b dnes na str\u00e1nk\u00e1ch M\u016fj list na dlani!\" \/>\n<meta name=\"robots\" content=\"index, follow, max-snippet:-1, max-image-preview:large, max-video-preview:-1\" \/>\n<link rel=\"canonical\" href=\"https:\/\/mypalmleaf.com\/cs\/prices\/doplnkova-cetba-ke-kapitole\/\" \/>\n<meta property=\"og:locale\" content=\"cs_CZ\" \/>\n<meta property=\"og:type\" content=\"article\" \/>\n<meta property=\"og:title\" content=\"\u010cten\u00ed dal\u0161\u00edch kapitol | My Palm Leaf - od 79 \u20ac\" \/>\n<meta property=\"og:description\" content=\"Prozkoumejte hlub\u0161\u00ed vhledy d\u00edky dal\u0161\u00edm kapitol\u00e1m o palmov\u00fdch listech. Z\u00edskejte jasno v ot\u00e1zk\u00e1ch l\u00e1sky, kari\u00e9ry a \u017eivotn\u00ed cesty. Objednejte si osobn\u00ed v\u00fdklad je\u0161t\u011b dnes na str\u00e1nk\u00e1ch M\u016fj list na dlani!\" \/>\n<meta property=\"og:url\" content=\"https:\/\/mypalmleaf.com\/cs\/prices\/doplnkova-cetba-ke-kapitole\/\" \/>\n<meta property=\"og:site_name\" content=\"My Palm Leaf\" \/>\n<meta property=\"article:modified_time\" content=\"2025-10-09T16:10:22+00:00\" \/>\n<meta property=\"og:image\" content=\"https:\/\/mypalmleaf.com\/wp-content\/uploads\/2024\/09\/services-thumb-2.jpg\" \/>\n\t<meta property=\"og:image:width\" content=\"800\" \/>\n\t<meta property=\"og:image:height\" content=\"444\" \/>\n\t<meta property=\"og:image:type\" content=\"image\/jpeg\" \/>\n<meta name=\"twitter:card\" content=\"summary_large_image\" \/>\n<meta name=\"twitter:label1\" content=\"Odhadovan\u00e1 doba \u010dten\u00ed\" \/>\n\t<meta name=\"twitter:data1\" content=\"1 minuta\" \/>\n<script type=\"application\/ld+json\" class=\"yoast-schema-graph\">{\"@context\":\"https:\/\/schema.org\",\"@graph\":[{\"@type\":\"WebPage\",\"@id\":\"https:\/\/mypalmleaf.com\/cs\/prices\/doplnkova-cetba-ke-kapitole\/\",\"url\":\"https:\/\/mypalmleaf.com\/cs\/prices\/doplnkova-cetba-ke-kapitole\/\",\"name\":\"\u010cten\u00ed dal\u0161\u00edch kapitol | My Palm Leaf - od 79 \u20ac\",\"isPartOf\":{\"@id\":\"https:\/\/mypalmleaf.com\/#website\"},\"primaryImageOfPage\":{\"@id\":\"https:\/\/mypalmleaf.com\/cs\/prices\/doplnkova-cetba-ke-kapitole\/#primaryimage\"},\"image\":{\"@id\":\"https:\/\/mypalmleaf.com\/cs\/prices\/doplnkova-cetba-ke-kapitole\/#primaryimage\"},\"thumbnailUrl\":\"https:\/\/mypalmleaf.com\/wp-content\/uploads\/2024\/09\/services-thumb-2.jpg\",\"datePublished\":\"2024-09-04T10:57:26+00:00\",\"dateModified\":\"2025-10-09T16:10:22+00:00\",\"description\":\"Prozkoumejte hlub\u0161\u00ed vhledy d\u00edky dal\u0161\u00edm kapitol\u00e1m o palmov\u00fdch listech. Z\u00edskejte jasno v ot\u00e1zk\u00e1ch l\u00e1sky, kari\u00e9ry a \u017eivotn\u00ed cesty. Objednejte si osobn\u00ed v\u00fdklad je\u0161t\u011b dnes na str\u00e1nk\u00e1ch M\u016fj list na dlani!\",\"breadcrumb\":{\"@id\":\"https:\/\/mypalmleaf.com\/cs\/prices\/doplnkova-cetba-ke-kapitole\/#breadcrumb\"},\"inLanguage\":\"cs\",\"potentialAction\":[{\"@type\":\"ReadAction\",\"target\":[\"https:\/\/mypalmleaf.com\/cs\/prices\/doplnkova-cetba-ke-kapitole\/\"]}]},{\"@type\":\"ImageObject\",\"inLanguage\":\"cs\",\"@id\":\"https:\/\/mypalmleaf.com\/cs\/prices\/doplnkova-cetba-ke-kapitole\/#primaryimage\",\"url\":\"https:\/\/mypalmleaf.com\/wp-content\/uploads\/2024\/09\/services-thumb-2.jpg\",\"contentUrl\":\"https:\/\/mypalmleaf.com\/wp-content\/uploads\/2024\/09\/services-thumb-2.jpg\",\"width\":800,\"height\":444,\"caption\":\"Palm leaves-548\"},{\"@type\":\"BreadcrumbList\",\"@id\":\"https:\/\/mypalmleaf.com\/cs\/prices\/doplnkova-cetba-ke-kapitole\/#breadcrumb\",\"itemListElement\":[{\"@type\":\"ListItem\",\"position\":1,\"name\":\"Home\",\"item\":\"https:\/\/mypalmleaf.com\/cs\/\"},{\"@type\":\"ListItem\",\"position\":2,\"name\":\"Shop\",\"item\":\"https:\/\/mypalmleaf.com\/et\/shop\/\"},{\"@type\":\"ListItem\",\"position\":3,\"name\":\"Dal\u0161\u00ed kapitoly na Mypalmleaf\"}]},{\"@type\":\"WebSite\",\"@id\":\"https:\/\/mypalmleaf.com\/#website\",\"url\":\"https:\/\/mypalmleaf.com\/\",\"name\":\"My Palm Leaf\",\"description\":\"\",\"potentialAction\":[{\"@type\":\"SearchAction\",\"target\":{\"@type\":\"EntryPoint\",\"urlTemplate\":\"https:\/\/mypalmleaf.com\/?s={search_term_string}\"},\"query-input\":{\"@type\":\"PropertyValueSpecification\",\"valueRequired\":true,\"valueName\":\"search_term_string\"}}],\"inLanguage\":\"cs\"}]}<\/script>\n<!-- \/ Yoast SEO plugin. -->","yoast_head_json":{"title":"\u010cten\u00ed dal\u0161\u00edch kapitol | My Palm Leaf - od 79 \u20ac","description":"Prozkoumejte hlub\u0161\u00ed vhledy d\u00edky dal\u0161\u00edm kapitol\u00e1m o palmov\u00fdch listech. Z\u00edskejte jasno v ot\u00e1zk\u00e1ch l\u00e1sky, kari\u00e9ry a \u017eivotn\u00ed cesty. Objednejte si osobn\u00ed v\u00fdklad je\u0161t\u011b dnes na str\u00e1nk\u00e1ch M\u016fj list na dlani!","robots":{"index":"index","follow":"follow","max-snippet":"max-snippet:-1","max-image-preview":"max-image-preview:large","max-video-preview":"max-video-preview:-1"},"canonical":"https:\/\/mypalmleaf.com\/cs\/prices\/doplnkova-cetba-ke-kapitole\/","og_locale":"cs_CZ","og_type":"article","og_title":"\u010cten\u00ed dal\u0161\u00edch kapitol | My Palm Leaf - od 79 \u20ac","og_description":"Prozkoumejte hlub\u0161\u00ed vhledy d\u00edky dal\u0161\u00edm kapitol\u00e1m o palmov\u00fdch listech. Z\u00edskejte jasno v ot\u00e1zk\u00e1ch l\u00e1sky, kari\u00e9ry a \u017eivotn\u00ed cesty. Objednejte si osobn\u00ed v\u00fdklad je\u0161t\u011b dnes na str\u00e1nk\u00e1ch M\u016fj list na dlani!","og_url":"https:\/\/mypalmleaf.com\/cs\/prices\/doplnkova-cetba-ke-kapitole\/","og_site_name":"My Palm Leaf","article_modified_time":"2025-10-09T16:10:22+00:00","og_image":[{"width":800,"height":444,"url":"https:\/\/mypalmleaf.com\/wp-content\/uploads\/2024\/09\/services-thumb-2.jpg","type":"image\/jpeg"}],"twitter_card":"summary_large_image","twitter_misc":{"Odhadovan\u00e1 doba \u010dten\u00ed":"1 minuta"},"schema":{"@context":"https:\/\/schema.org","@graph":[{"@type":"WebPage","@id":"https:\/\/mypalmleaf.com\/cs\/prices\/doplnkova-cetba-ke-kapitole\/","url":"https:\/\/mypalmleaf.com\/cs\/prices\/doplnkova-cetba-ke-kapitole\/","name":"\u010cten\u00ed dal\u0161\u00edch kapitol | My Palm Leaf - od 79 \u20ac","isPartOf":{"@id":"https:\/\/mypalmleaf.com\/#website"},"primaryImageOfPage":{"@id":"https:\/\/mypalmleaf.com\/cs\/prices\/doplnkova-cetba-ke-kapitole\/#primaryimage"},"image":{"@id":"https:\/\/mypalmleaf.com\/cs\/prices\/doplnkova-cetba-ke-kapitole\/#primaryimage"},"thumbnailUrl":"https:\/\/mypalmleaf.com\/wp-content\/uploads\/2024\/09\/services-thumb-2.jpg","datePublished":"2024-09-04T10:57:26+00:00","dateModified":"2025-10-09T16:10:22+00:00","description":"Prozkoumejte hlub\u0161\u00ed vhledy d\u00edky dal\u0161\u00edm kapitol\u00e1m o palmov\u00fdch listech. Z\u00edskejte jasno v ot\u00e1zk\u00e1ch l\u00e1sky, kari\u00e9ry a \u017eivotn\u00ed cesty. Objednejte si osobn\u00ed v\u00fdklad je\u0161t\u011b dnes na str\u00e1nk\u00e1ch M\u016fj list na dlani!","breadcrumb":{"@id":"https:\/\/mypalmleaf.com\/cs\/prices\/doplnkova-cetba-ke-kapitole\/#breadcrumb"},"inLanguage":"cs","potentialAction":[{"@type":"ReadAction","target":["https:\/\/mypalmleaf.com\/cs\/prices\/doplnkova-cetba-ke-kapitole\/"]}]},{"@type":"ImageObject","inLanguage":"cs","@id":"https:\/\/mypalmleaf.com\/cs\/prices\/doplnkova-cetba-ke-kapitole\/#primaryimage","url":"https:\/\/mypalmleaf.com\/wp-content\/uploads\/2024\/09\/services-thumb-2.jpg","contentUrl":"https:\/\/mypalmleaf.com\/wp-content\/uploads\/2024\/09\/services-thumb-2.jpg","width":800,"height":444,"caption":"Palm leaves-548"},{"@type":"BreadcrumbList","@id":"https:\/\/mypalmleaf.com\/cs\/prices\/doplnkova-cetba-ke-kapitole\/#breadcrumb","itemListElement":[{"@type":"ListItem","position":1,"name":"Home","item":"https:\/\/mypalmleaf.com\/cs\/"},{"@type":"ListItem","position":2,"name":"Shop","item":"https:\/\/mypalmleaf.com\/et\/shop\/"},{"@type":"ListItem","position":3,"name":"Dal\u0161\u00ed kapitoly na Mypalmleaf"}]},{"@type":"WebSite","@id":"https:\/\/mypalmleaf.com\/#website","url":"https:\/\/mypalmleaf.com\/","name":"My Palm Leaf","description":"","potentialAction":[{"@type":"SearchAction","target":{"@type":"EntryPoint","urlTemplate":"https:\/\/mypalmleaf.com\/?s={search_term_string}"},"query-input":{"@type":"PropertyValueSpecification","valueRequired":true,"valueName":"search_term_string"}}],"inLanguage":"cs"}]}},"_links":{"self":[{"href":"https:\/\/mypalmleaf.com\/cs\/wp-json\/wp\/v2\/product\/39087","targetHints":{"allow":["GET"]}}],"collection":[{"href":"https:\/\/mypalmleaf.com\/cs\/wp-json\/wp\/v2\/product"}],"about":[{"href":"https:\/\/mypalmleaf.com\/cs\/wp-json\/wp\/v2\/types\/product"}],"replies":[{"embeddable":true,"href":"https:\/\/mypalmleaf.com\/cs\/wp-json\/wp\/v2\/comments?post=39087"}],"wp:featuredmedia":[{"embeddable":true,"href":"https:\/\/mypalmleaf.com\/cs\/wp-json\/wp\/v2\/media\/9814"}],"wp:attachment":[{"href":"https:\/\/mypalmleaf.com\/cs\/wp-json\/wp\/v2\/media?parent=39087"}],"wp:term":[{"taxonomy":"product_brand","embeddable":true,"href":"https:\/\/mypalmleaf.com\/cs\/wp-json\/wp\/v2\/product_brand?post=39087"},{"taxonomy":"product_cat","embeddable":true,"href":"https:\/\/mypalmleaf.com\/cs\/wp-json\/wp\/v2\/product_cat?post=39087"},{"taxonomy":"product_tag","embeddable":true,"href":"https:\/\/mypalmleaf.com\/cs\/wp-json\/wp\/v2\/product_tag?post=39087"}],"curies":[{"name":"wp","href":"https:\/\/api.w.org\/{rel}","templated":true}]}}