
{"id":125532,"date":"2025-05-13T16:30:28","date_gmt":"2025-05-13T16:30:28","guid":{"rendered":"https:\/\/mypalmleaf.com\/qa-om-haandbladslaesninger\/"},"modified":"2026-02-22T02:41:58","modified_gmt":"2026-02-22T02:41:58","slug":"qa-om-haandbladslaesninger","status":"publish","type":"page","link":"https:\/\/mypalmleaf.com\/da\/qa-om-haandbladslaesninger\/","title":{"rendered":"Q+A om h\u00e5ndbladsl\u00e6sninger"},"content":{"rendered":"\n<div class=\"container py-5 mt-4\">\n    <h1 class=\"fw-bold my-3\">Aften med sp\u00f8rgsm\u00e5l og svar: Dine sp\u00f8rgsm\u00e5l om palmeblade<\/h1>\n    <p class=\"text-muted fs-5 mb-5\">Er du nysgerrig p\u00e5 palmebladenes mystiske verden? Vil du l\u00e6re mere om betydningen af Palm Leaf-l\u00e6sninger? S\u00e5 inviterer jeg dig varmt til at deltage i vores Q&#038;A-aften!  <\/p>\n\n    <div class=\"row align-items-center mb-5 py-4\" style=\"border-bottom: 2px solid #a0a0a0; border-top: 2px solid #a0a0a0;\">\n      <div class=\"col-md-3 text-center\">\n        <img decoding=\"async\" src=\"\/wp-content\/uploads\/2024\/08\/team-thumb-1.jpg\" alt=\"Stephan\" class=\"img-fluid rounded shadow\"\/>\n      <\/div>\n      <div class=\"col-md-9\">\n        <h5 class=\"fw-bold\">Om taleren: Stephan, grundl\u00e6gger af Mypalmleaf<\/h5>\n        <p>Q&#038;A-aftenen vil blive ledet af Stephan, grundl\u00e6ggeren af Mypalmleaf. Stephan er en erfaren ekspert i Palm Leaf-l\u00e6sning og Nadi-astrologi. Efter at have tilbragt flere \u00e5r i Indien og bes\u00f8gt over 30 Palm Leaf-l\u00e6sere har han udviklet en dyb forst\u00e5else af denne gamle tradition.  <\/p>\n        <p>Stephan br\u00e6nder for at g\u00f8re viden om h\u00e5ndbladsl\u00e6sninger og deres spirituelle betydning tilg\u00e6ngelig for alle. Under Q&#038;A-aftenen vil han med gl\u00e6de besvare sp\u00f8rgsm\u00e5l om dette fascinerende emne og dele ud af sine v\u00e6rdifulde erfaringer. <\/p>\n      <\/div>\n    <\/div>\n\n<div class=\"mb-4\">\n      <h3 class=\"fw-bold\">Stil sp\u00f8rgsm\u00e5l f\u00f8r eller efter din l\u00e6sning\n\n\n<\/h3>\n    <\/div>\n\n    <div class=\"mb-4\">\n      <p>Denne aften giver dig mulighed for at stille alle de sp\u00f8rgsm\u00e5l, du har om h\u00e5ndbladsl\u00e6sninger &#8211; enten f\u00f8r eller efter din egen l\u00e6sning. Alle er velkomne til at deltage og opdage, hvordan denne gamle visdom kan hj\u00e6lpe dig med at forst\u00e5 dit liv bedre. <\/p>\n    <\/div>\n\n    <div class=\"mb-4\">\n      <h5 class=\"fw-bold\">Hvor?<\/h5>\n      <p>Q&#038;A-aftenen finder sted online via Zoom.<\/p>\n    <\/div>\n\n    <div class=\"mb-4\">\n      <h5 class=\"fw-bold\">Hvorn\u00e5r?<\/h5>\n      <p id=\"qa-event-date\">N\u00e6ste Q&#038;A er den 4. marts kl. 19.00-19.30 (centraleurop\u00e6isk tid).<\/p>\n    <\/div>\n\n    <div class=\"mb-4\">\n      <h5 class=\"fw-bold\">Hvordan fungerer det?<\/h5>\n      <p><strong>\u00c5ben for alle:<\/strong> Du kan komme og g\u00e5 efter behov. Bare kom, n\u00e5r det passer dig! <br\/>       <strong>Stil sp\u00f8rgsm\u00e5l:<\/strong> Under arrangementet har du mulighed for at skrive dine sp\u00f8rgsm\u00e5l i chatten eller r\u00e6kke h\u00e5nden op for at tale med mig live. <br\/>     <strong>Kamera:<\/strong> Det foretr\u00e6kkes, at du t\u00e6nder dit kamera for at skabe en mere personlig atmosf\u00e6re. Is\u00e6r hvis du stiller et sp\u00f8rgsm\u00e5l, bedes du t\u00e6nde dit kamera.  <\/p>\n    <\/div>\n\n    <div class=\"mb-4\">\n      <h5 class=\"fw-bold\">Hvorfor skal du deltage?<\/h5>\n      <ul>\n        <li><strong>F\u00e5 mere at vide:<\/strong> Opdag betydningen af palmebladsl\u00e6sninger, Nadi-astrologi, og hvordan de kan lede dig i en positiv retning i livet.<\/li>\n        <li><strong>Stil dine sp\u00f8rgsm\u00e5l:<\/strong> Dette er din chance for at stille mig alle de sp\u00f8rgsm\u00e5l, du har om palmebladene og hele processen &#8211; direkte!<\/li>\n        <li><strong>F\u00e6llesskab:<\/strong> M\u00f8d andre, der er interesserede i Palm Leaf-l\u00e6sninger, og del dine tanker og erfaringer i et respektfuldt og \u00e5bent milj\u00f8.<\/li>\n      <\/ul>\n    <\/div>\n\n    <div class=\"mb-5\">\n      <h5 class=\"fw-bold\">Hvordan kan du deltage?<\/h5>\n      <p>Tilmeld dig og modtag Zoom-linket til begivenheden.  <br\/>  Log ind p\u00e5 det angivne tidspunkt, og v\u00e6r klar til at stille sp\u00f8rgsm\u00e5l eller bare lytte.  <br\/>  Du er velkommen til at komme og g\u00e5, som du vil.<\/p>\n      <p>Jeg gl\u00e6der mig til at se dig til Q&#038;A-aftenen og svare p\u00e5 alle dine sp\u00f8rgsm\u00e5l!<\/p>\n    <\/div>\n\n    <div class=\"text-center\">\n      <a href=\"https:\/\/calendly.com\/onlinemeditationroom\/palm-leaf-reading-q-a\" class=\"btn btn-primary btn-lg\">Jeg vil gerne deltage i Palm Leaf Q+A aftenen<\/a>\n    <\/div>\n  <\/div>\n\n<script>\ndocument.addEventListener(\"DOMContentLoaded\", function () {\n\n    const params = new URLSearchParams(window.location.search);\n    const eventDate = params.get(\"date\");\n\n    if (!eventDate) return;\n\n    const dateElement = document.getElementById(\"qa-event-date\");\n\n    dateElement.innerText =\n        `The next Q&A is on ${eventDate} 7:00\u20137:30 PM (Central European Time)`;\n\n});\n<\/script>\n","protected":false},"excerpt":{"rendered":"<p>Aften med sp\u00f8rgsm\u00e5l og svar: Dine sp\u00f8rgsm\u00e5l om palmeblade Er du nysgerrig p\u00e5 palmebladenes mystiske verden? Vil du l\u00e6re mere om betydningen af Palm Leaf-l\u00e6sninger? S\u00e5 inviterer jeg dig varmt til at deltage i vores Q&#038;A-aften! Om taleren: Stephan, grundl\u00e6gger af Mypalmleaf Q&#038;A-aftenen vil blive ledet af Stephan, grundl\u00e6ggeren af Mypalmleaf. Stephan er en erfaren [&hellip;]<\/p>\n","protected":false},"author":406,"featured_media":0,"parent":0,"menu_order":0,"comment_status":"closed","ping_status":"closed","template":"","meta":{"_acf_changed":false,"footnotes":""},"class_list":["post-125532","page","type-page","status-publish","hentry"],"acf":[],"yoast_head":"<!-- This site is optimized with the Yoast SEO plugin v26.4 - https:\/\/yoast.com\/wordpress\/plugins\/seo\/ -->\n<title>Q+A om h\u00e5ndbladsl\u00e6sninger - My Palm Leaf<\/title>\n<meta name=\"robots\" content=\"index, follow, max-snippet:-1, max-image-preview:large, max-video-preview:-1\" \/>\n<link rel=\"canonical\" href=\"https:\/\/mypalmleaf.com\/da\/qa-om-haandbladslaesninger\/\" \/>\n<meta property=\"og:locale\" content=\"da_DK\" \/>\n<meta property=\"og:type\" content=\"article\" \/>\n<meta property=\"og:title\" content=\"Q+A om h\u00e5ndbladsl\u00e6sninger - My Palm Leaf\" \/>\n<meta property=\"og:description\" content=\"Aften med sp\u00f8rgsm\u00e5l og svar: Dine sp\u00f8rgsm\u00e5l om palmeblade Er du nysgerrig p\u00e5 palmebladenes mystiske verden? Vil du l\u00e6re mere om betydningen af Palm Leaf-l\u00e6sninger? S\u00e5 inviterer jeg dig varmt til at deltage i vores Q&#038;A-aften! Om taleren: Stephan, grundl\u00e6gger af Mypalmleaf Q&#038;A-aftenen vil blive ledet af Stephan, grundl\u00e6ggeren af Mypalmleaf. Stephan er en erfaren [&hellip;]\" \/>\n<meta property=\"og:url\" content=\"https:\/\/mypalmleaf.com\/da\/qa-om-haandbladslaesninger\/\" \/>\n<meta property=\"og:site_name\" content=\"My Palm Leaf\" \/>\n<meta property=\"article:modified_time\" content=\"2026-02-22T02:41:58+00:00\" \/>\n<meta property=\"og:image\" content=\"https:\/\/mypalmleaf.com\/wp-content\/uploads\/2025\/08\/mpl-circle-logo.jpg\" \/>\n\t<meta property=\"og:image:width\" content=\"1200\" \/>\n\t<meta property=\"og:image:height\" content=\"1196\" \/>\n\t<meta property=\"og:image:type\" content=\"image\/jpeg\" \/>\n<meta name=\"twitter:card\" content=\"summary_large_image\" \/>\n<meta name=\"twitter:label1\" content=\"Estimeret l\u00e6setid\" \/>\n\t<meta name=\"twitter:data1\" content=\"2 minutter\" \/>\n<script type=\"application\/ld+json\" class=\"yoast-schema-graph\">{\"@context\":\"https:\/\/schema.org\",\"@graph\":[{\"@type\":\"WebPage\",\"@id\":\"https:\/\/mypalmleaf.com\/da\/qa-om-haandbladslaesninger\/\",\"url\":\"https:\/\/mypalmleaf.com\/da\/qa-om-haandbladslaesninger\/\",\"name\":\"Q+A om h\u00e5ndbladsl\u00e6sninger - My Palm Leaf\",\"isPartOf\":{\"@id\":\"https:\/\/mypalmleaf.com\/#website\"},\"datePublished\":\"2025-05-13T16:30:28+00:00\",\"dateModified\":\"2026-02-22T02:41:58+00:00\",\"breadcrumb\":{\"@id\":\"https:\/\/mypalmleaf.com\/da\/qa-om-haandbladslaesninger\/#breadcrumb\"},\"inLanguage\":\"da-DK\",\"potentialAction\":[{\"@type\":\"ReadAction\",\"target\":[\"https:\/\/mypalmleaf.com\/da\/qa-om-haandbladslaesninger\/\"]}]},{\"@type\":\"BreadcrumbList\",\"@id\":\"https:\/\/mypalmleaf.com\/da\/qa-om-haandbladslaesninger\/#breadcrumb\",\"itemListElement\":[{\"@type\":\"ListItem\",\"position\":1,\"name\":\"Home\",\"item\":\"https:\/\/mypalmleaf.com\/da\/\"},{\"@type\":\"ListItem\",\"position\":2,\"name\":\"Q+A om h\u00e5ndbladsl\u00e6sninger\"}]},{\"@type\":\"WebSite\",\"@id\":\"https:\/\/mypalmleaf.com\/#website\",\"url\":\"https:\/\/mypalmleaf.com\/\",\"name\":\"My Palm Leaf\",\"description\":\"\",\"potentialAction\":[{\"@type\":\"SearchAction\",\"target\":{\"@type\":\"EntryPoint\",\"urlTemplate\":\"https:\/\/mypalmleaf.com\/?s={search_term_string}\"},\"query-input\":{\"@type\":\"PropertyValueSpecification\",\"valueRequired\":true,\"valueName\":\"search_term_string\"}}],\"inLanguage\":\"da-DK\"}]}<\/script>\n<!-- \/ Yoast SEO plugin. -->","yoast_head_json":{"title":"Q+A om h\u00e5ndbladsl\u00e6sninger - My Palm Leaf","robots":{"index":"index","follow":"follow","max-snippet":"max-snippet:-1","max-image-preview":"max-image-preview:large","max-video-preview":"max-video-preview:-1"},"canonical":"https:\/\/mypalmleaf.com\/da\/qa-om-haandbladslaesninger\/","og_locale":"da_DK","og_type":"article","og_title":"Q+A om h\u00e5ndbladsl\u00e6sninger - My Palm Leaf","og_description":"Aften med sp\u00f8rgsm\u00e5l og svar: Dine sp\u00f8rgsm\u00e5l om palmeblade Er du nysgerrig p\u00e5 palmebladenes mystiske verden? Vil du l\u00e6re mere om betydningen af Palm Leaf-l\u00e6sninger? S\u00e5 inviterer jeg dig varmt til at deltage i vores Q&#038;A-aften! Om taleren: Stephan, grundl\u00e6gger af Mypalmleaf Q&#038;A-aftenen vil blive ledet af Stephan, grundl\u00e6ggeren af Mypalmleaf. Stephan er en erfaren [&hellip;]","og_url":"https:\/\/mypalmleaf.com\/da\/qa-om-haandbladslaesninger\/","og_site_name":"My Palm Leaf","article_modified_time":"2026-02-22T02:41:58+00:00","og_image":[{"width":1200,"height":1196,"url":"https:\/\/mypalmleaf.com\/wp-content\/uploads\/2025\/08\/mpl-circle-logo.jpg","type":"image\/jpeg"}],"twitter_card":"summary_large_image","twitter_misc":{"Estimeret l\u00e6setid":"2 minutter"},"schema":{"@context":"https:\/\/schema.org","@graph":[{"@type":"WebPage","@id":"https:\/\/mypalmleaf.com\/da\/qa-om-haandbladslaesninger\/","url":"https:\/\/mypalmleaf.com\/da\/qa-om-haandbladslaesninger\/","name":"Q+A om h\u00e5ndbladsl\u00e6sninger - My Palm Leaf","isPartOf":{"@id":"https:\/\/mypalmleaf.com\/#website"},"datePublished":"2025-05-13T16:30:28+00:00","dateModified":"2026-02-22T02:41:58+00:00","breadcrumb":{"@id":"https:\/\/mypalmleaf.com\/da\/qa-om-haandbladslaesninger\/#breadcrumb"},"inLanguage":"da-DK","potentialAction":[{"@type":"ReadAction","target":["https:\/\/mypalmleaf.com\/da\/qa-om-haandbladslaesninger\/"]}]},{"@type":"BreadcrumbList","@id":"https:\/\/mypalmleaf.com\/da\/qa-om-haandbladslaesninger\/#breadcrumb","itemListElement":[{"@type":"ListItem","position":1,"name":"Home","item":"https:\/\/mypalmleaf.com\/da\/"},{"@type":"ListItem","position":2,"name":"Q+A om h\u00e5ndbladsl\u00e6sninger"}]},{"@type":"WebSite","@id":"https:\/\/mypalmleaf.com\/#website","url":"https:\/\/mypalmleaf.com\/","name":"My Palm Leaf","description":"","potentialAction":[{"@type":"SearchAction","target":{"@type":"EntryPoint","urlTemplate":"https:\/\/mypalmleaf.com\/?s={search_term_string}"},"query-input":{"@type":"PropertyValueSpecification","valueRequired":true,"valueName":"search_term_string"}}],"inLanguage":"da-DK"}]}},"_links":{"self":[{"href":"https:\/\/mypalmleaf.com\/da\/wp-json\/wp\/v2\/pages\/125532","targetHints":{"allow":["GET"]}}],"collection":[{"href":"https:\/\/mypalmleaf.com\/da\/wp-json\/wp\/v2\/pages"}],"about":[{"href":"https:\/\/mypalmleaf.com\/da\/wp-json\/wp\/v2\/types\/page"}],"author":[{"embeddable":true,"href":"https:\/\/mypalmleaf.com\/da\/wp-json\/wp\/v2\/users\/406"}],"replies":[{"embeddable":true,"href":"https:\/\/mypalmleaf.com\/da\/wp-json\/wp\/v2\/comments?post=125532"}],"version-history":[{"count":1,"href":"https:\/\/mypalmleaf.com\/da\/wp-json\/wp\/v2\/pages\/125532\/revisions"}],"predecessor-version":[{"id":125533,"href":"https:\/\/mypalmleaf.com\/da\/wp-json\/wp\/v2\/pages\/125532\/revisions\/125533"}],"wp:attachment":[{"href":"https:\/\/mypalmleaf.com\/da\/wp-json\/wp\/v2\/media?parent=125532"}],"curies":[{"name":"wp","href":"https:\/\/api.w.org\/{rel}","templated":true}]}}