
{"id":33270,"date":"2024-08-14T06:28:52","date_gmt":"2024-08-14T06:28:52","guid":{"rendered":"https:\/\/mypalmleaf.com\/blogs\/"},"modified":"2025-04-28T10:23:22","modified_gmt":"2025-04-28T10:23:22","slug":"blogs","status":"publish","type":"page","link":"https:\/\/mypalmleaf.com\/da\/blogs\/","title":{"rendered":"Blogs"},"content":{"rendered":"<section class=\"spotlight-single top-gap\">\n  <div class=\"content-wrap\">\n    <div class=\"image\">\n      <picture>\n        <source media=\"(max-width: 999px)\" srcset=\"https:\/\/mypalmleaf.com\/wp-content\/uploads\/2024\/08\/blogs-spotlight-mob.jpg\" \/>\n        <source media=\"(min-width: 1000px)\" srcset=\"https:\/\/mypalmleaf.com\/wp-content\/uploads\/2024\/08\/blogs-spotlight.jpg\" \/>\n        <img decoding=\"async\" src=\"https:\/\/mypalmleaf.com\/wp-content\/uploads\/2024\/08\/blogs-spotlight.jpg\" class=\"img-fluid\" alt=\"\" \/>\n      <\/picture>\n    <\/div>\n    <div class=\"content\">\n      <div data-aos=\"fade-up\" data-aos-duration=\"1000\">\n        <h1>Blog og artikler<\/h1>\n              <\/div>\n    <\/div>\n  <\/div>\n<\/section>\n\n  <section class=\"blog-card-wrap my-4\" data-aos=\"fade-up\" data-aos-duration=\"1000\">\n    <div class=\"container-xl\">\n      <div class=\"row gx-md-5\">\n                  <div class=\"col-lg-6 my-4\">\n            <div class=\"wrap\">\n              <div class=\"image\">\n                <div class=\"rounded-asset\"><img decoding=\"async\" src=\"https:\/\/mypalmleaf.com\/wp-content\/uploads\/2024\/08\/blog-thumb-1.jpg\" class=\"img-fluid\" alt=\"\"><\/div>\n              <\/div>\n              <div class=\"date\">december 28, 2024<\/div>\n              <div class=\"title\">Vedic &#038; Western Astrology:<\/div>\n              <div class=\"desc\"><p>Astrology, a celestial science, has been a significant aspect of various cultures, guiding individuals in understanding their destinies and the mysteries of the universe. Two prominent branches of astrology, Vedic and Western, have intrigued scholars and enthusiasts alike, each offering a unique lens through which to view the cosmos and human existence. ORIgins and philosophical [&hellip;]<\/p>\n<\/div>\n              <a href=\"https:\/\/mypalmleaf.com\/da\/vedic-western-astrology\/\" class=\"stretched-link\"><\/a>\n            <\/div>\n          <\/div>\n                  <div class=\"col-lg-6 my-4\">\n            <div class=\"wrap\">\n              <div class=\"image\">\n                <div class=\"rounded-asset\"><img decoding=\"async\" src=\"https:\/\/mypalmleaf.com\/wp-content\/uploads\/2024\/08\/blog-15-1.jpg\" class=\"img-fluid\" alt=\"\"><\/div>\n              <\/div>\n              <div class=\"date\">december 23, 2024<\/div>\n              <div class=\"title\">Forberedelse til din h\u00e5ndbladsl\u00e6sning<\/div>\n              <div class=\"desc\"><p>At s\u00f8ge efter dit palmeblad er en dyb og smuk proces. Processen vil udfolde sig fuldt ud med sin transformerende effekt, n\u00e5r du overvejer at forberede dig ordentligt til din h\u00e5ndbladsl\u00e6sning. Derfor vil denne artikel handle om at forberede sig til sin l\u00e6sning, b\u00e5de internt og praktisk. Processen begynder med bevidsthed Det begynder f\u00f8rst og [&hellip;]<\/p>\n<\/div>\n              <a href=\"https:\/\/mypalmleaf.com\/da\/preparing-for-your-palm-leaf-reading\/\" class=\"stretched-link\"><\/a>\n            <\/div>\n          <\/div>\n                  <div class=\"col-lg-6 my-4\">\n            <div class=\"wrap\">\n              <div class=\"image\">\n                <div class=\"rounded-asset\"><img decoding=\"async\" src=\"https:\/\/mypalmleaf.com\/wp-content\/uploads\/2024\/08\/blog_a_comparative_study_main-listing.jpg\" class=\"img-fluid\" alt=\"\"><\/div>\n              <\/div>\n              <div class=\"date\">oktober 3, 2023<\/div>\n              <div class=\"title\">Den guddommelige forbindelse: Hanuman, Saturn og din h\u00e5ndbladsl\u00e6sning<\/div>\n              <div class=\"desc\"><p>Den guddommelige forbindelse: Hanuman, Saturn og din h\u00e5ndbladsl\u00e6sning Hvis du for nylig har haft den unikke oplevelse af en h\u00e5ndbladsl\u00e6sning gennem vores specialiserede tjenester, er du m\u00e5ske st\u00f8dt p\u00e5 anbefalinger, der er relateret til Lord Hanuman og planeten Saturn. Dette er ikke et tilf\u00e6ldigt forslag. Det er et dybt forankret aspekt af vedisk astrologi og [&hellip;]<\/p>\n<\/div>\n              <a href=\"https:\/\/mypalmleaf.com\/da\/the-divine-connection-hanuman-saturn-your-palm-leaf-reading-journey\/\" class=\"stretched-link\"><\/a>\n            <\/div>\n          <\/div>\n                  <div class=\"col-lg-6 my-4\">\n            <div class=\"wrap\">\n              <div class=\"image\">\n                <div class=\"rounded-asset\"><img decoding=\"async\" src=\"https:\/\/mypalmleaf.com\/wp-content\/uploads\/2022\/11\/blog-3.jpg\" class=\"img-fluid\" alt=\"\"><\/div>\n              <\/div>\n              <div class=\"date\">november 15, 2022<\/div>\n              <div class=\"title\">The Sacred Realm of Shambhala<\/div>\n              <div class=\"desc\"><p>Shambala is an oasis of compassion, love, freedom and light in a desert of ignorance and materialism. &#8211; Sahajananda There are many legends surrounding the sacred realm of Shambhala. Some saw it as a physical location. A paradise\/eutopia hidden high in the Himalaya. To others, it is a mysterious land inside the (apparently) hollow earth, [&hellip;]<\/p>\n<\/div>\n              <a href=\"https:\/\/mypalmleaf.com\/da\/the-sacred-realm-of-shambhala\/\" class=\"stretched-link\"><\/a>\n            <\/div>\n          <\/div>\n                  <div class=\"col-lg-6 my-4\">\n            <div class=\"wrap\">\n              <div class=\"image\">\n                <div class=\"rounded-asset\"><img decoding=\"async\" src=\"https:\/\/mypalmleaf.com\/wp-content\/uploads\/2022\/08\/Adobe-Express-file-2-1.png\" class=\"img-fluid\" alt=\"\"><\/div>\n              <\/div>\n              <div class=\"date\">august 25, 2022<\/div>\n              <div class=\"title\">The Saptarishi \u2013 The 7 Great Vedic Sages<\/div>\n              <div class=\"desc\"><p>The Vedas are the earliest known works of spiritual literature on the planet. These and other great scriptures, for instance, Mahabharata and Ramayana, contain the stories of the Saptarishi, or seven great sages. These sages are the sons of the mighty Brahma. He sent them to earth, thus supporting the spiritual evolution of humanity and [&hellip;]<\/p>\n<\/div>\n              <a href=\"https:\/\/mypalmleaf.com\/da\/the-saptarishi-the-7-great-vedic-sages\/\" class=\"stretched-link\"><\/a>\n            <\/div>\n          <\/div>\n                  <div class=\"col-lg-6 my-4\">\n            <div class=\"wrap\">\n              <div class=\"image\">\n                <div class=\"rounded-asset\"><img decoding=\"async\" src=\"https:\/\/mypalmleaf.com\/wp-content\/uploads\/2024\/08\/blog-23-2.jpg\" class=\"img-fluid\" alt=\"\"><\/div>\n              <\/div>\n              <div class=\"date\">juni 26, 2022<\/div>\n              <div class=\"title\">Hvem er Sri Agastya Maharishi?<\/div>\n              <div class=\"desc\"><p>Hvem er Sri Agastya Maharishi? Sri Agastya (undertiden skrevet Agathiyar eller Agasti) er den vigtigste blandt Saptarishi. Saptarishi er 7 meget vigtige \u00e5ndelige mestre fra den vediske periode i Indien. De skrev palmebladsmanuskripterne, bidrog til medicin, astrologi, grammatik og endda kampsport og skrev mange vigtige tekster. I betragtning af at Sri Agastya har en s\u00e5 [&hellip;]<\/p>\n<\/div>\n              <a href=\"https:\/\/mypalmleaf.com\/da\/hvem-er-sri-agastya-maharishi\/\" class=\"stretched-link\"><\/a>\n            <\/div>\n          <\/div>\n                  <div class=\"col-lg-6 my-4\">\n            <div class=\"wrap\">\n              <div class=\"image\">\n                <div class=\"rounded-asset\"><img decoding=\"async\" src=\"https:\/\/mypalmleaf.com\/wp-content\/uploads\/2022\/06\/Adobe-Express-file-17.jpg\" class=\"img-fluid\" alt=\"\"><\/div>\n              <\/div>\n              <div class=\"date\">juni 15, 2022<\/div>\n              <div class=\"title\">The Grace of the Palm Leaf Prophecies<\/div>\n              <div class=\"desc\"><p>\u201cWhat if you could consciously connect with [the subtle level of this reality] and feel it unconditionally holding you, supporting, guiding and loving you in every aspect of your life?\u201d Subtle Dimension of Grace?What if there was a subtle dimension of this reality that literally emanated love and support for this world and everyone in [&hellip;]<\/p>\n<\/div>\n              <a href=\"https:\/\/mypalmleaf.com\/da\/the-grace-of-the-palm-leaf-prophecies\/\" class=\"stretched-link\"><\/a>\n            <\/div>\n          <\/div>\n                  <div class=\"col-lg-6 my-4\">\n            <div class=\"wrap\">\n              <div class=\"image\">\n                <div class=\"rounded-asset\"><img decoding=\"async\" src=\"https:\/\/mypalmleaf.com\/wp-content\/uploads\/2021\/09\/Adobe-Express-file-6-1.png\" class=\"img-fluid\" alt=\"\"><\/div>\n              <\/div>\n              <div class=\"date\">september 2, 2021<\/div>\n              <div class=\"title\">Maharishis and Nadi Astrology<\/div>\n              <div class=\"desc\"><p>The palm leaf manuscripts and the Nadi astrology predictions they contain were written by Siddhas, Maharishis and scholars. They wrote these texts were written in several different languages. We know that scholars are specialists in a particular field of study or academics, but who are these Siddhas or rishis? SIDDHAS, MAHARISHIS, AND NADI ASTROLOGY Siddhas [&hellip;]<\/p>\n<\/div>\n              <a href=\"https:\/\/mypalmleaf.com\/da\/maharishis-and-nadi-astrology\/\" class=\"stretched-link\"><\/a>\n            <\/div>\n          <\/div>\n              <\/div>\n          <\/div>\n  <\/section>\n\n\n\n<section class=\"find-your-palm-leaf-block\" data-aos=\"fade-up\" data-aos-duration=\"1000\">\n  <div class=\"container-fluid px-0\">\n    <div class=\"row g-0\">\n      <div class=\"col\">\n        <div class=\"find-your-leaf-bg\">\n          <picture>\n            <source media=\"(max-width: 999px)\" srcset=\"https:\/\/mypalmleaf.com\/wp-content\/uploads\/2024\/08\/Find-your-Palm-Leaf-mob.jpg\" \/>\n            <source media=\"(min-width: 1000px)\" srcset=\"https:\/\/mypalmleaf.com\/wp-content\/uploads\/2024\/08\/Find-your-Palm-Leaf.jpg\" \/>\n            <img decoding=\"async\" src=\"https:\/\/mypalmleaf.com\/wp-content\/uploads\/2024\/08\/Find-your-Palm-Leaf.jpg\" class=\"img-fluid\" alt=\"\" \/>\n          <\/picture>\n        <\/div>\n      <\/div>\n    <\/div>\n    <div class=\"content\">\n      <div class=\"container-xl\" data-aos=\"fade-up\" data-aos-duration=\"1000\">\n        <div class=\"row py-4\">\n          <div class=\"col-lg-8 mx-auto\">\n            <h2 class=\"mb-2\">Find dit palmeblad!<\/h2>\n            <ul>\n<li>Alt, hvad du beh\u00f8ver for at begynde at s\u00f8ge efter dit palmeblad, er dit tommelfingeraftryk.<\/li>\n<li>Hvis du har brug for en overs\u00e6ttelse til et andet sprog, kan vi g\u00f8re det for dig.<\/li>\n<li>Hvis vi ikke kan finde dit palmeblad inden for 3 passende datoer, refunderer vi dig det fulde bel\u00f8b.<\/li>\n<\/ul>\n          <\/div>\n        <\/div>\n        <div class=\"row mt-4\">\n          <div class=\"col text-center\">\n            <a href=\"\/da\/prices\/find-your-palm-leaf-and-read-the-general-chapter\/\" class=\"btn btn-primary\">Find mit blad<\/a>\n          <\/div>\n        <\/div>\n      <\/div>\n    <\/div>\n  <\/div>\n<\/section>","protected":false},"excerpt":{"rendered":"","protected":false},"author":1,"featured_media":0,"parent":0,"menu_order":0,"comment_status":"closed","ping_status":"closed","template":"","meta":{"_acf_changed":false,"footnotes":""},"class_list":["post-33270","page","type-page","status-publish","hentry"],"acf":[],"yoast_head":"<!-- This site is optimized with the Yoast SEO plugin v26.4 - https:\/\/yoast.com\/wordpress\/plugins\/seo\/ -->\n<title>Blogs - My Palm Leaf<\/title>\n<meta name=\"description\" content=\"L\u00e6s inspirerende blogs med historier og spirituelle indsigter, og opdag hvordan palmebladsvisdom kan forandre dit liv og din indre rejse.\" \/>\n<meta name=\"robots\" content=\"index, follow, max-snippet:-1, max-image-preview:large, max-video-preview:-1\" \/>\n<link rel=\"canonical\" href=\"https:\/\/mypalmleaf.com\/da\/blogs\/\" \/>\n<meta property=\"og:locale\" content=\"da_DK\" \/>\n<meta property=\"og:type\" content=\"article\" \/>\n<meta property=\"og:title\" content=\"Blogs - My Palm Leaf\" \/>\n<meta property=\"og:description\" content=\"L\u00e6s inspirerende blogs med historier og spirituelle indsigter, og opdag hvordan palmebladsvisdom kan forandre dit liv og din indre rejse.\" \/>\n<meta property=\"og:url\" content=\"https:\/\/mypalmleaf.com\/da\/blogs\/\" \/>\n<meta property=\"og:site_name\" content=\"My Palm Leaf\" \/>\n<meta property=\"article:modified_time\" content=\"2025-04-28T10:23:22+00:00\" \/>\n<meta property=\"og:image\" content=\"https:\/\/mypalmleaf.com\/wp-content\/uploads\/2025\/08\/mpl-circle-logo.jpg\" \/>\n\t<meta property=\"og:image:width\" content=\"1200\" \/>\n\t<meta property=\"og:image:height\" content=\"1196\" \/>\n\t<meta property=\"og:image:type\" content=\"image\/jpeg\" \/>\n<meta name=\"twitter:card\" content=\"summary_large_image\" \/>\n<script type=\"application\/ld+json\" class=\"yoast-schema-graph\">{\"@context\":\"https:\/\/schema.org\",\"@graph\":[{\"@type\":\"WebPage\",\"@id\":\"https:\/\/mypalmleaf.com\/da\/blogs\/\",\"url\":\"https:\/\/mypalmleaf.com\/da\/blogs\/\",\"name\":\"Blogs - My Palm Leaf\",\"isPartOf\":{\"@id\":\"https:\/\/mypalmleaf.com\/#website\"},\"datePublished\":\"2024-08-14T06:28:52+00:00\",\"dateModified\":\"2025-04-28T10:23:22+00:00\",\"description\":\"L\u00e6s inspirerende blogs med historier og spirituelle indsigter, og opdag hvordan palmebladsvisdom kan forandre dit liv og din indre rejse.\",\"breadcrumb\":{\"@id\":\"https:\/\/mypalmleaf.com\/da\/blogs\/#breadcrumb\"},\"inLanguage\":\"da-DK\",\"potentialAction\":[{\"@type\":\"ReadAction\",\"target\":[\"https:\/\/mypalmleaf.com\/da\/blogs\/\"]}]},{\"@type\":\"BreadcrumbList\",\"@id\":\"https:\/\/mypalmleaf.com\/da\/blogs\/#breadcrumb\",\"itemListElement\":[{\"@type\":\"ListItem\",\"position\":1,\"name\":\"Home\",\"item\":\"https:\/\/mypalmleaf.com\/da\/\"},{\"@type\":\"ListItem\",\"position\":2,\"name\":\"Blogs\"}]},{\"@type\":\"WebSite\",\"@id\":\"https:\/\/mypalmleaf.com\/#website\",\"url\":\"https:\/\/mypalmleaf.com\/\",\"name\":\"My Palm Leaf\",\"description\":\"\",\"potentialAction\":[{\"@type\":\"SearchAction\",\"target\":{\"@type\":\"EntryPoint\",\"urlTemplate\":\"https:\/\/mypalmleaf.com\/?s={search_term_string}\"},\"query-input\":{\"@type\":\"PropertyValueSpecification\",\"valueRequired\":true,\"valueName\":\"search_term_string\"}}],\"inLanguage\":\"da-DK\"}]}<\/script>\n<!-- \/ Yoast SEO plugin. -->","yoast_head_json":{"title":"Blogs - My Palm Leaf","description":"L\u00e6s inspirerende blogs med historier og spirituelle indsigter, og opdag hvordan palmebladsvisdom kan forandre dit liv og din indre rejse.","robots":{"index":"index","follow":"follow","max-snippet":"max-snippet:-1","max-image-preview":"max-image-preview:large","max-video-preview":"max-video-preview:-1"},"canonical":"https:\/\/mypalmleaf.com\/da\/blogs\/","og_locale":"da_DK","og_type":"article","og_title":"Blogs - My Palm Leaf","og_description":"L\u00e6s inspirerende blogs med historier og spirituelle indsigter, og opdag hvordan palmebladsvisdom kan forandre dit liv og din indre rejse.","og_url":"https:\/\/mypalmleaf.com\/da\/blogs\/","og_site_name":"My Palm Leaf","article_modified_time":"2025-04-28T10:23:22+00:00","og_image":[{"width":1200,"height":1196,"url":"https:\/\/mypalmleaf.com\/wp-content\/uploads\/2025\/08\/mpl-circle-logo.jpg","type":"image\/jpeg"}],"twitter_card":"summary_large_image","schema":{"@context":"https:\/\/schema.org","@graph":[{"@type":"WebPage","@id":"https:\/\/mypalmleaf.com\/da\/blogs\/","url":"https:\/\/mypalmleaf.com\/da\/blogs\/","name":"Blogs - My Palm Leaf","isPartOf":{"@id":"https:\/\/mypalmleaf.com\/#website"},"datePublished":"2024-08-14T06:28:52+00:00","dateModified":"2025-04-28T10:23:22+00:00","description":"L\u00e6s inspirerende blogs med historier og spirituelle indsigter, og opdag hvordan palmebladsvisdom kan forandre dit liv og din indre rejse.","breadcrumb":{"@id":"https:\/\/mypalmleaf.com\/da\/blogs\/#breadcrumb"},"inLanguage":"da-DK","potentialAction":[{"@type":"ReadAction","target":["https:\/\/mypalmleaf.com\/da\/blogs\/"]}]},{"@type":"BreadcrumbList","@id":"https:\/\/mypalmleaf.com\/da\/blogs\/#breadcrumb","itemListElement":[{"@type":"ListItem","position":1,"name":"Home","item":"https:\/\/mypalmleaf.com\/da\/"},{"@type":"ListItem","position":2,"name":"Blogs"}]},{"@type":"WebSite","@id":"https:\/\/mypalmleaf.com\/#website","url":"https:\/\/mypalmleaf.com\/","name":"My Palm Leaf","description":"","potentialAction":[{"@type":"SearchAction","target":{"@type":"EntryPoint","urlTemplate":"https:\/\/mypalmleaf.com\/?s={search_term_string}"},"query-input":{"@type":"PropertyValueSpecification","valueRequired":true,"valueName":"search_term_string"}}],"inLanguage":"da-DK"}]}},"_links":{"self":[{"href":"https:\/\/mypalmleaf.com\/da\/wp-json\/wp\/v2\/pages\/33270","targetHints":{"allow":["GET"]}}],"collection":[{"href":"https:\/\/mypalmleaf.com\/da\/wp-json\/wp\/v2\/pages"}],"about":[{"href":"https:\/\/mypalmleaf.com\/da\/wp-json\/wp\/v2\/types\/page"}],"author":[{"embeddable":true,"href":"https:\/\/mypalmleaf.com\/da\/wp-json\/wp\/v2\/users\/1"}],"replies":[{"embeddable":true,"href":"https:\/\/mypalmleaf.com\/da\/wp-json\/wp\/v2\/comments?post=33270"}],"version-history":[{"count":0,"href":"https:\/\/mypalmleaf.com\/da\/wp-json\/wp\/v2\/pages\/33270\/revisions"}],"wp:attachment":[{"href":"https:\/\/mypalmleaf.com\/da\/wp-json\/wp\/v2\/media?parent=33270"}],"curies":[{"name":"wp","href":"https:\/\/api.w.org\/{rel}","templated":true}]}}