
{"id":33304,"date":"2024-08-14T07:24:30","date_gmt":"2024-08-14T07:24:30","guid":{"rendered":"https:\/\/mypalmleaf.com\/ofte-stillede-spoergsmaal\/"},"modified":"2025-07-07T10:32:23","modified_gmt":"2025-07-07T10:32:23","slug":"ofte-stillede-spoergsmaal","status":"publish","type":"page","link":"https:\/\/mypalmleaf.com\/da\/ofte-stillede-spoergsmaal\/","title":{"rendered":"OFTE STILLEDE SP\u00d8RGSM\u00c5L"},"content":{"rendered":"<section class=\"faq-top-section my-6 mb-4 mt-xs-4\">\n  <div class=\"container\">\n    <div class=\"row mb-4 justify-content-center\">\n      <div class=\"col-lg-10 text-center\" data-aos=\"fade-up\" data-aos-duration=\"1000\">\n        <h1 class=\"py-4\">Ofte stillede sp\u00f8rgsm\u00e5l<\/h1>\n      <\/div>\n    <\/div>\n    <div class=\"row\">\n      <div class=\"col-lg-10 mx-auto\">\n        <div class=\"row justify-content-between align-items-center\">\n          <div class=\"col-lg-7\" data-aos=\"fade-up\" data-aos-duration=\"1000\">\n            <div class=\"rounded-asset\">\n              <img decoding=\"async\" src=\"https:\/\/mypalmleaf.com\/wp-content\/uploads\/2024\/08\/stefan.jpg\" class=\"img-fluid\" alt=\"\">\n              <div class=\"play-icon\"><\/div>\n              <a href=\"https:\/\/www.youtube.com\/watch?v=IPzOvDRb6pU\" class=\"stretched-link\" data-lity><\/a>\n            <\/div>\n          <\/div>\n          <div class=\"col-lg-5\" data-aos=\"fade-up\" data-aos-duration=\"1000\">\n            <h3>Svar p\u00e5 de 10 hyppigste sp\u00f8rgsm\u00e5l om de indiske palmebladsprofetier<\/h3>\n          <\/div>\n        <\/div>\n      <\/div>\n\n    <\/div>\n  <\/div>\n<\/section>\n\n<div class=\"acc-wrap-bind\">\n  <section class=\"acc-nav-block my-5 py-3\" data-aos=\"fade-up\" data-aos-duration=\"1000\">\n    <div class=\"container\">\n      <div class=\"row justify-content-center\">\n        <div class=\"col-lg-8 faqs-heading\">\n          <ul>\n                                      <li>\n                <a href=\"#generelle-sp\u00f8rgsm\u00e5l\" class=\"active\">\n                  Generelle sp\u00f8rgsm\u00e5l<\/a>\n              <\/li>\n                                        <li>\n                <a href=\"#om-l\u00e6sning\" class=\"\">\n                  Om opl\u00e6sningerne<\/a>\n              <\/li>\n                                        <li>\n                <a href=\"#om-remedierne\" class=\"\">\n                  Om l\u00e6gemidlerne<\/a>\n              <\/li>\n                                    <\/ul>\n        <\/div>\n      <\/div>\n    <\/div>\n  <\/section>\n\n        <section class=\"accordion-container position-relative\" data-aos=\"fade-up\" data-aos-duration=\"1000\" id=\"generelle-sp\u00f8rgsm\u00e5l\">\n      <div class=\"container-xl\">\n        <div class=\"row\">\n          <h3>Generelle sp\u00f8rgsm\u00e5l<\/h3>\n          <div class=\"accr-wrap\">\n                          <div class=\"head\">Er der et palmeblad til alle?<\/div>\n              <div class=\"content\">\n                <p>Nej, det er ikke alle, der har et palmeblad skrevet til sig. Men de mennesker, der f\u00f8ler sig kaldet til at s\u00f8ge efter deres blad, har ofte et, der venter p\u00e5 dem. <\/p>\n              <\/div>\n                          <div class=\"head\">Hvem har skrevet palmebladene?<\/div>\n              <div class=\"content\">\n                <p>If\u00f8lge legenden blev palmebladene skrevet for mange tusinde \u00e5r siden af &#8220;Rishis&#8221;, en gruppe vism\u00e6nd, der var meget h\u00f8jere udviklet end mennesker i dag. Deres bevidsthed var meget st\u00f8rre og kunne bearbejde langt flere informationer. De havde ogs\u00e5 en levetid p\u00e5 mange hundrede til tusinde \u00e5r.  <\/p>\n              <\/div>\n                          <div class=\"head\">Hvor er palmebladene?<\/div>\n              <div class=\"content\">\n                <p>Palmebladene opbevares i palmebladsbiblioteker, som hovedsageligt ligger i det sydlige Indien. Der findes ogs\u00e5 nogle f\u00e5 sm\u00e5 biblioteker i det nordlige Indien, p\u00e5 Sri Lanka og Bali. <\/p>\n              <\/div>\n                          <div class=\"head\">Hvor mange palmeblade og palmebladsbiblioteker findes der?<\/div>\n              <div class=\"content\">\n                <p>Ingen ved, hvor mange palmeblade eller biblioteker der findes. Der er ikke noget centraliseret system. <\/p>\n              <\/div>\n                          <div class=\"head\">Hvem er h\u00e5ndl\u00e6sere?<\/div>\n              <div class=\"content\">\n                <p>De h\u00e5ndbladsl\u00e6sere, vi arbejder med, er blevet tr\u00e6net i mange generationer. Den \u00e6ldgamle kunst at l\u00e6se i h\u00e5ndbladene er g\u00e5et i arv fra far til s\u00f8n gennem mange generationer. De befinder sig i Tamil Nadu i det sydlige Indien.  <\/p>\n              <\/div>\n                          <div class=\"head\">Hvordan kunne rishierne kende til og skrive om moderne teknologi, navne osv.<\/div>\n              <div class=\"content\">\n                <p>Palmebladene er skrevet p\u00e5 gammel tamil, som er et meget poetisk sprog, der beskriver situationer og genstande. Det er overs\u00e6tterens vigtige rolle at omdanne disse lange poetiske s\u00e6tninger til moderne engelsk. P\u00e5 palmebladet kan der f.eks. st\u00e5 &#8220;Den s\u00f8gende opfinder musik og husker den i runde genstande&#8221;, og overs\u00e6tteren kan sige &#8220;Du er musiker og har indspillet cd&#8217;er&#8221;. Tamil er et lydbaseret sprog. Derfor er det ofte en kompliceret proces at dechifrere vestlige navne fra det 21. \u00e5rhundrede. L\u00e6seren afl\u00e6ser symbolernes lyde, og med hj\u00e6lp fra overs\u00e6tteren og den s\u00f8gende identificerer han navnet.<\/p>\n              <\/div>\n                          <div class=\"head\">Hvorfor er der forskellige formater for h\u00e5ndbladsl\u00e6sninger?<\/div>\n              <div class=\"content\">\n                <p>Nadis historie er en blanding af legende og mystik, som virker p\u00e5 mirakul\u00f8se m\u00e5der. Det siges, at palmebladene blev skrevet af Sapta Rishis, en gruppe af 7 (sapta) vism\u00e6nd (Rishis). Derfor er det muligt, at en person kan have op til 7 forskellige versioner af sin biografi, en skrevet af hver af rishierne. Hovedforfatteren til palmebladene er Rishi &#8220;Agastya&#8221;, men der findes ogs\u00e5 forskellige formater af Nadi, skrevet af den samme forfatter. De biblioteker, vi samarbejder med, l\u00e6ser prim\u00e6rt op fra Rishi &#8220;Agastya&#8221;, men ogs\u00e5 blade fra andre Rishier er tilg\u00e6ngelige p\u00e5 foresp\u00f8rgsel.    <\/p>\n              <\/div>\n                          <div class=\"head\">Ville det v\u00e6re bedre at m\u00f8de personligt op p\u00e5 et bibliotek i Indien?<\/div>\n              <div class=\"content\">\n                <p>De oplysninger, du modtager under en zoom-h\u00e5ndl\u00e6sning, leveres p\u00e5 samme m\u00e5de som dem, du ville modtage personligt p\u00e5 et autentisk h\u00e5ndbladsbibliotek i Indien. Men selvf\u00f8lgelig er hele rejsen til Indien, som er s\u00e5dan et mystisk sted, for at afsl\u00f8re din sk\u00e6bne ogs\u00e5 en smuk pilgrimsrejse. Hvis du har mulighed for at rejse til Indien for at bes\u00f8ge et bibliotek, er det selvf\u00f8lgelig ideelt, men det er mere fordelagtigt at f\u00e5 l\u00e6sningen online og i det \u00f8jeblik, du har brug for den, end at vente i mange \u00e5r p\u00e5 at rejse til Indien. N\u00e5r du f\u00f8lger din intuition, vil du vide, hvorn\u00e5r det er det rigtige tidspunkt for dig.   <\/p>\n              <\/div>\n                          <div class=\"head\">Hvad koster det, og hvad er inkluderet?<\/div>\n              <div class=\"content\">\n                <p>Prisen for s\u00f8gning og identifikation af dit blad, l\u00e6sning af det generelle kapitel og kapitel 14 er 289 \u20ac. Dette inkluderer den fysiske s\u00f8gning efter bundter, der kan indeholde dit blad, p\u00e5 bibliotekerne i Indien og matchningsprocessen med l\u00e6seren, overs\u00e6tteren og oftest ogs\u00e5 en moderator.<br \/>\nS\u00f8gningen p\u00e5 bibliotekerne kan tage mange timer. Matchningen kan tage op til 2 timer (i de fleste vellykkede tilf\u00e6lde omkring 1 time), og l\u00e6sningen af det generelle kapitel og kapitel 14 tager omkring 2 timer. Overs\u00e6ttelse til andre sprog er tilg\u00e6ngelig og koster 38 \u20ac. Hvis du efterf\u00f8lgende \u00f8nsker at bestille yderligere kapitler, koster det 49-79 \u20ac pr. kapitel. L\u00e6sningen af kapitlerne tager ca. 15-60 minutter. Hvis du bor i et EU-land, vil der blive lagt moms til prisen. Du kan se prisen for dit land p\u00e5 bookingsiden.  <\/p>\n              <\/div>\n                      <\/div>\n        <\/div>\n      <\/div>\n          <\/section>\n          <section class=\"accordion-container position-relative\" data-aos=\"fade-up\" data-aos-duration=\"1000\" id=\"om-l\u00e6sning\">\n      <div class=\"container-xl\">\n        <div class=\"row\">\n          <h3>Om opl\u00e6sningerne<\/h3>\n          <div class=\"accr-wrap\">\n                          <div class=\"head\">Hvor lang tid tager afl\u00e6sningen?<\/div>\n              <div class=\"content\">\n                <p>I gennemsnit tager matchningsprocessen og afl\u00e6sningen omkring 2,5-4 timer. Vi kan dog ikke p\u00e5 forh\u00e5nd sige, hvor lang tid det vil tage, da det afh\u00e6nger af, hvorn\u00e5r (eller om) dit blad bliver fundet. N\u00e5r dit personlige palmeblad er identificeret, vil l\u00e6sningen af det generelle kapitel og kapitel 14 tage omkring 1-2 timer.  <\/p>\n              <\/div>\n                          <div class=\"head\">Er det muligt, at mit blad ikke kan findes?<\/div>\n              <div class=\"content\">\n                <p>Ja, det kan ske, at dit blad ikke kan findes. Det er almindeligt og kan have forskellige \u00e5rsager. Det er muligt, at der ikke er noget blad til dig, eller det er ogs\u00e5 muligt, at det endnu ikke er det rigtige tidspunkt for dig. Vi s\u00f8rger for at s\u00f8ge grundigt efter dit blad, og hvis det ikke kan findes, anbefaler vi dig at vente mindst 30 dage og derefter starte s\u00f8gningen igen.    <\/p>\n              <\/div>\n                          <div class=\"head\">Hvordan skal jeg forberede mig til en opl\u00e6sning?<\/div>\n              <div class=\"content\">\n                <p>S\u00f8rg for, at du befinder dig et roligt, uforstyrret sted med en god internetforbindelse. Indvendigt anbefaler vi, at du er udhvilet og g\u00e5r til l\u00e6sningen med stor respekt og \u00e5benhed. En medf\u00f8lende vismand skrev din livsforudsigelse for tusinder af \u00e5r siden, som er blevet bevaret gennem mange generationer for at blive l\u00e6st op for dig i dag. Det er i sandhed en s\u00e6rlig begivenhed, og jo mere bevidst du er om den, jo dybere kan virkningerne synke ind.   <\/p>\n              <\/div>\n                          <div class=\"head\">F\u00e5r jeg det at vide, n\u00e5r jeg d\u00f8r?<\/div>\n              <div class=\"content\">\n                <p>N\u00e5r dit palmeblad er fundet, vil du f\u00f8rst f\u00e5 l\u00e6st det generelle kapitel, som kan indeholde perioder med livsfare eller din potentielle d\u00f8d. Hvis du ikke \u00f8nsker at h\u00f8re om livsfare, kan du informere moderatoren i begyndelsen af l\u00e6sningen. Hvis du gerne vil h\u00f8re flere detaljer om, hvorn\u00e5r og under hvilke omst\u00e6ndigheder du kan forlade din krop, anbefaler vi, at du l\u00e6ser det supplerende kapitel 8, som handler om det.  <\/p>\n              <\/div>\n                      <\/div>\n        <\/div>\n      <\/div>\n          <\/section>\n          <section class=\"accordion-container position-relative\" data-aos=\"fade-up\" data-aos-duration=\"1000\" id=\"om-remedierne\">\n      <div class=\"container-xl\">\n        <div class=\"row\">\n          <h3>Om l\u00e6gemidlerne<\/h3>\n          <div class=\"accr-wrap\">\n                          <div class=\"head\">Hvad er l\u00f8sningerne?<\/div>\n              <div class=\"content\">\n                <p>Hovedform\u00e5let med palmebladene er at vejlede den s\u00f8gende ved at give et bredere perspektiv p\u00e5 hans eller hendes liv og tilbyde redskaber til at forbedre oplevelsen af ens livsvej i form af remedier. Rishierne kunne se, hvilken slags karma en person ville b\u00e6re p\u00e5, som ville skabe sandsynlige forhindringer i vedkommendes liv. De kunne ogs\u00e5 se, hvilke redskaber der ville v\u00e6re nyttige til at transformere denne karma eller beskytte den s\u00f8gende mod dens mest skadelige virkninger. Kapitlerne 13 + 14 handler mest om gammel karma og tilbyder l\u00f8sninger i form af remedier. Disse midler kan v\u00e6re simple handlinger som at donere penge til en bestemt sag, fodre et dyr, give t\u00f8j til en fattig person eller pilgrimsrejser til hellige steder eller specifikke praksisser eller ritualer.    <\/p>\n              <\/div>\n                          <div class=\"head\">  Hvad er karma?<\/div>\n              <div class=\"content\">\n                <p>Ordet &#8220;karma&#8221; kan overs\u00e6ttes til &#8220;handling&#8221;. Hver eneste handling med krop, tale og sind, som vi nogensinde har beg\u00e5et, har en energim\u00e6ssig indvirkning i universet og i vores eget energifelt. Vores energifelt best\u00e5r grundl\u00e6ggende af en meget kompleks kombination af alle vores tidligere handlinger p\u00e5 tv\u00e6rs af utallige liv. I henhold til den multidimensionelle frekvens i vores energifelt tiltr\u00e6kker vi bestemte oplevelser i vores liv.   <\/p>\n              <\/div>\n                          <div class=\"head\">Hvordan virker midlerne?<\/div>\n              <div class=\"content\">\n                <p>Alt i universet best\u00e5r af energi. Vi er et komplekst energifelt, og baseret p\u00e5 dets frekvenser tiltr\u00e6kker vi bestemte oplevelser. Rishierne kunne se og forudsige, hvilke af vores tidligere handlinger der skabte bestemte frekvenser, og hvilket sandsynligt resultat de ville f\u00e5. De kunne ogs\u00e5 se og forudsige, hvilken slags handling eller spirituel praksis, der ville fremkalde den meget specifikke energi, som ville transformere eller afbalancere den skadelige frekvens. Derfor er remedierne meget specifikke energetiske l\u00e6gemidler til at transformere og afbalancere vores karma.    <\/p>\n              <\/div>\n                          <div class=\"head\">Hvad er et mantra?<\/div>\n              <div class=\"content\">\n                <p>Et mantra er en lydvibration p\u00e5 sanskrit, som p\u00e5kalder og b\u00e6rer en bestemt frekvens og energi. Ved at messe et mantra enten h\u00f8jt eller indvendigt kan vi p\u00e5kalde forskellige energier med specifikke vibrationer. <\/p>\n              <\/div>\n                          <div class=\"head\">Hvad er en yantra?<\/div>\n              <div class=\"content\">\n                <p>P\u00e5 samme m\u00e5de som et mantra er energi i form af lyd, er en yantra energi i form af en geometrisk struktur. Det er en energisk frekvens, der er gjort synlig, og som kan v\u00e6re enten i 2D eller 3D. <\/p>\n              <\/div>\n                          <div class=\"head\">Hvad er en pooja?<\/div>\n              <div class=\"content\">\n                <p>En pooja er en ceremoni, der ofte afholdes for en bestemt hinduistisk guddom. Guderne er dybest set personificeringer af specifikke energier. N\u00e5r der afholdes en pooja for en bestemt gud eller gudinde, p\u00e5kaldes denne specifikke frekvens i livet for den person, som poojaen afholdes for.  <\/p>\n              <\/div>\n                          <div class=\"head\">Hvad er en homa?<\/div>\n              <div class=\"content\">\n                <p>En homa er en mere kompleks og kraftfuld pooja i form af en ildceremoni for at \u00e6re og p\u00e5kalde forskellige guddomme og invitere deres velsignelser ind i livet p\u00e5 den person, som homaen holdes for.<\/p>\n              <\/div>\n                          <div class=\"head\">Hvad er japa?<\/div>\n              <div class=\"content\">\n                <p>Japa er en sadhana (spirituel praksis), hvor man kontinuerligt messer et bestemt mantra, som for eksempel &#8220;Om Namah Shivaya&#8221;. En daglig japa-praksis hj\u00e6lper med at rense og fokusere sindet. Det kan ogs\u00e5 g\u00f8res for en anden for at velsigne denne person med en bestemt energi.  <\/p>\n              <\/div>\n                      <\/div>\n        <\/div>\n      <\/div>\n                        <div class=\"parallax-item-4 parallax-item\" data-speed=\".08\"><img decoding=\"async\" src=\"https:\/\/mypalmleaf.com\/wp-content\/uploads\/2024\/09\/parallax-item-4.png\" class=\"img-fluid\" alt=\"\"><\/div>\n                  <\/section>\n      <\/div>\n\n\n<section class=\"find-your-palm-leaf-block\" data-aos=\"fade-up\" data-aos-duration=\"1000\">\n  <div class=\"container-fluid px-0\">\n    <div class=\"row g-0\">\n      <div class=\"col\">\n        <div class=\"find-your-leaf-bg\">\n          <picture>\n            <source media=\"(max-width: 999px)\" srcset=\"https:\/\/mypalmleaf.com\/wp-content\/uploads\/2024\/08\/Find-your-Palm-Leaf-mob.webp\" \/>\n            <source media=\"(min-width: 1000px)\" srcset=\"https:\/\/mypalmleaf.com\/wp-content\/uploads\/2024\/08\/Find-your-Palm-Leaf.webp\" \/>\n            <img decoding=\"async\" src=\"https:\/\/mypalmleaf.com\/wp-content\/uploads\/2024\/08\/Find-your-Palm-Leaf.webp\" class=\"img-fluid\" alt=\"\" \/>\n          <\/picture>\n        <\/div>\n      <\/div>\n    <\/div>\n    <div class=\"content\">\n      <div class=\"container-xl\" data-aos=\"fade-up\" data-aos-duration=\"1000\">\n        <div class=\"row py-4\">\n          <div class=\"col-lg-8 mx-auto\">\n            <h2 class=\"mb-2\">Find dit palmeblad<\/h2>\n            <ul>\n<li>Alt, hvad du beh\u00f8ver for at begynde at s\u00f8ge efter dit palmeblad, er dit tommelfingeraftryk.<\/li>\n<li>Hvis du har brug for en overs\u00e6ttelse til et andet sprog, kan vi g\u00f8re det for dig.<\/li>\n<li>Hvis vi ikke kan finde dit palmeblad inden for 3 passende datoer, refunderer vi dig det fulde bel\u00f8b.<\/li>\n<\/ul>\n          <\/div>\n        <\/div>\n        <div class=\"row mt-4\">\n          <div class=\"col text-center\">\n            <a href=\"\/da\/prices\/find-your-palm-leaf-and-read-the-general-chapter\/\" class=\"btn btn-primary\">Find mit blad<\/a>\n          <\/div>\n        <\/div>\n      <\/div>\n    <\/div>\n  <\/div>\n<\/section>","protected":false},"excerpt":{"rendered":"","protected":false},"author":1,"featured_media":0,"parent":0,"menu_order":0,"comment_status":"closed","ping_status":"closed","template":"","meta":{"_acf_changed":false,"footnotes":""},"class_list":["post-33304","page","type-page","status-publish","hentry"],"acf":[],"yoast_head":"<!-- This site is optimized with the Yoast SEO plugin v26.4 - https:\/\/yoast.com\/wordpress\/plugins\/seo\/ -->\n<title>OFTE STILLEDE SP\u00d8RGSM\u00c5L - My Palm Leaf<\/title>\n<meta name=\"robots\" content=\"index, follow, max-snippet:-1, max-image-preview:large, max-video-preview:-1\" \/>\n<link rel=\"canonical\" href=\"https:\/\/mypalmleaf.com\/da\/ofte-stillede-spoergsmaal\/\" \/>\n<meta property=\"og:locale\" content=\"da_DK\" \/>\n<meta property=\"og:type\" content=\"article\" \/>\n<meta property=\"og:title\" content=\"OFTE STILLEDE SP\u00d8RGSM\u00c5L - My Palm Leaf\" \/>\n<meta property=\"og:url\" content=\"https:\/\/mypalmleaf.com\/da\/ofte-stillede-spoergsmaal\/\" \/>\n<meta property=\"og:site_name\" content=\"My Palm Leaf\" \/>\n<meta property=\"article:modified_time\" content=\"2025-07-07T10:32:23+00:00\" \/>\n<meta property=\"og:image\" content=\"https:\/\/mypalmleaf.com\/wp-content\/uploads\/2025\/08\/mpl-circle-logo.jpg\" \/>\n\t<meta property=\"og:image:width\" content=\"1200\" \/>\n\t<meta property=\"og:image:height\" content=\"1196\" \/>\n\t<meta property=\"og:image:type\" content=\"image\/jpeg\" \/>\n<meta name=\"twitter:card\" content=\"summary_large_image\" \/>\n<script type=\"application\/ld+json\" class=\"yoast-schema-graph\">{\"@context\":\"https:\/\/schema.org\",\"@graph\":[{\"@type\":\"WebPage\",\"@id\":\"https:\/\/mypalmleaf.com\/da\/ofte-stillede-spoergsmaal\/\",\"url\":\"https:\/\/mypalmleaf.com\/da\/ofte-stillede-spoergsmaal\/\",\"name\":\"OFTE STILLEDE SP\u00d8RGSM\u00c5L - My Palm Leaf\",\"isPartOf\":{\"@id\":\"https:\/\/mypalmleaf.com\/#website\"},\"datePublished\":\"2024-08-14T07:24:30+00:00\",\"dateModified\":\"2025-07-07T10:32:23+00:00\",\"breadcrumb\":{\"@id\":\"https:\/\/mypalmleaf.com\/da\/ofte-stillede-spoergsmaal\/#breadcrumb\"},\"inLanguage\":\"da-DK\",\"potentialAction\":[{\"@type\":\"ReadAction\",\"target\":[\"https:\/\/mypalmleaf.com\/da\/ofte-stillede-spoergsmaal\/\"]}]},{\"@type\":\"BreadcrumbList\",\"@id\":\"https:\/\/mypalmleaf.com\/da\/ofte-stillede-spoergsmaal\/#breadcrumb\",\"itemListElement\":[{\"@type\":\"ListItem\",\"position\":1,\"name\":\"Home\",\"item\":\"https:\/\/mypalmleaf.com\/da\/\"},{\"@type\":\"ListItem\",\"position\":2,\"name\":\"OFTE STILLEDE SP\u00d8RGSM\u00c5L\"}]},{\"@type\":\"WebSite\",\"@id\":\"https:\/\/mypalmleaf.com\/#website\",\"url\":\"https:\/\/mypalmleaf.com\/\",\"name\":\"My Palm Leaf\",\"description\":\"\",\"potentialAction\":[{\"@type\":\"SearchAction\",\"target\":{\"@type\":\"EntryPoint\",\"urlTemplate\":\"https:\/\/mypalmleaf.com\/?s={search_term_string}\"},\"query-input\":{\"@type\":\"PropertyValueSpecification\",\"valueRequired\":true,\"valueName\":\"search_term_string\"}}],\"inLanguage\":\"da-DK\"}]}<\/script>\n<!-- \/ Yoast SEO plugin. -->","yoast_head_json":{"title":"OFTE STILLEDE SP\u00d8RGSM\u00c5L - My Palm Leaf","robots":{"index":"index","follow":"follow","max-snippet":"max-snippet:-1","max-image-preview":"max-image-preview:large","max-video-preview":"max-video-preview:-1"},"canonical":"https:\/\/mypalmleaf.com\/da\/ofte-stillede-spoergsmaal\/","og_locale":"da_DK","og_type":"article","og_title":"OFTE STILLEDE SP\u00d8RGSM\u00c5L - My Palm Leaf","og_url":"https:\/\/mypalmleaf.com\/da\/ofte-stillede-spoergsmaal\/","og_site_name":"My Palm Leaf","article_modified_time":"2025-07-07T10:32:23+00:00","og_image":[{"width":1200,"height":1196,"url":"https:\/\/mypalmleaf.com\/wp-content\/uploads\/2025\/08\/mpl-circle-logo.jpg","type":"image\/jpeg"}],"twitter_card":"summary_large_image","schema":{"@context":"https:\/\/schema.org","@graph":[{"@type":"WebPage","@id":"https:\/\/mypalmleaf.com\/da\/ofte-stillede-spoergsmaal\/","url":"https:\/\/mypalmleaf.com\/da\/ofte-stillede-spoergsmaal\/","name":"OFTE STILLEDE SP\u00d8RGSM\u00c5L - My Palm Leaf","isPartOf":{"@id":"https:\/\/mypalmleaf.com\/#website"},"datePublished":"2024-08-14T07:24:30+00:00","dateModified":"2025-07-07T10:32:23+00:00","breadcrumb":{"@id":"https:\/\/mypalmleaf.com\/da\/ofte-stillede-spoergsmaal\/#breadcrumb"},"inLanguage":"da-DK","potentialAction":[{"@type":"ReadAction","target":["https:\/\/mypalmleaf.com\/da\/ofte-stillede-spoergsmaal\/"]}]},{"@type":"BreadcrumbList","@id":"https:\/\/mypalmleaf.com\/da\/ofte-stillede-spoergsmaal\/#breadcrumb","itemListElement":[{"@type":"ListItem","position":1,"name":"Home","item":"https:\/\/mypalmleaf.com\/da\/"},{"@type":"ListItem","position":2,"name":"OFTE STILLEDE SP\u00d8RGSM\u00c5L"}]},{"@type":"WebSite","@id":"https:\/\/mypalmleaf.com\/#website","url":"https:\/\/mypalmleaf.com\/","name":"My Palm Leaf","description":"","potentialAction":[{"@type":"SearchAction","target":{"@type":"EntryPoint","urlTemplate":"https:\/\/mypalmleaf.com\/?s={search_term_string}"},"query-input":{"@type":"PropertyValueSpecification","valueRequired":true,"valueName":"search_term_string"}}],"inLanguage":"da-DK"}]}},"_links":{"self":[{"href":"https:\/\/mypalmleaf.com\/da\/wp-json\/wp\/v2\/pages\/33304","targetHints":{"allow":["GET"]}}],"collection":[{"href":"https:\/\/mypalmleaf.com\/da\/wp-json\/wp\/v2\/pages"}],"about":[{"href":"https:\/\/mypalmleaf.com\/da\/wp-json\/wp\/v2\/types\/page"}],"author":[{"embeddable":true,"href":"https:\/\/mypalmleaf.com\/da\/wp-json\/wp\/v2\/users\/1"}],"replies":[{"embeddable":true,"href":"https:\/\/mypalmleaf.com\/da\/wp-json\/wp\/v2\/comments?post=33304"}],"version-history":[{"count":0,"href":"https:\/\/mypalmleaf.com\/da\/wp-json\/wp\/v2\/pages\/33304\/revisions"}],"wp:attachment":[{"href":"https:\/\/mypalmleaf.com\/da\/wp-json\/wp\/v2\/media?parent=33304"}],"curies":[{"name":"wp","href":"https:\/\/api.w.org\/{rel}","templated":true}]}}