
{"id":33318,"date":"2024-08-14T18:58:17","date_gmt":"2024-08-14T18:58:17","guid":{"rendered":"https:\/\/mypalmleaf.com\/tekst\/"},"modified":"2025-04-30T06:48:47","modified_gmt":"2025-04-30T06:48:47","slug":"tekst","status":"publish","type":"page","link":"https:\/\/mypalmleaf.com\/da\/tekst\/","title":{"rendered":"Tekst"},"content":{"rendered":"\n<section class=\"testimonial-block my-6 pt-5 pt-md-0 mb-4 mt-xs-4\">\n  <div class=\"container-xl\">\n    <div class=\"row\">\n      <div class=\"col text-center\">\n        <h1 class=\"py-4\">Udtalelser<\/h1>\n      <\/div>\n    <\/div>\n    <div class=\"row\">\n      <div class=\"col text-center\">\n        <div class=\"tetimonial-tabs\">\n          <ul>\n            <li>\n              <ul>\n                                                  <li><a href=\"https:\/\/mypalmleaf.com\/da\/video\/\" class=\"\">Video<\/a><\/li>\n                                                    <li><a href=\"javascript:;\" class=\"active\">Tekst<\/a><\/li>\n                                                <\/ul>\n            <\/li>\n          <\/ul>\n        <\/div>\n      <\/div>\n    <\/div>\n    <div class=\"row\">\n              <div class=\"col-lg-6 slider-wrap inner my-5\">\n          <div class=\"slides\">\n            <div class=\"wrap\">\n              <div class=\"user-img\"><img decoding=\"async\" src=\"https:\/\/mypalmleaf.com\/wp-content\/uploads\/2024\/09\/testimonials_crystal.jpg\" class=\"img-fluid rounded-circle\" alt=\"\"><\/div>\n              <div class=\"text\">\n                <p>\u201cMin palmebladsl\u00e6sning var oplysende og inspirerende. Fra begyndelsen oplevede jeg mange f\u00f8lelser relateret til min l\u00e6sning \u2013 nerv\u00f8sitet over opgaveprocessen, begejstring over at opdage mit blad og undren over indholdet.\u201d<\/p>\n              <\/div>\n              <div class=\"name\">Crystal<\/div>\n            <\/div>\n          <\/div>\n        <\/div>\n              <div class=\"col-lg-6 slider-wrap inner my-5\">\n          <div class=\"slides\">\n            <div class=\"wrap\">\n              <div class=\"user-img\"><img decoding=\"async\" src=\"https:\/\/mypalmleaf.com\/wp-content\/uploads\/2024\/09\/testimonials_ricky.jpg\" class=\"img-fluid rounded-circle\" alt=\"\"><\/div>\n              <div class=\"text\">\n                <p>\u201cPalml\u00e6sning var en dyrebar og n\u00e6rende gave til min sj\u00e6l. Rishiernes indsigt og vejledning samt remedierne var en smuk bekr\u00e6ftelse p\u00e5, at jeg er p\u00e5 rette vej. Et brusebad af tro og tillid, der tjente mig som en stor st\u00f8tte.<\/p>\n<p>Et par uger efter h\u00e5ndfladel\u00e6sningen m\u00e6rker jeg l\u00e6sningens velsignelse, forbindelsen til denne \u00e6ldgamle tradition, og jeg kan se nogle transformationer finde sted.\u201d<\/p>\n              <\/div>\n              <div class=\"name\">Ricky<\/div>\n            <\/div>\n          <\/div>\n        <\/div>\n              <div class=\"col-lg-6 slider-wrap inner my-5\">\n          <div class=\"slides\">\n            <div class=\"wrap\">\n              <div class=\"user-img\"><img decoding=\"async\" src=\"https:\/\/mypalmleaf.com\/wp-content\/uploads\/2024\/09\/testimonials_aimee.jpg\" class=\"img-fluid rounded-circle\" alt=\"\"><\/div>\n              <div class=\"text\">\n                <p>At finde mit palmeblad var mere chokerende og helligt, end jeg havde forventet. Alle involverede var virkelig \u00e6gte, og jeg f\u00f8lte mig velsignet over at have deres st\u00f8tte. At l\u00e6se hjalp mig med at stole mere og overgive mig til k\u00e6rligheden. Det bekr\u00e6ftede mig, hvilken karma og hvilke udfordringer jeg skal overvinde i mit liv, hvilket allerede giver mig mere flydende og \u00e5benhed i livet.<\/p>\n              <\/div>\n              <div class=\"name\">Aimee<\/div>\n            <\/div>\n          <\/div>\n        <\/div>\n              <div class=\"col-lg-6 slider-wrap inner my-5\">\n          <div class=\"slides\">\n            <div class=\"wrap\">\n              <div class=\"user-img\"><img decoding=\"async\" src=\"https:\/\/mypalmleaf.com\/wp-content\/uploads\/2024\/09\/testimonials_jair.jpg\" class=\"img-fluid rounded-circle\" alt=\"\"><\/div>\n              <div class=\"text\">\n                <p>Min erfaring med palmebladsl\u00e6sning var meget kraftfuld. Da jeg f\u00f8rst h\u00f8rte om det, var jeg skeptisk, men senere, mens jeg chattede p\u00e5 Zoom med brahminen og den tamilske overs\u00e6tter, kunne jeg tydeligt m\u00e6rke n\u00f8jagtigheden af \u200b\u200bden information, jeg modtog, og \u00e5bne mig for rishi&#8217;ernes og hellighedens velsignelser bag dette. Mange tak for denne \u00f8jen\u00e5bnende oplevelse.<\/p>\n              <\/div>\n              <div class=\"name\">Jair<\/div>\n            <\/div>\n          <\/div>\n        <\/div>\n              <div class=\"col-lg-6 slider-wrap inner my-5\">\n          <div class=\"slides\">\n            <div class=\"wrap\">\n              <div class=\"user-img\"><img decoding=\"async\" src=\"https:\/\/mypalmleaf.com\/wp-content\/uploads\/2024\/08\/thomas.jpg\" class=\"img-fluid rounded-circle\" alt=\"\"><\/div>\n              <div class=\"text\">\n                <p>Jeg er mere end glad for, at palmebladet har fundet mig. Jeg er altid tiltrukket af at g\u00e5 dybere ind i mig selv p\u00e5 min vej, og dette palmeblad er et utroligt v\u00e6rkt\u00f8j til det. Jeg kan ikke vente med at anvende midlerne om et par dage til den kommende fuldm\u00e5ne.<\/p>\n<p>Tak Stephan for at koordinere og lette adgangen til palmebladet for alle, det er en stor gave til menneskeheden.<\/p>\n              <\/div>\n              <div class=\"name\">Thomas<\/div>\n            <\/div>\n          <\/div>\n        <\/div>\n              <div class=\"col-lg-6 slider-wrap inner my-5\">\n          <div class=\"slides\">\n            <div class=\"wrap\">\n              <div class=\"user-img\"><img decoding=\"async\" src=\"https:\/\/mypalmleaf.com\/wp-content\/uploads\/2024\/08\/casey.jpg\" class=\"img-fluid rounded-circle\" alt=\"\"><\/div>\n              <div class=\"text\">\n                <p>At finde mit palmeblad har hjulpet mig til at have mere tro p\u00e5 livet og den m\u00e5de, tingene sker p\u00e5. Jeg var altid en, der spekulerede p\u00e5, om jeg var p\u00e5 rette vej, hvilket afholdt mig fra at komme videre p\u00e5 mange m\u00e5der. Den vejledning, jeg modtog fra rishi&#8217;erne, gav mig en f\u00f8lelse af &#8220;tilladelse&#8221; til at leve den livssti, jeg altid har f\u00f8lt mig kaldet til, og at have mere tillid til min proces og den m\u00e5de, tingene udvikler sig p\u00e5. At modtage rishiernes velsignelser var en stor gave.<\/p>\n              <\/div>\n              <div class=\"name\">Casey<\/div>\n            <\/div>\n          <\/div>\n        <\/div>\n          <\/div>\n        <\/div>\n  <\/div>\n      <div class=\"parallax-item-5 parallax-item\" data-speed=\"parallax-item-7\"><img decoding=\"async\" src=\"https:\/\/mypalmleaf.com\/wp-content\/uploads\/2024\/08\/parallax-item-5-2.png\" class=\"img-fluid\" alt=\"\"><\/div>\n  <\/section>","protected":false},"excerpt":{"rendered":"","protected":false},"author":1,"featured_media":0,"parent":0,"menu_order":0,"comment_status":"closed","ping_status":"closed","template":"","meta":{"_acf_changed":false,"footnotes":""},"class_list":["post-33318","page","type-page","status-publish","hentry"],"acf":[],"yoast_head":"<!-- This site is optimized with the Yoast SEO plugin v26.4 - https:\/\/yoast.com\/wordpress\/plugins\/seo\/ -->\n<title>Tekst - My Palm Leaf<\/title>\n<meta name=\"description\" content=\"Opdag den skrevne visdom i gamle palmeblade, og f\u00e5 personlige indsigter og vejledning til at oplyse din livsvej og form\u00e5l.\" \/>\n<meta name=\"robots\" content=\"index, follow, max-snippet:-1, max-image-preview:large, max-video-preview:-1\" \/>\n<link rel=\"canonical\" href=\"https:\/\/mypalmleaf.com\/palm-leaf-reading-text-testimonials\/\" \/>\n<meta property=\"og:locale\" content=\"da_DK\" \/>\n<meta property=\"og:type\" content=\"article\" \/>\n<meta property=\"og:title\" content=\"Tekst - My Palm Leaf\" \/>\n<meta property=\"og:description\" content=\"Opdag den skrevne visdom i gamle palmeblade, og f\u00e5 personlige indsigter og vejledning til at oplyse din livsvej og form\u00e5l.\" \/>\n<meta property=\"og:url\" content=\"https:\/\/mypalmleaf.com\/palm-leaf-reading-text-testimonials\/\" \/>\n<meta property=\"og:site_name\" content=\"My Palm Leaf\" \/>\n<meta property=\"article:modified_time\" content=\"2025-04-30T06:48:47+00:00\" \/>\n<meta property=\"og:image\" content=\"https:\/\/mypalmleaf.com\/wp-content\/uploads\/2025\/08\/mpl-circle-logo.jpg\" \/>\n\t<meta property=\"og:image:width\" content=\"1200\" \/>\n\t<meta property=\"og:image:height\" content=\"1196\" \/>\n\t<meta property=\"og:image:type\" content=\"image\/jpeg\" \/>\n<meta name=\"twitter:card\" content=\"summary_large_image\" \/>\n<script type=\"application\/ld+json\" class=\"yoast-schema-graph\">{\"@context\":\"https:\/\/schema.org\",\"@graph\":[{\"@type\":\"WebPage\",\"@id\":\"https:\/\/mypalmleaf.com\/palm-leaf-reading-text-testimonials\/\",\"url\":\"https:\/\/mypalmleaf.com\/palm-leaf-reading-text-testimonials\/\",\"name\":\"Tekst - My Palm Leaf\",\"isPartOf\":{\"@id\":\"https:\/\/mypalmleaf.com\/#website\"},\"datePublished\":\"2024-08-14T18:58:17+00:00\",\"dateModified\":\"2025-04-30T06:48:47+00:00\",\"description\":\"Opdag den skrevne visdom i gamle palmeblade, og f\u00e5 personlige indsigter og vejledning til at oplyse din livsvej og form\u00e5l.\",\"breadcrumb\":{\"@id\":\"https:\/\/mypalmleaf.com\/palm-leaf-reading-text-testimonials\/#breadcrumb\"},\"inLanguage\":\"da-DK\",\"potentialAction\":[{\"@type\":\"ReadAction\",\"target\":[\"https:\/\/mypalmleaf.com\/palm-leaf-reading-text-testimonials\/\"]}]},{\"@type\":\"BreadcrumbList\",\"@id\":\"https:\/\/mypalmleaf.com\/palm-leaf-reading-text-testimonials\/#breadcrumb\",\"itemListElement\":[{\"@type\":\"ListItem\",\"position\":1,\"name\":\"Home\",\"item\":\"https:\/\/mypalmleaf.com\/da\/\"},{\"@type\":\"ListItem\",\"position\":2,\"name\":\"Tekst\"}]},{\"@type\":\"WebSite\",\"@id\":\"https:\/\/mypalmleaf.com\/#website\",\"url\":\"https:\/\/mypalmleaf.com\/\",\"name\":\"My Palm Leaf\",\"description\":\"\",\"potentialAction\":[{\"@type\":\"SearchAction\",\"target\":{\"@type\":\"EntryPoint\",\"urlTemplate\":\"https:\/\/mypalmleaf.com\/?s={search_term_string}\"},\"query-input\":{\"@type\":\"PropertyValueSpecification\",\"valueRequired\":true,\"valueName\":\"search_term_string\"}}],\"inLanguage\":\"da-DK\"}]}<\/script>\n<!-- \/ Yoast SEO plugin. -->","yoast_head_json":{"title":"Tekst - My Palm Leaf","description":"Opdag den skrevne visdom i gamle palmeblade, og f\u00e5 personlige indsigter og vejledning til at oplyse din livsvej og form\u00e5l.","robots":{"index":"index","follow":"follow","max-snippet":"max-snippet:-1","max-image-preview":"max-image-preview:large","max-video-preview":"max-video-preview:-1"},"canonical":"https:\/\/mypalmleaf.com\/palm-leaf-reading-text-testimonials\/","og_locale":"da_DK","og_type":"article","og_title":"Tekst - My Palm Leaf","og_description":"Opdag den skrevne visdom i gamle palmeblade, og f\u00e5 personlige indsigter og vejledning til at oplyse din livsvej og form\u00e5l.","og_url":"https:\/\/mypalmleaf.com\/palm-leaf-reading-text-testimonials\/","og_site_name":"My Palm Leaf","article_modified_time":"2025-04-30T06:48:47+00:00","og_image":[{"width":1200,"height":1196,"url":"https:\/\/mypalmleaf.com\/wp-content\/uploads\/2025\/08\/mpl-circle-logo.jpg","type":"image\/jpeg"}],"twitter_card":"summary_large_image","schema":{"@context":"https:\/\/schema.org","@graph":[{"@type":"WebPage","@id":"https:\/\/mypalmleaf.com\/palm-leaf-reading-text-testimonials\/","url":"https:\/\/mypalmleaf.com\/palm-leaf-reading-text-testimonials\/","name":"Tekst - My Palm Leaf","isPartOf":{"@id":"https:\/\/mypalmleaf.com\/#website"},"datePublished":"2024-08-14T18:58:17+00:00","dateModified":"2025-04-30T06:48:47+00:00","description":"Opdag den skrevne visdom i gamle palmeblade, og f\u00e5 personlige indsigter og vejledning til at oplyse din livsvej og form\u00e5l.","breadcrumb":{"@id":"https:\/\/mypalmleaf.com\/palm-leaf-reading-text-testimonials\/#breadcrumb"},"inLanguage":"da-DK","potentialAction":[{"@type":"ReadAction","target":["https:\/\/mypalmleaf.com\/palm-leaf-reading-text-testimonials\/"]}]},{"@type":"BreadcrumbList","@id":"https:\/\/mypalmleaf.com\/palm-leaf-reading-text-testimonials\/#breadcrumb","itemListElement":[{"@type":"ListItem","position":1,"name":"Home","item":"https:\/\/mypalmleaf.com\/da\/"},{"@type":"ListItem","position":2,"name":"Tekst"}]},{"@type":"WebSite","@id":"https:\/\/mypalmleaf.com\/#website","url":"https:\/\/mypalmleaf.com\/","name":"My Palm Leaf","description":"","potentialAction":[{"@type":"SearchAction","target":{"@type":"EntryPoint","urlTemplate":"https:\/\/mypalmleaf.com\/?s={search_term_string}"},"query-input":{"@type":"PropertyValueSpecification","valueRequired":true,"valueName":"search_term_string"}}],"inLanguage":"da-DK"}]}},"_links":{"self":[{"href":"https:\/\/mypalmleaf.com\/da\/wp-json\/wp\/v2\/pages\/33318","targetHints":{"allow":["GET"]}}],"collection":[{"href":"https:\/\/mypalmleaf.com\/da\/wp-json\/wp\/v2\/pages"}],"about":[{"href":"https:\/\/mypalmleaf.com\/da\/wp-json\/wp\/v2\/types\/page"}],"author":[{"embeddable":true,"href":"https:\/\/mypalmleaf.com\/da\/wp-json\/wp\/v2\/users\/1"}],"replies":[{"embeddable":true,"href":"https:\/\/mypalmleaf.com\/da\/wp-json\/wp\/v2\/comments?post=33318"}],"version-history":[{"count":0,"href":"https:\/\/mypalmleaf.com\/da\/wp-json\/wp\/v2\/pages\/33318\/revisions"}],"wp:attachment":[{"href":"https:\/\/mypalmleaf.com\/da\/wp-json\/wp\/v2\/media?parent=33318"}],"curies":[{"name":"wp","href":"https:\/\/api.w.org\/{rel}","templated":true}]}}