
{"id":36461,"date":"2024-08-15T02:38:41","date_gmt":"2024-08-15T02:38:41","guid":{"rendered":"https:\/\/mypalmleaf.com\/palmeblade\/"},"modified":"2025-07-07T11:04:32","modified_gmt":"2025-07-07T11:04:32","slug":"palmeblade","status":"publish","type":"page","link":"https:\/\/mypalmleaf.com\/da\/palmeblade\/","title":{"rendered":"Palmeblade"},"content":{"rendered":"\n<section class=\"spotlight-main small top-gap\">\n    <!-- <div class=\"slider-wrap\" data-flickity='{ \"cellAlign\": \"left\", \"contain\": true, \"wrapAround\": true, \"setGallerySize\": false }'> -->\n    <div class=\"slider-wrap\" data-flickity='{ \"cellAlign\": \"left\", \"contain\": true, \"wrapAround\": true, \"setGallerySize\": false  }'>\n            <div class=\"slides\">\n        <div class=\"content-wrap\">\n          <div class=\"image\">\n            <picture>\n              <source media=\"(max-width: 999px)\" srcset=\"https:\/\/mypalmleaf.com\/wp-content\/uploads\/2024\/08\/indian-palm-leaf-spotlight-mob.webp\" \/>\n              <source media=\"(min-width: 1000px)\" srcset=\"https:\/\/mypalmleaf.com\/wp-content\/uploads\/2024\/08\/indian-palm-leaf-spotlight.webp\" \/>\n              <img decoding=\"async\" src=\"https:\/\/mypalmleaf.com\/wp-content\/uploads\/2024\/08\/indian-palm-leaf-spotlight.webp\" class=\"img-fluid\" alt=\"\" \/>\n            <\/picture>\n          <\/div>\n          <div class=\"content\">\n            <div data-aos=\"fade-up\" data-aos-duration=\"1000\">\n              <h2 class=\"\">De indiske palmeblade<\/h2>\n                                 \n            <\/div>\n          <\/div>\n        <\/div>\n      <\/div>\n          <\/div>\n<\/section><section class=\"faq-top-section my-6 mb-4 mt-xs-4 position-relative\">\n    <div class=\"container\">\n      <div class=\"row\">\n        <div class=\"col-lg-10 mx-auto\">\n            <div class=\"row justify-content-between align-items-center\">\n                <div class=\"col-lg-7\">\n                    <div class=\"rounded-asset\">\n                        <img decoding=\"async\" src=\"https:\/\/mypalmleaf.com\/wp-content\/uploads\/2024\/09\/What-Are-Palm-Leaves.jpg\" class=\"img-fluid\" alt=\"\"><div class=\"play-icon\"><\/div>\n                        <a href=\"https:\/\/www.youtube.com\/watch?v=9GdNX4SAHCA\" class=\"stretched-link\" data-lity><\/a>\n                      <\/div>\n                <\/div>\n                <div class=\"col-lg-5\">\n                    <h3>Find dit personlige palmeblad: En port til din fortid, nutid og fremtid<\/h3>\n                <\/div>\n            <\/div>\n        <\/div>\n        \n        <div class=\"col-lg-12 text-center my-5\" data-aos=\"fade-up\" data-aos-duration=\"1000\">\n            <p class=\"mb-3\">Indiske palmeblade, ogs\u00e5 kendt som Nadi palmeblade, er gamle manuskripter, som menes at indeholde individers livshistorier og sk\u00e6bner. Disse hellige tekster, der er skrevet med en gammel tamilsk skrift, blev indskrevet af oplyste vism\u00e6nd kaldet Rishis for tusindvis af \u00e5r siden. <strong>  Rishierne brugte deres dybe spirituelle indsigt til at registrere detaljerede oplysninger om enkeltpersoners liv, herunder aspekter som karriere, forhold, sundhed og spirituel v\u00e6kst.<\/strong><\/p>\n<p>&nbsp;<\/p>\n<p class=\"mb-3\">Hvert palmeblad er unikt og svarer til en bestemt person og er beregnet til at blive fundet p\u00e5 det rigtige tidspunkt, n\u00e5r den enkelte er klar til at modtage den vejledning og visdom, det indeholder. Disse blade opbevares i Nadi-biblioteker, som prim\u00e6rt ligger i Sydindien. En Nadi-l\u00e6sning indeb\u00e6rer, at en persons tommelfingeraftryk eller grundl\u00e6ggende detaljer matches med det tilsvarende blad, hvilket afsl\u00f8rer personlig indsigt og r\u00e5d til deres livsrejse.  <\/p>\n<p class=\"mb-3\"><strong>Hos Mypalmleaf hj\u00e6lper vi med at forbinde enkeltpersoner med disse gamle manuskripter og tilbyder en unik blanding af tradition og moderne tilg\u00e6ngelighed til at udforske rishiernes visdom og vejledning.<br \/>\n<\/strong><\/p>\n<h4 class=\"my-3\"><strong>Forskellige slags skrifter med palmeblade<\/strong><\/h4>\n<p>Ud over palmebladene, som indeholder de enkelte menneskers livshistorier, er der ogs\u00e5 mange gamle skrifter, som blev skrevet p\u00e5 palmeblade, f.eks. tekster om ayurveda, spiritualitet, astrologi og s\u00e5 videre. Oprindeligt blev de fleste af de gamle indiske skrifter skrevet p\u00e5 palmeblade, som blev brugt som papir i dag. <\/p>\n        <\/div>\n      <\/div>\n    <\/div>\n                  <div class=\"parallax-item-3 parallax-item\" data-speed=\".08\"><img decoding=\"async\" src=\"https:\/\/mypalmleaf.com\/wp-content\/uploads\/2024\/08\/parallax-item-3-3.png\" class=\"img-fluid\" alt=\"\"><\/div>\n          <\/section><section class=\"how-palm-leaves-written-block my-6 mt-0\">\n  <div class=\"container\">\n    <div class=\"row text-center\" data-aos=\"fade-up\" data-aos-duration=\"1000\">\n      <div class=\"col-lg-12\">\n        <h3>Hvordan er palmebladene skrevet og bevaret?<\/h3>\n        <h5 class=\"mt-4\"><strong>  Skriver p\u00e5 palmebladene<\/strong><\/h5>\n      <\/div>\n    <\/div>\n\n    <div class=\"row justify-content-center my-4\">\n      <div class=\"col-lg-12 writing-the-palm-leaf-block\">\n        <ul class=\"foldable-leaf\">\n                                <li data-aos=\"flip-up\" data-aos-duration=\"1000\" data-aos-offset=\"10\"   class=\"aos-init aos-animate\">\n              <div class=\"image\"><img decoding=\"async\" src=\"https:\/\/mypalmleaf.com\/wp-content\/uploads\/2024\/09\/writing-the-palm-leaves.png\" class=\"img-fluid\" alt=\"\"><\/div>\n              <div class=\"content\">\n                <div class=\"desc\">\n                  <div class=\"title\">Materiale<\/div>\n                  <p>Manuskripterne er skabt af bladene fra Talipot-palmen, et tr\u00e6, der er kendt for sine store og holdbare blade. Disse blade er valgt p\u00e5 grund af deres lange levetid og modstandsdygtighed. <\/p>\n                <\/div>\n              <\/div>\n            <\/li>\n                                  <li data-aos=\"flip-up\" data-aos-duration=\"1000\" data-aos-offset=\"10\" data-aos-delay=\"100\"  class=\"aos-init aos-animate\">\n              <div class=\"image\"><img decoding=\"async\" src=\"https:\/\/mypalmleaf.com\/wp-content\/uploads\/2024\/09\/writing-the-palm-leaves.png\" class=\"img-fluid\" alt=\"\"><\/div>\n              <div class=\"content\">\n                <div class=\"desc\">\n                  <div class=\"title\">Forberedelse<\/div>\n                  <p>Bladene indsamles f\u00f8rst og t\u00f8rres derefter for at fjerne fugt, hvilket g\u00f8r dem robuste nok til at skrive p\u00e5. Efter t\u00f8rring sk\u00e6res de i strimler af ensartet st\u00f8rrelse. <\/p>\n                <\/div>\n              <\/div>\n            <\/li>\n                                  <li data-aos=\"flip-up\" data-aos-duration=\"1000\" data-aos-offset=\"10\" data-aos-delay=\"200\"  class=\"aos-init aos-animate\">\n              <div class=\"image\"><img decoding=\"async\" src=\"https:\/\/mypalmleaf.com\/wp-content\/uploads\/2024\/09\/writing-the-palm-leaves.png\" class=\"img-fluid\" alt=\"\"><\/div>\n              <div class=\"content\">\n                <div class=\"desc\">\n                  <div class=\"title\">Indskrift<\/div>\n                  <p>Teksten indskrives ved hj\u00e6lp af en skarp pen, som \u00e6tser skriften p\u00e5 bladene. Skriften er udf\u00f8rt i en gammel skrifttype kaldet Tamil Vattezhuthu eller Old Tamil, som er kendt for sin sk\u00f8nhed og kompleksitet. <\/p>\n                <\/div>\n              <\/div>\n            <\/li>\n                                  <li data-aos=\"flip-up\" data-aos-duration=\"1000\" data-aos-offset=\"10\" data-aos-delay=\"300\"  class=\"aos-init aos-animate\">\n              <div class=\"image\"><img decoding=\"async\" src=\"https:\/\/mypalmleaf.com\/wp-content\/uploads\/2024\/09\/writing-the-palm-leaves.png\" class=\"img-fluid\" alt=\"\"><\/div>\n              <div class=\"content\">\n                <div class=\"desc\">\n                  <div class=\"title\">Indfarvning<\/div>\n                  <p>For at g\u00f8re indskrifterne mere synlige p\u00e5f\u00f8res bl\u00e6k lavet af naturlige stoffer som tr\u00e6kul eller gurkemeje over \u00e6tsningerne. Bl\u00e6kket l\u00e6gger sig i rillerne og fremh\u00e6ver teksten mod bladets overflade. <\/p>\n                <\/div>\n              <\/div>\n            <\/li>\n                              <\/ul>\n      <\/div>\n    <\/div>\n  <\/div>\n<\/section>\n<section class=\"preservation-of-palm-leaf\">\n  <div class=\"container\">\n    <div class=\"row\">\n      <div class=\"col-lg-12\" data-aos=\"fade-up\" data-aos-duration=\"1000\">\n        <h4 class=\"my-4 text-center\"><strong>Konservering af palmeblade<\/strong><\/h4>\n      <\/div>\n    <\/div>\n    <div class=\"row text-center justify-content-between my-4\">\n              <div class=\"col-lg-5 my-4\" data-aos=\"fade-up\" data-aos-duration=\"1000\">\n          <div class=\"icon\"><img decoding=\"async\" src=\"https:\/\/mypalmleaf.com\/wp-content\/uploads\/2024\/09\/preserve-palm-leaf-icon-1.png\" alt=\"\"><\/div>\n          <div class=\"title\">Klimakontrol<\/div>\n          <div class=\"desc\">\n            <p>Palmebladene opbevares under s\u00e6rlige forhold for at beskytte dem mod fugt, insekter og andre skadelige elementer. Nadi-bibliotekerne, som prim\u00e6rt ligger i Sydindien, har kontrollerede milj\u00f8er med passende luftfugtighed og temperatur. <\/p>\n          <\/div>\n        <\/div>\n              <div class=\"col-lg-5 my-4\" data-aos=\"fade-up\" data-aos-duration=\"1000\">\n          <div class=\"icon\"><img decoding=\"async\" src=\"https:\/\/mypalmleaf.com\/wp-content\/uploads\/2024\/09\/preserve-palm-leaf-icon-2.png\" alt=\"\"><\/div>\n          <div class=\"title\">Behandling med olier<\/div>\n          <div class=\"desc\">\n            <p>Bladene behandles ofte med naturlige olier som kamfer eller neemolie for at forhindre forringelse og insektangreb. Denne traditionelle metode hj\u00e6lper med at bevare bladene i \u00e5rhundreder. <\/p>\n          <\/div>\n        <\/div>\n              <div class=\"col-lg-5 my-4\" data-aos=\"fade-up\" data-aos-duration=\"1000\">\n          <div class=\"icon\"><img decoding=\"async\" src=\"https:\/\/mypalmleaf.com\/wp-content\/uploads\/2024\/09\/preserve-palm-leaf-icon-3.png\" alt=\"\"><\/div>\n          <div class=\"title\">Periodisk vedligeholdelse<\/div>\n          <div class=\"desc\">\n            <p>Palmebladene opbevares under s\u00e6rlige forhold for at beskytte dem mod fugt, insekter og andre skadelige elementer. Nadi-bibliotekerne, som prim\u00e6rt ligger i Sydindien, har kontrollerede milj\u00f8er med passende luftfugtighed og temperatur. <\/p>\n          <\/div>\n        <\/div>\n              <div class=\"col-lg-5 my-4\" data-aos=\"fade-up\" data-aos-duration=\"1000\">\n          <div class=\"icon\"><img decoding=\"async\" src=\"https:\/\/mypalmleaf.com\/wp-content\/uploads\/2024\/09\/preserve-palm-leaf-icon-4.png\" alt=\"\"><\/div>\n          <div class=\"title\">Opbevaring<\/div>\n          <div class=\"desc\">\n            <p>Bladene opbevares i bundter, der hver is\u00e6r er bundet sammen og m\u00e6rket i henhold til den kategori eller type l\u00e6sning, de indeholder. Disse bundter opbevares i tr\u00e6- eller metalkasser for at beskytte dem mod fysiske skader og milj\u00f8m\u00e6ssige faktorer. <\/p>\n          <\/div>\n        <\/div>\n          <\/div>\n  <\/div>\n<\/section><section class=\"who-are-rishis my-5 position-relative\">\n  <div class=\"container\">\n    <div class=\"row\">\n      <div class=\"col-lg-12 text-center\">\n        <h3 class=\"my-5 mt-0\">Hvem er rishierne?<\/h3>\n        <div class=\"banner rounded-asset my-4\"><img decoding=\"async\" src=\"https:\/\/mypalmleaf.com\/wp-content\/uploads\/2024\/09\/who-are-the-rishis-1.jpg\" alt=\"\" class=\"img-fluid\"><\/div>\n        <p>Rishierne er de legendariske vism\u00e6nd og seere i det gamle Indien, der er kendt for deres utrolige \u00e5ndelige visdom og ekstraordin\u00e6re indsigt. Forestil dig, at du kan f\u00e5 adgang til en verden af guddommelig viden og universelle sandheder &#8211; det er rishiernes verden. Disse oplyste v\u00e6sener betragtes ofte som menneskehedens \u00e5ndelige pionerer, der udforskede bevidsthedens og kosmos&#8217; dybder.<\/p>\n<h4 class=\"mt-4\"><strong>De vision\u00e6re i den gamle visdom<\/strong><\/h4>\n<p>Ordet &#8220;Rishi&#8221; kommer af sanskritordet &#8220;\u1e5b\u1e63&#8221;, som betyder &#8220;at se&#8221; eller &#8220;at opfatte&#8221;. Det er ikke bare en hvilken som helst form for syn; Rishier er vision\u00e6re, der kan opfatte det usete og forst\u00e5 livets og universets dybe mysterier. De er som oldtidens \u00e5ndelige astronauter, der rejser ind i det guddommelige rige og bringer vidensskatte med tilbage.  <\/p>\n<h4 class=\"mt-4\"><strong>Rishierne i her og nu<\/strong><\/h4>\n<p>Selv om rishierne levede p\u00e5 denne planet i menneskelig form for tusinder af \u00e5r siden, st\u00f8tter de stadig menneskeheden og jorden fra de subtile dimensioner. Deres tilstedev\u00e6relse er tidl\u00f8s, og jo mere vi er bevidste om og \u00e5bne over for deres tilstedev\u00e6relse, jo mere kan deres velsignelse str\u00f8mme ind i vores liv. Dette er ogs\u00e5 form\u00e5let med palmebladene. De er mere end bare forudsigelser, men et spirituelt redskab, som hj\u00e6lper os med at forme vores liv gennem rishiernes energetiske st\u00f8tte.   <\/p>\n<h4 class=\"mt-4\"><strong>Forbindelsen mellem rishierne og palmebladene<\/strong><\/h4>\n<p>Rishierne, Indiens gamle vism\u00e6nd og seere, er de guddommelige forfattere til palmebladsmanuskripterne, kendt som Nadi-tekster. Disse oplyste v\u00e6sener nedskrev gennem dyb meditation og \u00e5ndelig indsigt enkeltpersoners sk\u00e6bner p\u00e5 palmeblade for tusindvis af \u00e5r siden. Ved hj\u00e6lp af den gamle tamilske skrift dokumenterede de detaljer om folks liv og gav dem \u00e5ndelig vejledning og indsigt i deres fortid, nutid og fremtid. Disse palmeblade er bevaret i Nadi-biblioteker og l\u00e6ses af Nadi-astrologer, som matcher en persons tommelfingeraftryk eller detaljer med det tilsvarende blad. Denne hellige tradition, som Mypalmleaf holder i h\u00e6vd, giver fortsat tidl\u00f8s visdom og klarhed og hj\u00e6lper s\u00f8gende med at forst\u00e5 deres livsrejse gennem rishiernes \u00f8jne.  <\/p>\n      <\/div>\n    <\/div>\n  <\/div>\n\n<\/section>","protected":false},"excerpt":{"rendered":"","protected":false},"author":1,"featured_media":0,"parent":0,"menu_order":0,"comment_status":"closed","ping_status":"closed","template":"","meta":{"_acf_changed":false,"footnotes":""},"class_list":["post-36461","page","type-page","status-publish","hentry"],"acf":[],"yoast_head":"<!-- This site is optimized with the Yoast SEO plugin v26.4 - https:\/\/yoast.com\/wordpress\/plugins\/seo\/ -->\n<title>Palmeblade - My Palm Leaf<\/title>\n<meta name=\"robots\" content=\"index, follow, max-snippet:-1, max-image-preview:large, max-video-preview:-1\" \/>\n<link rel=\"canonical\" href=\"https:\/\/mypalmleaf.com\/da\/palmeblade\/\" \/>\n<meta property=\"og:locale\" content=\"da_DK\" \/>\n<meta property=\"og:type\" content=\"article\" \/>\n<meta property=\"og:title\" content=\"Palmeblade - My Palm Leaf\" \/>\n<meta property=\"og:url\" content=\"https:\/\/mypalmleaf.com\/da\/palmeblade\/\" \/>\n<meta property=\"og:site_name\" content=\"My Palm Leaf\" \/>\n<meta property=\"article:modified_time\" content=\"2025-07-07T11:04:32+00:00\" \/>\n<meta property=\"og:image\" content=\"https:\/\/mypalmleaf.com\/wp-content\/uploads\/2025\/08\/mpl-circle-logo.jpg\" \/>\n\t<meta property=\"og:image:width\" content=\"1200\" \/>\n\t<meta property=\"og:image:height\" content=\"1196\" \/>\n\t<meta property=\"og:image:type\" content=\"image\/jpeg\" \/>\n<meta name=\"twitter:card\" content=\"summary_large_image\" \/>\n<script type=\"application\/ld+json\" class=\"yoast-schema-graph\">{\"@context\":\"https:\/\/schema.org\",\"@graph\":[{\"@type\":\"WebPage\",\"@id\":\"https:\/\/mypalmleaf.com\/da\/palmeblade\/\",\"url\":\"https:\/\/mypalmleaf.com\/da\/palmeblade\/\",\"name\":\"Palmeblade - My Palm Leaf\",\"isPartOf\":{\"@id\":\"https:\/\/mypalmleaf.com\/#website\"},\"datePublished\":\"2024-08-15T02:38:41+00:00\",\"dateModified\":\"2025-07-07T11:04:32+00:00\",\"breadcrumb\":{\"@id\":\"https:\/\/mypalmleaf.com\/da\/palmeblade\/#breadcrumb\"},\"inLanguage\":\"da-DK\",\"potentialAction\":[{\"@type\":\"ReadAction\",\"target\":[\"https:\/\/mypalmleaf.com\/da\/palmeblade\/\"]}]},{\"@type\":\"BreadcrumbList\",\"@id\":\"https:\/\/mypalmleaf.com\/da\/palmeblade\/#breadcrumb\",\"itemListElement\":[{\"@type\":\"ListItem\",\"position\":1,\"name\":\"Home\",\"item\":\"https:\/\/mypalmleaf.com\/da\/\"},{\"@type\":\"ListItem\",\"position\":2,\"name\":\"Palmeblade\"}]},{\"@type\":\"WebSite\",\"@id\":\"https:\/\/mypalmleaf.com\/#website\",\"url\":\"https:\/\/mypalmleaf.com\/\",\"name\":\"My Palm Leaf\",\"description\":\"\",\"potentialAction\":[{\"@type\":\"SearchAction\",\"target\":{\"@type\":\"EntryPoint\",\"urlTemplate\":\"https:\/\/mypalmleaf.com\/?s={search_term_string}\"},\"query-input\":{\"@type\":\"PropertyValueSpecification\",\"valueRequired\":true,\"valueName\":\"search_term_string\"}}],\"inLanguage\":\"da-DK\"}]}<\/script>\n<!-- \/ Yoast SEO plugin. -->","yoast_head_json":{"title":"Palmeblade - My Palm Leaf","robots":{"index":"index","follow":"follow","max-snippet":"max-snippet:-1","max-image-preview":"max-image-preview:large","max-video-preview":"max-video-preview:-1"},"canonical":"https:\/\/mypalmleaf.com\/da\/palmeblade\/","og_locale":"da_DK","og_type":"article","og_title":"Palmeblade - My Palm Leaf","og_url":"https:\/\/mypalmleaf.com\/da\/palmeblade\/","og_site_name":"My Palm Leaf","article_modified_time":"2025-07-07T11:04:32+00:00","og_image":[{"width":1200,"height":1196,"url":"https:\/\/mypalmleaf.com\/wp-content\/uploads\/2025\/08\/mpl-circle-logo.jpg","type":"image\/jpeg"}],"twitter_card":"summary_large_image","schema":{"@context":"https:\/\/schema.org","@graph":[{"@type":"WebPage","@id":"https:\/\/mypalmleaf.com\/da\/palmeblade\/","url":"https:\/\/mypalmleaf.com\/da\/palmeblade\/","name":"Palmeblade - My Palm Leaf","isPartOf":{"@id":"https:\/\/mypalmleaf.com\/#website"},"datePublished":"2024-08-15T02:38:41+00:00","dateModified":"2025-07-07T11:04:32+00:00","breadcrumb":{"@id":"https:\/\/mypalmleaf.com\/da\/palmeblade\/#breadcrumb"},"inLanguage":"da-DK","potentialAction":[{"@type":"ReadAction","target":["https:\/\/mypalmleaf.com\/da\/palmeblade\/"]}]},{"@type":"BreadcrumbList","@id":"https:\/\/mypalmleaf.com\/da\/palmeblade\/#breadcrumb","itemListElement":[{"@type":"ListItem","position":1,"name":"Home","item":"https:\/\/mypalmleaf.com\/da\/"},{"@type":"ListItem","position":2,"name":"Palmeblade"}]},{"@type":"WebSite","@id":"https:\/\/mypalmleaf.com\/#website","url":"https:\/\/mypalmleaf.com\/","name":"My Palm Leaf","description":"","potentialAction":[{"@type":"SearchAction","target":{"@type":"EntryPoint","urlTemplate":"https:\/\/mypalmleaf.com\/?s={search_term_string}"},"query-input":{"@type":"PropertyValueSpecification","valueRequired":true,"valueName":"search_term_string"}}],"inLanguage":"da-DK"}]}},"_links":{"self":[{"href":"https:\/\/mypalmleaf.com\/da\/wp-json\/wp\/v2\/pages\/36461","targetHints":{"allow":["GET"]}}],"collection":[{"href":"https:\/\/mypalmleaf.com\/da\/wp-json\/wp\/v2\/pages"}],"about":[{"href":"https:\/\/mypalmleaf.com\/da\/wp-json\/wp\/v2\/types\/page"}],"author":[{"embeddable":true,"href":"https:\/\/mypalmleaf.com\/da\/wp-json\/wp\/v2\/users\/1"}],"replies":[{"embeddable":true,"href":"https:\/\/mypalmleaf.com\/da\/wp-json\/wp\/v2\/comments?post=36461"}],"version-history":[{"count":0,"href":"https:\/\/mypalmleaf.com\/da\/wp-json\/wp\/v2\/pages\/36461\/revisions"}],"wp:attachment":[{"href":"https:\/\/mypalmleaf.com\/da\/wp-json\/wp\/v2\/media?parent=36461"}],"curies":[{"name":"wp","href":"https:\/\/api.w.org\/{rel}","templated":true}]}}