
{"id":36512,"date":"2024-09-05T05:42:23","date_gmt":"2024-09-05T05:42:23","guid":{"rendered":"https:\/\/mypalmleaf.com\/vilkaar-og-betingelser\/"},"modified":"2025-04-30T06:56:04","modified_gmt":"2025-04-30T06:56:04","slug":"vilkaar-og-betingelser","status":"publish","type":"page","link":"https:\/\/mypalmleaf.com\/da\/vilkaar-og-betingelser\/","title":{"rendered":"Vilk\u00e5r og betingelser"},"content":{"rendered":"\n<h2 class=\"wp-block-heading has-text-align-left\">Sidst opdateret: 22. november 2024<\/h2>\n\n<p><strong>AFTALE OM VILK\u00c5R<\/strong><\/p>\n\n<p><strong>Aftale<\/strong> om vilk\u00e5r Disse vilk\u00e5r og betingelser (&#8220;vilk\u00e5r&#8221;) udg\u00f8r en juridisk bindende aftale indg\u00e5et mellem dig, enten personligt eller p\u00e5 vegne af en enhed (&#8220;dig&#8221;) og Conscious Innovation Lab O\u00dc, der opererer som MyPalmLeaf (&#8220;MyPalmLeaf&#8221;, &#8220;vi&#8221;, &#8220;os&#8221; eller &#8220;vores&#8221;), vedr\u00f8rende din adgang til og brug af webstedet www.mypalmleaf.com og alle andre relaterede medieformer, kanaler, mobile websteder eller applikationer (samlet &#8220;webstedet&#8221;). Ved at g\u00e5 ind p\u00e5 eller bruge webstedet accepterer du, at du har l\u00e6st, forst\u00e5et og accepteret disse vilk\u00e5r. Hvis du ikke er enig i disse vilk\u00e5r, bedes du straks oph\u00f8re med at bruge webstedet.  <\/p>\n\n<p>MyPalmLeaf er registreret i Estland med hjemsted p\u00e5 adressen Sakala tn 7-2, Tallinn, Harju 10141.<span id=\"docs-internal-guid-39601ff5-7fff-94b4-2e21-c11b3f240ebd\"><div><span style=\"font-size: 12pt; font-family: Arial, sans-serif; color: rgb(13, 13, 13); background-color: transparent; font-variant-numeric: normal; font-variant-east-asian: normal; font-variant-alternates: normal; font-variant-position: normal; vertical-align: baseline;\"><\/span><\/div><\/span><strong>Supplerende<\/strong> vilk\u00e5r Supplerende vilk\u00e5r og betingelser eller dokumenter kan offentligg\u00f8res p\u00e5 webstedet og er indarbejdet i disse vilk\u00e5r ved henvisning. Vi forbeholder os ret til at opdatere eller \u00e6ndre disse vilk\u00e5r til enhver tid. \u00c6ndringer vil blive angivet med datoen &#8220;Sidst opdateret&#8221; \u00f8verst i dette dokument. Fortsat brug af webstedet efter eventuelle opdateringer udg\u00f8r en accept af de \u00e6ndrede vilk\u00e5r. Vi anbefaler, at du gennemg\u00e5r disse vilk\u00e5r med j\u00e6vne mellemrum.<br\/>Oplysningerne p\u00e5 webstedet er ikke beregnet til distribution til eller brug af nogen person eller enhed i nogen jurisdiktion eller noget land, hvor en s\u00e5dan distribution eller brug ville v\u00e6re i strid med lov eller regulering, eller som ville underkaste os noget registreringskrav i en s\u00e5dan jurisdiktion eller et s\u00e5dant land. De personer, der v\u00e6lger at f\u00e5 adgang til webstedet fra andre steder, g\u00f8r det derfor p\u00e5 eget initiativ og er eneansvarlige for at overholde lokal lovgivning, hvis og i det omfang lokal lovgivning er g\u00e6ldende.     <\/p>\n\n<p><strong>Juridisk overholdelse<\/strong> Webstedet er beregnet til brugere, der er mindst 18 \u00e5r gamle. Brugere, der f\u00e5r adgang til webstedet uden for Estland, skal sikre overholdelse af g\u00e6ldende lokal lovgivning. MyPalmLeaf kan ikke holdes ansvarlig for brug af webstedet i jurisdiktioner, hvor dets indhold eller funktionalitet kan v\u00e6re i strid med lokale bestemmelser. Bem\u00e6rk: Intet i disse vilk\u00e5r tilsides\u00e6tter forbrugerbeskyttelseslovene i dit bop\u00e6lsland inden for Den Europ\u00e6iske Union.   <\/p>\n\n<p><strong>Intellektuelle ejendomsrettigheder<\/strong> Webstedet og hele dets indhold, herunder men ikke begr\u00e6nset til tekst, grafik, logoer, billeder, videoer og software (samlet kaldet &#8220;indholdet&#8221;), ejes af eller er licenseret til MyPalmLeaf og er beskyttet af internationale love om ophavsret og varem\u00e6rker. Du f\u00e5r en begr\u00e6nset, ikke-eksklusiv, ikke-overf\u00f8rbar og genkaldelig licens til at bruge webstedet til personlige, ikke-kommercielle form\u00e5l. Uautoriseret reproduktion, distribution, \u00e6ndring eller udnyttelse af indholdet er strengt forbudt.  <br\/><\/p>\n\n<p>Tredjepartsindhold er underlagt dets respektive licensbetingelser, som forbliver tredjepartens ansvar.<\/p>\n\n<p><strong>Brugererkl\u00e6ringer<\/strong> Ved at bruge webstedet erkl\u00e6rer du, at:<\/p>\n\n<ul class=\"wp-block-list\">\n<li>Alle registreringsoplysninger, du giver, er korrekte og opdaterede.<\/li>\n\n\n\n<li>Du skal s\u00f8rge for, at dine kontooplysninger er sikre.<\/li>\n\n\n\n<li>Du m\u00e5 ikke bruge webstedet til ulovlige form\u00e5l eller i strid med g\u00e6ldende love.<\/li>\n\n\n\n<li>Du har retsevne til at acceptere disse vilk\u00e5r.<\/li>\n<\/ul>\n\n<p>Manglende overholdelse af disse erkl\u00e6ringer kan resultere i opsigelse af din konto.<\/p>\n\n<p><strong>Databeskyttelse<\/strong> Vi respekterer dit privatliv og behandler dine personoplysninger i overensstemmelse med vores privatlivspolitik, som er indarbejdet i disse vilk\u00e5r. Ved at bruge webstedet giver du dit samtykke til indsamling, brug og behandling af dine data som beskrevet i privatlivspolitikken. Hvis du befinder dig i Den Europ\u00e6iske Union, vil dine data blive behandlet i overensstemmelse med den generelle forordning om databeskyttelse (GDPR).  <\/p>\n\n<p>De vigtigste GDPR-principper, vi overholder, omfatter:<\/p>\n\n<ul class=\"wp-block-list\">\n<li>Gennemsigtighed: Klare og forst\u00e5elige forklaringer p\u00e5, hvordan dine data indsamles, behandles og opbevares.<\/li>\n\n\n\n<li>Ret til adgang: Du kan anmode om adgang til de data, vi opbevarer om dig.<\/li>\n\n\n\n<li>Ret til berigtigelse og sletning: Du kan anmode om berigtigelse eller sletning af dine persondata.<\/li>\n\n\n\n<li>Dataportabilitet: Du kan anmode om en kopi af dine data i et b\u00e6rbart format.<\/li>\n\n\n\n<li>Ret til at tr\u00e6kke samtykke tilbage: Du kan til enhver tid tr\u00e6kke dit samtykke til databehandling tilbage.<\/li>\n\n\n\n<li>Opbevaring: Data opbevares kun s\u00e5 l\u00e6nge, det er n\u00f8dvendigt for at opfylde de form\u00e5l, som de blev indsamlet til, medmindre andet er p\u00e5kr\u00e6vet ved lov.<\/li>\n<\/ul>\n\n<p>For foresp\u00f8rgsler om databeskyttelse, kontakt os p\u00e5 info@mypalmleaf.com. Tredjepartsleverand\u00f8rer, der behandler dine data, overholder g\u00e6ldende regler, is\u00e6r n\u00e5r de er placeret uden for EU. <br\/><\/p>\n\n<p><strong>Produkter og tjenester<\/strong> Vi bestr\u00e6ber os p\u00e5 at give n\u00f8jagtige beskrivelser af vores produkter og tjenester. Vi garanterer dog ikke, at beskrivelser, priser eller andet indhold er fejlfrit. Produkter og tjenester er afh\u00e6ngige af tilg\u00e6ngelighed, og priserne kan \u00e6ndres uden varsel. Alle betalinger behandles sikkert, og detaljer om accepterede betalingsmetoder kan findes p\u00e5 webstedet.   <br\/><\/p>\n\n<p><strong>Tilbagebetaling og returnering<\/strong> Alle salg er endelige. Der ydes ikke tilbagebetaling, medmindre det kr\u00e6ves i henhold til g\u00e6ldende forbrugerbeskyttelseslove. <br\/><\/p>\n\n<p><strong>Undtagelse:<\/strong> Hvis dit palmeblad ikke kan findes inden for 3 aftaler, er du berettiget til fuld refusion.<br\/><\/p>\n\n<p>De tjenester, der leveres af MyPalmLeaf, er meget personlige og skr\u00e6ddersyet til hver enkelt person baseret p\u00e5 deres unikke fingeraftryk. Ved at indsende dit fingeraftryk anerkender og accepterer du, at den leverede tjeneste er tilpasset specifikt til dig. <br\/><\/p>\n\n<p>I overensstemmelse med EU&#8217;s forbrugerbeskyttelseslovgivning er personaliserede tjenester undtaget fra den almindelige fortrydelsesret. N\u00e5r fingeraftrykket er sendt, og personaliseringsprocessen er p\u00e5begyndt, er det derfor ikke l\u00e6ngere muligt at refundere eller annullere. <br\/><\/p>\n\n<p><strong>Forbudte aktiviteter<\/strong> Du accepterer ikke at:<\/p>\n\n<p>Bruge webstedet til uautoriserede kommercielle form\u00e5l.<\/p>\n\n<p>Distribuere ondsindet software som f.eks. virus eller malware.<\/p>\n\n<p>Forstyrre webstedets sikkerhedsfunktioner.<\/p>\n\n<p>H\u00f8ste eller scrape brugerdata fra webstedet uden tilladelse.<\/p>\n\n<ul class=\"wp-block-list\">\n<li>Bruge webstedet til uautoriserede kommercielle form\u00e5l.<\/li>\n\n\n\n<li>Distribuere ondsindet software som f.eks. virus eller malware.<\/li>\n\n\n\n<li>Forstyrre webstedets sikkerhedsfunktioner.<\/li>\n\n\n\n<li>H\u00f8ste eller scrape brugerdata fra webstedet uden tilladelse.<\/li>\n\n\n\n<li>Deltage i aktiviteter, der skader webstedets funktionalitet eller omd\u00f8mme.<\/li>\n<\/ul>\n\n<p>Overtr\u00e6delser kan resultere i \u00f8jeblikkelig kontosuspension eller retslige skridt. Vi forbeholder os ret til at overv\u00e5ge aktiviteter p\u00e5 webstedet for at opdage og forhindre forbudte aktiviteter. <\/p>\n\n<p><strong>Brugergenererede bidrag<\/strong> Hvis webstedet giver mulighed for brugergenereret indhold (&#8220;bidrag&#8221;), accepterer du, at:<\/p>\n\n<ul class=\"wp-block-list\">\n<li>Dine bidrag kr\u00e6nker ikke tredjeparters rettigheder, herunder intellektuelle ejendomsrettigheder.<\/li>\n\n\n\n<li>Dine bidrag er ikke \u00e6rekr\u00e6nkende, uanst\u00e6ndige eller p\u00e5 anden m\u00e5de ulovlige.<\/li>\n\n\n\n<li>Du giver MyPalmLeaf en ikke-eksklusiv, royaltyfri, verdensomsp\u00e6ndende licens til at bruge, reproducere og distribuere dine bidrag.<\/li>\n<\/ul>\n\n<p>Vi forbeholder os ret til at moderere eller fjerne bidrag, der overtr\u00e6der disse vilk\u00e5r.<\/p>\n\n<p><strong>L\u00f8sning af tvister<\/strong><\/p>\n\n<ul class=\"wp-block-list\">\n<li><strong>Uformel l\u00f8sning:<\/strong> Vi opfordrer til at l\u00f8se tvister uformelt. Kontakt os p\u00e5 info@mypalmleaf.com for at dr\u00f8fte eventuelle problemer. <\/li>\n\n\n\n<li><strong>Voldgift:<\/strong> Hvis uformel l\u00f8sning mislykkes, vil tvister blive l\u00f8st gennem bindende voldgift, der udf\u00f8res i henhold til reglerne i Den Europ\u00e6iske Voldgiftsret. Voldgiftsretten har s\u00e6de i Berlin, Tyskland, og procedurerne vil blive gennemf\u00f8rt p\u00e5 engelsk. Hver part b\u00e6rer sine egne omkostninger, medmindre andet bestemmes af voldgiftsmanden.  <\/li>\n<\/ul>\n\n<p><strong>Undtagelser:<\/strong><\/p>\n\n<ul class=\"wp-block-list\">\n<li>Krav om intellektuel ejendomsret.<\/li>\n\n\n\n<li>Krav i forbindelse med p\u00e5st\u00e5et kriminel aktivitet eller kr\u00e6nkelse af privatlivets fred.<\/li>\n\n\n\n<li>Krav, hvor ufravigelige lokale love kr\u00e6ver l\u00f8sning ved lokale domstole.<\/li>\n<\/ul>\n\n<p><strong>Ansvarsbegr\u00e6nsning<\/strong> I det omfang loven tillader det, er MyPalmLeaf og dets datterselskaber ikke ansvarlige for indirekte, tilf\u00e6ldige eller f\u00f8lgeskader, der opst\u00e5r som f\u00f8lge af brugen af webstedet. Vores samlede ansvar er begr\u00e6nset til det bel\u00f8b, du har betalt for produkterne eller tjenesterne. <\/p>\n\n<p>Denne begr\u00e6nsning g\u00e6lder ikke for ansvar for bedrageri, personskade eller grov uagtsomhed, hvor s\u00e5danne udelukkelser er forbudt ved lov.<\/p>\n\n<p><strong>\u00c6ndringer og afbrydelser<\/strong> Vi forbeholder os ret til at \u00e6ndre, suspendere eller afbryde webstedet eller dets tjenester til enhver tid uden varsel. Vi er ikke ansvarlige for eventuelle afbrydelser eller fejl, herunder dem, der er for\u00e5rsaget af eksterne faktorer uden for vores kontrol. Brugere er ansvarlige for at sikkerhedskopiere deres egne data, hvor det er relevant.  <br\/><\/p>\n\n<p><strong>Specifikke vilk\u00e5r for afl\u00e6sninger og remedier<\/strong><\/p>\n\n<ul class=\"wp-block-list\">\n<li>MyPalmLeaf fungerer udelukkende som en facilitator, der forbinder kunder med erfarne h\u00e5ndbladsl\u00e6sere i Indien. Vi er ikke ansvarlige for indholdet, fortolkningen eller resultaterne af l\u00e6sningerne. <\/li>\n\n\n\n<li>Forudsigelser i l\u00e6sningerne er ikke garantier og skal betragtes som vejledning snarere end vished.<\/li>\n\n\n\n<li>Klienter har det fulde ansvar for deres eget liv, beslutninger og handlinger, uanset hvilke oplysninger de modtager under en l\u00e6sning.<\/li>\n\n\n\n<li>Ved at bruge vores tjenester bekr\u00e6fter kunderne, at de fuldt ud accepterer ansvaret for deres liv og frasiger sig alle rettigheder til at holde MyPalmLeaf ansvarlig for deres beslutninger, indholdet af l\u00e6sningerne eller eventuelle virkninger, som l\u00e6sningerne m\u00e5tte have p\u00e5 dem.<\/li>\n\n\n\n<li>L\u00f8sninger, der foresl\u00e5s under l\u00e6sningerne, er anbefalinger, der tilbydes i god tro. Selv om de er forankret i traditionen, udg\u00f8r disse midler ikke l\u00f8fter om fysisk, f\u00f8lelsesm\u00e6ssig eller \u00e5ndelig helbredelse. <\/li>\n<\/ul>\n\n<p><strong>G\u00e6ldende lov<\/strong> Disse vilk\u00e5r er underlagt lovgivningen i Estland. Hvis du er bosiddende i Den Europ\u00e6iske Union, kan du ogs\u00e5 drage fordel af forbrugerbeskyttelseslovene i dit bop\u00e6lsland. Intet i disse vilk\u00e5r begr\u00e6nser obligatoriske rettigheder, der gives i henhold til EU&#8217;s forbrugerbeskyttelsesregler.  <br\/><\/p>\n\n<p><strong>Kontakt os<\/strong> Hvis du har sp\u00f8rgsm\u00e5l eller klager, kan du kontakte os p\u00e5:<br\/><\/p>\n\n<p>Conscious Innovation Lab O\u00dc<br\/>Sakala tn 7-2, Tallinn, Harju 10141, Estland<br\/>E-mail: info@mypalmleaf.com<br\/>Telefon: +49 1575 3142393<\/p>\n\n<p><\/p>\n","protected":false},"excerpt":{"rendered":"<p>Sidst opdateret: 22. november 2024 AFTALE OM VILK\u00c5R Aftale om vilk\u00e5r Disse vilk\u00e5r og betingelser (&#8220;vilk\u00e5r&#8221;) udg\u00f8r en juridisk bindende aftale indg\u00e5et mellem dig, enten personligt eller p\u00e5 vegne af en enhed (&#8220;dig&#8221;) og Conscious Innovation Lab O\u00dc, der opererer som MyPalmLeaf (&#8220;MyPalmLeaf&#8221;, &#8220;vi&#8221;, &#8220;os&#8221; eller &#8220;vores&#8221;), vedr\u00f8rende din adgang til og brug af webstedet [&hellip;]<\/p>\n","protected":false},"author":1,"featured_media":0,"parent":0,"menu_order":0,"comment_status":"closed","ping_status":"closed","template":"static-template-page.php","meta":{"_acf_changed":false,"footnotes":""},"class_list":["post-36512","page","type-page","status-publish","hentry"],"acf":[],"yoast_head":"<!-- This site is optimized with the Yoast SEO plugin v26.4 - https:\/\/yoast.com\/wordpress\/plugins\/seo\/ -->\n<title>Vilk\u00e5r og betingelser - My Palm Leaf<\/title>\n<meta name=\"description\" content=\"L\u00e6s vores vilk\u00e5r og betingelser for at forst\u00e5 vores retningslinjer og f\u00e5 en \u00e6rlig, gennemsigtig oplevelse med palmebladsl\u00e6sninger.\" \/>\n<meta name=\"robots\" content=\"index, follow, max-snippet:-1, max-image-preview:large, max-video-preview:-1\" \/>\n<link rel=\"canonical\" href=\"https:\/\/mypalmleaf.com\/terms-and-conditions\/\" \/>\n<meta property=\"og:locale\" content=\"da_DK\" \/>\n<meta property=\"og:type\" content=\"article\" \/>\n<meta property=\"og:title\" content=\"Vilk\u00e5r og betingelser - My Palm Leaf\" \/>\n<meta property=\"og:description\" content=\"L\u00e6s vores vilk\u00e5r og betingelser for at forst\u00e5 vores retningslinjer og f\u00e5 en \u00e6rlig, gennemsigtig oplevelse med palmebladsl\u00e6sninger.\" \/>\n<meta property=\"og:url\" content=\"https:\/\/mypalmleaf.com\/terms-and-conditions\/\" \/>\n<meta property=\"og:site_name\" content=\"My Palm Leaf\" \/>\n<meta property=\"article:modified_time\" content=\"2025-04-30T06:56:04+00:00\" \/>\n<meta property=\"og:image\" content=\"https:\/\/mypalmleaf.com\/wp-content\/uploads\/2025\/08\/mpl-circle-logo.jpg\" \/>\n\t<meta property=\"og:image:width\" content=\"1200\" \/>\n\t<meta property=\"og:image:height\" content=\"1196\" \/>\n\t<meta property=\"og:image:type\" content=\"image\/jpeg\" \/>\n<meta name=\"twitter:card\" content=\"summary_large_image\" \/>\n<meta name=\"twitter:label1\" content=\"Estimeret l\u00e6setid\" \/>\n\t<meta name=\"twitter:data1\" content=\"7 minutter\" \/>\n<script type=\"application\/ld+json\" class=\"yoast-schema-graph\">{\"@context\":\"https:\/\/schema.org\",\"@graph\":[{\"@type\":\"WebPage\",\"@id\":\"https:\/\/mypalmleaf.com\/terms-and-conditions\/\",\"url\":\"https:\/\/mypalmleaf.com\/terms-and-conditions\/\",\"name\":\"Vilk\u00e5r og betingelser - My Palm Leaf\",\"isPartOf\":{\"@id\":\"https:\/\/mypalmleaf.com\/#website\"},\"datePublished\":\"2024-09-05T05:42:23+00:00\",\"dateModified\":\"2025-04-30T06:56:04+00:00\",\"description\":\"L\u00e6s vores vilk\u00e5r og betingelser for at forst\u00e5 vores retningslinjer og f\u00e5 en \u00e6rlig, gennemsigtig oplevelse med palmebladsl\u00e6sninger.\",\"breadcrumb\":{\"@id\":\"https:\/\/mypalmleaf.com\/terms-and-conditions\/#breadcrumb\"},\"inLanguage\":\"da-DK\",\"potentialAction\":[{\"@type\":\"ReadAction\",\"target\":[\"https:\/\/mypalmleaf.com\/terms-and-conditions\/\"]}]},{\"@type\":\"BreadcrumbList\",\"@id\":\"https:\/\/mypalmleaf.com\/terms-and-conditions\/#breadcrumb\",\"itemListElement\":[{\"@type\":\"ListItem\",\"position\":1,\"name\":\"Home\",\"item\":\"https:\/\/mypalmleaf.com\/da\/\"},{\"@type\":\"ListItem\",\"position\":2,\"name\":\"Vilk\u00e5r og betingelser\"}]},{\"@type\":\"WebSite\",\"@id\":\"https:\/\/mypalmleaf.com\/#website\",\"url\":\"https:\/\/mypalmleaf.com\/\",\"name\":\"My Palm Leaf\",\"description\":\"\",\"potentialAction\":[{\"@type\":\"SearchAction\",\"target\":{\"@type\":\"EntryPoint\",\"urlTemplate\":\"https:\/\/mypalmleaf.com\/?s={search_term_string}\"},\"query-input\":{\"@type\":\"PropertyValueSpecification\",\"valueRequired\":true,\"valueName\":\"search_term_string\"}}],\"inLanguage\":\"da-DK\"}]}<\/script>\n<!-- \/ Yoast SEO plugin. -->","yoast_head_json":{"title":"Vilk\u00e5r og betingelser - My Palm Leaf","description":"L\u00e6s vores vilk\u00e5r og betingelser for at forst\u00e5 vores retningslinjer og f\u00e5 en \u00e6rlig, gennemsigtig oplevelse med palmebladsl\u00e6sninger.","robots":{"index":"index","follow":"follow","max-snippet":"max-snippet:-1","max-image-preview":"max-image-preview:large","max-video-preview":"max-video-preview:-1"},"canonical":"https:\/\/mypalmleaf.com\/terms-and-conditions\/","og_locale":"da_DK","og_type":"article","og_title":"Vilk\u00e5r og betingelser - My Palm Leaf","og_description":"L\u00e6s vores vilk\u00e5r og betingelser for at forst\u00e5 vores retningslinjer og f\u00e5 en \u00e6rlig, gennemsigtig oplevelse med palmebladsl\u00e6sninger.","og_url":"https:\/\/mypalmleaf.com\/terms-and-conditions\/","og_site_name":"My Palm Leaf","article_modified_time":"2025-04-30T06:56:04+00:00","og_image":[{"width":1200,"height":1196,"url":"https:\/\/mypalmleaf.com\/wp-content\/uploads\/2025\/08\/mpl-circle-logo.jpg","type":"image\/jpeg"}],"twitter_card":"summary_large_image","twitter_misc":{"Estimeret l\u00e6setid":"7 minutter"},"schema":{"@context":"https:\/\/schema.org","@graph":[{"@type":"WebPage","@id":"https:\/\/mypalmleaf.com\/terms-and-conditions\/","url":"https:\/\/mypalmleaf.com\/terms-and-conditions\/","name":"Vilk\u00e5r og betingelser - My Palm Leaf","isPartOf":{"@id":"https:\/\/mypalmleaf.com\/#website"},"datePublished":"2024-09-05T05:42:23+00:00","dateModified":"2025-04-30T06:56:04+00:00","description":"L\u00e6s vores vilk\u00e5r og betingelser for at forst\u00e5 vores retningslinjer og f\u00e5 en \u00e6rlig, gennemsigtig oplevelse med palmebladsl\u00e6sninger.","breadcrumb":{"@id":"https:\/\/mypalmleaf.com\/terms-and-conditions\/#breadcrumb"},"inLanguage":"da-DK","potentialAction":[{"@type":"ReadAction","target":["https:\/\/mypalmleaf.com\/terms-and-conditions\/"]}]},{"@type":"BreadcrumbList","@id":"https:\/\/mypalmleaf.com\/terms-and-conditions\/#breadcrumb","itemListElement":[{"@type":"ListItem","position":1,"name":"Home","item":"https:\/\/mypalmleaf.com\/da\/"},{"@type":"ListItem","position":2,"name":"Vilk\u00e5r og betingelser"}]},{"@type":"WebSite","@id":"https:\/\/mypalmleaf.com\/#website","url":"https:\/\/mypalmleaf.com\/","name":"My Palm Leaf","description":"","potentialAction":[{"@type":"SearchAction","target":{"@type":"EntryPoint","urlTemplate":"https:\/\/mypalmleaf.com\/?s={search_term_string}"},"query-input":{"@type":"PropertyValueSpecification","valueRequired":true,"valueName":"search_term_string"}}],"inLanguage":"da-DK"}]}},"_links":{"self":[{"href":"https:\/\/mypalmleaf.com\/da\/wp-json\/wp\/v2\/pages\/36512","targetHints":{"allow":["GET"]}}],"collection":[{"href":"https:\/\/mypalmleaf.com\/da\/wp-json\/wp\/v2\/pages"}],"about":[{"href":"https:\/\/mypalmleaf.com\/da\/wp-json\/wp\/v2\/types\/page"}],"author":[{"embeddable":true,"href":"https:\/\/mypalmleaf.com\/da\/wp-json\/wp\/v2\/users\/1"}],"replies":[{"embeddable":true,"href":"https:\/\/mypalmleaf.com\/da\/wp-json\/wp\/v2\/comments?post=36512"}],"version-history":[{"count":0,"href":"https:\/\/mypalmleaf.com\/da\/wp-json\/wp\/v2\/pages\/36512\/revisions"}],"wp:attachment":[{"href":"https:\/\/mypalmleaf.com\/da\/wp-json\/wp\/v2\/media?parent=36512"}],"curies":[{"name":"wp","href":"https:\/\/api.w.org\/{rel}","templated":true}]}}