
{"id":37143,"date":"2024-08-28T04:10:49","date_gmt":"2024-08-28T04:10:49","guid":{"rendered":"https:\/\/mypalmleaf.com\/bliv-en-del-af-os\/"},"modified":"2025-04-28T10:23:03","modified_gmt":"2025-04-28T10:23:03","slug":"bliv-en-del-af-os","status":"publish","type":"page","link":"https:\/\/mypalmleaf.com\/da\/bliv-en-del-af-os\/","title":{"rendered":"Bliv en del af os"},"content":{"rendered":"\n<section class=\"spotlight-main small top-gap\">\n    <!-- <div class=\"slider-wrap\" data-flickity='{ \"cellAlign\": \"left\", \"contain\": true, \"wrapAround\": true, \"setGallerySize\": false }'> -->\n    <div class=\"slider-wrap\" data-flickity='{ \"cellAlign\": \"left\", \"contain\": true, \"wrapAround\": true, \"setGallerySize\": false  }'>\n            <div class=\"slides\">\n        <div class=\"content-wrap\">\n          <div class=\"image\">\n            <picture>\n              <source media=\"(max-width: 999px)\" srcset=\"https:\/\/mypalmleaf.com\/wp-content\/uploads\/2024\/09\/join-us-spotlight-new-mob.jpg\" \/>\n              <source media=\"(min-width: 1000px)\" srcset=\"https:\/\/mypalmleaf.com\/wp-content\/uploads\/2024\/09\/join-us-spotlight-new.jpg\" \/>\n              <img decoding=\"async\" src=\"https:\/\/mypalmleaf.com\/wp-content\/uploads\/2024\/09\/join-us-spotlight-new.jpg\" class=\"img-fluid\" alt=\"\" \/>\n            <\/picture>\n          <\/div>\n          <div class=\"content\">\n            <div data-aos=\"fade-up\" data-aos-duration=\"1000\">\n              <h2 class=\"\">Bliv en del af os<\/h2>\n                                 \n            <\/div>\n          <\/div>\n        <\/div>\n      <\/div>\n          <\/div>\n<\/section>\n<section class=\"my-6 flipping-gallery\">\n  <div class=\"container-xl\" data-aos=\"fade-up\" data-aos-duration=\"1000\">\n    <div class=\"row\">\n      <div class=\"col\">\n        <div class=\"gallery-wrap\">\n                      <div class=\"block\">\n              <div class=\"rounded-asset\">\n                                                  <img decoding=\"async\" src=\"https:\/\/mypalmleaf.com\/wp-content\/uploads\/2024\/08\/gallery-img-1-2.jpg\" alt=\"\" class=\"\">\n                                                    <img decoding=\"async\" src=\"https:\/\/mypalmleaf.com\/wp-content\/uploads\/2024\/08\/gallery-img-1.jpg\" alt=\"\" class=\"overlay\">\n                                                <\/div>\n            <\/div>\n                      <div class=\"block\">\n              <div class=\"rounded-asset\">\n                                                  <img decoding=\"async\" src=\"https:\/\/mypalmleaf.com\/wp-content\/uploads\/2024\/08\/gallery-img-2-2.jpg\" alt=\"\" class=\"\">\n                                                    <img decoding=\"async\" src=\"https:\/\/mypalmleaf.com\/wp-content\/uploads\/2024\/08\/gallery-img-2.jpg\" alt=\"\" class=\"overlay\">\n                                                <\/div>\n            <\/div>\n                      <div class=\"block\">\n              <div class=\"rounded-asset\">\n                                                  <img decoding=\"async\" src=\"https:\/\/mypalmleaf.com\/wp-content\/uploads\/2024\/08\/gallery-img-3-2.jpg\" alt=\"\" class=\"\">\n                                                    <img decoding=\"async\" src=\"https:\/\/mypalmleaf.com\/wp-content\/uploads\/2024\/08\/gallery-img-3.jpg\" alt=\"\" class=\"overlay\">\n                                                <\/div>\n            <\/div>\n                      <div class=\"block\">\n              <div class=\"rounded-asset\">\n                                                  <img decoding=\"async\" src=\"https:\/\/mypalmleaf.com\/wp-content\/uploads\/2024\/08\/gallery-img-4-2.jpg\" alt=\"\" class=\"\">\n                                                    <img decoding=\"async\" src=\"https:\/\/mypalmleaf.com\/wp-content\/uploads\/2024\/08\/gallery-img-4.jpg\" alt=\"\" class=\"overlay\">\n                                                <\/div>\n            <\/div>\n                      <div class=\"block\">\n              <div class=\"rounded-asset\">\n                                                  <img decoding=\"async\" src=\"https:\/\/mypalmleaf.com\/wp-content\/uploads\/2024\/08\/gallery-img-5-2.jpg\" alt=\"\" class=\"\">\n                                                    <img decoding=\"async\" src=\"https:\/\/mypalmleaf.com\/wp-content\/uploads\/2024\/08\/gallery-img-5.jpg\" alt=\"\" class=\"overlay\">\n                                                <\/div>\n            <\/div>\n                      <div class=\"block\">\n              <div class=\"rounded-asset\">\n                                                  <img decoding=\"async\" src=\"https:\/\/mypalmleaf.com\/wp-content\/uploads\/2024\/08\/gallery-img-6.jpg\" alt=\"\" class=\"\">\n                                                    <img decoding=\"async\" src=\"https:\/\/mypalmleaf.com\/wp-content\/uploads\/2024\/08\/gallery-img-6-2.jpg\" alt=\"\" class=\"overlay\">\n                                                <\/div>\n            <\/div>\n                  <\/div>\n      <\/div>\n    <\/div>\n  <\/div>\n<\/section><section class=\"join-us-block my-6 position-relative\">\n  <div class=\"container-xl\">\n    <div class=\"row mb-4 justify-content-center\">\n      <div class=\"col-lg-10 text-center\" data-aos=\"fade-up\" data-aos-duration=\"1000\">\n        <p>Som moderator eller overs\u00e6tter hj\u00e6lper du klienterne med h\u00e5ndbladsl\u00e6sningerne, besvarer deres sp\u00f8rgsm\u00e5l, st\u00f8tter dem, f\u00e5r dem til at f\u00f8le sig godt tilpas og bygger bro mellem dem og h\u00e5ndbladsbiblioteket.<\/p>\n      <\/div>\n    <\/div>\n    <div class=\"row my-5 justify-content-between\" data-aos=\"fade-up\" data-aos-duration=\"1000\">\n              <div class=\"col-lg-5\">\n          <div class=\"dual-col\">\n            <div class=\"title\">\n              <img decoding=\"async\" src=\"https:\/\/mypalmleaf.com\/wp-content\/uploads\/2024\/08\/title-bg.png\" alt=\"\" class=\"img-fluid\">\n              <div class=\"text\">Moderator<\/div>\n            <\/div>\n            <div class=\"desc\">\n              <p>Som moderator st\u00f8tter du engelske palmebladsl\u00e6sninger.<br \/>\nDu forklarer processen, f\u00f8r l\u00e6sningen begynder, og er der i baggrunden for at besvare sp\u00f8rgsm\u00e5l, hvis det er n\u00f8dvendigt.<br \/>\nSelve l\u00e6sningen overs\u00e6ttes af overs\u00e6tteren i palmebladsbiblioteket fra tamilsk til engelsk.  <\/p>\n            <\/div>\n          <\/div>\n        <\/div>\n              <div class=\"col-lg-5\">\n          <div class=\"dual-col\">\n            <div class=\"title\">\n              <img decoding=\"async\" src=\"https:\/\/mypalmleaf.com\/wp-content\/uploads\/2024\/08\/title-bg.png\" alt=\"\" class=\"img-fluid\">\n              <div class=\"text\">Overs\u00e6tter<\/div>\n            <\/div>\n            <div class=\"desc\">\n              <p>Som overs\u00e6tter g\u00f8r du alt det, en moderator g\u00f8r, men du overs\u00e6tter ogs\u00e5 alt det, som bibliotekets overs\u00e6tter har oversat fra tamilsk til engelsk, til dit eget sprog, f.eks. polsk, fransk eller arabisk.<\/p>\n            <\/div>\n          <\/div>\n        <\/div>\n          <\/div>\n  <\/div>\n  <\/section><section class=\"tabs-wrapper my-6 mt-0\">\n  <div class=\"container-xl\">\n    <div class=\"row\">\n      <div class=\"tabs-container\" data-aos=\"fade-up\" data-aos-duration=\"1000\">\n        <ul class=\"tabs\">\n                                <li class=\"tab-button active\" data-target=\"tab1\">Kravene<\/li>\n                                  <li class=\"tab-button active\" data-target=\"tab2\">Hvorfor slutte sig til os<\/li>\n                                  <li class=\"tab-button active\" data-target=\"tab3\">Arbejdstid<\/li>\n                                  <li class=\"tab-button active\" data-target=\"tab4\">Kompensation og l\u00f8n<\/li>\n                              <\/ul>\n        <div class=\"tab-content\">\n                                <div id=\"tab1\" class=\"tab-pane active\">\n              <h4>Absolutte krav til at hj\u00e6lpe med h\u00e5ndbladsl\u00e6sninger er<\/h4>\n<ul>\n<li>Du er flydende i engelsk og som overs\u00e6tter i det sprog, du overs\u00e6tter til.<\/li>\n<li>Du er i overensstemmelse med vores spirituelle mission<\/li>\n<li>Du har en velfungerende computer, er i stand til at bruge zoom og har en stabil internetforbindelse.<\/li>\n<li>Du er p\u00e5lidelig og kommer til tiden.<\/li>\n<li>Du har en oprigtig motivation for at bidrage til menneskehedens udvikling, helbredelse og opv\u00e5gning.<\/li>\n<li>Du er motiveret og inspireret<\/li>\n<li>Du kan og er villig til at tage ansvar og v\u00e6re proaktiv<\/li>\n<li>Du har selv f\u00e5et en h\u00e5ndbladsl\u00e6sning og forst\u00e5r processen.<\/li>\n<li>Du kan lide at kommunikere og komme i kontakt med mennesker, som er empatiske, k\u00e6rlige og autentiske.<\/li>\n<li>Du er \u00e5ben og villig til at l\u00e6re nye f\u00e6rdigheder.<\/li>\n<li>Du har gennemg\u00e5et vores hjemmeside og YouTube-kanal og har en klar forst\u00e5else af, hvad Mypalmleaf laver.<\/li>\n<li>Du er klar, k\u00e6rlig og direkte i din kommunikation.<\/li>\n<\/ul>\n            <\/div>\n                                  <div id=\"tab2\" class=\"tab-pane active\">\n              <h4>De sande grunde til at arbejde med Mypalmleaf<\/h4>\n<p>Mypalmleaf er en form\u00e5lsdrevet organisation, der kombinerer dyb spirituel praksis og forst\u00e5else med jordn\u00e6re arbejdsstrukturer, der st\u00f8tter dig i din professionelle v\u00e6kst.<br \/>\nVi er med til at skabe et inspirerende arbejdsmilj\u00f8, der bidrager til menneskehedens udvikling, og som har til hensigt at se og hj\u00e6lpe dig som det unikke menneske, du er.<br \/>\nSom team arbejder vi sammen i en positiv, st\u00f8ttende team\u00e5nd, der har til hensigt at fremh\u00e6ve og st\u00f8tte dine f\u00e6rdigheder og talenter og samtidig give dig en rigelig indkomst til at opretholde dit liv.  <\/p>\n            <\/div>\n                                  <div id=\"tab3\" class=\"tab-pane active\">\n              <p>Vi har normalt en l\u00e6sning, der starter mellem kl. 7 og 20. I Indien kan du planl\u00e6gge tidspunkter, afh\u00e6ngigt af din tilg\u00e6ngelighed og i overensstemmelse med kundernes og organisationens behov.<br \/>\nNormalt g\u00f8r vi vores bedste for at f\u00e5 det til at fungere for alle. <\/p>\n            <\/div>\n                                  <div id=\"tab4\" class=\"tab-pane active\">\n              <p>Vi sender dig en detaljeret betalingsforklaring, n\u00e5r vi har modtaget din ans\u00f8gning.<\/p>\n            <\/div>\n                              <\/div>\n      <\/div>\n    <\/div>\n  <\/div>\n<\/section><section class=\"how-to-apply my-6 mt-0\">\n  <div class=\"container-xl\">\n    <div class=\"row\">\n      <div class=\"col-lg-10 mx-auto\" >\n        <div class=\"dual-col \">\n          <div class=\"title\">\n            <img decoding=\"async\" src=\"https:\/\/mypalmleaf.com\/wp-content\/uploads\/2024\/08\/title-bg.png\" alt=\"\" class=\"img-fluid\">\n            <div class=\"text\">S\u00e5dan ans\u00f8ger du<\/div>\n          <\/div>\n          <div class=\"desc\">\n            <p>Send os en kort selfievideo p\u00e5 1-5 minutter, hvor du fort\u00e6ller om dig selv, og hvorfor du gerne vil arbejde sammen med os. Det beh\u00f8ver ikke at v\u00e6re professionelt. Udskyd det ikke, og v\u00e6r ikke genert, bare g\u00f8r det nu. Det er den holdning, vi gerne vil have ind i vores team. Vi interviewer alle seri\u00f8se ans\u00f8gere, der sender os en video, i et 10 minutters speedinterview. Lad v\u00e6re: Send os en besked, hvor du beder os om at &#8220;sende mere info&#8221;.<\/p>\n<div class=\"btm-contact\">Lav videoen nu, og send den til <a href=\"mailto:info@mypalmleaf.com\">info@mypalmleaf.com<\/a><\/div>\n          <\/div>\n        <\/div>\n      <\/div>\n    <\/div>\n  <\/div>\n<\/section>","protected":false},"excerpt":{"rendered":"","protected":false},"author":1,"featured_media":0,"parent":0,"menu_order":0,"comment_status":"closed","ping_status":"closed","template":"","meta":{"_acf_changed":false,"footnotes":""},"class_list":["post-37143","page","type-page","status-publish","hentry"],"acf":[],"yoast_head":"<!-- This site is optimized with the Yoast SEO plugin v26.4 - https:\/\/yoast.com\/wordpress\/plugins\/seo\/ -->\n<title>Bliv en del af os - My Palm Leaf<\/title>\n<meta name=\"description\" content=\"Bliv en del af vores medf\u00f8lende f\u00e6llesskab, hvor vi omfavner visdommen fra palmebladsafl\u00e6sninger og st\u00f8tter andre p\u00e5 deres \u00e5ndelige vej. Deltag i dag.\" \/>\n<meta name=\"robots\" content=\"index, follow, max-snippet:-1, max-image-preview:large, max-video-preview:-1\" \/>\n<link rel=\"canonical\" href=\"https:\/\/mypalmleaf.com\/moderator_and_translator\/\" \/>\n<meta property=\"og:locale\" content=\"da_DK\" \/>\n<meta property=\"og:type\" content=\"article\" \/>\n<meta property=\"og:title\" content=\"Bliv en del af os - My Palm Leaf\" \/>\n<meta property=\"og:description\" content=\"Bliv en del af vores medf\u00f8lende f\u00e6llesskab, hvor vi omfavner visdommen fra palmebladsafl\u00e6sninger og st\u00f8tter andre p\u00e5 deres \u00e5ndelige vej. Deltag i dag.\" \/>\n<meta property=\"og:url\" content=\"https:\/\/mypalmleaf.com\/moderator_and_translator\/\" \/>\n<meta property=\"og:site_name\" content=\"My Palm Leaf\" \/>\n<meta property=\"article:modified_time\" content=\"2025-04-28T10:23:03+00:00\" \/>\n<meta property=\"og:image\" content=\"https:\/\/mypalmleaf.com\/wp-content\/uploads\/2025\/08\/mpl-circle-logo.jpg\" \/>\n\t<meta property=\"og:image:width\" content=\"1200\" \/>\n\t<meta property=\"og:image:height\" content=\"1196\" \/>\n\t<meta property=\"og:image:type\" content=\"image\/jpeg\" \/>\n<meta name=\"twitter:card\" content=\"summary_large_image\" \/>\n<script type=\"application\/ld+json\" class=\"yoast-schema-graph\">{\"@context\":\"https:\/\/schema.org\",\"@graph\":[{\"@type\":\"WebPage\",\"@id\":\"https:\/\/mypalmleaf.com\/moderator_and_translator\/\",\"url\":\"https:\/\/mypalmleaf.com\/moderator_and_translator\/\",\"name\":\"Bliv en del af os - My Palm Leaf\",\"isPartOf\":{\"@id\":\"https:\/\/mypalmleaf.com\/#website\"},\"datePublished\":\"2024-08-28T04:10:49+00:00\",\"dateModified\":\"2025-04-28T10:23:03+00:00\",\"description\":\"Bliv en del af vores medf\u00f8lende f\u00e6llesskab, hvor vi omfavner visdommen fra palmebladsafl\u00e6sninger og st\u00f8tter andre p\u00e5 deres \u00e5ndelige vej. Deltag i dag.\",\"breadcrumb\":{\"@id\":\"https:\/\/mypalmleaf.com\/moderator_and_translator\/#breadcrumb\"},\"inLanguage\":\"da-DK\",\"potentialAction\":[{\"@type\":\"ReadAction\",\"target\":[\"https:\/\/mypalmleaf.com\/moderator_and_translator\/\"]}]},{\"@type\":\"BreadcrumbList\",\"@id\":\"https:\/\/mypalmleaf.com\/moderator_and_translator\/#breadcrumb\",\"itemListElement\":[{\"@type\":\"ListItem\",\"position\":1,\"name\":\"Home\",\"item\":\"https:\/\/mypalmleaf.com\/da\/\"},{\"@type\":\"ListItem\",\"position\":2,\"name\":\"Bliv en del af os\"}]},{\"@type\":\"WebSite\",\"@id\":\"https:\/\/mypalmleaf.com\/#website\",\"url\":\"https:\/\/mypalmleaf.com\/\",\"name\":\"My Palm Leaf\",\"description\":\"\",\"potentialAction\":[{\"@type\":\"SearchAction\",\"target\":{\"@type\":\"EntryPoint\",\"urlTemplate\":\"https:\/\/mypalmleaf.com\/?s={search_term_string}\"},\"query-input\":{\"@type\":\"PropertyValueSpecification\",\"valueRequired\":true,\"valueName\":\"search_term_string\"}}],\"inLanguage\":\"da-DK\"}]}<\/script>\n<!-- \/ Yoast SEO plugin. -->","yoast_head_json":{"title":"Bliv en del af os - My Palm Leaf","description":"Bliv en del af vores medf\u00f8lende f\u00e6llesskab, hvor vi omfavner visdommen fra palmebladsafl\u00e6sninger og st\u00f8tter andre p\u00e5 deres \u00e5ndelige vej. Deltag i dag.","robots":{"index":"index","follow":"follow","max-snippet":"max-snippet:-1","max-image-preview":"max-image-preview:large","max-video-preview":"max-video-preview:-1"},"canonical":"https:\/\/mypalmleaf.com\/moderator_and_translator\/","og_locale":"da_DK","og_type":"article","og_title":"Bliv en del af os - My Palm Leaf","og_description":"Bliv en del af vores medf\u00f8lende f\u00e6llesskab, hvor vi omfavner visdommen fra palmebladsafl\u00e6sninger og st\u00f8tter andre p\u00e5 deres \u00e5ndelige vej. Deltag i dag.","og_url":"https:\/\/mypalmleaf.com\/moderator_and_translator\/","og_site_name":"My Palm Leaf","article_modified_time":"2025-04-28T10:23:03+00:00","og_image":[{"width":1200,"height":1196,"url":"https:\/\/mypalmleaf.com\/wp-content\/uploads\/2025\/08\/mpl-circle-logo.jpg","type":"image\/jpeg"}],"twitter_card":"summary_large_image","schema":{"@context":"https:\/\/schema.org","@graph":[{"@type":"WebPage","@id":"https:\/\/mypalmleaf.com\/moderator_and_translator\/","url":"https:\/\/mypalmleaf.com\/moderator_and_translator\/","name":"Bliv en del af os - My Palm Leaf","isPartOf":{"@id":"https:\/\/mypalmleaf.com\/#website"},"datePublished":"2024-08-28T04:10:49+00:00","dateModified":"2025-04-28T10:23:03+00:00","description":"Bliv en del af vores medf\u00f8lende f\u00e6llesskab, hvor vi omfavner visdommen fra palmebladsafl\u00e6sninger og st\u00f8tter andre p\u00e5 deres \u00e5ndelige vej. Deltag i dag.","breadcrumb":{"@id":"https:\/\/mypalmleaf.com\/moderator_and_translator\/#breadcrumb"},"inLanguage":"da-DK","potentialAction":[{"@type":"ReadAction","target":["https:\/\/mypalmleaf.com\/moderator_and_translator\/"]}]},{"@type":"BreadcrumbList","@id":"https:\/\/mypalmleaf.com\/moderator_and_translator\/#breadcrumb","itemListElement":[{"@type":"ListItem","position":1,"name":"Home","item":"https:\/\/mypalmleaf.com\/da\/"},{"@type":"ListItem","position":2,"name":"Bliv en del af os"}]},{"@type":"WebSite","@id":"https:\/\/mypalmleaf.com\/#website","url":"https:\/\/mypalmleaf.com\/","name":"My Palm Leaf","description":"","potentialAction":[{"@type":"SearchAction","target":{"@type":"EntryPoint","urlTemplate":"https:\/\/mypalmleaf.com\/?s={search_term_string}"},"query-input":{"@type":"PropertyValueSpecification","valueRequired":true,"valueName":"search_term_string"}}],"inLanguage":"da-DK"}]}},"_links":{"self":[{"href":"https:\/\/mypalmleaf.com\/da\/wp-json\/wp\/v2\/pages\/37143","targetHints":{"allow":["GET"]}}],"collection":[{"href":"https:\/\/mypalmleaf.com\/da\/wp-json\/wp\/v2\/pages"}],"about":[{"href":"https:\/\/mypalmleaf.com\/da\/wp-json\/wp\/v2\/types\/page"}],"author":[{"embeddable":true,"href":"https:\/\/mypalmleaf.com\/da\/wp-json\/wp\/v2\/users\/1"}],"replies":[{"embeddable":true,"href":"https:\/\/mypalmleaf.com\/da\/wp-json\/wp\/v2\/comments?post=37143"}],"version-history":[{"count":0,"href":"https:\/\/mypalmleaf.com\/da\/wp-json\/wp\/v2\/pages\/37143\/revisions"}],"wp:attachment":[{"href":"https:\/\/mypalmleaf.com\/da\/wp-json\/wp\/v2\/media?parent=37143"}],"curies":[{"name":"wp","href":"https:\/\/api.w.org\/{rel}","templated":true}]}}