
{"id":37181,"date":"2024-09-01T09:48:00","date_gmt":"2024-09-01T09:48:00","guid":{"rendered":"https:\/\/mypalmleaf.com\/donationer\/"},"modified":"2025-06-21T08:55:55","modified_gmt":"2025-06-21T08:55:55","slug":"donationer","status":"publish","type":"page","link":"https:\/\/mypalmleaf.com\/da\/donationer\/","title":{"rendered":"Donationer"},"content":{"rendered":"\n<section class=\"spotlight-main small top-gap\">\n    <!-- <div class=\"slider-wrap\" data-flickity='{ \"cellAlign\": \"left\", \"contain\": true, \"wrapAround\": true, \"setGallerySize\": false }'> -->\n    <div class=\"slider-wrap\" data-flickity='{ \"cellAlign\": \"left\", \"contain\": true, \"wrapAround\": true, \"setGallerySize\": false  }'>\n            <div class=\"slides\">\n        <div class=\"content-wrap\">\n          <div class=\"image\">\n            <picture>\n              <source media=\"(max-width: 999px)\" srcset=\"https:\/\/mypalmleaf.com\/wp-content\/uploads\/2024\/09\/donation-spotlight-mobile.jpg\" \/>\n              <source media=\"(min-width: 1000px)\" srcset=\"https:\/\/mypalmleaf.com\/wp-content\/uploads\/2024\/09\/donation-spotlight-1.jpg\" \/>\n              <img decoding=\"async\" src=\"https:\/\/mypalmleaf.com\/wp-content\/uploads\/2024\/09\/donation-spotlight-1.jpg\" class=\"img-fluid\" alt=\"\" \/>\n            <\/picture>\n          <\/div>\n          <div class=\"content\">\n            <div data-aos=\"fade-up\" data-aos-duration=\"1000\">\n              <h2 class=\"\">Donationer<\/h2>\n                                 \n            <\/div>\n          <\/div>\n        <\/div>\n      <\/div>\n          <\/div>\n<\/section><section class=\"donation-bottom-block text-center\">\n  <div class=\"container-xl\">\n  <div class=\"row pt-5 donation-top-icon\">\n        <div class=\"col-lg-10 mx-auto\">\n        <ul>\n          <li class=\"text-lg-end\"><img decoding=\"async\" src=\"https:\/\/mypalmleaf.com\/wp-content\/uploads\/2024\/09\/donation-harmony-icon.png\" alt=\"\" class=\"img-fluid\"><\/li>\n          <li><h3>Dine donationer er v\u00e6rdsat<\/h3><\/li>\n          <li class=\"text-lg-start\"><img decoding=\"async\" src=\"https:\/\/mypalmleaf.com\/wp-content\/uploads\/2024\/09\/mpl-circle-logo.png\" alt=\"\" class=\"img-fluid\"><\/li>\n        <\/ul>\n      <\/div>\n      <\/div>\n    <div class=\"row\">\n      <div class=\"col-lg-10 my-5 mx-auto\">\n        <p>Mypalmleaf og vores partner NGO in Harmony with Nature e.V. er dedikeret til at samskabe den nye verden, baseret p\u00e5 k\u00e6rlighed, opv\u00e5gning og sande v\u00e6rdier.<\/p>\n<p>Vi er sm\u00e5 brikker i det enorme globale netv\u00e6rk af projekter og enkeltpersoner, som dedikerer sig til at g\u00f8re denne kollektive dr\u00f8m til virkelighed.<\/p>\n<p>Dine donationer hj\u00e6lper os med at dedikere os til dette arbejde.<\/p>\n<p>Vi mener, at dette arbejde er afg\u00f8rende for at skabe en verden, der er baseret p\u00e5 k\u00e6rlighed, opv\u00e5gning og sande v\u00e6rdier. Giv donationer til vores partnerorganisation In Harmony with Nature, som vil fordele dem mellem h\u00e5ndbladsl\u00e6serne, overs\u00e6tterne og skabe projekter for at opbygge den nye verden. <\/p>\n<p>Gennem vores partnerskab arbejder vi p\u00e5 at fremme en b\u00e6redygtig livsstil, beskytte og genskabe det naturlige milj\u00f8, st\u00f8tte lokalsamfund og udbrede kendskabet til, hvordan alt liv h\u00e6nger sammen.<\/p>\n<p>Vi er taknemmelige for st\u00f8tten fra vores donorer, hvis bidrag g\u00f8r det muligt for os at forts\u00e6tte dette vigtige arbejde. Dine donationer hj\u00e6lper os med at finansiere vores projekter og initiativer, n\u00e5 ud til flere mennesker med vores budskab og g\u00f8re en positiv forskel i verden. <\/p>\n\n        <a href=\"https:\/\/spenden.twingle.de\/in-harmony-with-nature-e-v\/in-harmony-with-nature-e-v-en-kopie\/tw643cd4fb53874\/page\"  target=\"_blank\" class=\"btn btn-primary btn-lg mt-4\">Don\u00e9r til deling af rishiernes visdom<\/a>\n      <\/div>\n    <\/div>\n  <\/div>\n<\/section><section class=\"donation-top-block text-center\">\n  <div class=\"container-xl\">\n    <div class=\"row\">\n      <div class=\"col-lg-8 mx-auto my-5 text-center\">\n        <div class=\"col-lg-12 text-center\">\n          <div class=\"video-place-holder my-4\">\n            <div class=\"heading mb-3\">Vi pr\u00e6senterer In Harmony with Nature | Mypalmleafs partnerorganisation<\/div>\n            <div class=\"video rounded-asset\">\n              <img decoding=\"async\" src=\"https:\/\/mypalmleaf.com\/wp-content\/uploads\/2024\/09\/donation-video-thumb.png\" class=\"img-fluid\" alt=\"\"><div class=\"play-icon\"><\/div>\n              <a href=\"https:\/\/www.youtube.com\/watch?v=IyDUBCgcutc\" class=\"stretched-link\" data-lity><\/a>\n            <\/div>\n          <\/div>\n          <a href=\"https:\/\/spenden.twingle.de\/in-harmony-with-nature-e-v\/in-harmony-with-nature-e-v-en-kopie\/tw643cd4fb53874\/page\" target=\"_blank\" class=\"btn btn-primary btn-lg my-2\">Don\u00e9r til deling af rishiernes visdom<\/a>\n        <\/div>\n      <\/div>\n    <\/div>\n  <\/div>\n<\/section>\n<div class=\"container my-5\">\n  <div class=\"row\">\n    <!-- First Column -->\n    <div class=\"col-md-6 mb-4\">\n      <div class=\"video-place-holder my-4\">\n          \n            <div class=\"video rounded-asset\">\n              <img decoding=\"async\" src=\"\/wp-content\/uploads\/2025\/06\/bali-donation-video-thumb.jpg\" class=\"img-fluid\" alt=\"\"\/><div class=\"play-icon\"><\/div>\n              <a href=\"https:\/\/youtube.com\/watch?v=CZg0nTW-ZNc\" class=\"stretched-link\" data-lity=\"\"><\/a>\n            <\/div>\n  <div class=\"heading my-3\">Hvordan dine h\u00e5ndbladsl\u00e6sninger hj\u00e6lper med at forandre liv: St\u00f8tte til Ananda Seva Dharma Children&#8217;s Home\n<\/div>\n          <\/div>\n    <\/div>\n\n    <!-- Second Column -->\n    <div class=\"col-md-6 mb-4\">\n      <div class=\"video-place-holder my-4\">\n            <div class=\"video rounded-asset\">\n              <img decoding=\"async\" src=\"\/wp-content\/uploads\/2025\/06\/india-donation-video-thumb.jpg\" class=\"img-fluid\" alt=\"\"\/><div class=\"play-icon\"><\/div>\n              <a href=\"https:\/\/www.youtube.com\/watch?v=OPTRiyZWTa0\" class=\"stretched-link\" data-lity=\"\"><\/a>\n            <\/div>\n            <div class=\"heading my-3\">20.000 m\u00e5ltider doneret &#8211; takket v\u00e6re dig! | Vores rejse til Navagraha-templet <\/div>\n\n          <\/div>\n    <\/div>\n  <\/div>\n<\/div>\n\n","protected":false},"excerpt":{"rendered":"<p>Hvordan dine h\u00e5ndbladsl\u00e6sninger hj\u00e6lper med at forandre liv: St\u00f8tte til Ananda Seva Dharma Children&#8217;s Home 20.000 m\u00e5ltider doneret &#8211; takket v\u00e6re dig! | Vores rejse til Navagraha-templet<\/p>\n","protected":false},"author":1,"featured_media":0,"parent":0,"menu_order":0,"comment_status":"closed","ping_status":"closed","template":"","meta":{"_acf_changed":false,"footnotes":""},"class_list":["post-37181","page","type-page","status-publish","hentry"],"acf":[],"yoast_head":"<!-- This site is optimized with the Yoast SEO plugin v26.4 - https:\/\/yoast.com\/wordpress\/plugins\/seo\/ -->\n<title>Donationer - My Palm Leaf<\/title>\n<meta name=\"description\" content=\"St\u00f8t bevarelsen af gamle traditioner og hj\u00e6lp med at sprede den hellige visdom fra palmebladsafl\u00e6sninger til s\u00f8gende mennesker i hele verden.\" \/>\n<meta name=\"robots\" content=\"index, follow, max-snippet:-1, max-image-preview:large, max-video-preview:-1\" \/>\n<link rel=\"canonical\" href=\"https:\/\/mypalmleaf.com\/da\/donationer\/\" \/>\n<meta property=\"og:locale\" content=\"da_DK\" \/>\n<meta property=\"og:type\" content=\"article\" \/>\n<meta property=\"og:title\" content=\"Donationer - My Palm Leaf\" \/>\n<meta property=\"og:description\" content=\"St\u00f8t bevarelsen af gamle traditioner og hj\u00e6lp med at sprede den hellige visdom fra palmebladsafl\u00e6sninger til s\u00f8gende mennesker i hele verden.\" \/>\n<meta property=\"og:url\" content=\"https:\/\/mypalmleaf.com\/da\/donationer\/\" \/>\n<meta property=\"og:site_name\" content=\"My Palm Leaf\" \/>\n<meta property=\"article:modified_time\" content=\"2025-06-21T08:55:55+00:00\" \/>\n<meta property=\"og:image\" content=\"https:\/\/mypalmleaf.com\/wp-content\/uploads\/2025\/08\/mpl-circle-logo.jpg\" \/>\n\t<meta property=\"og:image:width\" content=\"1200\" \/>\n\t<meta property=\"og:image:height\" content=\"1196\" \/>\n\t<meta property=\"og:image:type\" content=\"image\/jpeg\" \/>\n<meta name=\"twitter:card\" content=\"summary_large_image\" \/>\n<script type=\"application\/ld+json\" class=\"yoast-schema-graph\">{\"@context\":\"https:\/\/schema.org\",\"@graph\":[{\"@type\":\"WebPage\",\"@id\":\"https:\/\/mypalmleaf.com\/da\/donationer\/\",\"url\":\"https:\/\/mypalmleaf.com\/da\/donationer\/\",\"name\":\"Donationer - My Palm Leaf\",\"isPartOf\":{\"@id\":\"https:\/\/mypalmleaf.com\/#website\"},\"datePublished\":\"2024-09-01T09:48:00+00:00\",\"dateModified\":\"2025-06-21T08:55:55+00:00\",\"description\":\"St\u00f8t bevarelsen af gamle traditioner og hj\u00e6lp med at sprede den hellige visdom fra palmebladsafl\u00e6sninger til s\u00f8gende mennesker i hele verden.\",\"breadcrumb\":{\"@id\":\"https:\/\/mypalmleaf.com\/da\/donationer\/#breadcrumb\"},\"inLanguage\":\"da-DK\",\"potentialAction\":[{\"@type\":\"ReadAction\",\"target\":[\"https:\/\/mypalmleaf.com\/da\/donationer\/\"]}]},{\"@type\":\"BreadcrumbList\",\"@id\":\"https:\/\/mypalmleaf.com\/da\/donationer\/#breadcrumb\",\"itemListElement\":[{\"@type\":\"ListItem\",\"position\":1,\"name\":\"Home\",\"item\":\"https:\/\/mypalmleaf.com\/da\/\"},{\"@type\":\"ListItem\",\"position\":2,\"name\":\"Donationer\"}]},{\"@type\":\"WebSite\",\"@id\":\"https:\/\/mypalmleaf.com\/#website\",\"url\":\"https:\/\/mypalmleaf.com\/\",\"name\":\"My Palm Leaf\",\"description\":\"\",\"potentialAction\":[{\"@type\":\"SearchAction\",\"target\":{\"@type\":\"EntryPoint\",\"urlTemplate\":\"https:\/\/mypalmleaf.com\/?s={search_term_string}\"},\"query-input\":{\"@type\":\"PropertyValueSpecification\",\"valueRequired\":true,\"valueName\":\"search_term_string\"}}],\"inLanguage\":\"da-DK\"}]}<\/script>\n<!-- \/ Yoast SEO plugin. -->","yoast_head_json":{"title":"Donationer - My Palm Leaf","description":"St\u00f8t bevarelsen af gamle traditioner og hj\u00e6lp med at sprede den hellige visdom fra palmebladsafl\u00e6sninger til s\u00f8gende mennesker i hele verden.","robots":{"index":"index","follow":"follow","max-snippet":"max-snippet:-1","max-image-preview":"max-image-preview:large","max-video-preview":"max-video-preview:-1"},"canonical":"https:\/\/mypalmleaf.com\/da\/donationer\/","og_locale":"da_DK","og_type":"article","og_title":"Donationer - My Palm Leaf","og_description":"St\u00f8t bevarelsen af gamle traditioner og hj\u00e6lp med at sprede den hellige visdom fra palmebladsafl\u00e6sninger til s\u00f8gende mennesker i hele verden.","og_url":"https:\/\/mypalmleaf.com\/da\/donationer\/","og_site_name":"My Palm Leaf","article_modified_time":"2025-06-21T08:55:55+00:00","og_image":[{"width":1200,"height":1196,"url":"https:\/\/mypalmleaf.com\/wp-content\/uploads\/2025\/08\/mpl-circle-logo.jpg","type":"image\/jpeg"}],"twitter_card":"summary_large_image","schema":{"@context":"https:\/\/schema.org","@graph":[{"@type":"WebPage","@id":"https:\/\/mypalmleaf.com\/da\/donationer\/","url":"https:\/\/mypalmleaf.com\/da\/donationer\/","name":"Donationer - My Palm Leaf","isPartOf":{"@id":"https:\/\/mypalmleaf.com\/#website"},"datePublished":"2024-09-01T09:48:00+00:00","dateModified":"2025-06-21T08:55:55+00:00","description":"St\u00f8t bevarelsen af gamle traditioner og hj\u00e6lp med at sprede den hellige visdom fra palmebladsafl\u00e6sninger til s\u00f8gende mennesker i hele verden.","breadcrumb":{"@id":"https:\/\/mypalmleaf.com\/da\/donationer\/#breadcrumb"},"inLanguage":"da-DK","potentialAction":[{"@type":"ReadAction","target":["https:\/\/mypalmleaf.com\/da\/donationer\/"]}]},{"@type":"BreadcrumbList","@id":"https:\/\/mypalmleaf.com\/da\/donationer\/#breadcrumb","itemListElement":[{"@type":"ListItem","position":1,"name":"Home","item":"https:\/\/mypalmleaf.com\/da\/"},{"@type":"ListItem","position":2,"name":"Donationer"}]},{"@type":"WebSite","@id":"https:\/\/mypalmleaf.com\/#website","url":"https:\/\/mypalmleaf.com\/","name":"My Palm Leaf","description":"","potentialAction":[{"@type":"SearchAction","target":{"@type":"EntryPoint","urlTemplate":"https:\/\/mypalmleaf.com\/?s={search_term_string}"},"query-input":{"@type":"PropertyValueSpecification","valueRequired":true,"valueName":"search_term_string"}}],"inLanguage":"da-DK"}]}},"_links":{"self":[{"href":"https:\/\/mypalmleaf.com\/da\/wp-json\/wp\/v2\/pages\/37181","targetHints":{"allow":["GET"]}}],"collection":[{"href":"https:\/\/mypalmleaf.com\/da\/wp-json\/wp\/v2\/pages"}],"about":[{"href":"https:\/\/mypalmleaf.com\/da\/wp-json\/wp\/v2\/types\/page"}],"author":[{"embeddable":true,"href":"https:\/\/mypalmleaf.com\/da\/wp-json\/wp\/v2\/users\/1"}],"replies":[{"embeddable":true,"href":"https:\/\/mypalmleaf.com\/da\/wp-json\/wp\/v2\/comments?post=37181"}],"version-history":[{"count":0,"href":"https:\/\/mypalmleaf.com\/da\/wp-json\/wp\/v2\/pages\/37181\/revisions"}],"wp:attachment":[{"href":"https:\/\/mypalmleaf.com\/da\/wp-json\/wp\/v2\/media?parent=37181"}],"curies":[{"name":"wp","href":"https:\/\/api.w.org\/{rel}","templated":true}]}}