
{"id":45199,"date":"2024-10-26T17:42:47","date_gmt":"2024-10-26T17:42:47","guid":{"rendered":"https:\/\/mypalmleaf.com\/affiliate-og-parterships-manager\/"},"modified":"2025-04-28T10:24:55","modified_gmt":"2025-04-28T10:24:55","slug":"affiliate-og-parterships-manager","status":"publish","type":"page","link":"https:\/\/mypalmleaf.com\/da\/affiliate-og-parterships-manager\/","title":{"rendered":"Affiliate og Parterships Manager"},"content":{"rendered":"\n<section class=\"spotlight-main small top-gap\">\n    <!-- <div class=\"slider-wrap\" data-flickity='{ \"cellAlign\": \"left\", \"contain\": true, \"wrapAround\": true, \"setGallerySize\": false }'> -->\n    <div class=\"slider-wrap\" data-flickity='{ \"cellAlign\": \"left\", \"contain\": true, \"wrapAround\": true, \"setGallerySize\": false  }'>\n            <div class=\"slides\">\n        <div class=\"content-wrap\">\n          <div class=\"image\">\n            <picture>\n              <source media=\"(max-width: 999px)\" srcset=\"https:\/\/mypalmleaf.com\/wp-content\/uploads\/2024\/09\/join-us-spotlight-new-mob.jpg\" \/>\n              <source media=\"(min-width: 1000px)\" srcset=\"https:\/\/mypalmleaf.com\/wp-content\/uploads\/2024\/09\/join-us-spotlight-new.jpg\" \/>\n              <img decoding=\"async\" src=\"https:\/\/mypalmleaf.com\/wp-content\/uploads\/2024\/09\/join-us-spotlight-new.jpg\" class=\"img-fluid\" alt=\"\" \/>\n            <\/picture>\n          <\/div>\n          <div class=\"content\">\n            <div data-aos=\"fade-up\" data-aos-duration=\"1000\">\n              <h2 class=\"\">Affiliate- og partnerskabschef<\/h2>\n                                 \n            <\/div>\n          <\/div>\n        <\/div>\n      <\/div>\n          <\/div>\n<\/section><section class=\"join-us-block my-6 position-relative\">\n  <div class=\"container-xl\">\n    <div class=\"row mb-4 justify-content-center\">\n      <div class=\"col-lg-10 text-center\" data-aos=\"fade-up\" data-aos-duration=\"1000\">\n        <p>MyPalmLeaf s\u00f8ger en passioneret og meget motiveret Affiliate and Partnership Manager (APM) til at styrke eksisterende partnerskaber og skabe nye forbindelser og dele den \u00e6ldgamle visdom om palmebladsl\u00e6sninger med verden.<\/p>\n      <\/div>\n    <\/div>\n    <div class=\"row my-5 justify-content-between\" data-aos=\"fade-up\" data-aos-duration=\"1000\">\n          <\/div>\n  <\/div>\n  <\/section><section class=\"tabs-wrapper my-6 mt-0\">\n  <div class=\"container-xl\">\n    <div class=\"row\">\n      <div class=\"tabs-container\" data-aos=\"fade-up\" data-aos-duration=\"1000\">\n        <ul class=\"tabs\">\n                                <li class=\"tab-button active\" data-target=\"tab1\">Hvad vi forventer af dig<\/li>\n                                  <li class=\"tab-button active\" data-target=\"tab2\">M\u00e5lene for APM<\/li>\n                                  <li class=\"tab-button active\" data-target=\"tab3\">Hvordan ser din rolle ud?<\/li>\n                                  <li class=\"tab-button active\" data-target=\"tab4\">Hvad vi tilbyder<\/li>\n                              <\/ul>\n        <div class=\"tab-content\">\n                                <div id=\"tab1\" class=\"tab-pane active\">\n              <ul>\n<li><strong>Tilpasning til vores mission:<\/strong> Du er dybt forbundet med MyPalmLeafs form\u00e5l om at dele livsforvandlende l\u00e6sninger globalt.<\/li>\n<li><strong>Flydende engelsk og tysk:<\/strong> Du kommunikerer klart og effektivt p\u00e5 begge sprog.<\/li>\n<li><strong>Hold\u00e5nd:<\/strong> Du elsker at v\u00e6re en del af et st\u00f8ttende og missionsdrevet team og trives i et milj\u00f8, hvor samarbejde og gensidig st\u00f8tte er afg\u00f8rende.<\/li>\n<li><strong>Integritet:<\/strong> Du g\u00e5r foran med et godt eksempel og holder altid dit ord.<\/li>\n<li><strong>Du er selvk\u00f8rende:<\/strong> Du har evnen til at arbejde selvst\u00e6ndigt og tage initiativ til at udvikle og lede projekter, samtidig med at du er en st\u00e6rk holdspiller med nye lederegenskaber.\n<\/li>\n<li><strong>Urokkelig engagement:<\/strong> Du yder en 150 % indsats og udviser vedholdenhed og dedikation i alt, hvad du g\u00f8r.<\/li>\n<li><strong>Livslang l\u00e6ring:<\/strong> Du er engageret i kontinuerlig personlig og professionel v\u00e6kst.<\/li>\n<\/ul>\n            <\/div>\n                                  <div id=\"tab2\" class=\"tab-pane active\">\n              <p>Dit prim\u00e6re m\u00e5l vil v\u00e6re at skabe <strong>win-win-partnerskaber<\/strong> med organisationer og enkeltpersoner, der stemmer overens med MyPalmLeafs mission. Din indsats vil sigte mod at: <\/p>\n<ul>\n<li>For\u00f8g bookinger af h\u00e5ndl\u00e6sning.<\/li>\n<li>\u00d8ge MyPalmLeafs brand awareness globalt.<\/li>\n<\/ul>\n            <\/div>\n                                  <div id=\"tab3\" class=\"tab-pane active\">\n              <p>Som APM vil du:<\/p>\n<ul>\n<li>R\u00e6k aktivt ud til potentielle partnere, b\u00e5de enkeltpersoner og organisationer, for at opdyrke gensidigt fordelagtige partnerskaber.<\/li>\n<li>Udvikle og administrere MyPalmLeafs affiliate-program.<\/li>\n<li>Samarbejde med influencer-bureauer for at udvide vores tilstedev\u00e6relse p\u00e5 tysk, engelsk, japansk, kinesisk og nye markeder.<\/li>\n<\/ul>\n            <\/div>\n                                  <div id=\"tab4\" class=\"tab-pane active\">\n              <p>Vi sender dig en detaljeret betalingsforklaring, n\u00e5r vi har modtaget din ans\u00f8gning.<\/p>\n<ul>\n<li><strong>En m\u00e5lbevidst mission:<\/strong> V\u00e6r en del af en \u00e5ndeligt drevet, meningsfuld mission, der er dedikeret til at gavne verden.<\/li>\n<li>St\u00f8ttende teammilj\u00f8: Bliv en del af et passioneret team, der opmuntrer b\u00e5de din personlige og professionelle udvikling.<\/li>\n<li>Fleksibilitet: Nyd en fleksibel, stedsuafh\u00e6ngig rolle med muligheder for at v\u00e6re medskabende i en hurtigt voksende spirituel organisation.<\/li>\n<li>Konkurrencedygtig kompensation: Modtag en konkurrencedygtig pakke, der inkluderer grundl\u00f8n plus pr\u00e6stationsbaserede bonusser.<\/li>\n<\/ul>\n            <\/div>\n                              <\/div>\n      <\/div>\n    <\/div>\n  <\/div>\n<\/section><section class=\"how-to-apply my-6 mt-0\">\n  <div class=\"container-xl\">\n    <div class=\"row\">\n      <div class=\"col-lg-10 mx-auto\" >\n        <div class=\"dual-col \">\n          <div class=\"title\">\n            <img decoding=\"async\" src=\"https:\/\/mypalmleaf.com\/wp-content\/uploads\/2024\/08\/title-bg.png\" alt=\"\" class=\"img-fluid\">\n            <div class=\"text\">S\u00e5dan ans\u00f8ger du<\/div>\n          <\/div>\n          <div class=\"desc\">\n            <p>For at ans\u00f8ge skal du blot optage en video p\u00e5 1-4 minutter, hvor du pr\u00e6senterer dig selv. Fort\u00e6l os det i din video: <\/p>\n<ul>\n<li>1) Lidt om dig selv.<\/li>\n<li>2) Hvorfor du \u00f8nsker at v\u00e6re en del af MyPalmLeaf.<\/li>\n<li>3) Hvorfor du mener, at du er den ideelle kandidat til denne rolle.<\/li>\n<\/ul>\n<p>Send din video til <a href=\"mailto:info@mypalmleaf.com\">info@mypalmleaf.com.<\/a> Det er den eneste m\u00e5de at ans\u00f8ge p\u00e5. Bem\u00e6rk, at vi ikke svarer p\u00e5 anmodninger om &#8220;mere information&#8221; eller CV&#8217;er, da vi s\u00f8ger proaktive personer, der er klar til at handle. Vis os din energi og entusiasme gennem din video! <\/p>\n<div class=\"btm-contact\">Vi gl\u00e6der os til at h\u00f8re fra dig!<\/div>\n          <\/div>\n        <\/div>\n      <\/div>\n    <\/div>\n  <\/div>\n<\/section>","protected":false},"excerpt":{"rendered":"","protected":false},"author":1,"featured_media":0,"parent":0,"menu_order":0,"comment_status":"closed","ping_status":"closed","template":"","meta":{"_acf_changed":false,"footnotes":""},"class_list":["post-45199","page","type-page","status-publish","hentry"],"acf":[],"yoast_head":"<!-- This site is optimized with the Yoast SEO plugin v26.4 - https:\/\/yoast.com\/wordpress\/plugins\/seo\/ -->\n<title>Affiliate og Parterships Manager - My Palm Leaf<\/title>\n<meta name=\"description\" content=\"Vores Affiliate- og Partnerskabsansvarlige forbinder passionerede s\u00f8gende med meningsfulde samarbejder og spreder palmebladsvisdom verden over.\" \/>\n<meta name=\"robots\" content=\"index, follow, max-snippet:-1, max-image-preview:large, max-video-preview:-1\" \/>\n<link rel=\"canonical\" href=\"https:\/\/mypalmleaf.com\/da\/affiliate-og-parterships-manager\/\" \/>\n<meta property=\"og:locale\" content=\"da_DK\" \/>\n<meta property=\"og:type\" content=\"article\" \/>\n<meta property=\"og:title\" content=\"Affiliate og Parterships Manager - My Palm Leaf\" \/>\n<meta property=\"og:description\" content=\"Vores Affiliate- og Partnerskabsansvarlige forbinder passionerede s\u00f8gende med meningsfulde samarbejder og spreder palmebladsvisdom verden over.\" \/>\n<meta property=\"og:url\" content=\"https:\/\/mypalmleaf.com\/da\/affiliate-og-parterships-manager\/\" \/>\n<meta property=\"og:site_name\" content=\"My Palm Leaf\" \/>\n<meta property=\"article:modified_time\" content=\"2025-04-28T10:24:55+00:00\" \/>\n<meta property=\"og:image\" content=\"https:\/\/mypalmleaf.com\/wp-content\/uploads\/2025\/08\/mpl-circle-logo.jpg\" \/>\n\t<meta property=\"og:image:width\" content=\"1200\" \/>\n\t<meta property=\"og:image:height\" content=\"1196\" \/>\n\t<meta property=\"og:image:type\" content=\"image\/jpeg\" \/>\n<meta name=\"twitter:card\" content=\"summary_large_image\" \/>\n<script type=\"application\/ld+json\" class=\"yoast-schema-graph\">{\"@context\":\"https:\/\/schema.org\",\"@graph\":[{\"@type\":\"WebPage\",\"@id\":\"https:\/\/mypalmleaf.com\/da\/affiliate-og-parterships-manager\/\",\"url\":\"https:\/\/mypalmleaf.com\/da\/affiliate-og-parterships-manager\/\",\"name\":\"Affiliate og Parterships Manager - My Palm Leaf\",\"isPartOf\":{\"@id\":\"https:\/\/mypalmleaf.com\/#website\"},\"datePublished\":\"2024-10-26T17:42:47+00:00\",\"dateModified\":\"2025-04-28T10:24:55+00:00\",\"description\":\"Vores Affiliate- og Partnerskabsansvarlige forbinder passionerede s\u00f8gende med meningsfulde samarbejder og spreder palmebladsvisdom verden over.\",\"breadcrumb\":{\"@id\":\"https:\/\/mypalmleaf.com\/da\/affiliate-og-parterships-manager\/#breadcrumb\"},\"inLanguage\":\"da-DK\",\"potentialAction\":[{\"@type\":\"ReadAction\",\"target\":[\"https:\/\/mypalmleaf.com\/da\/affiliate-og-parterships-manager\/\"]}]},{\"@type\":\"BreadcrumbList\",\"@id\":\"https:\/\/mypalmleaf.com\/da\/affiliate-og-parterships-manager\/#breadcrumb\",\"itemListElement\":[{\"@type\":\"ListItem\",\"position\":1,\"name\":\"Home\",\"item\":\"https:\/\/mypalmleaf.com\/da\/\"},{\"@type\":\"ListItem\",\"position\":2,\"name\":\"Affiliate og Parterships Manager\"}]},{\"@type\":\"WebSite\",\"@id\":\"https:\/\/mypalmleaf.com\/#website\",\"url\":\"https:\/\/mypalmleaf.com\/\",\"name\":\"My Palm Leaf\",\"description\":\"\",\"potentialAction\":[{\"@type\":\"SearchAction\",\"target\":{\"@type\":\"EntryPoint\",\"urlTemplate\":\"https:\/\/mypalmleaf.com\/?s={search_term_string}\"},\"query-input\":{\"@type\":\"PropertyValueSpecification\",\"valueRequired\":true,\"valueName\":\"search_term_string\"}}],\"inLanguage\":\"da-DK\"}]}<\/script>\n<!-- \/ Yoast SEO plugin. -->","yoast_head_json":{"title":"Affiliate og Parterships Manager - My Palm Leaf","description":"Vores Affiliate- og Partnerskabsansvarlige forbinder passionerede s\u00f8gende med meningsfulde samarbejder og spreder palmebladsvisdom verden over.","robots":{"index":"index","follow":"follow","max-snippet":"max-snippet:-1","max-image-preview":"max-image-preview:large","max-video-preview":"max-video-preview:-1"},"canonical":"https:\/\/mypalmleaf.com\/da\/affiliate-og-parterships-manager\/","og_locale":"da_DK","og_type":"article","og_title":"Affiliate og Parterships Manager - My Palm Leaf","og_description":"Vores Affiliate- og Partnerskabsansvarlige forbinder passionerede s\u00f8gende med meningsfulde samarbejder og spreder palmebladsvisdom verden over.","og_url":"https:\/\/mypalmleaf.com\/da\/affiliate-og-parterships-manager\/","og_site_name":"My Palm Leaf","article_modified_time":"2025-04-28T10:24:55+00:00","og_image":[{"width":1200,"height":1196,"url":"https:\/\/mypalmleaf.com\/wp-content\/uploads\/2025\/08\/mpl-circle-logo.jpg","type":"image\/jpeg"}],"twitter_card":"summary_large_image","schema":{"@context":"https:\/\/schema.org","@graph":[{"@type":"WebPage","@id":"https:\/\/mypalmleaf.com\/da\/affiliate-og-parterships-manager\/","url":"https:\/\/mypalmleaf.com\/da\/affiliate-og-parterships-manager\/","name":"Affiliate og Parterships Manager - My Palm Leaf","isPartOf":{"@id":"https:\/\/mypalmleaf.com\/#website"},"datePublished":"2024-10-26T17:42:47+00:00","dateModified":"2025-04-28T10:24:55+00:00","description":"Vores Affiliate- og Partnerskabsansvarlige forbinder passionerede s\u00f8gende med meningsfulde samarbejder og spreder palmebladsvisdom verden over.","breadcrumb":{"@id":"https:\/\/mypalmleaf.com\/da\/affiliate-og-parterships-manager\/#breadcrumb"},"inLanguage":"da-DK","potentialAction":[{"@type":"ReadAction","target":["https:\/\/mypalmleaf.com\/da\/affiliate-og-parterships-manager\/"]}]},{"@type":"BreadcrumbList","@id":"https:\/\/mypalmleaf.com\/da\/affiliate-og-parterships-manager\/#breadcrumb","itemListElement":[{"@type":"ListItem","position":1,"name":"Home","item":"https:\/\/mypalmleaf.com\/da\/"},{"@type":"ListItem","position":2,"name":"Affiliate og Parterships Manager"}]},{"@type":"WebSite","@id":"https:\/\/mypalmleaf.com\/#website","url":"https:\/\/mypalmleaf.com\/","name":"My Palm Leaf","description":"","potentialAction":[{"@type":"SearchAction","target":{"@type":"EntryPoint","urlTemplate":"https:\/\/mypalmleaf.com\/?s={search_term_string}"},"query-input":{"@type":"PropertyValueSpecification","valueRequired":true,"valueName":"search_term_string"}}],"inLanguage":"da-DK"}]}},"_links":{"self":[{"href":"https:\/\/mypalmleaf.com\/da\/wp-json\/wp\/v2\/pages\/45199","targetHints":{"allow":["GET"]}}],"collection":[{"href":"https:\/\/mypalmleaf.com\/da\/wp-json\/wp\/v2\/pages"}],"about":[{"href":"https:\/\/mypalmleaf.com\/da\/wp-json\/wp\/v2\/types\/page"}],"author":[{"embeddable":true,"href":"https:\/\/mypalmleaf.com\/da\/wp-json\/wp\/v2\/users\/1"}],"replies":[{"embeddable":true,"href":"https:\/\/mypalmleaf.com\/da\/wp-json\/wp\/v2\/comments?post=45199"}],"version-history":[{"count":0,"href":"https:\/\/mypalmleaf.com\/da\/wp-json\/wp\/v2\/pages\/45199\/revisions"}],"wp:attachment":[{"href":"https:\/\/mypalmleaf.com\/da\/wp-json\/wp\/v2\/media?parent=45199"}],"curies":[{"name":"wp","href":"https:\/\/api.w.org\/{rel}","templated":true}]}}