
{"id":45482,"date":"2024-11-10T05:53:12","date_gmt":"2024-11-10T05:53:12","guid":{"rendered":"https:\/\/mypalmleaf.com\/homa\/"},"modified":"2025-04-28T10:23:57","modified_gmt":"2025-04-28T10:23:57","slug":"homa","status":"publish","type":"page","link":"https:\/\/mypalmleaf.com\/da\/homa\/","title":{"rendered":"Homa"},"content":{"rendered":"\n<section class=\"spotlight-main small top-gap\">\n    <!-- <div class=\"slider-wrap\" data-flickity='{ \"cellAlign\": \"left\", \"contain\": true, \"wrapAround\": true, \"setGallerySize\": false }'> -->\n    <div class=\"slider-wrap\" data-flickity='{ \"cellAlign\": \"left\", \"contain\": true, \"wrapAround\": true, \"setGallerySize\": false  }'>\n            <div class=\"slides\">\n        <div class=\"content-wrap\">\n          <div class=\"image\">\n            <picture>\n              <source media=\"(max-width: 999px)\" srcset=\"https:\/\/mypalmleaf.com\/wp-content\/uploads\/2024\/11\/homas-spotlight-mob.jpg\" \/>\n              <source media=\"(min-width: 1000px)\" srcset=\"https:\/\/mypalmleaf.com\/wp-content\/uploads\/2024\/11\/homas-spotlight.jpg\" \/>\n              <img decoding=\"async\" src=\"https:\/\/mypalmleaf.com\/wp-content\/uploads\/2024\/11\/homas-spotlight.jpg\" class=\"img-fluid\" alt=\"\" \/>\n            <\/picture>\n          <\/div>\n          <div class=\"content\">\n            <div data-aos=\"fade-up\" data-aos-duration=\"1000\">\n              <h2 class=\"\">Homas: Ceremonier med hellig ild til karmisk transformation<\/h2>\n              <p>Oplev de gamle vediske ritualer, der udf\u00f8res for at bringe velsignelser, renselse og harmoni ind i dit liv.  <\/p>\n                                  <a href=\"\/prices\/fire-ceremony-homa\/\" class=\"btn btn-primary\">Book din homas<\/a>\n                   \n            <\/div>\n          <\/div>\n        <\/div>\n      <\/div>\n          <\/div>\n<\/section>\n<section class=\"my-6 position-relative\">\n    <div class=\"container-xl\" data-aos=\"fade-up\" data-aos-duration=\"1000\">\n      <div class=\"row align-items-center\">\n        <div class=\"col-lg-5 mb-4 mb-lg-0\">\n          <div class=\"rounded-asset\">\n            <img decoding=\"async\" src=\"https:\/\/mypalmleaf.com\/wp-content\/uploads\/2024\/11\/yt-thumb-homa.jpg\" class=\"img-fluid\" alt=\"\"><div class=\"play-icon\"><\/div>\n            <a href=\"https:\/\/www.youtube.com\/watch?v=63svn4g1Z5U\" class=\"stretched-link\" data-lity><\/a>\n          <\/div>\n        <\/div>\n        <div class=\"col-lg-7\">\n          <h2 class=\"mb-4\">Hvad er Homa-ildceremonierne?<\/h2>\n          <p>Homas, ogs\u00e5 kendt som ildceremonier, er kraftfulde vediske ritualer, der udf\u00f8res for at p\u00e5kalde guddommelige energier, fjerne negative karmiske p\u00e5virkninger og bringe balance i forskellige aspekter af livet. Gennem ildens hellige element ofres der til guderne, og ritualets transformerende energi bringer velsignelser, renselse og helbredelse. <\/p>\n<p>Disse ceremonier ledes af erfarne vediske pr\u00e6ster, som synger hellige mantraer og ofrer til den hellige ild, hvilket forst\u00e6rker ritualets hensigt og effekt.<\/p>\n        <\/div>\n      <\/div>\n    <\/div>\n    <\/section>\n<section class=\"my-6 position-relative\">\n  <div class=\"container-xl aos-init aos-animate\" data-aos=\"fade-up\" data-aos-duration=\"1000\">\n    <div class=\"row align-items-center\">\n      <div class=\"col-lg-7\">\n        <h2 class=\"mb-4\">Hvordan kan Hamas gavne dig?<\/h2>\n<p>Hver Homa-ceremoni tjener et unikt form\u00e5l, hvad enten det er at overvinde forhindringer, forbedre helbredet, invitere til velstand eller rense negativ karma.<\/p>\n<p>Se her, hvordan Tomas kan forandre dit liv:  <\/p>\n        <ul>\n<li>Karmisk healing: Frig\u00f8r fortidens karmiske g\u00e6ld og tiltr\u00e6k positive karmiske p\u00e5virkninger.  <\/li>\n<li>Renselse: Rens din aura og dine omgivelser for negative energier.  <\/li>\n<li>Velsignelser og velstand: P\u00e5kald velsignelser for sundhed, rigdom, relationer og generelt velv\u00e6re.  <\/li>\n<li>Beskyttelse og harmoni: Styrk den \u00e5ndelige beskyttelse og bring harmoni i dit liv.  <\/li>\n<\/ul>\n<div class=\"dual-btn-cont mt-4\">\n<ul>\n<li><a href=\"https:\/\/mypalmleaf.com\/da\/prices\/ceremoni-med-ild-homa\/\" class=\"btn btn-primary\">Book din ildceremoni nu<\/a><\/li>\n<\/ul>\n<\/div>\n      <\/div>\n      <div class=\"col-lg-5 mb-4 mb-lg-0\">\n        <div class=\"rounded-asset\">\n          <img decoding=\"async\" src=\"https:\/\/mypalmleaf.com\/wp-content\/uploads\/2024\/11\/homas-thumb.jpg\" class=\"img-fluid\" alt=\"\"\/>\n        <\/div>\n      <\/div>\n    <\/div>\n  <\/div>\n       \n  <\/section>\n\n<section class=\"my-6 position-relative\">\n  <div class=\"container-xl aos-init aos-animate\" data-aos=\"fade-up\" data-aos-duration=\"1000\">\n    <div class=\"row align-items-center\">\n      <div class=\"col-lg-5 mb-4 mb-lg-0\">\n        <div class=\"rounded-asset\">\n          <img decoding=\"async\" src=\"https:\/\/mypalmleaf.com\/wp-content\/uploads\/2024\/11\/homas-thumb2.jpg\" class=\"img-fluid\" alt=\"\"\/>\n        <\/div>\n      <\/div>\n      <div class=\"col-lg-7\">\n        <h2 class=\"mb-4\">S\u00e5dan fungerer det<\/h2>\n        <p><strong>Trin 1: Book din H<\/strong>oma<br\/> Book Homa-ildceremonien p\u00e5 vores hjemmeside<\/p> \n<p><strong>Trin 2: Book din tid<\/strong><br\/> N\u00e5r du har booket, modtager du et kalenderlink og kan booke den rigtige dag og det rigtige tidspunkt, hvor du vil have udf\u00f8rt Homa.  <\/p>\n<p><strong>Trin 3: Deltag og modtag velsignelser<\/strong><br\/> Du kan v\u00e6lge at deltage i ceremonien live via Zoom eller modtage energien og velsignelserne, uanset hvor du er. En af vores moderatorer vil ledsage dig under homaen og forklare dig alt.   <\/p>\n<div class=\"dual-btn-cont mt-4\">\n<ul>\n<li><a href=\"https:\/\/mypalmleaf.com\/da\/prices\/ceremoni-med-ild-homa\/\" class=\"btn btn-primary\">Book din ildceremoni nu<\/a><\/li>\n<\/ul>\n<\/div>\n      <\/div>\n      \n    <\/div>\n  <\/div>\n       \n  <\/section>\n\n<figure class=\"wp-block-gallery has-nested-images columns-default is-cropped wp-block-gallery-1 is-layout-flex wp-block-gallery-is-layout-flex\">\n<figure class=\"wp-block-image size-full\"><img loading=\"lazy\" decoding=\"async\" width=\"1024\" height=\"576\" data-id=\"45429\" src=\"https:\/\/mypalmleaf.com\/wp-content\/uploads\/2024\/11\/3-1.jpg\" alt=\"\" class=\"wp-image-45429\" srcset=\"https:\/\/mypalmleaf.com\/wp-content\/uploads\/2024\/11\/3-1.jpg 1024w, https:\/\/mypalmleaf.com\/wp-content\/uploads\/2024\/11\/3-1-600x338.jpg 600w, https:\/\/mypalmleaf.com\/wp-content\/uploads\/2024\/11\/3-1-300x169.jpg 300w, https:\/\/mypalmleaf.com\/wp-content\/uploads\/2024\/11\/3-1-768x432.jpg 768w\" sizes=\"auto, (max-width: 1024px) 100vw, 1024px\" \/><\/figure>\n\n\n\n<figure class=\"wp-block-image size-large\"><img loading=\"lazy\" decoding=\"async\" width=\"1024\" height=\"576\" data-id=\"45407\" src=\"https:\/\/mypalmleaf.com\/wp-content\/uploads\/2024\/11\/2.jpg\" alt=\"\" class=\"wp-image-45407\" srcset=\"https:\/\/mypalmleaf.com\/wp-content\/uploads\/2024\/11\/2.jpg 1024w, https:\/\/mypalmleaf.com\/wp-content\/uploads\/2024\/11\/2-600x338.jpg 600w, https:\/\/mypalmleaf.com\/wp-content\/uploads\/2024\/11\/2-300x169.jpg 300w, https:\/\/mypalmleaf.com\/wp-content\/uploads\/2024\/11\/2-768x432.jpg 768w\" sizes=\"auto, (max-width: 1024px) 100vw, 1024px\" \/><\/figure>\n\n\n\n<figure class=\"wp-block-image size-large\"><img loading=\"lazy\" decoding=\"async\" width=\"1024\" height=\"576\" data-id=\"45386\" src=\"https:\/\/mypalmleaf.com\/wp-content\/uploads\/2024\/11\/1.jpg\" alt=\"\" class=\"wp-image-45386\" srcset=\"https:\/\/mypalmleaf.com\/wp-content\/uploads\/2024\/11\/1.jpg 1024w, https:\/\/mypalmleaf.com\/wp-content\/uploads\/2024\/11\/1-600x338.jpg 600w, https:\/\/mypalmleaf.com\/wp-content\/uploads\/2024\/11\/1-300x169.jpg 300w, https:\/\/mypalmleaf.com\/wp-content\/uploads\/2024\/11\/1-768x432.jpg 768w\" sizes=\"auto, (max-width: 1024px) 100vw, 1024px\" \/><\/figure>\n<\/figure>\n<section class=\"accordion-container position-relative \" data-aos=\"fade-up\" data-aos-duration=\"1000\" id=\"general-questions\">\n  <div class=\"container-xl\">\n    <div class=\"row\">\n      <h3>Ofte stillede sp\u00f8rgsm\u00e5l<\/h3>\n      <div class=\"accr-wrap\">\n                  <div class=\"head\">Skal jeg v\u00e6re fysisk til stede, for at Homa-ceremonien er effektiv?<\/div>\n          <div class=\"content\">\n            <p>Nej, du beh\u00f8ver ikke at v\u00e6re fysisk til stede, for at homaen er effektiv. Ceremoniens energi og velsignelser sendes ud gennem vibrationerne fra de hellige mantraer og ilden. Du kan deltage i ceremonien live via Zoom, hvis du vil, men fordelene vil n\u00e5 dig, selv om du ikke kan deltage.  <\/p>\n          <\/div>\n                  <div class=\"head\">Hvordan skal jeg forberede mig til en Homa-ceremoni?<\/div>\n          <div class=\"content\">\n            <p>For at forberede dig til en Homa er det bedst at have en klar intention om, hvad du \u00f8nsker at modtage fra ritualet. Det kan ogs\u00e5 v\u00e6re en god id\u00e9 at skabe et fredeligt sted i dit hjem uden forstyrrelser, hvor du kan sidde stille og modtage ceremoniens energi. Hvis du deltager live, skal du s\u00f8rge for at have en stabil internetforbindelse og rolige omgivelser.  <\/p>\n          <\/div>\n                  <div class=\"head\">Kan en Homa udf\u00f8res p\u00e5 vegne af en anden?<\/div>\n          <div class=\"content\">\n            <p>Ja, Homas kan udf\u00f8res p\u00e5 vegne af en anden, uanset om det er for en elsket, et familiemedlem eller en ven. Du skal blot angive deres navn og hensigt med ceremonien, s\u00e5 vil energien og velsignelserne blive rettet mod dem. <\/p>\n          <\/div>\n                  <div class=\"head\">Hvilke resultater kan jeg forvente af en Homa?<\/div>\n          <div class=\"content\">\n            <p>Virkningerne af en Homa kan variere afh\u00e6ngigt af din intention og den type ceremoni, der udf\u00f8res. Folk fort\u00e6ller ofte, at de f\u00f8ler fred, f\u00f8lelsesm\u00e6ssig lettelse og klarhed, og at de oplever h\u00e5ndgribelige positive forandringer i deres liv, f.eks. bedre forhold, helbred eller succes. Velsignelserne og de karmiske fordele udfolder sig ofte over tid.  <\/p>\n          <\/div>\n                  <div class=\"head\">Hvordan v\u00e6lger jeg, hvilken type Homa jeg skal booke?<\/div>\n          <div class=\"content\">\n            <p>Hvis en Homa blev anbefalet til dig under din h\u00e5ndbladsl\u00e6sning, s\u00e5 vil denne type Homa blive udf\u00f8rt for dig. Ellers kan du ogs\u00e5 fort\u00e6lle os om det overordnede form\u00e5l med homaen, mens du booker, og s\u00e5 vil pr\u00e6sterne v\u00e6lge en specifik ceremoni til det form\u00e5l.   <\/p>\n          <\/div>\n                  <div class=\"head\">Er Homas egnet til alle trosretninger og \u00e5ndelige overbevisninger?<\/div>\n          <div class=\"content\">\n            <p>Ja, Homas er spirituelle ritualer med r\u00f8dder i gamle vediske traditioner, men de er \u00e5bne for mennesker af alle trosretninger og overbevisninger. Ceremonierne fokuserer p\u00e5 universelle energier som f.eks. elementerne og guddommelige velsignelser, som kan v\u00e6re gavnlige uanset din spirituelle baggrund.   <\/p>\n          <\/div>\n                  <div class=\"head\">Hvor lang tid varer en Homa-ceremoni typisk?<\/div>\n          <div class=\"content\">\n            <p>Varigheden af en Homa-ceremoni kan variere afh\u00e6ngigt af dens kompleksitet og den type ritual, der udf\u00f8res. De fleste ceremonier varer mellem 30 minutter og 1 time.   <\/p>\n          <\/div>\n                  <div class=\"head\">Kan jeg bede om en bestemt dato eller et bestemt tidspunkt for Homa?<\/div>\n          <div class=\"content\">\n            <p>Ja, du kan anmode om en bestemt dato og et bestemt tidspunkt for din Homa, afh\u00e6ngigt af vores vediske pr\u00e6sters tilg\u00e6ngelighed og de gunstige tidspunkter for udf\u00f8relsen af ceremonien. Vi vil g\u00f8re vores bedste for at im\u00f8dekomme dine \u00f8nsker.   <\/p>\n          <\/div>\n                  <div class=\"head\">Hvordan foretages ofringerne under Homa?<\/div>\n          <div class=\"content\">\n            <p>Offergaverne, som f.eks. ghee, urter, korn og andre hellige ting, l\u00e6gges i ilden af vores vediske pr\u00e6ster, mens de messer kraftfulde mantraer. Hvert offer symboliserer renselse, transformation og frigivelse af velsignelser til universet.   <\/p>\n          <\/div>\n                  <div class=\"head\">Vil jeg blive ledsaget af en moderator fra Mypalmleaf?<\/div>\n          <div class=\"content\">\n            <p>Ja, en af vores moderatorer vil v\u00e6re til stede i Homa. De vil guide dig og forklare dig alt, hvis det er n\u00f8dvendigt.   <\/p>\n          <\/div>\n              <\/div>\n    <\/div>\n  <\/div>\n  \n<\/section>\n<\/div>\n<p><\/p>\n","protected":false},"excerpt":{"rendered":"<p>Hvordan kan Hamas gavne dig? Hver Homa-ceremoni tjener et unikt form\u00e5l, hvad enten det er at overvinde forhindringer, forbedre helbredet, invitere til velstand eller rense negativ karma. Se her, hvordan Tomas kan forandre dit liv: Karmisk healing: Frig\u00f8r fortidens karmiske g\u00e6ld og tiltr\u00e6k positive karmiske p\u00e5virkninger. Renselse: Rens din aura og dine omgivelser for negative [&hellip;]<\/p>\n","protected":false},"author":1,"featured_media":0,"parent":0,"menu_order":0,"comment_status":"closed","ping_status":"closed","template":"","meta":{"_acf_changed":false,"footnotes":""},"class_list":["post-45482","page","type-page","status-publish","hentry"],"acf":[],"yoast_head":"<!-- This site is optimized with the Yoast SEO plugin v26.4 - https:\/\/yoast.com\/wordpress\/plugins\/seo\/ -->\n<title>Homa - My Palm Leaf<\/title>\n<meta name=\"description\" content=\"Homa er et helligt ildritual, der renser sj\u00e6len, fjerner forhindringer og bringer guddommelige velsignelser, healing og fred til den s\u00f8gende.\" \/>\n<meta name=\"robots\" content=\"index, follow, max-snippet:-1, max-image-preview:large, max-video-preview:-1\" \/>\n<link rel=\"canonical\" href=\"https:\/\/mypalmleaf.com\/da\/homa\/\" \/>\n<meta property=\"og:locale\" content=\"da_DK\" \/>\n<meta property=\"og:type\" content=\"article\" \/>\n<meta property=\"og:title\" content=\"Homa - My Palm Leaf\" \/>\n<meta property=\"og:description\" content=\"Homa er et helligt ildritual, der renser sj\u00e6len, fjerner forhindringer og bringer guddommelige velsignelser, healing og fred til den s\u00f8gende.\" \/>\n<meta property=\"og:url\" content=\"https:\/\/mypalmleaf.com\/da\/homa\/\" \/>\n<meta property=\"og:site_name\" content=\"My Palm Leaf\" \/>\n<meta property=\"article:modified_time\" content=\"2025-04-28T10:23:57+00:00\" \/>\n<meta property=\"og:image\" content=\"https:\/\/mypalmleaf.com\/wp-content\/uploads\/2024\/11\/homas-thumb.jpg\" \/>\n<meta name=\"twitter:card\" content=\"summary_large_image\" \/>\n<meta name=\"twitter:label1\" content=\"Estimeret l\u00e6setid\" \/>\n\t<meta name=\"twitter:data1\" content=\"2 minutter\" \/>\n<script type=\"application\/ld+json\" class=\"yoast-schema-graph\">{\"@context\":\"https:\/\/schema.org\",\"@graph\":[{\"@type\":\"WebPage\",\"@id\":\"https:\/\/mypalmleaf.com\/da\/homa\/\",\"url\":\"https:\/\/mypalmleaf.com\/da\/homa\/\",\"name\":\"Homa - My Palm Leaf\",\"isPartOf\":{\"@id\":\"https:\/\/mypalmleaf.com\/#website\"},\"primaryImageOfPage\":{\"@id\":\"https:\/\/mypalmleaf.com\/da\/homa\/#primaryimage\"},\"image\":{\"@id\":\"https:\/\/mypalmleaf.com\/da\/homa\/#primaryimage\"},\"thumbnailUrl\":\"https:\/\/mypalmleaf.com\/wp-content\/uploads\/2024\/11\/homas-thumb.jpg\",\"datePublished\":\"2024-11-10T05:53:12+00:00\",\"dateModified\":\"2025-04-28T10:23:57+00:00\",\"description\":\"Homa er et helligt ildritual, der renser sj\u00e6len, fjerner forhindringer og bringer guddommelige velsignelser, healing og fred til den s\u00f8gende.\",\"breadcrumb\":{\"@id\":\"https:\/\/mypalmleaf.com\/da\/homa\/#breadcrumb\"},\"inLanguage\":\"da-DK\",\"potentialAction\":[{\"@type\":\"ReadAction\",\"target\":[\"https:\/\/mypalmleaf.com\/da\/homa\/\"]}]},{\"@type\":\"ImageObject\",\"inLanguage\":\"da-DK\",\"@id\":\"https:\/\/mypalmleaf.com\/da\/homa\/#primaryimage\",\"url\":\"https:\/\/mypalmleaf.com\/wp-content\/uploads\/2024\/11\/homas-thumb.jpg\",\"contentUrl\":\"https:\/\/mypalmleaf.com\/wp-content\/uploads\/2024\/11\/homas-thumb.jpg\"},{\"@type\":\"BreadcrumbList\",\"@id\":\"https:\/\/mypalmleaf.com\/da\/homa\/#breadcrumb\",\"itemListElement\":[{\"@type\":\"ListItem\",\"position\":1,\"name\":\"Home\",\"item\":\"https:\/\/mypalmleaf.com\/da\/\"},{\"@type\":\"ListItem\",\"position\":2,\"name\":\"Homa\"}]},{\"@type\":\"WebSite\",\"@id\":\"https:\/\/mypalmleaf.com\/#website\",\"url\":\"https:\/\/mypalmleaf.com\/\",\"name\":\"My Palm Leaf\",\"description\":\"\",\"potentialAction\":[{\"@type\":\"SearchAction\",\"target\":{\"@type\":\"EntryPoint\",\"urlTemplate\":\"https:\/\/mypalmleaf.com\/?s={search_term_string}\"},\"query-input\":{\"@type\":\"PropertyValueSpecification\",\"valueRequired\":true,\"valueName\":\"search_term_string\"}}],\"inLanguage\":\"da-DK\"}]}<\/script>\n<!-- \/ Yoast SEO plugin. -->","yoast_head_json":{"title":"Homa - My Palm Leaf","description":"Homa er et helligt ildritual, der renser sj\u00e6len, fjerner forhindringer og bringer guddommelige velsignelser, healing og fred til den s\u00f8gende.","robots":{"index":"index","follow":"follow","max-snippet":"max-snippet:-1","max-image-preview":"max-image-preview:large","max-video-preview":"max-video-preview:-1"},"canonical":"https:\/\/mypalmleaf.com\/da\/homa\/","og_locale":"da_DK","og_type":"article","og_title":"Homa - My Palm Leaf","og_description":"Homa er et helligt ildritual, der renser sj\u00e6len, fjerner forhindringer og bringer guddommelige velsignelser, healing og fred til den s\u00f8gende.","og_url":"https:\/\/mypalmleaf.com\/da\/homa\/","og_site_name":"My Palm Leaf","article_modified_time":"2025-04-28T10:23:57+00:00","og_image":[{"url":"https:\/\/mypalmleaf.com\/wp-content\/uploads\/2024\/11\/homas-thumb.jpg","type":"","width":"","height":""}],"twitter_card":"summary_large_image","twitter_misc":{"Estimeret l\u00e6setid":"2 minutter"},"schema":{"@context":"https:\/\/schema.org","@graph":[{"@type":"WebPage","@id":"https:\/\/mypalmleaf.com\/da\/homa\/","url":"https:\/\/mypalmleaf.com\/da\/homa\/","name":"Homa - My Palm Leaf","isPartOf":{"@id":"https:\/\/mypalmleaf.com\/#website"},"primaryImageOfPage":{"@id":"https:\/\/mypalmleaf.com\/da\/homa\/#primaryimage"},"image":{"@id":"https:\/\/mypalmleaf.com\/da\/homa\/#primaryimage"},"thumbnailUrl":"https:\/\/mypalmleaf.com\/wp-content\/uploads\/2024\/11\/homas-thumb.jpg","datePublished":"2024-11-10T05:53:12+00:00","dateModified":"2025-04-28T10:23:57+00:00","description":"Homa er et helligt ildritual, der renser sj\u00e6len, fjerner forhindringer og bringer guddommelige velsignelser, healing og fred til den s\u00f8gende.","breadcrumb":{"@id":"https:\/\/mypalmleaf.com\/da\/homa\/#breadcrumb"},"inLanguage":"da-DK","potentialAction":[{"@type":"ReadAction","target":["https:\/\/mypalmleaf.com\/da\/homa\/"]}]},{"@type":"ImageObject","inLanguage":"da-DK","@id":"https:\/\/mypalmleaf.com\/da\/homa\/#primaryimage","url":"https:\/\/mypalmleaf.com\/wp-content\/uploads\/2024\/11\/homas-thumb.jpg","contentUrl":"https:\/\/mypalmleaf.com\/wp-content\/uploads\/2024\/11\/homas-thumb.jpg"},{"@type":"BreadcrumbList","@id":"https:\/\/mypalmleaf.com\/da\/homa\/#breadcrumb","itemListElement":[{"@type":"ListItem","position":1,"name":"Home","item":"https:\/\/mypalmleaf.com\/da\/"},{"@type":"ListItem","position":2,"name":"Homa"}]},{"@type":"WebSite","@id":"https:\/\/mypalmleaf.com\/#website","url":"https:\/\/mypalmleaf.com\/","name":"My Palm Leaf","description":"","potentialAction":[{"@type":"SearchAction","target":{"@type":"EntryPoint","urlTemplate":"https:\/\/mypalmleaf.com\/?s={search_term_string}"},"query-input":{"@type":"PropertyValueSpecification","valueRequired":true,"valueName":"search_term_string"}}],"inLanguage":"da-DK"}]}},"_links":{"self":[{"href":"https:\/\/mypalmleaf.com\/da\/wp-json\/wp\/v2\/pages\/45482","targetHints":{"allow":["GET"]}}],"collection":[{"href":"https:\/\/mypalmleaf.com\/da\/wp-json\/wp\/v2\/pages"}],"about":[{"href":"https:\/\/mypalmleaf.com\/da\/wp-json\/wp\/v2\/types\/page"}],"author":[{"embeddable":true,"href":"https:\/\/mypalmleaf.com\/da\/wp-json\/wp\/v2\/users\/1"}],"replies":[{"embeddable":true,"href":"https:\/\/mypalmleaf.com\/da\/wp-json\/wp\/v2\/comments?post=45482"}],"version-history":[{"count":1,"href":"https:\/\/mypalmleaf.com\/da\/wp-json\/wp\/v2\/pages\/45482\/revisions"}],"predecessor-version":[{"id":101465,"href":"https:\/\/mypalmleaf.com\/da\/wp-json\/wp\/v2\/pages\/45482\/revisions\/101465"}],"wp:attachment":[{"href":"https:\/\/mypalmleaf.com\/da\/wp-json\/wp\/v2\/media?parent=45482"}],"curies":[{"name":"wp","href":"https:\/\/api.w.org\/{rel}","templated":true}]}}