
{"id":45523,"date":"2024-11-10T07:16:42","date_gmt":"2024-11-10T07:16:42","guid":{"rendered":"https:\/\/mypalmleaf.com\/athma-shanthi-puja\/"},"modified":"2025-04-28T10:23:00","modified_gmt":"2025-04-28T10:23:00","slug":"athma-shanthi-puja","status":"publish","type":"page","link":"https:\/\/mypalmleaf.com\/da\/athma-shanthi-puja\/","title":{"rendered":"Athma Shanthi Puja"},"content":{"rendered":"\n<section class=\"spotlight-main small top-gap\">\n    <!-- <div class=\"slider-wrap\" data-flickity='{ \"cellAlign\": \"left\", \"contain\": true, \"wrapAround\": true, \"setGallerySize\": false }'> -->\n    <div class=\"slider-wrap\" data-flickity='{ \"cellAlign\": \"left\", \"contain\": true, \"wrapAround\": true, \"setGallerySize\": false  }'>\n            <div class=\"slides\">\n        <div class=\"content-wrap\">\n          <div class=\"image\">\n            <picture>\n              <source media=\"(max-width: 999px)\" srcset=\"https:\/\/mypalmleaf.com\/wp-content\/uploads\/2024\/11\/athma-shanti-puja-spotlight.-mob.jpg\" \/>\n              <source media=\"(min-width: 1000px)\" srcset=\"https:\/\/mypalmleaf.com\/wp-content\/uploads\/2024\/11\/athma-shanti-puja-spotlight.jpg\" \/>\n              <img decoding=\"async\" src=\"https:\/\/mypalmleaf.com\/wp-content\/uploads\/2024\/11\/athma-shanti-puja-spotlight.jpg\" class=\"img-fluid\" alt=\"\" \/>\n            <\/picture>\n          <\/div>\n          <div class=\"content\">\n            <div data-aos=\"fade-up\" data-aos-duration=\"1000\">\n              <h2 class=\"\">Athma Shanthi Puja: Et helligt ritual for afd\u00f8de sj\u00e6le<\/h2>\n              <p>Bring fred og befrielse til dine k\u00e6res sj\u00e6le gennem denne dybe vediske ceremoni.<\/p>\n                                  <a href=\"\/prices\/athma-shanthi-puja-special-ritual-to-help-the-soul-of-someone-who-has-passed-away-to-rest-in-peace\/\" class=\"btn btn-primary\">Book din puja<\/a>\n                   \n            <\/div>\n          <\/div>\n        <\/div>\n      <\/div>\n          <\/div>\n<\/section>\n<section class=\"my-6 position-relative\">\n    <div class=\"container-xl\" data-aos=\"fade-up\" data-aos-duration=\"1000\">\n      <div class=\"row align-items-center\">\n        <div class=\"col-lg-5 mb-4 mb-lg-0\">\n          <div class=\"rounded-asset\">\n            <img decoding=\"async\" src=\"https:\/\/mypalmleaf.com\/wp-content\/uploads\/2024\/11\/yt-thumb-2.jpg\" class=\"img-fluid\" alt=\"\"><div class=\"play-icon\"><\/div>\n            <a href=\"https:\/\/www.youtube.com\/watch?v=nZ0XR1c6lPU\" class=\"stretched-link\" data-lity><\/a>\n          <\/div>\n        <\/div>\n        <div class=\"col-lg-7\">\n          <h2 class=\"mb-4\">Hvad er Athma Shanthi Puja?<\/h2>\n          <p>Athma Shanthi Puja er et helligt ritual, der udf\u00f8res for at \u00e6re og bringe fred til afd\u00f8de elskedes sj\u00e6le. If\u00f8lge vediske traditioner hj\u00e6lper denne ceremoni den afd\u00f8de sj\u00e6l med at finde frig\u00f8relse (moksha) og kan l\u00f8se enhver vedvarende karmisk g\u00e6ld eller forstyrrelse. Den er is\u00e6r vigtig for dem, der er g\u00e5et bort uventet, p\u00e5 tragisk vis eller uden mulighed for at modtage de rette ritualer.  <\/p>\n<p>Under pujaen synger vores erfarne vediske pr\u00e6ster hellige mantraer, beder b\u00f8nner og udf\u00f8rer ritualer for at skabe harmoni og \u00e5ndelig forl\u00f8sning.<\/p>\n        <\/div>\n      <\/div>\n    <\/div>\n    <\/section>\n<section class=\"my-6 position-relative\">\n  <div class=\"container-xl aos-init aos-animate\" data-aos=\"fade-up\" data-aos-duration=\"1000\">\n    <div class=\"row align-items-center\">\n      <div class=\"col-lg-7\">\n        <h2 class=\"mb-4\">Hvorfor udf\u00f8re Athma Shanthi Puja?<\/h2>\n<p>Athma Shanthi Puja er et medf\u00f8lende og kraftfuldt ritual, der tjener b\u00e5de de levende og de afd\u00f8de. Her er, hvorfor det er vigtigt: <\/p>\n<ul>\n<li>Befrielse af sj\u00e6len: Hj\u00e6lp den afd\u00f8de sj\u00e6l med at opn\u00e5 fred og frig\u00f8relse fra genf\u00f8dslens cyklus.<\/li>\n<li>Karmisk opl\u00f8sning: Frig\u00f8r negative karmiske p\u00e5virkninger for\u00e5rsaget af uforl\u00f8ste forf\u00e6dres energier.<\/li>\n<li>Velsignelser fra forf\u00e6drene: Bring velsignelser og beskyttelse fra dine forf\u00e6dre ind i dit liv.<\/li>\n<li>Helbredelse og afslutning: S\u00f8rg for f\u00f8lelsesm\u00e6ssig helbredelse og afslutning for s\u00f8rgende familiemedlemmer.<\/li>\n<\/ul>\n<div class=\"dual-btn-cont mt-4\">\n<ul>\n<li><a href=\"https:\/\/mypalmleaf.com\/da\/prices\/athma-shanthi-puja-saerligt-ritual-for-at-hjaelpe-sjaelen-af-en-person-der-er-gaaet-bort-med-at-hvile-i-fred\/\" class=\"btn btn-primary\">Book Athma Shanti Puja for dine forf\u00e6dres sj\u00e6le<\/a><\/li>\n<\/ul>\n<\/div>\n      <\/div>\n      <div class=\"col-lg-5 mb-4 mb-lg-0\">\n        <div class=\"rounded-asset\">\n          <img decoding=\"async\" src=\"https:\/\/staging.mypalmleaf.com\/wp-content\/uploads\/2024\/11\/atma-shant-thumb1.jpg\" class=\"img-fluid\" alt=\"\"\/>\n        <\/div>\n      <\/div>\n    <\/div>\n  <\/div>\n       \n  <\/section>\n\n<section class=\"my-6 position-relative\">\n  <div class=\"container-xl aos-init aos-animate\" data-aos=\"fade-up\" data-aos-duration=\"1000\">\n    <div class=\"row align-items-center\">\n      <div class=\"col-lg-5 mb-4 mb-lg-0\">\n        <div class=\"rounded-asset\">\n          <img decoding=\"async\" src=\"https:\/\/staging.mypalmleaf.com\/wp-content\/uploads\/2024\/11\/atma-shant-thumb2.jpg\" class=\"img-fluid\" alt=\"\"\/>\n        <\/div>\n      <\/div>\n      <div class=\"col-lg-7\">\n        <h2 class=\"mb-4\">Hvem b\u00f8r overveje denne Puja?<\/h2>\n        <p>Athma Shanthi Puja anbefales til alle, der har mistet en elsket og \u00f8nsker at bringe fred til deres sj\u00e6l. Det er is\u00e6r gavnligt, hvis: <\/p>\n        <ul>\n          <li>Den afd\u00f8de sj\u00e6l d\u00f8de under tragiske eller pludselige omst\u00e6ndigheder.<\/li>\n          <li>De rigtige begravelsesritualer blev ikke udf\u00f8rt, eller der er en f\u00f8lelse af uafsluttet \u00e5ndelig virksomhed.<\/li>\n          <li>Du m\u00e6rker tilstedev\u00e6relsen af forf\u00e6drenes forstyrrelser i dit liv.<\/li>\n          <li>Du \u00f8nsker at \u00e6re og udtrykke taknemmelighed over for dine forf\u00e6dre.<\/li>\n        <\/ul>\n<div class=\"dual-btn-cont mt-4\">\n<ul>\n<li><a href=\"https:\/\/mypalmleaf.com\/da\/prices\/athma-shanthi-puja-saerligt-ritual-for-at-hjaelpe-sjaelen-af-en-person-der-er-gaaet-bort-med-at-hvile-i-fred\/\" class=\"btn btn-primary\">Book Athma Shanti Puja for dine forf\u00e6dres sj\u00e6le<\/a><\/li>\n<\/ul>\n<\/div>\n      <\/div>\n      \n    <\/div>\n  <\/div>\n       \n  <\/section>\n\n<section class=\"my-6 position-relative\">\n  <div class=\"container-xl aos-init aos-animate\" data-aos=\"fade-up\" data-aos-duration=\"1000\">\n    <div class=\"row align-items-center\">\n      <div class=\"col-lg-7\">\n        <h2 class=\"mb-4\">Hvordan udf\u00f8res Athma Shanti Puja?<\/h2>\n<p>Ceremonien udf\u00f8res i henhold til gamle vediske traditioner og finder normalt sted i n\u00e6rheden af et helligt vandomr\u00e5de eller et alter. Her er, hvad du kan forvente: <\/p>\n<ul>\n<li>P\u00e5kaldelse af guddommelige energier: Ritualet begynder med afsyngning af mantraer og b\u00f8nner for at rense rummet og p\u00e5kalde guddommelige energier.<\/li>\n<li>Hellige ofringer: Offergaver, herunder ris, blomster og hellige genstande, bringes til den afd\u00f8de sj\u00e6l.<\/li>\n<li>B\u00f8nner for fred: S\u00e6rlige b\u00f8nner og mantraer bliver sunget for at velsigne sj\u00e6len og lede den mod befrielse.  <\/li>\n<li>Vandritualer: Ceremonien kan omfatte ofringer til hellige vande, der symboliserer renselse og frigivelse af sj\u00e6len.<\/li>\n<\/ul>\n<div class=\"dual-btn-cont mt-4\">\n<ul>\n<li><a href=\"https:\/\/mypalmleaf.com\/da\/prices\/athma-shanthi-puja-saerligt-ritual-for-at-hjaelpe-sjaelen-af-en-person-der-er-gaaet-bort-med-at-hvile-i-fred\/\" class=\"btn btn-primary\">Book Athma Shanti Puja for dine forf\u00e6dres sj\u00e6le<\/a><\/li>\n<\/ul>\n<\/div>\n      <\/div>\n      <div class=\"col-lg-5 mb-4 mb-lg-0\">\n        <div class=\"rounded-asset\">\n          <img decoding=\"async\" src=\"https:\/\/staging.mypalmleaf.com\/wp-content\/uploads\/2024\/11\/atma-shant-thumb3-1.jpg\" class=\"img-fluid\" alt=\"\"\/>\n        <\/div>\n      <\/div>\n    <\/div>\n  <\/div>\n       \n  <\/section>\n<section class=\"accordion-container position-relative \" data-aos=\"fade-up\" data-aos-duration=\"1000\" id=\"general-questions\">\n  <div class=\"container-xl\">\n    <div class=\"row\">\n      <h3>Ofte stillede sp\u00f8rgsm\u00e5l<\/h3>\n      <div class=\"accr-wrap\">\n                  <div class=\"head\">Skal jeg v\u00e6re til stede under Athma Shanthi Puja?<\/div>\n          <div class=\"content\">\n            <p>Nej, det er ikke n\u00f8dvendigt at v\u00e6re fysisk til stede. Vores vediske pr\u00e6ster vil udf\u00f8re ritualet med samme \u00e6rb\u00f8dighed og intention, og velsignelserne og energien vil n\u00e5 sj\u00e6len uanset din tilstedev\u00e6relse. Du kan dog deltage via Zoom, hvis du gerne vil v\u00e6re vidne til ceremonien.  <\/p>\n          <\/div>\n                  <div class=\"head\">Kan Puja udf\u00f8res for en person, der er g\u00e5et bort for l\u00e6nge siden?<\/div>\n          <div class=\"content\">\n            <p>Ja, Athma Shanthi Puja kan udf\u00f8res for sj\u00e6le, der er g\u00e5et bort for mange \u00e5r siden. Ritualet er tidl\u00f8st og kan bringe fred og forl\u00f8sning til enhver sj\u00e6l, uanset hvorn\u00e5r de er g\u00e5et bort. <\/p>\n          <\/div>\n                  <div class=\"head\">Hvilke oplysninger skal jeg give til Puja?<\/div>\n          <div class=\"content\">\n            <p>Vi har typisk brug for navnet p\u00e5 den afd\u00f8de sj\u00e6l og dit forhold til vedkommende. Eventuelle yderligere detaljer, som f.eks. omst\u00e6ndighederne ved deres bortgang, kan ogs\u00e5 v\u00e6re nyttige. <\/p>\n          <\/div>\n                  <div class=\"head\">Kan Athma Shanthi Puja udf\u00f8res for flere sj\u00e6le p\u00e5 \u00e9n gang?<\/div>\n          <div class=\"content\">\n            <p>Ja, det er muligt at udf\u00f8re Puja for mere end \u00e9n sj\u00e6l. Oplys venligst detaljerne om hver enkelt sj\u00e6l, s\u00e5 vil vores pr\u00e6ster s\u00f8rge for, at ritualet bliver tilpasset i overensstemmelse hermed. <\/p>\n          <\/div>\n                  <div class=\"head\">Hvad skal jeg g\u00f8re efter Puja?<\/div>\n          <div class=\"content\">\n            <p>Pujaen varer typisk 20-60 minutter, afh\u00e6ngigt af kompleksiteten og antallet af sj\u00e6le, der skal \u00e6res. Forberedelserne til ceremonien tager mange timer. <\/p>\n          <\/div>\n                  <div class=\"head\">Hvor lang tid tager Athma Shanthi Puja?<\/div>\n          <div class=\"content\">\n            <p>Pujaen varer typisk 20-60 minutter, afh\u00e6ngigt af kompleksiteten og antallet af sj\u00e6le, der skal \u00e6res. Forberedelserne til ceremonien tager mange timer. <\/p>\n          <\/div>\n                  <div class=\"head\">Kan jeg udf\u00f8re denne Puja p\u00e5 vigtige datoer, som f.eks. jubil\u00e6er eller under Pitru Paksha?<\/div>\n          <div class=\"content\">\n            <p>Ja, hvis du udf\u00f8rer Athma Shanthi Puja p\u00e5 vigtige datoer som d\u00f8dsdage eller i Pitru Paksha-perioden, kan det forst\u00e6rke dens fordele. Vi kan hj\u00e6lpe dig med at planl\u00e6gge ceremonien i overensstemmelse hermed. <\/p>\n          <\/div>\n                  <div class=\"head\">Er Athma Shanthi Puja egnet til alle trosretninger og traditioner?<\/div>\n          <div class=\"content\">\n            <p>Ja, selv om Puja har r\u00f8dder i vedisk tradition, er det et universelt ritual, der skal bringe fred og velsignelse til de afd\u00f8de. Det kan udf\u00f8res af alle, uanset deres \u00e5ndelige eller religi\u00f8se overbevisning. <\/p>\n          <\/div>\n                  <div class=\"head\">Vil jeg blive ledsaget af en moderator fra Mypalmleaf?<\/div>\n          <div class=\"content\">\n            <p>Ja, en af vores moderatorer vil v\u00e6re til stede under Athma Shanti Puja. De vil guide dig og forklare dig alt, hvis det er n\u00f8dvendigt. <\/p>\n          <\/div>\n              <\/div>\n    <\/div>\n  <\/div>\n  \n<\/section>\n<\/div>","protected":false},"excerpt":{"rendered":"<p>Hvorfor udf\u00f8re Athma Shanthi Puja? Athma Shanthi Puja er et medf\u00f8lende og kraftfuldt ritual, der tjener b\u00e5de de levende og de afd\u00f8de. Her er, hvorfor det er vigtigt: Befrielse af sj\u00e6len: Hj\u00e6lp den afd\u00f8de sj\u00e6l med at opn\u00e5 fred og frig\u00f8relse fra genf\u00f8dslens cyklus. Karmisk opl\u00f8sning: Frig\u00f8r negative karmiske p\u00e5virkninger for\u00e5rsaget af uforl\u00f8ste forf\u00e6dres energier. [&hellip;]<\/p>\n","protected":false},"author":1,"featured_media":0,"parent":0,"menu_order":0,"comment_status":"closed","ping_status":"closed","template":"","meta":{"_acf_changed":false,"footnotes":""},"class_list":["post-45523","page","type-page","status-publish","hentry"],"acf":[],"yoast_head":"<!-- This site is optimized with the Yoast SEO plugin v26.4 - https:\/\/yoast.com\/wordpress\/plugins\/seo\/ -->\n<title>Athma Shanthi Puja - My Palm Leaf<\/title>\n<meta name=\"description\" content=\"Athma Shanthi Puja er et helligt ritual, der bringer fred til afd\u00f8de sj\u00e6le og giver tr\u00f8st til de efterladte i deres \u00e5ndelige og f\u00f8lelsesm\u00e6ssige rejse.\" \/>\n<meta name=\"robots\" content=\"index, follow, max-snippet:-1, max-image-preview:large, max-video-preview:-1\" \/>\n<link rel=\"canonical\" href=\"https:\/\/mypalmleaf.com\/athma-shanthi-puja\/\" \/>\n<meta property=\"og:locale\" content=\"da_DK\" \/>\n<meta property=\"og:type\" content=\"article\" \/>\n<meta property=\"og:title\" content=\"Athma Shanthi Puja - My Palm Leaf\" \/>\n<meta property=\"og:description\" content=\"Athma Shanthi Puja er et helligt ritual, der bringer fred til afd\u00f8de sj\u00e6le og giver tr\u00f8st til de efterladte i deres \u00e5ndelige og f\u00f8lelsesm\u00e6ssige rejse.\" \/>\n<meta property=\"og:url\" content=\"https:\/\/mypalmleaf.com\/athma-shanthi-puja\/\" \/>\n<meta property=\"og:site_name\" content=\"My Palm Leaf\" \/>\n<meta property=\"article:modified_time\" content=\"2025-04-28T10:23:00+00:00\" \/>\n<meta property=\"og:image\" content=\"https:\/\/staging.mypalmleaf.com\/wp-content\/uploads\/2024\/11\/atma-shant-thumb1.jpg\" \/>\n<meta name=\"twitter:card\" content=\"summary_large_image\" \/>\n<meta name=\"twitter:label1\" content=\"Estimeret l\u00e6setid\" \/>\n\t<meta name=\"twitter:data1\" content=\"2 minutter\" \/>\n<script type=\"application\/ld+json\" class=\"yoast-schema-graph\">{\"@context\":\"https:\/\/schema.org\",\"@graph\":[{\"@type\":\"WebPage\",\"@id\":\"https:\/\/mypalmleaf.com\/athma-shanthi-puja\/\",\"url\":\"https:\/\/mypalmleaf.com\/athma-shanthi-puja\/\",\"name\":\"Athma Shanthi Puja - My Palm Leaf\",\"isPartOf\":{\"@id\":\"https:\/\/mypalmleaf.com\/#website\"},\"primaryImageOfPage\":{\"@id\":\"https:\/\/mypalmleaf.com\/athma-shanthi-puja\/#primaryimage\"},\"image\":{\"@id\":\"https:\/\/mypalmleaf.com\/athma-shanthi-puja\/#primaryimage\"},\"thumbnailUrl\":\"https:\/\/staging.mypalmleaf.com\/wp-content\/uploads\/2024\/11\/atma-shant-thumb1.jpg\",\"datePublished\":\"2024-11-10T07:16:42+00:00\",\"dateModified\":\"2025-04-28T10:23:00+00:00\",\"description\":\"Athma Shanthi Puja er et helligt ritual, der bringer fred til afd\u00f8de sj\u00e6le og giver tr\u00f8st til de efterladte i deres \u00e5ndelige og f\u00f8lelsesm\u00e6ssige rejse.\",\"breadcrumb\":{\"@id\":\"https:\/\/mypalmleaf.com\/athma-shanthi-puja\/#breadcrumb\"},\"inLanguage\":\"da-DK\",\"potentialAction\":[{\"@type\":\"ReadAction\",\"target\":[\"https:\/\/mypalmleaf.com\/athma-shanthi-puja\/\"]}]},{\"@type\":\"ImageObject\",\"inLanguage\":\"da-DK\",\"@id\":\"https:\/\/mypalmleaf.com\/athma-shanthi-puja\/#primaryimage\",\"url\":\"https:\/\/staging.mypalmleaf.com\/wp-content\/uploads\/2024\/11\/atma-shant-thumb1.jpg\",\"contentUrl\":\"https:\/\/staging.mypalmleaf.com\/wp-content\/uploads\/2024\/11\/atma-shant-thumb1.jpg\"},{\"@type\":\"BreadcrumbList\",\"@id\":\"https:\/\/mypalmleaf.com\/athma-shanthi-puja\/#breadcrumb\",\"itemListElement\":[{\"@type\":\"ListItem\",\"position\":1,\"name\":\"Home\",\"item\":\"https:\/\/mypalmleaf.com\/da\/\"},{\"@type\":\"ListItem\",\"position\":2,\"name\":\"Athma Shanthi Puja\"}]},{\"@type\":\"WebSite\",\"@id\":\"https:\/\/mypalmleaf.com\/#website\",\"url\":\"https:\/\/mypalmleaf.com\/\",\"name\":\"My Palm Leaf\",\"description\":\"\",\"potentialAction\":[{\"@type\":\"SearchAction\",\"target\":{\"@type\":\"EntryPoint\",\"urlTemplate\":\"https:\/\/mypalmleaf.com\/?s={search_term_string}\"},\"query-input\":{\"@type\":\"PropertyValueSpecification\",\"valueRequired\":true,\"valueName\":\"search_term_string\"}}],\"inLanguage\":\"da-DK\"}]}<\/script>\n<!-- \/ Yoast SEO plugin. -->","yoast_head_json":{"title":"Athma Shanthi Puja - My Palm Leaf","description":"Athma Shanthi Puja er et helligt ritual, der bringer fred til afd\u00f8de sj\u00e6le og giver tr\u00f8st til de efterladte i deres \u00e5ndelige og f\u00f8lelsesm\u00e6ssige rejse.","robots":{"index":"index","follow":"follow","max-snippet":"max-snippet:-1","max-image-preview":"max-image-preview:large","max-video-preview":"max-video-preview:-1"},"canonical":"https:\/\/mypalmleaf.com\/athma-shanthi-puja\/","og_locale":"da_DK","og_type":"article","og_title":"Athma Shanthi Puja - My Palm Leaf","og_description":"Athma Shanthi Puja er et helligt ritual, der bringer fred til afd\u00f8de sj\u00e6le og giver tr\u00f8st til de efterladte i deres \u00e5ndelige og f\u00f8lelsesm\u00e6ssige rejse.","og_url":"https:\/\/mypalmleaf.com\/athma-shanthi-puja\/","og_site_name":"My Palm Leaf","article_modified_time":"2025-04-28T10:23:00+00:00","og_image":[{"url":"https:\/\/staging.mypalmleaf.com\/wp-content\/uploads\/2024\/11\/atma-shant-thumb1.jpg","type":"","width":"","height":""}],"twitter_card":"summary_large_image","twitter_misc":{"Estimeret l\u00e6setid":"2 minutter"},"schema":{"@context":"https:\/\/schema.org","@graph":[{"@type":"WebPage","@id":"https:\/\/mypalmleaf.com\/athma-shanthi-puja\/","url":"https:\/\/mypalmleaf.com\/athma-shanthi-puja\/","name":"Athma Shanthi Puja - My Palm Leaf","isPartOf":{"@id":"https:\/\/mypalmleaf.com\/#website"},"primaryImageOfPage":{"@id":"https:\/\/mypalmleaf.com\/athma-shanthi-puja\/#primaryimage"},"image":{"@id":"https:\/\/mypalmleaf.com\/athma-shanthi-puja\/#primaryimage"},"thumbnailUrl":"https:\/\/staging.mypalmleaf.com\/wp-content\/uploads\/2024\/11\/atma-shant-thumb1.jpg","datePublished":"2024-11-10T07:16:42+00:00","dateModified":"2025-04-28T10:23:00+00:00","description":"Athma Shanthi Puja er et helligt ritual, der bringer fred til afd\u00f8de sj\u00e6le og giver tr\u00f8st til de efterladte i deres \u00e5ndelige og f\u00f8lelsesm\u00e6ssige rejse.","breadcrumb":{"@id":"https:\/\/mypalmleaf.com\/athma-shanthi-puja\/#breadcrumb"},"inLanguage":"da-DK","potentialAction":[{"@type":"ReadAction","target":["https:\/\/mypalmleaf.com\/athma-shanthi-puja\/"]}]},{"@type":"ImageObject","inLanguage":"da-DK","@id":"https:\/\/mypalmleaf.com\/athma-shanthi-puja\/#primaryimage","url":"https:\/\/staging.mypalmleaf.com\/wp-content\/uploads\/2024\/11\/atma-shant-thumb1.jpg","contentUrl":"https:\/\/staging.mypalmleaf.com\/wp-content\/uploads\/2024\/11\/atma-shant-thumb1.jpg"},{"@type":"BreadcrumbList","@id":"https:\/\/mypalmleaf.com\/athma-shanthi-puja\/#breadcrumb","itemListElement":[{"@type":"ListItem","position":1,"name":"Home","item":"https:\/\/mypalmleaf.com\/da\/"},{"@type":"ListItem","position":2,"name":"Athma Shanthi Puja"}]},{"@type":"WebSite","@id":"https:\/\/mypalmleaf.com\/#website","url":"https:\/\/mypalmleaf.com\/","name":"My Palm Leaf","description":"","potentialAction":[{"@type":"SearchAction","target":{"@type":"EntryPoint","urlTemplate":"https:\/\/mypalmleaf.com\/?s={search_term_string}"},"query-input":{"@type":"PropertyValueSpecification","valueRequired":true,"valueName":"search_term_string"}}],"inLanguage":"da-DK"}]}},"_links":{"self":[{"href":"https:\/\/mypalmleaf.com\/da\/wp-json\/wp\/v2\/pages\/45523","targetHints":{"allow":["GET"]}}],"collection":[{"href":"https:\/\/mypalmleaf.com\/da\/wp-json\/wp\/v2\/pages"}],"about":[{"href":"https:\/\/mypalmleaf.com\/da\/wp-json\/wp\/v2\/types\/page"}],"author":[{"embeddable":true,"href":"https:\/\/mypalmleaf.com\/da\/wp-json\/wp\/v2\/users\/1"}],"replies":[{"embeddable":true,"href":"https:\/\/mypalmleaf.com\/da\/wp-json\/wp\/v2\/comments?post=45523"}],"version-history":[{"count":0,"href":"https:\/\/mypalmleaf.com\/da\/wp-json\/wp\/v2\/pages\/45523\/revisions"}],"wp:attachment":[{"href":"https:\/\/mypalmleaf.com\/da\/wp-json\/wp\/v2\/media?parent=45523"}],"curies":[{"name":"wp","href":"https:\/\/api.w.org\/{rel}","templated":true}]}}