
{"id":38523,"date":"2024-09-04T10:10:30","date_gmt":"2024-09-04T10:10:30","guid":{"rendered":"https:\/\/mypalmleaf.com\/prices\/giv-dine-naermeste-en-gave-i-form-af-haandlaesning\/"},"modified":"2025-04-28T10:45:09","modified_gmt":"2025-04-28T10:45:09","slug":"giv-dine-naermeste-en-gave-i-form-af-haandlaesning","status":"publish","type":"product","link":"https:\/\/mypalmleaf.com\/da\/prices\/giv-dine-naermeste-en-gave-i-form-af-haandlaesning\/","title":{"rendered":"Giv dine n\u00e6rmeste en gave i form af h\u00e5ndl\u00e6sning"},"content":{"rendered":"\n<p>Modtag en voucher til at for\u00e6re h\u00e5ndbladsl\u00e6sningen til en, du holder af.  <\/p>\n<ul>\n<li>Find de pakker, der kan indeholde dit Palm Leaf i Indien<\/li>\n<li>Udf\u00f8r matchningsprocessen online for at identificere dit Palm Leaf<\/li>\n<li>L\u00e6sning af det generelle kapitel<\/li>\n<li>L\u00e6sning af kapitel 14 (energetiske midler)<\/li>\n<li>Videooptagelse af din l\u00e6sning<\/li>\n<li>Foto af dit palmeblad.<\/li>\n<li>Pengene tilbage-garanti, hvis dit blad ikke kan findes.<\/li>\n<\/ul>\n","protected":false},"excerpt":{"rendered":"<p><strong>Servicen omfatter<\/strong><\/p>\n<ul>\n<li>Find de pakker, der kan indeholde dit Palm Leaf i Indien<\/li>\n<li>G\u00f8r matchningsprocessen online for at identificere dit palmeblad&#8230;<\/li>\n<\/ul>\n","protected":false},"featured_media":14126,"comment_status":"open","ping_status":"closed","template":"","meta":{"_acf_changed":false},"product_brand":[],"product_cat":[356],"product_tag":[],"class_list":{"0":"post-38523","1":"product","2":"type-product","3":"status-publish","4":"has-post-thumbnail","6":"product_cat-ikke-kategoriseret","8":"first","9":"instock","10":"taxable","11":"shipping-taxable","12":"purchasable","13":"product-type-variable"},"exclude_global_add_ons":false,"addons":[{"name":"Gavemodtagerens navn","type":"custom_text","position":0,"required":true,"title_format":"label","description_enable":false,"description":"","placeholder_enable":false,"placeholder":"","display":"select","restrictions_type":"any_text","adjust_price":false,"price":"","price_type":"flat_fee","restrictions":false,"min":0,"max":0,"options":[],"id":1725954986}],"acf":[],"yoast_head":"<!-- This site is optimized with the Yoast SEO plugin v26.4 - https:\/\/yoast.com\/wordpress\/plugins\/seo\/ -->\n<title>Giv dine n\u00e6rmeste en gave i form af h\u00e5ndl\u00e6sning - My Palm Leaf<\/title>\n<meta name=\"description\" content=\"Giv en meningsfuld gave: en palmebladsl\u00e6sning fyldt med guddommelig visdom, spirituel indsigt og personlig udvikling til en, du holder af.\" \/>\n<meta name=\"robots\" content=\"index, follow, max-snippet:-1, max-image-preview:large, max-video-preview:-1\" \/>\n<link rel=\"canonical\" href=\"https:\/\/mypalmleaf.com\/da\/prices\/giv-dine-naermeste-en-gave-i-form-af-haandlaesning\/\" \/>\n<meta property=\"og:locale\" content=\"da_DK\" \/>\n<meta property=\"og:type\" content=\"article\" \/>\n<meta property=\"og:title\" content=\"Giv dine n\u00e6rmeste en gave i form af h\u00e5ndl\u00e6sning - My Palm Leaf\" \/>\n<meta property=\"og:description\" content=\"Giv en meningsfuld gave: en palmebladsl\u00e6sning fyldt med guddommelig visdom, spirituel indsigt og personlig udvikling til en, du holder af.\" \/>\n<meta property=\"og:url\" content=\"https:\/\/mypalmleaf.com\/da\/prices\/giv-dine-naermeste-en-gave-i-form-af-haandlaesning\/\" \/>\n<meta property=\"og:site_name\" content=\"My Palm Leaf\" \/>\n<meta property=\"article:modified_time\" content=\"2025-04-28T10:45:09+00:00\" \/>\n<meta property=\"og:image\" content=\"https:\/\/mypalmleaf.com\/wp-content\/uploads\/2024\/09\/mantra-product-page-21.jpg\" \/>\n\t<meta property=\"og:image:width\" content=\"800\" \/>\n\t<meta property=\"og:image:height\" content=\"444\" \/>\n\t<meta property=\"og:image:type\" content=\"image\/jpeg\" \/>\n<meta name=\"twitter:card\" content=\"summary_large_image\" \/>\n<meta name=\"twitter:label1\" content=\"Estimeret l\u00e6setid\" \/>\n\t<meta name=\"twitter:data1\" content=\"1 minut\" \/>\n<script type=\"application\/ld+json\" class=\"yoast-schema-graph\">{\"@context\":\"https:\/\/schema.org\",\"@graph\":[{\"@type\":\"WebPage\",\"@id\":\"https:\/\/mypalmleaf.com\/da\/prices\/giv-dine-naermeste-en-gave-i-form-af-haandlaesning\/\",\"url\":\"https:\/\/mypalmleaf.com\/da\/prices\/giv-dine-naermeste-en-gave-i-form-af-haandlaesning\/\",\"name\":\"Giv dine n\u00e6rmeste en gave i form af h\u00e5ndl\u00e6sning - My Palm Leaf\",\"isPartOf\":{\"@id\":\"https:\/\/mypalmleaf.com\/#website\"},\"primaryImageOfPage\":{\"@id\":\"https:\/\/mypalmleaf.com\/da\/prices\/giv-dine-naermeste-en-gave-i-form-af-haandlaesning\/#primaryimage\"},\"image\":{\"@id\":\"https:\/\/mypalmleaf.com\/da\/prices\/giv-dine-naermeste-en-gave-i-form-af-haandlaesning\/#primaryimage\"},\"thumbnailUrl\":\"https:\/\/mypalmleaf.com\/wp-content\/uploads\/2024\/09\/mantra-product-page-21.jpg\",\"datePublished\":\"2024-09-04T10:10:30+00:00\",\"dateModified\":\"2025-04-28T10:45:09+00:00\",\"description\":\"Giv en meningsfuld gave: en palmebladsl\u00e6sning fyldt med guddommelig visdom, spirituel indsigt og personlig udvikling til en, du holder af.\",\"breadcrumb\":{\"@id\":\"https:\/\/mypalmleaf.com\/da\/prices\/giv-dine-naermeste-en-gave-i-form-af-haandlaesning\/#breadcrumb\"},\"inLanguage\":\"da-DK\",\"potentialAction\":[{\"@type\":\"ReadAction\",\"target\":[\"https:\/\/mypalmleaf.com\/da\/prices\/giv-dine-naermeste-en-gave-i-form-af-haandlaesning\/\"]}]},{\"@type\":\"ImageObject\",\"inLanguage\":\"da-DK\",\"@id\":\"https:\/\/mypalmleaf.com\/da\/prices\/giv-dine-naermeste-en-gave-i-form-af-haandlaesning\/#primaryimage\",\"url\":\"https:\/\/mypalmleaf.com\/wp-content\/uploads\/2024\/09\/mantra-product-page-21.jpg\",\"contentUrl\":\"https:\/\/mypalmleaf.com\/wp-content\/uploads\/2024\/09\/mantra-product-page-21.jpg\",\"width\":800,\"height\":444,\"caption\":\"A gift card for a palm leaf reading for Maria\"},{\"@type\":\"BreadcrumbList\",\"@id\":\"https:\/\/mypalmleaf.com\/da\/prices\/giv-dine-naermeste-en-gave-i-form-af-haandlaesning\/#breadcrumb\",\"itemListElement\":[{\"@type\":\"ListItem\",\"position\":1,\"name\":\"Home\",\"item\":\"https:\/\/mypalmleaf.com\/da\/\"},{\"@type\":\"ListItem\",\"position\":2,\"name\":\"Shop\",\"item\":\"https:\/\/mypalmleaf.com\/et\/shop\/\"},{\"@type\":\"ListItem\",\"position\":3,\"name\":\"Giv dine n\u00e6rmeste en gave i form af h\u00e5ndl\u00e6sning\"}]},{\"@type\":\"WebSite\",\"@id\":\"https:\/\/mypalmleaf.com\/#website\",\"url\":\"https:\/\/mypalmleaf.com\/\",\"name\":\"My Palm Leaf\",\"description\":\"\",\"potentialAction\":[{\"@type\":\"SearchAction\",\"target\":{\"@type\":\"EntryPoint\",\"urlTemplate\":\"https:\/\/mypalmleaf.com\/?s={search_term_string}\"},\"query-input\":{\"@type\":\"PropertyValueSpecification\",\"valueRequired\":true,\"valueName\":\"search_term_string\"}}],\"inLanguage\":\"da-DK\"}]}<\/script>\n<!-- \/ Yoast SEO plugin. -->","yoast_head_json":{"title":"Giv dine n\u00e6rmeste en gave i form af h\u00e5ndl\u00e6sning - My Palm Leaf","description":"Giv en meningsfuld gave: en palmebladsl\u00e6sning fyldt med guddommelig visdom, spirituel indsigt og personlig udvikling til en, du holder af.","robots":{"index":"index","follow":"follow","max-snippet":"max-snippet:-1","max-image-preview":"max-image-preview:large","max-video-preview":"max-video-preview:-1"},"canonical":"https:\/\/mypalmleaf.com\/da\/prices\/giv-dine-naermeste-en-gave-i-form-af-haandlaesning\/","og_locale":"da_DK","og_type":"article","og_title":"Giv dine n\u00e6rmeste en gave i form af h\u00e5ndl\u00e6sning - My Palm Leaf","og_description":"Giv en meningsfuld gave: en palmebladsl\u00e6sning fyldt med guddommelig visdom, spirituel indsigt og personlig udvikling til en, du holder af.","og_url":"https:\/\/mypalmleaf.com\/da\/prices\/giv-dine-naermeste-en-gave-i-form-af-haandlaesning\/","og_site_name":"My Palm Leaf","article_modified_time":"2025-04-28T10:45:09+00:00","og_image":[{"width":800,"height":444,"url":"https:\/\/mypalmleaf.com\/wp-content\/uploads\/2024\/09\/mantra-product-page-21.jpg","type":"image\/jpeg"}],"twitter_card":"summary_large_image","twitter_misc":{"Estimeret l\u00e6setid":"1 minut"},"schema":{"@context":"https:\/\/schema.org","@graph":[{"@type":"WebPage","@id":"https:\/\/mypalmleaf.com\/da\/prices\/giv-dine-naermeste-en-gave-i-form-af-haandlaesning\/","url":"https:\/\/mypalmleaf.com\/da\/prices\/giv-dine-naermeste-en-gave-i-form-af-haandlaesning\/","name":"Giv dine n\u00e6rmeste en gave i form af h\u00e5ndl\u00e6sning - My Palm Leaf","isPartOf":{"@id":"https:\/\/mypalmleaf.com\/#website"},"primaryImageOfPage":{"@id":"https:\/\/mypalmleaf.com\/da\/prices\/giv-dine-naermeste-en-gave-i-form-af-haandlaesning\/#primaryimage"},"image":{"@id":"https:\/\/mypalmleaf.com\/da\/prices\/giv-dine-naermeste-en-gave-i-form-af-haandlaesning\/#primaryimage"},"thumbnailUrl":"https:\/\/mypalmleaf.com\/wp-content\/uploads\/2024\/09\/mantra-product-page-21.jpg","datePublished":"2024-09-04T10:10:30+00:00","dateModified":"2025-04-28T10:45:09+00:00","description":"Giv en meningsfuld gave: en palmebladsl\u00e6sning fyldt med guddommelig visdom, spirituel indsigt og personlig udvikling til en, du holder af.","breadcrumb":{"@id":"https:\/\/mypalmleaf.com\/da\/prices\/giv-dine-naermeste-en-gave-i-form-af-haandlaesning\/#breadcrumb"},"inLanguage":"da-DK","potentialAction":[{"@type":"ReadAction","target":["https:\/\/mypalmleaf.com\/da\/prices\/giv-dine-naermeste-en-gave-i-form-af-haandlaesning\/"]}]},{"@type":"ImageObject","inLanguage":"da-DK","@id":"https:\/\/mypalmleaf.com\/da\/prices\/giv-dine-naermeste-en-gave-i-form-af-haandlaesning\/#primaryimage","url":"https:\/\/mypalmleaf.com\/wp-content\/uploads\/2024\/09\/mantra-product-page-21.jpg","contentUrl":"https:\/\/mypalmleaf.com\/wp-content\/uploads\/2024\/09\/mantra-product-page-21.jpg","width":800,"height":444,"caption":"A gift card for a palm leaf reading for Maria"},{"@type":"BreadcrumbList","@id":"https:\/\/mypalmleaf.com\/da\/prices\/giv-dine-naermeste-en-gave-i-form-af-haandlaesning\/#breadcrumb","itemListElement":[{"@type":"ListItem","position":1,"name":"Home","item":"https:\/\/mypalmleaf.com\/da\/"},{"@type":"ListItem","position":2,"name":"Shop","item":"https:\/\/mypalmleaf.com\/et\/shop\/"},{"@type":"ListItem","position":3,"name":"Giv dine n\u00e6rmeste en gave i form af h\u00e5ndl\u00e6sning"}]},{"@type":"WebSite","@id":"https:\/\/mypalmleaf.com\/#website","url":"https:\/\/mypalmleaf.com\/","name":"My Palm Leaf","description":"","potentialAction":[{"@type":"SearchAction","target":{"@type":"EntryPoint","urlTemplate":"https:\/\/mypalmleaf.com\/?s={search_term_string}"},"query-input":{"@type":"PropertyValueSpecification","valueRequired":true,"valueName":"search_term_string"}}],"inLanguage":"da-DK"}]}},"_links":{"self":[{"href":"https:\/\/mypalmleaf.com\/da\/wp-json\/wp\/v2\/product\/38523","targetHints":{"allow":["GET"]}}],"collection":[{"href":"https:\/\/mypalmleaf.com\/da\/wp-json\/wp\/v2\/product"}],"about":[{"href":"https:\/\/mypalmleaf.com\/da\/wp-json\/wp\/v2\/types\/product"}],"replies":[{"embeddable":true,"href":"https:\/\/mypalmleaf.com\/da\/wp-json\/wp\/v2\/comments?post=38523"}],"wp:featuredmedia":[{"embeddable":true,"href":"https:\/\/mypalmleaf.com\/da\/wp-json\/wp\/v2\/media\/14126"}],"wp:attachment":[{"href":"https:\/\/mypalmleaf.com\/da\/wp-json\/wp\/v2\/media?parent=38523"}],"wp:term":[{"taxonomy":"product_brand","embeddable":true,"href":"https:\/\/mypalmleaf.com\/da\/wp-json\/wp\/v2\/product_brand?post=38523"},{"taxonomy":"product_cat","embeddable":true,"href":"https:\/\/mypalmleaf.com\/da\/wp-json\/wp\/v2\/product_cat?post=38523"},{"taxonomy":"product_tag","embeddable":true,"href":"https:\/\/mypalmleaf.com\/da\/wp-json\/wp\/v2\/product_tag?post=38523"}],"curies":[{"name":"wp","href":"https:\/\/api.w.org\/{rel}","templated":true}]}}