
{"id":38715,"date":"2024-03-04T10:58:10","date_gmt":"2024-03-04T10:58:10","guid":{"rendered":"https:\/\/mypalmleaf.com\/prices\/virtuel-pilgrimsrejse\/"},"modified":"2025-04-24T11:31:19","modified_gmt":"2025-04-24T11:31:19","slug":"virtuel-pilgrimsrejse","status":"publish","type":"product","link":"https:\/\/mypalmleaf.com\/da\/prices\/virtuel-pilgrimsrejse\/","title":{"rendered":"Virtuel pilgrimsrejse"},"content":{"rendered":"<p class=\"mb-4\">Den virtuelle pilgrimsrejse til Navagraha-templerne er designet til at hj\u00e6lpe dig med at fjerne karmiske blokeringer ved at forbinde dig med de ni planeters energi og harmonisere deres indflydelse p\u00e5 dit liv.  <\/p>\n<p class=\"mb-4\">Det er en kraftfuld, men enkel m\u00e5de at forbedre karmiske forhold og transformere eksisterende blokeringer p\u00e5.<br \/>\nDenne pilgrimsrejse kan udf\u00f8res for dig eller en, du holder af. <\/p>\n<p>Den virtuelle pilgrimsrejse omfatter:<\/p>\n<ul class=\"mb-4\">\n<li>Ceremonier udf\u00f8rt for dig i Navagraha-templerne<\/li>\n<li>Adgang til en WhatsApp- og Telegram-gruppe med daglige opdateringer under pilgrimsrejsen<\/li>\n<li>Donationer i dit navn til templerne og til dem, der har brug for det<\/li>\n<\/ul>\n<p class=\"mb-4\">Hellige souvenirs (for den anden mulighed):<br \/> Dette er velsignede genstande fra eller i n\u00e6rheden af templerne, som er gennemsyret af deres energi.<br \/> Vi kan ikke specificere de n\u00f8jagtige genstande p\u00e5 forh\u00e5nd, men de fungerer som en bro, der forbinder dig med templets energi.<br \/> For at f\u00e5 en id\u00e9 om, hvad du kan forvente, kan du <a href=\"https:\/\/www.youtube.com\/watch?v=09WQJn8M8SA\" class=\"text-body\" data-lity=\"\">se denne video<\/a> fra en tidligere pilgrimsrejse.<\/p>\n<p><strong>Bem\u00e6rk:<\/strong> Gratis forsendelse til hele verden er inkluderet for hellige souvenirs.<\/p>\n","protected":false},"excerpt":{"rendered":"<p>Virtual Pilgrimage to the Navagraha Temples<\/strong> er designet til at hj\u00e6lpe med at fjerne karmiske blokeringer ved at forbinde dig med de ni planeters energi og harmonisere deres indflydelse p\u00e5 dit liv&#8230;<\/p>\n","protected":false},"featured_media":3495,"comment_status":"open","ping_status":"closed","template":"","meta":{"_acf_changed":false},"product_brand":[],"product_cat":[356],"product_tag":[],"class_list":{"0":"post-38715","1":"product","2":"type-product","3":"status-publish","4":"has-post-thumbnail","6":"product_cat-ikke-kategoriseret","8":"first","9":"instock","10":"purchasable","11":"product-type-variable"},"exclude_global_add_ons":[],"addons":[],"acf":[],"yoast_head":"<!-- This site is optimized with the Yoast SEO plugin v26.4 - https:\/\/yoast.com\/wordpress\/plugins\/seo\/ -->\n<title>Virtuel pilgrimsrejse - My Palm Leaf<\/title>\n<meta name=\"description\" content=\"Virtuel pilgrimsrejse giver en unik \u00e5ndelig oplevelse, hvor du kan forbinde dig med hellige ritualer og traditioner fra dit eget hjem, guidet af eksperter.\" \/>\n<meta name=\"robots\" content=\"index, follow, max-snippet:-1, max-image-preview:large, max-video-preview:-1\" \/>\n<link rel=\"canonical\" href=\"https:\/\/mypalmleaf.com\/da\/prices\/virtuel-pilgrimsrejse\/\" \/>\n<meta property=\"og:locale\" content=\"da_DK\" \/>\n<meta property=\"og:type\" content=\"article\" \/>\n<meta property=\"og:title\" content=\"Virtuel pilgrimsrejse - My Palm Leaf\" \/>\n<meta property=\"og:description\" content=\"Virtuel pilgrimsrejse giver en unik \u00e5ndelig oplevelse, hvor du kan forbinde dig med hellige ritualer og traditioner fra dit eget hjem, guidet af eksperter.\" \/>\n<meta property=\"og:url\" content=\"https:\/\/mypalmleaf.com\/da\/prices\/virtuel-pilgrimsrejse\/\" \/>\n<meta property=\"og:site_name\" content=\"My Palm Leaf\" \/>\n<meta property=\"article:modified_time\" content=\"2025-04-24T11:31:19+00:00\" \/>\n<meta property=\"og:image\" content=\"https:\/\/mypalmleaf.com\/wp-content\/uploads\/2024\/09\/mantra-product-page-18.jpg\" \/>\n\t<meta property=\"og:image:width\" content=\"1280\" \/>\n\t<meta property=\"og:image:height\" content=\"720\" \/>\n\t<meta property=\"og:image:type\" content=\"image\/jpeg\" \/>\n<meta name=\"twitter:card\" content=\"summary_large_image\" \/>\n<meta name=\"twitter:label1\" content=\"Estimeret l\u00e6setid\" \/>\n\t<meta name=\"twitter:data1\" content=\"1 minut\" \/>\n<script type=\"application\/ld+json\" class=\"yoast-schema-graph\">{\"@context\":\"https:\/\/schema.org\",\"@graph\":[{\"@type\":\"WebPage\",\"@id\":\"https:\/\/mypalmleaf.com\/da\/prices\/virtuel-pilgrimsrejse\/\",\"url\":\"https:\/\/mypalmleaf.com\/da\/prices\/virtuel-pilgrimsrejse\/\",\"name\":\"Virtuel pilgrimsrejse - My Palm Leaf\",\"isPartOf\":{\"@id\":\"https:\/\/mypalmleaf.com\/#website\"},\"primaryImageOfPage\":{\"@id\":\"https:\/\/mypalmleaf.com\/da\/prices\/virtuel-pilgrimsrejse\/#primaryimage\"},\"image\":{\"@id\":\"https:\/\/mypalmleaf.com\/da\/prices\/virtuel-pilgrimsrejse\/#primaryimage\"},\"thumbnailUrl\":\"https:\/\/mypalmleaf.com\/wp-content\/uploads\/2024\/09\/mantra-product-page-18.jpg\",\"datePublished\":\"2024-03-04T10:58:10+00:00\",\"dateModified\":\"2025-04-24T11:31:19+00:00\",\"description\":\"Virtuel pilgrimsrejse giver en unik \u00e5ndelig oplevelse, hvor du kan forbinde dig med hellige ritualer og traditioner fra dit eget hjem, guidet af eksperter.\",\"breadcrumb\":{\"@id\":\"https:\/\/mypalmleaf.com\/da\/prices\/virtuel-pilgrimsrejse\/#breadcrumb\"},\"inLanguage\":\"da-DK\",\"potentialAction\":[{\"@type\":\"ReadAction\",\"target\":[\"https:\/\/mypalmleaf.com\/da\/prices\/virtuel-pilgrimsrejse\/\"]}]},{\"@type\":\"ImageObject\",\"inLanguage\":\"da-DK\",\"@id\":\"https:\/\/mypalmleaf.com\/da\/prices\/virtuel-pilgrimsrejse\/#primaryimage\",\"url\":\"https:\/\/mypalmleaf.com\/wp-content\/uploads\/2024\/09\/mantra-product-page-18.jpg\",\"contentUrl\":\"https:\/\/mypalmleaf.com\/wp-content\/uploads\/2024\/09\/mantra-product-page-18.jpg\",\"width\":1280,\"height\":720,\"caption\":\"Statue of Gods\"},{\"@type\":\"BreadcrumbList\",\"@id\":\"https:\/\/mypalmleaf.com\/da\/prices\/virtuel-pilgrimsrejse\/#breadcrumb\",\"itemListElement\":[{\"@type\":\"ListItem\",\"position\":1,\"name\":\"Home\",\"item\":\"https:\/\/mypalmleaf.com\/da\/\"},{\"@type\":\"ListItem\",\"position\":2,\"name\":\"Shop\",\"item\":\"https:\/\/mypalmleaf.com\/et\/shop\/\"},{\"@type\":\"ListItem\",\"position\":3,\"name\":\"Virtuel pilgrimsrejse\"}]},{\"@type\":\"WebSite\",\"@id\":\"https:\/\/mypalmleaf.com\/#website\",\"url\":\"https:\/\/mypalmleaf.com\/\",\"name\":\"My Palm Leaf\",\"description\":\"\",\"potentialAction\":[{\"@type\":\"SearchAction\",\"target\":{\"@type\":\"EntryPoint\",\"urlTemplate\":\"https:\/\/mypalmleaf.com\/?s={search_term_string}\"},\"query-input\":{\"@type\":\"PropertyValueSpecification\",\"valueRequired\":true,\"valueName\":\"search_term_string\"}}],\"inLanguage\":\"da-DK\"}]}<\/script>\n<!-- \/ Yoast SEO plugin. -->","yoast_head_json":{"title":"Virtuel pilgrimsrejse - My Palm Leaf","description":"Virtuel pilgrimsrejse giver en unik \u00e5ndelig oplevelse, hvor du kan forbinde dig med hellige ritualer og traditioner fra dit eget hjem, guidet af eksperter.","robots":{"index":"index","follow":"follow","max-snippet":"max-snippet:-1","max-image-preview":"max-image-preview:large","max-video-preview":"max-video-preview:-1"},"canonical":"https:\/\/mypalmleaf.com\/da\/prices\/virtuel-pilgrimsrejse\/","og_locale":"da_DK","og_type":"article","og_title":"Virtuel pilgrimsrejse - My Palm Leaf","og_description":"Virtuel pilgrimsrejse giver en unik \u00e5ndelig oplevelse, hvor du kan forbinde dig med hellige ritualer og traditioner fra dit eget hjem, guidet af eksperter.","og_url":"https:\/\/mypalmleaf.com\/da\/prices\/virtuel-pilgrimsrejse\/","og_site_name":"My Palm Leaf","article_modified_time":"2025-04-24T11:31:19+00:00","og_image":[{"width":1280,"height":720,"url":"https:\/\/mypalmleaf.com\/wp-content\/uploads\/2024\/09\/mantra-product-page-18.jpg","type":"image\/jpeg"}],"twitter_card":"summary_large_image","twitter_misc":{"Estimeret l\u00e6setid":"1 minut"},"schema":{"@context":"https:\/\/schema.org","@graph":[{"@type":"WebPage","@id":"https:\/\/mypalmleaf.com\/da\/prices\/virtuel-pilgrimsrejse\/","url":"https:\/\/mypalmleaf.com\/da\/prices\/virtuel-pilgrimsrejse\/","name":"Virtuel pilgrimsrejse - My Palm Leaf","isPartOf":{"@id":"https:\/\/mypalmleaf.com\/#website"},"primaryImageOfPage":{"@id":"https:\/\/mypalmleaf.com\/da\/prices\/virtuel-pilgrimsrejse\/#primaryimage"},"image":{"@id":"https:\/\/mypalmleaf.com\/da\/prices\/virtuel-pilgrimsrejse\/#primaryimage"},"thumbnailUrl":"https:\/\/mypalmleaf.com\/wp-content\/uploads\/2024\/09\/mantra-product-page-18.jpg","datePublished":"2024-03-04T10:58:10+00:00","dateModified":"2025-04-24T11:31:19+00:00","description":"Virtuel pilgrimsrejse giver en unik \u00e5ndelig oplevelse, hvor du kan forbinde dig med hellige ritualer og traditioner fra dit eget hjem, guidet af eksperter.","breadcrumb":{"@id":"https:\/\/mypalmleaf.com\/da\/prices\/virtuel-pilgrimsrejse\/#breadcrumb"},"inLanguage":"da-DK","potentialAction":[{"@type":"ReadAction","target":["https:\/\/mypalmleaf.com\/da\/prices\/virtuel-pilgrimsrejse\/"]}]},{"@type":"ImageObject","inLanguage":"da-DK","@id":"https:\/\/mypalmleaf.com\/da\/prices\/virtuel-pilgrimsrejse\/#primaryimage","url":"https:\/\/mypalmleaf.com\/wp-content\/uploads\/2024\/09\/mantra-product-page-18.jpg","contentUrl":"https:\/\/mypalmleaf.com\/wp-content\/uploads\/2024\/09\/mantra-product-page-18.jpg","width":1280,"height":720,"caption":"Statue of Gods"},{"@type":"BreadcrumbList","@id":"https:\/\/mypalmleaf.com\/da\/prices\/virtuel-pilgrimsrejse\/#breadcrumb","itemListElement":[{"@type":"ListItem","position":1,"name":"Home","item":"https:\/\/mypalmleaf.com\/da\/"},{"@type":"ListItem","position":2,"name":"Shop","item":"https:\/\/mypalmleaf.com\/et\/shop\/"},{"@type":"ListItem","position":3,"name":"Virtuel pilgrimsrejse"}]},{"@type":"WebSite","@id":"https:\/\/mypalmleaf.com\/#website","url":"https:\/\/mypalmleaf.com\/","name":"My Palm Leaf","description":"","potentialAction":[{"@type":"SearchAction","target":{"@type":"EntryPoint","urlTemplate":"https:\/\/mypalmleaf.com\/?s={search_term_string}"},"query-input":{"@type":"PropertyValueSpecification","valueRequired":true,"valueName":"search_term_string"}}],"inLanguage":"da-DK"}]}},"_links":{"self":[{"href":"https:\/\/mypalmleaf.com\/da\/wp-json\/wp\/v2\/product\/38715","targetHints":{"allow":["GET"]}}],"collection":[{"href":"https:\/\/mypalmleaf.com\/da\/wp-json\/wp\/v2\/product"}],"about":[{"href":"https:\/\/mypalmleaf.com\/da\/wp-json\/wp\/v2\/types\/product"}],"replies":[{"embeddable":true,"href":"https:\/\/mypalmleaf.com\/da\/wp-json\/wp\/v2\/comments?post=38715"}],"wp:featuredmedia":[{"embeddable":true,"href":"https:\/\/mypalmleaf.com\/da\/wp-json\/wp\/v2\/media\/3495"}],"wp:attachment":[{"href":"https:\/\/mypalmleaf.com\/da\/wp-json\/wp\/v2\/media?parent=38715"}],"wp:term":[{"taxonomy":"product_brand","embeddable":true,"href":"https:\/\/mypalmleaf.com\/da\/wp-json\/wp\/v2\/product_brand?post=38715"},{"taxonomy":"product_cat","embeddable":true,"href":"https:\/\/mypalmleaf.com\/da\/wp-json\/wp\/v2\/product_cat?post=38715"},{"taxonomy":"product_tag","embeddable":true,"href":"https:\/\/mypalmleaf.com\/da\/wp-json\/wp\/v2\/product_tag?post=38715"}],"curies":[{"name":"wp","href":"https:\/\/api.w.org\/{rel}","templated":true}]}}