{"id":38752,"date":"2024-03-04T10:45:16","date_gmt":"2024-03-04T10:45:16","guid":{"rendered":"https:\/\/mypalmleaf.com\/prices\/navagraha-pilgrimsrejse\/"},"modified":"2025-04-28T10:52:54","modified_gmt":"2025-04-28T10:52:54","slug":"navagraha-pilgrimsrejse","status":"publish","type":"product","link":"https:\/\/mypalmleaf.com\/da\/prices\/navagraha-pilgrimsrejse\/","title":{"rendered":"Navagraha-pilgrimsrejse"},"content":{"rendered":"<p>Navagraha-pilgrimsrejsen til Indien er en spirituel rejse, der hj\u00e6lper dig med at rense karma ved at bes\u00f8ge templer, der er dedikeret til de 9 planeter.<br \/>\nDet foreg\u00e5r i en lille gruppe og ledes af en af vores erfarne guider.<\/p>\n<p>Det inkluderer:<\/p>\n<ul>\n<li>Forberedelsesopkald f\u00f8r pilgrimsvandringen<\/li>\n<li>Vejledning og st\u00f8tte fra vores erfarne guider<\/li>\n<li>Indkvartering i enkelt- eller dobbeltv\u00e6relse (efter eget valg)<\/li>\n<li>Adgangsbilletter til alle sev\u00e6rdigheder<\/li>\n<li>Transport p\u00e5 jorden<\/li>\n<\/ul>\n","protected":false},"excerpt":{"rendered":"<p>Navagraha-pilgrimsrejsen til Indien er en spirituel rejse, der hj\u00e6lper dig med at rense karma ved at bes\u00f8ge templer, der er dedikeret til de 9 planeter.<br \/>\nDet sker i en lille gruppe og er guidet af&#8230;<\/p>\n","protected":false},"featured_media":3408,"comment_status":"open","ping_status":"closed","template":"","meta":{"_acf_changed":false},"product_brand":[],"product_cat":[356],"product_tag":[],"class_list":{"0":"post-38752","1":"product","2":"type-product","3":"status-publish","4":"has-post-thumbnail","6":"product_cat-ikke-kategoriseret","8":"first","9":"instock","10":"purchasable","11":"product-type-variable"},"exclude_global_add_ons":[],"addons":[],"acf":[],"yoast_head":"<!-- This site is optimized with the Yoast SEO plugin v26.4 - https:\/\/yoast.com\/wordpress\/plugins\/seo\/ -->\n<title>Navagraha-pilgrimsrejse - My Palm Leaf<\/title>\n<meta name=\"description\" content=\"Deltag i Navagraha-pilgrimsrejsen og \u00e6re de himmelske kr\u00e6fter, der former din sk\u00e6bne, og skab balance mellem planetariske p\u00e5virkninger og indre harmoni.\" \/>\n<meta name=\"robots\" content=\"index, follow, max-snippet:-1, max-image-preview:large, max-video-preview:-1\" \/>\n<link rel=\"canonical\" href=\"https:\/\/mypalmleaf.com\/da\/prices\/navagraha-pilgrimsrejse\/\" \/>\n<meta property=\"og:locale\" content=\"da_DK\" \/>\n<meta property=\"og:type\" content=\"article\" \/>\n<meta property=\"og:title\" content=\"Navagraha-pilgrimsrejse - My Palm Leaf\" \/>\n<meta property=\"og:description\" content=\"Deltag i Navagraha-pilgrimsrejsen og \u00e6re de himmelske kr\u00e6fter, der former din sk\u00e6bne, og skab balance mellem planetariske p\u00e5virkninger og indre harmoni.\" \/>\n<meta property=\"og:url\" content=\"https:\/\/mypalmleaf.com\/da\/prices\/navagraha-pilgrimsrejse\/\" \/>\n<meta property=\"og:site_name\" content=\"My Palm Leaf\" \/>\n<meta property=\"article:modified_time\" content=\"2025-04-28T10:52:54+00:00\" \/>\n<meta property=\"og:image\" content=\"https:\/\/mypalmleaf.com\/wp-content\/uploads\/2024\/09\/mantra-product-page-13.jpg\" \/>\n\t<meta property=\"og:image:width\" content=\"1280\" \/>\n\t<meta property=\"og:image:height\" content=\"720\" \/>\n\t<meta property=\"og:image:type\" content=\"image\/jpeg\" \/>\n<meta name=\"twitter:card\" content=\"summary_large_image\" \/>\n<meta name=\"twitter:label1\" content=\"Estimeret l\u00e6setid\" \/>\n\t<meta name=\"twitter:data1\" content=\"1 minut\" \/>\n<script type=\"application\/ld+json\" class=\"yoast-schema-graph\">{\"@context\":\"https:\/\/schema.org\",\"@graph\":[{\"@type\":\"WebPage\",\"@id\":\"https:\/\/mypalmleaf.com\/da\/prices\/navagraha-pilgrimsrejse\/\",\"url\":\"https:\/\/mypalmleaf.com\/da\/prices\/navagraha-pilgrimsrejse\/\",\"name\":\"Navagraha-pilgrimsrejse - My Palm Leaf\",\"isPartOf\":{\"@id\":\"https:\/\/mypalmleaf.com\/#website\"},\"primaryImageOfPage\":{\"@id\":\"https:\/\/mypalmleaf.com\/da\/prices\/navagraha-pilgrimsrejse\/#primaryimage\"},\"image\":{\"@id\":\"https:\/\/mypalmleaf.com\/da\/prices\/navagraha-pilgrimsrejse\/#primaryimage\"},\"thumbnailUrl\":\"https:\/\/mypalmleaf.com\/wp-content\/uploads\/2024\/09\/mantra-product-page-13.jpg\",\"datePublished\":\"2024-03-04T10:45:16+00:00\",\"dateModified\":\"2025-04-28T10:52:54+00:00\",\"description\":\"Deltag i Navagraha-pilgrimsrejsen og \u00e6re de himmelske kr\u00e6fter, der former din sk\u00e6bne, og skab balance mellem planetariske p\u00e5virkninger og indre harmoni.\",\"breadcrumb\":{\"@id\":\"https:\/\/mypalmleaf.com\/da\/prices\/navagraha-pilgrimsrejse\/#breadcrumb\"},\"inLanguage\":\"da-DK\",\"potentialAction\":[{\"@type\":\"ReadAction\",\"target\":[\"https:\/\/mypalmleaf.com\/da\/prices\/navagraha-pilgrimsrejse\/\"]}]},{\"@type\":\"ImageObject\",\"inLanguage\":\"da-DK\",\"@id\":\"https:\/\/mypalmleaf.com\/da\/prices\/navagraha-pilgrimsrejse\/#primaryimage\",\"url\":\"https:\/\/mypalmleaf.com\/wp-content\/uploads\/2024\/09\/mantra-product-page-13.jpg\",\"contentUrl\":\"https:\/\/mypalmleaf.com\/wp-content\/uploads\/2024\/09\/mantra-product-page-13.jpg\",\"width\":1280,\"height\":720,\"caption\":\"Sri Ranganatha Swamy Temple\"},{\"@type\":\"BreadcrumbList\",\"@id\":\"https:\/\/mypalmleaf.com\/da\/prices\/navagraha-pilgrimsrejse\/#breadcrumb\",\"itemListElement\":[{\"@type\":\"ListItem\",\"position\":1,\"name\":\"Home\",\"item\":\"https:\/\/mypalmleaf.com\/da\/\"},{\"@type\":\"ListItem\",\"position\":2,\"name\":\"Shop\",\"item\":\"https:\/\/mypalmleaf.com\/et\/shop\/\"},{\"@type\":\"ListItem\",\"position\":3,\"name\":\"Navagraha-pilgrimsrejse\"}]},{\"@type\":\"WebSite\",\"@id\":\"https:\/\/mypalmleaf.com\/#website\",\"url\":\"https:\/\/mypalmleaf.com\/\",\"name\":\"My Palm Leaf\",\"description\":\"\",\"potentialAction\":[{\"@type\":\"SearchAction\",\"target\":{\"@type\":\"EntryPoint\",\"urlTemplate\":\"https:\/\/mypalmleaf.com\/?s={search_term_string}\"},\"query-input\":{\"@type\":\"PropertyValueSpecification\",\"valueRequired\":true,\"valueName\":\"search_term_string\"}}],\"inLanguage\":\"da-DK\"}]}<\/script>\n<!-- \/ Yoast SEO plugin. -->","yoast_head_json":{"title":"Navagraha-pilgrimsrejse - My Palm Leaf","description":"Deltag i Navagraha-pilgrimsrejsen og \u00e6re de himmelske kr\u00e6fter, der former din sk\u00e6bne, og skab balance mellem planetariske p\u00e5virkninger og indre harmoni.","robots":{"index":"index","follow":"follow","max-snippet":"max-snippet:-1","max-image-preview":"max-image-preview:large","max-video-preview":"max-video-preview:-1"},"canonical":"https:\/\/mypalmleaf.com\/da\/prices\/navagraha-pilgrimsrejse\/","og_locale":"da_DK","og_type":"article","og_title":"Navagraha-pilgrimsrejse - My Palm Leaf","og_description":"Deltag i Navagraha-pilgrimsrejsen og \u00e6re de himmelske kr\u00e6fter, der former din sk\u00e6bne, og skab balance mellem planetariske p\u00e5virkninger og indre harmoni.","og_url":"https:\/\/mypalmleaf.com\/da\/prices\/navagraha-pilgrimsrejse\/","og_site_name":"My Palm Leaf","article_modified_time":"2025-04-28T10:52:54+00:00","og_image":[{"width":1280,"height":720,"url":"https:\/\/mypalmleaf.com\/wp-content\/uploads\/2024\/09\/mantra-product-page-13.jpg","type":"image\/jpeg"}],"twitter_card":"summary_large_image","twitter_misc":{"Estimeret l\u00e6setid":"1 minut"},"schema":{"@context":"https:\/\/schema.org","@graph":[{"@type":"WebPage","@id":"https:\/\/mypalmleaf.com\/da\/prices\/navagraha-pilgrimsrejse\/","url":"https:\/\/mypalmleaf.com\/da\/prices\/navagraha-pilgrimsrejse\/","name":"Navagraha-pilgrimsrejse - My Palm Leaf","isPartOf":{"@id":"https:\/\/mypalmleaf.com\/#website"},"primaryImageOfPage":{"@id":"https:\/\/mypalmleaf.com\/da\/prices\/navagraha-pilgrimsrejse\/#primaryimage"},"image":{"@id":"https:\/\/mypalmleaf.com\/da\/prices\/navagraha-pilgrimsrejse\/#primaryimage"},"thumbnailUrl":"https:\/\/mypalmleaf.com\/wp-content\/uploads\/2024\/09\/mantra-product-page-13.jpg","datePublished":"2024-03-04T10:45:16+00:00","dateModified":"2025-04-28T10:52:54+00:00","description":"Deltag i Navagraha-pilgrimsrejsen og \u00e6re de himmelske kr\u00e6fter, der former din sk\u00e6bne, og skab balance mellem planetariske p\u00e5virkninger og indre harmoni.","breadcrumb":{"@id":"https:\/\/mypalmleaf.com\/da\/prices\/navagraha-pilgrimsrejse\/#breadcrumb"},"inLanguage":"da-DK","potentialAction":[{"@type":"ReadAction","target":["https:\/\/mypalmleaf.com\/da\/prices\/navagraha-pilgrimsrejse\/"]}]},{"@type":"ImageObject","inLanguage":"da-DK","@id":"https:\/\/mypalmleaf.com\/da\/prices\/navagraha-pilgrimsrejse\/#primaryimage","url":"https:\/\/mypalmleaf.com\/wp-content\/uploads\/2024\/09\/mantra-product-page-13.jpg","contentUrl":"https:\/\/mypalmleaf.com\/wp-content\/uploads\/2024\/09\/mantra-product-page-13.jpg","width":1280,"height":720,"caption":"Sri Ranganatha Swamy Temple"},{"@type":"BreadcrumbList","@id":"https:\/\/mypalmleaf.com\/da\/prices\/navagraha-pilgrimsrejse\/#breadcrumb","itemListElement":[{"@type":"ListItem","position":1,"name":"Home","item":"https:\/\/mypalmleaf.com\/da\/"},{"@type":"ListItem","position":2,"name":"Shop","item":"https:\/\/mypalmleaf.com\/et\/shop\/"},{"@type":"ListItem","position":3,"name":"Navagraha-pilgrimsrejse"}]},{"@type":"WebSite","@id":"https:\/\/mypalmleaf.com\/#website","url":"https:\/\/mypalmleaf.com\/","name":"My Palm Leaf","description":"","potentialAction":[{"@type":"SearchAction","target":{"@type":"EntryPoint","urlTemplate":"https:\/\/mypalmleaf.com\/?s={search_term_string}"},"query-input":{"@type":"PropertyValueSpecification","valueRequired":true,"valueName":"search_term_string"}}],"inLanguage":"da-DK"}]}},"_links":{"self":[{"href":"https:\/\/mypalmleaf.com\/da\/wp-json\/wp\/v2\/product\/38752","targetHints":{"allow":["GET"]}}],"collection":[{"href":"https:\/\/mypalmleaf.com\/da\/wp-json\/wp\/v2\/product"}],"about":[{"href":"https:\/\/mypalmleaf.com\/da\/wp-json\/wp\/v2\/types\/product"}],"replies":[{"embeddable":true,"href":"https:\/\/mypalmleaf.com\/da\/wp-json\/wp\/v2\/comments?post=38752"}],"wp:featuredmedia":[{"embeddable":true,"href":"https:\/\/mypalmleaf.com\/da\/wp-json\/wp\/v2\/media\/3408"}],"wp:attachment":[{"href":"https:\/\/mypalmleaf.com\/da\/wp-json\/wp\/v2\/media?parent=38752"}],"wp:term":[{"taxonomy":"product_brand","embeddable":true,"href":"https:\/\/mypalmleaf.com\/da\/wp-json\/wp\/v2\/product_brand?post=38752"},{"taxonomy":"product_cat","embeddable":true,"href":"https:\/\/mypalmleaf.com\/da\/wp-json\/wp\/v2\/product_cat?post=38752"},{"taxonomy":"product_tag","embeddable":true,"href":"https:\/\/mypalmleaf.com\/da\/wp-json\/wp\/v2\/product_tag?post=38752"}],"curies":[{"name":"wp","href":"https:\/\/api.w.org\/{rel}","templated":true}]}}