
{"id":38839,"date":"2024-09-04T10:44:34","date_gmt":"2024-09-04T10:44:34","guid":{"rendered":"https:\/\/mypalmleaf.com\/prices\/malas-haandlavede-boenneperler\/"},"modified":"2025-04-28T10:45:45","modified_gmt":"2025-04-28T10:45:45","slug":"malas-haandlavede-boenneperler","status":"publish","type":"product","link":"https:\/\/mypalmleaf.com\/da\/prices\/malas-haandlavede-boenneperler\/","title":{"rendered":"Malas &#8211; h\u00e5ndlavede b\u00f8nneperler"},"content":{"rendered":"<p>En Mala, eller b\u00f8nneperle, er et kraftfuldt v\u00e6rkt\u00f8j i mantrapraksis, designet til at hj\u00e6lpe dig med at bevare fokus og uddybe din meditation. Hver Mala er gennemsyret af energien fra din praksis og fungerer som en \u00e5ndelig ledsager p\u00e5 din rejse. Vi tilbyder to unikke variationer, der hver is\u00e6r er fremstillet med omhu og form\u00e5l:   <\/p>\n<ul>\n<li><strong>Rudraksha Mala fra Himalaya<\/strong><br \/>Denne traditionelle Mala er lavet af hellige Rudraksha-fr\u00f8, der \u00e6res for deres spirituelle betydning og tilknytning til Shiva. Disse perler, der er kendt for deres evne til at underst\u00f8tte dyb meditation, er omhyggeligt udvalgt fra Himalaya-regionen og menes at fremme spirituel v\u00e6kst og beskyttelse. Din Rudraksha Mala vil blive sendt til din d\u00f8r med den hellige energi fra dens oprindelse.    <\/li>\n<li><strong>H\u00e5ndlavet Mala af vores h\u00e5ndv\u00e6rker, Spanda<\/strong><br \/>For en mere personlig oplevelse kan du v\u00e6lge en f\u00f8rsteklasses, h\u00e5ndlavet Mala lavet af vores Mala-kunstner, Spanda. F\u00f8r han begynder at skabe din Mala, vil Spanda holde et videoopkald med dig for at diskutere dine intentioner, de energier, du \u00f8nsker at invitere ind i dit liv, og dine pr\u00e6ferencer for halv\u00e6delsten. Derefter laver han malaen specielt til dig og fylder den med velsignelser og spirituel energi, f\u00f8r han sender den af sted. Denne skr\u00e6ddersyede Mala er mere end et meditationsredskab; den er en afspejling af din personlige spirituelle rejse.     <\/li>\n<\/ul>\n","protected":false},"excerpt":{"rendered":"<p>En Mala, eller b\u00f8nneperle, er et kraftfuldt v\u00e6rkt\u00f8j i mantrapraksis, designet til at hj\u00e6lpe dig med at bevare fokus og uddybe din meditation.<\/p>\n","protected":false},"featured_media":4178,"comment_status":"open","ping_status":"closed","template":"","meta":{"_acf_changed":false},"product_brand":[],"product_cat":[356],"product_tag":[],"class_list":{"0":"post-38839","1":"product","2":"type-product","3":"status-publish","4":"has-post-thumbnail","6":"product_cat-ikke-kategoriseret","7":"product_shipping_class-fysisk-produkt","9":"first","10":"instock","11":"taxable","12":"shipping-taxable","13":"purchasable","14":"product-type-variable"},"exclude_global_add_ons":[],"addons":[],"acf":[],"yoast_head":"<!-- This site is optimized with the Yoast SEO plugin v26.4 - https:\/\/yoast.com\/wordpress\/plugins\/seo\/ -->\n<title>Malas - h\u00e5ndlavede b\u00f8nneperler - My Palm Leaf<\/title>\n<meta name=\"description\" content=\"Udforsk h\u00e5ndlavede malas \u2013 hellige bedek\u00e6der lavet med k\u00e6rlighed og intention for at st\u00f8tte din spirituelle praksis og berige din meditationsrejse.\" \/>\n<meta name=\"robots\" content=\"index, follow, max-snippet:-1, max-image-preview:large, max-video-preview:-1\" \/>\n<link rel=\"canonical\" href=\"https:\/\/mypalmleaf.com\/prices\/malas_prayer_beads_japamala\/\" \/>\n<meta property=\"og:locale\" content=\"da_DK\" \/>\n<meta property=\"og:type\" content=\"article\" \/>\n<meta property=\"og:title\" content=\"Malas - h\u00e5ndlavede b\u00f8nneperler - My Palm Leaf\" \/>\n<meta property=\"og:description\" content=\"Udforsk h\u00e5ndlavede malas \u2013 hellige bedek\u00e6der lavet med k\u00e6rlighed og intention for at st\u00f8tte din spirituelle praksis og berige din meditationsrejse.\" \/>\n<meta property=\"og:url\" content=\"https:\/\/mypalmleaf.com\/prices\/malas_prayer_beads_japamala\/\" \/>\n<meta property=\"og:site_name\" content=\"My Palm Leaf\" \/>\n<meta property=\"article:modified_time\" content=\"2025-04-28T10:45:45+00:00\" \/>\n<meta property=\"og:image\" content=\"https:\/\/mypalmleaf.com\/wp-content\/uploads\/2024\/09\/mala.jpg\" \/>\n\t<meta property=\"og:image:width\" content=\"1280\" \/>\n\t<meta property=\"og:image:height\" content=\"720\" \/>\n\t<meta property=\"og:image:type\" content=\"image\/jpeg\" \/>\n<meta name=\"twitter:card\" content=\"summary_large_image\" \/>\n<meta name=\"twitter:label1\" content=\"Estimeret l\u00e6setid\" \/>\n\t<meta name=\"twitter:data1\" content=\"2 minutter\" \/>\n<script type=\"application\/ld+json\" class=\"yoast-schema-graph\">{\"@context\":\"https:\/\/schema.org\",\"@graph\":[{\"@type\":\"WebPage\",\"@id\":\"https:\/\/mypalmleaf.com\/prices\/malas_prayer_beads_japamala\/\",\"url\":\"https:\/\/mypalmleaf.com\/prices\/malas_prayer_beads_japamala\/\",\"name\":\"Malas - h\u00e5ndlavede b\u00f8nneperler - My Palm Leaf\",\"isPartOf\":{\"@id\":\"https:\/\/mypalmleaf.com\/#website\"},\"primaryImageOfPage\":{\"@id\":\"https:\/\/mypalmleaf.com\/prices\/malas_prayer_beads_japamala\/#primaryimage\"},\"image\":{\"@id\":\"https:\/\/mypalmleaf.com\/prices\/malas_prayer_beads_japamala\/#primaryimage\"},\"thumbnailUrl\":\"https:\/\/mypalmleaf.com\/wp-content\/uploads\/2024\/09\/mala.jpg\",\"datePublished\":\"2024-09-04T10:44:34+00:00\",\"dateModified\":\"2025-04-28T10:45:45+00:00\",\"description\":\"Udforsk h\u00e5ndlavede malas \u2013 hellige bedek\u00e6der lavet med k\u00e6rlighed og intention for at st\u00f8tte din spirituelle praksis og berige din meditationsrejse.\",\"breadcrumb\":{\"@id\":\"https:\/\/mypalmleaf.com\/prices\/malas_prayer_beads_japamala\/#breadcrumb\"},\"inLanguage\":\"da-DK\",\"potentialAction\":[{\"@type\":\"ReadAction\",\"target\":[\"https:\/\/mypalmleaf.com\/prices\/malas_prayer_beads_japamala\/\"]}]},{\"@type\":\"ImageObject\",\"inLanguage\":\"da-DK\",\"@id\":\"https:\/\/mypalmleaf.com\/prices\/malas_prayer_beads_japamala\/#primaryimage\",\"url\":\"https:\/\/mypalmleaf.com\/wp-content\/uploads\/2024\/09\/mala.jpg\",\"contentUrl\":\"https:\/\/mypalmleaf.com\/wp-content\/uploads\/2024\/09\/mala.jpg\",\"width\":1280,\"height\":720,\"caption\":\"mala\"},{\"@type\":\"BreadcrumbList\",\"@id\":\"https:\/\/mypalmleaf.com\/prices\/malas_prayer_beads_japamala\/#breadcrumb\",\"itemListElement\":[{\"@type\":\"ListItem\",\"position\":1,\"name\":\"Home\",\"item\":\"https:\/\/mypalmleaf.com\/da\/\"},{\"@type\":\"ListItem\",\"position\":2,\"name\":\"Shop\",\"item\":\"https:\/\/mypalmleaf.com\/et\/shop\/\"},{\"@type\":\"ListItem\",\"position\":3,\"name\":\"Malas &#8211; h\u00e5ndlavede b\u00f8nneperler\"}]},{\"@type\":\"WebSite\",\"@id\":\"https:\/\/mypalmleaf.com\/#website\",\"url\":\"https:\/\/mypalmleaf.com\/\",\"name\":\"My Palm Leaf\",\"description\":\"\",\"potentialAction\":[{\"@type\":\"SearchAction\",\"target\":{\"@type\":\"EntryPoint\",\"urlTemplate\":\"https:\/\/mypalmleaf.com\/?s={search_term_string}\"},\"query-input\":{\"@type\":\"PropertyValueSpecification\",\"valueRequired\":true,\"valueName\":\"search_term_string\"}}],\"inLanguage\":\"da-DK\"}]}<\/script>\n<!-- \/ Yoast SEO plugin. -->","yoast_head_json":{"title":"Malas - h\u00e5ndlavede b\u00f8nneperler - My Palm Leaf","description":"Udforsk h\u00e5ndlavede malas \u2013 hellige bedek\u00e6der lavet med k\u00e6rlighed og intention for at st\u00f8tte din spirituelle praksis og berige din meditationsrejse.","robots":{"index":"index","follow":"follow","max-snippet":"max-snippet:-1","max-image-preview":"max-image-preview:large","max-video-preview":"max-video-preview:-1"},"canonical":"https:\/\/mypalmleaf.com\/prices\/malas_prayer_beads_japamala\/","og_locale":"da_DK","og_type":"article","og_title":"Malas - h\u00e5ndlavede b\u00f8nneperler - My Palm Leaf","og_description":"Udforsk h\u00e5ndlavede malas \u2013 hellige bedek\u00e6der lavet med k\u00e6rlighed og intention for at st\u00f8tte din spirituelle praksis og berige din meditationsrejse.","og_url":"https:\/\/mypalmleaf.com\/prices\/malas_prayer_beads_japamala\/","og_site_name":"My Palm Leaf","article_modified_time":"2025-04-28T10:45:45+00:00","og_image":[{"width":1280,"height":720,"url":"https:\/\/mypalmleaf.com\/wp-content\/uploads\/2024\/09\/mala.jpg","type":"image\/jpeg"}],"twitter_card":"summary_large_image","twitter_misc":{"Estimeret l\u00e6setid":"2 minutter"},"schema":{"@context":"https:\/\/schema.org","@graph":[{"@type":"WebPage","@id":"https:\/\/mypalmleaf.com\/prices\/malas_prayer_beads_japamala\/","url":"https:\/\/mypalmleaf.com\/prices\/malas_prayer_beads_japamala\/","name":"Malas - h\u00e5ndlavede b\u00f8nneperler - My Palm Leaf","isPartOf":{"@id":"https:\/\/mypalmleaf.com\/#website"},"primaryImageOfPage":{"@id":"https:\/\/mypalmleaf.com\/prices\/malas_prayer_beads_japamala\/#primaryimage"},"image":{"@id":"https:\/\/mypalmleaf.com\/prices\/malas_prayer_beads_japamala\/#primaryimage"},"thumbnailUrl":"https:\/\/mypalmleaf.com\/wp-content\/uploads\/2024\/09\/mala.jpg","datePublished":"2024-09-04T10:44:34+00:00","dateModified":"2025-04-28T10:45:45+00:00","description":"Udforsk h\u00e5ndlavede malas \u2013 hellige bedek\u00e6der lavet med k\u00e6rlighed og intention for at st\u00f8tte din spirituelle praksis og berige din meditationsrejse.","breadcrumb":{"@id":"https:\/\/mypalmleaf.com\/prices\/malas_prayer_beads_japamala\/#breadcrumb"},"inLanguage":"da-DK","potentialAction":[{"@type":"ReadAction","target":["https:\/\/mypalmleaf.com\/prices\/malas_prayer_beads_japamala\/"]}]},{"@type":"ImageObject","inLanguage":"da-DK","@id":"https:\/\/mypalmleaf.com\/prices\/malas_prayer_beads_japamala\/#primaryimage","url":"https:\/\/mypalmleaf.com\/wp-content\/uploads\/2024\/09\/mala.jpg","contentUrl":"https:\/\/mypalmleaf.com\/wp-content\/uploads\/2024\/09\/mala.jpg","width":1280,"height":720,"caption":"mala"},{"@type":"BreadcrumbList","@id":"https:\/\/mypalmleaf.com\/prices\/malas_prayer_beads_japamala\/#breadcrumb","itemListElement":[{"@type":"ListItem","position":1,"name":"Home","item":"https:\/\/mypalmleaf.com\/da\/"},{"@type":"ListItem","position":2,"name":"Shop","item":"https:\/\/mypalmleaf.com\/et\/shop\/"},{"@type":"ListItem","position":3,"name":"Malas &#8211; h\u00e5ndlavede b\u00f8nneperler"}]},{"@type":"WebSite","@id":"https:\/\/mypalmleaf.com\/#website","url":"https:\/\/mypalmleaf.com\/","name":"My Palm Leaf","description":"","potentialAction":[{"@type":"SearchAction","target":{"@type":"EntryPoint","urlTemplate":"https:\/\/mypalmleaf.com\/?s={search_term_string}"},"query-input":{"@type":"PropertyValueSpecification","valueRequired":true,"valueName":"search_term_string"}}],"inLanguage":"da-DK"}]}},"_links":{"self":[{"href":"https:\/\/mypalmleaf.com\/da\/wp-json\/wp\/v2\/product\/38839","targetHints":{"allow":["GET"]}}],"collection":[{"href":"https:\/\/mypalmleaf.com\/da\/wp-json\/wp\/v2\/product"}],"about":[{"href":"https:\/\/mypalmleaf.com\/da\/wp-json\/wp\/v2\/types\/product"}],"replies":[{"embeddable":true,"href":"https:\/\/mypalmleaf.com\/da\/wp-json\/wp\/v2\/comments?post=38839"}],"wp:featuredmedia":[{"embeddable":true,"href":"https:\/\/mypalmleaf.com\/da\/wp-json\/wp\/v2\/media\/4178"}],"wp:attachment":[{"href":"https:\/\/mypalmleaf.com\/da\/wp-json\/wp\/v2\/media?parent=38839"}],"wp:term":[{"taxonomy":"product_brand","embeddable":true,"href":"https:\/\/mypalmleaf.com\/da\/wp-json\/wp\/v2\/product_brand?post=38839"},{"taxonomy":"product_cat","embeddable":true,"href":"https:\/\/mypalmleaf.com\/da\/wp-json\/wp\/v2\/product_cat?post=38839"},{"taxonomy":"product_tag","embeddable":true,"href":"https:\/\/mypalmleaf.com\/da\/wp-json\/wp\/v2\/product_tag?post=38839"}],"curies":[{"name":"wp","href":"https:\/\/api.w.org\/{rel}","templated":true}]}}