
{"id":38856,"date":"2024-09-04T10:45:22","date_gmt":"2024-09-04T10:45:22","guid":{"rendered":"https:\/\/mypalmleaf.com\/prices\/60-minutters-konsultationsopkald-med-en-af-vores-moderatorer\/"},"modified":"2025-04-28T10:42:22","modified_gmt":"2025-04-28T10:42:22","slug":"60-minutters-konsultationsopkald-med-en-af-vores-moderatorer","status":"publish","type":"product","link":"https:\/\/mypalmleaf.com\/da\/prices\/60-minutters-konsultationsopkald-med-en-af-vores-moderatorer\/","title":{"rendered":"60 minutters integrationsopkald til personlig support"},"content":{"rendered":"<p>Palm Leaf-l\u00e6sningen kan s\u00e6tte gang i dybe transformationsprocesser, som i sidste ende vil f\u00f8re dig til mere lykke, men den kan ogs\u00e5 v\u00e6re udfordrende. Hvis du gerne vil have st\u00f8tte til at integrere informationen og oplevelsen i dit liv, tilbyder vi integrations- og coachingsamtaler via Zoom. <\/p>\n<p><a href=\"\/integration-and-guidance-calls\/\">Her kan du se<\/a>, hvem af vores hjertecentrerede guider, der er tilg\u00e6ngelige for integrationssamtaler. N\u00e5r du har booket opkaldet, modtager du links til alle deres kalendere og kan v\u00e6lge mellem deres ledige datoer, n\u00e5r du gerne vil have en aftale. <\/p>\n","protected":false},"excerpt":{"rendered":"<p>H\u00e5ndbladsl\u00e6sningen kan s\u00e6tte gang i dybe transformationsprocesser, som i sidste ende vil f\u00f8re dig til mere lykke, men den kan ogs\u00e5 v\u00e6re udfordrende&#8230;<\/p>\n","protected":false},"featured_media":44414,"comment_status":"open","ping_status":"closed","template":"","meta":{"_acf_changed":false},"product_brand":[],"product_cat":[356],"product_tag":[],"class_list":{"0":"post-38856","1":"product","2":"type-product","3":"status-publish","4":"has-post-thumbnail","6":"product_cat-ikke-kategoriseret","8":"first","9":"instock","10":"taxable","11":"shipping-taxable","12":"purchasable","13":"product-type-variable"},"exclude_global_add_ons":[],"addons":[],"acf":[],"yoast_head":"<!-- This site is optimized with the Yoast SEO plugin v26.4 - https:\/\/yoast.com\/wordpress\/plugins\/seo\/ -->\n<title>60 minutters integrationsopkald | personlig vejledning hos MyPalmLeaf<\/title>\n<meta name=\"description\" content=\"Book en 60-minutters konsultation med en af vores erfarne moderatorer, som vil guide dig gennem din palmebladsl\u00e6sning og tilbyde medf\u00f8lende st\u00f8tte.\" \/>\n<meta name=\"robots\" content=\"index, follow, max-snippet:-1, max-image-preview:large, max-video-preview:-1\" \/>\n<link rel=\"canonical\" href=\"https:\/\/mypalmleaf.com\/prices\/60-min-integration-call\/\" \/>\n<meta property=\"og:locale\" content=\"da_DK\" \/>\n<meta property=\"og:type\" content=\"article\" \/>\n<meta property=\"og:title\" content=\"60 minutters integrationsopkald | personlig vejledning hos MyPalmLeaf\" \/>\n<meta property=\"og:description\" content=\"Book en 60-minutters konsultation med en af vores erfarne moderatorer, som vil guide dig gennem din palmebladsl\u00e6sning og tilbyde medf\u00f8lende st\u00f8tte.\" \/>\n<meta property=\"og:url\" content=\"https:\/\/mypalmleaf.com\/prices\/60-min-integration-call\/\" \/>\n<meta property=\"og:site_name\" content=\"My Palm Leaf\" \/>\n<meta property=\"article:modified_time\" content=\"2025-04-28T10:42:22+00:00\" \/>\n<meta property=\"og:image\" content=\"https:\/\/mypalmleaf.com\/wp-content\/uploads\/2024\/09\/integrationcall-prd-thumb2.jpg\" \/>\n\t<meta property=\"og:image:width\" content=\"819\" \/>\n\t<meta property=\"og:image:height\" content=\"464\" \/>\n\t<meta property=\"og:image:type\" content=\"image\/jpeg\" \/>\n<meta name=\"twitter:card\" content=\"summary_large_image\" \/>\n<meta name=\"twitter:label1\" content=\"Estimeret l\u00e6setid\" \/>\n\t<meta name=\"twitter:data1\" content=\"1 minut\" \/>\n<script type=\"application\/ld+json\" class=\"yoast-schema-graph\">{\"@context\":\"https:\/\/schema.org\",\"@graph\":[{\"@type\":\"WebPage\",\"@id\":\"https:\/\/mypalmleaf.com\/prices\/60-min-integration-call\/\",\"url\":\"https:\/\/mypalmleaf.com\/prices\/60-min-integration-call\/\",\"name\":\"60 minutters integrationsopkald | personlig vejledning hos MyPalmLeaf\",\"isPartOf\":{\"@id\":\"https:\/\/mypalmleaf.com\/#website\"},\"primaryImageOfPage\":{\"@id\":\"https:\/\/mypalmleaf.com\/prices\/60-min-integration-call\/#primaryimage\"},\"image\":{\"@id\":\"https:\/\/mypalmleaf.com\/prices\/60-min-integration-call\/#primaryimage\"},\"thumbnailUrl\":\"https:\/\/mypalmleaf.com\/wp-content\/uploads\/2024\/09\/integrationcall-prd-thumb2.jpg\",\"datePublished\":\"2024-09-04T10:45:22+00:00\",\"dateModified\":\"2025-04-28T10:42:22+00:00\",\"description\":\"Book en 60-minutters konsultation med en af vores erfarne moderatorer, som vil guide dig gennem din palmebladsl\u00e6sning og tilbyde medf\u00f8lende st\u00f8tte.\",\"breadcrumb\":{\"@id\":\"https:\/\/mypalmleaf.com\/prices\/60-min-integration-call\/#breadcrumb\"},\"inLanguage\":\"da-DK\",\"potentialAction\":[{\"@type\":\"ReadAction\",\"target\":[\"https:\/\/mypalmleaf.com\/prices\/60-min-integration-call\/\"]}]},{\"@type\":\"ImageObject\",\"inLanguage\":\"da-DK\",\"@id\":\"https:\/\/mypalmleaf.com\/prices\/60-min-integration-call\/#primaryimage\",\"url\":\"https:\/\/mypalmleaf.com\/wp-content\/uploads\/2024\/09\/integrationcall-prd-thumb2.jpg\",\"contentUrl\":\"https:\/\/mypalmleaf.com\/wp-content\/uploads\/2024\/09\/integrationcall-prd-thumb2.jpg\",\"width\":819,\"height\":464,\"caption\":\"listening\"},{\"@type\":\"BreadcrumbList\",\"@id\":\"https:\/\/mypalmleaf.com\/prices\/60-min-integration-call\/#breadcrumb\",\"itemListElement\":[{\"@type\":\"ListItem\",\"position\":1,\"name\":\"Home\",\"item\":\"https:\/\/mypalmleaf.com\/da\/\"},{\"@type\":\"ListItem\",\"position\":2,\"name\":\"Shop\",\"item\":\"https:\/\/mypalmleaf.com\/et\/shop\/\"},{\"@type\":\"ListItem\",\"position\":3,\"name\":\"60 minutters integrationsopkald til personlig support\"}]},{\"@type\":\"WebSite\",\"@id\":\"https:\/\/mypalmleaf.com\/#website\",\"url\":\"https:\/\/mypalmleaf.com\/\",\"name\":\"My Palm Leaf\",\"description\":\"\",\"potentialAction\":[{\"@type\":\"SearchAction\",\"target\":{\"@type\":\"EntryPoint\",\"urlTemplate\":\"https:\/\/mypalmleaf.com\/?s={search_term_string}\"},\"query-input\":{\"@type\":\"PropertyValueSpecification\",\"valueRequired\":true,\"valueName\":\"search_term_string\"}}],\"inLanguage\":\"da-DK\"}]}<\/script>\n<!-- \/ Yoast SEO plugin. -->","yoast_head_json":{"title":"60 minutters integrationsopkald | personlig vejledning hos MyPalmLeaf","description":"Book en 60-minutters konsultation med en af vores erfarne moderatorer, som vil guide dig gennem din palmebladsl\u00e6sning og tilbyde medf\u00f8lende st\u00f8tte.","robots":{"index":"index","follow":"follow","max-snippet":"max-snippet:-1","max-image-preview":"max-image-preview:large","max-video-preview":"max-video-preview:-1"},"canonical":"https:\/\/mypalmleaf.com\/prices\/60-min-integration-call\/","og_locale":"da_DK","og_type":"article","og_title":"60 minutters integrationsopkald | personlig vejledning hos MyPalmLeaf","og_description":"Book en 60-minutters konsultation med en af vores erfarne moderatorer, som vil guide dig gennem din palmebladsl\u00e6sning og tilbyde medf\u00f8lende st\u00f8tte.","og_url":"https:\/\/mypalmleaf.com\/prices\/60-min-integration-call\/","og_site_name":"My Palm Leaf","article_modified_time":"2025-04-28T10:42:22+00:00","og_image":[{"width":819,"height":464,"url":"https:\/\/mypalmleaf.com\/wp-content\/uploads\/2024\/09\/integrationcall-prd-thumb2.jpg","type":"image\/jpeg"}],"twitter_card":"summary_large_image","twitter_misc":{"Estimeret l\u00e6setid":"1 minut"},"schema":{"@context":"https:\/\/schema.org","@graph":[{"@type":"WebPage","@id":"https:\/\/mypalmleaf.com\/prices\/60-min-integration-call\/","url":"https:\/\/mypalmleaf.com\/prices\/60-min-integration-call\/","name":"60 minutters integrationsopkald | personlig vejledning hos MyPalmLeaf","isPartOf":{"@id":"https:\/\/mypalmleaf.com\/#website"},"primaryImageOfPage":{"@id":"https:\/\/mypalmleaf.com\/prices\/60-min-integration-call\/#primaryimage"},"image":{"@id":"https:\/\/mypalmleaf.com\/prices\/60-min-integration-call\/#primaryimage"},"thumbnailUrl":"https:\/\/mypalmleaf.com\/wp-content\/uploads\/2024\/09\/integrationcall-prd-thumb2.jpg","datePublished":"2024-09-04T10:45:22+00:00","dateModified":"2025-04-28T10:42:22+00:00","description":"Book en 60-minutters konsultation med en af vores erfarne moderatorer, som vil guide dig gennem din palmebladsl\u00e6sning og tilbyde medf\u00f8lende st\u00f8tte.","breadcrumb":{"@id":"https:\/\/mypalmleaf.com\/prices\/60-min-integration-call\/#breadcrumb"},"inLanguage":"da-DK","potentialAction":[{"@type":"ReadAction","target":["https:\/\/mypalmleaf.com\/prices\/60-min-integration-call\/"]}]},{"@type":"ImageObject","inLanguage":"da-DK","@id":"https:\/\/mypalmleaf.com\/prices\/60-min-integration-call\/#primaryimage","url":"https:\/\/mypalmleaf.com\/wp-content\/uploads\/2024\/09\/integrationcall-prd-thumb2.jpg","contentUrl":"https:\/\/mypalmleaf.com\/wp-content\/uploads\/2024\/09\/integrationcall-prd-thumb2.jpg","width":819,"height":464,"caption":"listening"},{"@type":"BreadcrumbList","@id":"https:\/\/mypalmleaf.com\/prices\/60-min-integration-call\/#breadcrumb","itemListElement":[{"@type":"ListItem","position":1,"name":"Home","item":"https:\/\/mypalmleaf.com\/da\/"},{"@type":"ListItem","position":2,"name":"Shop","item":"https:\/\/mypalmleaf.com\/et\/shop\/"},{"@type":"ListItem","position":3,"name":"60 minutters integrationsopkald til personlig support"}]},{"@type":"WebSite","@id":"https:\/\/mypalmleaf.com\/#website","url":"https:\/\/mypalmleaf.com\/","name":"My Palm Leaf","description":"","potentialAction":[{"@type":"SearchAction","target":{"@type":"EntryPoint","urlTemplate":"https:\/\/mypalmleaf.com\/?s={search_term_string}"},"query-input":{"@type":"PropertyValueSpecification","valueRequired":true,"valueName":"search_term_string"}}],"inLanguage":"da-DK"}]}},"_links":{"self":[{"href":"https:\/\/mypalmleaf.com\/da\/wp-json\/wp\/v2\/product\/38856","targetHints":{"allow":["GET"]}}],"collection":[{"href":"https:\/\/mypalmleaf.com\/da\/wp-json\/wp\/v2\/product"}],"about":[{"href":"https:\/\/mypalmleaf.com\/da\/wp-json\/wp\/v2\/types\/product"}],"replies":[{"embeddable":true,"href":"https:\/\/mypalmleaf.com\/da\/wp-json\/wp\/v2\/comments?post=38856"}],"wp:featuredmedia":[{"embeddable":true,"href":"https:\/\/mypalmleaf.com\/da\/wp-json\/wp\/v2\/media\/44414"}],"wp:attachment":[{"href":"https:\/\/mypalmleaf.com\/da\/wp-json\/wp\/v2\/media?parent=38856"}],"wp:term":[{"taxonomy":"product_brand","embeddable":true,"href":"https:\/\/mypalmleaf.com\/da\/wp-json\/wp\/v2\/product_brand?post=38856"},{"taxonomy":"product_cat","embeddable":true,"href":"https:\/\/mypalmleaf.com\/da\/wp-json\/wp\/v2\/product_cat?post=38856"},{"taxonomy":"product_tag","embeddable":true,"href":"https:\/\/mypalmleaf.com\/da\/wp-json\/wp\/v2\/product_tag?post=38856"}],"curies":[{"name":"wp","href":"https:\/\/api.w.org\/{rel}","templated":true}]}}