
{"id":38990,"date":"2024-09-04T10:59:13","date_gmt":"2024-09-04T10:59:13","guid":{"rendered":"https:\/\/mypalmleaf.com\/prices\/athma-shanthi-puja-saerligt-ritual-for-at-hjaelpe-sjaelen-af-en-person-der-er-gaaet-bort-med-at-hvile-i-fred\/"},"modified":"2025-08-04T13:14:26","modified_gmt":"2025-08-04T13:14:26","slug":"athma-shanthi-puja-saerligt-ritual-for-at-hjaelpe-sjaelen-af-en-person-der-er-gaaet-bort-med-at-hvile-i-fred","status":"publish","type":"product","link":"https:\/\/mypalmleaf.com\/da\/prices\/athma-shanthi-puja-saerligt-ritual-for-at-hjaelpe-sjaelen-af-en-person-der-er-gaaet-bort-med-at-hvile-i-fred\/","title":{"rendered":"Atma Shanti Pooja &#8211; Et helligt offer for afd\u00f8de sj\u00e6les fred"},"content":{"rendered":"<p><strong>Atma Shanti Pooja<\/strong><br \/>\nEt helligt ritual til <strong>at<\/strong> \u00e6re og st\u00f8tte sj\u00e6len hos en elsket, der er g\u00e5et bort.<\/p>\n<p>Atma Shanti Pooja er en dybt meningsfuld vedisk ceremoni, der udf\u00f8res for at bringe fred til sj\u00e6len hos en person, der er g\u00e5et bort &#8211; is\u00e6r hvis deres bortgang var pludselig, uventet eller f\u00f8lelsesm\u00e6ssigt uafklaret.<\/p>\n<p>Uanset om d\u00f8dsfaldet er sket for nylig eller for l\u00e6nge siden, giver denne pooja \u00e5ndelig st\u00f8tte til sj\u00e6lens rejse og hj\u00e6lper den med at bev\u00e6ge sig mod helbredelse, l\u00f8sning og fred. Den kan udf\u00f8res flere gange i l\u00f8bet af livet for hele tiden at st\u00f8tte sj\u00e6lens rejse. <\/p>\n<p><strong>Inkluderet i prisen:<\/strong><\/p>\n<ul>\n<li>Traditionel Atma Shanti Pooja udf\u00f8rt af erfarne vediske pr\u00e6ster<\/li>\n<li>V\u00e6lg den dato, der f\u00f8les mest meningsfuld for dig<\/li>\n<li>Mulighed for at deltage i poojaen live via Zoom<\/li>\n<li>Videooptagelse af hele ritualet<\/li>\n<li>N\u00e6nsom st\u00f8tte og kommunikation fra vores team hele vejen igennem<\/li>\n<\/ul>\n<p>Der er en s\u00e6rlig periode hvert \u00e5r kaldet Pitru Paksha, hvor udf\u00f8relsen af Atma Shanti Pooja anses for at v\u00e6re s\u00e6rligt potent og spirituelt virkningsfuld.<\/p>\n<p>I \u00e5r falder Pitru Paksha-perioden mellem 7. og 21. september 2025. L\u00e6s mere om det <a href=\"https:\/\/mypalmleaf.com\/zh-hans\/pitru-paksha-2025\/\">her.<\/a> <\/p>\n","protected":false},"excerpt":{"rendered":"<p>Atma Shanti Pooja er en dybt meningsfuld vedisk ceremoni, der udf\u00f8res for at bringe fred til sj\u00e6len hos en person, der er g\u00e5et bort &#8211; is\u00e6r hvis deres bortgang var pludselig, uventet eller f\u00f8lelsesm\u00e6ssigt uafklaret.<\/p>\n","protected":false},"featured_media":9938,"comment_status":"open","ping_status":"closed","template":"","meta":{"_acf_changed":false},"product_brand":[],"product_cat":[356],"product_tag":[],"class_list":{"0":"post-38990","1":"product","2":"type-product","3":"status-publish","4":"has-post-thumbnail","6":"product_cat-ikke-kategoriseret","8":"first","9":"instock","10":"virtual","11":"purchasable","12":"product-type-simple"},"exclude_global_add_ons":[],"addons":[],"acf":[],"yoast_head":"<!-- This site is optimized with the Yoast SEO plugin v26.4 - https:\/\/yoast.com\/wordpress\/plugins\/seo\/ -->\n<title>Athma Shanthi Pooja - Hellig ritual for vores forf\u00e6dres fred<\/title>\n<meta name=\"description\" content=\"Udf\u00f8r Athma Shanthi Puja for at hj\u00e6lpe en elskedes sj\u00e6l med at hvile i fred. Dette unikke ritual er for dem, der g\u00e5r bort uventet. Tilg\u00e6ngelig via livestream.\" \/>\n<meta name=\"robots\" content=\"index, follow, max-snippet:-1, max-image-preview:large, max-video-preview:-1\" \/>\n<link rel=\"canonical\" href=\"https:\/\/mypalmleaf.com\/da\/prices\/athma-shanthi-puja-saerligt-ritual-for-at-hjaelpe-sjaelen-af-en-person-der-er-gaaet-bort-med-at-hvile-i-fred\/\" \/>\n<meta property=\"og:locale\" content=\"da_DK\" \/>\n<meta property=\"og:type\" content=\"article\" \/>\n<meta property=\"og:title\" content=\"Athma Shanthi Pooja - Hellig ritual for vores forf\u00e6dres fred\" \/>\n<meta property=\"og:description\" content=\"Udf\u00f8r Athma Shanthi Puja for at hj\u00e6lpe en elskedes sj\u00e6l med at hvile i fred. Dette unikke ritual er for dem, der g\u00e5r bort uventet. Tilg\u00e6ngelig via livestream.\" \/>\n<meta property=\"og:url\" content=\"https:\/\/mypalmleaf.com\/da\/prices\/athma-shanthi-puja-saerligt-ritual-for-at-hjaelpe-sjaelen-af-en-person-der-er-gaaet-bort-med-at-hvile-i-fred\/\" \/>\n<meta property=\"og:site_name\" content=\"My Palm Leaf\" \/>\n<meta property=\"article:modified_time\" content=\"2025-08-04T13:14:26+00:00\" \/>\n<meta property=\"og:image\" content=\"https:\/\/mypalmleaf.com\/wp-content\/uploads\/2024\/09\/mantra-product-page-3-1.jpg\" \/>\n\t<meta property=\"og:image:width\" content=\"800\" \/>\n\t<meta property=\"og:image:height\" content=\"444\" \/>\n\t<meta property=\"og:image:type\" content=\"image\/jpeg\" \/>\n<meta name=\"twitter:card\" content=\"summary_large_image\" \/>\n<meta name=\"twitter:label1\" content=\"Estimeret l\u00e6setid\" \/>\n\t<meta name=\"twitter:data1\" content=\"1 minut\" \/>\n<script type=\"application\/ld+json\" class=\"yoast-schema-graph\">{\"@context\":\"https:\/\/schema.org\",\"@graph\":[{\"@type\":\"WebPage\",\"@id\":\"https:\/\/mypalmleaf.com\/da\/prices\/athma-shanthi-puja-saerligt-ritual-for-at-hjaelpe-sjaelen-af-en-person-der-er-gaaet-bort-med-at-hvile-i-fred\/\",\"url\":\"https:\/\/mypalmleaf.com\/da\/prices\/athma-shanthi-puja-saerligt-ritual-for-at-hjaelpe-sjaelen-af-en-person-der-er-gaaet-bort-med-at-hvile-i-fred\/\",\"name\":\"Athma Shanthi Pooja - Hellig ritual for vores forf\u00e6dres fred\",\"isPartOf\":{\"@id\":\"https:\/\/mypalmleaf.com\/#website\"},\"primaryImageOfPage\":{\"@id\":\"https:\/\/mypalmleaf.com\/da\/prices\/athma-shanthi-puja-saerligt-ritual-for-at-hjaelpe-sjaelen-af-en-person-der-er-gaaet-bort-med-at-hvile-i-fred\/#primaryimage\"},\"image\":{\"@id\":\"https:\/\/mypalmleaf.com\/da\/prices\/athma-shanthi-puja-saerligt-ritual-for-at-hjaelpe-sjaelen-af-en-person-der-er-gaaet-bort-med-at-hvile-i-fred\/#primaryimage\"},\"thumbnailUrl\":\"https:\/\/mypalmleaf.com\/wp-content\/uploads\/2024\/09\/mantra-product-page-3-1.jpg\",\"datePublished\":\"2024-09-04T10:59:13+00:00\",\"dateModified\":\"2025-08-04T13:14:26+00:00\",\"description\":\"Udf\u00f8r Athma Shanthi Puja for at hj\u00e6lpe en elskedes sj\u00e6l med at hvile i fred. Dette unikke ritual er for dem, der g\u00e5r bort uventet. Tilg\u00e6ngelig via livestream.\",\"breadcrumb\":{\"@id\":\"https:\/\/mypalmleaf.com\/da\/prices\/athma-shanthi-puja-saerligt-ritual-for-at-hjaelpe-sjaelen-af-en-person-der-er-gaaet-bort-med-at-hvile-i-fred\/#breadcrumb\"},\"inLanguage\":\"da-DK\",\"potentialAction\":[{\"@type\":\"ReadAction\",\"target\":[\"https:\/\/mypalmleaf.com\/da\/prices\/athma-shanthi-puja-saerligt-ritual-for-at-hjaelpe-sjaelen-af-en-person-der-er-gaaet-bort-med-at-hvile-i-fred\/\"]}]},{\"@type\":\"ImageObject\",\"inLanguage\":\"da-DK\",\"@id\":\"https:\/\/mypalmleaf.com\/da\/prices\/athma-shanthi-puja-saerligt-ritual-for-at-hjaelpe-sjaelen-af-en-person-der-er-gaaet-bort-med-at-hvile-i-fred\/#primaryimage\",\"url\":\"https:\/\/mypalmleaf.com\/wp-content\/uploads\/2024\/09\/mantra-product-page-3-1.jpg\",\"contentUrl\":\"https:\/\/mypalmleaf.com\/wp-content\/uploads\/2024\/09\/mantra-product-page-3-1.jpg\",\"width\":800,\"height\":444,\"caption\":\"Homa procedure\"},{\"@type\":\"BreadcrumbList\",\"@id\":\"https:\/\/mypalmleaf.com\/da\/prices\/athma-shanthi-puja-saerligt-ritual-for-at-hjaelpe-sjaelen-af-en-person-der-er-gaaet-bort-med-at-hvile-i-fred\/#breadcrumb\",\"itemListElement\":[{\"@type\":\"ListItem\",\"position\":1,\"name\":\"Home\",\"item\":\"https:\/\/mypalmleaf.com\/da\/\"},{\"@type\":\"ListItem\",\"position\":2,\"name\":\"Shop\",\"item\":\"https:\/\/mypalmleaf.com\/et\/shop\/\"},{\"@type\":\"ListItem\",\"position\":3,\"name\":\"Atma Shanti Pooja &#8211; Et helligt offer for afd\u00f8de sj\u00e6les fred\"}]},{\"@type\":\"WebSite\",\"@id\":\"https:\/\/mypalmleaf.com\/#website\",\"url\":\"https:\/\/mypalmleaf.com\/\",\"name\":\"My Palm Leaf\",\"description\":\"\",\"potentialAction\":[{\"@type\":\"SearchAction\",\"target\":{\"@type\":\"EntryPoint\",\"urlTemplate\":\"https:\/\/mypalmleaf.com\/?s={search_term_string}\"},\"query-input\":{\"@type\":\"PropertyValueSpecification\",\"valueRequired\":true,\"valueName\":\"search_term_string\"}}],\"inLanguage\":\"da-DK\"}]}<\/script>\n<!-- \/ Yoast SEO plugin. -->","yoast_head_json":{"title":"Athma Shanthi Pooja - Hellig ritual for vores forf\u00e6dres fred","description":"Udf\u00f8r Athma Shanthi Puja for at hj\u00e6lpe en elskedes sj\u00e6l med at hvile i fred. Dette unikke ritual er for dem, der g\u00e5r bort uventet. Tilg\u00e6ngelig via livestream.","robots":{"index":"index","follow":"follow","max-snippet":"max-snippet:-1","max-image-preview":"max-image-preview:large","max-video-preview":"max-video-preview:-1"},"canonical":"https:\/\/mypalmleaf.com\/da\/prices\/athma-shanthi-puja-saerligt-ritual-for-at-hjaelpe-sjaelen-af-en-person-der-er-gaaet-bort-med-at-hvile-i-fred\/","og_locale":"da_DK","og_type":"article","og_title":"Athma Shanthi Pooja - Hellig ritual for vores forf\u00e6dres fred","og_description":"Udf\u00f8r Athma Shanthi Puja for at hj\u00e6lpe en elskedes sj\u00e6l med at hvile i fred. Dette unikke ritual er for dem, der g\u00e5r bort uventet. Tilg\u00e6ngelig via livestream.","og_url":"https:\/\/mypalmleaf.com\/da\/prices\/athma-shanthi-puja-saerligt-ritual-for-at-hjaelpe-sjaelen-af-en-person-der-er-gaaet-bort-med-at-hvile-i-fred\/","og_site_name":"My Palm Leaf","article_modified_time":"2025-08-04T13:14:26+00:00","og_image":[{"width":800,"height":444,"url":"https:\/\/mypalmleaf.com\/wp-content\/uploads\/2024\/09\/mantra-product-page-3-1.jpg","type":"image\/jpeg"}],"twitter_card":"summary_large_image","twitter_misc":{"Estimeret l\u00e6setid":"1 minut"},"schema":{"@context":"https:\/\/schema.org","@graph":[{"@type":"WebPage","@id":"https:\/\/mypalmleaf.com\/da\/prices\/athma-shanthi-puja-saerligt-ritual-for-at-hjaelpe-sjaelen-af-en-person-der-er-gaaet-bort-med-at-hvile-i-fred\/","url":"https:\/\/mypalmleaf.com\/da\/prices\/athma-shanthi-puja-saerligt-ritual-for-at-hjaelpe-sjaelen-af-en-person-der-er-gaaet-bort-med-at-hvile-i-fred\/","name":"Athma Shanthi Pooja - Hellig ritual for vores forf\u00e6dres fred","isPartOf":{"@id":"https:\/\/mypalmleaf.com\/#website"},"primaryImageOfPage":{"@id":"https:\/\/mypalmleaf.com\/da\/prices\/athma-shanthi-puja-saerligt-ritual-for-at-hjaelpe-sjaelen-af-en-person-der-er-gaaet-bort-med-at-hvile-i-fred\/#primaryimage"},"image":{"@id":"https:\/\/mypalmleaf.com\/da\/prices\/athma-shanthi-puja-saerligt-ritual-for-at-hjaelpe-sjaelen-af-en-person-der-er-gaaet-bort-med-at-hvile-i-fred\/#primaryimage"},"thumbnailUrl":"https:\/\/mypalmleaf.com\/wp-content\/uploads\/2024\/09\/mantra-product-page-3-1.jpg","datePublished":"2024-09-04T10:59:13+00:00","dateModified":"2025-08-04T13:14:26+00:00","description":"Udf\u00f8r Athma Shanthi Puja for at hj\u00e6lpe en elskedes sj\u00e6l med at hvile i fred. Dette unikke ritual er for dem, der g\u00e5r bort uventet. Tilg\u00e6ngelig via livestream.","breadcrumb":{"@id":"https:\/\/mypalmleaf.com\/da\/prices\/athma-shanthi-puja-saerligt-ritual-for-at-hjaelpe-sjaelen-af-en-person-der-er-gaaet-bort-med-at-hvile-i-fred\/#breadcrumb"},"inLanguage":"da-DK","potentialAction":[{"@type":"ReadAction","target":["https:\/\/mypalmleaf.com\/da\/prices\/athma-shanthi-puja-saerligt-ritual-for-at-hjaelpe-sjaelen-af-en-person-der-er-gaaet-bort-med-at-hvile-i-fred\/"]}]},{"@type":"ImageObject","inLanguage":"da-DK","@id":"https:\/\/mypalmleaf.com\/da\/prices\/athma-shanthi-puja-saerligt-ritual-for-at-hjaelpe-sjaelen-af-en-person-der-er-gaaet-bort-med-at-hvile-i-fred\/#primaryimage","url":"https:\/\/mypalmleaf.com\/wp-content\/uploads\/2024\/09\/mantra-product-page-3-1.jpg","contentUrl":"https:\/\/mypalmleaf.com\/wp-content\/uploads\/2024\/09\/mantra-product-page-3-1.jpg","width":800,"height":444,"caption":"Homa procedure"},{"@type":"BreadcrumbList","@id":"https:\/\/mypalmleaf.com\/da\/prices\/athma-shanthi-puja-saerligt-ritual-for-at-hjaelpe-sjaelen-af-en-person-der-er-gaaet-bort-med-at-hvile-i-fred\/#breadcrumb","itemListElement":[{"@type":"ListItem","position":1,"name":"Home","item":"https:\/\/mypalmleaf.com\/da\/"},{"@type":"ListItem","position":2,"name":"Shop","item":"https:\/\/mypalmleaf.com\/et\/shop\/"},{"@type":"ListItem","position":3,"name":"Atma Shanti Pooja &#8211; Et helligt offer for afd\u00f8de sj\u00e6les fred"}]},{"@type":"WebSite","@id":"https:\/\/mypalmleaf.com\/#website","url":"https:\/\/mypalmleaf.com\/","name":"My Palm Leaf","description":"","potentialAction":[{"@type":"SearchAction","target":{"@type":"EntryPoint","urlTemplate":"https:\/\/mypalmleaf.com\/?s={search_term_string}"},"query-input":{"@type":"PropertyValueSpecification","valueRequired":true,"valueName":"search_term_string"}}],"inLanguage":"da-DK"}]}},"_links":{"self":[{"href":"https:\/\/mypalmleaf.com\/da\/wp-json\/wp\/v2\/product\/38990","targetHints":{"allow":["GET"]}}],"collection":[{"href":"https:\/\/mypalmleaf.com\/da\/wp-json\/wp\/v2\/product"}],"about":[{"href":"https:\/\/mypalmleaf.com\/da\/wp-json\/wp\/v2\/types\/product"}],"replies":[{"embeddable":true,"href":"https:\/\/mypalmleaf.com\/da\/wp-json\/wp\/v2\/comments?post=38990"}],"wp:featuredmedia":[{"embeddable":true,"href":"https:\/\/mypalmleaf.com\/da\/wp-json\/wp\/v2\/media\/9938"}],"wp:attachment":[{"href":"https:\/\/mypalmleaf.com\/da\/wp-json\/wp\/v2\/media?parent=38990"}],"wp:term":[{"taxonomy":"product_brand","embeddable":true,"href":"https:\/\/mypalmleaf.com\/da\/wp-json\/wp\/v2\/product_brand?post=38990"},{"taxonomy":"product_cat","embeddable":true,"href":"https:\/\/mypalmleaf.com\/da\/wp-json\/wp\/v2\/product_cat?post=38990"},{"taxonomy":"product_tag","embeddable":true,"href":"https:\/\/mypalmleaf.com\/da\/wp-json\/wp\/v2\/product_tag?post=38990"}],"curies":[{"name":"wp","href":"https:\/\/api.w.org\/{rel}","templated":true}]}}