{"id":39007,"date":"2024-09-04T10:56:25","date_gmt":"2024-09-04T10:56:25","guid":{"rendered":"https:\/\/mypalmleaf.com\/prices\/ceremoni-med-ild-homa\/"},"modified":"2025-08-04T13:11:46","modified_gmt":"2025-08-04T13:11:46","slug":"ceremoni-med-ild-homa","status":"publish","type":"product","link":"https:\/\/mypalmleaf.com\/da\/prices\/ceremoni-med-ild-homa\/","title":{"rendered":"Ceremoni med ild &#8211; Homa"},"content":{"rendered":"<div class=\"description\">\n<p>&#8220;Homa&#8221;, en ildceremoni, er et kraftfuldt energiv\u00e6rkt\u00f8j til at invitere gavnlige energier ind i dit liv og kan udf\u00f8res med mange forskellige form\u00e5l for dig selv eller dine n\u00e6rmeste.<\/p>\n<p>N\u00e5r du har bestilt ildceremonien, modtager du et kalenderlink, hvor du kan v\u00e6lge, hvorn\u00e5r du vil have ceremonien udf\u00f8rt.<br \/>\nDen udf\u00f8res af uddannede pr\u00e6ster i et tempel i Indien.<\/p>\n<p>Effekterne finder sted, uanset om du deltager personligt eller ej.<\/p>\n<p>Hvis du gerne vil se det p\u00e5 en modereret livestream, skal du v\u00e6lge muligheden nedenfor.<\/p>\n<\/div>\n","protected":false},"excerpt":{"rendered":"<p>&#8220;Homa&#8221;, en ildceremoni, er et kraftfuldt energetisk v\u00e6rkt\u00f8j til at invitere gavnlige energier ind i dit liv og kan udf\u00f8res til mange forskellige form\u00e5l for dig selv eller dine k\u00e6re. N\u00e5r du har booket ildceremonien, vil du modtage et kalenderlink, hvor du kan v\u00e6lge, hvorn\u00e5r du vil have ceremonien udf\u00f8rt&#8230; <\/p>\n","protected":false},"featured_media":9899,"comment_status":"open","ping_status":"closed","template":"","meta":{"_acf_changed":false},"product_brand":[],"product_cat":[356],"product_tag":[],"class_list":{"0":"post-39007","1":"product","2":"type-product","3":"status-publish","4":"has-post-thumbnail","6":"product_cat-ikke-kategoriseret","8":"first","9":"instock","10":"virtual","11":"purchasable","12":"product-type-simple"},"exclude_global_add_ons":[],"addons":[],"acf":[],"yoast_head":"<!-- This site is optimized with the Yoast SEO plugin v26.4 - https:\/\/yoast.com\/wordpress\/plugins\/seo\/ -->\n<title>Agni Homa \/ Ildritual online | Shanti Pooja derhjemme | Vedisk Homa<\/title>\n<meta name=\"description\" content=\"Oplev Agni Homam, et helligt vedisk ildritual, fra dit eget hjem. Rens negativ energi, inviter til velsignelser, og book din ceremoni i dag!\" \/>\n<meta name=\"robots\" content=\"index, follow, max-snippet:-1, max-image-preview:large, max-video-preview:-1\" \/>\n<link rel=\"canonical\" href=\"https:\/\/mypalmleaf.com\/da\/prices\/ceremoni-med-ild-homa\/\" \/>\n<meta property=\"og:locale\" content=\"da_DK\" \/>\n<meta property=\"og:type\" content=\"article\" \/>\n<meta property=\"og:title\" content=\"Agni Homa \/ Ildritual online | Shanti Pooja derhjemme | Vedisk Homa\" \/>\n<meta property=\"og:description\" content=\"Oplev Agni Homam, et helligt vedisk ildritual, fra dit eget hjem. Rens negativ energi, inviter til velsignelser, og book din ceremoni i dag!\" \/>\n<meta property=\"og:url\" content=\"https:\/\/mypalmleaf.com\/da\/prices\/ceremoni-med-ild-homa\/\" \/>\n<meta property=\"og:site_name\" content=\"My Palm Leaf\" \/>\n<meta property=\"article:modified_time\" content=\"2025-08-04T13:11:46+00:00\" \/>\n<meta property=\"og:image\" content=\"https:\/\/mypalmleaf.com\/wp-content\/uploads\/2024\/09\/mantra-product-page-2-1.jpg\" \/>\n\t<meta property=\"og:image:width\" content=\"800\" \/>\n\t<meta property=\"og:image:height\" content=\"444\" \/>\n\t<meta property=\"og:image:type\" content=\"image\/jpeg\" \/>\n<meta name=\"twitter:card\" content=\"summary_large_image\" \/>\n<meta name=\"twitter:label1\" content=\"Estimeret l\u00e6setid\" \/>\n\t<meta name=\"twitter:data1\" content=\"1 minut\" \/>\n<script type=\"application\/ld+json\" class=\"yoast-schema-graph\">{\"@context\":\"https:\/\/schema.org\",\"@graph\":[{\"@type\":\"WebPage\",\"@id\":\"https:\/\/mypalmleaf.com\/da\/prices\/ceremoni-med-ild-homa\/\",\"url\":\"https:\/\/mypalmleaf.com\/da\/prices\/ceremoni-med-ild-homa\/\",\"name\":\"Agni Homa \/ Ildritual online | Shanti Pooja derhjemme | Vedisk Homa\",\"isPartOf\":{\"@id\":\"https:\/\/mypalmleaf.com\/#website\"},\"primaryImageOfPage\":{\"@id\":\"https:\/\/mypalmleaf.com\/da\/prices\/ceremoni-med-ild-homa\/#primaryimage\"},\"image\":{\"@id\":\"https:\/\/mypalmleaf.com\/da\/prices\/ceremoni-med-ild-homa\/#primaryimage\"},\"thumbnailUrl\":\"https:\/\/mypalmleaf.com\/wp-content\/uploads\/2024\/09\/mantra-product-page-2-1.jpg\",\"datePublished\":\"2024-09-04T10:56:25+00:00\",\"dateModified\":\"2025-08-04T13:11:46+00:00\",\"description\":\"Oplev Agni Homam, et helligt vedisk ildritual, fra dit eget hjem. Rens negativ energi, inviter til velsignelser, og book din ceremoni i dag!\",\"breadcrumb\":{\"@id\":\"https:\/\/mypalmleaf.com\/da\/prices\/ceremoni-med-ild-homa\/#breadcrumb\"},\"inLanguage\":\"da-DK\",\"potentialAction\":[{\"@type\":\"ReadAction\",\"target\":[\"https:\/\/mypalmleaf.com\/da\/prices\/ceremoni-med-ild-homa\/\"]}]},{\"@type\":\"ImageObject\",\"inLanguage\":\"da-DK\",\"@id\":\"https:\/\/mypalmleaf.com\/da\/prices\/ceremoni-med-ild-homa\/#primaryimage\",\"url\":\"https:\/\/mypalmleaf.com\/wp-content\/uploads\/2024\/09\/mantra-product-page-2-1.jpg\",\"contentUrl\":\"https:\/\/mypalmleaf.com\/wp-content\/uploads\/2024\/09\/mantra-product-page-2-1.jpg\",\"width\":800,\"height\":444,\"caption\":\"Homa procedure-1\"},{\"@type\":\"BreadcrumbList\",\"@id\":\"https:\/\/mypalmleaf.com\/da\/prices\/ceremoni-med-ild-homa\/#breadcrumb\",\"itemListElement\":[{\"@type\":\"ListItem\",\"position\":1,\"name\":\"Home\",\"item\":\"https:\/\/mypalmleaf.com\/da\/\"},{\"@type\":\"ListItem\",\"position\":2,\"name\":\"Shop\",\"item\":\"https:\/\/mypalmleaf.com\/et\/shop\/\"},{\"@type\":\"ListItem\",\"position\":3,\"name\":\"Ceremoni med ild &#8211; Homa\"}]},{\"@type\":\"WebSite\",\"@id\":\"https:\/\/mypalmleaf.com\/#website\",\"url\":\"https:\/\/mypalmleaf.com\/\",\"name\":\"My Palm Leaf\",\"description\":\"\",\"potentialAction\":[{\"@type\":\"SearchAction\",\"target\":{\"@type\":\"EntryPoint\",\"urlTemplate\":\"https:\/\/mypalmleaf.com\/?s={search_term_string}\"},\"query-input\":{\"@type\":\"PropertyValueSpecification\",\"valueRequired\":true,\"valueName\":\"search_term_string\"}}],\"inLanguage\":\"da-DK\"}]}<\/script>\n<!-- \/ Yoast SEO plugin. -->","yoast_head_json":{"title":"Agni Homa \/ Ildritual online | Shanti Pooja derhjemme | Vedisk Homa","description":"Oplev Agni Homam, et helligt vedisk ildritual, fra dit eget hjem. Rens negativ energi, inviter til velsignelser, og book din ceremoni i dag!","robots":{"index":"index","follow":"follow","max-snippet":"max-snippet:-1","max-image-preview":"max-image-preview:large","max-video-preview":"max-video-preview:-1"},"canonical":"https:\/\/mypalmleaf.com\/da\/prices\/ceremoni-med-ild-homa\/","og_locale":"da_DK","og_type":"article","og_title":"Agni Homa \/ Ildritual online | Shanti Pooja derhjemme | Vedisk Homa","og_description":"Oplev Agni Homam, et helligt vedisk ildritual, fra dit eget hjem. Rens negativ energi, inviter til velsignelser, og book din ceremoni i dag!","og_url":"https:\/\/mypalmleaf.com\/da\/prices\/ceremoni-med-ild-homa\/","og_site_name":"My Palm Leaf","article_modified_time":"2025-08-04T13:11:46+00:00","og_image":[{"width":800,"height":444,"url":"https:\/\/mypalmleaf.com\/wp-content\/uploads\/2024\/09\/mantra-product-page-2-1.jpg","type":"image\/jpeg"}],"twitter_card":"summary_large_image","twitter_misc":{"Estimeret l\u00e6setid":"1 minut"},"schema":{"@context":"https:\/\/schema.org","@graph":[{"@type":"WebPage","@id":"https:\/\/mypalmleaf.com\/da\/prices\/ceremoni-med-ild-homa\/","url":"https:\/\/mypalmleaf.com\/da\/prices\/ceremoni-med-ild-homa\/","name":"Agni Homa \/ Ildritual online | Shanti Pooja derhjemme | Vedisk Homa","isPartOf":{"@id":"https:\/\/mypalmleaf.com\/#website"},"primaryImageOfPage":{"@id":"https:\/\/mypalmleaf.com\/da\/prices\/ceremoni-med-ild-homa\/#primaryimage"},"image":{"@id":"https:\/\/mypalmleaf.com\/da\/prices\/ceremoni-med-ild-homa\/#primaryimage"},"thumbnailUrl":"https:\/\/mypalmleaf.com\/wp-content\/uploads\/2024\/09\/mantra-product-page-2-1.jpg","datePublished":"2024-09-04T10:56:25+00:00","dateModified":"2025-08-04T13:11:46+00:00","description":"Oplev Agni Homam, et helligt vedisk ildritual, fra dit eget hjem. Rens negativ energi, inviter til velsignelser, og book din ceremoni i dag!","breadcrumb":{"@id":"https:\/\/mypalmleaf.com\/da\/prices\/ceremoni-med-ild-homa\/#breadcrumb"},"inLanguage":"da-DK","potentialAction":[{"@type":"ReadAction","target":["https:\/\/mypalmleaf.com\/da\/prices\/ceremoni-med-ild-homa\/"]}]},{"@type":"ImageObject","inLanguage":"da-DK","@id":"https:\/\/mypalmleaf.com\/da\/prices\/ceremoni-med-ild-homa\/#primaryimage","url":"https:\/\/mypalmleaf.com\/wp-content\/uploads\/2024\/09\/mantra-product-page-2-1.jpg","contentUrl":"https:\/\/mypalmleaf.com\/wp-content\/uploads\/2024\/09\/mantra-product-page-2-1.jpg","width":800,"height":444,"caption":"Homa procedure-1"},{"@type":"BreadcrumbList","@id":"https:\/\/mypalmleaf.com\/da\/prices\/ceremoni-med-ild-homa\/#breadcrumb","itemListElement":[{"@type":"ListItem","position":1,"name":"Home","item":"https:\/\/mypalmleaf.com\/da\/"},{"@type":"ListItem","position":2,"name":"Shop","item":"https:\/\/mypalmleaf.com\/et\/shop\/"},{"@type":"ListItem","position":3,"name":"Ceremoni med ild &#8211; Homa"}]},{"@type":"WebSite","@id":"https:\/\/mypalmleaf.com\/#website","url":"https:\/\/mypalmleaf.com\/","name":"My Palm Leaf","description":"","potentialAction":[{"@type":"SearchAction","target":{"@type":"EntryPoint","urlTemplate":"https:\/\/mypalmleaf.com\/?s={search_term_string}"},"query-input":{"@type":"PropertyValueSpecification","valueRequired":true,"valueName":"search_term_string"}}],"inLanguage":"da-DK"}]}},"_links":{"self":[{"href":"https:\/\/mypalmleaf.com\/da\/wp-json\/wp\/v2\/product\/39007","targetHints":{"allow":["GET"]}}],"collection":[{"href":"https:\/\/mypalmleaf.com\/da\/wp-json\/wp\/v2\/product"}],"about":[{"href":"https:\/\/mypalmleaf.com\/da\/wp-json\/wp\/v2\/types\/product"}],"replies":[{"embeddable":true,"href":"https:\/\/mypalmleaf.com\/da\/wp-json\/wp\/v2\/comments?post=39007"}],"wp:featuredmedia":[{"embeddable":true,"href":"https:\/\/mypalmleaf.com\/da\/wp-json\/wp\/v2\/media\/9899"}],"wp:attachment":[{"href":"https:\/\/mypalmleaf.com\/da\/wp-json\/wp\/v2\/media?parent=39007"}],"wp:term":[{"taxonomy":"product_brand","embeddable":true,"href":"https:\/\/mypalmleaf.com\/da\/wp-json\/wp\/v2\/product_brand?post=39007"},{"taxonomy":"product_cat","embeddable":true,"href":"https:\/\/mypalmleaf.com\/da\/wp-json\/wp\/v2\/product_cat?post=39007"},{"taxonomy":"product_tag","embeddable":true,"href":"https:\/\/mypalmleaf.com\/da\/wp-json\/wp\/v2\/product_tag?post=39007"}],"curies":[{"name":"wp","href":"https:\/\/api.w.org\/{rel}","templated":true}]}}