
{"id":39025,"date":"2024-09-04T10:59:56","date_gmt":"2024-09-04T10:59:56","guid":{"rendered":"https:\/\/mypalmleaf.com\/prices\/find-blad-generel-kapitellaesning\/"},"modified":"2025-07-31T04:00:21","modified_gmt":"2025-07-31T04:00:21","slug":"find-blad-generel-kapitellaesning","status":"publish","type":"product","link":"https:\/\/mypalmleaf.com\/da\/prices\/find-blad-generel-kapitellaesning\/","title":{"rendered":"Find blad + generel kapitell\u00e6sning"},"content":{"rendered":"\n<div class=\"description\">\n<p>            <strong>Servicen omfatter<\/strong><\/p>\n<ul>\n<li>Find de pakker, der kan indeholde dit Palm Leaf i Indien<\/li>\n<li>Udf\u00f8r matchningsprocessen online for at identificere dit Palm Leaf<\/li>\n<li>L\u00e6sning af det generelle kapitel<\/li>\n<li>L\u00e6sning af kapitel 14 (energetiske midler)<\/li>\n<li>Videooptagelse af din l\u00e6sning<\/li>\n<li>Foto af dit palmeblad.<\/li>\n<li>Pengene tilbage-garanti, hvis dit blad ikke kan findes.<\/li>\n<\/ul><\/div>\n","protected":false},"excerpt":{"rendered":"<p>          <strong>Servicen omfatter<\/strong><\/p>\n<ul>\n<li>Find de pakker, der kan indeholde dit Palm Leaf i Indien<\/li>\n<li>G\u00f8r matchningsprocessen online for at identificere dit palmeblad&#8230;<\/li>\n<\/ul>\n","protected":false},"featured_media":10068,"comment_status":"open","ping_status":"closed","template":"","meta":{"_acf_changed":false},"product_brand":[],"product_cat":[356],"product_tag":[],"class_list":{"0":"post-39025","1":"product","2":"type-product","3":"status-publish","4":"has-post-thumbnail","6":"product_cat-ikke-kategoriseret","8":"first","9":"instock","10":"virtual","11":"taxable","12":"purchasable","13":"product-type-simple"},"exclude_global_add_ons":false,"addons":[{"name":"Overs\u00e6ttelse","type":"checkbox","position":0,"required":false,"title_format":"label","description_enable":true,"description":"translation","placeholder_enable":false,"placeholder":"","display":"select","restrictions_type":"any_text","adjust_price":false,"price":"","price_type":"flat_fee","restrictions":false,"min":0,"max":0,"options":[{"label":"Engelsk","price":"0","price_type":"flat_fee","image":0},{"label":"Tysk","price":"38","price_type":"flat_fee","image":0},{"label":"Russer","price":"38","price_type":"flat_fee","image":0},{"label":"Japansk","price":"38","price_type":"flat_fee","image":0},{"label":"Italiensk","price":"38","price_type":"flat_fee","image":0},{"label":"Fransk","price":"38","price_type":"flat_fee","image":0},{"label":"Spansk","price":"38","price_type":"flat_fee","image":0},{"label":"Hollandsk","price":"38","price_type":"flat_fee","image":0},{"label":"Andre","price":"38","price_type":"flat_fee","image":0}],"id":1725237117},{"name":"Transskription","type":"checkbox","position":1,"required":false,"title_format":"label","description_enable":true,"description":"transcription","placeholder_enable":false,"placeholder":"","display":"select","restrictions_type":"any_text","adjust_price":false,"price":"","price_type":"flat_fee","restrictions":false,"min":0,"max":0,"options":[{"label":"Engelsk","price":"59","price_type":"flat_fee","image":0},{"label":"Tysk","price":"99","price_type":"flat_fee","image":0},{"label":"Russer","price":"99","price_type":"flat_fee","image":0},{"label":"Japansk","price":"99","price_type":"flat_fee","image":0},{"label":"Italiensk","price":"99","price_type":"flat_fee","image":0},{"label":"Fransk","price":"99","price_type":"flat_fee","image":0},{"label":"Spansk","price":"99","price_type":"flat_fee","image":0},{"label":"Hollandsk","price":"99","price_type":"flat_fee","image":0},{"label":"Andre","price":"99","price_type":"flat_fee","image":0},{"label":"Ikke n\u00f8dvendigt, m\u00e5ske senere","price":"","price_type":"flat_fee","image":0}],"id":1725237118}],"acf":[],"yoast_head":"<!-- This site is optimized with the Yoast SEO plugin v26.4 - https:\/\/yoast.com\/wordpress\/plugins\/seo\/ -->\n<title>Find blad + generel kapitell\u00e6sning - My Palm Leaf<\/title>\n<meta name=\"description\" content=\"Opdag din sk\u00e6bne med en generel kapitell\u00e6sning, der afsl\u00f8rer \u00e6ldgammel indsigt fra dit palmeblad og guider dig mod spirituel v\u00e6kst og klarhed.\" \/>\n<meta name=\"robots\" content=\"index, follow, max-snippet:-1, max-image-preview:large, max-video-preview:-1\" \/>\n<link rel=\"canonical\" href=\"https:\/\/mypalmleaf.com\/da\/prices\/find-blad-generel-kapitellaesning\/\" \/>\n<meta property=\"og:locale\" content=\"da_DK\" \/>\n<meta property=\"og:type\" content=\"article\" \/>\n<meta property=\"og:title\" content=\"Find blad + generel kapitell\u00e6sning - My Palm Leaf\" \/>\n<meta property=\"og:description\" content=\"Opdag din sk\u00e6bne med en generel kapitell\u00e6sning, der afsl\u00f8rer \u00e6ldgammel indsigt fra dit palmeblad og guider dig mod spirituel v\u00e6kst og klarhed.\" \/>\n<meta property=\"og:url\" content=\"https:\/\/mypalmleaf.com\/da\/prices\/find-blad-generel-kapitellaesning\/\" \/>\n<meta property=\"og:site_name\" content=\"My Palm Leaf\" \/>\n<meta property=\"article:modified_time\" content=\"2025-07-31T04:00:21+00:00\" \/>\n<meta property=\"og:image\" content=\"https:\/\/mypalmleaf.com\/wp-content\/uploads\/2024\/09\/services-thumb-1-1.jpg\" \/>\n\t<meta property=\"og:image:width\" content=\"800\" \/>\n\t<meta property=\"og:image:height\" content=\"444\" \/>\n\t<meta property=\"og:image:type\" content=\"image\/jpeg\" \/>\n<meta name=\"twitter:card\" content=\"summary_large_image\" \/>\n<meta name=\"twitter:label1\" content=\"Estimeret l\u00e6setid\" \/>\n\t<meta name=\"twitter:data1\" content=\"1 minut\" \/>\n<script type=\"application\/ld+json\" class=\"yoast-schema-graph\">{\"@context\":\"https:\/\/schema.org\",\"@graph\":[{\"@type\":\"WebPage\",\"@id\":\"https:\/\/mypalmleaf.com\/da\/prices\/find-blad-generel-kapitellaesning\/\",\"url\":\"https:\/\/mypalmleaf.com\/da\/prices\/find-blad-generel-kapitellaesning\/\",\"name\":\"Find blad + generel kapitell\u00e6sning - My Palm Leaf\",\"isPartOf\":{\"@id\":\"https:\/\/mypalmleaf.com\/#website\"},\"primaryImageOfPage\":{\"@id\":\"https:\/\/mypalmleaf.com\/da\/prices\/find-blad-generel-kapitellaesning\/#primaryimage\"},\"image\":{\"@id\":\"https:\/\/mypalmleaf.com\/da\/prices\/find-blad-generel-kapitellaesning\/#primaryimage\"},\"thumbnailUrl\":\"https:\/\/mypalmleaf.com\/wp-content\/uploads\/2024\/09\/services-thumb-1-1.jpg\",\"datePublished\":\"2024-09-04T10:59:56+00:00\",\"dateModified\":\"2025-07-31T04:00:21+00:00\",\"description\":\"Opdag din sk\u00e6bne med en generel kapitell\u00e6sning, der afsl\u00f8rer \u00e6ldgammel indsigt fra dit palmeblad og guider dig mod spirituel v\u00e6kst og klarhed.\",\"breadcrumb\":{\"@id\":\"https:\/\/mypalmleaf.com\/da\/prices\/find-blad-generel-kapitellaesning\/#breadcrumb\"},\"inLanguage\":\"da-DK\",\"potentialAction\":[{\"@type\":\"ReadAction\",\"target\":[\"https:\/\/mypalmleaf.com\/da\/prices\/find-blad-generel-kapitellaesning\/\"]}]},{\"@type\":\"ImageObject\",\"inLanguage\":\"da-DK\",\"@id\":\"https:\/\/mypalmleaf.com\/da\/prices\/find-blad-generel-kapitellaesning\/#primaryimage\",\"url\":\"https:\/\/mypalmleaf.com\/wp-content\/uploads\/2024\/09\/services-thumb-1-1.jpg\",\"contentUrl\":\"https:\/\/mypalmleaf.com\/wp-content\/uploads\/2024\/09\/services-thumb-1-1.jpg\",\"width\":800,\"height\":444,\"caption\":\"Nadi astrology-02\"},{\"@type\":\"BreadcrumbList\",\"@id\":\"https:\/\/mypalmleaf.com\/da\/prices\/find-blad-generel-kapitellaesning\/#breadcrumb\",\"itemListElement\":[{\"@type\":\"ListItem\",\"position\":1,\"name\":\"Home\",\"item\":\"https:\/\/mypalmleaf.com\/da\/\"},{\"@type\":\"ListItem\",\"position\":2,\"name\":\"Shop\",\"item\":\"https:\/\/mypalmleaf.com\/et\/shop\/\"},{\"@type\":\"ListItem\",\"position\":3,\"name\":\"Find blad + generel kapitell\u00e6sning\"}]},{\"@type\":\"WebSite\",\"@id\":\"https:\/\/mypalmleaf.com\/#website\",\"url\":\"https:\/\/mypalmleaf.com\/\",\"name\":\"My Palm Leaf\",\"description\":\"\",\"potentialAction\":[{\"@type\":\"SearchAction\",\"target\":{\"@type\":\"EntryPoint\",\"urlTemplate\":\"https:\/\/mypalmleaf.com\/?s={search_term_string}\"},\"query-input\":{\"@type\":\"PropertyValueSpecification\",\"valueRequired\":true,\"valueName\":\"search_term_string\"}}],\"inLanguage\":\"da-DK\"}]}<\/script>\n<!-- \/ Yoast SEO plugin. -->","yoast_head_json":{"title":"Find blad + generel kapitell\u00e6sning - My Palm Leaf","description":"Opdag din sk\u00e6bne med en generel kapitell\u00e6sning, der afsl\u00f8rer \u00e6ldgammel indsigt fra dit palmeblad og guider dig mod spirituel v\u00e6kst og klarhed.","robots":{"index":"index","follow":"follow","max-snippet":"max-snippet:-1","max-image-preview":"max-image-preview:large","max-video-preview":"max-video-preview:-1"},"canonical":"https:\/\/mypalmleaf.com\/da\/prices\/find-blad-generel-kapitellaesning\/","og_locale":"da_DK","og_type":"article","og_title":"Find blad + generel kapitell\u00e6sning - My Palm Leaf","og_description":"Opdag din sk\u00e6bne med en generel kapitell\u00e6sning, der afsl\u00f8rer \u00e6ldgammel indsigt fra dit palmeblad og guider dig mod spirituel v\u00e6kst og klarhed.","og_url":"https:\/\/mypalmleaf.com\/da\/prices\/find-blad-generel-kapitellaesning\/","og_site_name":"My Palm Leaf","article_modified_time":"2025-07-31T04:00:21+00:00","og_image":[{"width":800,"height":444,"url":"https:\/\/mypalmleaf.com\/wp-content\/uploads\/2024\/09\/services-thumb-1-1.jpg","type":"image\/jpeg"}],"twitter_card":"summary_large_image","twitter_misc":{"Estimeret l\u00e6setid":"1 minut"},"schema":{"@context":"https:\/\/schema.org","@graph":[{"@type":"WebPage","@id":"https:\/\/mypalmleaf.com\/da\/prices\/find-blad-generel-kapitellaesning\/","url":"https:\/\/mypalmleaf.com\/da\/prices\/find-blad-generel-kapitellaesning\/","name":"Find blad + generel kapitell\u00e6sning - My Palm Leaf","isPartOf":{"@id":"https:\/\/mypalmleaf.com\/#website"},"primaryImageOfPage":{"@id":"https:\/\/mypalmleaf.com\/da\/prices\/find-blad-generel-kapitellaesning\/#primaryimage"},"image":{"@id":"https:\/\/mypalmleaf.com\/da\/prices\/find-blad-generel-kapitellaesning\/#primaryimage"},"thumbnailUrl":"https:\/\/mypalmleaf.com\/wp-content\/uploads\/2024\/09\/services-thumb-1-1.jpg","datePublished":"2024-09-04T10:59:56+00:00","dateModified":"2025-07-31T04:00:21+00:00","description":"Opdag din sk\u00e6bne med en generel kapitell\u00e6sning, der afsl\u00f8rer \u00e6ldgammel indsigt fra dit palmeblad og guider dig mod spirituel v\u00e6kst og klarhed.","breadcrumb":{"@id":"https:\/\/mypalmleaf.com\/da\/prices\/find-blad-generel-kapitellaesning\/#breadcrumb"},"inLanguage":"da-DK","potentialAction":[{"@type":"ReadAction","target":["https:\/\/mypalmleaf.com\/da\/prices\/find-blad-generel-kapitellaesning\/"]}]},{"@type":"ImageObject","inLanguage":"da-DK","@id":"https:\/\/mypalmleaf.com\/da\/prices\/find-blad-generel-kapitellaesning\/#primaryimage","url":"https:\/\/mypalmleaf.com\/wp-content\/uploads\/2024\/09\/services-thumb-1-1.jpg","contentUrl":"https:\/\/mypalmleaf.com\/wp-content\/uploads\/2024\/09\/services-thumb-1-1.jpg","width":800,"height":444,"caption":"Nadi astrology-02"},{"@type":"BreadcrumbList","@id":"https:\/\/mypalmleaf.com\/da\/prices\/find-blad-generel-kapitellaesning\/#breadcrumb","itemListElement":[{"@type":"ListItem","position":1,"name":"Home","item":"https:\/\/mypalmleaf.com\/da\/"},{"@type":"ListItem","position":2,"name":"Shop","item":"https:\/\/mypalmleaf.com\/et\/shop\/"},{"@type":"ListItem","position":3,"name":"Find blad + generel kapitell\u00e6sning"}]},{"@type":"WebSite","@id":"https:\/\/mypalmleaf.com\/#website","url":"https:\/\/mypalmleaf.com\/","name":"My Palm Leaf","description":"","potentialAction":[{"@type":"SearchAction","target":{"@type":"EntryPoint","urlTemplate":"https:\/\/mypalmleaf.com\/?s={search_term_string}"},"query-input":{"@type":"PropertyValueSpecification","valueRequired":true,"valueName":"search_term_string"}}],"inLanguage":"da-DK"}]}},"_links":{"self":[{"href":"https:\/\/mypalmleaf.com\/da\/wp-json\/wp\/v2\/product\/39025","targetHints":{"allow":["GET"]}}],"collection":[{"href":"https:\/\/mypalmleaf.com\/da\/wp-json\/wp\/v2\/product"}],"about":[{"href":"https:\/\/mypalmleaf.com\/da\/wp-json\/wp\/v2\/types\/product"}],"replies":[{"embeddable":true,"href":"https:\/\/mypalmleaf.com\/da\/wp-json\/wp\/v2\/comments?post=39025"}],"wp:featuredmedia":[{"embeddable":true,"href":"https:\/\/mypalmleaf.com\/da\/wp-json\/wp\/v2\/media\/10068"}],"wp:attachment":[{"href":"https:\/\/mypalmleaf.com\/da\/wp-json\/wp\/v2\/media?parent=39025"}],"wp:term":[{"taxonomy":"product_brand","embeddable":true,"href":"https:\/\/mypalmleaf.com\/da\/wp-json\/wp\/v2\/product_brand?post=39025"},{"taxonomy":"product_cat","embeddable":true,"href":"https:\/\/mypalmleaf.com\/da\/wp-json\/wp\/v2\/product_cat?post=39025"},{"taxonomy":"product_tag","embeddable":true,"href":"https:\/\/mypalmleaf.com\/da\/wp-json\/wp\/v2\/product_tag?post=39025"}],"curies":[{"name":"wp","href":"https:\/\/api.w.org\/{rel}","templated":true}]}}