
{"id":41769,"date":"2024-09-04T10:57:26","date_gmt":"2024-09-04T10:57:26","guid":{"rendered":"https:\/\/mypalmleaf.com\/prices\/yderligere-laesning-af-kapitlet\/"},"modified":"2025-10-09T16:10:23","modified_gmt":"2025-10-09T16:10:23","slug":"yderligere-laesning-af-kapitlet","status":"publish","type":"product","link":"https:\/\/mypalmleaf.com\/da\/prices\/yderligere-laesning-af-kapitlet\/","title":{"rendered":"Yderligere kapitell\u00e6sning p\u00e5 Mypalmleaf"},"content":{"rendered":"<div class=\"description\">\n<p><strong>Servicen omfatter<\/strong><\/p>\n<ul>\n<li>Opl\u00e6sning af dine valgte kapitler ved palmebladsbiblioteket<\/li>\n<li>Moderering af opl\u00e6sningen af MPL-moderator<\/li>\n<li>Videooptagelse<\/li>\n<\/ul>\n<\/div>\n<div class=\"additional-addons-wrap\">\n<p>Palmeblade indeholder op til 17 kapitler, der hver is\u00e6r er viet til et bestemt emne i en persons liv.<\/p>\n<p>Det generelle kapitel er inkluderet i l\u00e6sningen, s\u00e5 yderligere kapitler kan <strong>kun l\u00e6ses, n\u00e5r<\/strong> du har taget din l\u00e6sning af det generelle kapitel.<\/p>\n<p>Har du ikke taget l\u00e6sning af det generelle kapitel endnu? <a class=\"fw-bold text-body\" href=\"https:\/\/mypalmleaf.com\/da\/prices\/find-blad-generel-kapitellaesning\/\">Hent det her<\/a>.<\/p>\n<p>Nedenfor kan du v\u00e6lge en l\u00e6setjeneste for et ekstra kapitel.<\/p>\n<p>De s\u00e6rlige kapitler er l\u00e6ngere og mere detaljerede end de almindelige kapitler.<\/p>\n<\/div>\n","protected":false},"excerpt":{"rendered":"<p><strong>Servicen omfatter<\/strong><\/p>\n<ul>\n<li>Opl\u00e6sning af dine valgte kapitler ved palmebladsbiblioteket<\/li>\n<li>Moderering af opl\u00e6sningen af MPL-moderator&#8230;<\/li>\n<\/ul>\n","protected":false},"featured_media":9815,"comment_status":"open","ping_status":"closed","template":"","meta":{"_acf_changed":false},"product_brand":[],"product_cat":[356],"product_tag":[],"class_list":{"0":"post-41769","1":"product","2":"type-product","3":"status-publish","4":"has-post-thumbnail","6":"product_cat-ikke-kategoriseret","8":"first","9":"instock","10":"virtual","11":"taxable","12":"purchasable","13":"product-type-simple"},"exclude_global_add_ons":false,"addons":[{"name":"Kapitler","type":"checkbox","position":0,"required":false,"title_format":"label","description_enable":true,"description":"kapitler","placeholder_enable":false,"placeholder":null,"display":"select","restrictions_type":"any_text","adjust_price":false,"price":"","price_type":"flat_fee","restrictions":false,"min":0,"max":0,"options":[{"label":"1. Det generelle kapitel (det har du allerede h\u00f8rt i den generelle l\u00e6sning)","price":"","price_type":"flat_fee","image":0},{"label":"2. Uddannelse og rigdom","price":"79","price_type":"flat_fee","image":0},{"label":"3. S\u00f8skende","price":"79","price_type":"flat_fee","image":0},{"label":"4. Din mor, materielle aspekter som hus, jord, k\u00f8ret\u00f8jer og materiel komfort","price":"79","price_type":"flat_fee","image":0},{"label":"5. B\u00f8rn og unge","price":"79","price_type":"flat_fee","image":0},{"label":"6. Fjender og sygdomme","price":"79","price_type":"flat_fee","image":0},{"label":"7. \u00c6gteskab\/forhold","price":"79","price_type":"flat_fee","image":0},{"label":"8. Levetid","price":"79","price_type":"flat_fee","image":0},{"label":"9. Din far og din spirituelle vej","price":"79","price_type":"flat_fee","image":0},{"label":"10. Karriere\/Job\/Business","price":"79","price_type":"flat_fee","image":0},{"label":"11. Held, overskud, potentielt andet \u00e6gteskab","price":"79","price_type":"flat_fee","image":0},{"label":"12. Udenlandsk forbindelse og n\u00e6ste inkarnation","price":"79","price_type":"flat_fee","image":0},{"label":"13. Tidligere f\u00f8dsel og gammel karma","price":"79","price_type":"flat_fee","image":0},{"label":"14. Energetiske midler til at forbedre din livsbane (det har du allerede h\u00f8rt i den generelle l\u00e6sning)","price":"","price_type":"flat_fee","image":0},{"label":"15. Ayurveda-medicin","price":"130","price_type":"flat_fee","image":0},{"label":"16. Spirituel udvikling","price":"130","price_type":"flat_fee","image":0},{"label":"17. Aktuelle planetariske effekter","price":"130","price_type":"flat_fee","image":0}],"id":1725236907},{"name":"Overs\u00e6ttelse pr. kapitel","type":"checkbox","position":1,"required":false,"title_format":"label","description_enable":true,"description":"overs\u00e6ttelse","placeholder_enable":false,"placeholder":null,"display":"select","restrictions_type":"any_text","adjust_price":false,"price":"","price_type":"flat_fee","restrictions":false,"min":0,"max":0,"options":[{"label":"Engelsk","price":"","price_type":"flat_fee","image":0},{"label":"Tysk","price":"12","price_type":"flat_fee","image":0},{"label":"Russer","price":"12","price_type":"flat_fee","image":0},{"label":"Japansk","price":"12","price_type":"flat_fee","image":0},{"label":"Italiensk","price":"12","price_type":"flat_fee","image":0},{"label":"Fransk","price":"12","price_type":"flat_fee","image":0},{"label":"Spansk","price":"12","price_type":"flat_fee","image":0},{"label":"Hollandsk","price":"12","price_type":"flat_fee","image":0},{"label":"Andre","price":"12","price_type":"flat_fee","image":0}],"id":1725236908},{"name":"Transskription pr. kapitel","type":"checkbox","position":2,"required":false,"title_format":"label","description_enable":true,"description":"transskription","placeholder_enable":false,"placeholder":null,"display":"select","restrictions_type":"any_text","adjust_price":false,"price":"","price_type":"flat_fee","restrictions":false,"min":0,"max":0,"options":[{"label":"Engelsk","price":"18","price_type":"flat_fee","image":0},{"label":"Tysk","price":"27","price_type":"flat_fee","image":0},{"label":"Russer","price":"27","price_type":"flat_fee","image":0},{"label":"Japansk","price":"27","price_type":"flat_fee","image":0},{"label":"Italiensk","price":"27","price_type":"flat_fee","image":0},{"label":"Fransk","price":"27","price_type":"flat_fee","image":0},{"label":"Spansk","price":"27","price_type":"flat_fee","image":0},{"label":"Hollandsk","price":"27","price_type":"flat_fee","image":0},{"label":"Andre","price":"27","price_type":"flat_fee","image":0}],"id":1725236909}],"acf":[],"yoast_head":"<!-- This site is optimized with the Yoast SEO plugin v26.4 - https:\/\/yoast.com\/wordpress\/plugins\/seo\/ -->\n<title>Book yderligere kapitler med l\u00e6sning | My Palm Leaf - \u20ac79 og opefter<\/title>\n<meta name=\"description\" content=\"Udforsk dybere indsigter med yderligere palmebladskapitler. F\u00e5 klarhed over k\u00e6rlighed, karriere og livssti. Book din personlige l\u00e6sning i dag p\u00e5 My Palm Leaf!\" \/>\n<meta name=\"robots\" content=\"index, follow, max-snippet:-1, max-image-preview:large, max-video-preview:-1\" \/>\n<link rel=\"canonical\" href=\"https:\/\/mypalmleaf.com\/da\/prices\/yderligere-laesning-af-kapitlet\/\" \/>\n<meta property=\"og:locale\" content=\"da_DK\" \/>\n<meta property=\"og:type\" content=\"article\" \/>\n<meta property=\"og:title\" content=\"Book yderligere kapitler med l\u00e6sning | My Palm Leaf - \u20ac79 og opefter\" \/>\n<meta property=\"og:description\" content=\"Udforsk dybere indsigter med yderligere palmebladskapitler. F\u00e5 klarhed over k\u00e6rlighed, karriere og livssti. Book din personlige l\u00e6sning i dag p\u00e5 My Palm Leaf!\" \/>\n<meta property=\"og:url\" content=\"https:\/\/mypalmleaf.com\/da\/prices\/yderligere-laesning-af-kapitlet\/\" \/>\n<meta property=\"og:site_name\" content=\"My Palm Leaf\" \/>\n<meta property=\"article:modified_time\" content=\"2025-10-09T16:10:23+00:00\" \/>\n<meta property=\"og:image\" content=\"https:\/\/mypalmleaf.com\/wp-content\/uploads\/2024\/09\/services-thumb-2.jpg\" \/>\n\t<meta property=\"og:image:width\" content=\"800\" \/>\n\t<meta property=\"og:image:height\" content=\"444\" \/>\n\t<meta property=\"og:image:type\" content=\"image\/jpeg\" \/>\n<meta name=\"twitter:card\" content=\"summary_large_image\" \/>\n<meta name=\"twitter:label1\" content=\"Estimeret l\u00e6setid\" \/>\n\t<meta name=\"twitter:data1\" content=\"1 minut\" \/>\n<script type=\"application\/ld+json\" class=\"yoast-schema-graph\">{\"@context\":\"https:\/\/schema.org\",\"@graph\":[{\"@type\":\"WebPage\",\"@id\":\"https:\/\/mypalmleaf.com\/da\/prices\/yderligere-laesning-af-kapitlet\/\",\"url\":\"https:\/\/mypalmleaf.com\/da\/prices\/yderligere-laesning-af-kapitlet\/\",\"name\":\"Book yderligere kapitler med l\u00e6sning | My Palm Leaf - \u20ac79 og opefter\",\"isPartOf\":{\"@id\":\"https:\/\/mypalmleaf.com\/#website\"},\"primaryImageOfPage\":{\"@id\":\"https:\/\/mypalmleaf.com\/da\/prices\/yderligere-laesning-af-kapitlet\/#primaryimage\"},\"image\":{\"@id\":\"https:\/\/mypalmleaf.com\/da\/prices\/yderligere-laesning-af-kapitlet\/#primaryimage\"},\"thumbnailUrl\":\"https:\/\/mypalmleaf.com\/wp-content\/uploads\/2024\/09\/services-thumb-2.jpg\",\"datePublished\":\"2024-09-04T10:57:26+00:00\",\"dateModified\":\"2025-10-09T16:10:23+00:00\",\"description\":\"Udforsk dybere indsigter med yderligere palmebladskapitler. F\u00e5 klarhed over k\u00e6rlighed, karriere og livssti. Book din personlige l\u00e6sning i dag p\u00e5 My Palm Leaf!\",\"breadcrumb\":{\"@id\":\"https:\/\/mypalmleaf.com\/da\/prices\/yderligere-laesning-af-kapitlet\/#breadcrumb\"},\"inLanguage\":\"da-DK\",\"potentialAction\":[{\"@type\":\"ReadAction\",\"target\":[\"https:\/\/mypalmleaf.com\/da\/prices\/yderligere-laesning-af-kapitlet\/\"]}]},{\"@type\":\"ImageObject\",\"inLanguage\":\"da-DK\",\"@id\":\"https:\/\/mypalmleaf.com\/da\/prices\/yderligere-laesning-af-kapitlet\/#primaryimage\",\"url\":\"https:\/\/mypalmleaf.com\/wp-content\/uploads\/2024\/09\/services-thumb-2.jpg\",\"contentUrl\":\"https:\/\/mypalmleaf.com\/wp-content\/uploads\/2024\/09\/services-thumb-2.jpg\",\"width\":800,\"height\":444,\"caption\":\"Palm leaves-548\"},{\"@type\":\"BreadcrumbList\",\"@id\":\"https:\/\/mypalmleaf.com\/da\/prices\/yderligere-laesning-af-kapitlet\/#breadcrumb\",\"itemListElement\":[{\"@type\":\"ListItem\",\"position\":1,\"name\":\"Home\",\"item\":\"https:\/\/mypalmleaf.com\/da\/\"},{\"@type\":\"ListItem\",\"position\":2,\"name\":\"Shop\",\"item\":\"https:\/\/mypalmleaf.com\/et\/shop\/\"},{\"@type\":\"ListItem\",\"position\":3,\"name\":\"Yderligere kapitell\u00e6sning p\u00e5 Mypalmleaf\"}]},{\"@type\":\"WebSite\",\"@id\":\"https:\/\/mypalmleaf.com\/#website\",\"url\":\"https:\/\/mypalmleaf.com\/\",\"name\":\"My Palm Leaf\",\"description\":\"\",\"potentialAction\":[{\"@type\":\"SearchAction\",\"target\":{\"@type\":\"EntryPoint\",\"urlTemplate\":\"https:\/\/mypalmleaf.com\/?s={search_term_string}\"},\"query-input\":{\"@type\":\"PropertyValueSpecification\",\"valueRequired\":true,\"valueName\":\"search_term_string\"}}],\"inLanguage\":\"da-DK\"}]}<\/script>\n<!-- \/ Yoast SEO plugin. -->","yoast_head_json":{"title":"Book yderligere kapitler med l\u00e6sning | My Palm Leaf - \u20ac79 og opefter","description":"Udforsk dybere indsigter med yderligere palmebladskapitler. F\u00e5 klarhed over k\u00e6rlighed, karriere og livssti. Book din personlige l\u00e6sning i dag p\u00e5 My Palm Leaf!","robots":{"index":"index","follow":"follow","max-snippet":"max-snippet:-1","max-image-preview":"max-image-preview:large","max-video-preview":"max-video-preview:-1"},"canonical":"https:\/\/mypalmleaf.com\/da\/prices\/yderligere-laesning-af-kapitlet\/","og_locale":"da_DK","og_type":"article","og_title":"Book yderligere kapitler med l\u00e6sning | My Palm Leaf - \u20ac79 og opefter","og_description":"Udforsk dybere indsigter med yderligere palmebladskapitler. F\u00e5 klarhed over k\u00e6rlighed, karriere og livssti. Book din personlige l\u00e6sning i dag p\u00e5 My Palm Leaf!","og_url":"https:\/\/mypalmleaf.com\/da\/prices\/yderligere-laesning-af-kapitlet\/","og_site_name":"My Palm Leaf","article_modified_time":"2025-10-09T16:10:23+00:00","og_image":[{"width":800,"height":444,"url":"https:\/\/mypalmleaf.com\/wp-content\/uploads\/2024\/09\/services-thumb-2.jpg","type":"image\/jpeg"}],"twitter_card":"summary_large_image","twitter_misc":{"Estimeret l\u00e6setid":"1 minut"},"schema":{"@context":"https:\/\/schema.org","@graph":[{"@type":"WebPage","@id":"https:\/\/mypalmleaf.com\/da\/prices\/yderligere-laesning-af-kapitlet\/","url":"https:\/\/mypalmleaf.com\/da\/prices\/yderligere-laesning-af-kapitlet\/","name":"Book yderligere kapitler med l\u00e6sning | My Palm Leaf - \u20ac79 og opefter","isPartOf":{"@id":"https:\/\/mypalmleaf.com\/#website"},"primaryImageOfPage":{"@id":"https:\/\/mypalmleaf.com\/da\/prices\/yderligere-laesning-af-kapitlet\/#primaryimage"},"image":{"@id":"https:\/\/mypalmleaf.com\/da\/prices\/yderligere-laesning-af-kapitlet\/#primaryimage"},"thumbnailUrl":"https:\/\/mypalmleaf.com\/wp-content\/uploads\/2024\/09\/services-thumb-2.jpg","datePublished":"2024-09-04T10:57:26+00:00","dateModified":"2025-10-09T16:10:23+00:00","description":"Udforsk dybere indsigter med yderligere palmebladskapitler. F\u00e5 klarhed over k\u00e6rlighed, karriere og livssti. Book din personlige l\u00e6sning i dag p\u00e5 My Palm Leaf!","breadcrumb":{"@id":"https:\/\/mypalmleaf.com\/da\/prices\/yderligere-laesning-af-kapitlet\/#breadcrumb"},"inLanguage":"da-DK","potentialAction":[{"@type":"ReadAction","target":["https:\/\/mypalmleaf.com\/da\/prices\/yderligere-laesning-af-kapitlet\/"]}]},{"@type":"ImageObject","inLanguage":"da-DK","@id":"https:\/\/mypalmleaf.com\/da\/prices\/yderligere-laesning-af-kapitlet\/#primaryimage","url":"https:\/\/mypalmleaf.com\/wp-content\/uploads\/2024\/09\/services-thumb-2.jpg","contentUrl":"https:\/\/mypalmleaf.com\/wp-content\/uploads\/2024\/09\/services-thumb-2.jpg","width":800,"height":444,"caption":"Palm leaves-548"},{"@type":"BreadcrumbList","@id":"https:\/\/mypalmleaf.com\/da\/prices\/yderligere-laesning-af-kapitlet\/#breadcrumb","itemListElement":[{"@type":"ListItem","position":1,"name":"Home","item":"https:\/\/mypalmleaf.com\/da\/"},{"@type":"ListItem","position":2,"name":"Shop","item":"https:\/\/mypalmleaf.com\/et\/shop\/"},{"@type":"ListItem","position":3,"name":"Yderligere kapitell\u00e6sning p\u00e5 Mypalmleaf"}]},{"@type":"WebSite","@id":"https:\/\/mypalmleaf.com\/#website","url":"https:\/\/mypalmleaf.com\/","name":"My Palm Leaf","description":"","potentialAction":[{"@type":"SearchAction","target":{"@type":"EntryPoint","urlTemplate":"https:\/\/mypalmleaf.com\/?s={search_term_string}"},"query-input":{"@type":"PropertyValueSpecification","valueRequired":true,"valueName":"search_term_string"}}],"inLanguage":"da-DK"}]}},"_links":{"self":[{"href":"https:\/\/mypalmleaf.com\/da\/wp-json\/wp\/v2\/product\/41769","targetHints":{"allow":["GET"]}}],"collection":[{"href":"https:\/\/mypalmleaf.com\/da\/wp-json\/wp\/v2\/product"}],"about":[{"href":"https:\/\/mypalmleaf.com\/da\/wp-json\/wp\/v2\/types\/product"}],"replies":[{"embeddable":true,"href":"https:\/\/mypalmleaf.com\/da\/wp-json\/wp\/v2\/comments?post=41769"}],"wp:featuredmedia":[{"embeddable":true,"href":"https:\/\/mypalmleaf.com\/da\/wp-json\/wp\/v2\/media\/9815"}],"wp:attachment":[{"href":"https:\/\/mypalmleaf.com\/da\/wp-json\/wp\/v2\/media?parent=41769"}],"wp:term":[{"taxonomy":"product_brand","embeddable":true,"href":"https:\/\/mypalmleaf.com\/da\/wp-json\/wp\/v2\/product_brand?post=41769"},{"taxonomy":"product_cat","embeddable":true,"href":"https:\/\/mypalmleaf.com\/da\/wp-json\/wp\/v2\/product_cat?post=41769"},{"taxonomy":"product_tag","embeddable":true,"href":"https:\/\/mypalmleaf.com\/da\/wp-json\/wp\/v2\/product_tag?post=41769"}],"curies":[{"name":"wp","href":"https:\/\/api.w.org\/{rel}","templated":true}]}}