{"id":10145,"date":"2024-08-14T06:28:52","date_gmt":"2024-08-14T06:28:52","guid":{"rendered":"https:\/\/mypalmleaf.com\/?page_id=10145"},"modified":"2025-02-17T06:39:34","modified_gmt":"2025-02-17T06:39:34","slug":"blog","status":"publish","type":"page","link":"https:\/\/mypalmleaf.com\/de\/blog\/","title":{"rendered":"Blogs"},"content":{"rendered":"<section class=\"spotlight-single top-gap\">\n  <div class=\"content-wrap\">\n    <div class=\"image\">\n      <picture>\n        <source media=\"(max-width: 999px)\" srcset=\"https:\/\/mypalmleaf.com\/wp-content\/uploads\/2024\/08\/blogs-spotlight-mob.jpg\" \/>\n        <source media=\"(min-width: 1000px)\" srcset=\"https:\/\/mypalmleaf.com\/wp-content\/uploads\/2024\/08\/blogs-spotlight.jpg\" \/>\n        <img decoding=\"async\" src=\"https:\/\/mypalmleaf.com\/wp-content\/uploads\/2024\/08\/blogs-spotlight.jpg\" class=\"img-fluid\" alt=\"\" \/>\n      <\/picture>\n    <\/div>\n    <div class=\"content\">\n      <div data-aos=\"fade-up\" data-aos-duration=\"1000\">\n        <h1>Blog von MyPalmLeaf<\/h1>\n              <\/div>\n    <\/div>\n  <\/div>\n<\/section>\n\n  <section class=\"blog-card-wrap my-4\" data-aos=\"fade-up\" data-aos-duration=\"1000\">\n    <div class=\"container-xl\">\n      <div class=\"row gx-md-5\">\n                  <div class=\"col-lg-6 my-4\">\n            <div class=\"wrap\">\n              <div class=\"image\">\n                <div class=\"rounded-asset\"><img decoding=\"async\" src=\"https:\/\/mypalmleaf.com\/wp-content\/uploads\/2025\/08\/fi65.png\" class=\"img-fluid\" alt=\"\"><\/div>\n              <\/div>\n              <div class=\"date\">September 25, 2025<\/div>\n              <div class=\"title\">Hanuman und Shani: Uralte Palmblatt-Heilmittel zur \u00dcberwindung der Saturn-Herausforderungen und zum Schutz Deines Lebens<\/div>\n              <div class=\"desc\"><p>In der hinduistischen Astrologie sind nur wenige planetarische Einfl\u00fcsse so gef\u00fcrchtet und respektiert wie Shani (Saturn). Die Furcht vor Sade Sati (dem siebeneinhalbj\u00e4hrigen Saturn-Transit) oder Shani Dasha (Saturn-Periode) hat zahllose Anh\u00e4nger dazu gebracht, Schutz durch spirituelle Heilmittel zu suchen. Bemerkenswerterweise ist Lord Hanuman einer der m\u00e4chtigsten Verb\u00fcndeten in diesen schwierigen Zeiten. Diese tiefe Verbindung zwischen [&hellip;]<\/p>\n<\/div>\n              <a href=\"https:\/\/mypalmleaf.com\/de\/hanuman-und-shani-uralte-palmblatt-heilmittel-zur-ueberwindung-der-saturn-herausforderungen-und-zum-schutz-ihres-lebens\/\" class=\"stretched-link\"><\/a>\n            <\/div>\n          <\/div>\n                  <div class=\"col-lg-6 my-4\">\n            <div class=\"wrap\">\n              <div class=\"image\">\n                <div class=\"rounded-asset\"><img decoding=\"async\" src=\"https:\/\/mypalmleaf.com\/wp-content\/uploads\/2025\/08\/fi64.png\" class=\"img-fluid\" alt=\"\"><\/div>\n              <\/div>\n              <div class=\"date\">September 18, 2025<\/div>\n              <div class=\"title\">Hanuman Mantras, Palmblatt-Heilmittel und g\u00f6ttliche Kraft: Warum wir Lord Hanuman besingen<\/div>\n              <div class=\"desc\"><p>Im riesigen Pantheon der Hindu-Gottheiten steht Lord Hanuman f\u00fcr unersch\u00fctterliche Hingabe, au\u00dfergew\u00f6hnliche St\u00e4rke und grenzenlosen Mut. Seit Jahrhunderten wenden sich die Gl\u00e4ubigen an Hanuman-Mantras, um sich zu sch\u00fctzen, Hindernisse zu \u00fcberwinden und innere St\u00e4rke zu kultivieren. Die kraftvolle Praxis des Rezitierens von Hanuman-Mantras ist nicht nur traditionell, sondern auch tief in der alten Weisheit verwurzelt [&hellip;]<\/p>\n<\/div>\n              <a href=\"https:\/\/mypalmleaf.com\/de\/hanuman-mantras-palmblatt-heilmittel-und-goettliche-kraft-warum-wir-lord-hanuman-besingen\/\" class=\"stretched-link\"><\/a>\n            <\/div>\n          <\/div>\n                  <div class=\"col-lg-6 my-4\">\n            <div class=\"wrap\">\n              <div class=\"image\">\n                <div class=\"rounded-asset\"><img decoding=\"async\" src=\"https:\/\/mypalmleaf.com\/wp-content\/uploads\/2025\/08\/fi63.png\" class=\"img-fluid\" alt=\"\"><\/div>\n              <\/div>\n              <div class=\"date\">September 11, 2025<\/div>\n              <div class=\"title\">Ganeshas Segnungen nutzen: Palmblatt-Mantras und Heilmittel zur Beseitigung von Hindernissen<\/div>\n              <div class=\"desc\"><p>Halte dich Hindernisse im Leben zur\u00fcck? Seit Jahrhunderten wenden sich Gl\u00e4ubige an Lord Ganesha und die uralten Palmblatt-Heilmittel, um den Weg frei zu machen und den Erfolg zu sichern. Die Kombination von kraftvollen Ganesha-Mantras mit der pers\u00f6nlichen Weisheit der Palmbl\u00e4tter schafft einen einzigartig effektiven Ansatz zur Beseitigung von Hindernissen, der altes vedisches Wissen mit praktischen [&hellip;]<\/p>\n<\/div>\n              <a href=\"https:\/\/mypalmleaf.com\/de\/ganeshas-segnungen-nutzen-palmblatt-mantras-und-heilmittel-zur-beseitigung-von-hindernissen\/\" class=\"stretched-link\"><\/a>\n            <\/div>\n          <\/div>\n                  <div class=\"col-lg-6 my-4\">\n            <div class=\"wrap\">\n              <div class=\"image\">\n                <div class=\"rounded-asset\"><img decoding=\"async\" src=\"https:\/\/mypalmleaf.com\/wp-content\/uploads\/2025\/08\/fi61.png\" class=\"img-fluid\" alt=\"\"><\/div>\n              <\/div>\n              <div class=\"date\">August 28, 2025<\/div>\n              <div class=\"title\">Das heilige Mantra &#8218;Om Namah Shivaya&#8216;: Heilende Weisheit aus Palmblatt-Manuskripten<\/div>\n              <div class=\"desc\"><p>Das sanfte Morgenlicht fiel durch die Fenster des Tempels, als Priya ihre Augen schloss und ihre Finger rhythmisch \u00fcber ihre Mala-Perlen bewegte. &#8222;Om Namah Shivaya&#8220;, fl\u00fcsterte sie. Vor sechs Monaten hatte ihr eine Palmblattlesung diese t\u00e4gliche Praxis gegen ihre chronischen \u00c4ngste empfohlen. Was als Skepsis begann, hatte sich in einen tiefen Frieden verwandelt, den Medikamente [&hellip;]<\/p>\n<\/div>\n              <a href=\"https:\/\/mypalmleaf.com\/de\/das-heilige-mantra-om-namah-shivaya-heilende-weisheit-aus-palmblatt-manuskripten\/\" class=\"stretched-link\"><\/a>\n            <\/div>\n          <\/div>\n                  <div class=\"col-lg-6 my-4\">\n            <div class=\"wrap\">\n              <div class=\"image\">\n                <div class=\"rounded-asset\"><img decoding=\"async\" src=\"https:\/\/mypalmleaf.com\/wp-content\/uploads\/2025\/08\/fi58.png\" class=\"img-fluid\" alt=\"\"><\/div>\n              <\/div>\n              <div class=\"date\">August 21, 2025<\/div>\n              <div class=\"title\">Die Kraft von Mantra und Yantra Puja: Karmische Ungleichgewichte ausgleichen und Dein Leben transformieren<\/div>\n              <div class=\"desc\"><p>Mantra Yantra Puja und seine Rolle beim Ausgleich karmischer Ungleichgewichte verstehen Mantra Yantra Puja ist eine transformative vedische Praxis, die kraftvolle Mantras und heilige Yantras kombiniert, um karmische Ungleichgewichte auszugleichen, Energien zu reinigen und Frieden und Wohlstand in dein Leben zu bringen. Diese Rituale k\u00f6nnen, wenn sie von erfahrenen Priestern in Indien durchgef\u00fchrt werden, sehr [&hellip;]<\/p>\n<\/div>\n              <a href=\"https:\/\/mypalmleaf.com\/de\/die-kraft-von-mantra-und-yantra-puja-karmische-ungleichgewichte-ausgleichen-und-ihr-leben-transformieren\/\" class=\"stretched-link\"><\/a>\n            <\/div>\n          <\/div>\n                  <div class=\"col-lg-6 my-4\">\n            <div class=\"wrap\">\n              <div class=\"image\">\n                <div class=\"rounded-asset\"><img decoding=\"async\" src=\"https:\/\/mypalmleaf.com\/wp-content\/uploads\/2025\/04\/fi56.jpg\" class=\"img-fluid\" alt=\"\"><\/div>\n              <\/div>\n              <div class=\"date\">Juli 31, 2025<\/div>\n              <div class=\"title\">Liebe, Beziehungen und spirituelles Wachstum: Wie das Karma deine Beziehungen pr\u00e4gt<\/div>\n              <div class=\"desc\"><p>Liebe, Beziehungen und spirituelles Wachstum: Wie das Karma deine Beziehungen pr\u00e4gt Erforsche, wie karmische Muster Liebe, Familienbeziehungen und pers\u00f6nliches Wachstum beeinflussen. Erfahre, wie Palmblattlesungen Klarheit \u00fcber das Beziehungskarma schaffen und spirituelle Werkzeuge zur Heilung und St\u00e4rkung von Beziehungen anbieten. Die spirituelle Kraft des Karmas in Beziehungen Auf dem Weg der Liebe und der pers\u00f6nlichen Beziehungen [&hellip;]<\/p>\n<\/div>\n              <a href=\"https:\/\/mypalmleaf.com\/de\/liebe-beziehungen-und-spirituelles-wachstum-wie-das-karma-deine-beziehungen-praegt\/\" class=\"stretched-link\"><\/a>\n            <\/div>\n          <\/div>\n                  <div class=\"col-lg-6 my-4\">\n            <div class=\"wrap\">\n              <div class=\"image\">\n                <div class=\"rounded-asset\"><img decoding=\"async\" src=\"https:\/\/mypalmleaf.com\/wp-content\/uploads\/2025\/04\/fi55.jpg\" class=\"img-fluid\" alt=\"\"><\/div>\n              <\/div>\n              <div class=\"date\">Juli 26, 2025<\/div>\n              <div class=\"title\">Die heilige Kraft von Kl\u00e4ngen, Symbolen und Ritualen: Yantras, Mantras &amp; Tantras f\u00fcr Transformation<\/div>\n              <div class=\"desc\"><p>Die heilige Kraft von Kl\u00e4ngen, Symbolen und Ritualen: Yantras, Mantras &amp; Tantras f\u00fcr Transformation In der weiten Welt der \u00f6stlichen spirituellen Traditionen werden seit Jahrtausenden drei m\u00e4chtige Elemente verehrt: Yantras (heilige Geometrie), Mantras (heilige Kl\u00e4nge) und Tantras (rituelle Praktiken wie Pujas). Diese uralten Werkzeuge sind nicht einfach nur kulturelle Artefakte &#8211; sie sind hochentwickelte Technologien, [&hellip;]<\/p>\n<\/div>\n              <a href=\"https:\/\/mypalmleaf.com\/de\/die-heilige-kraft-von-klaengen-symbolen-und-ritualen-yantras-mantras-tantras-fuer-transformation\/\" class=\"stretched-link\"><\/a>\n            <\/div>\n          <\/div>\n                  <div class=\"col-lg-6 my-4\">\n            <div class=\"wrap\">\n              <div class=\"image\">\n                <div class=\"rounded-asset\"><img decoding=\"async\" src=\"https:\/\/mypalmleaf.com\/wp-content\/uploads\/2025\/04\/fi54.jpg\" class=\"img-fluid\" alt=\"\"><\/div>\n              <\/div>\n              <div class=\"date\">Juli 21, 2025<\/div>\n              <div class=\"title\">Feuerzeremonien &amp; Energiereinigungen:  Transformiere deinen Geist mit Homas und Ritualen<\/div>\n              <div class=\"desc\"><p>Feuerzeremonien &amp; Energiereinigungen: Transformiere deinen Geist mit Homas und Ritualen Wie k\u00f6nnen wir uns in einer Welt, die von st\u00e4ndigem digitalen L\u00e4rm durchdrungen ist, wieder mit der tiefen, transformierenden Energie der Erde verbinden? Uralte Feuerzeremonien wie Homas haben die F\u00e4higkeit, unseren Geist zu reinigen und uns wieder mit subtileren Dimensionen zu verbinden und bieten damit [&hellip;]<\/p>\n<\/div>\n              <a href=\"https:\/\/mypalmleaf.com\/de\/feuerzeremonien-energiereinigungen-transformiere-deinen-geist-mit-homas-und-ritualen\/\" class=\"stretched-link\"><\/a>\n            <\/div>\n          <\/div>\n                  <div class=\"col-lg-6 my-4\">\n            <div class=\"wrap\">\n              <div class=\"image\">\n                <div class=\"rounded-asset\"><img decoding=\"async\" src=\"https:\/\/mypalmleaf.com\/wp-content\/uploads\/2025\/04\/fi53.jpg\" class=\"img-fluid\" alt=\"\"><\/div>\n              <\/div>\n              <div class=\"date\">Juli 16, 2025<\/div>\n              <div class=\"title\">Warum du die Navagraha-Tempel besuchen musst, um deine planetarischen Energien auszugleichen<\/div>\n              <div class=\"desc\"><p>Warum du die Navagraha-Tempel besuchen musst, um deine planetarischen Energien auszugleichen Was sind die Navagrahas und wie pr\u00e4gen sie deinen Lebensweg? Hast du dich jemals gefragt, warum sich bestimmte Muster in deinem Leben trotz deiner besten Bem\u00fchungen immer wiederholen? In der vedischen Tradition beeinflussen die neun Himmelsk\u00f6rper, die so genannten Navagrahas, jeden Aspekt der menschlichen [&hellip;]<\/p>\n<\/div>\n              <a href=\"https:\/\/mypalmleaf.com\/de\/warum-du-die-navagraha-tempel-besuchen-musst-um-deine-planetarischen-energien-auszugleichen\/\" class=\"stretched-link\"><\/a>\n            <\/div>\n          <\/div>\n                  <div class=\"col-lg-6 my-4\">\n            <div class=\"wrap\">\n              <div class=\"image\">\n                <div class=\"rounded-asset\"><img decoding=\"async\" src=\"https:\/\/mypalmleaf.com\/wp-content\/uploads\/2025\/04\/fi51-1.jpg\" class=\"img-fluid\" alt=\"\"><\/div>\n              <\/div>\n              <div class=\"date\">Juli 11, 2025<\/div>\n              <div class=\"title\">Warum jeder mindestens einmal im Leben eine Pilgerreise machen sollte: Die transformative Kraft dieser heiligen Reisen<\/div>\n              <div class=\"desc\"><p>Warum jeder mindestens einmal im Leben eine Pilgerreise machen sollte: Die transformative Kraft dieser heiligen Reisen Hast du dich jemals gefragt, warum Menschen Tausende von Kilometern reisen, nur um eine heilige St\u00e4tte zu besuchen? Von den verschlungenen Pfaden des Jakobsweges bis zu den heiligen Wassern des Ganges &#8211; Pilger machen diese Reisen schon seit Tausenden [&hellip;]<\/p>\n<\/div>\n              <a href=\"https:\/\/mypalmleaf.com\/de\/warum-jeder-mindestens-einmal-in-seinem-leben-eine-pilgerreise-machen-sollte-die-transformative-kraft-der-heiligen-reisen\/\" class=\"stretched-link\"><\/a>\n            <\/div>\n          <\/div>\n              <\/div>\n      <div class=\"row my-6\"><div class=\"col\"><nav aria-label=\"Page navigation\"><ul class=\"pagination justify-content-center\"><li class=\"page-item active\"><span aria-current=\"page\" class=\"page-link current\">1<\/span><\/li><li class=\"page-item\"><a class=\"page-link\" href=\"https:\/\/mypalmleaf.com\/de\/wp-json\/wp\/v2\/pages\/10145\/page\/2\/\">2<\/a><\/li><li class=\"page-item\"><a class=\"page-link\" href=\"https:\/\/mypalmleaf.com\/de\/wp-json\/wp\/v2\/pages\/10145\/page\/3\/\">3<\/a><\/li><li class=\"page-item\"><span class=\"page-link dots\">&hellip;<\/span><\/li><li class=\"page-item\"><a class=\"page-link\" href=\"https:\/\/mypalmleaf.com\/de\/wp-json\/wp\/v2\/pages\/10145\/page\/6\/\">6<\/a><\/li><li class=\"page-item\"><a class=\"next page-link\" href=\"https:\/\/mypalmleaf.com\/de\/wp-json\/wp\/v2\/pages\/10145\/page\/2\/\">Weiter &raquo;<\/a><\/li><\/ul><\/nav><\/div><\/div>    <\/div>\n  <\/section>\n\n\n\n<section class=\"find-your-palm-leaf-block\" data-aos=\"fade-up\" data-aos-duration=\"1000\">\n  <div class=\"container-fluid px-0\">\n    <div class=\"row g-0\">\n      <div class=\"col\">\n        <div class=\"find-your-leaf-bg\">\n          <picture>\n            <source media=\"(max-width: 999px)\" srcset=\"https:\/\/mypalmleaf.com\/wp-content\/uploads\/2024\/08\/Find-your-Palm-Leaf-mob.jpg\" \/>\n            <source media=\"(min-width: 1000px)\" srcset=\"https:\/\/mypalmleaf.com\/wp-content\/uploads\/2024\/08\/Find-your-Palm-Leaf.jpg\" \/>\n            <img decoding=\"async\" src=\"https:\/\/mypalmleaf.com\/wp-content\/uploads\/2024\/08\/Find-your-Palm-Leaf.jpg\" class=\"img-fluid\" alt=\"\" \/>\n          <\/picture>\n        <\/div>\n      <\/div>\n    <\/div>\n    <div class=\"content\">\n      <div class=\"container-xl\" data-aos=\"fade-up\" data-aos-duration=\"1000\">\n        <div class=\"row py-4\">\n          <div class=\"col-lg-8 mx-auto\">\n            <h2 class=\"mb-2\">Finde dein Palmblatt<\/h2>\n            <ul>\n<li>Alles, was du brauchst, um die Suche nach deinem Palmblatt zu starten, ist dein Fingerabdruck.<\/li>\n<li>Wenn du eine \u00dcbersetzung in eine andere Sprache ben\u00f6tigst, k\u00f6nnen wir das f\u00fcr dich tun.<\/li>\n<li>Wenn wir dein Palmblatt nicht innerhalb von 3 Terminen finden, erstatten wir dir den vollen Betrag.<\/li>\n<\/ul>\n          <\/div>\n        <\/div>\n        <div class=\"row mt-4\">\n          <div class=\"col text-center\">\n            <a href=\"\/de\/kosten\/finde-dein-palmblatt-und-lese-das-allgemeine-kapitel\/\" class=\"btn btn-primary\">Finde dein Palmblatt<\/a>\n          <\/div>\n        <\/div>\n      <\/div>\n    <\/div>\n  <\/div>\n<\/section>","protected":false},"excerpt":{"rendered":"","protected":false},"author":1,"featured_media":0,"parent":0,"menu_order":0,"comment_status":"closed","ping_status":"closed","template":"","meta":{"_acf_changed":false,"footnotes":""},"class_list":["post-10145","page","type-page","status-publish","hentry"],"acf":[],"yoast_head":"<!-- This site is optimized with the Yoast SEO plugin v26.4 - https:\/\/yoast.com\/wordpress\/plugins\/seo\/ -->\n<title>MyPalmLeaf Blog | Erhalte Einblicke in Palmblatt-Lesungen<\/title>\n<meta name=\"description\" content=\"Entdecke spannende Artikel und Einblicke im MyPalmLeaf Blog. Lese \u00fcber Palmblatt-Lesungen, spirituelle Weisheit und pers\u00f6nliche Erfahrungen.\" \/>\n<meta name=\"robots\" content=\"index, follow, max-snippet:-1, max-image-preview:large, max-video-preview:-1\" \/>\n<link rel=\"canonical\" href=\"https:\/\/mypalmleaf.com\/de\/blog\/\" \/>\n<meta property=\"og:locale\" content=\"de_DE\" \/>\n<meta property=\"og:type\" content=\"article\" \/>\n<meta property=\"og:title\" content=\"MyPalmLeaf Blog | Erhalte Einblicke in Palmblatt-Lesungen\" \/>\n<meta property=\"og:description\" content=\"Entdecke spannende Artikel und Einblicke im MyPalmLeaf Blog. Lese \u00fcber Palmblatt-Lesungen, spirituelle Weisheit und pers\u00f6nliche Erfahrungen.\" \/>\n<meta property=\"og:url\" content=\"https:\/\/mypalmleaf.com\/de\/blog\/\" \/>\n<meta property=\"og:site_name\" content=\"My Palm Leaf\" \/>\n<meta property=\"article:modified_time\" content=\"2025-02-17T06:39:34+00:00\" \/>\n<meta property=\"og:image\" content=\"https:\/\/mypalmleaf.com\/wp-content\/uploads\/2025\/08\/mpl-circle-logo.jpg\" \/>\n\t<meta property=\"og:image:width\" content=\"1200\" \/>\n\t<meta property=\"og:image:height\" content=\"1196\" \/>\n\t<meta property=\"og:image:type\" content=\"image\/jpeg\" \/>\n<meta name=\"twitter:card\" content=\"summary_large_image\" \/>\n<script type=\"application\/ld+json\" class=\"yoast-schema-graph\">{\"@context\":\"https:\/\/schema.org\",\"@graph\":[{\"@type\":\"WebPage\",\"@id\":\"https:\/\/mypalmleaf.com\/de\/blog\/\",\"url\":\"https:\/\/mypalmleaf.com\/de\/blog\/\",\"name\":\"MyPalmLeaf Blog | Erhalte Einblicke in Palmblatt-Lesungen\",\"isPartOf\":{\"@id\":\"https:\/\/mypalmleaf.com\/#website\"},\"datePublished\":\"2024-08-14T06:28:52+00:00\",\"dateModified\":\"2025-02-17T06:39:34+00:00\",\"description\":\"Entdecke spannende Artikel und Einblicke im MyPalmLeaf Blog. Lese \u00fcber Palmblatt-Lesungen, spirituelle Weisheit und pers\u00f6nliche Erfahrungen.\",\"breadcrumb\":{\"@id\":\"https:\/\/mypalmleaf.com\/de\/blog\/#breadcrumb\"},\"inLanguage\":\"de\",\"potentialAction\":[{\"@type\":\"ReadAction\",\"target\":[\"https:\/\/mypalmleaf.com\/de\/blog\/\"]}]},{\"@type\":\"BreadcrumbList\",\"@id\":\"https:\/\/mypalmleaf.com\/de\/blog\/#breadcrumb\",\"itemListElement\":[{\"@type\":\"ListItem\",\"position\":1,\"name\":\"Home\",\"item\":\"https:\/\/mypalmleaf.com\/de\/\"},{\"@type\":\"ListItem\",\"position\":2,\"name\":\"Blogs\"}]},{\"@type\":\"WebSite\",\"@id\":\"https:\/\/mypalmleaf.com\/#website\",\"url\":\"https:\/\/mypalmleaf.com\/\",\"name\":\"My Palm Leaf\",\"description\":\"\",\"potentialAction\":[{\"@type\":\"SearchAction\",\"target\":{\"@type\":\"EntryPoint\",\"urlTemplate\":\"https:\/\/mypalmleaf.com\/?s={search_term_string}\"},\"query-input\":{\"@type\":\"PropertyValueSpecification\",\"valueRequired\":true,\"valueName\":\"search_term_string\"}}],\"inLanguage\":\"de\"}]}<\/script>\n<!-- \/ Yoast SEO plugin. -->","yoast_head_json":{"title":"MyPalmLeaf Blog | Erhalte Einblicke in Palmblatt-Lesungen","description":"Entdecke spannende Artikel und Einblicke im MyPalmLeaf Blog. Lese \u00fcber Palmblatt-Lesungen, spirituelle Weisheit und pers\u00f6nliche Erfahrungen.","robots":{"index":"index","follow":"follow","max-snippet":"max-snippet:-1","max-image-preview":"max-image-preview:large","max-video-preview":"max-video-preview:-1"},"canonical":"https:\/\/mypalmleaf.com\/de\/blog\/","og_locale":"de_DE","og_type":"article","og_title":"MyPalmLeaf Blog | Erhalte Einblicke in Palmblatt-Lesungen","og_description":"Entdecke spannende Artikel und Einblicke im MyPalmLeaf Blog. Lese \u00fcber Palmblatt-Lesungen, spirituelle Weisheit und pers\u00f6nliche Erfahrungen.","og_url":"https:\/\/mypalmleaf.com\/de\/blog\/","og_site_name":"My Palm Leaf","article_modified_time":"2025-02-17T06:39:34+00:00","og_image":[{"width":1200,"height":1196,"url":"https:\/\/mypalmleaf.com\/wp-content\/uploads\/2025\/08\/mpl-circle-logo.jpg","type":"image\/jpeg"}],"twitter_card":"summary_large_image","schema":{"@context":"https:\/\/schema.org","@graph":[{"@type":"WebPage","@id":"https:\/\/mypalmleaf.com\/de\/blog\/","url":"https:\/\/mypalmleaf.com\/de\/blog\/","name":"MyPalmLeaf Blog | Erhalte Einblicke in Palmblatt-Lesungen","isPartOf":{"@id":"https:\/\/mypalmleaf.com\/#website"},"datePublished":"2024-08-14T06:28:52+00:00","dateModified":"2025-02-17T06:39:34+00:00","description":"Entdecke spannende Artikel und Einblicke im MyPalmLeaf Blog. Lese \u00fcber Palmblatt-Lesungen, spirituelle Weisheit und pers\u00f6nliche Erfahrungen.","breadcrumb":{"@id":"https:\/\/mypalmleaf.com\/de\/blog\/#breadcrumb"},"inLanguage":"de","potentialAction":[{"@type":"ReadAction","target":["https:\/\/mypalmleaf.com\/de\/blog\/"]}]},{"@type":"BreadcrumbList","@id":"https:\/\/mypalmleaf.com\/de\/blog\/#breadcrumb","itemListElement":[{"@type":"ListItem","position":1,"name":"Home","item":"https:\/\/mypalmleaf.com\/de\/"},{"@type":"ListItem","position":2,"name":"Blogs"}]},{"@type":"WebSite","@id":"https:\/\/mypalmleaf.com\/#website","url":"https:\/\/mypalmleaf.com\/","name":"My Palm Leaf","description":"","potentialAction":[{"@type":"SearchAction","target":{"@type":"EntryPoint","urlTemplate":"https:\/\/mypalmleaf.com\/?s={search_term_string}"},"query-input":{"@type":"PropertyValueSpecification","valueRequired":true,"valueName":"search_term_string"}}],"inLanguage":"de"}]}},"_links":{"self":[{"href":"https:\/\/mypalmleaf.com\/de\/wp-json\/wp\/v2\/pages\/10145","targetHints":{"allow":["GET"]}}],"collection":[{"href":"https:\/\/mypalmleaf.com\/de\/wp-json\/wp\/v2\/pages"}],"about":[{"href":"https:\/\/mypalmleaf.com\/de\/wp-json\/wp\/v2\/types\/page"}],"author":[{"embeddable":true,"href":"https:\/\/mypalmleaf.com\/de\/wp-json\/wp\/v2\/users\/1"}],"replies":[{"embeddable":true,"href":"https:\/\/mypalmleaf.com\/de\/wp-json\/wp\/v2\/comments?post=10145"}],"version-history":[{"count":0,"href":"https:\/\/mypalmleaf.com\/de\/wp-json\/wp\/v2\/pages\/10145\/revisions"}],"wp:attachment":[{"href":"https:\/\/mypalmleaf.com\/de\/wp-json\/wp\/v2\/media?parent=10145"}],"curies":[{"name":"wp","href":"https:\/\/api.w.org\/{rel}","templated":true}]}}