{"id":101994,"date":"2025-05-13T16:30:28","date_gmt":"2025-05-13T16:30:28","guid":{"rendered":"https:\/\/mypalmleaf.com\/test\/"},"modified":"2026-02-22T02:41:58","modified_gmt":"2026-02-22T02:41:58","slug":"qa-abend-deine-fragen-zu-den-palmblaettern","status":"publish","type":"page","link":"https:\/\/mypalmleaf.com\/de\/qa-abend-deine-fragen-zu-den-palmblaettern\/","title":{"rendered":"Q+A \u00fcber die Palmblattlesungen"},"content":{"rendered":"\n<div class=\"container py-5 mt-4\">\n    <h1 class=\"fw-bold my-3\">Q&#038;A Abend: Ihre Fragen \u00fcber Palmbl\u00e4tter<\/h1>\n    <p class=\"text-muted fs-5 mb-5\">Sind Sie neugierig auf die mystische Welt der Palmbl\u00e4tter? M\u00f6chten Sie mehr \u00fcber die Bedeutung von Palmblattlesungen erfahren? Dann lade ich Sie herzlich zu unserem Q&#038;A-Abend ein!  <\/p>\n\n    <div class=\"row align-items-center mb-5 py-4\" style=\"border-bottom: 2px solid #a0a0a0; border-top: 2px solid #a0a0a0;\">\n      <div class=\"col-md-3 text-center\">\n        <img decoding=\"async\" src=\"\/wp-content\/uploads\/2024\/08\/team-thumb-1.jpg\" alt=\"Stephan\" class=\"img-fluid rounded shadow\"\/>\n      <\/div>\n      <div class=\"col-md-9\">\n        <h5 class=\"fw-bold\">\u00dcber den Redner: Stephan, Gr\u00fcnder von Mypalmleaf<\/h5>\n        <p>Der Q&#038;A-Abend wird von Stephan, dem Gr\u00fcnder von Mypalmleaf, geleitet. Stephan ist ein erfahrener Experte f\u00fcr Palmblattlesungen und Nadi-Astrologie. Nachdem er mehrere Jahre in Indien verbracht und \u00fcber 30 Palmblattleser besucht hat, hat er ein tiefes Verst\u00e4ndnis f\u00fcr diese alte Tradition entwickelt.  <\/p>\n        <p>Stephan setzt sich leidenschaftlich daf\u00fcr ein, das Wissen \u00fcber Palmblattlesungen und ihre spirituelle Bedeutung allen zug\u00e4nglich zu machen. W\u00e4hrend des Q&#038;A-Abends wird er gerne alle Fragen zu diesem faszinierenden Thema beantworten und seine wertvollen Erfahrungen teilen. <\/p>\n      <\/div>\n    <\/div>\n\n<div class=\"mb-4\">\n      <h3 class=\"fw-bold\">Stellen Sie Ihre Fragen vor oder nach der Lekt\u00fcre\n\n\n<\/h3>\n    <\/div>\n\n    <div class=\"mb-4\">\n      <p>An diesem Abend haben Sie die Gelegenheit, alle Fragen zu stellen, die Sie zu Palmblattlesungen haben &#8211; ob vor oder nach Ihrer eigenen Lesung. Jeder ist herzlich willkommen, um zu entdecken, wie diese uralte Weisheit Ihnen helfen kann, Ihr Leben besser zu verstehen. <\/p>\n    <\/div>\n\n    <div class=\"mb-4\">\n      <h5 class=\"fw-bold\">Wo?<\/h5>\n      <p>Der Q&#038;A-Abend findet online \u00fcber Zoom statt.<\/p>\n    <\/div>\n\n    <div class=\"mb-4\">\n      <h5 class=\"fw-bold\">Wann?<\/h5>\n      <p id=\"qa-event-date\">Die n\u00e4chste Fragerunde findet am 4. M\u00e4rz von 19:00 bis 19:30 Uhr (mitteleurop\u00e4ische Zeit) statt.<\/p>\n    <\/div>\n\n    <div class=\"mb-4\">\n      <h5 class=\"fw-bold\">Wie funktioniert das?<\/h5>\n      <p><strong>Offen f\u00fcr alle:<\/strong> Sie k\u00f6nnen nach Bedarf kommen und gehen. Nehmen Sie einfach teil, wann immer es Ihnen passt! <br\/>       <strong>Stellen Sie Fragen:<\/strong> W\u00e4hrend der Veranstaltung haben Sie die M\u00f6glichkeit, Ihre Fragen in den Chat zu tippen oder die Hand zu heben, um mit mir live zu sprechen. <br\/>     <strong>Kamera:<\/strong> Es ist besser, wenn Sie Ihre Kamera einschalten, um eine pers\u00f6nlichere Atmosph\u00e4re zu schaffen. Vor allem, wenn Sie eine Frage stellen, schalten Sie bitte Ihre Kamera ein.  <\/p>\n    <\/div>\n\n    <div class=\"mb-4\">\n      <h5 class=\"fw-bold\">Warum sollten Sie teilnehmen?<\/h5>\n      <ul>\n        <li><strong>Erfahren Sie mehr:<\/strong> Entdecken Sie die Bedeutung von Palmblatt-Lesungen, Nadi-Astrologie und wie sie Sie in eine positive Lebensrichtung f\u00fchren k\u00f6nnen.<\/li>\n        <li><strong>Stellen Sie Ihre Fragen:<\/strong> Dies ist Ihre Chance, mir alle Fragen zu den Palmbl\u00e4ttern und dem gesamten Prozess zu stellen &#8211; direkt!<\/li>\n        <li><strong>Gemeinschaft:<\/strong> Treffen Sie andere, die sich f\u00fcr Palmblattlesungen interessieren, und teilen Sie Ihre Gedanken und Erfahrungen in einer respektvollen und offenen Umgebung.<\/li>\n      <\/ul>\n    <\/div>\n\n    <div class=\"mb-5\">\n      <h5 class=\"fw-bold\">Wie k\u00f6nnen Sie teilnehmen?<\/h5>\n      <p>Melden Sie sich an und erhalten Sie den Zoom-Link f\u00fcr die Veranstaltung.  <br\/>  Melden Sie sich zur angegebenen Zeit an und seien Sie bereit, Fragen zu stellen oder einfach nur zuzuh\u00f6ren.  <br\/>  Sie k\u00f6nnen nach Belieben ein- und austreten.<\/p>\n      <p>Ich freue mich darauf, Sie beim Q&#038;A-Abend zu sehen und alle Ihre Fragen zu beantworten!<\/p>\n    <\/div>\n\n    <div class=\"text-center\">\n      <a href=\"https:\/\/calendly.com\/onlinemeditationroom\/palm-leaf-reading-q-a\" class=\"btn btn-primary btn-lg\">Ich m\u00f6chte an dem Palm Leaf Q+A Abend teilnehmen<\/a>\n    <\/div>\n  <\/div>\n\n<script>\ndocument.addEventListener(\"DOMContentLoaded\", function () {\n\n    const params = new URLSearchParams(window.location.search);\n    const eventDate = params.get(\"date\");\n\n    if (!eventDate) return;\n\n    const dateElement = document.getElementById(\"qa-event-date\");\n\n    dateElement.innerText =\n        `The next Q&A is on ${eventDate} 7:00\u20137:30 PM (Central European Time)`;\n\n});\n<\/script>\n","protected":false},"excerpt":{"rendered":"<p>Q&#038;A Abend: Ihre Fragen \u00fcber Palmbl\u00e4tter Sind Sie neugierig auf die mystische Welt der Palmbl\u00e4tter? M\u00f6chten Sie mehr \u00fcber die Bedeutung von Palmblattlesungen erfahren? Dann lade ich Sie herzlich zu unserem Q&#038;A-Abend ein! \u00dcber den Redner: Stephan, Gr\u00fcnder von Mypalmleaf Der Q&#038;A-Abend wird von Stephan, dem Gr\u00fcnder von Mypalmleaf, geleitet. Stephan ist ein erfahrener Experte [&hellip;]<\/p>\n","protected":false},"author":406,"featured_media":0,"parent":0,"menu_order":0,"comment_status":"closed","ping_status":"closed","template":"","meta":{"_acf_changed":false,"footnotes":""},"class_list":["post-101994","page","type-page","status-publish","hentry"],"acf":[],"yoast_head":"<!-- This site is optimized with the Yoast SEO plugin v26.4 - https:\/\/yoast.com\/wordpress\/plugins\/seo\/ -->\n<title>Q+A \u00fcber die Palmblattlesungen - My Palm Leaf<\/title>\n<meta name=\"robots\" content=\"index, follow, max-snippet:-1, max-image-preview:large, max-video-preview:-1\" \/>\n<link rel=\"canonical\" href=\"https:\/\/mypalmleaf.com\/de\/qa-abend-deine-fragen-zu-den-palmblaettern\/\" \/>\n<meta property=\"og:locale\" content=\"de_DE\" \/>\n<meta property=\"og:type\" content=\"article\" \/>\n<meta property=\"og:title\" content=\"Q+A \u00fcber die Palmblattlesungen - My Palm Leaf\" \/>\n<meta property=\"og:description\" content=\"Q&#038;A Abend: Ihre Fragen \u00fcber Palmbl\u00e4tter Sind Sie neugierig auf die mystische Welt der Palmbl\u00e4tter? M\u00f6chten Sie mehr \u00fcber die Bedeutung von Palmblattlesungen erfahren? Dann lade ich Sie herzlich zu unserem Q&#038;A-Abend ein! \u00dcber den Redner: Stephan, Gr\u00fcnder von Mypalmleaf Der Q&#038;A-Abend wird von Stephan, dem Gr\u00fcnder von Mypalmleaf, geleitet. Stephan ist ein erfahrener Experte [&hellip;]\" \/>\n<meta property=\"og:url\" content=\"https:\/\/mypalmleaf.com\/de\/qa-abend-deine-fragen-zu-den-palmblaettern\/\" \/>\n<meta property=\"og:site_name\" content=\"My Palm Leaf\" \/>\n<meta property=\"article:modified_time\" content=\"2026-02-22T02:41:58+00:00\" \/>\n<meta property=\"og:image\" content=\"https:\/\/mypalmleaf.com\/wp-content\/uploads\/2025\/08\/mpl-circle-logo.jpg\" \/>\n\t<meta property=\"og:image:width\" content=\"1200\" \/>\n\t<meta property=\"og:image:height\" content=\"1196\" \/>\n\t<meta property=\"og:image:type\" content=\"image\/jpeg\" \/>\n<meta name=\"twitter:card\" content=\"summary_large_image\" \/>\n<meta name=\"twitter:label1\" content=\"Gesch\u00e4tzte Lesezeit\" \/>\n\t<meta name=\"twitter:data1\" content=\"2\u00a0Minuten\" \/>\n<script type=\"application\/ld+json\" class=\"yoast-schema-graph\">{\"@context\":\"https:\/\/schema.org\",\"@graph\":[{\"@type\":\"WebPage\",\"@id\":\"https:\/\/mypalmleaf.com\/de\/qa-abend-deine-fragen-zu-den-palmblaettern\/\",\"url\":\"https:\/\/mypalmleaf.com\/de\/qa-abend-deine-fragen-zu-den-palmblaettern\/\",\"name\":\"Q+A \u00fcber die Palmblattlesungen - My Palm Leaf\",\"isPartOf\":{\"@id\":\"https:\/\/mypalmleaf.com\/#website\"},\"datePublished\":\"2025-05-13T16:30:28+00:00\",\"dateModified\":\"2026-02-22T02:41:58+00:00\",\"breadcrumb\":{\"@id\":\"https:\/\/mypalmleaf.com\/de\/qa-abend-deine-fragen-zu-den-palmblaettern\/#breadcrumb\"},\"inLanguage\":\"de\",\"potentialAction\":[{\"@type\":\"ReadAction\",\"target\":[\"https:\/\/mypalmleaf.com\/de\/qa-abend-deine-fragen-zu-den-palmblaettern\/\"]}]},{\"@type\":\"BreadcrumbList\",\"@id\":\"https:\/\/mypalmleaf.com\/de\/qa-abend-deine-fragen-zu-den-palmblaettern\/#breadcrumb\",\"itemListElement\":[{\"@type\":\"ListItem\",\"position\":1,\"name\":\"Home\",\"item\":\"https:\/\/mypalmleaf.com\/de\/\"},{\"@type\":\"ListItem\",\"position\":2,\"name\":\"Q+A \u00fcber die Palmblattlesungen\"}]},{\"@type\":\"WebSite\",\"@id\":\"https:\/\/mypalmleaf.com\/#website\",\"url\":\"https:\/\/mypalmleaf.com\/\",\"name\":\"My Palm Leaf\",\"description\":\"\",\"potentialAction\":[{\"@type\":\"SearchAction\",\"target\":{\"@type\":\"EntryPoint\",\"urlTemplate\":\"https:\/\/mypalmleaf.com\/?s={search_term_string}\"},\"query-input\":{\"@type\":\"PropertyValueSpecification\",\"valueRequired\":true,\"valueName\":\"search_term_string\"}}],\"inLanguage\":\"de\"}]}<\/script>\n<!-- \/ Yoast SEO plugin. -->","yoast_head_json":{"title":"Q+A \u00fcber die Palmblattlesungen - My Palm Leaf","robots":{"index":"index","follow":"follow","max-snippet":"max-snippet:-1","max-image-preview":"max-image-preview:large","max-video-preview":"max-video-preview:-1"},"canonical":"https:\/\/mypalmleaf.com\/de\/qa-abend-deine-fragen-zu-den-palmblaettern\/","og_locale":"de_DE","og_type":"article","og_title":"Q+A \u00fcber die Palmblattlesungen - My Palm Leaf","og_description":"Q&#038;A Abend: Ihre Fragen \u00fcber Palmbl\u00e4tter Sind Sie neugierig auf die mystische Welt der Palmbl\u00e4tter? M\u00f6chten Sie mehr \u00fcber die Bedeutung von Palmblattlesungen erfahren? Dann lade ich Sie herzlich zu unserem Q&#038;A-Abend ein! \u00dcber den Redner: Stephan, Gr\u00fcnder von Mypalmleaf Der Q&#038;A-Abend wird von Stephan, dem Gr\u00fcnder von Mypalmleaf, geleitet. Stephan ist ein erfahrener Experte [&hellip;]","og_url":"https:\/\/mypalmleaf.com\/de\/qa-abend-deine-fragen-zu-den-palmblaettern\/","og_site_name":"My Palm Leaf","article_modified_time":"2026-02-22T02:41:58+00:00","og_image":[{"width":1200,"height":1196,"url":"https:\/\/mypalmleaf.com\/wp-content\/uploads\/2025\/08\/mpl-circle-logo.jpg","type":"image\/jpeg"}],"twitter_card":"summary_large_image","twitter_misc":{"Gesch\u00e4tzte Lesezeit":"2\u00a0Minuten"},"schema":{"@context":"https:\/\/schema.org","@graph":[{"@type":"WebPage","@id":"https:\/\/mypalmleaf.com\/de\/qa-abend-deine-fragen-zu-den-palmblaettern\/","url":"https:\/\/mypalmleaf.com\/de\/qa-abend-deine-fragen-zu-den-palmblaettern\/","name":"Q+A \u00fcber die Palmblattlesungen - My Palm Leaf","isPartOf":{"@id":"https:\/\/mypalmleaf.com\/#website"},"datePublished":"2025-05-13T16:30:28+00:00","dateModified":"2026-02-22T02:41:58+00:00","breadcrumb":{"@id":"https:\/\/mypalmleaf.com\/de\/qa-abend-deine-fragen-zu-den-palmblaettern\/#breadcrumb"},"inLanguage":"de","potentialAction":[{"@type":"ReadAction","target":["https:\/\/mypalmleaf.com\/de\/qa-abend-deine-fragen-zu-den-palmblaettern\/"]}]},{"@type":"BreadcrumbList","@id":"https:\/\/mypalmleaf.com\/de\/qa-abend-deine-fragen-zu-den-palmblaettern\/#breadcrumb","itemListElement":[{"@type":"ListItem","position":1,"name":"Home","item":"https:\/\/mypalmleaf.com\/de\/"},{"@type":"ListItem","position":2,"name":"Q+A \u00fcber die Palmblattlesungen"}]},{"@type":"WebSite","@id":"https:\/\/mypalmleaf.com\/#website","url":"https:\/\/mypalmleaf.com\/","name":"My Palm Leaf","description":"","potentialAction":[{"@type":"SearchAction","target":{"@type":"EntryPoint","urlTemplate":"https:\/\/mypalmleaf.com\/?s={search_term_string}"},"query-input":{"@type":"PropertyValueSpecification","valueRequired":true,"valueName":"search_term_string"}}],"inLanguage":"de"}]}},"_links":{"self":[{"href":"https:\/\/mypalmleaf.com\/de\/wp-json\/wp\/v2\/pages\/101994","targetHints":{"allow":["GET"]}}],"collection":[{"href":"https:\/\/mypalmleaf.com\/de\/wp-json\/wp\/v2\/pages"}],"about":[{"href":"https:\/\/mypalmleaf.com\/de\/wp-json\/wp\/v2\/types\/page"}],"author":[{"embeddable":true,"href":"https:\/\/mypalmleaf.com\/de\/wp-json\/wp\/v2\/users\/406"}],"replies":[{"embeddable":true,"href":"https:\/\/mypalmleaf.com\/de\/wp-json\/wp\/v2\/comments?post=101994"}],"version-history":[{"count":2,"href":"https:\/\/mypalmleaf.com\/de\/wp-json\/wp\/v2\/pages\/101994\/revisions"}],"predecessor-version":[{"id":125526,"href":"https:\/\/mypalmleaf.com\/de\/wp-json\/wp\/v2\/pages\/101994\/revisions\/125526"}],"wp:attachment":[{"href":"https:\/\/mypalmleaf.com\/de\/wp-json\/wp\/v2\/media?parent=101994"}],"curies":[{"name":"wp","href":"https:\/\/api.w.org\/{rel}","templated":true}]}}