{"id":2848,"date":"2024-08-28T04:10:49","date_gmt":"2024-08-28T04:10:49","guid":{"rendered":"https:\/\/mypalmleaf.com\/mitmachen\/"},"modified":"2025-03-31T04:01:22","modified_gmt":"2025-03-31T04:01:22","slug":"moderator-und-uebersetzer","status":"publish","type":"page","link":"https:\/\/mypalmleaf.com\/de\/moderator-und-uebersetzer\/","title":{"rendered":"Mitmachen"},"content":{"rendered":"\n<section class=\"spotlight-main small top-gap\">\n    <!-- <div class=\"slider-wrap\" data-flickity='{ \"cellAlign\": \"left\", \"contain\": true, \"wrapAround\": true, \"setGallerySize\": false }'> -->\n    <div class=\"slider-wrap\" data-flickity='{ \"cellAlign\": \"left\", \"contain\": true, \"wrapAround\": true, \"setGallerySize\": false  }'>\n            <div class=\"slides\">\n        <div class=\"content-wrap\">\n          <div class=\"image\">\n            <picture>\n              <source media=\"(max-width: 999px)\" srcset=\"https:\/\/mypalmleaf.com\/wp-content\/uploads\/2024\/09\/join-us-spotlight-new-mob.jpg\" \/>\n              <source media=\"(min-width: 1000px)\" srcset=\"https:\/\/mypalmleaf.com\/wp-content\/uploads\/2024\/09\/join-us-spotlight-new.jpg\" \/>\n              <img decoding=\"async\" src=\"https:\/\/mypalmleaf.com\/wp-content\/uploads\/2024\/09\/join-us-spotlight-new.jpg\" class=\"img-fluid\" alt=\"\" \/>\n            <\/picture>\n          <\/div>\n          <div class=\"content\">\n            <div data-aos=\"fade-up\" data-aos-duration=\"1000\">\n              <h2 class=\"\">Sei dabei<\/h2>\n                                 \n            <\/div>\n          <\/div>\n        <\/div>\n      <\/div>\n          <\/div>\n<\/section>\n\n\n<section class=\"my-6 flipping-gallery\">\n  <div class=\"container-xl\" data-aos=\"fade-up\" data-aos-duration=\"1000\">\n    <div class=\"row\">\n      <div class=\"col\">\n        <div class=\"gallery-wrap\">\n                      <div class=\"block\">\n              <div class=\"rounded-asset\">\n                                                  <img decoding=\"async\" src=\"https:\/\/mypalmleaf.com\/wp-content\/uploads\/2024\/08\/gallery-img-1.jpg\" alt=\"\" class=\"\">\n                                                    <img decoding=\"async\" src=\"https:\/\/mypalmleaf.com\/wp-content\/uploads\/2024\/09\/gallery-img-1-2-new.jpg\" alt=\"\" class=\"overlay\">\n                                                <\/div>\n            <\/div>\n                      <div class=\"block\">\n              <div class=\"rounded-asset\">\n                                                  <img decoding=\"async\" src=\"https:\/\/mypalmleaf.com\/wp-content\/uploads\/2024\/09\/gallery-img-2-2.jpg\" alt=\"\" class=\"\">\n                                                    <img decoding=\"async\" src=\"https:\/\/mypalmleaf.com\/wp-content\/uploads\/2024\/09\/gallery-img-2-2-1.jpg\" alt=\"\" class=\"overlay\">\n                                                <\/div>\n            <\/div>\n                      <div class=\"block\">\n              <div class=\"rounded-asset\">\n                                                  <img decoding=\"async\" src=\"https:\/\/mypalmleaf.com\/wp-content\/uploads\/2024\/09\/gallery-img-3-2-new.jpg\" alt=\"\" class=\"\">\n                                                    <img decoding=\"async\" src=\"https:\/\/mypalmleaf.com\/wp-content\/uploads\/2024\/08\/gallery-img-3.jpg\" alt=\"\" class=\"overlay\">\n                                                <\/div>\n            <\/div>\n                      <div class=\"block\">\n              <div class=\"rounded-asset\">\n                                                  <img decoding=\"async\" src=\"https:\/\/mypalmleaf.com\/wp-content\/uploads\/2024\/08\/gallery-img-4-2.jpg\" alt=\"\" class=\"\">\n                                                    <img decoding=\"async\" src=\"https:\/\/mypalmleaf.com\/wp-content\/uploads\/2024\/08\/gallery-img-4.jpg\" alt=\"\" class=\"overlay\">\n                                                <\/div>\n            <\/div>\n                      <div class=\"block\">\n              <div class=\"rounded-asset\">\n                                                  <img decoding=\"async\" src=\"https:\/\/mypalmleaf.com\/wp-content\/uploads\/2024\/09\/gallery-img-5-2-new.jpg\" alt=\"\" class=\"\">\n                                                    <img decoding=\"async\" src=\"https:\/\/mypalmleaf.com\/wp-content\/uploads\/2024\/08\/gallery-img-5.jpg\" alt=\"\" class=\"overlay\">\n                                                <\/div>\n            <\/div>\n                      <div class=\"block\">\n              <div class=\"rounded-asset\">\n                                                  <img decoding=\"async\" src=\"https:\/\/mypalmleaf.com\/wp-content\/uploads\/2024\/08\/gallery-img-6-2.jpg\" alt=\"\" class=\"\">\n                                                    <img decoding=\"async\" src=\"https:\/\/mypalmleaf.com\/wp-content\/uploads\/2024\/08\/gallery-img-6.jpg\" alt=\"\" class=\"overlay\">\n                                                <\/div>\n            <\/div>\n                  <\/div>\n      <\/div>\n    <\/div>\n  <\/div>\n<\/section>\n\n<section class=\"join-us-block my-6 position-relative\">\n  <div class=\"container-xl\">\n    <div class=\"row mb-4 justify-content-center\">\n      <div class=\"col-lg-10 text-center\" data-aos=\"fade-up\" data-aos-duration=\"1000\">\n        <p>Als Moderator oder \u00dcbersetzer unterst\u00fctzt du Klienten bei den Palmblattlesungen, beantwortest ihre Fragen, unterst\u00fctzt sie, sorgst daf\u00fcr, dass sie sich wohl f\u00fchlen und baust eine Br\u00fccke zwischen ihnen und der Palmblattbibliothek.<\/p>\n      <\/div>\n    <\/div>\n    <div class=\"row my-5 justify-content-between\" data-aos=\"fade-up\" data-aos-duration=\"1000\">\n              <div class=\"col-lg-5\">\n          <div class=\"dual-col\">\n            <div class=\"title\">\n              <img decoding=\"async\" src=\"https:\/\/mypalmleaf.com\/wp-content\/uploads\/2024\/08\/title-bg.png\" alt=\"\" class=\"img-fluid\">\n              <div class=\"text\">Moderator<\/div>\n            <\/div>\n            <div class=\"desc\">\n              <p>Als Moderator unterst\u00fctzt du englische Palmblattlesungen. Du erkl\u00e4rst den Vorgang vor Beginn der Lesung und stehst im Hintergrund zur Verf\u00fcgung, um bei Bedarf Fragen zu beantworten. Die Lesung selbst wird vom \u00dcbersetzer der Palmblattbibliothek vom Tamilischen ins Englische \u00fcbersetzt.<\/p>\n            <\/div>\n          <\/div>\n        <\/div>\n              <div class=\"col-lg-5\">\n          <div class=\"dual-col\">\n            <div class=\"title\">\n              <img decoding=\"async\" src=\"https:\/\/mypalmleaf.com\/wp-content\/uploads\/2024\/08\/title-bg.png\" alt=\"\" class=\"img-fluid\">\n              <div class=\"text\">\u00dcbersetzer<\/div>\n            <\/div>\n            <div class=\"desc\">\n              <p>Unbedingte Voraussetzungen f\u00fcr die Unterst\u00fctzung beim Lesen von Palmbl\u00e4ttern sind:<\/p>\n            <\/div>\n          <\/div>\n        <\/div>\n          <\/div>\n  <\/div>\n  <\/section>\n\n<section class=\"tabs-wrapper my-6 mt-0\">\n  <div class=\"container-xl\">\n    <div class=\"row\">\n      <div class=\"tabs-container\" data-aos=\"fade-up\" data-aos-duration=\"1000\">\n        <ul class=\"tabs\">\n                                <li class=\"tab-button active\" data-target=\"tab1\">Anforderungen<\/li>\n                                  <li class=\"tab-button active\" data-target=\"tab2\">Warum solltest du dabei sein<\/li>\n                                  <li class=\"tab-button active\" data-target=\"tab3\">Arbeitszeit<\/li>\n                                  <li class=\"tab-button active\" data-target=\"tab4\">Verg\u00fctung und Gehalt<\/li>\n                              <\/ul>\n        <div class=\"tab-content\">\n                                <div id=\"tab1\" class=\"tab-pane active\">\n              <h4>Unbedingte Voraussetzungen f\u00fcr die Unterst\u00fctzung beim Lesen von Palmbl\u00e4ttern sind:<\/h4>\n<ul>\n<li>Du sprichst flie\u00dfend Englisch und beherrscht als \u00dcbersetzer die Sprache, in die du \u00fcbersetzt.<\/li>\n<li>Du stehst im Einklang mit unserer spirituellen Mission.<\/li>\n<li>Du verf\u00fcgst \u00fcber einen gut funktionierenden Computer, kannst Zoom nutzen und verf\u00fcgst \u00fcber eine stabile Internetverbindung<\/li>\n<li>Du bist zuverl\u00e4ssig und p\u00fcnktlich.<\/li>\n<li>Du hast eine aufrichtige Motivation, zur Entwicklung, Heilung und zum Erwachen der Menschheit beizutragen.<\/li>\n<li>Du bist motiviert und inspiriert.<\/li>\n<li>Du kannst und bist bereit, Verantwortung zu \u00fcbernehmen und proaktiv zu sein.<\/li>\n<li>Du hast selbst eine Palmblattlesung gehabt und verstehst den Vorgang.<\/li>\n<li>Du kommunizierst und verbindest dich gerne mit Menschen, die einf\u00fchlsam, liebevoll und authentisch sind.<\/li>\n<li>Du bist offen und bereit, neue F\u00e4higkeiten zu erlernen.<\/li>\n<li>Du hast unsere Website und unseren YouTube-Kanal durchgesehen und hast eine klare Vorstellung davon, was Mypalmleaf tut.<\/li>\n<li>Du kommunizierst klar, liebevoll und direkt.<\/li>\n<\/ul>\n            <\/div>\n                                  <div id=\"tab2\" class=\"tab-pane active\">\n              <h4 style=\"text-align: left;\">Die wahren Gr\u00fcnde f\u00fcr die Zusammenarbeit mit Mypalmleaf<\/h4>\n<p>Mypalmleaf ist eine zielorientierte Organisation, die tiefe spirituelle Praktiken und Verst\u00e4ndnisse mit bodenst\u00e4ndigen Arbeitsstrukturen verbindet, die dich bei deiner beruflichen Weiterentwicklung unterst\u00fctzen. Wir schaffen gemeinsam ein inspirierendes Arbeitsumfeld, das zur Weiterentwicklung der Menschheit beitr\u00e4gt und dich als den einzigartigen Menschen sehen und unterst\u00fctzen soll, der du bist. Als Team arbeiten wir in einem positiven, unterst\u00fctzenden Teamgeist zusammen, der darauf abzielt, deine F\u00e4higkeiten und Talente hervorzuheben und zu f\u00f6rdern und gleichzeitig ein reichliches Einkommen f\u00fcr deinen Lebensunterhalt zu schaffen.<\/p>\n            <\/div>\n                                  <div id=\"tab3\" class=\"tab-pane active\">\n              <p>In der Regel ist eine Lesung zwischen 6 und 19 Uhr indischer Zeit geplant. Du kannst je nach Verf\u00fcgbarkeit in Abstimmung mit den Klienten\u00a0und den Bed\u00fcrfnissen der Organisation Zeitfenster festlegen. Normalerweise tun wir unser Bestes, damit es f\u00fcr alle funktioniert.<\/p>\n            <\/div>\n                                  <div id=\"tab4\" class=\"tab-pane active\">\n              <p>Nach Eingang deiner Bewerbung senden wir dir eine detaillierte Zahlungsaufkl\u00e4rung zu.<\/p>\n            <\/div>\n                              <\/div>\n      <\/div>\n    <\/div>\n  <\/div>\n<\/section>\n\n<section class=\"how-to-apply my-6 mt-0\">\n  <div class=\"container-xl\">\n    <div class=\"row\">\n      <div class=\"col-lg-10 mx-auto\" >\n        <div class=\"dual-col \">\n          <div class=\"title\">\n            <img decoding=\"async\" src=\"https:\/\/mypalmleaf.com\/wp-content\/uploads\/2024\/08\/title-bg.png\" alt=\"\" class=\"img-fluid\">\n            <div class=\"text\">So bewirbst du dich:<\/div>\n          <\/div>\n          <div class=\"desc\">\n            <p>Schick uns einen kurzen 1-5-min\u00fctigen Selfie-Videoclip, in dem du uns etwas \u00fcber dich selbst erz\u00e4hlst und erkl\u00e4rst, warum du mit uns zusammenarbeiten m\u00f6chtest. Es muss nicht professionell sein. Verschiebe es nicht und sei nicht sch\u00fcchtern, mach es einfach jetzt. Das ist die Einstellung, die wir gerne in unserem Team begr\u00fc\u00dfen w\u00fcrden.<\/p>\n<p>Wir interviewen alle ernsthaften Bewerber, die uns ein Video schicken, in einem 10-min\u00fctigen Speed-Interview.<\/p>\n<p>Schick uns bitte keine Nachricht mit der Bitte, \u201eweitere Informationen zusenden.<\/p>\n<div class=\"btm-contact\">Nimm <strong>jetzt<\/strong> das Video auf und sende es an <a href=\"mailto:info@mypalmleaf.com\">info@mypalmleaf.com<\/a><\/div>\n          <\/div>\n        <\/div>\n      <\/div>\n    <\/div>\n  <\/div>\n<\/section>","protected":false},"excerpt":{"rendered":"","protected":false},"author":1,"featured_media":0,"parent":0,"menu_order":0,"comment_status":"closed","ping_status":"closed","template":"","meta":{"_acf_changed":false,"footnotes":""},"class_list":["post-2848","page","type-page","status-publish","hentry"],"acf":[],"yoast_head":"<!-- This site is optimized with the Yoast SEO plugin v26.4 - https:\/\/yoast.com\/wordpress\/plugins\/seo\/ -->\n<title>Moderator und \u00dcbersetzer bei MyPalmLeaf<\/title>\n<meta name=\"description\" content=\"Erfahren Sie mehr \u00fcber einen Moderator und \u00dcbersetzer, der daf\u00fcr sorgt, dass Ihre Palmblatt-Lesung in klarer und pr\u00e4ziser Sprache durchgef\u00fchrt wird.\" \/>\n<meta name=\"robots\" content=\"index, follow, max-snippet:-1, max-image-preview:large, max-video-preview:-1\" \/>\n<link rel=\"canonical\" href=\"https:\/\/mypalmleaf.com\/de\/moderator-und-uebersetzer\/\" \/>\n<meta property=\"og:locale\" content=\"de_DE\" \/>\n<meta property=\"og:type\" content=\"article\" \/>\n<meta property=\"og:title\" content=\"Moderator und \u00dcbersetzer bei MyPalmLeaf\" \/>\n<meta property=\"og:description\" content=\"Erfahren Sie mehr \u00fcber einen Moderator und \u00dcbersetzer, der daf\u00fcr sorgt, dass Ihre Palmblatt-Lesung in klarer und pr\u00e4ziser Sprache durchgef\u00fchrt wird.\" \/>\n<meta property=\"og:url\" content=\"https:\/\/mypalmleaf.com\/de\/moderator-und-uebersetzer\/\" \/>\n<meta property=\"og:site_name\" content=\"My Palm Leaf\" \/>\n<meta property=\"article:modified_time\" content=\"2025-03-31T04:01:22+00:00\" \/>\n<meta property=\"og:image\" content=\"https:\/\/mypalmleaf.com\/wp-content\/uploads\/2025\/08\/mpl-circle-logo.jpg\" \/>\n\t<meta property=\"og:image:width\" content=\"1200\" \/>\n\t<meta property=\"og:image:height\" content=\"1196\" \/>\n\t<meta property=\"og:image:type\" content=\"image\/jpeg\" \/>\n<meta name=\"twitter:card\" content=\"summary_large_image\" \/>\n<script type=\"application\/ld+json\" class=\"yoast-schema-graph\">{\"@context\":\"https:\/\/schema.org\",\"@graph\":[{\"@type\":\"WebPage\",\"@id\":\"https:\/\/mypalmleaf.com\/de\/moderator-und-uebersetzer\/\",\"url\":\"https:\/\/mypalmleaf.com\/de\/moderator-und-uebersetzer\/\",\"name\":\"Moderator und \u00dcbersetzer bei MyPalmLeaf\",\"isPartOf\":{\"@id\":\"https:\/\/mypalmleaf.com\/#website\"},\"datePublished\":\"2024-08-28T04:10:49+00:00\",\"dateModified\":\"2025-03-31T04:01:22+00:00\",\"description\":\"Erfahren Sie mehr \u00fcber einen Moderator und \u00dcbersetzer, der daf\u00fcr sorgt, dass Ihre Palmblatt-Lesung in klarer und pr\u00e4ziser Sprache durchgef\u00fchrt wird.\",\"breadcrumb\":{\"@id\":\"https:\/\/mypalmleaf.com\/de\/moderator-und-uebersetzer\/#breadcrumb\"},\"inLanguage\":\"de\",\"potentialAction\":[{\"@type\":\"ReadAction\",\"target\":[\"https:\/\/mypalmleaf.com\/de\/moderator-und-uebersetzer\/\"]}]},{\"@type\":\"BreadcrumbList\",\"@id\":\"https:\/\/mypalmleaf.com\/de\/moderator-und-uebersetzer\/#breadcrumb\",\"itemListElement\":[{\"@type\":\"ListItem\",\"position\":1,\"name\":\"Home\",\"item\":\"https:\/\/mypalmleaf.com\/de\/\"},{\"@type\":\"ListItem\",\"position\":2,\"name\":\"Mitmachen\"}]},{\"@type\":\"WebSite\",\"@id\":\"https:\/\/mypalmleaf.com\/#website\",\"url\":\"https:\/\/mypalmleaf.com\/\",\"name\":\"My Palm Leaf\",\"description\":\"\",\"potentialAction\":[{\"@type\":\"SearchAction\",\"target\":{\"@type\":\"EntryPoint\",\"urlTemplate\":\"https:\/\/mypalmleaf.com\/?s={search_term_string}\"},\"query-input\":{\"@type\":\"PropertyValueSpecification\",\"valueRequired\":true,\"valueName\":\"search_term_string\"}}],\"inLanguage\":\"de\"}]}<\/script>\n<!-- \/ Yoast SEO plugin. -->","yoast_head_json":{"title":"Moderator und \u00dcbersetzer bei MyPalmLeaf","description":"Erfahren Sie mehr \u00fcber einen Moderator und \u00dcbersetzer, der daf\u00fcr sorgt, dass Ihre Palmblatt-Lesung in klarer und pr\u00e4ziser Sprache durchgef\u00fchrt wird.","robots":{"index":"index","follow":"follow","max-snippet":"max-snippet:-1","max-image-preview":"max-image-preview:large","max-video-preview":"max-video-preview:-1"},"canonical":"https:\/\/mypalmleaf.com\/de\/moderator-und-uebersetzer\/","og_locale":"de_DE","og_type":"article","og_title":"Moderator und \u00dcbersetzer bei MyPalmLeaf","og_description":"Erfahren Sie mehr \u00fcber einen Moderator und \u00dcbersetzer, der daf\u00fcr sorgt, dass Ihre Palmblatt-Lesung in klarer und pr\u00e4ziser Sprache durchgef\u00fchrt wird.","og_url":"https:\/\/mypalmleaf.com\/de\/moderator-und-uebersetzer\/","og_site_name":"My Palm Leaf","article_modified_time":"2025-03-31T04:01:22+00:00","og_image":[{"width":1200,"height":1196,"url":"https:\/\/mypalmleaf.com\/wp-content\/uploads\/2025\/08\/mpl-circle-logo.jpg","type":"image\/jpeg"}],"twitter_card":"summary_large_image","schema":{"@context":"https:\/\/schema.org","@graph":[{"@type":"WebPage","@id":"https:\/\/mypalmleaf.com\/de\/moderator-und-uebersetzer\/","url":"https:\/\/mypalmleaf.com\/de\/moderator-und-uebersetzer\/","name":"Moderator und \u00dcbersetzer bei MyPalmLeaf","isPartOf":{"@id":"https:\/\/mypalmleaf.com\/#website"},"datePublished":"2024-08-28T04:10:49+00:00","dateModified":"2025-03-31T04:01:22+00:00","description":"Erfahren Sie mehr \u00fcber einen Moderator und \u00dcbersetzer, der daf\u00fcr sorgt, dass Ihre Palmblatt-Lesung in klarer und pr\u00e4ziser Sprache durchgef\u00fchrt wird.","breadcrumb":{"@id":"https:\/\/mypalmleaf.com\/de\/moderator-und-uebersetzer\/#breadcrumb"},"inLanguage":"de","potentialAction":[{"@type":"ReadAction","target":["https:\/\/mypalmleaf.com\/de\/moderator-und-uebersetzer\/"]}]},{"@type":"BreadcrumbList","@id":"https:\/\/mypalmleaf.com\/de\/moderator-und-uebersetzer\/#breadcrumb","itemListElement":[{"@type":"ListItem","position":1,"name":"Home","item":"https:\/\/mypalmleaf.com\/de\/"},{"@type":"ListItem","position":2,"name":"Mitmachen"}]},{"@type":"WebSite","@id":"https:\/\/mypalmleaf.com\/#website","url":"https:\/\/mypalmleaf.com\/","name":"My Palm Leaf","description":"","potentialAction":[{"@type":"SearchAction","target":{"@type":"EntryPoint","urlTemplate":"https:\/\/mypalmleaf.com\/?s={search_term_string}"},"query-input":{"@type":"PropertyValueSpecification","valueRequired":true,"valueName":"search_term_string"}}],"inLanguage":"de"}]}},"_links":{"self":[{"href":"https:\/\/mypalmleaf.com\/de\/wp-json\/wp\/v2\/pages\/2848","targetHints":{"allow":["GET"]}}],"collection":[{"href":"https:\/\/mypalmleaf.com\/de\/wp-json\/wp\/v2\/pages"}],"about":[{"href":"https:\/\/mypalmleaf.com\/de\/wp-json\/wp\/v2\/types\/page"}],"author":[{"embeddable":true,"href":"https:\/\/mypalmleaf.com\/de\/wp-json\/wp\/v2\/users\/1"}],"replies":[{"embeddable":true,"href":"https:\/\/mypalmleaf.com\/de\/wp-json\/wp\/v2\/comments?post=2848"}],"version-history":[{"count":0,"href":"https:\/\/mypalmleaf.com\/de\/wp-json\/wp\/v2\/pages\/2848\/revisions"}],"wp:attachment":[{"href":"https:\/\/mypalmleaf.com\/de\/wp-json\/wp\/v2\/media?parent=2848"}],"curies":[{"name":"wp","href":"https:\/\/api.w.org\/{rel}","templated":true}]}}