
{"id":4032,"date":"2024-08-14T07:24:30","date_gmt":"2024-08-14T07:24:30","guid":{"rendered":"https:\/\/mypalmleaf.com\/?page_id=4032"},"modified":"2025-04-07T11:08:32","modified_gmt":"2025-04-07T11:08:32","slug":"haeufige-fragen","status":"publish","type":"page","link":"https:\/\/mypalmleaf.com\/de\/haeufige-fragen\/","title":{"rendered":"H\u00e4ufig gestellte Fragen"},"content":{"rendered":"<section class=\"faq-top-section my-6 mb-4 mt-xs-4\">\n  <div class=\"container\">\n    <div class=\"row mb-4 justify-content-center\">\n      <div class=\"col-lg-10 text-center\" data-aos=\"fade-up\" data-aos-duration=\"1000\">\n        <h1 class=\"py-4\">H\u00e4ufig gestellte Fragen<\/h1>\n      <\/div>\n    <\/div>\n    <div class=\"row\">\n      <div class=\"col-lg-10 mx-auto\">\n        <div class=\"row justify-content-between align-items-center\">\n          <div class=\"col-lg-7\" data-aos=\"fade-up\" data-aos-duration=\"1000\">\n            <div class=\"rounded-asset\">\n              <img decoding=\"async\" src=\"https:\/\/mypalmleaf.com\/wp-content\/uploads\/2024\/08\/stefan.jpg\" class=\"img-fluid\" alt=\"\">\n              <div class=\"play-icon\"><\/div>\n              <a href=\"https:\/\/www.youtube.com\/watch?v=bvmV8wqtknE\" class=\"stretched-link\" data-lity><\/a>\n            <\/div>\n          <\/div>\n          <div class=\"col-lg-5\" data-aos=\"fade-up\" data-aos-duration=\"1000\">\n            <h3>Antworten zu den 10 h\u00e4ufigsten Fragen zu den indischen Palmbl\u00e4ttern<\/h3>\n          <\/div>\n        <\/div>\n      <\/div>\n\n    <\/div>\n  <\/div>\n<\/section>\n\n<div class=\"acc-wrap-bind\">\n  <section class=\"acc-nav-block my-5 py-3\" data-aos=\"fade-up\" data-aos-duration=\"1000\">\n    <div class=\"container\">\n      <div class=\"row justify-content-center\">\n        <div class=\"col-lg-8 faqs-heading\">\n          <ul>\n                                      <li>\n                <a href=\"#general-questions\" class=\"active\">\n                  Generelle Fragen<\/a>\n              <\/li>\n                                        <li>\n                <a href=\"#about-the-reading\" class=\"\">\n                  Zu den Lesungen<\/a>\n              <\/li>\n                                        <li>\n                <a href=\"#about-the-remedies\" class=\"\">\n                  Zu den Heilmitteln<\/a>\n              <\/li>\n                                    <\/ul>\n        <\/div>\n      <\/div>\n    <\/div>\n  <\/section>\n\n        <section class=\"accordion-container position-relative\" data-aos=\"fade-up\" data-aos-duration=\"1000\" id=\"general-questions\">\n      <div class=\"container-xl\">\n        <div class=\"row\">\n          <h3>Generelle Fragen<\/h3>\n          <div class=\"accr-wrap\">\n                          <div class=\"head\">Gibt es f\u00fcr jeden Menschen ein Palmblatt?<\/div>\n              <div class=\"content\">\n                <p>Nein, nicht f\u00fcr jeden Menschen wurde ein Palmblatt geschrieben. Wenn jedoch jemand den Ruf sp\u00fcrt nach dem eigenen Palmblatt zu suchen, wartet meistens auch eines auf diese Person.<\/p>\n              <\/div>\n                          <div class=\"head\">Wer hat die Palmbl\u00e4tter geschrieben?<\/div>\n              <div class=\"content\">\n                <p>Der Legende nach wurden die Palmbl\u00e4tter vor vielen tausend Jahren von den \u201eRishis\u201c geschrieben, einer Gruppe von Weisen, die viel h\u00f6her entwickelt waren als die heutigen Menschen. Ihr Bewusstsein war viel weiter entwickelt und konnte viel mehr Informationen verarbeiten. Sie hatten auch eine Lebensspanne von vielen hundert bis tausenden von Jahren.<\/p>\n              <\/div>\n                          <div class=\"head\">Wo sind die Palmbl\u00e4tter?<\/div>\n              <div class=\"content\">\n                <p>Die Palmbl\u00e4tter sind in den Palmblattbibliotheken gelagert, die man vor allem in S\u00fcdindien findet. Es gibt auch ein paar kleine Bibliotheken in Nordindien, Sri Lanka und Bali.<\/p>\n              <\/div>\n                          <div class=\"head\">Wie viele Palmbl\u00e4tter und Palmblattbibliotheken gibt es?<\/div>\n              <div class=\"content\">\n                <p>Niemand wei\u00df genau wie viele Palmbl\u00e4tter oder Bibliotheken existieren. Es gibt kein zentralisiertes System.<\/p>\n              <\/div>\n                          <div class=\"head\">Wer sind die Palmblattleser?<\/div>\n              <div class=\"content\">\n                <p>Die Palmblattleser, mit denen wir arbeiten, sind seit vielen Generationen ausgebildet. Die alte Kunst des Palmblattlesens wurde \u00fcber viele Generationen hinweg vom Vater an den Sohn weitergegeben. Sie befinden sich in Tamil Nadu, im S\u00fcden Indiens.<\/p>\n              <\/div>\n                          <div class=\"head\">Wie konnten die Rishis etwas zu moderner Technik, Namen, etc. wissen und schreiben?<\/div>\n              <div class=\"content\">\n                <p>Die Palmbl\u00e4tter wurden in altem Tamil geschrieben, einer sehr poetischen Sprache, die Situationen und Gegenst\u00e4nde beschreibt.<\/p>\n<p>Es ist die wichtige Aufgabe des \u00dcbersetzers, diese langen poetischen S\u00e4tze ins moderne Englisch zu \u00fcbertragen. Im Palmblatt k\u00f6nnte es zum Beispiel hei\u00dfen: \u201eDer Suchende erfindet Musik und speichert sie in runden Objekten\u201c und der \u00dcbersetzer k\u00f6nnte sagen: &#8222;Du bist ein Musiker und hast CDs aufgenommen&#8220;.<\/p>\n<p>Tamil ist eine klangbasierte Sprache. Daher ist die Entschl\u00fcsselung westlicher Namen des 21. Jahrhunderts oft ein aufw\u00e4ndiger Prozess. Der Leser liest die Laute der Symbole und identifiziert mit Hilfe des \u00dcbersetzers und des Suchenden den Namen.<\/p>\n              <\/div>\n                          <div class=\"head\">Warum gibt es verschiedene Formate von Palmblattlesungen?<\/div>\n              <div class=\"content\">\n                <p>Die Geschichte von Nadi ist eine Mischung aus Legende und Geheimnis, die auf wundersame Weise funktioniert. Es hei\u00dft, dass die Palmbl\u00e4tter von den Sapta Rishis geschrieben wurden, einer Gruppe von 7 (Sapta) Weisen (Rishis). Daher ist es m\u00f6glich, dass ein Individuum bis zu 7 verschiedene Versionen seiner Biographie haben kann, eine geschrieben von jedem der Rishis. Der Hauptautor der Palmbl\u00e4tter ist der Rishi \u201eAgastya\u201c, obwohl es auch verschiedene Formate von Nadi gibt, die von demselben Autor stammen. Die Bibliotheken, mit denen wir kooperieren, geben haupts\u00e4chlich Lesungen des Rishis \u201eAgastya\u201c, aber auch Bl\u00e4tter von anderen Rishis sind auf Anfrage erh\u00e4ltlich.<\/p>\n              <\/div>\n                          <div class=\"head\">W\u00e4re es besser, pers\u00f6nlich in eine Bibliothek in Indien zu kommen?<\/div>\n              <div class=\"content\">\n                <p>Die Informationen, die du w\u00e4hrend einer Zoom-Palmblattlesung erh\u00e4lst, werden auf die gleiche Weise \u00fcbermittelt, wie du sie pers\u00f6nlich in einer authentischen Palmblattbibliothek in Indien erhalten w\u00fcrdest. Aber nat\u00fcrlich ist die gesamte Reise nach Indien, das ein so mystischer Ort ist, um dein Schicksal zu offenbaren, auch eine sch\u00f6ne Pilgerreise. Wenn du in der Lage bist, nach Indien zu reisen, um eine Bibliothek zu besuchen, dann ist das nat\u00fcrlich ideal, aber die Lesung online zu haben und zwar in dem Moment, in dem du sie brauchst, ist vorteilhafter, als viele Jahre lang zu warten, um nach Indien zu reisen. Wenn du deiner Intuition folgst, wirst du wissen, wann es f\u00fcr dich der richtige Zeitpunkt ist.<\/p>\n              <\/div>\n                          <div class=\"head\">Was sind die Kosten und was ist inkludiert?<\/div>\n              <div class=\"content\">\n                <p>Die Kosten f\u00fcr die Suche und Identifizierung deines Blattes, das Lesen des allgemeinen Kapitels und des Kapitels 14 betragen 289 \u20ac*. Darin enthalten sind die physische Suche nach B\u00fcndeln, die dein Blatt enthalten k\u00f6nnten, in den Bibliotheken in Indien und der Abgleich mit dem Leser, dem \u00dcbersetzer und einem Moderator. Die Suche in den Bibliotheken kann viele Stunden dauern. Der Findungsprozess kann bis zu 2 Stunden dauern (in den meisten erfolgreichen F\u00e4llen etwa 1 Stunde) und das Lesen des allgemeinen Kapitels und des Kapitels 14 dauert etwa 2 Stunden.<\/p>\n<p>Eine \u00dcbersetzung in andere Sprachen ist m\u00f6glich und kostet 38 \u20ac*.<\/p>\n<p>Wenn du anschlie\u00dfend weitere Kapitel buchen m\u00f6chtest, betragen die Kosten pro Kapitel 49-79 \u20ac*. Die Lesung eines Kapitels dauert ca. 15-60 Minuten.<\/p>\n<p>*Preisangaben sind exklusive MwSt. Die MwSt. wird an der Kasse nach Eingabe deiner Adresse automatisch berechnet und angezeigt.<\/p>\n              <\/div>\n                      <\/div>\n        <\/div>\n      <\/div>\n          <\/section>\n          <section class=\"accordion-container position-relative\" data-aos=\"fade-up\" data-aos-duration=\"1000\" id=\"about-the-reading\">\n      <div class=\"container-xl\">\n        <div class=\"row\">\n          <h3>Zu den Lesungen<\/h3>\n          <div class=\"accr-wrap\">\n                          <div class=\"head\">Wie lange dauert die Lesung?<\/div>\n              <div class=\"content\">\n                <p>Im Durchschnitt dauern der Findungsprozess und die Lesung etwa 2,5 bis 4 Stunden.<br \/>\nWir k\u00f6nnen jedoch nicht im Voraus sagen, wie lange es dauern wird, da es davon abh\u00e4ngt, wann (oder ob) dein Blatt gefunden wird. Sobald dein pers\u00f6nliches Palmblatt identifiziert ist, dauert das Lesen des allgemeinen Kapitels und des 14. Kapitels etwa 1-2 Stunden.<\/p>\n              <\/div>\n                          <div class=\"head\">Ist es m\u00f6glich, dass mein Palmblatt nicht gefunden wird?<\/div>\n              <div class=\"content\">\n                <p>Ja, es kann vorkommen, dass dein Blatt nicht gefunden wird. Das ist normal und kann verschiedene Gr\u00fcnde haben. Es kann sein, dass es kein Blatt f\u00fcr dich gibt, oder es kann auch sein, dass es noch nicht der richtige Zeitpunkt f\u00fcr dich ist. Wir suchen gr\u00fcndlich nach deinem Blatt und wenn es nicht gefunden werden kann, empfehlen wir dir, mindestens 30 Tage zu warten und dann die Suche erneut zu starten.<\/p>\n              <\/div>\n                          <div class=\"head\">Wie soll ich mich auf die Lesung vorbereiten?<\/div>\n              <div class=\"content\">\n                <p>Achte darauf, dass du dich an einem ruhigen, ungest\u00f6rten Ort mit einer guten Internetverbindung befindest. Innerlich empfehlen wir dir, ausgeruht zu sein und der Lesung mit viel Respekt und Offenheit zu begegnen. Ein mitf\u00fchlender Weiser hat vor Tausenden von Jahren deine Lebensvorhersage geschrieben, die \u00fcber viele Generationen hinweg bewahrt wurde, um dir heute vorgelesen zu werden. Es ist wahrlich ein besonderes Ereignis und je mehr du dir dessen bewusst bist, desto tiefer k\u00f6nnen die Auswirkungen eindringen.<\/p>\n              <\/div>\n                          <div class=\"head\">Wird mir gesagt werden, wann ich sterbe?<\/div>\n              <div class=\"content\">\n                <p>Wenn dein Palmblatt gefunden wird, wird dir zun\u00e4chst das allgemeine Kapitel vorgelesen, in dem es u.a. um Lebensgefahren oder deinen m\u00f6glichen Tod gehen kann. Wenn du nichts \u00fcber Lebensgefahren h\u00f6ren m\u00f6chtest, kannst du dies dem Moderator zu Beginn der Lesung mitteilen. Wenn du mehr Details \u00fcber den Zeitpunkt und die Umst\u00e4nde erfahren m\u00f6chtest, unter denen du deinen K\u00f6rper verl\u00e4sst, empfehlen wir dir, das Zusatzkapitel 8 zu lesen, in dem es darum geht.<\/p>\n              <\/div>\n                      <\/div>\n        <\/div>\n      <\/div>\n          <\/section>\n          <section class=\"accordion-container position-relative\" data-aos=\"fade-up\" data-aos-duration=\"1000\" id=\"about-the-remedies\">\n      <div class=\"container-xl\">\n        <div class=\"row\">\n          <h3>Zu den Heilmitteln<\/h3>\n          <div class=\"accr-wrap\">\n                          <div class=\"head\">Was sind die Heilmittel?<\/div>\n              <div class=\"content\">\n                <p>Der Hauptzweck der Palmbl\u00e4tter besteht darin, den Suchenden F\u00fchrung zu bieten, indem sie ihnen eine breitere Perspektive auf ihr Leben geben und Werkzeuge zur Verbesserung ihrer Lebenserfahrung in Form von Heilmitteln anbieten. Die Rishis konnten sehen, welche Art von Karma ein Individuum in sich tr\u00e4gt, das wahrscheinlich Hindernisse im Leben schaffen w\u00fcrde. Sie sahen auch, welche Art von Heilmitteln hilfreich sein w\u00fcrde, um dieses Karma zu transformieren oder die Suchenden vor ihren sch\u00e4dlichsten Auswirkungen zu sch\u00fctzen. In den Kapiteln 13 und 14 wird haupts\u00e4chlich \u00fcber altes Karma gesprochen und es werden L\u00f6sungen in Form von Heilmitteln angeboten. Diese Abhilfen k\u00f6nnen einfache Handlungen sein, wie Geld f\u00fcr einen bestimmten Zweck zu spenden, ein Tier zu f\u00fcttern, einer armen Person Kleidung zu geben oder Pilgerfahrten zu heiligen Orten zu unternehmen oder bestimmte Praktiken oder Rituale durchzuf\u00fchren.<\/p>\n              <\/div>\n                          <div class=\"head\">Was ist Karma?<\/div>\n              <div class=\"content\">\n                <p>Das Wort \u201eKarma\u201c bedeutet \u00fcbersetzt \u201eHandlung\u201c. Jede k\u00f6rperliche, sprachliche und geistige Handlung, die wir jemals begangen haben, hat eine energetische Auswirkung im Universum und auch in unserem eigenen Energiefeld. Unser Energiefeld besteht im Grunde aus einer sehr komplexen Kombination all unserer fr\u00fcheren Handlungen \u00fcber unz\u00e4hlige Lebenszeiten hinweg. Je nach der multidimensionalen Frequenz unseres Energiefeldes ziehen wir bestimmte Erfahrungen in unserem Leben an.<\/p>\n              <\/div>\n                          <div class=\"head\">Wie funktionieren die Heilmittel?<\/div>\n              <div class=\"content\">\n                <p>Alles im Universum besteht aus Energie. Wir sind ein komplexes Energiefeld und basierend auf seinen Frequenzen ziehen wir bestimmte Erfahrungen an. Die Rishis konnten sehen und vorhersagen, welche unserer vergangenen Handlungen bestimmte Frequenzen erzeugten und welches wahrscheinliche Ergebnis sie haben w\u00fcrden. Sie sahen auch und sagten voraus, welche Art von Handlung oder spiritueller Praxis, die sehr spezifische Energie hervorrufen w\u00fcrde, die diese sch\u00e4dliche Frequenz transformieren oder ausgleichen w\u00fcrde. Daher sind die Heilmittel sehr spezifische energetische Medizin, um unser Karma zu transformieren und auszugleichen.<\/p>\n              <\/div>\n                          <div class=\"head\">Was ist Mantra?<\/div>\n              <div class=\"content\">\n                <p>Ein Mantra ist eine Klangschwingung in der Sanskrit-Sprache, die eine bestimmte Frequenz und Energie hervorruft und tr\u00e4gt. Durch das Sprechen eines Mantras, entweder laut oder innerlich, k\u00f6nnen wir verschiedene Energien mit spezifischen Schwingungen anrufen.<\/p>\n              <\/div>\n                          <div class=\"head\">Was ist ein Yantra?<\/div>\n              <div class=\"content\">\n                <p>Genauso wie ein Mantra Energie in Form von Klang ist, ist ein Yantra Energie in Form einer geometrischen Struktur. Es ist eine sichtbar gemachte energetische Frequenz, die entweder in 2D oder 3D sein kann.<\/p>\n              <\/div>\n                          <div class=\"head\">Was ist eine Puja?<\/div>\n              <div class=\"content\">\n                <p>Eine Puja ist eine Zeremonie, die oft f\u00fcr eine bestimmte Hindu-Gottheit abgehalten wird. Die Gottheiten sind im Grunde Personifikationen bestimmter Energien. Wenn eine Puja f\u00fcr einen bestimmten Gott oder eine G\u00f6ttin abgehalten wird, wird diese spezifische Frequenz im Leben der Person, f\u00fcr die die Puja abgehalten wird, angerufen.<\/p>\n              <\/div>\n                          <div class=\"head\">Was ist eine Homa?<\/div>\n              <div class=\"content\">\n                <p>Ein Homa ist eine komplexere und kraftvollere Puja in Form einer Feuerzeremonie, um verschiedene Gottheiten zu ehren und anzurufen und ihren Segen in das Leben der Person einzuladen, f\u00fcr die die Homa abgehalten wird.<\/p>\n              <\/div>\n                          <div class=\"head\">Was ist Japa?<\/div>\n              <div class=\"content\">\n                <p>Die Japa-Praxis ist die Sadhana (spirituelle Praxis) des kontinuierlichen Rezitierens eines bestimmten Mantras, wie zum Beispiel \u201eOm Namah Shivaya\u201c. Eine t\u00e4gliche Japa-Praxis hilft, den Geist zu reinigen und zu fokussieren. Es kann auch f\u00fcr jemand anderen getan werden, um diese Person mit einer bestimmten Energie zu segnen.<\/p>\n              <\/div>\n                      <\/div>\n        <\/div>\n      <\/div>\n                        <div class=\"parallax-item-4 parallax-item\" data-speed=\".08\"><img decoding=\"async\" src=\"https:\/\/mypalmleaf.com\/wp-content\/uploads\/2024\/09\/parallax-item-4.png\" class=\"img-fluid\" alt=\"\"><\/div>\n                  <\/section>\n      <\/div>\n\n\n<section class=\"find-your-palm-leaf-block\" data-aos=\"fade-up\" data-aos-duration=\"1000\">\n  <div class=\"container-fluid px-0\">\n    <div class=\"row g-0\">\n      <div class=\"col\">\n        <div class=\"find-your-leaf-bg\">\n          <picture>\n            <source media=\"(max-width: 999px)\" srcset=\"https:\/\/mypalmleaf.com\/wp-content\/uploads\/2024\/08\/Find-your-Palm-Leaf-mob.webp\" \/>\n            <source media=\"(min-width: 1000px)\" srcset=\"https:\/\/mypalmleaf.com\/wp-content\/uploads\/2024\/08\/Find-your-Palm-Leaf.webp\" \/>\n            <img decoding=\"async\" src=\"https:\/\/mypalmleaf.com\/wp-content\/uploads\/2024\/08\/Find-your-Palm-Leaf.webp\" class=\"img-fluid\" alt=\"\" \/>\n          <\/picture>\n        <\/div>\n      <\/div>\n    <\/div>\n    <div class=\"content\">\n      <div class=\"container-xl\" data-aos=\"fade-up\" data-aos-duration=\"1000\">\n        <div class=\"row py-4\">\n          <div class=\"col-lg-8 mx-auto\">\n            <h2 class=\"mb-2\">Finde dein Palmblatt<\/h2>\n            <ul>\n<li>Alles, was du brauchst, um die Suche nach deinem Palmblatt zu starten, ist dein Fingerabdruck.<\/li>\n<li>Wenn du eine \u00dcbersetzung in eine andere Sprache ben\u00f6tigst, k\u00f6nnen wir das f\u00fcr dich tun.<\/li>\n<li>Wenn wir dein Palmblatt nicht innerhalb von 3 geeigneten Terminen finden, erstatten wir dir den vollen Betrag.<\/li>\n<\/ul>\n          <\/div>\n        <\/div>\n        <div class=\"row mt-4\">\n          <div class=\"col text-center\">\n            <a href=\"\/de\/kosten\/palmblatt-finden-generelles-kapitel\/\" class=\"btn btn-primary\">Finde dein Palmblatt<\/a>\n          <\/div>\n        <\/div>\n      <\/div>\n    <\/div>\n  <\/div>\n<\/section>","protected":false},"excerpt":{"rendered":"","protected":false},"author":1,"featured_media":0,"parent":0,"menu_order":0,"comment_status":"closed","ping_status":"closed","template":"","meta":{"_acf_changed":false,"footnotes":""},"class_list":["post-4032","page","type-page","status-publish","hentry"],"acf":[],"yoast_head":"<!-- This site is optimized with the Yoast SEO plugin v26.4 - https:\/\/yoast.com\/wordpress\/plugins\/seo\/ -->\n<title>H\u00e4ufige Fragen | Antworten zur Palmblattlesung<\/title>\n<meta name=\"description\" content=\"Entdecken Sie beeindruckende Erfahrungen mit Palmblattlesungen. Lassen Sie sich von alter Weisheit inspirieren und finden Sie Antworten auf Lebensfragen.\" \/>\n<meta name=\"robots\" content=\"index, follow, max-snippet:-1, max-image-preview:large, max-video-preview:-1\" \/>\n<link rel=\"canonical\" href=\"https:\/\/mypalmleaf.com\/de\/haeufige-fragen\/\" \/>\n<meta property=\"og:locale\" content=\"de_DE\" \/>\n<meta property=\"og:type\" content=\"article\" \/>\n<meta property=\"og:title\" content=\"H\u00e4ufige Fragen | Antworten zur Palmblattlesung\" \/>\n<meta property=\"og:description\" content=\"Entdecken Sie beeindruckende Erfahrungen mit Palmblattlesungen. Lassen Sie sich von alter Weisheit inspirieren und finden Sie Antworten auf Lebensfragen.\" \/>\n<meta property=\"og:url\" content=\"https:\/\/mypalmleaf.com\/de\/haeufige-fragen\/\" \/>\n<meta property=\"og:site_name\" content=\"My Palm Leaf\" \/>\n<meta property=\"article:modified_time\" content=\"2025-04-07T11:08:32+00:00\" \/>\n<meta property=\"og:image\" content=\"https:\/\/mypalmleaf.com\/wp-content\/uploads\/2025\/08\/mpl-circle-logo.jpg\" \/>\n\t<meta property=\"og:image:width\" content=\"1200\" \/>\n\t<meta property=\"og:image:height\" content=\"1196\" \/>\n\t<meta property=\"og:image:type\" content=\"image\/jpeg\" \/>\n<meta name=\"twitter:card\" content=\"summary_large_image\" \/>\n<script type=\"application\/ld+json\" class=\"yoast-schema-graph\">{\"@context\":\"https:\/\/schema.org\",\"@graph\":[{\"@type\":\"WebPage\",\"@id\":\"https:\/\/mypalmleaf.com\/de\/haeufige-fragen\/\",\"url\":\"https:\/\/mypalmleaf.com\/de\/haeufige-fragen\/\",\"name\":\"H\u00e4ufige Fragen | Antworten zur Palmblattlesung\",\"isPartOf\":{\"@id\":\"https:\/\/mypalmleaf.com\/#website\"},\"datePublished\":\"2024-08-14T07:24:30+00:00\",\"dateModified\":\"2025-04-07T11:08:32+00:00\",\"description\":\"Entdecken Sie beeindruckende Erfahrungen mit Palmblattlesungen. Lassen Sie sich von alter Weisheit inspirieren und finden Sie Antworten auf Lebensfragen.\",\"breadcrumb\":{\"@id\":\"https:\/\/mypalmleaf.com\/de\/haeufige-fragen\/#breadcrumb\"},\"inLanguage\":\"de\",\"potentialAction\":[{\"@type\":\"ReadAction\",\"target\":[\"https:\/\/mypalmleaf.com\/de\/haeufige-fragen\/\"]}]},{\"@type\":\"BreadcrumbList\",\"@id\":\"https:\/\/mypalmleaf.com\/de\/haeufige-fragen\/#breadcrumb\",\"itemListElement\":[{\"@type\":\"ListItem\",\"position\":1,\"name\":\"Home\",\"item\":\"https:\/\/mypalmleaf.com\/de\/\"},{\"@type\":\"ListItem\",\"position\":2,\"name\":\"H\u00e4ufig gestellte Fragen\"}]},{\"@type\":\"WebSite\",\"@id\":\"https:\/\/mypalmleaf.com\/#website\",\"url\":\"https:\/\/mypalmleaf.com\/\",\"name\":\"My Palm Leaf\",\"description\":\"\",\"potentialAction\":[{\"@type\":\"SearchAction\",\"target\":{\"@type\":\"EntryPoint\",\"urlTemplate\":\"https:\/\/mypalmleaf.com\/?s={search_term_string}\"},\"query-input\":{\"@type\":\"PropertyValueSpecification\",\"valueRequired\":true,\"valueName\":\"search_term_string\"}}],\"inLanguage\":\"de\"}]}<\/script>\n<!-- \/ Yoast SEO plugin. -->","yoast_head_json":{"title":"H\u00e4ufige Fragen | Antworten zur Palmblattlesung","description":"Entdecken Sie beeindruckende Erfahrungen mit Palmblattlesungen. Lassen Sie sich von alter Weisheit inspirieren und finden Sie Antworten auf Lebensfragen.","robots":{"index":"index","follow":"follow","max-snippet":"max-snippet:-1","max-image-preview":"max-image-preview:large","max-video-preview":"max-video-preview:-1"},"canonical":"https:\/\/mypalmleaf.com\/de\/haeufige-fragen\/","og_locale":"de_DE","og_type":"article","og_title":"H\u00e4ufige Fragen | Antworten zur Palmblattlesung","og_description":"Entdecken Sie beeindruckende Erfahrungen mit Palmblattlesungen. Lassen Sie sich von alter Weisheit inspirieren und finden Sie Antworten auf Lebensfragen.","og_url":"https:\/\/mypalmleaf.com\/de\/haeufige-fragen\/","og_site_name":"My Palm Leaf","article_modified_time":"2025-04-07T11:08:32+00:00","og_image":[{"width":1200,"height":1196,"url":"https:\/\/mypalmleaf.com\/wp-content\/uploads\/2025\/08\/mpl-circle-logo.jpg","type":"image\/jpeg"}],"twitter_card":"summary_large_image","schema":{"@context":"https:\/\/schema.org","@graph":[{"@type":"WebPage","@id":"https:\/\/mypalmleaf.com\/de\/haeufige-fragen\/","url":"https:\/\/mypalmleaf.com\/de\/haeufige-fragen\/","name":"H\u00e4ufige Fragen | Antworten zur Palmblattlesung","isPartOf":{"@id":"https:\/\/mypalmleaf.com\/#website"},"datePublished":"2024-08-14T07:24:30+00:00","dateModified":"2025-04-07T11:08:32+00:00","description":"Entdecken Sie beeindruckende Erfahrungen mit Palmblattlesungen. Lassen Sie sich von alter Weisheit inspirieren und finden Sie Antworten auf Lebensfragen.","breadcrumb":{"@id":"https:\/\/mypalmleaf.com\/de\/haeufige-fragen\/#breadcrumb"},"inLanguage":"de","potentialAction":[{"@type":"ReadAction","target":["https:\/\/mypalmleaf.com\/de\/haeufige-fragen\/"]}]},{"@type":"BreadcrumbList","@id":"https:\/\/mypalmleaf.com\/de\/haeufige-fragen\/#breadcrumb","itemListElement":[{"@type":"ListItem","position":1,"name":"Home","item":"https:\/\/mypalmleaf.com\/de\/"},{"@type":"ListItem","position":2,"name":"H\u00e4ufig gestellte Fragen"}]},{"@type":"WebSite","@id":"https:\/\/mypalmleaf.com\/#website","url":"https:\/\/mypalmleaf.com\/","name":"My Palm Leaf","description":"","potentialAction":[{"@type":"SearchAction","target":{"@type":"EntryPoint","urlTemplate":"https:\/\/mypalmleaf.com\/?s={search_term_string}"},"query-input":{"@type":"PropertyValueSpecification","valueRequired":true,"valueName":"search_term_string"}}],"inLanguage":"de"}]}},"_links":{"self":[{"href":"https:\/\/mypalmleaf.com\/de\/wp-json\/wp\/v2\/pages\/4032","targetHints":{"allow":["GET"]}}],"collection":[{"href":"https:\/\/mypalmleaf.com\/de\/wp-json\/wp\/v2\/pages"}],"about":[{"href":"https:\/\/mypalmleaf.com\/de\/wp-json\/wp\/v2\/types\/page"}],"author":[{"embeddable":true,"href":"https:\/\/mypalmleaf.com\/de\/wp-json\/wp\/v2\/users\/1"}],"replies":[{"embeddable":true,"href":"https:\/\/mypalmleaf.com\/de\/wp-json\/wp\/v2\/comments?post=4032"}],"version-history":[{"count":0,"href":"https:\/\/mypalmleaf.com\/de\/wp-json\/wp\/v2\/pages\/4032\/revisions"}],"wp:attachment":[{"href":"https:\/\/mypalmleaf.com\/de\/wp-json\/wp\/v2\/media?parent=4032"}],"curies":[{"name":"wp","href":"https:\/\/api.w.org\/{rel}","templated":true}]}}