
{"id":45186,"date":"2024-10-26T17:42:47","date_gmt":"2024-10-26T17:42:47","guid":{"rendered":"https:\/\/mypalmleaf.com\/manager-fuer-tochtergesellschaften-und-partnerschaften\/"},"modified":"2025-03-31T04:17:35","modified_gmt":"2025-03-31T04:17:35","slug":"manager-fuer-tochtergesellschaften-und-partnerschaften","status":"publish","type":"page","link":"https:\/\/mypalmleaf.com\/de\/manager-fuer-tochtergesellschaften-und-partnerschaften\/","title":{"rendered":"Manager f\u00fcr Tochtergesellschaften und Partnerschaften"},"content":{"rendered":"\n<section class=\"spotlight-main small top-gap\">\n    <!-- <div class=\"slider-wrap\" data-flickity='{ \"cellAlign\": \"left\", \"contain\": true, \"wrapAround\": true, \"setGallerySize\": false }'> -->\n    <div class=\"slider-wrap\" data-flickity='{ \"cellAlign\": \"left\", \"contain\": true, \"wrapAround\": true, \"setGallerySize\": false  }'>\n            <div class=\"slides\">\n        <div class=\"content-wrap\">\n          <div class=\"image\">\n            <picture>\n              <source media=\"(max-width: 999px)\" srcset=\"https:\/\/mypalmleaf.com\/wp-content\/uploads\/2024\/09\/join-us-spotlight-new-mob.jpg\" \/>\n              <source media=\"(min-width: 1000px)\" srcset=\"https:\/\/mypalmleaf.com\/wp-content\/uploads\/2024\/09\/join-us-spotlight-new.jpg\" \/>\n              <img decoding=\"async\" src=\"https:\/\/mypalmleaf.com\/wp-content\/uploads\/2024\/09\/join-us-spotlight-new.jpg\" class=\"img-fluid\" alt=\"\" \/>\n            <\/picture>\n          <\/div>\n          <div class=\"content\">\n            <div data-aos=\"fade-up\" data-aos-duration=\"1000\">\n              <h2 class=\"\">Manager f\u00fcr Affiliates und Partnerschaften<\/h2>\n                                 \n            <\/div>\n          <\/div>\n        <\/div>\n      <\/div>\n          <\/div>\n<\/section>\n\n<section class=\"join-us-block my-6 position-relative\">\n  <div class=\"container-xl\">\n    <div class=\"row mb-4 justify-content-center\">\n      <div class=\"col-lg-10 text-center\" data-aos=\"fade-up\" data-aos-duration=\"1000\">\n        <p>Mypalmleaf sucht einen leidenschaftlichen und hochmotivierten Affiliate und Partnership Manager (APM), um bestehende Partnerschaften zu st\u00e4rken und neue Verbindungen zu kn\u00fcpfen, um die uralte Weisheit des Palmblattlesens mit der Welt zu teilen.<\/p>\n      <\/div>\n    <\/div>\n    <div class=\"row my-5 justify-content-between\" data-aos=\"fade-up\" data-aos-duration=\"1000\">\n          <\/div>\n  <\/div>\n  <\/section>\n\n<section class=\"tabs-wrapper my-6 mt-0\">\n  <div class=\"container-xl\">\n    <div class=\"row\">\n      <div class=\"tabs-container\" data-aos=\"fade-up\" data-aos-duration=\"1000\">\n        <ul class=\"tabs\">\n                                <li class=\"tab-button active\" data-target=\"tab1\">Was wir von dir erwarten<\/li>\n                                  <li class=\"tab-button active\" data-target=\"tab2\">Die Ziele des APM<\/li>\n                                  <li class=\"tab-button active\" data-target=\"tab3\">Wie sieht deine Rolle aus?<\/li>\n                                  <li class=\"tab-button active\" data-target=\"tab4\">Was wir anbieten<\/li>\n                              <\/ul>\n        <div class=\"tab-content\">\n                                <div id=\"tab1\" class=\"tab-pane active\">\n              <ul>\n<li><strong>\u00dcbereinstimmung mit unserer Mission:<\/strong> Du bist zutiefst mit dem Ziel von Mypalmleaf verbunden, lebensver\u00e4ndernde Lesungen weltweit zu verbreiten.<\/li>\n<li><strong>Flie\u00dfend in Englisch und Deutsch:<\/strong> Du kommunizierst klar und effektiv in beiden Sprachen.<\/li>\n<li><strong>Teamgeist:<\/strong> Du liebst es, Teil eines unterst\u00fctzenden und auftragsorientierten Teams zu sein. Du f\u00fchlst dich in einem Umfeld wohl, in dem Zusammenarbeit und gegenseitige Unterst\u00fctzung wichtig sind.<\/li>\n<li><strong>Integrit\u00e4t:<\/strong> Du gehst mit gutem Beispiel voran und stehst immer zu deinem Wort.<\/li>\n<li><strong>Selbstst\u00e4ndig:<\/strong> Du bist in der Lage, selbstst\u00e4ndig zu arbeiten und die Initiative zu ergreifen, um Projekte zu entwickeln und zu leiten, w\u00e4hrend du gleichzeitig ein starker Teamplayer mit aufstrebenden F\u00fchrungsqualit\u00e4ten bist.<\/li>\n<li><strong>Unersch\u00fctterliches Engagement:<\/strong> Du gibst 150% Einsatz, zeigst Ausdauer und Hingabe bei allem, was du tust.<\/li>\n<li><strong>Lebenslanges Lernen:<\/strong> Du bist bestrebt, dich pers\u00f6nlich und beruflich weiterzuentwickeln.<\/li>\n<\/ul>\n            <\/div>\n                                  <div id=\"tab2\" class=\"tab-pane active\">\n              <p>Dein Hauptziel wird es sein, <strong>Win-Win-Partnerschaften<\/strong> mit Organisationen und Einzelpersonen aufzubauen, die mit der Mission von Mypalmleaf \u00fcbereinstimmen. Deine Bem\u00fchungen werden darauf abzielen:<\/p>\n<ul>\n<li>die Buchungen f\u00fcr das Lesen von Palmbl\u00e4ttern zu steigern.<\/li>\n<li>die Markenbekanntheit von Mypalmleaf auf der ganzen Welt zu steigern.<\/li>\n<\/ul>\n            <\/div>\n                                  <div id=\"tab3\" class=\"tab-pane active\">\n              <p>Als APM wirst du:<\/p>\n<ul>\n<li>aktiv auf potenzielle Partner zugehen, sowohl auf Einzelpersonen als auch auf Organisationen, um f\u00fcr beide Seiten vorteilhafte Partnerschaften zu kultivieren.<\/li>\n<li>das Partnerprogramm von Mypalmleaf erweitern und verwalten.<\/li>\n<li>mit Influencer-Agenturen zusammenarbeiten, um unsere Pr\u00e4senz auf Deutsch, Englisch, Japanisch, Chinesisch und in Schwellenl\u00e4ndern auszubauen.<\/li>\n<\/ul>\n            <\/div>\n                                  <div id=\"tab4\" class=\"tab-pane active\">\n              <p>Nach Erhalt deiner Bewerbung senden wir dir eine detaillierte Erkl\u00e4rung zur Zahlung.<\/p>\n<ul>\n<li><strong>Eine zielgerichtete Mission:<\/strong> Werde Teil einer spirituell gepr\u00e4gten, sinnvollen Mission, die der Welt zugute kommt.<\/li>\n<li>Unterst\u00fctzendes Teamumfeld: Werde Teil eines leidenschaftlichen Teams, das sowohl deine pers\u00f6nliche als auch berufliche Entwicklung f\u00f6rdert.<\/li>\n<li>Flexibilit\u00e4t: Genie\u00dfe eine flexible, ortsunabh\u00e4ngige Rolle mit M\u00f6glichkeiten zur Mitgestaltung innerhalb einer schnell wachsenden spirituellen Organisation.<\/li>\n<li>Wettbewerbsf\u00e4hige Entlohnung: Du erh\u00e4lst ein wettbewerbsf\u00e4higes Paket, das ein Grundgehalt und leistungsbezogene Boni umfasst.<\/li>\n<\/ul>\n            <\/div>\n                              <\/div>\n      <\/div>\n    <\/div>\n  <\/div>\n<\/section>\n\n<section class=\"how-to-apply my-6 mt-0\">\n  <div class=\"container-xl\">\n    <div class=\"row\">\n      <div class=\"col-lg-10 mx-auto\" >\n        <div class=\"dual-col \">\n          <div class=\"title\">\n            <img decoding=\"async\" src=\"https:\/\/mypalmleaf.com\/wp-content\/uploads\/2024\/08\/title-bg.png\" alt=\"\" class=\"img-fluid\">\n            <div class=\"text\">Wie du dich bewirbst<\/div>\n          <\/div>\n          <div class=\"desc\">\n            <p>Um sich zu bewerben, nimm einfach ein 1-4-min\u00fctiges Video auf, in dem du dich vorstellst. Erz\u00e4hle uns in deinem Video:<\/p>\n<ul>\n<li>1) Ein wenig \u00fcber dich selbst.<\/li>\n<li>2) Warum du bei Mypalmleaf mitmachen m\u00f6chtest.<\/li>\n<li>3) Warum du glaubst, dass du der ideale Kandidat f\u00fcr diese Rolle bist.<\/li>\n<\/ul>\n<p>Sende dein Video an <a href=\"mailto:info@mypalmleaf.com\">info@mypalmleaf.com.<\/a> Dies ist die einzige M\u00f6glichkeit, sich zu bewerben. Bitte beachte, dass wir nicht auf Anfragen nach &#8222;mehr Informationen&#8220; oder Lebensl\u00e4ufen reagieren werden, da wir proaktive Personen suchen, die bereit sind, aktiv zu werden. Zeig uns deine Energie und deinen Enthusiasmus in deinem Video!<\/p>\n<div class=\"btm-contact\">Wir k\u00f6nnen es kaum erwarten, von dir zu h\u00f6ren.<\/div>\n          <\/div>\n        <\/div>\n      <\/div>\n    <\/div>\n  <\/div>\n<\/section>","protected":false},"excerpt":{"rendered":"","protected":false},"author":1,"featured_media":0,"parent":0,"menu_order":0,"comment_status":"closed","ping_status":"closed","template":"","meta":{"_acf_changed":false,"footnotes":""},"class_list":["post-45186","page","type-page","status-publish","hentry"],"acf":[],"yoast_head":"<!-- This site is optimized with the Yoast SEO plugin v26.4 - https:\/\/yoast.com\/wordpress\/plugins\/seo\/ -->\n<title>Manager f\u00fcr Tochtergesellschaften &amp; Partnerschaften<\/title>\n<meta name=\"description\" content=\"Erfahren Sie mehr \u00fcber den Manager f\u00fcr Tochtergesellschaften und Partnerschaften, der Kooperationen und strategische Beziehungen f\u00f6rdert.\" \/>\n<meta name=\"robots\" content=\"index, follow, max-snippet:-1, max-image-preview:large, max-video-preview:-1\" \/>\n<link rel=\"canonical\" href=\"https:\/\/mypalmleaf.com\/de\/manager-fuer-tochtergesellschaften-und-partnerschaften\/\" \/>\n<meta property=\"og:locale\" content=\"de_DE\" \/>\n<meta property=\"og:type\" content=\"article\" \/>\n<meta property=\"og:title\" content=\"Manager f\u00fcr Tochtergesellschaften &amp; Partnerschaften\" \/>\n<meta property=\"og:description\" content=\"Erfahren Sie mehr \u00fcber den Manager f\u00fcr Tochtergesellschaften und Partnerschaften, der Kooperationen und strategische Beziehungen f\u00f6rdert.\" \/>\n<meta property=\"og:url\" content=\"https:\/\/mypalmleaf.com\/de\/manager-fuer-tochtergesellschaften-und-partnerschaften\/\" \/>\n<meta property=\"og:site_name\" content=\"My Palm Leaf\" \/>\n<meta property=\"article:modified_time\" content=\"2025-03-31T04:17:35+00:00\" \/>\n<meta property=\"og:image\" content=\"https:\/\/mypalmleaf.com\/wp-content\/uploads\/2025\/08\/mpl-circle-logo.jpg\" \/>\n\t<meta property=\"og:image:width\" content=\"1200\" \/>\n\t<meta property=\"og:image:height\" content=\"1196\" \/>\n\t<meta property=\"og:image:type\" content=\"image\/jpeg\" \/>\n<meta name=\"twitter:card\" content=\"summary_large_image\" \/>\n<script type=\"application\/ld+json\" class=\"yoast-schema-graph\">{\"@context\":\"https:\/\/schema.org\",\"@graph\":[{\"@type\":\"WebPage\",\"@id\":\"https:\/\/mypalmleaf.com\/de\/manager-fuer-tochtergesellschaften-und-partnerschaften\/\",\"url\":\"https:\/\/mypalmleaf.com\/de\/manager-fuer-tochtergesellschaften-und-partnerschaften\/\",\"name\":\"Manager f\u00fcr Tochtergesellschaften & Partnerschaften\",\"isPartOf\":{\"@id\":\"https:\/\/mypalmleaf.com\/#website\"},\"datePublished\":\"2024-10-26T17:42:47+00:00\",\"dateModified\":\"2025-03-31T04:17:35+00:00\",\"description\":\"Erfahren Sie mehr \u00fcber den Manager f\u00fcr Tochtergesellschaften und Partnerschaften, der Kooperationen und strategische Beziehungen f\u00f6rdert.\",\"breadcrumb\":{\"@id\":\"https:\/\/mypalmleaf.com\/de\/manager-fuer-tochtergesellschaften-und-partnerschaften\/#breadcrumb\"},\"inLanguage\":\"de\",\"potentialAction\":[{\"@type\":\"ReadAction\",\"target\":[\"https:\/\/mypalmleaf.com\/de\/manager-fuer-tochtergesellschaften-und-partnerschaften\/\"]}]},{\"@type\":\"BreadcrumbList\",\"@id\":\"https:\/\/mypalmleaf.com\/de\/manager-fuer-tochtergesellschaften-und-partnerschaften\/#breadcrumb\",\"itemListElement\":[{\"@type\":\"ListItem\",\"position\":1,\"name\":\"Home\",\"item\":\"https:\/\/mypalmleaf.com\/de\/\"},{\"@type\":\"ListItem\",\"position\":2,\"name\":\"Manager f\u00fcr Tochtergesellschaften und Partnerschaften\"}]},{\"@type\":\"WebSite\",\"@id\":\"https:\/\/mypalmleaf.com\/#website\",\"url\":\"https:\/\/mypalmleaf.com\/\",\"name\":\"My Palm Leaf\",\"description\":\"\",\"potentialAction\":[{\"@type\":\"SearchAction\",\"target\":{\"@type\":\"EntryPoint\",\"urlTemplate\":\"https:\/\/mypalmleaf.com\/?s={search_term_string}\"},\"query-input\":{\"@type\":\"PropertyValueSpecification\",\"valueRequired\":true,\"valueName\":\"search_term_string\"}}],\"inLanguage\":\"de\"}]}<\/script>\n<!-- \/ Yoast SEO plugin. -->","yoast_head_json":{"title":"Manager f\u00fcr Tochtergesellschaften & Partnerschaften","description":"Erfahren Sie mehr \u00fcber den Manager f\u00fcr Tochtergesellschaften und Partnerschaften, der Kooperationen und strategische Beziehungen f\u00f6rdert.","robots":{"index":"index","follow":"follow","max-snippet":"max-snippet:-1","max-image-preview":"max-image-preview:large","max-video-preview":"max-video-preview:-1"},"canonical":"https:\/\/mypalmleaf.com\/de\/manager-fuer-tochtergesellschaften-und-partnerschaften\/","og_locale":"de_DE","og_type":"article","og_title":"Manager f\u00fcr Tochtergesellschaften & Partnerschaften","og_description":"Erfahren Sie mehr \u00fcber den Manager f\u00fcr Tochtergesellschaften und Partnerschaften, der Kooperationen und strategische Beziehungen f\u00f6rdert.","og_url":"https:\/\/mypalmleaf.com\/de\/manager-fuer-tochtergesellschaften-und-partnerschaften\/","og_site_name":"My Palm Leaf","article_modified_time":"2025-03-31T04:17:35+00:00","og_image":[{"width":1200,"height":1196,"url":"https:\/\/mypalmleaf.com\/wp-content\/uploads\/2025\/08\/mpl-circle-logo.jpg","type":"image\/jpeg"}],"twitter_card":"summary_large_image","schema":{"@context":"https:\/\/schema.org","@graph":[{"@type":"WebPage","@id":"https:\/\/mypalmleaf.com\/de\/manager-fuer-tochtergesellschaften-und-partnerschaften\/","url":"https:\/\/mypalmleaf.com\/de\/manager-fuer-tochtergesellschaften-und-partnerschaften\/","name":"Manager f\u00fcr Tochtergesellschaften & Partnerschaften","isPartOf":{"@id":"https:\/\/mypalmleaf.com\/#website"},"datePublished":"2024-10-26T17:42:47+00:00","dateModified":"2025-03-31T04:17:35+00:00","description":"Erfahren Sie mehr \u00fcber den Manager f\u00fcr Tochtergesellschaften und Partnerschaften, der Kooperationen und strategische Beziehungen f\u00f6rdert.","breadcrumb":{"@id":"https:\/\/mypalmleaf.com\/de\/manager-fuer-tochtergesellschaften-und-partnerschaften\/#breadcrumb"},"inLanguage":"de","potentialAction":[{"@type":"ReadAction","target":["https:\/\/mypalmleaf.com\/de\/manager-fuer-tochtergesellschaften-und-partnerschaften\/"]}]},{"@type":"BreadcrumbList","@id":"https:\/\/mypalmleaf.com\/de\/manager-fuer-tochtergesellschaften-und-partnerschaften\/#breadcrumb","itemListElement":[{"@type":"ListItem","position":1,"name":"Home","item":"https:\/\/mypalmleaf.com\/de\/"},{"@type":"ListItem","position":2,"name":"Manager f\u00fcr Tochtergesellschaften und Partnerschaften"}]},{"@type":"WebSite","@id":"https:\/\/mypalmleaf.com\/#website","url":"https:\/\/mypalmleaf.com\/","name":"My Palm Leaf","description":"","potentialAction":[{"@type":"SearchAction","target":{"@type":"EntryPoint","urlTemplate":"https:\/\/mypalmleaf.com\/?s={search_term_string}"},"query-input":{"@type":"PropertyValueSpecification","valueRequired":true,"valueName":"search_term_string"}}],"inLanguage":"de"}]}},"_links":{"self":[{"href":"https:\/\/mypalmleaf.com\/de\/wp-json\/wp\/v2\/pages\/45186","targetHints":{"allow":["GET"]}}],"collection":[{"href":"https:\/\/mypalmleaf.com\/de\/wp-json\/wp\/v2\/pages"}],"about":[{"href":"https:\/\/mypalmleaf.com\/de\/wp-json\/wp\/v2\/types\/page"}],"author":[{"embeddable":true,"href":"https:\/\/mypalmleaf.com\/de\/wp-json\/wp\/v2\/users\/1"}],"replies":[{"embeddable":true,"href":"https:\/\/mypalmleaf.com\/de\/wp-json\/wp\/v2\/comments?post=45186"}],"version-history":[{"count":0,"href":"https:\/\/mypalmleaf.com\/de\/wp-json\/wp\/v2\/pages\/45186\/revisions"}],"wp:attachment":[{"href":"https:\/\/mypalmleaf.com\/de\/wp-json\/wp\/v2\/media?parent=45186"}],"curies":[{"name":"wp","href":"https:\/\/api.w.org\/{rel}","templated":true}]}}