
{"id":45486,"date":"2024-11-10T05:53:12","date_gmt":"2024-11-10T05:53:12","guid":{"rendered":"https:\/\/mypalmleaf.com\/homa\/"},"modified":"2025-02-17T07:04:16","modified_gmt":"2025-02-17T07:04:16","slug":"homa","status":"publish","type":"page","link":"https:\/\/mypalmleaf.com\/de\/homa\/","title":{"rendered":"Homa"},"content":{"rendered":"\n<section class=\"spotlight-main small top-gap\">\n    <!-- <div class=\"slider-wrap\" data-flickity='{ \"cellAlign\": \"left\", \"contain\": true, \"wrapAround\": true, \"setGallerySize\": false }'> -->\n    <div class=\"slider-wrap\" data-flickity='{ \"cellAlign\": \"left\", \"contain\": true, \"wrapAround\": true, \"setGallerySize\": false  }'>\n            <div class=\"slides\">\n        <div class=\"content-wrap\">\n          <div class=\"image\">\n            <picture>\n              <source media=\"(max-width: 999px)\" srcset=\"https:\/\/mypalmleaf.com\/wp-content\/uploads\/2024\/11\/homas-spotlight-mob.jpg\" \/>\n              <source media=\"(min-width: 1000px)\" srcset=\"https:\/\/mypalmleaf.com\/wp-content\/uploads\/2024\/11\/homas-spotlight.jpg\" \/>\n              <img decoding=\"async\" src=\"https:\/\/mypalmleaf.com\/wp-content\/uploads\/2024\/11\/homas-spotlight.jpg\" class=\"img-fluid\" alt=\"\" \/>\n            <\/picture>\n          <\/div>\n          <div class=\"content\">\n            <div data-aos=\"fade-up\" data-aos-duration=\"1000\">\n              <h2 class=\"\">Homas: Heilige Feuerzeremonien f\u00fcr karmische Transformation<\/h2>\n              <p>Erlebe die alten vedischen Rituale, die Segen, Reinigung und Harmonie in dein Leben bringen sollen.<\/p>\n                                  <a href=\"https:\/\/mypalmleaf.com\/de\/kosten\/feuerzeremonie-homa\/\" class=\"btn btn-primary\">Buche deine Homa<\/a>\n                   \n            <\/div>\n          <\/div>\n        <\/div>\n      <\/div>\n          <\/div>\n<\/section>\n\n\n<section class=\"my-6 position-relative\">\n    <div class=\"container-xl\" data-aos=\"fade-up\" data-aos-duration=\"1000\">\n      <div class=\"row align-items-center\">\n        <div class=\"col-lg-5 mb-4 mb-lg-0\">\n          <div class=\"rounded-asset\">\n            <img decoding=\"async\" src=\"https:\/\/mypalmleaf.com\/wp-content\/uploads\/2024\/11\/yt-thumb-homa-1.jpg\" class=\"img-fluid\" alt=\"\"><div class=\"play-icon\"><\/div>\n            <a href=\"https:\/\/www.youtube.com\/watch?v=pKsAYJ48elM\" class=\"stretched-link\" data-lity><\/a>\n          <\/div>\n        <\/div>\n        <div class=\"col-lg-7\">\n          <h2 class=\"mb-4\">Was sind die Homa-Feuerzeremonien?<\/h2>\n          <p>Homas, auch bekannt als Feuerzeremonien, sind kraftvolle vedische Rituale, die durchgef\u00fchrt werden, um g\u00f6ttliche Energien anzurufen, negative karmische Einfl\u00fcsse zu entfernen und verschiedene Aspekte des Lebens ins Gleichgewicht zu bringen. Durch das heilige Element Feuer werden den Gottheiten Opfergaben dargebracht und die transformative Energie des Rituals bringt Segen, Reinigung und Heilung.<\/p>\n<p>Diese Zeremonien werden von erfahrenen vedischen Priestern geleitet, die heilige Mantren chanten und dem heiligen Feuer Opfergaben darbringen, die die Absicht und Wirkung des Rituals verst\u00e4rken.<\/p>\n        <\/div>\n      <\/div>\n    <\/div>\n    <\/section>\n\n\n<section class=\"my-6 position-relative\">\n  <div class=\"container-xl aos-init aos-animate\" data-aos=\"fade-up\" data-aos-duration=\"1000\">\n    <div class=\"row align-items-center\">\n      <div class=\"col-lg-7\">\n        <h2 class=\"mb-4\">Wie kannst du von den Homas profitieren?<\/h2>\n<p>Jede Homa-Zeremonie dient einem bestimmten Zweck, sei es, um Hindernisse zu \u00fcberwinden, die Gesundheit zu verbessern, Wohlstand einzuladen oder negatives Karma zu beseitigen.<\/p>\n<p>Hier erf\u00e4hrst du, wie Homas dein Leben ver\u00e4ndern k\u00f6nnen:  <\/p>\n        <ul>\n<li>Karmisches Heilen: Lass vergangene karmische Schulden los und zieh positive karmische Einfl\u00fcsse an.  <\/li>\n<li>Reinigung: Reinige deine Aura und Umgebung von negativen Energien.  <\/li>\n<li>Segen und Wohlstand: Rufe Segensw\u00fcnsche f\u00fcr Gesundheit, Reichtum, Beziehungen und allgemeines Wohlbefinden an.  <\/li>\n<li>Schutz und Harmonie: St\u00e4rke den spirituellen Schutz und bring Harmonie in dein Leben.  <\/li>\n<\/ul>\n<div class=\"dual-btn-cont mt-4\">\n<ul>\n<li><a href=\"https:\/\/mypalmleaf.com\/de\/kosten\/feuerzeremonie-homa\/\" class=\"btn btn-primary\">Buche jetzt deine Feuerzeremonie<\/a><\/li>\n<\/ul>\n<\/div>\n      <\/div>\n      <div class=\"col-lg-5 mb-4 mb-lg-0\">\n        <div class=\"rounded-asset\">\n          <img decoding=\"async\" src=\"https:\/\/mypalmleaf.com\/wp-content\/uploads\/2024\/11\/homas-thumb.jpg\" class=\"img-fluid\" alt=\"\"\/>\n        <\/div>\n      <\/div>\n    <\/div>\n  <\/div>\n       \n  <\/section>\n\n\n\n<section class=\"my-6 position-relative\">\n  <div class=\"container-xl aos-init aos-animate\" data-aos=\"fade-up\" data-aos-duration=\"1000\">\n    <div class=\"row align-items-center\">\n      <div class=\"col-lg-5 mb-4 mb-lg-0\">\n        <div class=\"rounded-asset\">\n          <img decoding=\"async\" src=\"https:\/\/mypalmleaf.com\/wp-content\/uploads\/2024\/11\/homas-thumb2.jpg\" class=\"img-fluid\" alt=\"\"\/>\n        <\/div>\n      <\/div>\n      <div class=\"col-lg-7\">\n        <h2 class=\"mb-4\">Wie es funktioniert<\/h2>\n        <p><strong>Schritt 1: Buche deine Homa<\/strong><br\/> Buche die Homa-Feuerzeremonie auf unserer Website<\/p> \n<p><strong>Schritt 2: Buche deinen Termin<\/strong><br\/> Nachdem du die Buchung vorgenommen hast, erh\u00e4lst du einen Kalenderlink und kannst den richtigen Tag und die richtige Uhrzeit f\u00fcr die Durchf\u00fchrung der Homa buchen.  <\/p>\n<p><strong>Schritt 3: Teilnehmen und Segen empfangen<\/strong><br\/> Du kannst w\u00e4hlen, ob du an der Zeremonie live per Zoom teilnimmst oder die Energie und den Segen von deinem Aufenthaltsort aus empfangen m\u00f6chtest. Einer unserer Moderatoren wird dich w\u00e4hrend der Homa begleiten und dir alles erkl\u00e4ren.   <\/p>\n<div class=\"dual-btn-cont mt-4\">\n<ul>\n<li><a href=\"https:\/\/mypalmleaf.com\/de\/kosten\/feuerzeremonie-homa\/\" class=\"btn btn-primary\">Buche jetzt deine Feuerzeremonie<\/a><\/li>\n<\/ul>\n<\/div>\n      <\/div>\n      \n    <\/div>\n  <\/div>\n       \n  <\/section>\n\n\n\n<figure class=\"wp-block-gallery has-nested-images columns-default is-cropped wp-block-gallery-1 is-layout-flex wp-block-gallery-is-layout-flex\">\n<figure class=\"wp-block-image size-full\"><img loading=\"lazy\" decoding=\"async\" width=\"1024\" height=\"576\" data-id=\"45429\" src=\"https:\/\/mypalmleaf.com\/wp-content\/uploads\/2024\/11\/3-1.jpg\" alt=\"\" class=\"wp-image-45429\" srcset=\"https:\/\/mypalmleaf.com\/wp-content\/uploads\/2024\/11\/3-1.jpg 1024w, https:\/\/mypalmleaf.com\/wp-content\/uploads\/2024\/11\/3-1-600x338.jpg 600w, https:\/\/mypalmleaf.com\/wp-content\/uploads\/2024\/11\/3-1-300x169.jpg 300w, https:\/\/mypalmleaf.com\/wp-content\/uploads\/2024\/11\/3-1-768x432.jpg 768w\" sizes=\"auto, (max-width: 1024px) 100vw, 1024px\" \/><\/figure>\n\n\n\n<figure class=\"wp-block-image size-large\"><img loading=\"lazy\" decoding=\"async\" width=\"1024\" height=\"576\" data-id=\"45407\" src=\"https:\/\/mypalmleaf.com\/wp-content\/uploads\/2024\/11\/2.jpg\" alt=\"\" class=\"wp-image-45407\" srcset=\"https:\/\/mypalmleaf.com\/wp-content\/uploads\/2024\/11\/2.jpg 1024w, https:\/\/mypalmleaf.com\/wp-content\/uploads\/2024\/11\/2-600x338.jpg 600w, https:\/\/mypalmleaf.com\/wp-content\/uploads\/2024\/11\/2-300x169.jpg 300w, https:\/\/mypalmleaf.com\/wp-content\/uploads\/2024\/11\/2-768x432.jpg 768w\" sizes=\"auto, (max-width: 1024px) 100vw, 1024px\" \/><\/figure>\n\n\n\n<figure class=\"wp-block-image size-large\"><img loading=\"lazy\" decoding=\"async\" width=\"1024\" height=\"576\" data-id=\"45386\" src=\"https:\/\/mypalmleaf.com\/wp-content\/uploads\/2024\/11\/1.jpg\" alt=\"\" class=\"wp-image-45386\" srcset=\"https:\/\/mypalmleaf.com\/wp-content\/uploads\/2024\/11\/1.jpg 1024w, https:\/\/mypalmleaf.com\/wp-content\/uploads\/2024\/11\/1-600x338.jpg 600w, https:\/\/mypalmleaf.com\/wp-content\/uploads\/2024\/11\/1-300x169.jpg 300w, https:\/\/mypalmleaf.com\/wp-content\/uploads\/2024\/11\/1-768x432.jpg 768w\" sizes=\"auto, (max-width: 1024px) 100vw, 1024px\" \/><\/figure>\n<\/figure>\n\n\n<section class=\"accordion-container position-relative \" data-aos=\"fade-up\" data-aos-duration=\"1000\" id=\"general-questions\">\n  <div class=\"container-xl\">\n    <div class=\"row\">\n      <h3>H\u00e4ufig gestellte Fragen<\/h3>\n      <div class=\"accr-wrap\">\n                  <div class=\"head\">Muss ich physisch anwesend sein, damit die Homa-Zeremonie wirksam ist?<\/div>\n          <div class=\"content\">\n            <p>Nein, du musst nicht physisch anwesend sein, damit die Homa wirksam ist. Die Energie und die Segnungen der Zeremonie werden durch die Schwingungen der heiligen Mantren und des Feuers ausgesandt. Wenn du m\u00f6chtest, kannst du per Zoom live an der Zeremonie teilnehmen, aber die Segnungen werden dich auch dann erreichen, wenn du nicht anwesend sein kannst.<\/p>\n          <\/div>\n                  <div class=\"head\">Wie sollte ich mich auf eine Homa-Zeremonie vorbereiten?<\/div>\n          <div class=\"content\">\n            <p>Um sich auf ein Homa vorzubereiten, setze am besten eine klare Absicht f\u00fcr das, was du von dem Ritual empfangen m\u00f6chtest. Vielleicht m\u00f6chtest du auch einen friedlichen Raum in deinem Zuhause schaffen, frei von Ablenkungen, in dem du ruhig sitzen kannst, um die Energie der Zeremonie zu empfangen. Wenn du live teilnimmst, sorge f\u00fcr eine stabile Internetverbindung und eine ruhige Umgebung.<\/p>\n          <\/div>\n                  <div class=\"head\">Kann eine Homa im Namen einer anderen Person durchgef\u00fchrt werden?<\/div>\n          <div class=\"content\">\n            <p>Ja, Homas k\u00f6nnen im Namen einer anderen Person durchgef\u00fchrt werden, sei es f\u00fcr einen geliebten Menschen, ein Familienmitglied oder einen Freund. Du musst nur den Namen und die Absicht f\u00fcr die Zeremonie angeben, und die Energie und der Segen werden auf diese Person gerichtet.<\/p>\n          <\/div>\n                  <div class=\"head\">Welche Art von Ergebnissen kann ich von einer Homa erwarten?<\/div>\n          <div class=\"content\">\n            <p>Die Wirkung einer Homa kann je nach Absicht und Art der durchgef\u00fchrten Zeremonie variieren. Viele Menschen berichten, dass sie ein Gef\u00fchl des Friedens, der emotionalen Erleichterung und der Klarheit versp\u00fcren und sp\u00fcrbare positive Ver\u00e4nderungen in ihrem Leben erfahren, wie z.B. verbesserte Beziehungen, Gesundheit oder Erfolg. Die Segnungen und karmischen Vorteile entfalten sich oft erst im Laufe der Zeit.<\/p>\n          <\/div>\n                  <div class=\"head\">Wie w\u00e4hle ich aus, welche Art von Homa ich buchen m\u00f6chte?<\/div>\n          <div class=\"content\">\n            <p>Wenn dir w\u00e4hrend deiner Palmblattlesung ein Homa empfohlen wurde, wird diese Art von Homa f\u00fcr dich durchgef\u00fchrt. Andernfalls kannst du uns bei der Buchung auch den allgemeinen Zweck der Homa mitteilen und die Priester werden eine spezielle Zeremonie f\u00fcr diesen Zweck ausw\u00e4hlen.<\/p>\n          <\/div>\n                  <div class=\"head\">Sind Homas f\u00fcr alle Glaubensrichtungen und spirituellen \u00dcberzeugungen geeignet?<\/div>\n          <div class=\"content\">\n            <p>Ja, Homas sind spirituelle Rituale, die in alten vedischen Traditionen verwurzelt sind, aber sie stehen Menschen aller Glaubensrichtungen und \u00dcberzeugungen offen. Die Zeremonien konzentrieren sich auf universelle Energien, wie die Elemente und g\u00f6ttliche Segnungen, die unabh\u00e4ngig von deinem spirituellen Hintergrund von Nutzen sein k\u00f6nnen.<\/p>\n          <\/div>\n                  <div class=\"head\">Wie lange dauert eine Homa-Zeremonie normalerweise?<\/div>\n          <div class=\"content\">\n            <p>Die Dauer einer Homa-Zeremonie kann je nach ihrer Komplexit\u00e4t und der Art des durchgef\u00fchrten Rituals variieren. Die meisten Zeremonien dauern zwischen 30 Minuten und 1 Stunde.<\/p>\n          <\/div>\n                  <div class=\"head\">Kann ich ein bestimmtes Datum oder eine bestimmte Uhrzeit f\u00fcr die Homa anfordern?<\/div>\n          <div class=\"content\">\n            <p>Ja, du kannst ein bestimmtes Datum und eine bestimmte Uhrzeit f\u00fcr deine Homa anfragen, je nach Verf\u00fcgbarkeit unserer vedischen Priester und den g\u00fcnstigen Zeitpunkten f\u00fcr die Durchf\u00fchrung der Zeremonie. Wir werden unser Bestes tun, um deine W\u00fcnsche zu ber\u00fccksichtigen.<\/p>\n          <\/div>\n                  <div class=\"head\">Wie werden die Opfergaben w\u00e4hrend der Homa dargebracht?<\/div>\n          <div class=\"content\">\n            <p>Die Opfergaben, wie Ghee, Kr\u00e4uter, Getreide und andere heilige Gegenst\u00e4nde, werden von unseren vedischen Priestern in das Feuer gegeben, w\u00e4hrend sie kraftvolle Mantras rezitieren. Jede Opfergabe symbolisiert Reinigung, Transformation und die Freisetzung von Segen in das Universum.<\/p>\n          <\/div>\n                  <div class=\"head\">Werde ich von einem Moderator von Mypalmleaf begleitet werden?<\/div>\n          <div class=\"content\">\n            <p>Ja, einer unserer Moderatoren wird bei der Homa anwesend sein. Er wird dich anleiten und dir bei Bedarf alles erkl\u00e4ren.<\/p>\n          <\/div>\n              <\/div>\n    <\/div>\n  <\/div>\n  \n<\/section>\n<\/div>\n\n\n<p><\/p>\n","protected":false},"excerpt":{"rendered":"<p>Wie kannst du von den Homas profitieren? Jede Homa-Zeremonie dient einem bestimmten Zweck, sei es, um Hindernisse zu \u00fcberwinden, die Gesundheit zu verbessern, Wohlstand einzuladen oder negatives Karma zu beseitigen. Hier erf\u00e4hrst du, wie Homas dein Leben ver\u00e4ndern k\u00f6nnen: Karmisches Heilen: Lass vergangene karmische Schulden los und zieh positive karmische Einfl\u00fcsse an. Reinigung: Reinige deine [&hellip;]<\/p>\n","protected":false},"author":1,"featured_media":0,"parent":0,"menu_order":0,"comment_status":"closed","ping_status":"closed","template":"","meta":{"_acf_changed":false,"footnotes":""},"class_list":["post-45486","page","type-page","status-publish","hentry"],"acf":[],"yoast_head":"<!-- This site is optimized with the Yoast SEO plugin v26.4 - https:\/\/yoast.com\/wordpress\/plugins\/seo\/ -->\n<title>Homa Zeremonien | Spirituelle Praxis bei MyPalmLeaf<\/title>\n<meta name=\"description\" content=\"Erfahren Sie mehr \u00fcber Homa Zeremonien bei MyPalmLeaf. Entdecken Sie die Bedeutung dieser heiligen Rituale und ihre transformative Wirkung auf K\u00f6rper und Geist.\" \/>\n<meta name=\"robots\" content=\"index, follow, max-snippet:-1, max-image-preview:large, max-video-preview:-1\" \/>\n<link rel=\"canonical\" href=\"https:\/\/mypalmleaf.com\/de\/homa\/\" \/>\n<meta property=\"og:locale\" content=\"de_DE\" \/>\n<meta property=\"og:type\" content=\"article\" \/>\n<meta property=\"og:title\" content=\"Homa Zeremonien | Spirituelle Praxis bei MyPalmLeaf\" \/>\n<meta property=\"og:description\" content=\"Erfahren Sie mehr \u00fcber Homa Zeremonien bei MyPalmLeaf. Entdecken Sie die Bedeutung dieser heiligen Rituale und ihre transformative Wirkung auf K\u00f6rper und Geist.\" \/>\n<meta property=\"og:url\" content=\"https:\/\/mypalmleaf.com\/de\/homa\/\" \/>\n<meta property=\"og:site_name\" content=\"My Palm Leaf\" \/>\n<meta property=\"article:modified_time\" content=\"2025-02-17T07:04:16+00:00\" \/>\n<meta property=\"og:image\" content=\"https:\/\/mypalmleaf.com\/wp-content\/uploads\/2024\/11\/homas-thumb.jpg\" \/>\n<meta name=\"twitter:card\" content=\"summary_large_image\" \/>\n<meta name=\"twitter:label1\" content=\"Gesch\u00e4tzte Lesezeit\" \/>\n\t<meta name=\"twitter:data1\" content=\"2\u00a0Minuten\" \/>\n<script type=\"application\/ld+json\" class=\"yoast-schema-graph\">{\"@context\":\"https:\/\/schema.org\",\"@graph\":[{\"@type\":\"WebPage\",\"@id\":\"https:\/\/mypalmleaf.com\/de\/homa\/\",\"url\":\"https:\/\/mypalmleaf.com\/de\/homa\/\",\"name\":\"Homa Zeremonien | Spirituelle Praxis bei MyPalmLeaf\",\"isPartOf\":{\"@id\":\"https:\/\/mypalmleaf.com\/#website\"},\"primaryImageOfPage\":{\"@id\":\"https:\/\/mypalmleaf.com\/de\/homa\/#primaryimage\"},\"image\":{\"@id\":\"https:\/\/mypalmleaf.com\/de\/homa\/#primaryimage\"},\"thumbnailUrl\":\"https:\/\/mypalmleaf.com\/wp-content\/uploads\/2024\/11\/homas-thumb.jpg\",\"datePublished\":\"2024-11-10T05:53:12+00:00\",\"dateModified\":\"2025-02-17T07:04:16+00:00\",\"description\":\"Erfahren Sie mehr \u00fcber Homa Zeremonien bei MyPalmLeaf. Entdecken Sie die Bedeutung dieser heiligen Rituale und ihre transformative Wirkung auf K\u00f6rper und Geist.\",\"breadcrumb\":{\"@id\":\"https:\/\/mypalmleaf.com\/de\/homa\/#breadcrumb\"},\"inLanguage\":\"de\",\"potentialAction\":[{\"@type\":\"ReadAction\",\"target\":[\"https:\/\/mypalmleaf.com\/de\/homa\/\"]}]},{\"@type\":\"ImageObject\",\"inLanguage\":\"de\",\"@id\":\"https:\/\/mypalmleaf.com\/de\/homa\/#primaryimage\",\"url\":\"https:\/\/mypalmleaf.com\/wp-content\/uploads\/2024\/11\/homas-thumb.jpg\",\"contentUrl\":\"https:\/\/mypalmleaf.com\/wp-content\/uploads\/2024\/11\/homas-thumb.jpg\"},{\"@type\":\"BreadcrumbList\",\"@id\":\"https:\/\/mypalmleaf.com\/de\/homa\/#breadcrumb\",\"itemListElement\":[{\"@type\":\"ListItem\",\"position\":1,\"name\":\"Home\",\"item\":\"https:\/\/mypalmleaf.com\/de\/\"},{\"@type\":\"ListItem\",\"position\":2,\"name\":\"Homa\"}]},{\"@type\":\"WebSite\",\"@id\":\"https:\/\/mypalmleaf.com\/#website\",\"url\":\"https:\/\/mypalmleaf.com\/\",\"name\":\"My Palm Leaf\",\"description\":\"\",\"potentialAction\":[{\"@type\":\"SearchAction\",\"target\":{\"@type\":\"EntryPoint\",\"urlTemplate\":\"https:\/\/mypalmleaf.com\/?s={search_term_string}\"},\"query-input\":{\"@type\":\"PropertyValueSpecification\",\"valueRequired\":true,\"valueName\":\"search_term_string\"}}],\"inLanguage\":\"de\"}]}<\/script>\n<!-- \/ Yoast SEO plugin. -->","yoast_head_json":{"title":"Homa Zeremonien | Spirituelle Praxis bei MyPalmLeaf","description":"Erfahren Sie mehr \u00fcber Homa Zeremonien bei MyPalmLeaf. Entdecken Sie die Bedeutung dieser heiligen Rituale und ihre transformative Wirkung auf K\u00f6rper und Geist.","robots":{"index":"index","follow":"follow","max-snippet":"max-snippet:-1","max-image-preview":"max-image-preview:large","max-video-preview":"max-video-preview:-1"},"canonical":"https:\/\/mypalmleaf.com\/de\/homa\/","og_locale":"de_DE","og_type":"article","og_title":"Homa Zeremonien | Spirituelle Praxis bei MyPalmLeaf","og_description":"Erfahren Sie mehr \u00fcber Homa Zeremonien bei MyPalmLeaf. Entdecken Sie die Bedeutung dieser heiligen Rituale und ihre transformative Wirkung auf K\u00f6rper und Geist.","og_url":"https:\/\/mypalmleaf.com\/de\/homa\/","og_site_name":"My Palm Leaf","article_modified_time":"2025-02-17T07:04:16+00:00","og_image":[{"url":"https:\/\/mypalmleaf.com\/wp-content\/uploads\/2024\/11\/homas-thumb.jpg","type":"","width":"","height":""}],"twitter_card":"summary_large_image","twitter_misc":{"Gesch\u00e4tzte Lesezeit":"2\u00a0Minuten"},"schema":{"@context":"https:\/\/schema.org","@graph":[{"@type":"WebPage","@id":"https:\/\/mypalmleaf.com\/de\/homa\/","url":"https:\/\/mypalmleaf.com\/de\/homa\/","name":"Homa Zeremonien | Spirituelle Praxis bei MyPalmLeaf","isPartOf":{"@id":"https:\/\/mypalmleaf.com\/#website"},"primaryImageOfPage":{"@id":"https:\/\/mypalmleaf.com\/de\/homa\/#primaryimage"},"image":{"@id":"https:\/\/mypalmleaf.com\/de\/homa\/#primaryimage"},"thumbnailUrl":"https:\/\/mypalmleaf.com\/wp-content\/uploads\/2024\/11\/homas-thumb.jpg","datePublished":"2024-11-10T05:53:12+00:00","dateModified":"2025-02-17T07:04:16+00:00","description":"Erfahren Sie mehr \u00fcber Homa Zeremonien bei MyPalmLeaf. Entdecken Sie die Bedeutung dieser heiligen Rituale und ihre transformative Wirkung auf K\u00f6rper und Geist.","breadcrumb":{"@id":"https:\/\/mypalmleaf.com\/de\/homa\/#breadcrumb"},"inLanguage":"de","potentialAction":[{"@type":"ReadAction","target":["https:\/\/mypalmleaf.com\/de\/homa\/"]}]},{"@type":"ImageObject","inLanguage":"de","@id":"https:\/\/mypalmleaf.com\/de\/homa\/#primaryimage","url":"https:\/\/mypalmleaf.com\/wp-content\/uploads\/2024\/11\/homas-thumb.jpg","contentUrl":"https:\/\/mypalmleaf.com\/wp-content\/uploads\/2024\/11\/homas-thumb.jpg"},{"@type":"BreadcrumbList","@id":"https:\/\/mypalmleaf.com\/de\/homa\/#breadcrumb","itemListElement":[{"@type":"ListItem","position":1,"name":"Home","item":"https:\/\/mypalmleaf.com\/de\/"},{"@type":"ListItem","position":2,"name":"Homa"}]},{"@type":"WebSite","@id":"https:\/\/mypalmleaf.com\/#website","url":"https:\/\/mypalmleaf.com\/","name":"My Palm Leaf","description":"","potentialAction":[{"@type":"SearchAction","target":{"@type":"EntryPoint","urlTemplate":"https:\/\/mypalmleaf.com\/?s={search_term_string}"},"query-input":{"@type":"PropertyValueSpecification","valueRequired":true,"valueName":"search_term_string"}}],"inLanguage":"de"}]}},"_links":{"self":[{"href":"https:\/\/mypalmleaf.com\/de\/wp-json\/wp\/v2\/pages\/45486","targetHints":{"allow":["GET"]}}],"collection":[{"href":"https:\/\/mypalmleaf.com\/de\/wp-json\/wp\/v2\/pages"}],"about":[{"href":"https:\/\/mypalmleaf.com\/de\/wp-json\/wp\/v2\/types\/page"}],"author":[{"embeddable":true,"href":"https:\/\/mypalmleaf.com\/de\/wp-json\/wp\/v2\/users\/1"}],"replies":[{"embeddable":true,"href":"https:\/\/mypalmleaf.com\/de\/wp-json\/wp\/v2\/comments?post=45486"}],"version-history":[{"count":0,"href":"https:\/\/mypalmleaf.com\/de\/wp-json\/wp\/v2\/pages\/45486\/revisions"}],"wp:attachment":[{"href":"https:\/\/mypalmleaf.com\/de\/wp-json\/wp\/v2\/media?parent=45486"}],"curies":[{"name":"wp","href":"https:\/\/api.w.org\/{rel}","templated":true}]}}