{"id":45526,"date":"2024-11-10T07:16:42","date_gmt":"2024-11-10T07:16:42","guid":{"rendered":"https:\/\/mypalmleaf.com\/athma-shanthi-puja\/"},"modified":"2025-08-05T11:22:01","modified_gmt":"2025-08-05T11:22:01","slug":"athma-shanthi-puja","status":"publish","type":"page","link":"https:\/\/mypalmleaf.com\/de\/athma-shanthi-puja\/","title":{"rendered":"Athma Shanthi Puja"},"content":{"rendered":"\n<section class=\"spotlight-main small top-gap\">\n    <!-- <div class=\"slider-wrap\" data-flickity='{ \"cellAlign\": \"left\", \"contain\": true, \"wrapAround\": true, \"setGallerySize\": false }'> -->\n    <div class=\"slider-wrap\" data-flickity='{ \"cellAlign\": \"left\", \"contain\": true, \"wrapAround\": true, \"setGallerySize\": false  }'>\n            <div class=\"slides\">\n        <div class=\"content-wrap\">\n          <div class=\"image\">\n            <picture>\n              <source media=\"(max-width: 999px)\" srcset=\"https:\/\/mypalmleaf.com\/wp-content\/uploads\/2024\/11\/athma-shanti-puja-spotlight.-mob.jpg\" \/>\n              <source media=\"(min-width: 1000px)\" srcset=\"https:\/\/mypalmleaf.com\/wp-content\/uploads\/2024\/11\/athma-shanti-puja-spotlight.jpg\" \/>\n              <img decoding=\"async\" src=\"https:\/\/mypalmleaf.com\/wp-content\/uploads\/2024\/11\/athma-shanti-puja-spotlight.jpg\" class=\"img-fluid\" alt=\"\" \/>\n            <\/picture>\n          <\/div>\n          <div class=\"content\">\n            <div data-aos=\"fade-up\" data-aos-duration=\"1000\">\n              <h2 class=\"\">Athma Shanthi Puja: Ein heiliges Ritual f\u00fcr verstorbene Seelen<\/h2>\n              <p>Bringe Frieden und Befreiung f\u00fcr die Seelen deiner Lieben durch diese tiefgr\u00fcndige vedische Zeremonie.<\/p>\n                                  <a href=\"https:\/\/mypalmleaf.com\/de\/kosten\/athma-shanthi-puja-besonderes-ritual-um-der-seele-von-jemand-der-verstorben-ist-zu-helfen-in-frieden-zu-ruhen\/\" class=\"btn btn-primary\">Buche deine Puja<\/a>\n                   \n            <\/div>\n          <\/div>\n        <\/div>\n      <\/div>\n          <\/div>\n<\/section>\n\n\n<section class=\"my-6 position-relative\">\n    <div class=\"container-xl\" data-aos=\"fade-up\" data-aos-duration=\"1000\">\n      <div class=\"row align-items-center\">\n        <div class=\"col-lg-5 mb-4 mb-lg-0\">\n          <div class=\"rounded-asset\">\n            <img decoding=\"async\" src=\"https:\/\/mypalmleaf.com\/wp-content\/uploads\/2024\/11\/de.jpg\" class=\"img-fluid\" alt=\"\"><div class=\"play-icon\"><\/div>\n            <a href=\"https:\/\/www.youtube.com\/watch?v=pGo5B7x-UK0\" class=\"stretched-link\" data-lity><\/a>\n          <\/div>\n        <\/div>\n        <div class=\"col-lg-7\">\n          <h2 class=\"mb-4\">Was ist die Athma Shanthi Puja?<\/h2>\n          <p>Die Athma Shanthi Puja ist ein heiliges Ritual, das durchgef\u00fchrt wird, um die Seelen der verstorbenen Angeh\u00f6rigen zu ehren und ihnen Frieden zu bringen. Nach vedischen Traditionen hilft diese Zeremonie der verstorbenen Seele, Befreiung (Moksha) zu finden und kann alle verbleibenden karmischen Schulden oder St\u00f6rungen aufl\u00f6sen. Sie ist besonders f\u00fcr diejenigen von Bedeutung, die unerwartet oder tragisch verstorben sind oder keine Gelegenheit hatten, angemessene Riten zu empfangen.<\/p>\n<p>W\u00e4hrend der Puja rezitieren unsere erfahrenen vedischen Priester heilige Mantren, bringen Gebete dar und f\u00fchren Rituale durch, die Harmonie und spirituelle Befreiung bringen.<\/p>\n        <\/div>\n      <\/div>\n    <\/div>\n    <\/section>\n\n\n<section class=\"my-6 position-relative\">\n  <div class=\"container-xl aos-init aos-animate\" data-aos=\"fade-up\" data-aos-duration=\"1000\">\n    <div class=\"row align-items-center\">\n      <div class=\"col-lg-7\">\n        <h2 class=\"mb-4\">Warum solltest du die Athma Shanthi Puja durchf\u00fchren?<\/h2>\n<p>Die Athma Shanthi Puja ist ein mitf\u00fchlendes und kraftvolles Ritual, das sowohl den Lebenden als auch den Verstorbenen dient. Hier erf\u00e4hrst du, warum es so wichtig ist: <\/p>\n<ul>\n<li>Seelenbefreiung: Hilf der verstorbenen Seele, Frieden und Befreiung aus dem Kreislauf der Wiedergeburt zu erlangen.<\/li>\n<li>Karmische Aufl\u00f6sung: Befreie dich von negativen karmischen Einfl\u00fcssen, die durch ungel\u00f6ste Energien der Vorfahren verursacht wurden.<\/li>\n<li>Segen der Vorfahren: Bringe den Segen und den Schutz deiner Vorfahren in dein Leben.<\/li>\n<li>Heilung und Abschluss: Sorge f\u00fcr emotionale Heilung und einen Abschluss f\u00fcr trauernde Familienmitglieder.<\/li>\n<\/ul>\n<div class=\"dual-btn-cont mt-4\">\n<ul>\n<li><a href=\"https:\/\/mypalmleaf.com\/de\/kosten\/athma-shanthi-puja-besonderes-ritual-um-der-seele-von-jemand-der-verstorben-ist-zu-helfen-in-frieden-zu-ruhen\/\" class=\"btn btn-primary\">Buche die Athma Shanti Puja f\u00fcr die Seelen deiner Vorfahren<\/a><\/li>\n<\/ul>\n<\/div>\n      <\/div>\n      <div class=\"col-lg-5 mb-4 mb-lg-0\">\n        <div class=\"rounded-asset\">\n          <img decoding=\"async\" src=\"https:\/\/staging.mypalmleaf.com\/wp-content\/uploads\/2024\/11\/atma-shant-thumb1.jpg\" class=\"img-fluid\" alt=\"\"\/>\n        <\/div>\n      <\/div>\n    <\/div>\n  <\/div>\n       \n  <\/section>\n\n\n\n<section class=\"my-6 position-relative\">\n  <div class=\"container-xl aos-init aos-animate\" data-aos=\"fade-up\" data-aos-duration=\"1000\">\n    <div class=\"row align-items-center\">\n      <div class=\"col-lg-5 mb-4 mb-lg-0\">\n        <div class=\"rounded-asset\">\n          <img decoding=\"async\" src=\"https:\/\/staging.mypalmleaf.com\/wp-content\/uploads\/2024\/11\/atma-shant-thumb2.jpg\" class=\"img-fluid\" alt=\"\"\/>\n        <\/div>\n      <\/div>\n      <div class=\"col-lg-7\">\n        <h2 class=\"mb-4\">Wer sollte diese Puja in Betracht ziehen?<\/h2>\n        <p>Die Athma Shanthi Puja wird f\u00fcr jeden empfohlen, der einen geliebten Menschen verloren hat und seiner Seele Frieden bringen m\u00f6chte. Sie ist besonders hilfreich, wenn: <\/p>\n        <ul>\n          <li>die verstorbene Seele unter tragischen oder pl\u00f6tzlichen Umst\u00e4nden verstorben ist.<\/li>\n          <li>keine ordnungsgem\u00e4\u00dfen Beerdigungsriten durchgef\u00fchrt wurden oder das Gef\u00fchl besteht, dass die spirituelle Arbeit nicht abgeschlossen ist.<\/li>\n          <li>du die Anwesenheit von St\u00f6rungen der Vorfahren in deinem Leben sp\u00fcrst.<\/li>\n          <li>du deine Vorfahren ehren und ihnen Dankbarkeit entgegenbringen m\u00f6chtest.<\/li>\n        <\/ul>\n<div class=\"dual-btn-cont mt-4\">\n<ul>\n<li><a href=\"https:\/\/mypalmleaf.com\/de\/kosten\/athma-shanthi-puja-besonderes-ritual-um-der-seele-von-jemand-der-verstorben-ist-zu-helfen-in-frieden-zu-ruhen\/\" class=\"btn btn-primary\">Buche die Athma Shanti Puja f\u00fcr die Seelen deiner Vorfahren<\/a><\/li>\n<\/ul>\n<\/div>\n      <\/div>\n      \n    <\/div>\n  <\/div>\n       \n  <\/section>\n\n\n\n<section class=\"my-6 position-relative\">\n  <div class=\"container-xl aos-init aos-animate\" data-aos=\"fade-up\" data-aos-duration=\"1000\">\n    <div class=\"row align-items-center\">\n      <div class=\"col-lg-7\">\n        <h2 class=\"mb-4\">Wie wird die Athma Shanti Puja durchgef\u00fchrt?<\/h2>\n<p>Die Zeremonie wird nach alten vedischen Traditionen durchgef\u00fchrt und findet normalerweise in der N\u00e4he eines heiligen Gew\u00e4ssers oder eines Altars statt. Hier ist, was du erwarten kannst: <\/p>\n<ul>\n<li>Anrufung der g\u00f6ttlichen Energien: Das Ritual beginnt mit dem Rezitieren von Mantren und Gebeten, um den Raum zu reinigen und g\u00f6ttliche Energien anzurufen.<\/li>\n<li>Heilige Opfergaben: Der verstorbenen Seele werden Opfergaben, darunter Reis, Blumen und heilige Gegenst\u00e4nde, dargebracht.<\/li>\n<li>Gebete f\u00fcr den Frieden: Spezielle Gebete und Mantren werden gesprochen, um die Seele zu segnen und sie zur Befreiung zu f\u00fchren.  <\/li>\n<li>Wasser-Rituale: Die Zeremonie kann Opfergaben an heilige Gew\u00e4sser beinhalten, die die Reinigung und Befreiung der Seele symbolisieren.<\/li>\n<\/ul>\n<div class=\"dual-btn-cont mt-4\">\n<ul>\n<li><a href=\"https:\/\/mypalmleaf.com\/de\/kosten\/athma-shanthi-puja-besonderes-ritual-um-der-seele-von-jemand-der-verstorben-ist-zu-helfen-in-frieden-zu-ruhen\/\" class=\"btn btn-primary\">Buche die Athma Shanti Puja f\u00fcr die Seelen deiner Vorfahren<\/a><\/li>\n<\/ul>\n<\/div>\n      <\/div>\n      <div class=\"col-lg-5 mb-4 mb-lg-0\">\n        <div class=\"rounded-asset\">\n          <img decoding=\"async\" src=\"https:\/\/staging.mypalmleaf.com\/wp-content\/uploads\/2024\/11\/atma-shant-thumb3-1.jpg\" class=\"img-fluid\" alt=\"\"\/>\n        <\/div>\n      <\/div>\n    <\/div>\n  <\/div>\n       \n  <\/section>\n\n\n<section class=\"accordion-container position-relative \" data-aos=\"fade-up\" data-aos-duration=\"1000\" id=\"general-questions\">\n  <div class=\"container-xl\">\n    <div class=\"row\">\n      <h3>H\u00e4ufig gestellte Fragen<\/h3>\n      <div class=\"accr-wrap\">\n                  <div class=\"head\">Muss ich bei der Athma Shanthi Puja anwesend sein?<\/div>\n          <div class=\"content\">\n            <p>Nein, es ist nicht notwendig, physisch anwesend zu sein. Unsere vedischen Priester werden das Ritual mit der gleichen Ehrfurcht und Absicht durchf\u00fchren, und die Segnungen und die Energie werden die Seele unabh\u00e4ngig von deiner Anwesenheit erreichen. Du kannst jedoch \u00fcber Zoom teilnehmen, wenn du der Zeremonie beiwohnen m\u00f6chtest.<\/p>\n          <\/div>\n                  <div class=\"head\">Kann die Puja f\u00fcr jemanden durchgef\u00fchrt werden, der vor langer Zeit verstorben ist?<\/div>\n          <div class=\"content\">\n            <p>Ja, die Athma Shanti Puja kann f\u00fcr Seelen durchgef\u00fchrt werden, die vor vielen Jahren verstorben sind. Das Ritual ist zeitlos und kann jeder Seele Frieden und Befreiung bringen, unabh\u00e4ngig davon, wann sie verstorben ist.<\/p>\n          <\/div>\n                  <div class=\"head\">Welche Angaben muss ich f\u00fcr die Puja machen?<\/div>\n          <div class=\"content\">\n            <p>In der Regel ben\u00f6tigen wir den Namen der verstorbenen Seele und deine Beziehung zu ihr. Zus\u00e4tzliche Details, wie die Umst\u00e4nde des Ablebens, k\u00f6nnen ebenfalls hilfreich sein.<\/p>\n          <\/div>\n                  <div class=\"head\">Kann die Athma Shanthi Puja f\u00fcr mehrere Seelen auf einmal durchgef\u00fchrt werden?<\/div>\n          <div class=\"content\">\n            <p>Ja, es ist m\u00f6glich, die Puja f\u00fcr mehr als eine Seele durchzuf\u00fchren. Bitte gib die Details der einzelnen Seelen an und unsere Priester werden daf\u00fcr sorgen, dass das Ritual entsprechend personalisiert wird.<\/p>\n          <\/div>\n                  <div class=\"head\">Was sollte ich nach der Puja tun?<\/div>\n          <div class=\"content\">\n            <p>Nach einer Athma Shanthi Puja nimm dir einen Moment der Stille, um die verstorbene Seele zu ehren, und dr\u00fccke deine Dankbarkeit f\u00fcr die Zeremonie aus. Bete f\u00fcr ihren friedvollen \u00dcbergang und z\u00fcnde eine Kerze oder eine Diya (\u00d6llampe) als Symbol deiner Absicht an. Vermeide anstrengende Aktivit\u00e4ten und tue, wenn m\u00f6glich, eine gute Tat oder spende etwas in ihrem Namen. Vertraue darauf, dass die Puja ihren Zweck erf\u00fcllt hat, Frieden und karmische Aufl\u00f6sung zu bringen.<\/p>\n          <\/div>\n                  <div class=\"head\">Wie lange dauert die Athma Shanthi Puja?<\/div>\n          <div class=\"content\">\n            <p>Die Puja dauert in der Regel 20 &#8211; 60 Minuten, je nach Komplexit\u00e4t und Anzahl der zu ehrenden Seelen. Die Vorbereitung f\u00fcr die Zeremonie dauert viele Stunden.<\/p>\n          <\/div>\n                  <div class=\"head\">Kann ich diese Puja an wichtigen Daten, wie Jahrestagen oder w\u00e4hrend Pitru Paksha, durchf\u00fchren?<\/div>\n          <div class=\"content\">\n            <p>Ja, die Durchf\u00fchrung der Athma Shanthi Puja an bedeutenden Daten wie Todestagen oder w\u00e4hrend der Pitru Paksha-Periode kann ihre Vorteile verst\u00e4rken. Wir k\u00f6nnen dir helfen, die Zeremonie entsprechend zu planen.<\/p>\n          <\/div>\n                  <div class=\"head\">Ist die Athma Shanthi Puja f\u00fcr alle Glaubensrichtungen und Traditionen geeignet?<\/div>\n          <div class=\"content\">\n            <p>Ja, obwohl die Puja in der vedischen Tradition verwurzelt ist, ist sie ein universelles Ritual, das den Verstorbenen Frieden und Segen bringen soll. Sie kann von jedem durchgef\u00fchrt werden, unabh\u00e4ngig von seinen spirituellen oder religi\u00f6sen \u00dcberzeugungen.<\/p>\n          <\/div>\n                  <div class=\"head\">Werde ich von einem Moderator von Mypalmleaf begleitet werden?<\/div>\n          <div class=\"content\">\n            <p>Ja, einer unserer Moderatoren wird bei der Athma Shanti Puja anwesend sein. Er wird dich anleiten und dir bei Bedarf alles erkl\u00e4ren.<\/p>\n          <\/div>\n              <\/div>\n    <\/div>\n  <\/div>\n  \n<\/section>\n<\/div>","protected":false},"excerpt":{"rendered":"<p>Warum solltest du die Athma Shanthi Puja durchf\u00fchren? Die Athma Shanthi Puja ist ein mitf\u00fchlendes und kraftvolles Ritual, das sowohl den Lebenden als auch den Verstorbenen dient. Hier erf\u00e4hrst du, warum es so wichtig ist: Seelenbefreiung: Hilf der verstorbenen Seele, Frieden und Befreiung aus dem Kreislauf der Wiedergeburt zu erlangen. Karmische Aufl\u00f6sung: Befreie dich von [&hellip;]<\/p>\n","protected":false},"author":1,"featured_media":0,"parent":0,"menu_order":0,"comment_status":"closed","ping_status":"closed","template":"","meta":{"_acf_changed":false,"footnotes":""},"class_list":["post-45526","page","type-page","status-publish","hentry"],"acf":[],"yoast_head":"<!-- This site is optimized with the Yoast SEO plugin v26.4 - https:\/\/yoast.com\/wordpress\/plugins\/seo\/ -->\n<title>Athma Shanthi Puja \u2013 Seelenfrieden durch Ritual<\/title>\n<meta name=\"description\" content=\"Erfahren Sie, wie die Athma Shanthi Puja den Seelenfrieden f\u00f6rdert. Diese heilende Zeremonie hilft, negative Energien zu l\u00f6sen und Harmonie zu bringen.\" \/>\n<meta name=\"robots\" content=\"index, follow, max-snippet:-1, max-image-preview:large, max-video-preview:-1\" \/>\n<link rel=\"canonical\" href=\"https:\/\/mypalmleaf.com\/de\/athma-shanthi-puja\/\" \/>\n<meta property=\"og:locale\" content=\"de_DE\" \/>\n<meta property=\"og:type\" content=\"article\" \/>\n<meta property=\"og:title\" content=\"Athma Shanthi Puja \u2013 Seelenfrieden durch Ritual\" \/>\n<meta property=\"og:description\" content=\"Erfahren Sie, wie die Athma Shanthi Puja den Seelenfrieden f\u00f6rdert. Diese heilende Zeremonie hilft, negative Energien zu l\u00f6sen und Harmonie zu bringen.\" \/>\n<meta property=\"og:url\" content=\"https:\/\/mypalmleaf.com\/de\/athma-shanthi-puja\/\" \/>\n<meta property=\"og:site_name\" content=\"My Palm Leaf\" \/>\n<meta property=\"article:modified_time\" content=\"2025-08-05T11:22:01+00:00\" \/>\n<meta property=\"og:image\" content=\"https:\/\/staging.mypalmleaf.com\/wp-content\/uploads\/2024\/11\/atma-shant-thumb1.jpg\" \/>\n<meta name=\"twitter:card\" content=\"summary_large_image\" \/>\n<meta name=\"twitter:label1\" content=\"Gesch\u00e4tzte Lesezeit\" \/>\n\t<meta name=\"twitter:data1\" content=\"2\u00a0Minuten\" \/>\n<script type=\"application\/ld+json\" class=\"yoast-schema-graph\">{\"@context\":\"https:\/\/schema.org\",\"@graph\":[{\"@type\":\"WebPage\",\"@id\":\"https:\/\/mypalmleaf.com\/de\/athma-shanthi-puja\/\",\"url\":\"https:\/\/mypalmleaf.com\/de\/athma-shanthi-puja\/\",\"name\":\"Athma Shanthi Puja \u2013 Seelenfrieden durch Ritual\",\"isPartOf\":{\"@id\":\"https:\/\/mypalmleaf.com\/#website\"},\"primaryImageOfPage\":{\"@id\":\"https:\/\/mypalmleaf.com\/de\/athma-shanthi-puja\/#primaryimage\"},\"image\":{\"@id\":\"https:\/\/mypalmleaf.com\/de\/athma-shanthi-puja\/#primaryimage\"},\"thumbnailUrl\":\"https:\/\/staging.mypalmleaf.com\/wp-content\/uploads\/2024\/11\/atma-shant-thumb1.jpg\",\"datePublished\":\"2024-11-10T07:16:42+00:00\",\"dateModified\":\"2025-08-05T11:22:01+00:00\",\"description\":\"Erfahren Sie, wie die Athma Shanthi Puja den Seelenfrieden f\u00f6rdert. Diese heilende Zeremonie hilft, negative Energien zu l\u00f6sen und Harmonie zu bringen.\",\"breadcrumb\":{\"@id\":\"https:\/\/mypalmleaf.com\/de\/athma-shanthi-puja\/#breadcrumb\"},\"inLanguage\":\"de\",\"potentialAction\":[{\"@type\":\"ReadAction\",\"target\":[\"https:\/\/mypalmleaf.com\/de\/athma-shanthi-puja\/\"]}]},{\"@type\":\"ImageObject\",\"inLanguage\":\"de\",\"@id\":\"https:\/\/mypalmleaf.com\/de\/athma-shanthi-puja\/#primaryimage\",\"url\":\"https:\/\/staging.mypalmleaf.com\/wp-content\/uploads\/2024\/11\/atma-shant-thumb1.jpg\",\"contentUrl\":\"https:\/\/staging.mypalmleaf.com\/wp-content\/uploads\/2024\/11\/atma-shant-thumb1.jpg\"},{\"@type\":\"BreadcrumbList\",\"@id\":\"https:\/\/mypalmleaf.com\/de\/athma-shanthi-puja\/#breadcrumb\",\"itemListElement\":[{\"@type\":\"ListItem\",\"position\":1,\"name\":\"Home\",\"item\":\"https:\/\/mypalmleaf.com\/de\/\"},{\"@type\":\"ListItem\",\"position\":2,\"name\":\"Athma Shanthi Puja\"}]},{\"@type\":\"WebSite\",\"@id\":\"https:\/\/mypalmleaf.com\/#website\",\"url\":\"https:\/\/mypalmleaf.com\/\",\"name\":\"My Palm Leaf\",\"description\":\"\",\"potentialAction\":[{\"@type\":\"SearchAction\",\"target\":{\"@type\":\"EntryPoint\",\"urlTemplate\":\"https:\/\/mypalmleaf.com\/?s={search_term_string}\"},\"query-input\":{\"@type\":\"PropertyValueSpecification\",\"valueRequired\":true,\"valueName\":\"search_term_string\"}}],\"inLanguage\":\"de\"}]}<\/script>\n<!-- \/ Yoast SEO plugin. -->","yoast_head_json":{"title":"Athma Shanthi Puja \u2013 Seelenfrieden durch Ritual","description":"Erfahren Sie, wie die Athma Shanthi Puja den Seelenfrieden f\u00f6rdert. Diese heilende Zeremonie hilft, negative Energien zu l\u00f6sen und Harmonie zu bringen.","robots":{"index":"index","follow":"follow","max-snippet":"max-snippet:-1","max-image-preview":"max-image-preview:large","max-video-preview":"max-video-preview:-1"},"canonical":"https:\/\/mypalmleaf.com\/de\/athma-shanthi-puja\/","og_locale":"de_DE","og_type":"article","og_title":"Athma Shanthi Puja \u2013 Seelenfrieden durch Ritual","og_description":"Erfahren Sie, wie die Athma Shanthi Puja den Seelenfrieden f\u00f6rdert. Diese heilende Zeremonie hilft, negative Energien zu l\u00f6sen und Harmonie zu bringen.","og_url":"https:\/\/mypalmleaf.com\/de\/athma-shanthi-puja\/","og_site_name":"My Palm Leaf","article_modified_time":"2025-08-05T11:22:01+00:00","og_image":[{"url":"https:\/\/staging.mypalmleaf.com\/wp-content\/uploads\/2024\/11\/atma-shant-thumb1.jpg","type":"","width":"","height":""}],"twitter_card":"summary_large_image","twitter_misc":{"Gesch\u00e4tzte Lesezeit":"2\u00a0Minuten"},"schema":{"@context":"https:\/\/schema.org","@graph":[{"@type":"WebPage","@id":"https:\/\/mypalmleaf.com\/de\/athma-shanthi-puja\/","url":"https:\/\/mypalmleaf.com\/de\/athma-shanthi-puja\/","name":"Athma Shanthi Puja \u2013 Seelenfrieden durch Ritual","isPartOf":{"@id":"https:\/\/mypalmleaf.com\/#website"},"primaryImageOfPage":{"@id":"https:\/\/mypalmleaf.com\/de\/athma-shanthi-puja\/#primaryimage"},"image":{"@id":"https:\/\/mypalmleaf.com\/de\/athma-shanthi-puja\/#primaryimage"},"thumbnailUrl":"https:\/\/staging.mypalmleaf.com\/wp-content\/uploads\/2024\/11\/atma-shant-thumb1.jpg","datePublished":"2024-11-10T07:16:42+00:00","dateModified":"2025-08-05T11:22:01+00:00","description":"Erfahren Sie, wie die Athma Shanthi Puja den Seelenfrieden f\u00f6rdert. Diese heilende Zeremonie hilft, negative Energien zu l\u00f6sen und Harmonie zu bringen.","breadcrumb":{"@id":"https:\/\/mypalmleaf.com\/de\/athma-shanthi-puja\/#breadcrumb"},"inLanguage":"de","potentialAction":[{"@type":"ReadAction","target":["https:\/\/mypalmleaf.com\/de\/athma-shanthi-puja\/"]}]},{"@type":"ImageObject","inLanguage":"de","@id":"https:\/\/mypalmleaf.com\/de\/athma-shanthi-puja\/#primaryimage","url":"https:\/\/staging.mypalmleaf.com\/wp-content\/uploads\/2024\/11\/atma-shant-thumb1.jpg","contentUrl":"https:\/\/staging.mypalmleaf.com\/wp-content\/uploads\/2024\/11\/atma-shant-thumb1.jpg"},{"@type":"BreadcrumbList","@id":"https:\/\/mypalmleaf.com\/de\/athma-shanthi-puja\/#breadcrumb","itemListElement":[{"@type":"ListItem","position":1,"name":"Home","item":"https:\/\/mypalmleaf.com\/de\/"},{"@type":"ListItem","position":2,"name":"Athma Shanthi Puja"}]},{"@type":"WebSite","@id":"https:\/\/mypalmleaf.com\/#website","url":"https:\/\/mypalmleaf.com\/","name":"My Palm Leaf","description":"","potentialAction":[{"@type":"SearchAction","target":{"@type":"EntryPoint","urlTemplate":"https:\/\/mypalmleaf.com\/?s={search_term_string}"},"query-input":{"@type":"PropertyValueSpecification","valueRequired":true,"valueName":"search_term_string"}}],"inLanguage":"de"}]}},"_links":{"self":[{"href":"https:\/\/mypalmleaf.com\/de\/wp-json\/wp\/v2\/pages\/45526","targetHints":{"allow":["GET"]}}],"collection":[{"href":"https:\/\/mypalmleaf.com\/de\/wp-json\/wp\/v2\/pages"}],"about":[{"href":"https:\/\/mypalmleaf.com\/de\/wp-json\/wp\/v2\/types\/page"}],"author":[{"embeddable":true,"href":"https:\/\/mypalmleaf.com\/de\/wp-json\/wp\/v2\/users\/1"}],"replies":[{"embeddable":true,"href":"https:\/\/mypalmleaf.com\/de\/wp-json\/wp\/v2\/comments?post=45526"}],"version-history":[{"count":0,"href":"https:\/\/mypalmleaf.com\/de\/wp-json\/wp\/v2\/pages\/45526\/revisions"}],"wp:attachment":[{"href":"https:\/\/mypalmleaf.com\/de\/wp-json\/wp\/v2\/media?parent=45526"}],"curies":[{"name":"wp","href":"https:\/\/api.w.org\/{rel}","templated":true}]}}