
{"id":4817,"date":"2024-08-14T18:58:17","date_gmt":"2024-08-14T18:58:17","guid":{"rendered":"https:\/\/mypalmleaf.com\/?page_id=4817"},"modified":"2025-04-16T07:28:20","modified_gmt":"2025-04-16T07:28:20","slug":"text-testimonials","status":"publish","type":"page","link":"https:\/\/mypalmleaf.com\/de\/text-testimonials\/","title":{"rendered":"Text"},"content":{"rendered":"\n<section class=\"testimonial-block my-6 pt-5 pt-md-0 mb-4 mt-xs-4\">\n  <div class=\"container-xl\">\n    <div class=\"row\">\n      <div class=\"col text-center\">\n        <h1 class=\"py-4\">Erfahrungsberichte<\/h1>\n      <\/div>\n    <\/div>\n    <div class=\"row\">\n      <div class=\"col text-center\">\n        <div class=\"tetimonial-tabs\">\n          <ul>\n            <li>\n              <ul>\n                                                  <li><a href=\"https:\/\/mypalmleaf.com\/de\/testimonials\/\" class=\"\">Videos<\/a><\/li>\n                                                    <li><a href=\"javascript:;\" class=\"active\">Text<\/a><\/li>\n                                                <\/ul>\n            <\/li>\n          <\/ul>\n        <\/div>\n      <\/div>\n    <\/div>\n    <div class=\"row\">\n              <div class=\"col-lg-6 slider-wrap inner my-5\">\n          <div class=\"slides\">\n            <div class=\"wrap\">\n              <div class=\"user-img\"><img decoding=\"async\" src=\"https:\/\/mypalmleaf.com\/wp-content\/uploads\/2024\/09\/testimonials_crystal.jpg\" class=\"img-fluid rounded-circle\" alt=\"\"><\/div>\n              <div class=\"text\">\n                <p>\u201cMeine Palmblattlesung war erhellend und inspirierend. Von Anfang an erlebte ich viele Emotionen im Zusammenhang mit meiner Lesung &#8211; Nervosit\u00e4t \u00fcber den Findungsprozess, Aufregung \u00fcber die Entdeckung meines Blattes und Verwunderung \u00fcber den Inhalt.\u201d<\/p>\n              <\/div>\n              <div class=\"name\">Crystal<\/div>\n            <\/div>\n          <\/div>\n        <\/div>\n              <div class=\"col-lg-6 slider-wrap inner my-5\">\n          <div class=\"slides\">\n            <div class=\"wrap\">\n              <div class=\"user-img\"><img decoding=\"async\" src=\"https:\/\/mypalmleaf.com\/wp-content\/uploads\/2024\/09\/testimonials_ricky.jpg\" class=\"img-fluid rounded-circle\" alt=\"\"><\/div>\n              <div class=\"text\">\n                <p>\u201cDie Palmblattlesung war ein kostbares und n\u00e4hrendes Geschenk f\u00fcr meine Seele. Die Einsichten und die F\u00fchrung der Rishis sowie die Heilmittel waren eine sch\u00f6ne Best\u00e4tigung, dass ich auf dem richtigen Weg bin. Ein Schauer des Glaubens und des Vertrauens, der sehr unterst\u00fctzend war.<\/p>\n<p>Ein paar Wochen nach der Palmblattlesung sp\u00fcre ich den Segen der Lesung, die Verbindung zu dieser alten Tradition und ich kann sehen, wie sich einige Transformationen entfalten.\u201d<\/p>\n              <\/div>\n              <div class=\"name\">Ricky<\/div>\n            <\/div>\n          <\/div>\n        <\/div>\n              <div class=\"col-lg-6 slider-wrap inner my-5\">\n          <div class=\"slides\">\n            <div class=\"wrap\">\n              <div class=\"user-img\"><img decoding=\"async\" src=\"https:\/\/mypalmleaf.com\/wp-content\/uploads\/2024\/09\/testimonials_aimee.jpg\" class=\"img-fluid rounded-circle\" alt=\"\"><\/div>\n              <div class=\"text\">\n                <p>\u201cMein Palmblatt zu finden, war einschneidender und heiliger, als ich erwartet h\u00e4tte. Alle Beteiligten waren wirklich authentisch und ich f\u00fchlte mich gesegnet, ihre Unterst\u00fctzung zu haben. Die Lesung half mir, mehr zu vertrauen und mich der Liebe hinzugeben. Es hat mir best\u00e4tigt, welches Karma und welche Herausforderungen ich in meinem Leben \u00fcberwinden muss, was mir bereits mehr Fluss und Offenheit im Leben erm\u00f6glicht.<\/p>\n<p>Vielen Dank!\u201d<\/p>\n              <\/div>\n              <div class=\"name\">Aimee<\/div>\n            <\/div>\n          <\/div>\n        <\/div>\n              <div class=\"col-lg-6 slider-wrap inner my-5\">\n          <div class=\"slides\">\n            <div class=\"wrap\">\n              <div class=\"user-img\"><img decoding=\"async\" src=\"https:\/\/mypalmleaf.com\/wp-content\/uploads\/2024\/09\/testimonials_jair.jpg\" class=\"img-fluid rounded-circle\" alt=\"\"><\/div>\n              <div class=\"text\">\n                <p>\u201cMeine Erfahrung mit der Palmblattlesung war sehr kraftvoll. Als ich zum ersten Mal davon h\u00f6rte, war ich skeptisch, aber als ich dann in meinem Zoom-Gespr\u00e4ch mit dem Brahmanen und dem tamilischen \u00dcbersetzer sa\u00df, konnte ich die Genauigkeit der Informationen, die ich erhielt, deutlich sp\u00fcren und mich f\u00fcr den Segen der Rishis und die Heiligkeit dahinter \u00f6ffnen. Vielen Dank f\u00fcr diese augen\u00f6ffnende Erfahrung.\u201d<\/p>\n              <\/div>\n              <div class=\"name\">Jair<\/div>\n            <\/div>\n          <\/div>\n        <\/div>\n              <div class=\"col-lg-6 slider-wrap inner my-5\">\n          <div class=\"slides\">\n            <div class=\"wrap\">\n              <div class=\"user-img\"><img decoding=\"async\" src=\"https:\/\/mypalmleaf.com\/wp-content\/uploads\/2024\/08\/thomas.jpg\" class=\"img-fluid rounded-circle\" alt=\"\"><\/div>\n              <div class=\"text\">\n                <p>\u201cIch bin mehr als gl\u00fccklich, dass das Palmblatt zu mir gefunden hat. Es zieht mich immer wieder an, auf meinem Weg tiefer in mich hineinzugehen und dieses Palmblatt ist ein unglaubliches Werkzeug daf\u00fcr.<\/p>\n<p>Ich kann es kaum erwarten, die Heilmittel in ein paar Tagen f\u00fcr den kommenden Vollmond anzuwenden.<\/p>\n<p>Danke Stephan, dass du den Zugang zum Palmblatt f\u00fcr alle koordinierst und erm\u00f6glichst, es ist ein gro\u00dfes Geschenk an die Menschheit.\u201d<\/p>\n              <\/div>\n              <div class=\"name\">Thomas<\/div>\n            <\/div>\n          <\/div>\n        <\/div>\n              <div class=\"col-lg-6 slider-wrap inner my-5\">\n          <div class=\"slides\">\n            <div class=\"wrap\">\n              <div class=\"user-img\"><img decoding=\"async\" src=\"https:\/\/mypalmleaf.com\/wp-content\/uploads\/2024\/08\/casey.jpg\" class=\"img-fluid rounded-circle\" alt=\"\"><\/div>\n              <div class=\"text\">\n                <p>\u201cMein palmblatt zu finden hat mir geholfen, mehr Vertrauen in das Leben und in die Art und Weise, wie die Dinge geschehen, zu haben. Ich war immer jemand, der sich gefragt hat, ob ich auf dem richtigen Weg bin, was mich in vielerlei Hinsicht davon abgehalten hat, vorw\u00e4rts zu gehen. Die F\u00fchrung, die ich von den Rishis erhielt, gab mir ein Gef\u00fchl der \u201eErlaubnis\u201c, den Lebensweg zu leben, zu dem ich mich immer berufen f\u00fchlte und mehr Vertrauen in meinen Prozess und die Art und Weise zu haben, wie sich die Dinge entfalten. Den Segen der Rishis zu erhalten, war ein gro\u00dfes Geschenk.\u201d<\/p>\n              <\/div>\n              <div class=\"name\">Casey<\/div>\n            <\/div>\n          <\/div>\n        <\/div>\n          <\/div>\n        <\/div>\n  <\/div>\n      <div class=\"parallax-item-5 parallax-item\" data-speed=\"parallax-item-7\"><img decoding=\"async\" src=\"https:\/\/mypalmleaf.com\/wp-content\/uploads\/2024\/08\/parallax-item-5-2.png\" class=\"img-fluid\" alt=\"\"><\/div>\n  <\/section>","protected":false},"excerpt":{"rendered":"","protected":false},"author":1,"featured_media":0,"parent":0,"menu_order":0,"comment_status":"closed","ping_status":"closed","template":"","meta":{"_acf_changed":false,"footnotes":""},"class_list":["post-4817","page","type-page","status-publish","hentry"],"acf":[],"yoast_head":"<!-- This site is optimized with the Yoast SEO plugin v26.4 - https:\/\/yoast.com\/wordpress\/plugins\/seo\/ -->\n<title>Text - My Palm Leaf<\/title>\n<meta name=\"description\" content=\"Lies die inspirierenden Erfahrungsberichte unserer Kunden zur Palmblattlesung und entdecke, wie sie ihr Leben ver\u00e4ndert haben. Erhalte dein eigenes Blatt.\" \/>\n<meta name=\"robots\" content=\"index, follow, max-snippet:-1, max-image-preview:large, max-video-preview:-1\" \/>\n<link rel=\"canonical\" href=\"https:\/\/mypalmleaf.com\/palm-leaf-reading-text-testimonials\/\" \/>\n<meta property=\"og:locale\" content=\"de_DE\" \/>\n<meta property=\"og:type\" content=\"article\" \/>\n<meta property=\"og:title\" content=\"Text - My Palm Leaf\" \/>\n<meta property=\"og:description\" content=\"Lies die inspirierenden Erfahrungsberichte unserer Kunden zur Palmblattlesung und entdecke, wie sie ihr Leben ver\u00e4ndert haben. Erhalte dein eigenes Blatt.\" \/>\n<meta property=\"og:url\" content=\"https:\/\/mypalmleaf.com\/palm-leaf-reading-text-testimonials\/\" \/>\n<meta property=\"og:site_name\" content=\"My Palm Leaf\" \/>\n<meta property=\"article:modified_time\" content=\"2025-04-16T07:28:20+00:00\" \/>\n<meta property=\"og:image\" content=\"https:\/\/mypalmleaf.com\/wp-content\/uploads\/2025\/08\/mpl-circle-logo.jpg\" \/>\n\t<meta property=\"og:image:width\" content=\"1200\" \/>\n\t<meta property=\"og:image:height\" content=\"1196\" \/>\n\t<meta property=\"og:image:type\" content=\"image\/jpeg\" \/>\n<meta name=\"twitter:card\" content=\"summary_large_image\" \/>\n<script type=\"application\/ld+json\" class=\"yoast-schema-graph\">{\"@context\":\"https:\/\/schema.org\",\"@graph\":[{\"@type\":\"WebPage\",\"@id\":\"https:\/\/mypalmleaf.com\/palm-leaf-reading-text-testimonials\/\",\"url\":\"https:\/\/mypalmleaf.com\/palm-leaf-reading-text-testimonials\/\",\"name\":\"Text - My Palm Leaf\",\"isPartOf\":{\"@id\":\"https:\/\/mypalmleaf.com\/#website\"},\"datePublished\":\"2024-08-14T18:58:17+00:00\",\"dateModified\":\"2025-04-16T07:28:20+00:00\",\"description\":\"Lies die inspirierenden Erfahrungsberichte unserer Kunden zur Palmblattlesung und entdecke, wie sie ihr Leben ver\u00e4ndert haben. Erhalte dein eigenes Blatt.\",\"breadcrumb\":{\"@id\":\"https:\/\/mypalmleaf.com\/palm-leaf-reading-text-testimonials\/#breadcrumb\"},\"inLanguage\":\"de\",\"potentialAction\":[{\"@type\":\"ReadAction\",\"target\":[\"https:\/\/mypalmleaf.com\/palm-leaf-reading-text-testimonials\/\"]}]},{\"@type\":\"BreadcrumbList\",\"@id\":\"https:\/\/mypalmleaf.com\/palm-leaf-reading-text-testimonials\/#breadcrumb\",\"itemListElement\":[{\"@type\":\"ListItem\",\"position\":1,\"name\":\"Home\",\"item\":\"https:\/\/mypalmleaf.com\/de\/\"},{\"@type\":\"ListItem\",\"position\":2,\"name\":\"Text\"}]},{\"@type\":\"WebSite\",\"@id\":\"https:\/\/mypalmleaf.com\/#website\",\"url\":\"https:\/\/mypalmleaf.com\/\",\"name\":\"My Palm Leaf\",\"description\":\"\",\"potentialAction\":[{\"@type\":\"SearchAction\",\"target\":{\"@type\":\"EntryPoint\",\"urlTemplate\":\"https:\/\/mypalmleaf.com\/?s={search_term_string}\"},\"query-input\":{\"@type\":\"PropertyValueSpecification\",\"valueRequired\":true,\"valueName\":\"search_term_string\"}}],\"inLanguage\":\"de\"}]}<\/script>\n<!-- \/ Yoast SEO plugin. -->","yoast_head_json":{"title":"Text - My Palm Leaf","description":"Lies die inspirierenden Erfahrungsberichte unserer Kunden zur Palmblattlesung und entdecke, wie sie ihr Leben ver\u00e4ndert haben. Erhalte dein eigenes Blatt.","robots":{"index":"index","follow":"follow","max-snippet":"max-snippet:-1","max-image-preview":"max-image-preview:large","max-video-preview":"max-video-preview:-1"},"canonical":"https:\/\/mypalmleaf.com\/palm-leaf-reading-text-testimonials\/","og_locale":"de_DE","og_type":"article","og_title":"Text - My Palm Leaf","og_description":"Lies die inspirierenden Erfahrungsberichte unserer Kunden zur Palmblattlesung und entdecke, wie sie ihr Leben ver\u00e4ndert haben. Erhalte dein eigenes Blatt.","og_url":"https:\/\/mypalmleaf.com\/palm-leaf-reading-text-testimonials\/","og_site_name":"My Palm Leaf","article_modified_time":"2025-04-16T07:28:20+00:00","og_image":[{"width":1200,"height":1196,"url":"https:\/\/mypalmleaf.com\/wp-content\/uploads\/2025\/08\/mpl-circle-logo.jpg","type":"image\/jpeg"}],"twitter_card":"summary_large_image","schema":{"@context":"https:\/\/schema.org","@graph":[{"@type":"WebPage","@id":"https:\/\/mypalmleaf.com\/palm-leaf-reading-text-testimonials\/","url":"https:\/\/mypalmleaf.com\/palm-leaf-reading-text-testimonials\/","name":"Text - My Palm Leaf","isPartOf":{"@id":"https:\/\/mypalmleaf.com\/#website"},"datePublished":"2024-08-14T18:58:17+00:00","dateModified":"2025-04-16T07:28:20+00:00","description":"Lies die inspirierenden Erfahrungsberichte unserer Kunden zur Palmblattlesung und entdecke, wie sie ihr Leben ver\u00e4ndert haben. Erhalte dein eigenes Blatt.","breadcrumb":{"@id":"https:\/\/mypalmleaf.com\/palm-leaf-reading-text-testimonials\/#breadcrumb"},"inLanguage":"de","potentialAction":[{"@type":"ReadAction","target":["https:\/\/mypalmleaf.com\/palm-leaf-reading-text-testimonials\/"]}]},{"@type":"BreadcrumbList","@id":"https:\/\/mypalmleaf.com\/palm-leaf-reading-text-testimonials\/#breadcrumb","itemListElement":[{"@type":"ListItem","position":1,"name":"Home","item":"https:\/\/mypalmleaf.com\/de\/"},{"@type":"ListItem","position":2,"name":"Text"}]},{"@type":"WebSite","@id":"https:\/\/mypalmleaf.com\/#website","url":"https:\/\/mypalmleaf.com\/","name":"My Palm Leaf","description":"","potentialAction":[{"@type":"SearchAction","target":{"@type":"EntryPoint","urlTemplate":"https:\/\/mypalmleaf.com\/?s={search_term_string}"},"query-input":{"@type":"PropertyValueSpecification","valueRequired":true,"valueName":"search_term_string"}}],"inLanguage":"de"}]}},"_links":{"self":[{"href":"https:\/\/mypalmleaf.com\/de\/wp-json\/wp\/v2\/pages\/4817","targetHints":{"allow":["GET"]}}],"collection":[{"href":"https:\/\/mypalmleaf.com\/de\/wp-json\/wp\/v2\/pages"}],"about":[{"href":"https:\/\/mypalmleaf.com\/de\/wp-json\/wp\/v2\/types\/page"}],"author":[{"embeddable":true,"href":"https:\/\/mypalmleaf.com\/de\/wp-json\/wp\/v2\/users\/1"}],"replies":[{"embeddable":true,"href":"https:\/\/mypalmleaf.com\/de\/wp-json\/wp\/v2\/comments?post=4817"}],"version-history":[{"count":0,"href":"https:\/\/mypalmleaf.com\/de\/wp-json\/wp\/v2\/pages\/4817\/revisions"}],"wp:attachment":[{"href":"https:\/\/mypalmleaf.com\/de\/wp-json\/wp\/v2\/media?parent=4817"}],"curies":[{"name":"wp","href":"https:\/\/api.w.org\/{rel}","templated":true}]}}