
{"id":7646,"date":"2024-08-28T03:20:58","date_gmt":"2024-08-28T03:20:58","guid":{"rendered":"https:\/\/mypalmleaf.com\/?page_id=7646"},"modified":"2025-02-17T06:35:33","modified_gmt":"2025-02-17T06:35:33","slug":"affiliates-program","status":"publish","type":"page","link":"https:\/\/mypalmleaf.com\/de\/affiliates-program\/","title":{"rendered":"Partnerprogramm"},"content":{"rendered":"\n<section class=\"spotlight-main small top-gap\">\n    <!-- <div class=\"slider-wrap\" data-flickity='{ \"cellAlign\": \"left\", \"contain\": true, \"wrapAround\": true, \"setGallerySize\": false }'> -->\n    <div class=\"slider-wrap\" data-flickity='{ \"cellAlign\": \"left\", \"contain\": true, \"wrapAround\": true, \"setGallerySize\": false  }'>\n            <div class=\"slides\">\n        <div class=\"content-wrap\">\n          <div class=\"image\">\n            <picture>\n              <source media=\"(max-width: 999px)\" srcset=\"https:\/\/mypalmleaf.com\/wp-content\/uploads\/2024\/09\/partnershi-spotlight-mob.jpg\" \/>\n              <source media=\"(min-width: 1000px)\" srcset=\"https:\/\/mypalmleaf.com\/wp-content\/uploads\/2024\/09\/partnershi-spotlight.jpg\" \/>\n              <img decoding=\"async\" src=\"https:\/\/mypalmleaf.com\/wp-content\/uploads\/2024\/09\/partnershi-spotlight.jpg\" class=\"img-fluid\" alt=\"\" \/>\n            <\/picture>\n          <\/div>\n          <div class=\"content\">\n            <div data-aos=\"fade-up\" data-aos-duration=\"1000\">\n              <h2 class=\"\">Werde Affiliate bei MyPalmLeaf<\/h2>\n                                 \n            <\/div>\n          <\/div>\n        <\/div>\n      <\/div>\n          <\/div>\n<\/section>\n\n<section class=\"partnerships-block my-6 position-relative\" data-aos=\"fade-up\" data-aos-duration=\"1000\">\n  <div class=\"container-xl\">\n    <div class=\"row mb-4 justify-content-center\">\n      <div class=\"col-lg-12 text-center\" data-aos=\"fade-up\" data-aos-duration=\"1000\">\n        <div class=\"row align-items-center justify-content-between\">\n                      <div class=\"col-lg-7 mt-4 mt-md-0 \">\n            <div class=\"partners-program-details\">\n              <h4>Verbreite die Botschaft als Affiliate<\/h4>\n              <p>Es ist unsere Mission, die indischen Palmblattbibliotheken Menschen aus aller Welt zug\u00e4nglich zu machen und sie mit der Weisheit der Rishis zu verbinden.<\/p>\n<p>Und wir laden dich ein, Teil dieser Mission zu sein, indem du dem Mypalmleaf Affiliate Programm beitrittst.<\/p>\n                                <a href=\"\/de\/affiliates-new\/\" class=\"btn btn-primary\">Anmeldung\/Login f\u00fcr das Partnerportal<\/a>\n                          <\/div>\n          <\/div>\n                        <div class=\"col-lg-5\"><img decoding=\"async\" src=\"https:\/\/mypalmleaf.com\/wp-content\/uploads\/2024\/08\/mpl-partnership-logo-1.png\" alt=\"\" class=\"img-fluid\"><\/div>\n                  <\/div>\n      <\/div>\n    <\/div>\n  <\/div>\n      <div class=\"parallax-item-3 parallax-item\" data-speed=\".08\"><img decoding=\"async\" src=\"https:\/\/mypalmleaf.com\/wp-content\/uploads\/2024\/08\/parallax-item-3-4.png\" class=\"img-fluid\" alt=\"\"><\/div>\n  <\/section>\n\n<section class=\"photo-gallery my-5\">\n  <div class=\"container-xl\" data-aos=\"fade-up\" data-aos-duration=\"1000\">\n            <div class=\"row\">\n      <div class=\"col-lg-10 mx-auto\">\n        <div class=\"exibition\">\n          <ul>\n                                      <li data-aos=\"fade-up\" data-aos-duration=\"800\"><img decoding=\"async\" src=\"https:\/\/mypalmleaf.com\/wp-content\/uploads\/2024\/09\/affiliate-img-1-1.webp\" alt=\"\"><\/li>\n                                        <li data-aos=\"fade-up\" data-aos-duration=\"1000\"><img decoding=\"async\" src=\"https:\/\/mypalmleaf.com\/wp-content\/uploads\/2024\/09\/affiliate-img-4.jpg\" alt=\"\"><\/li>\n                                        <li data-aos=\"fade-up\" data-aos-duration=\"1200\"><img decoding=\"async\" src=\"https:\/\/mypalmleaf.com\/wp-content\/uploads\/2024\/09\/affiliate-img-3.jpg\" alt=\"\"><\/li>\n                                        <li data-aos=\"fade-up\" data-aos-duration=\"1400\"><img decoding=\"async\" src=\"https:\/\/mypalmleaf.com\/wp-content\/uploads\/2024\/09\/affiliate-img-2.jpg\" alt=\"\"><\/li>\n                                    <\/ul>\n        <\/div>\n      <\/div>\n    <\/div>\n          <\/div>\n<\/section>\n\n<section class=\"affiliate\">\n  <div class=\"container-xl\">\n    <div class=\"row\">\n      <div class=\"col-lg-12\">\n        <h3 class=\"mb-4\">Wie funktioniert es?<\/h3>\n        <div class=\"affiliate-cont\">\n          <ul>\n                          <li>\n                <div class=\"title\">1. <a href=\"\/de\/affiliates-new\/\" class=\"btn btn-primary\">Melde dich hier<\/a> bei unserem Affiliate Programm an<\/div>\n                <div class=\"desc\"><\/div>\n              <\/li>\n                          <li>\n                <div class=\"title\">2. Erhalte deinen pers\u00f6nlichen Link im Affiliate Dashboard<\/div>\n                <div class=\"desc\"><p>Du findest deinen Affiliate Link in deinem Affiliate Dashboard<\/p>\n<\/div>\n              <\/li>\n                          <li>\n                <div class=\"title\">3. Wie du die Sprache deines Links \u00e4nderst<\/div>\n                <div class=\"desc\"><p>Standardm\u00e4\u00dfig verweist dein Link immer auf unsere englische Homepage, z.B. https:\/\/mypalmleaf.com\/?mpl=51<\/p>\n<p>Wenn du diesen nun auf unsere deutsche Homepage (oder irgendeine andere Sprache) verweisen m\u00f6chtest, erg\u00e4nze einfach ein &#8222;\/de\/&#8220; nach dem .com, so dass es dann so aussieht: https:\/\/mypalmleaf.com\/de\/?mpl=51<\/p>\n<\/div>\n              <\/li>\n                          <li>\n                <div class=\"title\">4. Teile den Link mit anderen<\/div>\n                <div class=\"desc\"><p>Du kannst den Link dann mit anderen teilen. Wenn sie die Website einmal \u00fcber deinen Affiliatelink besuchen, wird ein Cookie in ihrem Browser gespeichert. Wenn sie einige Wochen sp\u00e4ter wieder auf die Website zur\u00fcckkehren ohne \u00fcber deinen Link zu kommen und dann eine Buchung vornehmen, wird dies trotzdem als Empfehlung f\u00fcr dich gez\u00e4hlt.<\/p>\n<\/div>\n              <\/li>\n                          <li>\n                <div class=\"title\">5. Werde belohnt<\/div>\n                <div class=\"desc\"><p>F\u00fcr jede vermittelte Buchung wirst du von uns mit 30 \u20ac belohnt.<br \/>\nDiese wird monatlich auf ein Bank- oder Paypalkonto deiner Wahl \u00fcberwiesen.<\/p>\n<\/div>\n              <\/li>\n                          <li>\n                <div class=\"title\">6. \u00dcberpr\u00fcfe deine Vermittlungen<\/div>\n                <div class=\"desc\"><p>Du kannst die Anzahl deiner Vermittlungen und Websitebesuche immer in deinem Affiliate Dashboard sehen.<\/p>\n<\/div>\n              <\/li>\n                          <li>\n                <div class=\"title\"><\/div>\n                <div class=\"desc\"><p><a class=\"btn btn-primary\" href=\"https:\/\/mypalmleaf.com\/kosten\/find-your-palm-leaf-and-read-the-general-chapter\/\">Finde dein Palmblatt<\/a><\/p>\n<\/div>\n              <\/li>\n                      <\/ul>\n          <div class=\"btm-contact\"><div class=\"btm-contact\">Solltest du Fragen zu unserem Afiliate Programm haben, schicke uns bitte eine Email an <a href=\"mailto:support@mypalmleaf.com\">support@mypalmleaf.com<\/a><\/div>\n<\/div>\n        <\/div>\n      <\/div>\n    <\/div>\n  <\/div>\n<\/section>","protected":false},"excerpt":{"rendered":"","protected":false},"author":1,"featured_media":0,"parent":0,"menu_order":0,"comment_status":"closed","ping_status":"closed","template":"","meta":{"_acf_changed":false,"footnotes":""},"class_list":["post-7646","page","type-page","status-publish","hentry"],"acf":[],"yoast_head":"<!-- This site is optimized with the Yoast SEO plugin v26.4 - https:\/\/yoast.com\/wordpress\/plugins\/seo\/ -->\n<title>MyPalmLeaf Affiliate-Programm | Verdiene mit Empfehlungen<\/title>\n<meta name=\"description\" content=\"Tritt dem MyPalmLeaf Affiliate-Programm bei und verdiene durch die Empfehlung von Palmblatt-Lesungen. Profitiere von attraktiven Provisionen und starte heute!\" \/>\n<meta name=\"robots\" content=\"index, follow, max-snippet:-1, max-image-preview:large, max-video-preview:-1\" \/>\n<link rel=\"canonical\" href=\"https:\/\/mypalmleaf.com\/affiliates-program\/\" \/>\n<meta property=\"og:locale\" content=\"de_DE\" \/>\n<meta property=\"og:type\" content=\"article\" \/>\n<meta property=\"og:title\" content=\"MyPalmLeaf Affiliate-Programm | Verdiene mit Empfehlungen\" \/>\n<meta property=\"og:description\" content=\"Tritt dem MyPalmLeaf Affiliate-Programm bei und verdiene durch die Empfehlung von Palmblatt-Lesungen. Profitiere von attraktiven Provisionen und starte heute!\" \/>\n<meta property=\"og:url\" content=\"https:\/\/mypalmleaf.com\/affiliates-program\/\" \/>\n<meta property=\"og:site_name\" content=\"My Palm Leaf\" \/>\n<meta property=\"article:modified_time\" content=\"2025-02-17T06:35:33+00:00\" \/>\n<meta property=\"og:image\" content=\"https:\/\/mypalmleaf.com\/wp-content\/uploads\/2025\/08\/mpl-circle-logo.jpg\" \/>\n\t<meta property=\"og:image:width\" content=\"1200\" \/>\n\t<meta property=\"og:image:height\" content=\"1196\" \/>\n\t<meta property=\"og:image:type\" content=\"image\/jpeg\" \/>\n<meta name=\"twitter:card\" content=\"summary_large_image\" \/>\n<script type=\"application\/ld+json\" class=\"yoast-schema-graph\">{\"@context\":\"https:\/\/schema.org\",\"@graph\":[{\"@type\":\"WebPage\",\"@id\":\"https:\/\/mypalmleaf.com\/affiliates-program\/\",\"url\":\"https:\/\/mypalmleaf.com\/affiliates-program\/\",\"name\":\"MyPalmLeaf Affiliate-Programm | Verdiene mit Empfehlungen\",\"isPartOf\":{\"@id\":\"https:\/\/mypalmleaf.com\/#website\"},\"datePublished\":\"2024-08-28T03:20:58+00:00\",\"dateModified\":\"2025-02-17T06:35:33+00:00\",\"description\":\"Tritt dem MyPalmLeaf Affiliate-Programm bei und verdiene durch die Empfehlung von Palmblatt-Lesungen. Profitiere von attraktiven Provisionen und starte heute!\",\"breadcrumb\":{\"@id\":\"https:\/\/mypalmleaf.com\/affiliates-program\/#breadcrumb\"},\"inLanguage\":\"de\",\"potentialAction\":[{\"@type\":\"ReadAction\",\"target\":[\"https:\/\/mypalmleaf.com\/affiliates-program\/\"]}]},{\"@type\":\"BreadcrumbList\",\"@id\":\"https:\/\/mypalmleaf.com\/affiliates-program\/#breadcrumb\",\"itemListElement\":[{\"@type\":\"ListItem\",\"position\":1,\"name\":\"Home\",\"item\":\"https:\/\/mypalmleaf.com\/de\/\"},{\"@type\":\"ListItem\",\"position\":2,\"name\":\"Partnerprogramm\"}]},{\"@type\":\"WebSite\",\"@id\":\"https:\/\/mypalmleaf.com\/#website\",\"url\":\"https:\/\/mypalmleaf.com\/\",\"name\":\"My Palm Leaf\",\"description\":\"\",\"potentialAction\":[{\"@type\":\"SearchAction\",\"target\":{\"@type\":\"EntryPoint\",\"urlTemplate\":\"https:\/\/mypalmleaf.com\/?s={search_term_string}\"},\"query-input\":{\"@type\":\"PropertyValueSpecification\",\"valueRequired\":true,\"valueName\":\"search_term_string\"}}],\"inLanguage\":\"de\"}]}<\/script>\n<!-- \/ Yoast SEO plugin. -->","yoast_head_json":{"title":"MyPalmLeaf Affiliate-Programm | Verdiene mit Empfehlungen","description":"Tritt dem MyPalmLeaf Affiliate-Programm bei und verdiene durch die Empfehlung von Palmblatt-Lesungen. Profitiere von attraktiven Provisionen und starte heute!","robots":{"index":"index","follow":"follow","max-snippet":"max-snippet:-1","max-image-preview":"max-image-preview:large","max-video-preview":"max-video-preview:-1"},"canonical":"https:\/\/mypalmleaf.com\/affiliates-program\/","og_locale":"de_DE","og_type":"article","og_title":"MyPalmLeaf Affiliate-Programm | Verdiene mit Empfehlungen","og_description":"Tritt dem MyPalmLeaf Affiliate-Programm bei und verdiene durch die Empfehlung von Palmblatt-Lesungen. Profitiere von attraktiven Provisionen und starte heute!","og_url":"https:\/\/mypalmleaf.com\/affiliates-program\/","og_site_name":"My Palm Leaf","article_modified_time":"2025-02-17T06:35:33+00:00","og_image":[{"width":1200,"height":1196,"url":"https:\/\/mypalmleaf.com\/wp-content\/uploads\/2025\/08\/mpl-circle-logo.jpg","type":"image\/jpeg"}],"twitter_card":"summary_large_image","schema":{"@context":"https:\/\/schema.org","@graph":[{"@type":"WebPage","@id":"https:\/\/mypalmleaf.com\/affiliates-program\/","url":"https:\/\/mypalmleaf.com\/affiliates-program\/","name":"MyPalmLeaf Affiliate-Programm | Verdiene mit Empfehlungen","isPartOf":{"@id":"https:\/\/mypalmleaf.com\/#website"},"datePublished":"2024-08-28T03:20:58+00:00","dateModified":"2025-02-17T06:35:33+00:00","description":"Tritt dem MyPalmLeaf Affiliate-Programm bei und verdiene durch die Empfehlung von Palmblatt-Lesungen. Profitiere von attraktiven Provisionen und starte heute!","breadcrumb":{"@id":"https:\/\/mypalmleaf.com\/affiliates-program\/#breadcrumb"},"inLanguage":"de","potentialAction":[{"@type":"ReadAction","target":["https:\/\/mypalmleaf.com\/affiliates-program\/"]}]},{"@type":"BreadcrumbList","@id":"https:\/\/mypalmleaf.com\/affiliates-program\/#breadcrumb","itemListElement":[{"@type":"ListItem","position":1,"name":"Home","item":"https:\/\/mypalmleaf.com\/de\/"},{"@type":"ListItem","position":2,"name":"Partnerprogramm"}]},{"@type":"WebSite","@id":"https:\/\/mypalmleaf.com\/#website","url":"https:\/\/mypalmleaf.com\/","name":"My Palm Leaf","description":"","potentialAction":[{"@type":"SearchAction","target":{"@type":"EntryPoint","urlTemplate":"https:\/\/mypalmleaf.com\/?s={search_term_string}"},"query-input":{"@type":"PropertyValueSpecification","valueRequired":true,"valueName":"search_term_string"}}],"inLanguage":"de"}]}},"_links":{"self":[{"href":"https:\/\/mypalmleaf.com\/de\/wp-json\/wp\/v2\/pages\/7646","targetHints":{"allow":["GET"]}}],"collection":[{"href":"https:\/\/mypalmleaf.com\/de\/wp-json\/wp\/v2\/pages"}],"about":[{"href":"https:\/\/mypalmleaf.com\/de\/wp-json\/wp\/v2\/types\/page"}],"author":[{"embeddable":true,"href":"https:\/\/mypalmleaf.com\/de\/wp-json\/wp\/v2\/users\/1"}],"replies":[{"embeddable":true,"href":"https:\/\/mypalmleaf.com\/de\/wp-json\/wp\/v2\/comments?post=7646"}],"version-history":[{"count":0,"href":"https:\/\/mypalmleaf.com\/de\/wp-json\/wp\/v2\/pages\/7646\/revisions"}],"wp:attachment":[{"href":"https:\/\/mypalmleaf.com\/de\/wp-json\/wp\/v2\/media?parent=7646"}],"curies":[{"name":"wp","href":"https:\/\/api.w.org\/{rel}","templated":true}]}}